{"id":8086,"date":"2018-08-23T11:08:53","date_gmt":"2018-08-23T11:08:53","guid":{"rendered":"https:\/\/manufacturer.stylemixthemes.com\/?post_type=product&#038;p=915"},"modified":"2026-04-13T09:04:50","modified_gmt":"2026-04-13T09:04:50","slug":"multiple-colors-7kw-11kw-ocpp-1-6j-2-0-1-wifi-bluetooth-mini-smart-ev-charger","status":"publish","type":"product","link":"https:\/\/www.iocharger.com\/sv\/multiple-colors-7kw-11kw-ocpp-1-6j-2-0-1-wifi-bluetooth-mini-smart-ev-charger\/","title":{"rendered":"Flera f\u00e4rger 7 kW 11 kW 22 kW OCPP 1.6J &amp; 2.0.1-kompatibel WiFi &amp; Bluetooth Mini Smart EV-laddare"},"content":{"rendered":"<div data-elementor-type=\"product-post\" data-elementor-id=\"8086\" class=\"elementor elementor-8086\" data-elementor-post-type=\"product\">\n\t\t\t\t\t\t<section class=\"elementor-section elementor-top-section elementor-element elementor-element-6639304 elementor-section-boxed elementor-section-height-default elementor-section-height-default\" data-id=\"6639304\" data-element_type=\"section\">\n\t\t\t\t\t\t<div class=\"elementor-container elementor-column-gap-default\">\n\t\t\t\t\t<div class=\"elementor-column elementor-col-100 elementor-top-column elementor-element elementor-element-5f1f713\" data-id=\"5f1f713\" data-element_type=\"column\">\n\t\t\t<div class=\"elementor-widget-wrap elementor-element-populated\">\n\t\t\t\t\t\t<div class=\"elementor-element elementor-element-a5f342e elementor-widget elementor-widget-text-editor\" data-id=\"a5f342e\" data-element_type=\"widget\" data-widget_type=\"text-editor.default\">\n\t\t\t\t\t\t\t\t\t<p>IOCAH30 \u00e4r ett perfekt val f\u00f6r laddning i hemmet med en kompakt design som \u00e4nd\u00e5 \u00e4r kraftfull och smart. IOC Lite-appen har flera funktioner f\u00f6r att hantera laddningsscheman, lastbalansering och energik\u00e4llor fr\u00e5n sol och batteri.<\/p>\t\t\t\t\t\t\t\t<\/div>\n\t\t\t\t\t<\/div>\n\t\t<\/div>\n\t\t\t\t\t<\/div>\n\t\t<\/section>\n\t\t\t\t<section class=\"elementor-section elementor-top-section elementor-element elementor-element-11bb985 elementor-section-boxed elementor-section-height-default elementor-section-height-default\" data-id=\"11bb985\" data-element_type=\"section\">\n\t\t\t\t\t\t<div class=\"elementor-container elementor-column-gap-default\">\n\t\t\t\t\t<div class=\"elementor-column elementor-col-100 elementor-top-column elementor-element elementor-element-2f86f07\" data-id=\"2f86f07\" data-element_type=\"column\">\n\t\t\t<div class=\"elementor-widget-wrap elementor-element-populated\">\n\t\t\t\t\t\t<div data-over-color=\"\" data-over=\"overlay\" class=\"elementor-element elementor-element-cdd8ca8 elementor-widget elementor-widget-video\" data-id=\"cdd8ca8\" data-element_type=\"widget\" data-settings=\"{&quot;youtube_url&quot;:&quot;https:\\\/\\\/www.youtube.com\\\/watch?v=tlqUfYBMiWM&quot;,&quot;video_type&quot;:&quot;youtube&quot;,&quot;controls&quot;:&quot;yes&quot;}\" data-widget_type=\"video.default\">\n\t\t\t\t\t\t\t<div class=\"elementor-wrapper elementor-open-inline\">\n\t\t\t<div class=\"elementor-video\"><\/div>\t\t<\/div>\n\t\t\t\t\t\t<\/div>\n\t\t\t\t\t<\/div>\n\t\t<\/div>\n\t\t\t\t\t<\/div>\n\t\t<\/section>\n\t\t\t\t<section class=\"elementor-section elementor-top-section elementor-element elementor-element-b90d0d8 elementor-section-boxed elementor-section-height-default elementor-section-height-default\" data-id=\"b90d0d8\" data-element_type=\"section\">\n\t\t\t\t\t\t<div class=\"elementor-container elementor-column-gap-default\">\n\t\t\t\t\t<div class=\"elementor-column elementor-col-50 elementor-top-column elementor-element elementor-element-6395630\" data-id=\"6395630\" data-element_type=\"column\">\n\t\t\t<div class=\"elementor-widget-wrap elementor-element-populated\">\n\t\t\t\t\t\t<div class=\"elementor-element elementor-element-e1ea75e elementor-widget elementor-widget-text-editor\" data-id=\"e1ea75e\" data-element_type=\"widget\" data-widget_type=\"text-editor.default\">\n\t\t\t\t\t\t\t\t\t<p><strong>Huvudsakliga egenskaper:<\/strong><\/p><ul><li>Kompatibel med alla elbilar och eln\u00e4t<\/li><li>Enfas 32 A 7 kW och trefas 16 A 11 kW \/ 32 A 22 kW tillg\u00e4ngliga<\/li><li>Str\u00f6mlinjeformad design, enkelt och elegant utseende<\/li><li>Ethernet, Wi-Fi, Bluetooth-anslutning<\/li><li>Flexibel utg\u00e5ngsstr\u00f6m-\/effektkonfiguration<\/li><li>Anpassningsbar andningsbelysning efter \u00f6nskem\u00e5l<\/li><li>St\u00f6d f\u00f6r smart dynamisk lastbalansering<\/li><li>Anv\u00e4ndarautentisering via mobilapp<\/li><li>Webbportal f\u00f6r drifts\u00e4ttning av multifunktionell laddare<\/li><li>Fj\u00e4rrstyrning och \u00f6vervakning<\/li><li>AC 30 mA och DC 6 mA str\u00f6ml\u00e4ckageskydd IEC62955- och IEC61008-certifierad<\/li><\/ul>\t\t\t\t\t\t\t\t<\/div>\n\t\t\t\t\t<\/div>\n\t\t<\/div>\n\t\t\t\t<div class=\"elementor-column elementor-col-50 elementor-top-column elementor-element elementor-element-8c15f61\" data-id=\"8c15f61\" data-element_type=\"column\">\n\t\t\t<div class=\"elementor-widget-wrap elementor-element-populated\">\n\t\t\t\t\t\t<div class=\"elementor-element elementor-element-af799a9 elementor-widget elementor-widget-image\" data-id=\"af799a9\" data-element_type=\"widget\" data-widget_type=\"image.default\">\n\t\t\t\t\t\t\t\t\t\t\t\t\t\t\t<img fetchpriority=\"high\" decoding=\"async\" width=\"750\" height=\"750\" src=\"https:\/\/www.iocharger.com\/wp-content\/uploads\/2018\/08\/Bluetooth-Mini-Smart-EV-Charger-4-1-1.png\" class=\"attachment-full size-full wp-image-6062\" alt=\"\" srcset=\"https:\/\/www.iocharger.com\/wp-content\/uploads\/2018\/08\/Bluetooth-Mini-Smart-EV-Charger-4-1-1.png 750w, https:\/\/www.iocharger.com\/wp-content\/uploads\/2018\/08\/Bluetooth-Mini-Smart-EV-Charger-4-1-1-150x150.png 150w, https:\/\/www.iocharger.com\/wp-content\/uploads\/2018\/08\/Bluetooth-Mini-Smart-EV-Charger-4-1-1-660x660.png 660w, https:\/\/www.iocharger.com\/wp-content\/uploads\/2018\/08\/Bluetooth-Mini-Smart-EV-Charger-4-1-1-300x300.png 300w, https:\/\/www.iocharger.com\/wp-content\/uploads\/2018\/08\/Bluetooth-Mini-Smart-EV-Charger-4-1-1-285x285.png 285w, https:\/\/www.iocharger.com\/wp-content\/uploads\/2018\/08\/Bluetooth-Mini-Smart-EV-Charger-4-1-1-270x270.png 270w, https:\/\/www.iocharger.com\/wp-content\/uploads\/2018\/08\/Bluetooth-Mini-Smart-EV-Charger-4-1-1-540x540.png 540w\" sizes=\"(max-width: 750px) 100vw, 750px\" \/>\t\t\t\t\t\t\t\t\t\t\t\t\t\t\t<\/div>\n\t\t\t\t\t<\/div>\n\t\t<\/div>\n\t\t\t\t\t<\/div>\n\t\t<\/section>\n\t\t\t\t<section class=\"elementor-section elementor-top-section elementor-element elementor-element-3974d9d elementor-section-boxed elementor-section-height-default elementor-section-height-default\" data-id=\"3974d9d\" data-element_type=\"section\">\n\t\t\t\t\t\t<div class=\"elementor-container elementor-column-gap-default\">\n\t\t\t\t\t<div class=\"elementor-column elementor-col-50 elementor-top-column elementor-element elementor-element-5a154eb\" data-id=\"5a154eb\" data-element_type=\"column\">\n\t\t\t<div class=\"elementor-widget-wrap elementor-element-populated\">\n\t\t\t\t\t\t<div class=\"elementor-element elementor-element-16fa3ae elementor-widget elementor-widget-image\" data-id=\"16fa3ae\" data-element_type=\"widget\" data-widget_type=\"image.default\">\n\t\t\t\t\t\t\t\t\t\t\t\t\t\t\t<img decoding=\"async\" width=\"750\" height=\"750\" src=\"https:\/\/www.iocharger.com\/wp-content\/uploads\/2018\/08\/Bluetooth-Mini-Smart-EV-Charger-3-2-1.png\" class=\"attachment-full size-full wp-image-5620\" alt=\"\" srcset=\"https:\/\/www.iocharger.com\/wp-content\/uploads\/2018\/08\/Bluetooth-Mini-Smart-EV-Charger-3-2-1.png 750w, https:\/\/www.iocharger.com\/wp-content\/uploads\/2018\/08\/Bluetooth-Mini-Smart-EV-Charger-3-2-1-150x150.png 150w, https:\/\/www.iocharger.com\/wp-content\/uploads\/2018\/08\/Bluetooth-Mini-Smart-EV-Charger-3-2-1-660x660.png 660w, https:\/\/www.iocharger.com\/wp-content\/uploads\/2018\/08\/Bluetooth-Mini-Smart-EV-Charger-3-2-1-300x300.png 300w, https:\/\/www.iocharger.com\/wp-content\/uploads\/2018\/08\/Bluetooth-Mini-Smart-EV-Charger-3-2-1-285x285.png 285w, https:\/\/www.iocharger.com\/wp-content\/uploads\/2018\/08\/Bluetooth-Mini-Smart-EV-Charger-3-2-1-270x270.png 270w, https:\/\/www.iocharger.com\/wp-content\/uploads\/2018\/08\/Bluetooth-Mini-Smart-EV-Charger-3-2-1-540x540.png 540w\" sizes=\"(max-width: 750px) 100vw, 750px\" \/>\t\t\t\t\t\t\t\t\t\t\t\t\t\t\t<\/div>\n\t\t\t\t\t<\/div>\n\t\t<\/div>\n\t\t\t\t<div class=\"elementor-column elementor-col-50 elementor-top-column elementor-element elementor-element-00be5ed\" data-id=\"00be5ed\" data-element_type=\"column\">\n\t\t\t<div class=\"elementor-widget-wrap elementor-element-populated\">\n\t\t\t\t\t\t<div class=\"elementor-element elementor-element-d48f8be elementor-widget elementor-widget-text-editor\" data-id=\"d48f8be\" data-element_type=\"widget\" data-widget_type=\"text-editor.default\">\n\t\t\t\t\t\t\t\t\t<p><strong>Bluetooth-teknik<\/strong><\/p><p>IOCAH30 har integrerat v\u00e5r senaste Bluetooth-teknik f\u00f6r att maximera anv\u00e4ndarupplevelsen i utmanande milj\u00f6er som underjordiska parkeringshus, i flerbostadshus och kontor. V\u00e5r mobilapp fungerar smidigt med eller utan n\u00e4tverksanslutning.<\/p><p>Anv\u00e4ndarna kan starta, stoppa och hantera laddaren via en internet-\/Bluetooth-anslutning, och data synkroniseras mellan telefonen och backend-systemet s\u00e5 snart telefonen har t\u00e4ckning.<\/p>\t\t\t\t\t\t\t\t<\/div>\n\t\t\t\t\t<\/div>\n\t\t<\/div>\n\t\t\t\t\t<\/div>\n\t\t<\/section>\n\t\t\t\t<section class=\"elementor-section elementor-top-section elementor-element elementor-element-4a301d0 elementor-section-boxed elementor-section-height-default elementor-section-height-default\" data-id=\"4a301d0\" data-element_type=\"section\">\n\t\t\t\t\t\t<div class=\"elementor-container elementor-column-gap-default\">\n\t\t\t\t\t<div class=\"elementor-column elementor-col-50 elementor-top-column elementor-element elementor-element-3fcd2ad\" data-id=\"3fcd2ad\" data-element_type=\"column\">\n\t\t\t<div class=\"elementor-widget-wrap elementor-element-populated\">\n\t\t\t\t\t\t<div class=\"elementor-element elementor-element-006d184 elementor-widget elementor-widget-text-editor\" data-id=\"006d184\" data-element_type=\"widget\" data-widget_type=\"text-editor.default\">\n\t\t\t\t\t\t\t\t\t<p><strong>Dynamisk lastbalansering<\/strong><\/p><p>CT-kl\u00e4mman kan anslutas direkt till IOCAH30 mini smart AC-laddare f\u00f6r str\u00f6m\u00f6vervakning av andra hush\u00e5llsapparater, utan extra enhet. Laddningsstr\u00f6mmen justeras automatiskt enligt realtidsstr\u00f6mv\u00e4rden. Det kan f\u00f6rhindra \u00f6verbelastning i v\u00e5rt hem med installation av en eller flera laddare, antingen online eller offline.<\/p>\t\t\t\t\t\t\t\t<\/div>\n\t\t\t\t\t<\/div>\n\t\t<\/div>\n\t\t\t\t<div class=\"elementor-column elementor-col-50 elementor-top-column elementor-element elementor-element-2fdcde3\" data-id=\"2fdcde3\" data-element_type=\"column\">\n\t\t\t<div class=\"elementor-widget-wrap elementor-element-populated\">\n\t\t\t\t\t\t<div class=\"elementor-element elementor-element-c0adc7c elementor-widget elementor-widget-image\" data-id=\"c0adc7c\" data-element_type=\"widget\" data-widget_type=\"image.default\">\n\t\t\t\t\t\t\t\t\t\t\t\t\t\t\t<img decoding=\"async\" width=\"750\" height=\"750\" src=\"https:\/\/www.iocharger.com\/wp-content\/uploads\/2018\/08\/smart-ev-charger-home.png\" class=\"attachment-full size-full wp-image-9307\" alt=\"smart ev-laddare f\u00f6r hemmet\" srcset=\"https:\/\/www.iocharger.com\/wp-content\/uploads\/2018\/08\/smart-ev-charger-home.png 750w, https:\/\/www.iocharger.com\/wp-content\/uploads\/2018\/08\/smart-ev-charger-home-300x300.png 300w, https:\/\/www.iocharger.com\/wp-content\/uploads\/2018\/08\/smart-ev-charger-home-150x150.png 150w, https:\/\/www.iocharger.com\/wp-content\/uploads\/2018\/08\/smart-ev-charger-home-12x12.png 12w, https:\/\/www.iocharger.com\/wp-content\/uploads\/2018\/08\/smart-ev-charger-home-285x285.png 285w, https:\/\/www.iocharger.com\/wp-content\/uploads\/2018\/08\/smart-ev-charger-home-270x270.png 270w, https:\/\/www.iocharger.com\/wp-content\/uploads\/2018\/08\/smart-ev-charger-home-540x540.png 540w, https:\/\/www.iocharger.com\/wp-content\/uploads\/2018\/08\/smart-ev-charger-home-660x660.png 660w\" sizes=\"(max-width: 750px) 100vw, 750px\" \/>\t\t\t\t\t\t\t\t\t\t\t\t\t\t\t<\/div>\n\t\t\t\t\t<\/div>\n\t\t<\/div>\n\t\t\t\t\t<\/div>\n\t\t<\/section>\n\t\t\t\t<section class=\"elementor-section elementor-top-section elementor-element elementor-element-9e0cb8f elementor-section-boxed elementor-section-height-default elementor-section-height-default\" data-id=\"9e0cb8f\" data-element_type=\"section\">\n\t\t\t\t\t\t<div class=\"elementor-container elementor-column-gap-default\">\n\t\t\t\t\t<div class=\"elementor-column elementor-col-50 elementor-top-column elementor-element elementor-element-14b1d93\" data-id=\"14b1d93\" data-element_type=\"column\">\n\t\t\t<div class=\"elementor-widget-wrap elementor-element-populated\">\n\t\t\t\t\t\t<div class=\"elementor-element elementor-element-4a582a7 elementor-widget elementor-widget-image\" data-id=\"4a582a7\" data-element_type=\"widget\" data-widget_type=\"image.default\">\n\t\t\t\t\t\t\t\t\t\t\t\t\t\t\t<img loading=\"lazy\" decoding=\"async\" width=\"750\" height=\"750\" src=\"https:\/\/www.iocharger.com\/wp-content\/uploads\/2018\/08\/Bluetooth-Mini-Smart-EV-Charger-5-1.png\" class=\"attachment-full size-full wp-image-3301\" alt=\"\" srcset=\"https:\/\/www.iocharger.com\/wp-content\/uploads\/2018\/08\/Bluetooth-Mini-Smart-EV-Charger-5-1.png 750w, https:\/\/www.iocharger.com\/wp-content\/uploads\/2018\/08\/Bluetooth-Mini-Smart-EV-Charger-5-1-150x150.png 150w, https:\/\/www.iocharger.com\/wp-content\/uploads\/2018\/08\/Bluetooth-Mini-Smart-EV-Charger-5-1-660x660.png 660w, https:\/\/www.iocharger.com\/wp-content\/uploads\/2018\/08\/Bluetooth-Mini-Smart-EV-Charger-5-1-300x300.png 300w, https:\/\/www.iocharger.com\/wp-content\/uploads\/2018\/08\/Bluetooth-Mini-Smart-EV-Charger-5-1-285x285.png 285w, https:\/\/www.iocharger.com\/wp-content\/uploads\/2018\/08\/Bluetooth-Mini-Smart-EV-Charger-5-1-270x270.png 270w, https:\/\/www.iocharger.com\/wp-content\/uploads\/2018\/08\/Bluetooth-Mini-Smart-EV-Charger-5-1-540x540.png 540w\" sizes=\"(max-width: 750px) 100vw, 750px\" \/>\t\t\t\t\t\t\t\t\t\t\t\t\t\t\t<\/div>\n\t\t\t\t\t<\/div>\n\t\t<\/div>\n\t\t\t\t<div class=\"elementor-column elementor-col-50 elementor-top-column elementor-element elementor-element-4b81cef\" data-id=\"4b81cef\" data-element_type=\"column\">\n\t\t\t<div class=\"elementor-widget-wrap elementor-element-populated\">\n\t\t\t\t\t\t<div class=\"elementor-element elementor-element-1aa520f elementor-widget elementor-widget-text-editor\" data-id=\"1aa520f\" data-element_type=\"widget\" data-widget_type=\"text-editor.default\">\n\t\t\t\t\t\t\t\t\t<p><strong>OCPP 1.6J och 2.0.1<\/strong><\/p><p>Som medlem i OCA (OCPP) och OCPI \u00e4r v\u00e5ra EV-laddare alltid integrerade med den senaste OCPP-tekniken, inklusive OCPP 1.6J och OCPP 2.0.1. Med mer \u00e4n 8 \u00e5rs erfarenhet av OCPP \u00e4r v\u00e5ra laddare certifierade av stora OCPP-plattformar och CPO:er.<\/p>\t\t\t\t\t\t\t\t<\/div>\n\t\t\t\t\t<\/div>\n\t\t<\/div>\n\t\t\t\t\t<\/div>\n\t\t<\/section>\n\t\t\t\t<section class=\"elementor-section elementor-top-section elementor-element elementor-element-e33e461 elementor-section-boxed elementor-section-height-default elementor-section-height-default\" data-id=\"e33e461\" data-element_type=\"section\">\n\t\t\t\t\t\t<div class=\"elementor-container elementor-column-gap-default\">\n\t\t\t\t\t<div class=\"elementor-column elementor-col-50 elementor-top-column elementor-element elementor-element-848c462\" data-id=\"848c462\" data-element_type=\"column\">\n\t\t\t<div class=\"elementor-widget-wrap elementor-element-populated\">\n\t\t\t\t\t\t<div class=\"elementor-element elementor-element-1c74ada elementor-widget elementor-widget-text-editor\" data-id=\"1c74ada\" data-element_type=\"widget\" data-widget_type=\"text-editor.default\">\n\t\t\t\t\t\t\t\t\t<p><strong>Optimera energianv\u00e4ndningen<\/strong><\/p><p>Helt kompatibel med solcellsinstallationer och batterilagringssystem. Anslut IOCAH30 till IOC Lite Mobile App f\u00f6r att uppleva l\u00e4gena Fast, ECO och ECO+ som minimerar laddningskostnaden, \u00f6vervakar och utnyttjar olika energik\u00e4llor fr\u00e5n eln\u00e4tet, solceller och hembatterier.<\/p>\t\t\t\t\t\t\t\t<\/div>\n\t\t\t\t\t<\/div>\n\t\t<\/div>\n\t\t\t\t<div class=\"elementor-column elementor-col-50 elementor-top-column elementor-element elementor-element-ab193bc\" data-id=\"ab193bc\" data-element_type=\"column\">\n\t\t\t<div class=\"elementor-widget-wrap elementor-element-populated\">\n\t\t\t\t\t\t<div class=\"elementor-element elementor-element-d294799 elementor-widget elementor-widget-image\" data-id=\"d294799\" data-element_type=\"widget\" data-widget_type=\"image.default\">\n\t\t\t\t\t\t\t\t\t\t\t\t\t\t\t<img loading=\"lazy\" decoding=\"async\" width=\"750\" height=\"750\" src=\"https:\/\/www.iocharger.com\/wp-content\/uploads\/2018\/08\/Bluetooth-Mini-Smart-EV-Charger-4-2.png\" class=\"attachment-full size-full wp-image-3300\" alt=\"\" srcset=\"https:\/\/www.iocharger.com\/wp-content\/uploads\/2018\/08\/Bluetooth-Mini-Smart-EV-Charger-4-2.png 750w, https:\/\/www.iocharger.com\/wp-content\/uploads\/2018\/08\/Bluetooth-Mini-Smart-EV-Charger-4-2-150x150.png 150w, https:\/\/www.iocharger.com\/wp-content\/uploads\/2018\/08\/Bluetooth-Mini-Smart-EV-Charger-4-2-660x660.png 660w, https:\/\/www.iocharger.com\/wp-content\/uploads\/2018\/08\/Bluetooth-Mini-Smart-EV-Charger-4-2-300x300.png 300w, https:\/\/www.iocharger.com\/wp-content\/uploads\/2018\/08\/Bluetooth-Mini-Smart-EV-Charger-4-2-285x285.png 285w, https:\/\/www.iocharger.com\/wp-content\/uploads\/2018\/08\/Bluetooth-Mini-Smart-EV-Charger-4-2-270x270.png 270w, https:\/\/www.iocharger.com\/wp-content\/uploads\/2018\/08\/Bluetooth-Mini-Smart-EV-Charger-4-2-540x540.png 540w\" sizes=\"(max-width: 750px) 100vw, 750px\" \/>\t\t\t\t\t\t\t\t\t\t\t\t\t\t\t<\/div>\n\t\t\t\t\t<\/div>\n\t\t<\/div>\n\t\t\t\t\t<\/div>\n\t\t<\/section>\n\t\t\t\t<\/div>","protected":false},"excerpt":{"rendered":"<p>Den minsta och mest eleganta EV-laddaren f\u00f6r hemladdning, dynamisk kraftf\u00f6rdelning f\u00f6r att s\u00e4kerst\u00e4lla ett s\u00e4kert och effektivt n\u00e4tverk f\u00f6r EV-laddare, solenergi, eln\u00e4tssystem och energilagringssystem.<\/p>\n<ul class=\"clearfix\">\n<li>Ing\u00e5ngsv\u00e4rde: 1-fas 230V\u00b120% ; 3-fas 400V\u00b120%<\/li>\n<li>Effekt: 1-fas 7 kW 32 A; 3-fas 11 kW 16 A; 3-fas 22 kW 32 A<\/li>\n<li>Intern jordfelsbrytare: AC 30 mA och DC 6 mA IEC62955- och IEC61008-certifierad<\/li>\n<li>N\u00e4tverksgr\u00e4nssnitt: Ethernet\/WiFi\/Bluetooth smart internetanslutning<\/li>\n<li>OCPP: Fullt st\u00f6d f\u00f6r OCPP 1.6J\/ OCPP 2.0.1<\/li>\n<li>ISO15118 Plug &amp; Charge: Uppgraderingsbar<\/li>\n<li>Ing\u00e5ngsskydd: IP55<\/li>\n<li>Transportm\u00e5tt: 398 x 285 x 176 mm; 398 x 285 x 226 mm<\/li>\n<li>Laddningsgr\u00e4nssnitt: SAE J1772 &amp; typ 2-kabel\/typ 2-uttag<\/li>\n<li>Monteringstyp: V\u00e4gg eller golv( piedestal levereras separat)<\/li>\n<\/ul>","protected":false},"featured_media":3898,"template":"","meta":{"_acf_changed":false},"product_brand":[],"product_cat":[56],"product_tag":[55,378,57,58],"class_list":{"0":"post-8086","1":"product","2":"type-product","3":"status-publish","4":"has-post-thumbnail","6":"product_cat-home-ev-charger","7":"product_tag-7kw-11kw-ocpp-fast-home-ev-charger","8":"product_tag-home-ev-charger-solutions","9":"product_tag-tuya-mobile-app-integrated","10":"product_tag-wifi-bluetooth-ev-charging-station","12":"first","13":"instock","14":"shipping-taxable","15":"product-type-simple"},"acf":[],"_links":{"self":[{"href":"https:\/\/www.iocharger.com\/sv\/wp-json\/wp\/v2\/product\/8086","targetHints":{"allow":["GET"]}}],"collection":[{"href":"https:\/\/www.iocharger.com\/sv\/wp-json\/wp\/v2\/product"}],"about":[{"href":"https:\/\/www.iocharger.com\/sv\/wp-json\/wp\/v2\/types\/product"}],"version-history":[{"count":2,"href":"https:\/\/www.iocharger.com\/sv\/wp-json\/wp\/v2\/product\/8086\/revisions"}],"predecessor-version":[{"id":9817,"href":"https:\/\/www.iocharger.com\/sv\/wp-json\/wp\/v2\/product\/8086\/revisions\/9817"}],"wp:featuredmedia":[{"embeddable":true,"href":"https:\/\/www.iocharger.com\/sv\/wp-json\/wp\/v2\/media\/3898"}],"wp:attachment":[{"href":"https:\/\/www.iocharger.com\/sv\/wp-json\/wp\/v2\/media?parent=8086"}],"wp:term":[{"taxonomy":"product_brand","embeddable":true,"href":"https:\/\/www.iocharger.com\/sv\/wp-json\/wp\/v2\/product_brand?post=8086"},{"taxonomy":"product_cat","embeddable":true,"href":"https:\/\/www.iocharger.com\/sv\/wp-json\/wp\/v2\/product_cat?post=8086"},{"taxonomy":"product_tag","embeddable":true,"href":"https:\/\/www.iocharger.com\/sv\/wp-json\/wp\/v2\/product_tag?post=8086"}],"curies":[{"name":"wp","href":"https:\/\/api.w.org\/{rel}","templated":true}]}}