{"id":7677,"date":"2024-04-27T15:35:07","date_gmt":"2024-04-27T15:35:07","guid":{"rendered":"https:\/\/www.iocharger.com\/?post_type=product&#038;p=7677"},"modified":"2026-03-31T02:39:14","modified_gmt":"2026-03-31T02:39:14","slug":"movable-ev-charger-30kw-40kw-dc-fast-charger","status":"publish","type":"product","link":"https:\/\/www.iocharger.com\/sv\/movable-ev-charger-30kw-40kw-dc-fast-charger\/","title":{"rendered":"Flyttbar EV-laddare 30 kW 40 kW DC-snabbladdare"},"content":{"rendered":"<div data-elementor-type=\"product-post\" data-elementor-id=\"7677\" class=\"elementor elementor-7677\" data-elementor-post-type=\"product\">\n\t\t\t\t\t\t<section class=\"elementor-section elementor-top-section elementor-element elementor-element-83d7d0f elementor-section-boxed elementor-section-height-default elementor-section-height-default\" data-id=\"83d7d0f\" data-element_type=\"section\">\n\t\t\t\t\t\t<div class=\"elementor-container elementor-column-gap-default\">\n\t\t\t\t\t<div class=\"elementor-column elementor-col-50 elementor-top-column elementor-element elementor-element-7285334\" data-id=\"7285334\" data-element_type=\"column\">\n\t\t\t<div class=\"elementor-widget-wrap elementor-element-populated\">\n\t\t\t\t\t\t<div class=\"elementor-element elementor-element-7deac97 elementor-widget elementor-widget-text-editor\" data-id=\"7deac97\" data-element_type=\"widget\" data-widget_type=\"text-editor.default\">\n\t\t\t\t\t\t\t\t\t<p><strong>Huvudsakliga egenskaper:<\/strong><\/p><ul><li>30 kW- och 40 kW-versioner tillg\u00e4ngliga<\/li><li>CCS 1\/ CCS 2\/ CHAdeMO\/ GB-T laddningskontakt<\/li><li>Plug&amp;Play-laddning<\/li><li>St\u00f6d f\u00f6r ISO15118 Plug&amp;Charge<\/li><li>Inbyggd RFID-kortl\u00e4sare f\u00f6r anv\u00e4ndarautentisering<\/li><li>7-tums LCD-peksk\u00e4rm och anv\u00e4ndarv\u00e4nligt gr\u00e4nssnitt som \u00e4r l\u00e4tt att anv\u00e4nda<\/li><li>Fullt st\u00f6d f\u00f6r OCPP 1.6J- och OCPP 2.0.1-profiler<\/li><li>Har ett oberoende luftkylningsmodul<\/li><li>POS-betalning integrerad<\/li><li>Dynamisk lastbalansering<\/li><li>Milj\u00f6v\u00e4nlig med solenergi och batteri<\/li><\/ul>\t\t\t\t\t\t\t\t<\/div>\n\t\t\t\t\t<\/div>\n\t\t<\/div>\n\t\t\t\t<div class=\"elementor-column elementor-col-50 elementor-top-column elementor-element elementor-element-5e05a1e\" data-id=\"5e05a1e\" data-element_type=\"column\">\n\t\t\t<div class=\"elementor-widget-wrap elementor-element-populated\">\n\t\t\t\t\t\t<div class=\"elementor-element elementor-element-07a83f2 elementor-widget elementor-widget-image\" data-id=\"07a83f2\" data-element_type=\"widget\" data-widget_type=\"image.default\">\n\t\t\t\t\t\t\t\t\t\t\t\t\t\t\t<img fetchpriority=\"high\" decoding=\"async\" width=\"1000\" height=\"1000\" src=\"https:\/\/www.iocharger.com\/wp-content\/uploads\/2025\/08\/mobile-ev-charger-features-1.png\" class=\"attachment-full size-full wp-image-7698\" alt=\"funktioner hos mobila laddare f\u00f6r elbilar\" srcset=\"https:\/\/www.iocharger.com\/wp-content\/uploads\/2025\/08\/mobile-ev-charger-features-1.png 1000w, https:\/\/www.iocharger.com\/wp-content\/uploads\/2025\/08\/mobile-ev-charger-features-1-150x150.png 150w, https:\/\/www.iocharger.com\/wp-content\/uploads\/2025\/08\/mobile-ev-charger-features-1-660x660.png 660w, https:\/\/www.iocharger.com\/wp-content\/uploads\/2025\/08\/mobile-ev-charger-features-1-300x300.png 300w, https:\/\/www.iocharger.com\/wp-content\/uploads\/2025\/08\/mobile-ev-charger-features-1-768x768.png 768w, https:\/\/www.iocharger.com\/wp-content\/uploads\/2025\/08\/mobile-ev-charger-features-1-285x285.png 285w, https:\/\/www.iocharger.com\/wp-content\/uploads\/2025\/08\/mobile-ev-charger-features-1-270x270.png 270w, https:\/\/www.iocharger.com\/wp-content\/uploads\/2025\/08\/mobile-ev-charger-features-1-540x540.png 540w\" sizes=\"(max-width: 1000px) 100vw, 1000px\" \/>\t\t\t\t\t\t\t\t\t\t\t\t\t\t\t<\/div>\n\t\t\t\t\t<\/div>\n\t\t<\/div>\n\t\t\t\t\t<\/div>\n\t\t<\/section>\n\t\t\t\t<section class=\"elementor-section elementor-top-section elementor-element elementor-element-c44a971 elementor-section-boxed elementor-section-height-default elementor-section-height-default\" data-id=\"c44a971\" data-element_type=\"section\">\n\t\t\t\t\t\t<div class=\"elementor-container elementor-column-gap-default\">\n\t\t\t\t\t<div class=\"elementor-column elementor-col-50 elementor-top-column elementor-element elementor-element-c2d86ee\" data-id=\"c2d86ee\" data-element_type=\"column\">\n\t\t\t<div class=\"elementor-widget-wrap elementor-element-populated\">\n\t\t\t\t\t\t<div class=\"elementor-element elementor-element-4bf0f15 elementor-widget elementor-widget-image\" data-id=\"4bf0f15\" data-element_type=\"widget\" data-widget_type=\"image.default\">\n\t\t\t\t\t\t\t\t\t\t\t\t\t\t\t<img decoding=\"async\" width=\"1000\" height=\"1000\" src=\"https:\/\/www.iocharger.com\/wp-content\/uploads\/2025\/08\/mobile-dc-fast-charger-1-1.png\" class=\"attachment-full size-full wp-image-7699\" alt=\"mobil laddare f\u00f6r elbilar\" srcset=\"https:\/\/www.iocharger.com\/wp-content\/uploads\/2025\/08\/mobile-dc-fast-charger-1-1.png 1000w, https:\/\/www.iocharger.com\/wp-content\/uploads\/2025\/08\/mobile-dc-fast-charger-1-1-150x150.png 150w, https:\/\/www.iocharger.com\/wp-content\/uploads\/2025\/08\/mobile-dc-fast-charger-1-1-660x660.png 660w, https:\/\/www.iocharger.com\/wp-content\/uploads\/2025\/08\/mobile-dc-fast-charger-1-1-300x300.png 300w, https:\/\/www.iocharger.com\/wp-content\/uploads\/2025\/08\/mobile-dc-fast-charger-1-1-768x768.png 768w, https:\/\/www.iocharger.com\/wp-content\/uploads\/2025\/08\/mobile-dc-fast-charger-1-1-285x285.png 285w, https:\/\/www.iocharger.com\/wp-content\/uploads\/2025\/08\/mobile-dc-fast-charger-1-1-270x270.png 270w, https:\/\/www.iocharger.com\/wp-content\/uploads\/2025\/08\/mobile-dc-fast-charger-1-1-540x540.png 540w\" sizes=\"(max-width: 1000px) 100vw, 1000px\" \/>\t\t\t\t\t\t\t\t\t\t\t\t\t\t\t<\/div>\n\t\t\t\t\t<\/div>\n\t\t<\/div>\n\t\t\t\t<div class=\"elementor-column elementor-col-50 elementor-top-column elementor-element elementor-element-b41e707\" data-id=\"b41e707\" data-element_type=\"column\">\n\t\t\t<div class=\"elementor-widget-wrap elementor-element-populated\">\n\t\t\t\t\t\t<div class=\"elementor-element elementor-element-366be1c elementor-widget elementor-widget-text-editor\" data-id=\"366be1c\" data-element_type=\"widget\" data-widget_type=\"text-editor.default\">\n\t\t\t\t\t\t\t\t\t<p><strong>Kraft i r\u00f6relse<\/strong><\/p><p>Denna flyttbara laddare \u00e4r utformad f\u00f6r maximal r\u00f6rlighet och har avtagbara hjul f\u00f6r enkel transport och snabb installation p\u00e5 flera platser. Den \u00e4r idealisk f\u00f6r fordonsparker, logistikcentraler och byggarbetsplatser och erbjuder flexibel laddning p\u00e5 beg\u00e4ran utan behov av permanent installation, vilket ger snabb drifts\u00e4ttning, kostnadseffektivitet och p\u00e5litlig prestanda d\u00e4r det beh\u00f6vs.<\/p>\t\t\t\t\t\t\t\t<\/div>\n\t\t\t\t\t<\/div>\n\t\t<\/div>\n\t\t\t\t\t<\/div>\n\t\t<\/section>\n\t\t\t\t<section class=\"elementor-section elementor-top-section elementor-element elementor-element-7479d51 elementor-section-boxed elementor-section-height-default elementor-section-height-default\" data-id=\"7479d51\" data-element_type=\"section\">\n\t\t\t\t\t\t<div class=\"elementor-container elementor-column-gap-default\">\n\t\t\t\t\t<div class=\"elementor-column elementor-col-50 elementor-top-column elementor-element elementor-element-01b3914\" data-id=\"01b3914\" data-element_type=\"column\">\n\t\t\t<div class=\"elementor-widget-wrap elementor-element-populated\">\n\t\t\t\t\t\t<div class=\"elementor-element elementor-element-19e9715 elementor-widget elementor-widget-text-editor\" data-id=\"19e9715\" data-element_type=\"widget\" data-widget_type=\"text-editor.default\">\n\t\t\t\t\t\t\t\t\t<p><strong>Plug &amp; Play-laddning<\/strong><\/p><p>Anslut bara ing\u00e5ngskablarna till ett standarduttag p\u00e5 63 A f\u00f6r att omedelbart b\u00f6rja ladda \u2013 ingen komplicerad konfiguration eller extra installation kr\u00e4vs. Denna \u00e4kta plug &amp; play-design minimerar installationstiden, vilket g\u00f6r den idealisk f\u00f6r tillf\u00e4lliga platser och snabba operationer.<\/p>\t\t\t\t\t\t\t\t<\/div>\n\t\t\t\t\t<\/div>\n\t\t<\/div>\n\t\t\t\t<div class=\"elementor-column elementor-col-50 elementor-top-column elementor-element elementor-element-46f16ee\" data-id=\"46f16ee\" data-element_type=\"column\">\n\t\t\t<div class=\"elementor-widget-wrap elementor-element-populated\">\n\t\t\t\t\t\t<div class=\"elementor-element elementor-element-c00efcf elementor-widget elementor-widget-image\" data-id=\"c00efcf\" data-element_type=\"widget\" data-widget_type=\"image.default\">\n\t\t\t\t\t\t\t\t\t\t\t\t\t\t\t<img decoding=\"async\" width=\"1000\" height=\"1000\" src=\"https:\/\/www.iocharger.com\/wp-content\/uploads\/2025\/08\/2-1-1.png\" class=\"attachment-full size-full wp-image-7700\" alt=\"\" srcset=\"https:\/\/www.iocharger.com\/wp-content\/uploads\/2025\/08\/2-1-1.png 1000w, https:\/\/www.iocharger.com\/wp-content\/uploads\/2025\/08\/2-1-1-150x150.png 150w, https:\/\/www.iocharger.com\/wp-content\/uploads\/2025\/08\/2-1-1-660x660.png 660w, https:\/\/www.iocharger.com\/wp-content\/uploads\/2025\/08\/2-1-1-300x300.png 300w, https:\/\/www.iocharger.com\/wp-content\/uploads\/2025\/08\/2-1-1-768x768.png 768w, https:\/\/www.iocharger.com\/wp-content\/uploads\/2025\/08\/2-1-1-285x285.png 285w, https:\/\/www.iocharger.com\/wp-content\/uploads\/2025\/08\/2-1-1-270x270.png 270w, https:\/\/www.iocharger.com\/wp-content\/uploads\/2025\/08\/2-1-1-540x540.png 540w\" sizes=\"(max-width: 1000px) 100vw, 1000px\" \/>\t\t\t\t\t\t\t\t\t\t\t\t\t\t\t<\/div>\n\t\t\t\t\t<\/div>\n\t\t<\/div>\n\t\t\t\t\t<\/div>\n\t\t<\/section>\n\t\t\t\t<section class=\"elementor-section elementor-top-section elementor-element elementor-element-9d6c3c7 elementor-section-boxed elementor-section-height-default elementor-section-height-default\" data-id=\"9d6c3c7\" data-element_type=\"section\">\n\t\t\t\t\t\t<div class=\"elementor-container elementor-column-gap-default\">\n\t\t\t\t\t<div class=\"elementor-column elementor-col-50 elementor-top-column elementor-element elementor-element-8c139e7\" data-id=\"8c139e7\" data-element_type=\"column\">\n\t\t\t<div class=\"elementor-widget-wrap elementor-element-populated\">\n\t\t\t\t\t\t<div class=\"elementor-element elementor-element-ccce38e elementor-widget elementor-widget-image\" data-id=\"ccce38e\" data-element_type=\"widget\" data-widget_type=\"image.default\">\n\t\t\t\t\t\t\t\t\t\t\t\t\t\t\t<img loading=\"lazy\" decoding=\"async\" width=\"1000\" height=\"1000\" src=\"https:\/\/www.iocharger.com\/wp-content\/uploads\/2025\/08\/4-1-1.png\" class=\"attachment-full size-full wp-image-7703\" alt=\"\" srcset=\"https:\/\/www.iocharger.com\/wp-content\/uploads\/2025\/08\/4-1-1.png 1000w, https:\/\/www.iocharger.com\/wp-content\/uploads\/2025\/08\/4-1-1-150x150.png 150w, https:\/\/www.iocharger.com\/wp-content\/uploads\/2025\/08\/4-1-1-660x660.png 660w, https:\/\/www.iocharger.com\/wp-content\/uploads\/2025\/08\/4-1-1-300x300.png 300w, https:\/\/www.iocharger.com\/wp-content\/uploads\/2025\/08\/4-1-1-768x768.png 768w, https:\/\/www.iocharger.com\/wp-content\/uploads\/2025\/08\/4-1-1-285x285.png 285w, https:\/\/www.iocharger.com\/wp-content\/uploads\/2025\/08\/4-1-1-270x270.png 270w, https:\/\/www.iocharger.com\/wp-content\/uploads\/2025\/08\/4-1-1-540x540.png 540w\" sizes=\"(max-width: 1000px) 100vw, 1000px\" \/>\t\t\t\t\t\t\t\t\t\t\t\t\t\t\t<\/div>\n\t\t\t\t\t<\/div>\n\t\t<\/div>\n\t\t\t\t<div class=\"elementor-column elementor-col-50 elementor-top-column elementor-element elementor-element-742b726\" data-id=\"742b726\" data-element_type=\"column\">\n\t\t\t<div class=\"elementor-widget-wrap elementor-element-populated\">\n\t\t\t\t\t\t<div class=\"elementor-element elementor-element-ca6a65b elementor-widget__width-initial elementor-widget elementor-widget-text-editor\" data-id=\"ca6a65b\" data-element_type=\"widget\" data-widget_type=\"text-editor.default\">\n\t\t\t\t\t\t\t\t\t<p><strong>Funktioner Oberoende luftkanalkylningsmodul<\/strong><\/p><p>En idealisk l\u00f6sning f\u00f6r p\u00e5litlig mobil laddning av bilar utomhus i tuffa milj\u00f6er, s\u00e5som byggarbetsplatser. Den har ett IP65-klassat oberoende kylmodul med luftkanal, st\u00f6der 300V-1000V konstant uteffekt och inkluderar flera s\u00e4kerhetsskydd. Separation mellan komponenter och luftfl\u00f6de minskar risken f\u00f6r fel, medan DSP-styrd fj\u00e4rr\u00f6vervakning, OTA-uppgraderingar och enkelt underh\u00e5ll s\u00e4kerst\u00e4ller stabil prestanda \u00e4ven under tung belastning.<\/p>\t\t\t\t\t\t\t\t<\/div>\n\t\t\t\t\t<\/div>\n\t\t<\/div>\n\t\t\t\t\t<\/div>\n\t\t<\/section>\n\t\t\t\t<section class=\"elementor-section elementor-top-section elementor-element elementor-element-f676a35 elementor-section-boxed elementor-section-height-default elementor-section-height-default\" data-id=\"f676a35\" data-element_type=\"section\">\n\t\t\t\t\t\t<div class=\"elementor-container elementor-column-gap-default\">\n\t\t\t\t\t<div class=\"elementor-column elementor-col-50 elementor-top-column elementor-element elementor-element-95c2c8f\" data-id=\"95c2c8f\" data-element_type=\"column\">\n\t\t\t<div class=\"elementor-widget-wrap elementor-element-populated\">\n\t\t\t\t\t\t<div class=\"elementor-element elementor-element-e722b97 elementor-widget elementor-widget-text-editor\" data-id=\"e722b97\" data-element_type=\"widget\" data-widget_type=\"text-editor.default\">\n\t\t\t\t\t\t\t\t\t<p><strong>Smart peksk\u00e4rm och str\u00f6mkontroll<\/strong><\/p><p>Iochargers mobila laddstation f\u00f6r elfordon \u00e4r utrustad med en 7-tums peksk\u00e4rm och ger tydliga statusuppdateringar i realtid f\u00f6r enkel \u00f6vervakning. Utg\u00e5ngseffektgr\u00e4nserna kan justeras direkt p\u00e5 sk\u00e4rmen, vilket ger ett enkelt och intuitivt gr\u00e4nssnitt som f\u00f6rb\u00e4ttrar kontrollen och effektiviteten.<\/p>\t\t\t\t\t\t\t\t<\/div>\n\t\t\t\t\t<\/div>\n\t\t<\/div>\n\t\t\t\t<div class=\"elementor-column elementor-col-50 elementor-top-column elementor-element elementor-element-7c15c6e\" data-id=\"7c15c6e\" data-element_type=\"column\">\n\t\t\t<div class=\"elementor-widget-wrap elementor-element-populated\">\n\t\t\t\t\t\t<div class=\"elementor-element elementor-element-fefd379 elementor-widget elementor-widget-image\" data-id=\"fefd379\" data-element_type=\"widget\" data-widget_type=\"image.default\">\n\t\t\t\t\t\t\t\t\t\t\t\t\t\t\t<img loading=\"lazy\" decoding=\"async\" width=\"1000\" height=\"1000\" src=\"https:\/\/www.iocharger.com\/wp-content\/uploads\/2025\/08\/mobile-ev-charging-unit-1.png\" class=\"attachment-full size-full wp-image-7702\" alt=\"\" srcset=\"https:\/\/www.iocharger.com\/wp-content\/uploads\/2025\/08\/mobile-ev-charging-unit-1.png 1000w, https:\/\/www.iocharger.com\/wp-content\/uploads\/2025\/08\/mobile-ev-charging-unit-1-150x150.png 150w, https:\/\/www.iocharger.com\/wp-content\/uploads\/2025\/08\/mobile-ev-charging-unit-1-660x660.png 660w, https:\/\/www.iocharger.com\/wp-content\/uploads\/2025\/08\/mobile-ev-charging-unit-1-300x300.png 300w, https:\/\/www.iocharger.com\/wp-content\/uploads\/2025\/08\/mobile-ev-charging-unit-1-768x768.png 768w, https:\/\/www.iocharger.com\/wp-content\/uploads\/2025\/08\/mobile-ev-charging-unit-1-285x285.png 285w, https:\/\/www.iocharger.com\/wp-content\/uploads\/2025\/08\/mobile-ev-charging-unit-1-270x270.png 270w, https:\/\/www.iocharger.com\/wp-content\/uploads\/2025\/08\/mobile-ev-charging-unit-1-540x540.png 540w\" sizes=\"(max-width: 1000px) 100vw, 1000px\" \/>\t\t\t\t\t\t\t\t\t\t\t\t\t\t\t<\/div>\n\t\t\t\t\t<\/div>\n\t\t<\/div>\n\t\t\t\t\t<\/div>\n\t\t<\/section>\n\t\t\t\t<\/div>","protected":false},"excerpt":{"rendered":"<p>Iocharger Movable DC Fast Charger \u00e4r utformad f\u00f6r snabb installation och utomhusbruk, vilket g\u00f6r den idealisk f\u00f6r fordonsflottor, byggarbetsplatser och evenemangsarenor. Den erbjuder flexibel, kraftfull laddning av elfordon med stabil uteffekt och robusta s\u00e4kerhetsfunktioner, vilket garanterar p\u00e5litlig prestanda d\u00e4r det beh\u00f6vs.<\/p>\n<ul>\n<li>Ing\u00e5ngsklassificering: 3-fas 400 V \u00b1 15% v\u00e4xelstr\u00f6m<\/li>\n<li>Maximal likstr\u00f6msuteffekt: 30 kW\/40 kW<\/li>\n<li>Utg\u00e5ngs-liksp\u00e4nningsomr\u00e5de: 100 V\u20131000 V DC<\/li>\n<li>Display: 7-tums peksk\u00e4rm LCD<\/li>\n<li>N\u00e4tverksgr\u00e4nssnitt: Ethernet\/4G smart internetanslutning<\/li>\n<li>OCPP: OCPP 1.6J\/ OCPP 2.0.1 fullst\u00e4ndigt st\u00f6d f\u00f6r profiler<\/li>\n<li>ISO15118 Plug &amp; Charge: Uppgraderingsbar<\/li>\n<li>Ing\u00e5ngsskydd: IP55<\/li>\n<li>Laddningsgr\u00e4nssnitt: CCS 1, CCS2, CHAdeMO, GB\/T<\/li>\n<li>M\u00e5tt: 984*451,6*842,4 mm<\/li>\n<\/ul>","protected":false},"featured_media":7692,"template":"","meta":{"_acf_changed":false},"product_brand":[],"product_cat":[79],"product_tag":[82,83,84],"class_list":{"0":"post-7677","1":"product","2":"type-product","3":"status-publish","4":"has-post-thumbnail","6":"product_cat-dc-fast-charger","7":"product_tag-120kw-public-fast-ev-charger","8":"product_tag-90kw-120kw-dc-fast-charger","9":"product_tag-ocpp-ev-dc-fast-charging-station","11":"first","12":"instock","13":"shipping-taxable","14":"product-type-simple"},"acf":[],"_links":{"self":[{"href":"https:\/\/www.iocharger.com\/sv\/wp-json\/wp\/v2\/product\/7677","targetHints":{"allow":["GET"]}}],"collection":[{"href":"https:\/\/www.iocharger.com\/sv\/wp-json\/wp\/v2\/product"}],"about":[{"href":"https:\/\/www.iocharger.com\/sv\/wp-json\/wp\/v2\/types\/product"}],"version-history":[{"count":1,"href":"https:\/\/www.iocharger.com\/sv\/wp-json\/wp\/v2\/product\/7677\/revisions"}],"predecessor-version":[{"id":9700,"href":"https:\/\/www.iocharger.com\/sv\/wp-json\/wp\/v2\/product\/7677\/revisions\/9700"}],"wp:featuredmedia":[{"embeddable":true,"href":"https:\/\/www.iocharger.com\/sv\/wp-json\/wp\/v2\/media\/7692"}],"wp:attachment":[{"href":"https:\/\/www.iocharger.com\/sv\/wp-json\/wp\/v2\/media?parent=7677"}],"wp:term":[{"taxonomy":"product_brand","embeddable":true,"href":"https:\/\/www.iocharger.com\/sv\/wp-json\/wp\/v2\/product_brand?post=7677"},{"taxonomy":"product_cat","embeddable":true,"href":"https:\/\/www.iocharger.com\/sv\/wp-json\/wp\/v2\/product_cat?post=7677"},{"taxonomy":"product_tag","embeddable":true,"href":"https:\/\/www.iocharger.com\/sv\/wp-json\/wp\/v2\/product_tag?post=7677"}],"curies":[{"name":"wp","href":"https:\/\/api.w.org\/{rel}","templated":true}]}}