{"id":7625,"date":"2025-08-19T14:54:39","date_gmt":"2025-08-19T06:54:39","guid":{"rendered":"https:\/\/www.iocharger.com\/?post_type=product&#038;p=7625"},"modified":"2026-03-16T06:27:31","modified_gmt":"2026-03-16T06:27:31","slug":"megawatt-charging-system-satellite-dc-ev-charger","status":"publish","type":"product","link":"https:\/\/www.iocharger.com\/sv\/megawatt-charging-system-satellite-dc-ev-charger\/","title":{"rendered":"Megawatt-laddningssystem Satellit-DC-laddare f\u00f6r elfordon 480 kW 960 kW Laddning av fordonsflottor"},"content":{"rendered":"<div data-elementor-type=\"product-post\" data-elementor-id=\"7625\" class=\"elementor elementor-7625\" data-elementor-post-type=\"product\">\n\t\t\t\t\t\t<section class=\"elementor-section elementor-top-section elementor-element elementor-element-83d7d0f elementor-section-boxed elementor-section-height-default elementor-section-height-default\" data-id=\"83d7d0f\" data-element_type=\"section\">\n\t\t\t\t\t\t<div class=\"elementor-container elementor-column-gap-default\">\n\t\t\t\t\t<div class=\"elementor-column elementor-col-50 elementor-top-column elementor-element elementor-element-7285334\" data-id=\"7285334\" data-element_type=\"column\">\n\t\t\t<div class=\"elementor-widget-wrap elementor-element-populated\">\n\t\t\t\t\t\t<div class=\"elementor-element elementor-element-7deac97 elementor-widget elementor-widget-text-editor\" data-id=\"7deac97\" data-element_type=\"widget\" data-widget_type=\"text-editor.default\">\n\t\t\t\t\t\t\t\t\t<p><strong>Huvudsakliga egenskaper:<\/strong><\/p><ul><li>480 kW upp till 960 kW<\/li><li>ISO15118 Plug&amp;Charge (PnC)<\/li><li>St\u00f6d f\u00f6r OCPP 1.6J och OCPP 2.0.1 fullst\u00e4ndiga profiler<\/li><li>7-tums LCD-peksk\u00e4rm<\/li><li>Max. 400 A luftkyld snabb laddning<\/li><li>Max. 600 A v\u00e4tskekylning med snabb laddning<\/li><li>Dynamisk lastbalansering och st\u00f6d f\u00f6r dynamisk priss\u00e4ttningsstrategi<\/li><li>TLS-kryptering av datainsamling garanterar h\u00f6g datas\u00e4kerhet<\/li><li>Kabelhanteringssystem som tillval<\/li><li>Online-system f\u00f6r fj\u00e4rrunderh\u00e5ll<\/li><li>Firmwareuppdatering via OTA<\/li><\/ul>\t\t\t\t\t\t\t\t<\/div>\n\t\t\t\t\t<\/div>\n\t\t<\/div>\n\t\t\t\t<div class=\"elementor-column elementor-col-50 elementor-top-column elementor-element elementor-element-5e05a1e\" data-id=\"5e05a1e\" data-element_type=\"column\">\n\t\t\t<div class=\"elementor-widget-wrap elementor-element-populated\">\n\t\t\t\t\t\t<div class=\"elementor-element elementor-element-07a83f2 elementor-widget elementor-widget-image\" data-id=\"07a83f2\" data-element_type=\"widget\" data-widget_type=\"image.default\">\n\t\t\t\t\t\t\t\t\t\t\t\t\t\t\t<img fetchpriority=\"high\" decoding=\"async\" width=\"1000\" height=\"1000\" src=\"https:\/\/www.iocharger.com\/wp-content\/uploads\/2025\/08\/Satellite-EV-Charger-1.jpg\" class=\"attachment-full size-full wp-image-7770\" alt=\"Satellit-laddare f\u00f6r elfordon\" srcset=\"https:\/\/www.iocharger.com\/wp-content\/uploads\/2025\/08\/Satellite-EV-Charger-1.jpg 1000w, https:\/\/www.iocharger.com\/wp-content\/uploads\/2025\/08\/Satellite-EV-Charger-1-150x150.jpg 150w, https:\/\/www.iocharger.com\/wp-content\/uploads\/2025\/08\/Satellite-EV-Charger-1-660x660.jpg 660w, https:\/\/www.iocharger.com\/wp-content\/uploads\/2025\/08\/Satellite-EV-Charger-1-300x300.jpg 300w, https:\/\/www.iocharger.com\/wp-content\/uploads\/2025\/08\/Satellite-EV-Charger-1-768x768.jpg 768w, https:\/\/www.iocharger.com\/wp-content\/uploads\/2025\/08\/Satellite-EV-Charger-1-285x285.jpg 285w, https:\/\/www.iocharger.com\/wp-content\/uploads\/2025\/08\/Satellite-EV-Charger-1-270x270.jpg 270w, https:\/\/www.iocharger.com\/wp-content\/uploads\/2025\/08\/Satellite-EV-Charger-1-540x540.jpg 540w\" sizes=\"(max-width: 1000px) 100vw, 1000px\" \/>\t\t\t\t\t\t\t\t\t\t\t\t\t\t\t<\/div>\n\t\t\t\t\t<\/div>\n\t\t<\/div>\n\t\t\t\t\t<\/div>\n\t\t<\/section>\n\t\t\t\t<section class=\"elementor-section elementor-top-section elementor-element elementor-element-c44a971 elementor-section-boxed elementor-section-height-default elementor-section-height-default\" data-id=\"c44a971\" data-element_type=\"section\">\n\t\t\t\t\t\t<div class=\"elementor-container elementor-column-gap-default\">\n\t\t\t\t\t<div class=\"elementor-column elementor-col-50 elementor-top-column elementor-element elementor-element-c2d86ee\" data-id=\"c2d86ee\" data-element_type=\"column\">\n\t\t\t<div class=\"elementor-widget-wrap elementor-element-populated\">\n\t\t\t\t\t\t<div class=\"elementor-element elementor-element-4bf0f15 elementor-widget elementor-widget-image\" data-id=\"4bf0f15\" data-element_type=\"widget\" data-widget_type=\"image.default\">\n\t\t\t\t\t\t\t\t\t\t\t\t\t\t\t<img decoding=\"async\" width=\"1000\" height=\"1000\" src=\"https:\/\/www.iocharger.com\/wp-content\/uploads\/2025\/08\/22-1-1.jpg\" class=\"attachment-full size-full wp-image-7771\" alt=\"skalbar satellit-DC-laddare f\u00f6r elbilar\" srcset=\"https:\/\/www.iocharger.com\/wp-content\/uploads\/2025\/08\/22-1-1.jpg 1000w, https:\/\/www.iocharger.com\/wp-content\/uploads\/2025\/08\/22-1-1-150x150.jpg 150w, https:\/\/www.iocharger.com\/wp-content\/uploads\/2025\/08\/22-1-1-660x660.jpg 660w, https:\/\/www.iocharger.com\/wp-content\/uploads\/2025\/08\/22-1-1-300x300.jpg 300w, https:\/\/www.iocharger.com\/wp-content\/uploads\/2025\/08\/22-1-1-768x768.jpg 768w, https:\/\/www.iocharger.com\/wp-content\/uploads\/2025\/08\/22-1-1-285x285.jpg 285w, https:\/\/www.iocharger.com\/wp-content\/uploads\/2025\/08\/22-1-1-270x270.jpg 270w, https:\/\/www.iocharger.com\/wp-content\/uploads\/2025\/08\/22-1-1-540x540.jpg 540w\" sizes=\"(max-width: 1000px) 100vw, 1000px\" \/>\t\t\t\t\t\t\t\t\t\t\t\t\t\t\t<\/div>\n\t\t\t\t\t<\/div>\n\t\t<\/div>\n\t\t\t\t<div class=\"elementor-column elementor-col-50 elementor-top-column elementor-element elementor-element-b41e707\" data-id=\"b41e707\" data-element_type=\"column\">\n\t\t\t<div class=\"elementor-widget-wrap elementor-element-populated\">\n\t\t\t\t\t\t<div class=\"elementor-element elementor-element-366be1c elementor-widget elementor-widget-text-editor\" data-id=\"366be1c\" data-element_type=\"widget\" data-widget_type=\"text-editor.default\">\n\t\t\t\t\t\t\t\t\t<p><strong>Skalbar, flexibel kraftutbyggnad<\/strong><\/p><p>iochargers satellitbaserade DC-laddningssystem \u00e4r utformat f\u00f6r smidig skalbarhet och l\u00e5ngsiktig flexibilitet. B\u00f6rja med en enda str\u00f6menhet och ut\u00f6ka successivt genom att l\u00e4gga till fler str\u00f6mmoduler innan du \u00f6kar antalet enheter. Varje str\u00f6menhet kan rymma ett varierande antal moduler och dispensrar, vilket g\u00f6r att den kan anpassas efter f\u00f6r\u00e4ndrade laddningsbehov. Genom att reservera utrymme och kabeldragning vid den initiala installationen kan framtida utbyggnader genomf\u00f6ras snabbt, effektivt och med minimal st\u00f6rning, vilket s\u00e4kerst\u00e4ller att din laddningsinfrastruktur v\u00e4xer smidigt i takt med dina behov.<\/p>\t\t\t\t\t\t\t\t<\/div>\n\t\t\t\t\t<\/div>\n\t\t<\/div>\n\t\t\t\t\t<\/div>\n\t\t<\/section>\n\t\t\t\t<section class=\"elementor-section elementor-top-section elementor-element elementor-element-7479d51 elementor-section-boxed elementor-section-height-default elementor-section-height-default\" data-id=\"7479d51\" data-element_type=\"section\">\n\t\t\t\t\t\t<div class=\"elementor-container elementor-column-gap-default\">\n\t\t\t\t\t<div class=\"elementor-column elementor-col-50 elementor-top-column elementor-element elementor-element-01b3914\" data-id=\"01b3914\" data-element_type=\"column\">\n\t\t\t<div class=\"elementor-widget-wrap elementor-element-populated\">\n\t\t\t\t\t\t<div class=\"elementor-element elementor-element-19e9715 elementor-widget elementor-widget-text-editor\" data-id=\"19e9715\" data-element_type=\"widget\" data-widget_type=\"text-editor.default\">\n\t\t\t\t\t\t\t\t\t<p><strong>Smart prioriterad laddning<\/strong><\/p><p>Maximera laddningseffektiviteten med v\u00e5rt avancerade prioriteringssystem. Aktivera Boost Access f\u00f6r laddning med maximal hastighet n\u00e4r det beh\u00f6vs. VIP-medlemmar har alltid h\u00f6gsta prioritet, medan registrerade anv\u00e4ndare f\u00e5r snabbare service \u00e4n g\u00e4ster. \u00c4ven f\u00f6rstag\u00e5ngsanv\u00e4ndare garanteras tillr\u00e4ckligt med str\u00f6m f\u00f6r att slutf\u00f6ra laddningen. Under perioder med h\u00f6g efterfr\u00e5gan balanserar systemet str\u00f6mf\u00f6rdelningen p\u00e5 ett intelligent s\u00e4tt f\u00f6r att s\u00e4kerst\u00e4lla smidig och p\u00e5litlig drift f\u00f6r alla fordon.<\/p>\t\t\t\t\t\t\t\t<\/div>\n\t\t\t\t\t<\/div>\n\t\t<\/div>\n\t\t\t\t<div class=\"elementor-column elementor-col-50 elementor-top-column elementor-element elementor-element-46f16ee\" data-id=\"46f16ee\" data-element_type=\"column\">\n\t\t\t<div class=\"elementor-widget-wrap elementor-element-populated\">\n\t\t\t\t\t\t<div class=\"elementor-element elementor-element-c00efcf elementor-widget elementor-widget-image\" data-id=\"c00efcf\" data-element_type=\"widget\" data-widget_type=\"image.default\">\n\t\t\t\t\t\t\t\t\t\t\t\t\t\t\t<img decoding=\"async\" width=\"1000\" height=\"1000\" src=\"https:\/\/www.iocharger.com\/wp-content\/uploads\/2025\/08\/33-1.jpg\" class=\"attachment-full size-full wp-image-7651\" alt=\"Prioriterad laddning av satellitladdare f\u00f6r elbilar\" srcset=\"https:\/\/www.iocharger.com\/wp-content\/uploads\/2025\/08\/33-1.jpg 1000w, https:\/\/www.iocharger.com\/wp-content\/uploads\/2025\/08\/33-1-150x150.jpg 150w, https:\/\/www.iocharger.com\/wp-content\/uploads\/2025\/08\/33-1-660x660.jpg 660w, https:\/\/www.iocharger.com\/wp-content\/uploads\/2025\/08\/33-1-300x300.jpg 300w, https:\/\/www.iocharger.com\/wp-content\/uploads\/2025\/08\/33-1-768x768.jpg 768w, https:\/\/www.iocharger.com\/wp-content\/uploads\/2025\/08\/33-1-285x285.jpg 285w, https:\/\/www.iocharger.com\/wp-content\/uploads\/2025\/08\/33-1-270x270.jpg 270w, https:\/\/www.iocharger.com\/wp-content\/uploads\/2025\/08\/33-1-540x540.jpg 540w\" sizes=\"(max-width: 1000px) 100vw, 1000px\" \/>\t\t\t\t\t\t\t\t\t\t\t\t\t\t\t<\/div>\n\t\t\t\t\t<\/div>\n\t\t<\/div>\n\t\t\t\t\t<\/div>\n\t\t<\/section>\n\t\t\t\t<section class=\"elementor-section elementor-top-section elementor-element elementor-element-f676a35 elementor-section-boxed elementor-section-height-default elementor-section-height-default\" data-id=\"f676a35\" data-element_type=\"section\">\n\t\t\t\t\t\t<div class=\"elementor-container elementor-column-gap-default\">\n\t\t\t\t\t<div class=\"elementor-column elementor-col-50 elementor-top-column elementor-element elementor-element-95c2c8f\" data-id=\"95c2c8f\" data-element_type=\"column\">\n\t\t\t<div class=\"elementor-widget-wrap elementor-element-populated\">\n\t\t\t\t\t\t<div class=\"elementor-element elementor-element-fefd379 elementor-widget elementor-widget-image\" data-id=\"fefd379\" data-element_type=\"widget\" data-widget_type=\"image.default\">\n\t\t\t\t\t\t\t\t\t\t\t\t\t\t\t<img loading=\"lazy\" decoding=\"async\" width=\"1000\" height=\"1000\" src=\"https:\/\/www.iocharger.com\/wp-content\/uploads\/2025\/08\/44-1-1.jpg\" class=\"attachment-full size-full wp-image-7772\" alt=\"TLS s\u00e4ker laddning av elbilar\" srcset=\"https:\/\/www.iocharger.com\/wp-content\/uploads\/2025\/08\/44-1-1.jpg 1000w, https:\/\/www.iocharger.com\/wp-content\/uploads\/2025\/08\/44-1-1-150x150.jpg 150w, https:\/\/www.iocharger.com\/wp-content\/uploads\/2025\/08\/44-1-1-660x660.jpg 660w, https:\/\/www.iocharger.com\/wp-content\/uploads\/2025\/08\/44-1-1-300x300.jpg 300w, https:\/\/www.iocharger.com\/wp-content\/uploads\/2025\/08\/44-1-1-768x768.jpg 768w, https:\/\/www.iocharger.com\/wp-content\/uploads\/2025\/08\/44-1-1-285x285.jpg 285w, https:\/\/www.iocharger.com\/wp-content\/uploads\/2025\/08\/44-1-1-270x270.jpg 270w, https:\/\/www.iocharger.com\/wp-content\/uploads\/2025\/08\/44-1-1-540x540.jpg 540w\" sizes=\"(max-width: 1000px) 100vw, 1000px\" \/>\t\t\t\t\t\t\t\t\t\t\t\t\t\t\t<\/div>\n\t\t\t\t\t<\/div>\n\t\t<\/div>\n\t\t\t\t<div class=\"elementor-column elementor-col-50 elementor-top-column elementor-element elementor-element-7c15c6e\" data-id=\"7c15c6e\" data-element_type=\"column\">\n\t\t\t<div class=\"elementor-widget-wrap elementor-element-populated\">\n\t\t\t\t\t\t<div class=\"elementor-element elementor-element-e722b97 elementor-widget elementor-widget-text-editor\" data-id=\"e722b97\" data-element_type=\"widget\" data-widget_type=\"text-editor.default\">\n\t\t\t\t\t\t\t\t\t<p><strong>S\u00e4ker krypterad kommunikation (TLS \u00f6msesidig autentisering)<\/strong><\/p><p>Systemet anv\u00e4nder helt krypterad kommunikation baserad p\u00e5 TLS (Transport Layer Security), vilket s\u00e4kerst\u00e4ller att all \u00f6verf\u00f6rd data skyddas mot l\u00e4ckage och manipulation. Det st\u00f6der ocks\u00e5 \u00f6msesidig autentisering, vilket verifierar b\u00e5da parter f\u00f6r att garantera en p\u00e5litlig, s\u00e4ker anslutning fr\u00e5n b\u00f6rjan till slut.<\/p>\t\t\t\t\t\t\t\t<\/div>\n\t\t\t\t\t<\/div>\n\t\t<\/div>\n\t\t\t\t\t<\/div>\n\t\t<\/section>\n\t\t\t\t<section class=\"elementor-section elementor-top-section elementor-element elementor-element-9d6c3c7 elementor-section-boxed elementor-section-height-default elementor-section-height-default\" data-id=\"9d6c3c7\" data-element_type=\"section\">\n\t\t\t\t\t\t<div class=\"elementor-container elementor-column-gap-default\">\n\t\t\t\t\t<div class=\"elementor-column elementor-col-50 elementor-top-column elementor-element elementor-element-8c139e7\" data-id=\"8c139e7\" data-element_type=\"column\">\n\t\t\t<div class=\"elementor-widget-wrap elementor-element-populated\">\n\t\t\t\t\t\t<div class=\"elementor-element elementor-element-ca6a65b elementor-widget elementor-widget-text-editor\" data-id=\"ca6a65b\" data-element_type=\"widget\" data-widget_type=\"text-editor.default\">\n\t\t\t\t\t\t\t\t\t<p><strong>Smart, h\u00e5llbar energi inom r\u00e4ckh\u00e5ll<\/strong><\/p><p>Utnyttja solenergi och batterikraft f\u00f6r en ren och p\u00e5litlig energif\u00f6rs\u00f6rjning. V\u00e5rt intelligenta energihanteringssystem optimerar effektiviteten, st\u00f6der dynamisk priss\u00e4ttning och lagrar energi f\u00f6r toppbelastningar. Med flexibla expansionsalternativ, inklusive ESS och solcellsmoduler, kan din laddningsinfrastruktur skalas smidigt f\u00f6r att m\u00f6ta f\u00f6r\u00e4ndrade behov, s\u00e5 att enheterna forts\u00e4tter att fungera smidigt samtidigt som b\u00e5de kostnaderna och milj\u00f6p\u00e5verkan minskas.<\/p>\t\t\t\t\t\t\t\t<\/div>\n\t\t\t\t\t<\/div>\n\t\t<\/div>\n\t\t\t\t<div class=\"elementor-column elementor-col-50 elementor-top-column elementor-element elementor-element-742b726\" data-id=\"742b726\" data-element_type=\"column\">\n\t\t\t<div class=\"elementor-widget-wrap elementor-element-populated\">\n\t\t\t\t\t\t<div class=\"elementor-element elementor-element-ccce38e elementor-widget elementor-widget-image\" data-id=\"ccce38e\" data-element_type=\"widget\" data-widget_type=\"image.default\">\n\t\t\t\t\t\t\t\t\t\t\t\t\t\t\t<img loading=\"lazy\" decoding=\"async\" width=\"1000\" height=\"1000\" src=\"https:\/\/www.iocharger.com\/wp-content\/uploads\/2025\/08\/55-1-1.jpg\" class=\"attachment-full size-full wp-image-7773\" alt=\"dynamiskt pris Satellit-laddare f\u00f6r elbil\" srcset=\"https:\/\/www.iocharger.com\/wp-content\/uploads\/2025\/08\/55-1-1.jpg 1000w, https:\/\/www.iocharger.com\/wp-content\/uploads\/2025\/08\/55-1-1-150x150.jpg 150w, https:\/\/www.iocharger.com\/wp-content\/uploads\/2025\/08\/55-1-1-660x660.jpg 660w, https:\/\/www.iocharger.com\/wp-content\/uploads\/2025\/08\/55-1-1-300x300.jpg 300w, https:\/\/www.iocharger.com\/wp-content\/uploads\/2025\/08\/55-1-1-768x768.jpg 768w, https:\/\/www.iocharger.com\/wp-content\/uploads\/2025\/08\/55-1-1-285x285.jpg 285w, https:\/\/www.iocharger.com\/wp-content\/uploads\/2025\/08\/55-1-1-270x270.jpg 270w, https:\/\/www.iocharger.com\/wp-content\/uploads\/2025\/08\/55-1-1-540x540.jpg 540w\" sizes=\"(max-width: 1000px) 100vw, 1000px\" \/>\t\t\t\t\t\t\t\t\t\t\t\t\t\t\t<\/div>\n\t\t\t\t\t<\/div>\n\t\t<\/div>\n\t\t\t\t\t<\/div>\n\t\t<\/section>\n\t\t\t\t<\/div>","protected":false},"excerpt":{"rendered":"<p>Iocharger satellit DC EV-laddare och laddningssystem \u00e4r utformade f\u00f6r bussar och kommersiella flottor och ger snabb, tillf\u00f6rlitlig laddning f\u00f6r flera fordon samtidigt. Med flexibel expansion och smart energihantering f\u00f6rblir din dep\u00e5 i full drift och h\u00e5ller din flotta i r\u00f6relse med minimal stillest\u00e5ndstid.<\/p>\n<ul>\n<li>Ing\u00e5ngsklassificering: 3-fas 400 V \u00b1 15% v\u00e4xelstr\u00f6m<\/li>\n<li>Maximal likstr\u00f6msuteffekt: 480 kW, 960 kW<\/li>\n<li>Utg\u00e5ngs-liksp\u00e4nningsomr\u00e5de: 150\u20131000 V DC<\/li>\n<li>Display: 7-tums LCD-peksk\u00e4rm<\/li>\n<li>N\u00e4tverksgr\u00e4nssnitt: Ethernet\/4G smart internetanslutning<\/li>\n<li>OCPP: OCPP 1.6J\/ OCPP 2.0.1 fullst\u00e4ndigt st\u00f6d f\u00f6r profiler<\/li>\n<li>ISO15118 Plug&amp;Charge: st\u00f6d<\/li>\n<li>Ing\u00e5ngsskydd: IP55<\/li>\n<li>Antal utg\u00e5ngar (max.): 6<\/li>\n<li>Laddningsgr\u00e4nssnitt: CCS2, CCS1, CHAdeMO, GB\/T<\/li>\n<li>Monteringstyp: Golv<\/li>\n<li>Dimension: 1029*985*1937 mm (480 kW), 2058*985*1937 mm (960 kW)<\/li>\n<\/ul>","protected":false},"featured_media":7768,"template":"","meta":{"_acf_changed":false},"product_brand":[],"product_cat":[79],"product_tag":[82,83,84],"class_list":{"0":"post-7625","1":"product","2":"type-product","3":"status-publish","4":"has-post-thumbnail","6":"product_cat-dc-fast-charger","7":"product_tag-120kw-public-fast-ev-charger","8":"product_tag-90kw-120kw-dc-fast-charger","9":"product_tag-ocpp-ev-dc-fast-charging-station","11":"first","12":"instock","13":"featured","14":"shipping-taxable","15":"product-type-simple"},"acf":[],"_links":{"self":[{"href":"https:\/\/www.iocharger.com\/sv\/wp-json\/wp\/v2\/product\/7625","targetHints":{"allow":["GET"]}}],"collection":[{"href":"https:\/\/www.iocharger.com\/sv\/wp-json\/wp\/v2\/product"}],"about":[{"href":"https:\/\/www.iocharger.com\/sv\/wp-json\/wp\/v2\/types\/product"}],"version-history":[{"count":0,"href":"https:\/\/www.iocharger.com\/sv\/wp-json\/wp\/v2\/product\/7625\/revisions"}],"wp:featuredmedia":[{"embeddable":true,"href":"https:\/\/www.iocharger.com\/sv\/wp-json\/wp\/v2\/media\/7768"}],"wp:attachment":[{"href":"https:\/\/www.iocharger.com\/sv\/wp-json\/wp\/v2\/media?parent=7625"}],"wp:term":[{"taxonomy":"product_brand","embeddable":true,"href":"https:\/\/www.iocharger.com\/sv\/wp-json\/wp\/v2\/product_brand?post=7625"},{"taxonomy":"product_cat","embeddable":true,"href":"https:\/\/www.iocharger.com\/sv\/wp-json\/wp\/v2\/product_cat?post=7625"},{"taxonomy":"product_tag","embeddable":true,"href":"https:\/\/www.iocharger.com\/sv\/wp-json\/wp\/v2\/product_tag?post=7625"}],"curies":[{"name":"wp","href":"https:\/\/api.w.org\/{rel}","templated":true}]}}