{"id":7248,"date":"2025-06-04T15:18:41","date_gmt":"2025-06-04T07:18:41","guid":{"rendered":"https:\/\/www.iocharger.com\/?post_type=product&#038;p=7248"},"modified":"2026-04-09T12:45:18","modified_gmt":"2026-04-09T12:45:18","slug":"dual-ports-pedestal-ac-ev-charger-ocpp","status":"publish","type":"product","link":"https:\/\/www.iocharger.com\/sv\/dual-ports-pedestal-ac-ev-charger-ocpp\/","title":{"rendered":"AC-laddare f\u00f6r elfordon med dubbla portar, OCPP1.6J och 2.0.1, ISO15118 Plug&amp;Charge-kompatibel"},"content":{"rendered":"<div data-elementor-type=\"product-post\" data-elementor-id=\"7248\" class=\"elementor elementor-7248\" data-elementor-post-type=\"product\">\n\t\t\t\t\t\t<section class=\"elementor-section elementor-top-section elementor-element elementor-element-00e90a8 elementor-section-boxed elementor-section-height-default elementor-section-height-default\" data-id=\"00e90a8\" data-element_type=\"section\">\n\t\t\t\t\t\t<div class=\"elementor-container elementor-column-gap-default\">\n\t\t\t\t\t<div class=\"elementor-column elementor-col-100 elementor-top-column elementor-element elementor-element-b7cfd57\" data-id=\"b7cfd57\" data-element_type=\"column\">\n\t\t\t<div class=\"elementor-widget-wrap elementor-element-populated\">\n\t\t\t\t\t\t<div class=\"elementor-element elementor-element-c2e8bae elementor-widget elementor-widget-text-editor\" data-id=\"c2e8bae\" data-element_type=\"widget\" data-widget_type=\"text-editor.default\">\n\t\t\t\t\t\t\t\t\t<p>IOCAP26 \u00e4r s\u00e4rskilt utformad f\u00f6r kommersiella laddnings\u00e4ndam\u00e5l. H\u00f6g vatten- och dammbest\u00e4ndighet med skyddsklass IP55 och IK10 g\u00f6r den perfekt f\u00f6r utomhusladdningsplatser som bensinstationer, parkeringsplatser, gatuh\u00f6rn etc.<\/p>\t\t\t\t\t\t\t\t<\/div>\n\t\t\t\t\t<\/div>\n\t\t<\/div>\n\t\t\t\t\t<\/div>\n\t\t<\/section>\n\t\t\t\t<section class=\"elementor-section elementor-top-section elementor-element elementor-element-1cfd539 elementor-section-boxed elementor-section-height-default elementor-section-height-default\" data-id=\"1cfd539\" data-element_type=\"section\">\n\t\t\t\t\t\t<div class=\"elementor-container elementor-column-gap-default\">\n\t\t\t\t\t<div class=\"elementor-column elementor-col-50 elementor-top-column elementor-element elementor-element-20c5297\" data-id=\"20c5297\" data-element_type=\"column\">\n\t\t\t<div class=\"elementor-widget-wrap elementor-element-populated\">\n\t\t\t\t\t\t<div class=\"elementor-element elementor-element-9a50614 elementor-widget elementor-widget-text-editor\" data-id=\"9a50614\" data-element_type=\"widget\" data-widget_type=\"text-editor.default\">\n\t\t\t\t\t\t\t\t\t<h3>Huvudsakliga egenskaper:<\/h3><ul><li>Kompatibel med alla bilar och eln\u00e4t<\/li><li>2 x RCCB typ B<\/li><li>2 x MID-m\u00e4tare<\/li><li>2 x SPD 40KA<\/li><li>7-tums LCD-sk\u00e4rm, kan uppgraderas till peksk\u00e4rm<\/li><li>Smart n\u00e4tverksanslutning Ethernet, Wi-Fi, mobiln\u00e4t, Bluetooth<\/li><li>POS-betalningsintegration<\/li><li>Flexibel konfiguration av utg\u00e5ngsstr\u00f6m\/effekt<\/li><li>St\u00f6d f\u00f6r smart dynamisk lastbalansering<\/li><li>Separat MID-m\u00e4taravl\u00e4sningsf\u00f6nster<\/li><li>Anv\u00e4ndarv\u00e4nlig webbportal f\u00f6r konfiguration av laddare<\/li><\/ul>\t\t\t\t\t\t\t\t<\/div>\n\t\t\t\t\t<\/div>\n\t\t<\/div>\n\t\t\t\t<div class=\"elementor-column elementor-col-50 elementor-top-column elementor-element elementor-element-7450399\" data-id=\"7450399\" data-element_type=\"column\">\n\t\t\t<div class=\"elementor-widget-wrap elementor-element-populated\">\n\t\t\t\t\t\t<div class=\"elementor-element elementor-element-a02cf29 elementor-widget__width-initial elementor-widget elementor-widget-image\" data-id=\"a02cf29\" data-element_type=\"widget\" data-widget_type=\"image.default\">\n\t\t\t\t\t\t\t\t\t\t\t\t\t\t\t<img fetchpriority=\"high\" decoding=\"async\" width=\"1000\" height=\"1000\" src=\"https:\/\/www.iocharger.com\/wp-content\/uploads\/2025\/06\/iocharger-IOCAP35-ev-charger.webp\" class=\"attachment-full size-full wp-image-9801\" alt=\"iocharger IOCAP35 ev charger\" srcset=\"https:\/\/www.iocharger.com\/wp-content\/uploads\/2025\/06\/iocharger-IOCAP35-ev-charger.webp 1000w, https:\/\/www.iocharger.com\/wp-content\/uploads\/2025\/06\/iocharger-IOCAP35-ev-charger-300x300.webp 300w, https:\/\/www.iocharger.com\/wp-content\/uploads\/2025\/06\/iocharger-IOCAP35-ev-charger-150x150.webp 150w, https:\/\/www.iocharger.com\/wp-content\/uploads\/2025\/06\/iocharger-IOCAP35-ev-charger-768x768.webp 768w, https:\/\/www.iocharger.com\/wp-content\/uploads\/2025\/06\/iocharger-IOCAP35-ev-charger-12x12.webp 12w, https:\/\/www.iocharger.com\/wp-content\/uploads\/2025\/06\/iocharger-IOCAP35-ev-charger-285x285.webp 285w, https:\/\/www.iocharger.com\/wp-content\/uploads\/2025\/06\/iocharger-IOCAP35-ev-charger-270x270.webp 270w, https:\/\/www.iocharger.com\/wp-content\/uploads\/2025\/06\/iocharger-IOCAP35-ev-charger-540x540.webp 540w, https:\/\/www.iocharger.com\/wp-content\/uploads\/2025\/06\/iocharger-IOCAP35-ev-charger-660x660.webp 660w\" sizes=\"(max-width: 1000px) 100vw, 1000px\" \/>\t\t\t\t\t\t\t\t\t\t\t\t\t\t\t<\/div>\n\t\t\t\t\t<\/div>\n\t\t<\/div>\n\t\t\t\t\t<\/div>\n\t\t<\/section>\n\t\t\t\t<section class=\"elementor-section elementor-top-section elementor-element elementor-element-353d4e0 elementor-section-boxed elementor-section-height-default elementor-section-height-default\" data-id=\"353d4e0\" data-element_type=\"section\">\n\t\t\t\t\t\t<div class=\"elementor-container elementor-column-gap-default\">\n\t\t\t\t\t<div class=\"elementor-column elementor-col-50 elementor-top-column elementor-element elementor-element-54ea811\" data-id=\"54ea811\" data-element_type=\"column\">\n\t\t\t<div class=\"elementor-widget-wrap elementor-element-populated\">\n\t\t\t\t\t\t<div class=\"elementor-element elementor-element-ddbe937 elementor-widget elementor-widget-image\" data-id=\"ddbe937\" data-element_type=\"widget\" data-widget_type=\"image.default\">\n\t\t\t\t\t\t\t\t\t\t\t\t\t\t\t<img decoding=\"async\" width=\"1000\" height=\"1000\" src=\"https:\/\/www.iocharger.com\/wp-content\/uploads\/2025\/06\/dual-ports-ev-charger-post.webp\" class=\"attachment-full size-full wp-image-9802\" alt=\"laddningsstation med dubbla portar f\u00f6r elbilar\" srcset=\"https:\/\/www.iocharger.com\/wp-content\/uploads\/2025\/06\/dual-ports-ev-charger-post.webp 1000w, https:\/\/www.iocharger.com\/wp-content\/uploads\/2025\/06\/dual-ports-ev-charger-post-300x300.webp 300w, https:\/\/www.iocharger.com\/wp-content\/uploads\/2025\/06\/dual-ports-ev-charger-post-150x150.webp 150w, https:\/\/www.iocharger.com\/wp-content\/uploads\/2025\/06\/dual-ports-ev-charger-post-768x768.webp 768w, https:\/\/www.iocharger.com\/wp-content\/uploads\/2025\/06\/dual-ports-ev-charger-post-12x12.webp 12w, https:\/\/www.iocharger.com\/wp-content\/uploads\/2025\/06\/dual-ports-ev-charger-post-285x285.webp 285w, https:\/\/www.iocharger.com\/wp-content\/uploads\/2025\/06\/dual-ports-ev-charger-post-270x270.webp 270w, https:\/\/www.iocharger.com\/wp-content\/uploads\/2025\/06\/dual-ports-ev-charger-post-540x540.webp 540w, https:\/\/www.iocharger.com\/wp-content\/uploads\/2025\/06\/dual-ports-ev-charger-post-660x660.webp 660w\" sizes=\"(max-width: 1000px) 100vw, 1000px\" \/>\t\t\t\t\t\t\t\t\t\t\t\t\t\t\t<\/div>\n\t\t\t\t\t<\/div>\n\t\t<\/div>\n\t\t\t\t<div class=\"elementor-column elementor-col-50 elementor-top-column elementor-element elementor-element-90eca43\" data-id=\"90eca43\" data-element_type=\"column\">\n\t\t\t<div class=\"elementor-widget-wrap elementor-element-populated\">\n\t\t\t\t\t\t<div class=\"elementor-element elementor-element-13a2eab elementor-widget elementor-widget-text-editor\" data-id=\"13a2eab\" data-element_type=\"widget\" data-widget_type=\"text-editor.default\">\n\t\t\t\t\t\t\t\t\t<h3>Driva tv\u00e5 elbilar samtidigt<\/h3><p>IOCAP35 st\u00f6der samtidig laddning av tv\u00e5 elfordon (EV), vilket avsev\u00e4rt f\u00f6rb\u00e4ttrar laddstationens effektivitet och h\u00f6jer kundupplevelsen. Dess design med dubbla portar \u00f6kar servicekapaciteten genom att minska v\u00e4ntetiderna och maximera utrustningens utnyttjande, vilket \u00f6kar int\u00e4ktspotentialen. Under perioder med h\u00f6g efterfr\u00e5gan hanterar systemet intelligent kraftdistributionen f\u00f6r att balansera belastningen, vilket s\u00e4kerst\u00e4ller n\u00e4tets stabilitet samtidigt som den totala laddningshastigheten optimeras.<\/p>\t\t\t\t\t\t\t\t<\/div>\n\t\t\t\t\t<\/div>\n\t\t<\/div>\n\t\t\t\t\t<\/div>\n\t\t<\/section>\n\t\t\t\t<section class=\"elementor-section elementor-top-section elementor-element elementor-element-68cc48d elementor-section-boxed elementor-section-height-default elementor-section-height-default\" data-id=\"68cc48d\" data-element_type=\"section\">\n\t\t\t\t\t\t<div class=\"elementor-container elementor-column-gap-default\">\n\t\t\t\t\t<div class=\"elementor-column elementor-col-50 elementor-top-column elementor-element elementor-element-315ab35\" data-id=\"315ab35\" data-element_type=\"column\">\n\t\t\t<div class=\"elementor-widget-wrap elementor-element-populated\">\n\t\t\t\t\t\t<div class=\"elementor-element elementor-element-a1006df elementor-widget elementor-widget-text-editor\" data-id=\"a1006df\" data-element_type=\"widget\" data-widget_type=\"text-editor.default\">\n\t\t\t\t\t\t\t\t\t<h3>ISO15118 redo f\u00f6r smartare och s\u00e4krare laddning av elfordon<\/h3><p>IOCAP35 \u00e4r helt kompatibel med OCPP 1.6J &amp; 2.0.1 och ISO15118 Plug&amp;Charge, vilket g\u00f6r den till ett idealiskt val f\u00f6r kommersiella EV-laddningsapplikationer. Den m\u00f6jligg\u00f6r s\u00f6ml\u00f6s, intelligent kommunikation mellan fordonet och laddaren, st\u00f6der automatisk autentisering och str\u00f6mlinjeformad betalning, samtidigt som den uppr\u00e4tth\u00e5ller stark datas\u00e4kerhet. Med avancerade Vehicle-to-Grid (V2G)-funktioner bidrar IOCAP35 till smartare n\u00e4tverkshantering och f\u00f6rb\u00e4ttrad energieffektivitet. Dess h\u00f6ga interoperabilitet s\u00e4kerst\u00e4ller kompatibilitet med ett brett utbud av elfordon, vilket g\u00f6r det m\u00f6jligt f\u00f6r operat\u00f6rer att enkelt skala upp sina laddningsn\u00e4tverk.<\/p>\t\t\t\t\t\t\t\t<\/div>\n\t\t\t\t\t<\/div>\n\t\t<\/div>\n\t\t\t\t<div class=\"elementor-column elementor-col-50 elementor-top-column elementor-element elementor-element-0621132\" data-id=\"0621132\" data-element_type=\"column\">\n\t\t\t<div class=\"elementor-widget-wrap elementor-element-populated\">\n\t\t\t\t\t\t<div class=\"elementor-element elementor-element-3266632 elementor-widget elementor-widget-image\" data-id=\"3266632\" data-element_type=\"widget\" data-widget_type=\"image.default\">\n\t\t\t\t\t\t\t\t\t\t\t\t\t\t\t<img decoding=\"async\" width=\"1000\" height=\"1000\" src=\"https:\/\/www.iocharger.com\/wp-content\/uploads\/2025\/06\/iso15118-public-ev-charger.webp\" class=\"attachment-full size-full wp-image-9803\" alt=\"\" srcset=\"https:\/\/www.iocharger.com\/wp-content\/uploads\/2025\/06\/iso15118-public-ev-charger.webp 1000w, https:\/\/www.iocharger.com\/wp-content\/uploads\/2025\/06\/iso15118-public-ev-charger-300x300.webp 300w, https:\/\/www.iocharger.com\/wp-content\/uploads\/2025\/06\/iso15118-public-ev-charger-150x150.webp 150w, https:\/\/www.iocharger.com\/wp-content\/uploads\/2025\/06\/iso15118-public-ev-charger-768x768.webp 768w, https:\/\/www.iocharger.com\/wp-content\/uploads\/2025\/06\/iso15118-public-ev-charger-12x12.webp 12w, https:\/\/www.iocharger.com\/wp-content\/uploads\/2025\/06\/iso15118-public-ev-charger-285x285.webp 285w, https:\/\/www.iocharger.com\/wp-content\/uploads\/2025\/06\/iso15118-public-ev-charger-270x270.webp 270w, https:\/\/www.iocharger.com\/wp-content\/uploads\/2025\/06\/iso15118-public-ev-charger-540x540.webp 540w, https:\/\/www.iocharger.com\/wp-content\/uploads\/2025\/06\/iso15118-public-ev-charger-660x660.webp 660w\" sizes=\"(max-width: 1000px) 100vw, 1000px\" \/>\t\t\t\t\t\t\t\t\t\t\t\t\t\t\t<\/div>\n\t\t\t\t\t<\/div>\n\t\t<\/div>\n\t\t\t\t\t<\/div>\n\t\t<\/section>\n\t\t\t\t<section class=\"elementor-section elementor-top-section elementor-element elementor-element-9c3d70e elementor-section-boxed elementor-section-height-default elementor-section-height-default\" data-id=\"9c3d70e\" data-element_type=\"section\">\n\t\t\t\t\t\t<div class=\"elementor-container elementor-column-gap-default\">\n\t\t\t\t\t<div class=\"elementor-column elementor-col-50 elementor-top-column elementor-element elementor-element-4634541\" data-id=\"4634541\" data-element_type=\"column\">\n\t\t\t<div class=\"elementor-widget-wrap elementor-element-populated\">\n\t\t\t\t\t\t<div class=\"elementor-element elementor-element-2a23fde elementor-widget elementor-widget-image\" data-id=\"2a23fde\" data-element_type=\"widget\" data-widget_type=\"image.default\">\n\t\t\t\t\t\t\t\t\t\t\t\t\t\t\t<img loading=\"lazy\" decoding=\"async\" width=\"1000\" height=\"1000\" src=\"https:\/\/www.iocharger.com\/wp-content\/uploads\/2025\/06\/cost-visible-ev-charger.webp\" class=\"attachment-full size-full wp-image-9804\" alt=\"cost visible ev charger\" srcset=\"https:\/\/www.iocharger.com\/wp-content\/uploads\/2025\/06\/cost-visible-ev-charger.webp 1000w, https:\/\/www.iocharger.com\/wp-content\/uploads\/2025\/06\/cost-visible-ev-charger-300x300.webp 300w, https:\/\/www.iocharger.com\/wp-content\/uploads\/2025\/06\/cost-visible-ev-charger-150x150.webp 150w, https:\/\/www.iocharger.com\/wp-content\/uploads\/2025\/06\/cost-visible-ev-charger-768x768.webp 768w, https:\/\/www.iocharger.com\/wp-content\/uploads\/2025\/06\/cost-visible-ev-charger-12x12.webp 12w, https:\/\/www.iocharger.com\/wp-content\/uploads\/2025\/06\/cost-visible-ev-charger-285x285.webp 285w, https:\/\/www.iocharger.com\/wp-content\/uploads\/2025\/06\/cost-visible-ev-charger-270x270.webp 270w, https:\/\/www.iocharger.com\/wp-content\/uploads\/2025\/06\/cost-visible-ev-charger-540x540.webp 540w, https:\/\/www.iocharger.com\/wp-content\/uploads\/2025\/06\/cost-visible-ev-charger-660x660.webp 660w\" sizes=\"(max-width: 1000px) 100vw, 1000px\" \/>\t\t\t\t\t\t\t\t\t\t\t\t\t\t\t<\/div>\n\t\t\t\t\t<\/div>\n\t\t<\/div>\n\t\t\t\t<div class=\"elementor-column elementor-col-50 elementor-top-column elementor-element elementor-element-913c83f\" data-id=\"913c83f\" data-element_type=\"column\">\n\t\t\t<div class=\"elementor-widget-wrap elementor-element-populated\">\n\t\t\t\t\t\t<div class=\"elementor-element elementor-element-66b877b elementor-widget elementor-widget-text-editor\" data-id=\"66b877b\" data-element_type=\"widget\" data-widget_type=\"text-editor.default\">\n\t\t\t\t\t\t\t\t\t<h3>Smart laddning med full kostnads\u00f6versikt<\/h3><p>Med st\u00f6d f\u00f6r visning av tariffer och kostnader ger IOCAP35 fullst\u00e4ndig pris\u00f6ppenhet f\u00f6r slutanv\u00e4ndarna, vilket \u00f6kar f\u00f6rtroendet och n\u00f6jdheten under laddningsprocessen. Realtidsvisning av laddningspriser, sessionens varaktighet, energif\u00f6rbrukning och total kostnad g\u00f6r det m\u00f6jligt f\u00f6r EV-f\u00f6rare att fatta v\u00e4lgrundade beslut f\u00f6re och under laddningen. F\u00f6r operat\u00f6rer s\u00e4kerst\u00e4ller denna funktion efterlevnad av regler p\u00e5 marknader som kr\u00e4ver prisinformation och fr\u00e4mjar en mer professionell och anv\u00e4ndarv\u00e4nlig laddningsupplevelse. Tydlig kostnads\u00f6versikt f\u00f6rb\u00e4ttrar inte bara kundengagemanget utan bidrar ocks\u00e5 till att minska tvister, vilket g\u00f6r hela laddningsprocessen mer effektiv och tillf\u00f6rlitlig.<\/p>\t\t\t\t\t\t\t\t<\/div>\n\t\t\t\t\t<\/div>\n\t\t<\/div>\n\t\t\t\t\t<\/div>\n\t\t<\/section>\n\t\t\t\t<section class=\"elementor-section elementor-top-section elementor-element elementor-element-32dd9d0 elementor-section-boxed elementor-section-height-default elementor-section-height-default\" data-id=\"32dd9d0\" data-element_type=\"section\">\n\t\t\t\t\t\t<div class=\"elementor-container elementor-column-gap-default\">\n\t\t\t\t\t<div class=\"elementor-column elementor-col-50 elementor-top-column elementor-element elementor-element-a9995c5\" data-id=\"a9995c5\" data-element_type=\"column\">\n\t\t\t<div class=\"elementor-widget-wrap elementor-element-populated\">\n\t\t\t\t\t\t<div class=\"elementor-element elementor-element-af63b86 elementor-widget elementor-widget-text-editor\" data-id=\"af63b86\" data-element_type=\"widget\" data-widget_type=\"text-editor.default\">\n\t\t\t\t\t\t\t\t\t<h3>Flexibla och s\u00e4kra betalningsalternativ<\/h3><p>IOCAP35 st\u00f6der en m\u00e4ngd olika betalningsmetoder, vilket ger exceptionell flexibilitet och bekv\u00e4mlighet f\u00f6r b\u00e5de operat\u00f6rer och elbilf\u00f6rare. Oavsett om det \u00e4r via RFID-kort, mobilappar, QR-kodskanning eller kreditkortbetalningar, integreras det s\u00f6ml\u00f6st med betalningsplattformar som Nayax, Payter, PAX, Ingenico etc. Denna m\u00e5ngsidighet f\u00f6rb\u00e4ttrar anv\u00e4ndarupplevelsen genom att tillgodose olika preferenser och f\u00f6renklar driften f\u00f6r laddningsleverant\u00f6rer. Med snabba, s\u00e4kra och intuitiva transaktioner hj\u00e4lper det att attrahera en bredare kundbas och s\u00e4kerst\u00e4ller en smidig och effektiv laddningsprocess.<\/p>\t\t\t\t\t\t\t\t<\/div>\n\t\t\t\t\t<\/div>\n\t\t<\/div>\n\t\t\t\t<div class=\"elementor-column elementor-col-50 elementor-top-column elementor-element elementor-element-7455d4e\" data-id=\"7455d4e\" data-element_type=\"column\">\n\t\t\t<div class=\"elementor-widget-wrap elementor-element-populated\">\n\t\t\t\t\t\t<div class=\"elementor-element elementor-element-ee917e6 elementor-widget elementor-widget-image\" data-id=\"ee917e6\" data-element_type=\"widget\" data-widget_type=\"image.default\">\n\t\t\t\t\t\t\t\t\t\t\t\t\t\t\t<img loading=\"lazy\" decoding=\"async\" width=\"1000\" height=\"1000\" src=\"https:\/\/www.iocharger.com\/wp-content\/uploads\/2025\/06\/iso15118-plug-and-charge-pedestal-ev-charger.webp\" class=\"attachment-full size-full wp-image-9805\" alt=\"iso15118 plug and charge-laddningsstation f\u00f6r elbilar\" srcset=\"https:\/\/www.iocharger.com\/wp-content\/uploads\/2025\/06\/iso15118-plug-and-charge-pedestal-ev-charger.webp 1000w, https:\/\/www.iocharger.com\/wp-content\/uploads\/2025\/06\/iso15118-plug-and-charge-pedestal-ev-charger-300x300.webp 300w, https:\/\/www.iocharger.com\/wp-content\/uploads\/2025\/06\/iso15118-plug-and-charge-pedestal-ev-charger-150x150.webp 150w, https:\/\/www.iocharger.com\/wp-content\/uploads\/2025\/06\/iso15118-plug-and-charge-pedestal-ev-charger-768x768.webp 768w, https:\/\/www.iocharger.com\/wp-content\/uploads\/2025\/06\/iso15118-plug-and-charge-pedestal-ev-charger-12x12.webp 12w, https:\/\/www.iocharger.com\/wp-content\/uploads\/2025\/06\/iso15118-plug-and-charge-pedestal-ev-charger-285x285.webp 285w, https:\/\/www.iocharger.com\/wp-content\/uploads\/2025\/06\/iso15118-plug-and-charge-pedestal-ev-charger-270x270.webp 270w, https:\/\/www.iocharger.com\/wp-content\/uploads\/2025\/06\/iso15118-plug-and-charge-pedestal-ev-charger-540x540.webp 540w, https:\/\/www.iocharger.com\/wp-content\/uploads\/2025\/06\/iso15118-plug-and-charge-pedestal-ev-charger-660x660.webp 660w\" sizes=\"(max-width: 1000px) 100vw, 1000px\" \/>\t\t\t\t\t\t\t\t\t\t\t\t\t\t\t<\/div>\n\t\t\t\t\t<\/div>\n\t\t<\/div>\n\t\t\t\t\t<\/div>\n\t\t<\/section>\n\t\t\t\t<\/div>","protected":false},"excerpt":{"rendered":"<div class=\"pro_main_text clearfix\">\n<div class=\"pro_main_text clearfix\">\n<div class=\"pro_main_text clearfix\">\n<div class=\"pro_main_text clearfix\">\n<div class=\"pro_main_text clearfix\">\n<p>IOCAP35 \u00e4r en nyutgiven EV-laddare med piedestal och ny design, men fortfarande med h\u00f6g prestanda och p\u00e5litlig kvalitet som v\u00e5r tradition. Den erbjuder ytterligare ett bra alternativ f\u00f6r parkeringar, arbetsplatser och laddning av elfordon i fordonsflottor.<\/p>\n<p>Modell: IOCAP35<\/p>\n<ul>\n<li>Ing\u00e5ngsv\u00e4rde: 1-fas 230V\u00b120% ; 3-fas 400V\u00b120%<\/li>\n<li>Uteffekt: 1-fas 2 x 7 kW 32 A; 3-fas 2 x 22 kW 32 A<\/li>\n<li>Intern RCD: 2 x typ B RCCB<\/li>\n<li>Display: 7-tums LCD-sk\u00e4rm eller 7-tums peksk\u00e4rm (tillval)<\/li>\n<li>M\u00e4tare: 2 x MID-m\u00e4tare<\/li>\n<li>Certifikat: CE, PTB (Eichrecht)<\/li>\n<li>N\u00e4tverksgr\u00e4nssnitt: Ethernet\/ WiFi\/ 4G smart internetanslutning<\/li>\n<li>OCPP: Fullt st\u00f6d f\u00f6r OCPP 1.6J\/ OCPP 2.0.1<\/li>\n<li>Ing\u00e5ngsskydd: IP55<\/li>\n<li>Transportm\u00e5tt: 1320 x 350 x 200 mm<\/li>\n<li>Gr\u00e4nssnitt f\u00f6r laddning: SAE J1772 &amp; Typ-2-kabel\/ Typ-2-uttag\/ T2S-uttag med slutare<\/li>\n<li>Monteringstyp: Golv<\/li>\n<\/ul>\n<\/div>\n<\/div>\n<\/div>\n<\/div>\n<\/div>","protected":false},"featured_media":9794,"template":"","meta":{"_acf_changed":false},"product_brand":[],"product_cat":[61],"product_tag":[105,106,107],"class_list":{"0":"post-7248","1":"product","2":"type-product","3":"status-publish","4":"has-post-thumbnail","6":"product_cat-commercial-ev-charger","7":"product_tag-dual-ports-pedestal-ac-ev-charger","8":"product_tag-dual-ports-pedestal-ev-charger","9":"product_tag-pedestal-ac-ev-charger","11":"first","12":"instock","13":"featured","14":"shipping-taxable","15":"product-type-simple"},"acf":[],"_links":{"self":[{"href":"https:\/\/www.iocharger.com\/sv\/wp-json\/wp\/v2\/product\/7248","targetHints":{"allow":["GET"]}}],"collection":[{"href":"https:\/\/www.iocharger.com\/sv\/wp-json\/wp\/v2\/product"}],"about":[{"href":"https:\/\/www.iocharger.com\/sv\/wp-json\/wp\/v2\/types\/product"}],"version-history":[{"count":5,"href":"https:\/\/www.iocharger.com\/sv\/wp-json\/wp\/v2\/product\/7248\/revisions"}],"predecessor-version":[{"id":9808,"href":"https:\/\/www.iocharger.com\/sv\/wp-json\/wp\/v2\/product\/7248\/revisions\/9808"}],"wp:featuredmedia":[{"embeddable":true,"href":"https:\/\/www.iocharger.com\/sv\/wp-json\/wp\/v2\/media\/9794"}],"wp:attachment":[{"href":"https:\/\/www.iocharger.com\/sv\/wp-json\/wp\/v2\/media?parent=7248"}],"wp:term":[{"taxonomy":"product_brand","embeddable":true,"href":"https:\/\/www.iocharger.com\/sv\/wp-json\/wp\/v2\/product_brand?post=7248"},{"taxonomy":"product_cat","embeddable":true,"href":"https:\/\/www.iocharger.com\/sv\/wp-json\/wp\/v2\/product_cat?post=7248"},{"taxonomy":"product_tag","embeddable":true,"href":"https:\/\/www.iocharger.com\/sv\/wp-json\/wp\/v2\/product_tag?post=7248"}],"curies":[{"name":"wp","href":"https:\/\/api.w.org\/{rel}","templated":true}]}}