{"id":4399,"date":"2023-10-10T15:23:38","date_gmt":"2023-10-10T07:23:38","guid":{"rendered":"https:\/\/www.iocharger.com\/?post_type=product&#038;p=4399"},"modified":"2026-04-13T08:55:05","modified_gmt":"2026-04-13T08:55:05","slug":"2x22kw-floor-mounted-ocpp-1-6j-ocpp-2-0-1-ev-charging-station-with-55-advertising-screen","status":"publish","type":"product","link":"https:\/\/www.iocharger.com\/sv\/2x22kw-floor-mounted-ocpp-1-6j-ocpp-2-0-1-ev-charging-station-with-55-advertising-screen\/","title":{"rendered":"2x22kW Golvmonterad OCPP 1.6J OCPP 2.0.1-kompatibel laddstation f\u00f6r elfordon med 55-tums reklamsk\u00e4rm"},"content":{"rendered":"<div data-elementor-type=\"product-post\" data-elementor-id=\"4399\" class=\"elementor elementor-4399\" data-elementor-post-type=\"product\">\n\t\t\t\t\t\t<section class=\"elementor-section elementor-top-section elementor-element elementor-element-a293c89 elementor-section-boxed elementor-section-height-default elementor-section-height-default\" data-id=\"a293c89\" data-element_type=\"section\">\n\t\t\t\t\t\t<div class=\"elementor-container elementor-column-gap-default\">\n\t\t\t\t\t<div class=\"elementor-column elementor-col-100 elementor-top-column elementor-element elementor-element-186a873\" data-id=\"186a873\" data-element_type=\"column\">\n\t\t\t<div class=\"elementor-widget-wrap elementor-element-populated\">\n\t\t\t\t\t\t<div class=\"elementor-element elementor-element-bc78920 elementor-widget elementor-widget-text-editor\" data-id=\"bc78920\" data-element_type=\"widget\" data-widget_type=\"text-editor.default\">\n\t\t\t\t\t\t\t\t\t<p><strong>Idealisk reklampartner<\/strong><\/p><p>With 2500 nits high-brightness 55&#8221; 1080P LED display, &amp; IP55 protection, IOCAP25 is your ideal EV charger partner for advertisement &amp; EV charging purposes, especially at commercial applications such as shopping malls, chain stores, large-scale parking lots, etc.\u00a0<\/p>\t\t\t\t\t\t\t\t<\/div>\n\t\t\t\t\t<\/div>\n\t\t<\/div>\n\t\t\t\t\t<\/div>\n\t\t<\/section>\n\t\t\t\t<section class=\"elementor-section elementor-top-section elementor-element elementor-element-942e1ab elementor-section-boxed elementor-section-height-default elementor-section-height-default\" data-id=\"942e1ab\" data-element_type=\"section\">\n\t\t\t\t\t\t<div class=\"elementor-container elementor-column-gap-default\">\n\t\t\t\t\t<div class=\"elementor-column elementor-col-50 elementor-top-column elementor-element elementor-element-c9112d8\" data-id=\"c9112d8\" data-element_type=\"column\">\n\t\t\t<div class=\"elementor-widget-wrap elementor-element-populated\">\n\t\t\t\t\t\t<div class=\"elementor-element elementor-element-d159d11 elementor-widget elementor-widget-text-editor\" data-id=\"d159d11\" data-element_type=\"widget\" data-widget_type=\"text-editor.default\">\n\t\t\t\t\t\t\t\t\t<p><strong>Huvudsakliga egenskaper:<\/strong><\/p><p>\u25cf 55-tums LCD-sk\u00e4rm f\u00f6r en utm\u00e4rkt upplevelse<br \/>\u25cf 1 fas 2\u00d711 kW och 3 fas 2\u00d722 kW tillg\u00e4ngliga<br \/>\u25cf 2\u00d7RCCB typ B<br \/>\u25cf 2\u00d7MID-m\u00e4tare<br \/>\u25cf 2\u00d740 kV SPD<br \/>\u25cf Intelligent Ethernet, mobiln\u00e4t, WLAN-v\u00e4xling<br \/>\u25cfAnv\u00e4ndarautentisering via RFID eller mobilapp<\/p>\t\t\t\t\t\t\t\t<\/div>\n\t\t\t\t\t<\/div>\n\t\t<\/div>\n\t\t\t\t<div class=\"elementor-column elementor-col-50 elementor-top-column elementor-element elementor-element-8b79c92\" data-id=\"8b79c92\" data-element_type=\"column\">\n\t\t\t<div class=\"elementor-widget-wrap elementor-element-populated\">\n\t\t\t\t\t\t<div class=\"elementor-element elementor-element-5257be1 elementor-widget elementor-widget-image\" data-id=\"5257be1\" data-element_type=\"widget\" data-widget_type=\"image.default\">\n\t\t\t\t\t\t\t\t\t\t\t\t\t\t\t<img fetchpriority=\"high\" decoding=\"async\" width=\"750\" height=\"750\" src=\"https:\/\/www.iocharger.com\/wp-content\/uploads\/2023\/10\/advertising-display-ev-charger-1-2-1.png\" class=\"attachment-full size-full wp-image-5645\" alt=\"\" srcset=\"https:\/\/www.iocharger.com\/wp-content\/uploads\/2023\/10\/advertising-display-ev-charger-1-2-1.png 750w, https:\/\/www.iocharger.com\/wp-content\/uploads\/2023\/10\/advertising-display-ev-charger-1-2-1-150x150.png 150w, https:\/\/www.iocharger.com\/wp-content\/uploads\/2023\/10\/advertising-display-ev-charger-1-2-1-660x660.png 660w, https:\/\/www.iocharger.com\/wp-content\/uploads\/2023\/10\/advertising-display-ev-charger-1-2-1-300x300.png 300w, https:\/\/www.iocharger.com\/wp-content\/uploads\/2023\/10\/advertising-display-ev-charger-1-2-1-285x285.png 285w, https:\/\/www.iocharger.com\/wp-content\/uploads\/2023\/10\/advertising-display-ev-charger-1-2-1-270x270.png 270w, https:\/\/www.iocharger.com\/wp-content\/uploads\/2023\/10\/advertising-display-ev-charger-1-2-1-540x540.png 540w\" sizes=\"(max-width: 750px) 100vw, 750px\" \/>\t\t\t\t\t\t\t\t\t\t\t\t\t\t\t<\/div>\n\t\t\t\t\t<\/div>\n\t\t<\/div>\n\t\t\t\t\t<\/div>\n\t\t<\/section>\n\t\t\t\t<section class=\"elementor-section elementor-top-section elementor-element elementor-element-9603aec elementor-section-boxed elementor-section-height-default elementor-section-height-default\" data-id=\"9603aec\" data-element_type=\"section\">\n\t\t\t\t\t\t<div class=\"elementor-container elementor-column-gap-default\">\n\t\t\t\t\t<div class=\"elementor-column elementor-col-50 elementor-top-column elementor-element elementor-element-eee12a2\" data-id=\"eee12a2\" data-element_type=\"column\">\n\t\t\t<div class=\"elementor-widget-wrap elementor-element-populated\">\n\t\t\t\t\t\t<div class=\"elementor-element elementor-element-6a87b62 elementor-widget elementor-widget-image\" data-id=\"6a87b62\" data-element_type=\"widget\" data-widget_type=\"image.default\">\n\t\t\t\t\t\t\t\t\t\t\t\t\t\t\t<img decoding=\"async\" width=\"750\" height=\"750\" src=\"https:\/\/www.iocharger.com\/wp-content\/uploads\/2023\/10\/advertising-screen-1-1.png\" class=\"attachment-full size-full wp-image-5646\" alt=\"\" srcset=\"https:\/\/www.iocharger.com\/wp-content\/uploads\/2023\/10\/advertising-screen-1-1.png 750w, https:\/\/www.iocharger.com\/wp-content\/uploads\/2023\/10\/advertising-screen-1-1-150x150.png 150w, https:\/\/www.iocharger.com\/wp-content\/uploads\/2023\/10\/advertising-screen-1-1-660x660.png 660w, https:\/\/www.iocharger.com\/wp-content\/uploads\/2023\/10\/advertising-screen-1-1-300x300.png 300w, https:\/\/www.iocharger.com\/wp-content\/uploads\/2023\/10\/advertising-screen-1-1-285x285.png 285w, https:\/\/www.iocharger.com\/wp-content\/uploads\/2023\/10\/advertising-screen-1-1-270x270.png 270w, https:\/\/www.iocharger.com\/wp-content\/uploads\/2023\/10\/advertising-screen-1-1-540x540.png 540w\" sizes=\"(max-width: 750px) 100vw, 750px\" \/>\t\t\t\t\t\t\t\t\t\t\t\t\t\t\t<\/div>\n\t\t\t\t\t<\/div>\n\t\t<\/div>\n\t\t\t\t<div class=\"elementor-column elementor-col-50 elementor-top-column elementor-element elementor-element-5b864db\" data-id=\"5b864db\" data-element_type=\"column\">\n\t\t\t<div class=\"elementor-widget-wrap elementor-element-populated\">\n\t\t\t\t\t\t<div class=\"elementor-element elementor-element-4788f4e elementor-widget elementor-widget-text-editor\" data-id=\"4788f4e\" data-element_type=\"widget\" data-widget_type=\"text-editor.default\">\n\t\t\t\t\t\t\t\t\t<p><strong>Annonsvisning<\/strong><\/p>\n<p>Med en 55-tums 1080P LCD-sk\u00e4rm med 2500 nits h\u00f6g ljusstyrka och dubbla h\u00f6gtalare kan IOCAP25 st\u00f6dja reklam i form av bilder, text och video. IP55-skyddet g\u00f6r det m\u00f6jligt att anv\u00e4nda den i alla v\u00e4der, oavsett var du vill placera den f\u00f6r reklam- och EV-laddnings\u00e4ndam\u00e5l.<\/p>\t\t\t\t\t\t\t\t<\/div>\n\t\t\t\t\t<\/div>\n\t\t<\/div>\n\t\t\t\t\t<\/div>\n\t\t<\/section>\n\t\t\t\t<section class=\"elementor-section elementor-top-section elementor-element elementor-element-67a4712 elementor-section-boxed elementor-section-height-default elementor-section-height-default\" data-id=\"67a4712\" data-element_type=\"section\">\n\t\t\t\t\t\t<div class=\"elementor-container elementor-column-gap-default\">\n\t\t\t\t\t<div class=\"elementor-column elementor-col-50 elementor-top-column elementor-element elementor-element-351a9a2\" data-id=\"351a9a2\" data-element_type=\"column\">\n\t\t\t<div class=\"elementor-widget-wrap elementor-element-populated\">\n\t\t\t\t\t\t<div class=\"elementor-element elementor-element-7ee3b45 elementor-widget elementor-widget-text-editor\" data-id=\"7ee3b45\" data-element_type=\"widget\" data-widget_type=\"text-editor.default\">\n\t\t\t\t\t\t\t\t\t<p><strong>Ladda tv\u00e5 bilar samtidigt<\/strong><\/p><p>Tack vare den oberoende str\u00f6mf\u00f6rs\u00f6rjningsdesignen kan IOCAP25 ladda tv\u00e5 elbilar samtidigt utan att st\u00f6ra varandra, med en maximal uteffekt p\u00e5 22 kW f\u00f6r varje laddningskontakt. Laddningsstatusen f\u00f6r varje elbil visas tydligt p\u00e5 en LED-display.<\/p>\t\t\t\t\t\t\t\t<\/div>\n\t\t\t\t\t<\/div>\n\t\t<\/div>\n\t\t\t\t<div class=\"elementor-column elementor-col-50 elementor-top-column elementor-element elementor-element-0935c28\" data-id=\"0935c28\" data-element_type=\"column\">\n\t\t\t<div class=\"elementor-widget-wrap elementor-element-populated\">\n\t\t\t\t\t\t<div class=\"elementor-element elementor-element-c396476 elementor-widget elementor-widget-image\" data-id=\"c396476\" data-element_type=\"widget\" data-widget_type=\"image.default\">\n\t\t\t\t\t\t\t\t\t\t\t\t\t\t\t<img decoding=\"async\" width=\"750\" height=\"750\" src=\"https:\/\/www.iocharger.com\/wp-content\/uploads\/2023\/10\/3-2-1.png\" class=\"attachment-full size-full wp-image-5647\" alt=\"\" srcset=\"https:\/\/www.iocharger.com\/wp-content\/uploads\/2023\/10\/3-2-1.png 750w, https:\/\/www.iocharger.com\/wp-content\/uploads\/2023\/10\/3-2-1-150x150.png 150w, https:\/\/www.iocharger.com\/wp-content\/uploads\/2023\/10\/3-2-1-660x660.png 660w, https:\/\/www.iocharger.com\/wp-content\/uploads\/2023\/10\/3-2-1-300x300.png 300w, https:\/\/www.iocharger.com\/wp-content\/uploads\/2023\/10\/3-2-1-285x285.png 285w, https:\/\/www.iocharger.com\/wp-content\/uploads\/2023\/10\/3-2-1-270x270.png 270w, https:\/\/www.iocharger.com\/wp-content\/uploads\/2023\/10\/3-2-1-540x540.png 540w\" sizes=\"(max-width: 750px) 100vw, 750px\" \/>\t\t\t\t\t\t\t\t\t\t\t\t\t\t\t<\/div>\n\t\t\t\t\t<\/div>\n\t\t<\/div>\n\t\t\t\t\t<\/div>\n\t\t<\/section>\n\t\t\t\t<section class=\"elementor-section elementor-top-section elementor-element elementor-element-58c5698 elementor-section-boxed elementor-section-height-default elementor-section-height-default\" data-id=\"58c5698\" data-element_type=\"section\">\n\t\t\t\t\t\t<div class=\"elementor-container elementor-column-gap-default\">\n\t\t\t\t\t<div class=\"elementor-column elementor-col-50 elementor-top-column elementor-element elementor-element-645d292\" data-id=\"645d292\" data-element_type=\"column\">\n\t\t\t<div class=\"elementor-widget-wrap elementor-element-populated\">\n\t\t\t\t\t\t<div class=\"elementor-element elementor-element-c4775bf elementor-widget elementor-widget-image\" data-id=\"c4775bf\" data-element_type=\"widget\" data-widget_type=\"image.default\">\n\t\t\t\t\t\t\t\t\t\t\t\t\t\t\t<img loading=\"lazy\" decoding=\"async\" width=\"750\" height=\"750\" src=\"https:\/\/www.iocharger.com\/wp-content\/uploads\/2023\/10\/advertising-display-ev-charger-4-2-1.png\" class=\"attachment-full size-full wp-image-5648\" alt=\"Hur OCPP EV-laddare f\u00f6renklar laddning i k\u00f6pcentra och gallerior\" srcset=\"https:\/\/www.iocharger.com\/wp-content\/uploads\/2023\/10\/advertising-display-ev-charger-4-2-1.png 750w, https:\/\/www.iocharger.com\/wp-content\/uploads\/2023\/10\/advertising-display-ev-charger-4-2-1-150x150.png 150w, https:\/\/www.iocharger.com\/wp-content\/uploads\/2023\/10\/advertising-display-ev-charger-4-2-1-660x660.png 660w, https:\/\/www.iocharger.com\/wp-content\/uploads\/2023\/10\/advertising-display-ev-charger-4-2-1-300x300.png 300w, https:\/\/www.iocharger.com\/wp-content\/uploads\/2023\/10\/advertising-display-ev-charger-4-2-1-285x285.png 285w, https:\/\/www.iocharger.com\/wp-content\/uploads\/2023\/10\/advertising-display-ev-charger-4-2-1-270x270.png 270w, https:\/\/www.iocharger.com\/wp-content\/uploads\/2023\/10\/advertising-display-ev-charger-4-2-1-540x540.png 540w\" sizes=\"(max-width: 750px) 100vw, 750px\" \/>\t\t\t\t\t\t\t\t\t\t\t\t\t\t\t<\/div>\n\t\t\t\t\t<\/div>\n\t\t<\/div>\n\t\t\t\t<div class=\"elementor-column elementor-col-50 elementor-top-column elementor-element elementor-element-49aa57d\" data-id=\"49aa57d\" data-element_type=\"column\">\n\t\t\t<div class=\"elementor-widget-wrap elementor-element-populated\">\n\t\t\t\t\t\t<div class=\"elementor-element elementor-element-4c21c78 elementor-widget elementor-widget-text-editor\" data-id=\"4c21c78\" data-element_type=\"widget\" data-widget_type=\"text-editor.default\">\n\t\t\t\t\t\t\t\t\t<p><strong>Dynamisk lastbalansering<\/strong><\/p>\n<p>Iochargers avancerade l\u00f6sning f\u00f6r lastbalansering g\u00f6r det enkelt att ansluta IOCAP25 till andra EV-laddningsmodeller fr\u00e5n iocharger vid laddningsapplikationen, \u00e4ven om du anv\u00e4nder ett hybridkraftsystem med solpaneler och batterilagring. Realtids\u00f6vervakning av str\u00f6mf\u00f6rbrukningen och smart lasthantering mellan EV-laddare g\u00f6r att \u00e4garen slipper problem med \u00f6verbelastning.<\/p>\t\t\t\t\t\t\t\t<\/div>\n\t\t\t\t\t<\/div>\n\t\t<\/div>\n\t\t\t\t\t<\/div>\n\t\t<\/section>\n\t\t\t\t<\/div>","protected":false},"excerpt":{"rendered":"<div class=\"pro_main_text clearfix\">\n<div class=\"pro_main_text clearfix\">\n<div class=\"pro_main_text clearfix\">\n<p>Den p\u00e5litliga assistenten f\u00f6r drift av laddningsstationer.<\/p>\n<\/div>\n<ul class=\"clearfix\">\n<li>Ing\u00e5ngsv\u00e4rde: 1-fas 230V\u00b120% ; 3-fas 400V\u00b120%<\/li>\n<li>Uteffekt: 1-fas 2 x 11 kW 16 A; 3-fas 2 x 22 kW 32 A<\/li>\n<li>Intern RCD: 2 x typ B RCCB<\/li>\n<li>Sk\u00e4rm: 55 tum LCD<\/li>\n<li>M\u00e4tare: 2 x MID-m\u00e4tare<\/li>\n<li>N\u00e4tverksgr\u00e4nssnitt: Ethernet, WLAN, mobil smart internetanslutning<\/li>\n<li>OCPP: Fullt st\u00f6d f\u00f6r OCPP 1.6J\/ OCPP 2.0.1<\/li>\n<li>ISO15118 Plug &amp; Charge: Uppgraderingsbar<\/li>\n<li>Ing\u00e5ngsskydd: IP55<\/li>\n<li>Laddningsgr\u00e4nssnitt: Typ 2-uttag<\/li>\n<li>Monteringstyp: Golv<\/li>\n<\/ul>\n<\/div>\n<\/div>","protected":false},"featured_media":5489,"template":"","meta":{"_acf_changed":false},"product_brand":[],"product_cat":[61],"product_tag":[69,376,377,71],"class_list":{"0":"post-4399","1":"product","2":"type-product","3":"status-publish","4":"has-post-thumbnail","6":"product_cat-commercial-ev-charger","7":"product_tag-22kw-fast-public-ev-charger","8":"product_tag-commercial-ev-charge-solutions","9":"product_tag-ev-charging-station-with-advertising-screen","10":"product_tag-workplace-ev-charging-station","12":"first","13":"instock","14":"shipping-taxable","15":"product-type-simple"},"acf":[],"_links":{"self":[{"href":"https:\/\/www.iocharger.com\/sv\/wp-json\/wp\/v2\/product\/4399","targetHints":{"allow":["GET"]}}],"collection":[{"href":"https:\/\/www.iocharger.com\/sv\/wp-json\/wp\/v2\/product"}],"about":[{"href":"https:\/\/www.iocharger.com\/sv\/wp-json\/wp\/v2\/types\/product"}],"version-history":[{"count":4,"href":"https:\/\/www.iocharger.com\/sv\/wp-json\/wp\/v2\/product\/4399\/revisions"}],"predecessor-version":[{"id":9813,"href":"https:\/\/www.iocharger.com\/sv\/wp-json\/wp\/v2\/product\/4399\/revisions\/9813"}],"wp:featuredmedia":[{"embeddable":true,"href":"https:\/\/www.iocharger.com\/sv\/wp-json\/wp\/v2\/media\/5489"}],"wp:attachment":[{"href":"https:\/\/www.iocharger.com\/sv\/wp-json\/wp\/v2\/media?parent=4399"}],"wp:term":[{"taxonomy":"product_brand","embeddable":true,"href":"https:\/\/www.iocharger.com\/sv\/wp-json\/wp\/v2\/product_brand?post=4399"},{"taxonomy":"product_cat","embeddable":true,"href":"https:\/\/www.iocharger.com\/sv\/wp-json\/wp\/v2\/product_cat?post=4399"},{"taxonomy":"product_tag","embeddable":true,"href":"https:\/\/www.iocharger.com\/sv\/wp-json\/wp\/v2\/product_tag?post=4399"}],"curies":[{"name":"wp","href":"https:\/\/api.w.org\/{rel}","templated":true}]}}