{"id":2288,"date":"2023-06-02T09:07:35","date_gmt":"2023-06-02T09:07:35","guid":{"rendered":"https:\/\/test2.honstyle.com\/?post_type=product&#038;p=2288"},"modified":"2026-04-13T08:59:17","modified_gmt":"2026-04-13T08:59:17","slug":"200kwh-integrated-with-hybrid-inverter-commercial-energy-storage-system","status":"publish","type":"product","link":"https:\/\/www.iocharger.com\/sv\/200kwh-integrated-with-hybrid-inverter-commercial-energy-storage-system\/","title":{"rendered":"225kWh integrerat med hybridv\u00e4xelriktare Kommersiellt energilagringssystem"},"content":{"rendered":"<div data-elementor-type=\"product-post\" data-elementor-id=\"2288\" class=\"elementor elementor-2288\" data-elementor-post-type=\"product\">\n\t\t\t\t\t\t<section class=\"elementor-section elementor-top-section elementor-element elementor-element-cfbbd9e elementor-section-boxed elementor-section-height-default elementor-section-height-default\" data-id=\"cfbbd9e\" data-element_type=\"section\">\n\t\t\t\t\t\t<div class=\"elementor-container elementor-column-gap-default\">\n\t\t\t\t\t<div class=\"elementor-column elementor-col-50 elementor-top-column elementor-element elementor-element-c8531bd\" data-id=\"c8531bd\" data-element_type=\"column\">\n\t\t\t<div class=\"elementor-widget-wrap elementor-element-populated\">\n\t\t\t\t\t\t<div class=\"elementor-element elementor-element-be5f829 elementor-widget elementor-widget-text-editor\" data-id=\"be5f829\" data-element_type=\"widget\" data-widget_type=\"text-editor.default\">\n\t\t\t\t\t\t\t\t\t<p><strong>Huvudsakliga egenskaper:<\/strong><\/p><ul><li>Allt-i-ett-l\u00f6sning som \u00e4r oberoende av likstr\u00f6m och ansluten till v\u00e4xelstr\u00f6m<\/li><li>Flexibel, o\u00e4ndligt skalbar modul\u00e4r layout.<\/li><li>H\u00f6gsta s\u00e4kerhetsniv\u00e5<\/li><li>Enkel att installera, anv\u00e4nda och underh\u00e5lla<\/li><li>Uppfyller alla behov hos anv\u00e4ndare inom allm\u00e4nnyttiga och kommersiella sektorer<\/li><li>Effektutbyggnad f\u00f6r att spara kostnader f\u00f6r uppgradering av eln\u00e4tet<\/li><li>Molnbaserad EMS f\u00f6r \u00f6vervakning av energistatus i realtid<\/li><\/ul>\t\t\t\t\t\t\t\t<\/div>\n\t\t\t\t\t<\/div>\n\t\t<\/div>\n\t\t\t\t<div class=\"elementor-column elementor-col-50 elementor-top-column elementor-element elementor-element-bf45324\" data-id=\"bf45324\" data-element_type=\"column\">\n\t\t\t<div class=\"elementor-widget-wrap elementor-element-populated\">\n\t\t\t\t\t\t<div class=\"elementor-element elementor-element-06b561c elementor-widget elementor-widget-image\" data-id=\"06b561c\" data-element_type=\"widget\" data-widget_type=\"image.default\">\n\t\t\t\t\t\t\t\t\t\t\t\t\t\t\t<img fetchpriority=\"high\" decoding=\"async\" width=\"1024\" height=\"1024\" src=\"https:\/\/www.iocharger.com\/wp-content\/uploads\/2023\/06\/battery-energy-storage-system-1.jpg\" class=\"attachment-full size-full wp-image-7936\" alt=\"batteri energilagringssystem\" srcset=\"https:\/\/www.iocharger.com\/wp-content\/uploads\/2023\/06\/battery-energy-storage-system-1.jpg 1024w, https:\/\/www.iocharger.com\/wp-content\/uploads\/2023\/06\/battery-energy-storage-system-1-150x150.jpg 150w, https:\/\/www.iocharger.com\/wp-content\/uploads\/2023\/06\/battery-energy-storage-system-1-660x660.jpg 660w, https:\/\/www.iocharger.com\/wp-content\/uploads\/2023\/06\/battery-energy-storage-system-1-300x300.jpg 300w, https:\/\/www.iocharger.com\/wp-content\/uploads\/2023\/06\/battery-energy-storage-system-1-768x768.jpg 768w, https:\/\/www.iocharger.com\/wp-content\/uploads\/2023\/06\/battery-energy-storage-system-1-285x285.jpg 285w, https:\/\/www.iocharger.com\/wp-content\/uploads\/2023\/06\/battery-energy-storage-system-1-270x270.jpg 270w, https:\/\/www.iocharger.com\/wp-content\/uploads\/2023\/06\/battery-energy-storage-system-1-540x540.jpg 540w\" sizes=\"(max-width: 1024px) 100vw, 1024px\" \/>\t\t\t\t\t\t\t\t\t\t\t\t\t\t\t<\/div>\n\t\t\t\t\t<\/div>\n\t\t<\/div>\n\t\t\t\t\t<\/div>\n\t\t<\/section>\n\t\t\t\t<section class=\"elementor-section elementor-top-section elementor-element elementor-element-36b9441 elementor-section-boxed elementor-section-height-default elementor-section-height-default\" data-id=\"36b9441\" data-element_type=\"section\">\n\t\t\t\t\t\t<div class=\"elementor-container elementor-column-gap-default\">\n\t\t\t\t\t<div class=\"elementor-column elementor-col-50 elementor-top-column elementor-element elementor-element-060b91a\" data-id=\"060b91a\" data-element_type=\"column\">\n\t\t\t<div class=\"elementor-widget-wrap elementor-element-populated\">\n\t\t\t\t\t\t<div class=\"elementor-element elementor-element-e94d1a9 elementor-widget elementor-widget-image\" data-id=\"e94d1a9\" data-element_type=\"widget\" data-widget_type=\"image.default\">\n\t\t\t\t\t\t\t\t\t\t\t\t\t\t\t<img decoding=\"async\" width=\"800\" height=\"800\" src=\"https:\/\/www.iocharger.com\/wp-content\/uploads\/2023\/06\/all-in-one-battery-1.jpg\" class=\"attachment-full size-full wp-image-4735\" alt=\"\" srcset=\"https:\/\/www.iocharger.com\/wp-content\/uploads\/2023\/06\/all-in-one-battery-1.jpg 800w, https:\/\/www.iocharger.com\/wp-content\/uploads\/2023\/06\/all-in-one-battery-1-150x150.jpg 150w, https:\/\/www.iocharger.com\/wp-content\/uploads\/2023\/06\/all-in-one-battery-1-660x660.jpg 660w, https:\/\/www.iocharger.com\/wp-content\/uploads\/2023\/06\/all-in-one-battery-1-300x300.jpg 300w, https:\/\/www.iocharger.com\/wp-content\/uploads\/2023\/06\/all-in-one-battery-1-768x768.jpg 768w, https:\/\/www.iocharger.com\/wp-content\/uploads\/2023\/06\/all-in-one-battery-1-285x285.jpg 285w, https:\/\/www.iocharger.com\/wp-content\/uploads\/2023\/06\/all-in-one-battery-1-270x270.jpg 270w, https:\/\/www.iocharger.com\/wp-content\/uploads\/2023\/06\/all-in-one-battery-1-540x540.jpg 540w\" sizes=\"(max-width: 800px) 100vw, 800px\" \/>\t\t\t\t\t\t\t\t\t\t\t\t\t\t\t<\/div>\n\t\t\t\t\t<\/div>\n\t\t<\/div>\n\t\t\t\t<div class=\"elementor-column elementor-col-50 elementor-top-column elementor-element elementor-element-002f709\" data-id=\"002f709\" data-element_type=\"column\">\n\t\t\t<div class=\"elementor-widget-wrap elementor-element-populated\">\n\t\t\t\t\t\t<div class=\"elementor-element elementor-element-0c52187 elementor-widget__width-initial elementor-widget elementor-widget-text-editor\" data-id=\"0c52187\" data-element_type=\"widget\" data-widget_type=\"text-editor.default\">\n\t\t\t\t\t\t\t\t\t<p><strong>Allt-i-ett-l\u00f6sning<\/strong><\/p><p>Varje LiHub \u00e4r standardiserad och utformad med helt integrerade LFP-batterier med l\u00e5ng livsl\u00e4ngd, intelligent BMS, h\u00f6gpresterande PCS, aktivt s\u00e4kerhetssystem och smart AC\/DC-kraftdistributionssystem.<\/p><p>\u00a0<\/p>\t\t\t\t\t\t\t\t<\/div>\n\t\t\t\t\t<\/div>\n\t\t<\/div>\n\t\t\t\t\t<\/div>\n\t\t<\/section>\n\t\t\t\t<section class=\"elementor-section elementor-top-section elementor-element elementor-element-4449b7b elementor-section-boxed elementor-section-height-default elementor-section-height-default\" data-id=\"4449b7b\" data-element_type=\"section\">\n\t\t\t\t\t\t<div class=\"elementor-container elementor-column-gap-default\">\n\t\t\t\t\t<div class=\"elementor-column elementor-col-50 elementor-top-column elementor-element elementor-element-451f579\" data-id=\"451f579\" data-element_type=\"column\">\n\t\t\t<div class=\"elementor-widget-wrap elementor-element-populated\">\n\t\t\t\t\t\t<div class=\"elementor-element elementor-element-ad7bc1c elementor-widget__width-initial elementor-widget elementor-widget-text-editor\" data-id=\"ad7bc1c\" data-element_type=\"widget\" data-widget_type=\"text-editor.default\">\n\t\t\t\t\t\t\t\t\t<p><strong>H\u00f6gsta s\u00e4kerhetsniv\u00e5<\/strong><\/p><ul><li>Oberoende kontroll f\u00f6r att eliminera batterifamiljens cirkulation och likstr\u00f6msb\u00e5gar.<\/li><li>4 niv\u00e5er av brandskydd, inklusive temperaturgivare p\u00e5 cellniv\u00e5, aerosolbrandsl\u00e4ckare p\u00e5 packniv\u00e5, temperatur- och r\u00f6kdetekterings- och larmsystem p\u00e5 klusterniv\u00e5 samt heptafluorpropanbrandsl\u00e4ckare p\u00e5 sk\u00e5pniv\u00e5.<\/li><li>Omfattande testning av hus s\u00e5som kortslutning, extrudering, sp\u00e4nningsfall, \u00f6versp\u00e4nning, undersp\u00e4nning, \u00f6verladdning, \u00f6verurladdning, saltspray, h\u00f6g temperatur och \u00f6verhettning.<\/li><li>H\u00f6g s\u00e4kerhetshantering inklusive full sensort\u00e4ckning av cellsp\u00e4nning och temperatur, utj\u00e4mningskontroll av celler och moduler, intelligent kraftdistribution p\u00e5 klusterniv\u00e5, intelligent temperaturkontroll, samordnad hantering av PCS och BMS.<\/li><\/ul>\t\t\t\t\t\t\t\t<\/div>\n\t\t\t\t\t<\/div>\n\t\t<\/div>\n\t\t\t\t<div class=\"elementor-column elementor-col-50 elementor-top-column elementor-element elementor-element-47925c5\" data-id=\"47925c5\" data-element_type=\"column\">\n\t\t\t<div class=\"elementor-widget-wrap elementor-element-populated\">\n\t\t\t\t\t\t<div class=\"elementor-element elementor-element-f1864e8 elementor-widget elementor-widget-image\" data-id=\"f1864e8\" data-element_type=\"widget\" data-widget_type=\"image.default\">\n\t\t\t\t\t\t\t\t\t\t\t\t\t\t\t<img decoding=\"async\" width=\"1024\" height=\"1024\" src=\"https:\/\/www.iocharger.com\/wp-content\/uploads\/2023\/06\/battery-energy-storage-1.jpg\" class=\"attachment-full size-full wp-image-7938\" alt=\"batterilagring\" srcset=\"https:\/\/www.iocharger.com\/wp-content\/uploads\/2023\/06\/battery-energy-storage-1.jpg 1024w, https:\/\/www.iocharger.com\/wp-content\/uploads\/2023\/06\/battery-energy-storage-1-150x150.jpg 150w, https:\/\/www.iocharger.com\/wp-content\/uploads\/2023\/06\/battery-energy-storage-1-660x660.jpg 660w, https:\/\/www.iocharger.com\/wp-content\/uploads\/2023\/06\/battery-energy-storage-1-300x300.jpg 300w, https:\/\/www.iocharger.com\/wp-content\/uploads\/2023\/06\/battery-energy-storage-1-768x768.jpg 768w, https:\/\/www.iocharger.com\/wp-content\/uploads\/2023\/06\/battery-energy-storage-1-285x285.jpg 285w, https:\/\/www.iocharger.com\/wp-content\/uploads\/2023\/06\/battery-energy-storage-1-270x270.jpg 270w, https:\/\/www.iocharger.com\/wp-content\/uploads\/2023\/06\/battery-energy-storage-1-540x540.jpg 540w\" sizes=\"(max-width: 1024px) 100vw, 1024px\" \/>\t\t\t\t\t\t\t\t\t\t\t\t\t\t\t<\/div>\n\t\t\t\t\t<\/div>\n\t\t<\/div>\n\t\t\t\t\t<\/div>\n\t\t<\/section>\n\t\t\t\t<section class=\"elementor-section elementor-top-section elementor-element elementor-element-af7456c elementor-section-boxed elementor-section-height-default elementor-section-height-default\" data-id=\"af7456c\" data-element_type=\"section\">\n\t\t\t\t\t\t<div class=\"elementor-container elementor-column-gap-default\">\n\t\t\t\t\t<div class=\"elementor-column elementor-col-50 elementor-top-column elementor-element elementor-element-1fbeaf6\" data-id=\"1fbeaf6\" data-element_type=\"column\">\n\t\t\t<div class=\"elementor-widget-wrap elementor-element-populated\">\n\t\t\t\t\t\t<div class=\"elementor-element elementor-element-8e41886 elementor-widget elementor-widget-image\" data-id=\"8e41886\" data-element_type=\"widget\" data-widget_type=\"image.default\">\n\t\t\t\t\t\t\t\t\t\t\t\t\t\t\t<img loading=\"lazy\" decoding=\"async\" width=\"800\" height=\"800\" src=\"https:\/\/www.iocharger.com\/wp-content\/uploads\/2023\/06\/battery-application-1.jpg\" class=\"attachment-full size-full wp-image-4709\" alt=\"\" srcset=\"https:\/\/www.iocharger.com\/wp-content\/uploads\/2023\/06\/battery-application-1.jpg 800w, https:\/\/www.iocharger.com\/wp-content\/uploads\/2023\/06\/battery-application-1-150x150.jpg 150w, https:\/\/www.iocharger.com\/wp-content\/uploads\/2023\/06\/battery-application-1-660x660.jpg 660w, https:\/\/www.iocharger.com\/wp-content\/uploads\/2023\/06\/battery-application-1-300x300.jpg 300w, https:\/\/www.iocharger.com\/wp-content\/uploads\/2023\/06\/battery-application-1-768x768.jpg 768w, https:\/\/www.iocharger.com\/wp-content\/uploads\/2023\/06\/battery-application-1-285x285.jpg 285w, https:\/\/www.iocharger.com\/wp-content\/uploads\/2023\/06\/battery-application-1-270x270.jpg 270w, https:\/\/www.iocharger.com\/wp-content\/uploads\/2023\/06\/battery-application-1-540x540.jpg 540w\" sizes=\"(max-width: 800px) 100vw, 800px\" \/>\t\t\t\t\t\t\t\t\t\t\t\t\t\t\t<\/div>\n\t\t\t\t\t<\/div>\n\t\t<\/div>\n\t\t\t\t<div class=\"elementor-column elementor-col-50 elementor-top-column elementor-element elementor-element-94f83f3\" data-id=\"94f83f3\" data-element_type=\"column\">\n\t\t\t<div class=\"elementor-widget-wrap elementor-element-populated\">\n\t\t\t\t\t\t<div class=\"elementor-element elementor-element-7517f11 elementor-widget elementor-widget-text-editor\" data-id=\"7517f11\" data-element_type=\"widget\" data-widget_type=\"text-editor.default\">\n\t\t\t\t\t\t\t\t\t<p><strong>Flera applikationer<\/strong><\/p><ul><li>Peak Shaving, avlastning vid perioder med h\u00f6g efterfr\u00e5gan f\u00f6r att undvika eller minska efterfr\u00e5geavgifter.<\/li><li>Lastf\u00f6rskjutning, flytta energif\u00f6rbrukningen fr\u00e5n en tidpunkt till en annan f\u00f6r att undvika h\u00f6ga energipriser. I till\u00e4mpliga fall tar denna prisoptimering h\u00e4nsyn till solenergi eller annan lokal energiproduktion.<\/li><li>N\u00f6dreservkraft, tillhandah\u00e5ller mellanliggande reservkraft till ditt f\u00f6retag vid ett str\u00f6mavbrott. Denna funktion kan vara frist\u00e5ende eller kopplad till solenergi.<\/li><li>Efterfr\u00e5gesidan, avladdning omedelbart som svar p\u00e5 signaler fr\u00e5n en efterfr\u00e5gesidanadministrat\u00f6r f\u00f6r att lindra toppar i systembelastningen.<\/li><li>Mikron\u00e4t, bygg ett lokalt n\u00e4t som kan kopplas bort fr\u00e5n huvudn\u00e4tet, fungera sj\u00e4lvst\u00e4ndigt och st\u00e4rka n\u00e4tets totala motst\u00e5ndskraft.<\/li><li>Kraftutbyggnad, leverera kraft och energikapacitet p\u00e5 en distribuerad plats f\u00f6r att skjuta upp eller eliminera behovet av att uppgradera \u00e5ldrande n\u00e4tinfrastruktur.<\/li><\/ul>\t\t\t\t\t\t\t\t<\/div>\n\t\t\t\t\t<\/div>\n\t\t<\/div>\n\t\t\t\t\t<\/div>\n\t\t<\/section>\n\t\t\t\t<\/div>","protected":false},"excerpt":{"rendered":"<div class=\"pro_main_text clearfix\">\n<div class=\"pro_main_text clearfix\">\n<div class=\"pro_main_text clearfix\">\n<div class=\"pro_main_text clearfix\">\n<div class=\"pro_main_text clearfix\">\n<div class=\"pro_main_text clearfix\">\n<div class=\"pro_main_text clearfix\">\n<div class=\"pro_main_text clearfix\">\n<div class=\"pro_main_text clearfix\">\n<div class=\"pro_main_text clearfix\">\n<div class=\"pro_main_text clearfix\">\n<p>Allt-i-ett-l\u00f6sning f\u00f6r energilagring inom industri och handel<\/p>\n<\/div>\n<ul class=\"clearfix\">\n<li>Batteri: LiFePO4<\/li>\n<li>Batterikapacitet: 225 kWh<\/li>\n<li>Djup vid urladdning: 95%DOD<\/li>\n<li>Max. laddning: 0,6C<\/li>\n<li>Max. urladdning: 0,6C<\/li>\n<li>M\u00e4rksp\u00e4nning: 220\/380 (-15%~+10%), 3P+N+PE<\/li>\n<li>Driftssp\u00e4nning: 628 V DC ~ 806 V DC<\/li>\n<li>Skyddsniv\u00e5: IP55<\/li>\n<li>M\u00e5tt: 1250 x 2260 x 1150 mm<\/li>\n<li>Livsl\u00e4ngd: 6000 cykler<\/li>\n<\/ul>\n<\/div>\n<\/div>\n<\/div>\n<\/div>\n<\/div>\n<\/div>\n<\/div>\n<\/div>\n<\/div>\n<\/div>","protected":false},"featured_media":7934,"template":"","meta":{"_acf_changed":false},"product_brand":[],"product_cat":[97],"product_tag":[99,100,101],"class_list":{"0":"post-2288","1":"product","2":"type-product","3":"status-publish","4":"has-post-thumbnail","6":"product_cat-energy-storage-system","7":"product_tag-200kwh-all-in-one-ess","8":"product_tag-commercial-energy-storage-system","9":"product_tag-commercial-ess-integrated-with-hybrid-inverter","11":"first","12":"instock","13":"featured","14":"shipping-taxable","15":"product-type-simple"},"acf":[],"_links":{"self":[{"href":"https:\/\/www.iocharger.com\/sv\/wp-json\/wp\/v2\/product\/2288","targetHints":{"allow":["GET"]}}],"collection":[{"href":"https:\/\/www.iocharger.com\/sv\/wp-json\/wp\/v2\/product"}],"about":[{"href":"https:\/\/www.iocharger.com\/sv\/wp-json\/wp\/v2\/types\/product"}],"version-history":[{"count":2,"href":"https:\/\/www.iocharger.com\/sv\/wp-json\/wp\/v2\/product\/2288\/revisions"}],"predecessor-version":[{"id":9815,"href":"https:\/\/www.iocharger.com\/sv\/wp-json\/wp\/v2\/product\/2288\/revisions\/9815"}],"wp:featuredmedia":[{"embeddable":true,"href":"https:\/\/www.iocharger.com\/sv\/wp-json\/wp\/v2\/media\/7934"}],"wp:attachment":[{"href":"https:\/\/www.iocharger.com\/sv\/wp-json\/wp\/v2\/media?parent=2288"}],"wp:term":[{"taxonomy":"product_brand","embeddable":true,"href":"https:\/\/www.iocharger.com\/sv\/wp-json\/wp\/v2\/product_brand?post=2288"},{"taxonomy":"product_cat","embeddable":true,"href":"https:\/\/www.iocharger.com\/sv\/wp-json\/wp\/v2\/product_cat?post=2288"},{"taxonomy":"product_tag","embeddable":true,"href":"https:\/\/www.iocharger.com\/sv\/wp-json\/wp\/v2\/product_tag?post=2288"}],"curies":[{"name":"wp","href":"https:\/\/api.w.org\/{rel}","templated":true}]}}