{"id":2275,"date":"2023-06-02T08:59:02","date_gmt":"2023-06-02T08:59:02","guid":{"rendered":"https:\/\/test2.honstyle.com\/?post_type=product&#038;p=2275"},"modified":"2026-04-30T07:05:10","modified_gmt":"2026-04-30T07:05:10","slug":"5-12kwh-10-24kwh-home-energy-storage-battery-ess","status":"publish","type":"product","link":"https:\/\/www.iocharger.com\/sv\/5-12kwh-10-24kwh-home-energy-storage-battery-ess\/","title":{"rendered":"5,12kWh 10,24kWh Batteri f\u00f6r energilagring i hemmet ESS"},"content":{"rendered":"<div data-elementor-type=\"product-post\" data-elementor-id=\"2275\" class=\"elementor elementor-2275\" data-elementor-post-type=\"product\">\n\t\t\t\t\t\t<section class=\"elementor-section elementor-top-section elementor-element elementor-element-3ef6551 elementor-section-boxed elementor-section-height-default elementor-section-height-default\" data-id=\"3ef6551\" data-element_type=\"section\">\n\t\t\t\t\t\t<div class=\"elementor-container elementor-column-gap-default\">\n\t\t\t\t\t<div class=\"elementor-column elementor-col-100 elementor-top-column elementor-element elementor-element-9725433\" data-id=\"9725433\" data-element_type=\"column\">\n\t\t\t<div class=\"elementor-widget-wrap elementor-element-populated\">\n\t\t\t\t\t\t<div class=\"elementor-element elementor-element-52f6e30 elementor-widget elementor-widget-text-editor\" data-id=\"52f6e30\" data-element_type=\"widget\" data-widget_type=\"text-editor.default\">\n\t\t\t\t\t\t\t\t\t<p>iocharger Harmony ESS kan alltid lagra energi fr\u00e5n solenergi och eln\u00e4tet som backup, f\u00f6r att s\u00e4kra din energianv\u00e4ndning och spara p\u00e5 elr\u00e4kningen.<\/p>\t\t\t\t\t\t\t\t<\/div>\n\t\t\t\t\t<\/div>\n\t\t<\/div>\n\t\t\t\t\t<\/div>\n\t\t<\/section>\n\t\t\t\t<section class=\"elementor-section elementor-top-section elementor-element elementor-element-3e9eac0 elementor-section-boxed elementor-section-height-default elementor-section-height-default\" data-id=\"3e9eac0\" data-element_type=\"section\">\n\t\t\t\t\t\t<div class=\"elementor-container elementor-column-gap-default\">\n\t\t\t\t\t<div class=\"elementor-column elementor-col-50 elementor-top-column elementor-element elementor-element-9a00aad\" data-id=\"9a00aad\" data-element_type=\"column\">\n\t\t\t<div class=\"elementor-widget-wrap elementor-element-populated\">\n\t\t\t\t\t\t<div class=\"elementor-element elementor-element-07e7a53 elementor-widget elementor-widget-text-editor\" data-id=\"07e7a53\" data-element_type=\"widget\" data-widget_type=\"text-editor.default\">\n\t\t\t\t\t\t\t\t\t<p><strong>Huvudsakliga egenskaper:<\/strong><\/p><p>\u25cf Modern och kompakt design<br \/>\u25cf S\u00f6ml\u00f6s modul\u00e4r stapling<br \/>\u25cf Autol\u00e5sande struktur och skydd mot st\u00f6tar<br \/>\u25cf 6 punkters temperaturdetektering<br \/>\u25cf Inbyggd modul f\u00f6r sl\u00e4ckning av aerosolbr\u00e4nder<br \/>\u25cf Dold str\u00f6manslutning<br \/>\u25cf Intelligent BMS<br \/>\u25cf Live\u00f6vervakning via iocharger-appen<\/p>\t\t\t\t\t\t\t\t<\/div>\n\t\t\t\t\t<\/div>\n\t\t<\/div>\n\t\t\t\t<div class=\"elementor-column elementor-col-50 elementor-top-column elementor-element elementor-element-5fa6081\" data-id=\"5fa6081\" data-element_type=\"column\">\n\t\t\t<div class=\"elementor-widget-wrap elementor-element-populated\">\n\t\t\t\t\t\t<div class=\"elementor-element elementor-element-302863c elementor-widget elementor-widget-image\" data-id=\"302863c\" data-element_type=\"widget\" data-widget_type=\"image.default\">\n\t\t\t\t\t\t\t\t\t\t\t\t\t\t\t<img fetchpriority=\"high\" decoding=\"async\" width=\"660\" height=\"660\" src=\"https:\/\/www.iocharger.com\/wp-content\/uploads\/2023\/06\/ENERGY-STORAGE-BATTERY-4-660x660-1-1.png\" class=\"attachment-full size-full wp-image-5725\" alt=\"\" srcset=\"https:\/\/www.iocharger.com\/wp-content\/uploads\/2023\/06\/ENERGY-STORAGE-BATTERY-4-660x660-1-1.png 660w, https:\/\/www.iocharger.com\/wp-content\/uploads\/2023\/06\/ENERGY-STORAGE-BATTERY-4-660x660-1-1-150x150.png 150w, https:\/\/www.iocharger.com\/wp-content\/uploads\/2023\/06\/ENERGY-STORAGE-BATTERY-4-660x660-1-1-300x300.png 300w, https:\/\/www.iocharger.com\/wp-content\/uploads\/2023\/06\/ENERGY-STORAGE-BATTERY-4-660x660-1-1-285x285.png 285w, https:\/\/www.iocharger.com\/wp-content\/uploads\/2023\/06\/ENERGY-STORAGE-BATTERY-4-660x660-1-1-270x270.png 270w, https:\/\/www.iocharger.com\/wp-content\/uploads\/2023\/06\/ENERGY-STORAGE-BATTERY-4-660x660-1-1-540x540.png 540w\" sizes=\"(max-width: 660px) 100vw, 660px\" \/>\t\t\t\t\t\t\t\t\t\t\t\t\t\t\t<\/div>\n\t\t\t\t\t<\/div>\n\t\t<\/div>\n\t\t\t\t\t<\/div>\n\t\t<\/section>\n\t\t\t\t<section class=\"elementor-section elementor-top-section elementor-element elementor-element-a6fc96f elementor-section-boxed elementor-section-height-default elementor-section-height-default\" data-id=\"a6fc96f\" data-element_type=\"section\">\n\t\t\t\t\t\t<div class=\"elementor-container elementor-column-gap-default\">\n\t\t\t\t\t<div class=\"elementor-column elementor-col-50 elementor-top-column elementor-element elementor-element-d4f7684\" data-id=\"d4f7684\" data-element_type=\"column\">\n\t\t\t<div class=\"elementor-widget-wrap elementor-element-populated\">\n\t\t\t\t\t\t<div class=\"elementor-element elementor-element-30111b8 elementor-widget elementor-widget-image\" data-id=\"30111b8\" data-element_type=\"widget\" data-widget_type=\"image.default\">\n\t\t\t\t\t\t\t\t\t\t\t\t\t\t\t<img decoding=\"async\" width=\"750\" height=\"750\" src=\"https:\/\/www.iocharger.com\/wp-content\/uploads\/2023\/06\/energy-battery-storage-1-1.jpg\" class=\"attachment-full size-full wp-image-5726\" alt=\"\" srcset=\"https:\/\/www.iocharger.com\/wp-content\/uploads\/2023\/06\/energy-battery-storage-1-1.jpg 750w, https:\/\/www.iocharger.com\/wp-content\/uploads\/2023\/06\/energy-battery-storage-1-1-150x150.jpg 150w, https:\/\/www.iocharger.com\/wp-content\/uploads\/2023\/06\/energy-battery-storage-1-1-660x660.jpg 660w, https:\/\/www.iocharger.com\/wp-content\/uploads\/2023\/06\/energy-battery-storage-1-1-300x300.jpg 300w, https:\/\/www.iocharger.com\/wp-content\/uploads\/2023\/06\/energy-battery-storage-1-1-285x285.jpg 285w, https:\/\/www.iocharger.com\/wp-content\/uploads\/2023\/06\/energy-battery-storage-1-1-270x270.jpg 270w, https:\/\/www.iocharger.com\/wp-content\/uploads\/2023\/06\/energy-battery-storage-1-1-540x540.jpg 540w\" sizes=\"(max-width: 750px) 100vw, 750px\" \/>\t\t\t\t\t\t\t\t\t\t\t\t\t\t\t<\/div>\n\t\t\t\t\t<\/div>\n\t\t<\/div>\n\t\t\t\t<div class=\"elementor-column elementor-col-50 elementor-top-column elementor-element elementor-element-33e285c\" data-id=\"33e285c\" data-element_type=\"column\">\n\t\t\t<div class=\"elementor-widget-wrap elementor-element-populated\">\n\t\t\t\t\t\t<div class=\"elementor-element elementor-element-16d0803 elementor-widget elementor-widget-text-editor\" data-id=\"16d0803\" data-element_type=\"widget\" data-widget_type=\"text-editor.default\">\n\t\t\t\t\t\t\t\t\t<p><strong>S\u00f6ml\u00f6s modul\u00e4r design<\/strong><\/p><p>Harmony ESS \u00e4r utformad f\u00f6r att komplettera en m\u00e4ngd olika hemstilar. Med autol\u00e5sande str\u00f6mkabelanslutning och ergonomisk handtagsdesign \u00e4r det mycket enkelt f\u00f6r bara en man att hantera installationen. S\u00f6ml\u00f6s anslutning och modul\u00e4r stapling av upp till 6 batterimoduler utan extra tillbeh\u00f6r.<\/p><p style=\"text-align: left;\">\u00a0<\/p>\t\t\t\t\t\t\t\t<\/div>\n\t\t\t\t\t<\/div>\n\t\t<\/div>\n\t\t\t\t\t<\/div>\n\t\t<\/section>\n\t\t\t\t<section class=\"elementor-section elementor-top-section elementor-element elementor-element-96c8bda elementor-section-boxed elementor-section-height-default elementor-section-height-default\" data-id=\"96c8bda\" data-element_type=\"section\">\n\t\t\t\t\t\t<div class=\"elementor-container elementor-column-gap-default\">\n\t\t\t\t\t<div class=\"elementor-column elementor-col-50 elementor-top-column elementor-element elementor-element-01af674\" data-id=\"01af674\" data-element_type=\"column\">\n\t\t\t<div class=\"elementor-widget-wrap elementor-element-populated\">\n\t\t\t\t\t\t<div class=\"elementor-element elementor-element-259870b elementor-widget elementor-widget-text-editor\" data-id=\"259870b\" data-element_type=\"widget\" data-widget_type=\"text-editor.default\">\n\t\t\t\t\t\t\t\t\t<p><strong>Extrema s\u00e4kerhetsskydd<\/strong><\/p><p>LFP-batterierna inuti \u00e4r den s\u00e4kraste typen av litiumbatterier med l\u00e5ng livsl\u00e4ngd. Inbyggd aerosolbrandsl\u00e4ckningsmodul, brands\u00e4kert h\u00f6lje, 6-punkts temperaturdetektering och intelligent BMS s\u00e4kerst\u00e4ller en livsl\u00e5ng batteriupplevelse.<\/p>\t\t\t\t\t\t\t\t<\/div>\n\t\t\t\t\t<\/div>\n\t\t<\/div>\n\t\t\t\t<div class=\"elementor-column elementor-col-50 elementor-top-column elementor-element elementor-element-3ab31e4\" data-id=\"3ab31e4\" data-element_type=\"column\">\n\t\t\t<div class=\"elementor-widget-wrap elementor-element-populated\">\n\t\t\t\t\t\t<div class=\"elementor-element elementor-element-b288dd2 elementor-widget elementor-widget-image\" data-id=\"b288dd2\" data-element_type=\"widget\" data-widget_type=\"image.default\">\n\t\t\t\t\t\t\t\t\t\t\t\t\t\t\t<img decoding=\"async\" width=\"750\" height=\"750\" src=\"https:\/\/www.iocharger.com\/wp-content\/uploads\/2023\/06\/energy-battery-storage-2-1.jpg\" class=\"attachment-full size-full wp-image-5728\" alt=\"\" srcset=\"https:\/\/www.iocharger.com\/wp-content\/uploads\/2023\/06\/energy-battery-storage-2-1.jpg 750w, https:\/\/www.iocharger.com\/wp-content\/uploads\/2023\/06\/energy-battery-storage-2-1-150x150.jpg 150w, https:\/\/www.iocharger.com\/wp-content\/uploads\/2023\/06\/energy-battery-storage-2-1-660x660.jpg 660w, https:\/\/www.iocharger.com\/wp-content\/uploads\/2023\/06\/energy-battery-storage-2-1-300x300.jpg 300w, https:\/\/www.iocharger.com\/wp-content\/uploads\/2023\/06\/energy-battery-storage-2-1-285x285.jpg 285w, https:\/\/www.iocharger.com\/wp-content\/uploads\/2023\/06\/energy-battery-storage-2-1-270x270.jpg 270w, https:\/\/www.iocharger.com\/wp-content\/uploads\/2023\/06\/energy-battery-storage-2-1-540x540.jpg 540w\" sizes=\"(max-width: 750px) 100vw, 750px\" \/>\t\t\t\t\t\t\t\t\t\t\t\t\t\t\t<\/div>\n\t\t\t\t\t<\/div>\n\t\t<\/div>\n\t\t\t\t\t<\/div>\n\t\t<\/section>\n\t\t\t\t<section class=\"elementor-section elementor-top-section elementor-element elementor-element-a6c6ba9 elementor-section-boxed elementor-section-height-default elementor-section-height-default\" data-id=\"a6c6ba9\" data-element_type=\"section\">\n\t\t\t\t\t\t<div class=\"elementor-container elementor-column-gap-default\">\n\t\t\t\t\t<div class=\"elementor-column elementor-col-50 elementor-top-column elementor-element elementor-element-37735b6\" data-id=\"37735b6\" data-element_type=\"column\">\n\t\t\t<div class=\"elementor-widget-wrap elementor-element-populated\">\n\t\t\t\t\t\t<div class=\"elementor-element elementor-element-58acedf elementor-widget elementor-widget-image\" data-id=\"58acedf\" data-element_type=\"widget\" data-widget_type=\"image.default\">\n\t\t\t\t\t\t\t\t\t\t\t\t\t\t\t<img loading=\"lazy\" decoding=\"async\" width=\"750\" height=\"750\" src=\"https:\/\/www.iocharger.com\/wp-content\/uploads\/2023\/06\/Home-Energy-Storage-system4-1-1.png\" class=\"attachment-full size-full wp-image-3709\" alt=\"\" srcset=\"https:\/\/www.iocharger.com\/wp-content\/uploads\/2023\/06\/Home-Energy-Storage-system4-1-1.png 750w, https:\/\/www.iocharger.com\/wp-content\/uploads\/2023\/06\/Home-Energy-Storage-system4-1-1-150x150.png 150w, https:\/\/www.iocharger.com\/wp-content\/uploads\/2023\/06\/Home-Energy-Storage-system4-1-1-660x660.png 660w, https:\/\/www.iocharger.com\/wp-content\/uploads\/2023\/06\/Home-Energy-Storage-system4-1-1-300x300.png 300w, https:\/\/www.iocharger.com\/wp-content\/uploads\/2023\/06\/Home-Energy-Storage-system4-1-1-285x285.png 285w, https:\/\/www.iocharger.com\/wp-content\/uploads\/2023\/06\/Home-Energy-Storage-system4-1-1-270x270.png 270w, https:\/\/www.iocharger.com\/wp-content\/uploads\/2023\/06\/Home-Energy-Storage-system4-1-1-540x540.png 540w\" sizes=\"(max-width: 750px) 100vw, 750px\" \/>\t\t\t\t\t\t\t\t\t\t\t\t\t\t\t<\/div>\n\t\t\t\t\t<\/div>\n\t\t<\/div>\n\t\t\t\t<div class=\"elementor-column elementor-col-50 elementor-top-column elementor-element elementor-element-8f74b52\" data-id=\"8f74b52\" data-element_type=\"column\">\n\t\t\t<div class=\"elementor-widget-wrap elementor-element-populated\">\n\t\t\t\t\t\t<div class=\"elementor-element elementor-element-21ff06b elementor-widget elementor-widget-text-editor\" data-id=\"21ff06b\" data-element_type=\"widget\" data-widget_type=\"text-editor.default\">\n\t\t\t\t\t\t\t\t\t<p><strong>7\u00d724 Live-\u00f6vervakning<\/strong><\/p>\n<p>Med iocharger-appen kan du \u00f6vervaka din solcells-, batteri- och energianv\u00e4ndning i hemmet i realtid. St\u00e4ll in dina preferenser f\u00f6r att optimera f\u00f6r energioberoende. Styr ditt system fr\u00e5n var som helst med fj\u00e4rr\u00e5tkomst och omedelbara meddelanden.<\/p>\t\t\t\t\t\t\t\t<\/div>\n\t\t\t\t\t<\/div>\n\t\t<\/div>\n\t\t\t\t\t<\/div>\n\t\t<\/section>\n\t\t\t\t<\/div>","protected":false},"excerpt":{"rendered":"<div class=\"pro_main_text clearfix\">\n<div class=\"pro_main_text clearfix\">\n<div class=\"pro_main_text clearfix\">\n<div class=\"pro_main_text clearfix\">\n<div class=\"pro_main_text clearfix\">\n<div class=\"pro_main_text clearfix\">\n<div class=\"pro_main_text clearfix\">\n<div class=\"pro_main_text clearfix\">\n<div class=\"pro_main_text clearfix\">\n<div class=\"pro_main_text clearfix\">\n<p class=\"\">Energibackup f\u00f6r ditt hem.<\/p>\n<\/div>\n<ul class=\"clearfix\">\n<li>Batteri: LiFePO4<\/li>\n<li>Batterikapacitet: 5,12 kWh &amp; 10,24 kWh<\/li>\n<li>Utsl\u00e4ppsdjup: 90%<\/li>\n<li>Max. Laddning: 50 A (0,5 C)<\/li>\n<li>Max. Urladdning: 100 A (1 C)<\/li>\n<li>Nominell sp\u00e4nning: 51,20 V<\/li>\n<li>Driftsp\u00e4nning: 48 V - 57 V (90% DoD)<\/li>\n<li>Skyddsniv\u00e5: IP65<\/li>\n<li>M\u00e5tt: 660 x 500 x 180 mm<\/li>\n<li>Livsl\u00e4ngd: 6000 cykler<\/li>\n<\/ul>\n<\/div>\n<\/div>\n<\/div>\n<\/div>\n<\/div>\n<\/div>\n<\/div>\n<\/div>\n<\/div>","protected":false},"featured_media":8818,"template":"","meta":{"_acf_changed":false},"product_brand":[],"product_cat":[97],"product_tag":[95,96,98],"class_list":{"0":"post-2275","1":"product","2":"type-product","3":"status-publish","4":"has-post-thumbnail","6":"product_cat-energy-storage-system","7":"product_tag-100ah-lifepo4-battery-pack","8":"product_tag-5-12kwh-home-battery-backup","9":"product_tag-home-battery-storage-system","11":"first","12":"instock","13":"shipping-taxable","14":"product-type-simple"},"acf":[],"_links":{"self":[{"href":"https:\/\/www.iocharger.com\/sv\/wp-json\/wp\/v2\/product\/2275","targetHints":{"allow":["GET"]}}],"collection":[{"href":"https:\/\/www.iocharger.com\/sv\/wp-json\/wp\/v2\/product"}],"about":[{"href":"https:\/\/www.iocharger.com\/sv\/wp-json\/wp\/v2\/types\/product"}],"version-history":[{"count":1,"href":"https:\/\/www.iocharger.com\/sv\/wp-json\/wp\/v2\/product\/2275\/revisions"}],"predecessor-version":[{"id":9941,"href":"https:\/\/www.iocharger.com\/sv\/wp-json\/wp\/v2\/product\/2275\/revisions\/9941"}],"wp:featuredmedia":[{"embeddable":true,"href":"https:\/\/www.iocharger.com\/sv\/wp-json\/wp\/v2\/media\/8818"}],"wp:attachment":[{"href":"https:\/\/www.iocharger.com\/sv\/wp-json\/wp\/v2\/media?parent=2275"}],"wp:term":[{"taxonomy":"product_brand","embeddable":true,"href":"https:\/\/www.iocharger.com\/sv\/wp-json\/wp\/v2\/product_brand?post=2275"},{"taxonomy":"product_cat","embeddable":true,"href":"https:\/\/www.iocharger.com\/sv\/wp-json\/wp\/v2\/product_cat?post=2275"},{"taxonomy":"product_tag","embeddable":true,"href":"https:\/\/www.iocharger.com\/sv\/wp-json\/wp\/v2\/product_tag?post=2275"}],"curies":[{"name":"wp","href":"https:\/\/api.w.org\/{rel}","templated":true}]}}