{"id":2134,"date":"2023-05-31T11:14:49","date_gmt":"2023-05-31T11:14:49","guid":{"rendered":"https:\/\/test2.honstyle.com\/?post_type=product&#038;p=2134"},"modified":"2026-04-30T07:15:02","modified_gmt":"2026-04-30T07:15:02","slug":"cloud-charging-management-system-for-charge-point-operator","status":"publish","type":"product","link":"https:\/\/www.iocharger.com\/sv\/cloud-charging-management-system-for-charge-point-operator\/","title":{"rendered":"Molnbaserat laddningshanteringssystem f\u00f6r laddningspunktsoperat\u00f6rer"},"content":{"rendered":"<div data-elementor-type=\"product-post\" data-elementor-id=\"2134\" class=\"elementor elementor-2134\" data-elementor-post-type=\"product\">\n\t\t\t\t\t\t<section class=\"elementor-section elementor-top-section elementor-element elementor-element-561e9a7 elementor-section-boxed elementor-section-height-default elementor-section-height-default\" data-id=\"561e9a7\" data-element_type=\"section\" data-e-type=\"section\">\n\t\t\t\t\t\t<div class=\"elementor-container elementor-column-gap-default\">\n\t\t\t\t\t<div class=\"elementor-column elementor-col-100 elementor-top-column elementor-element elementor-element-5d110f1\" data-id=\"5d110f1\" data-element_type=\"column\" data-e-type=\"column\">\n\t\t\t<div class=\"elementor-widget-wrap elementor-element-populated\">\n\t\t\t\t\t\t<div class=\"elementor-element elementor-element-0f42f00 elementor-widget elementor-widget-text-editor\" data-id=\"0f42f00\" data-element_type=\"widget\" data-e-type=\"widget\" data-widget_type=\"text-editor.default\">\n\t\t\t\t\t\t\t\t\t<p>Iocharger CCMS \u00e4r en molnbaserad plattform f\u00f6r tj\u00e4nstehantering som g\u00f6r det m\u00f6jligt f\u00f6r operat\u00f6rer att optimera laddningsupplevelsen. Operat\u00f6rer kan enkelt hantera \u00e5tkomst och fj\u00e4rr\u00f6vervaka stationer, enkelt fakturera anv\u00e4ndare via ett enda bakgrundshanteringssystem och generera en m\u00e4ngd v\u00e4rdefull data om hur stationerna anv\u00e4nds.<\/p>\t\t\t\t\t\t\t\t<\/div>\n\t\t\t\t\t<\/div>\n\t\t<\/div>\n\t\t\t\t\t<\/div>\n\t\t<\/section>\n\t\t\t\t<section class=\"elementor-section elementor-top-section elementor-element elementor-element-9c1eb14 elementor-section-boxed elementor-section-height-default elementor-section-height-default\" data-id=\"9c1eb14\" data-element_type=\"section\" data-e-type=\"section\">\n\t\t\t\t\t\t<div class=\"elementor-container elementor-column-gap-default\">\n\t\t\t\t\t<div class=\"elementor-column elementor-col-50 elementor-top-column elementor-element elementor-element-2b8f867\" data-id=\"2b8f867\" data-element_type=\"column\" data-e-type=\"column\">\n\t\t\t<div class=\"elementor-widget-wrap elementor-element-populated\">\n\t\t\t\t\t\t<div class=\"elementor-element elementor-element-35a7810 elementor-widget elementor-widget-text-editor\" data-id=\"35a7810\" data-element_type=\"widget\" data-e-type=\"widget\" data-widget_type=\"text-editor.default\">\n\t\t\t\t\t\t\t\t\t<p><strong>\u25cf Dra nytta av ett rikt gr\u00e4nssnitt<\/strong><\/p><p>Ge \u00e4gare av laddstationer tillg\u00e5ng till realtidsdata. L\u00e5t dem hantera sina laddstationer.<\/p><p><strong>\u25cf Flexibelt faktureringssystem<\/strong><\/p><p>St\u00e4ll in dina egna prisstrategier och hantera prenumerationsfakturering med flexibla villkor.<\/p><p><strong>\u25cf Vitm\u00e4rkt mobilapp<\/strong><\/p><p>Ge dina kunder en enast\u00e5ende upplevelse med v\u00e5rt varum\u00e4rke och lokal anpassning med v\u00e5ra mobilappar.<\/p><p><strong>\u25cf L\u00e4gre underh\u00e5llskostnader<\/strong><\/p><p>Smart laddning och automatisk fel\u00e5terst\u00e4llning s\u00e4nker dina underh\u00e5llskostnader<\/p>\t\t\t\t\t\t\t\t<\/div>\n\t\t\t\t\t<\/div>\n\t\t<\/div>\n\t\t\t\t<div class=\"elementor-column elementor-col-50 elementor-top-column elementor-element elementor-element-9329191\" data-id=\"9329191\" data-element_type=\"column\" data-e-type=\"column\">\n\t\t\t<div class=\"elementor-widget-wrap elementor-element-populated\">\n\t\t\t\t\t\t<div class=\"elementor-element elementor-element-74fc0ba elementor-widget elementor-widget-image\" data-id=\"74fc0ba\" data-element_type=\"widget\" data-e-type=\"widget\" data-widget_type=\"image.default\">\n\t\t\t\t\t\t\t\t\t\t\t\t\t\t\t<img fetchpriority=\"high\" decoding=\"async\" width=\"750\" height=\"750\" src=\"https:\/\/www.iocharger.com\/wp-content\/uploads\/2023\/05\/Commercial-Charging-Management-S-1.png\" class=\"attachment-full size-full wp-image-4259\" alt=\"\" srcset=\"https:\/\/www.iocharger.com\/wp-content\/uploads\/2023\/05\/Commercial-Charging-Management-S-1.png 750w, https:\/\/www.iocharger.com\/wp-content\/uploads\/2023\/05\/Commercial-Charging-Management-S-1-150x150.png 150w, https:\/\/www.iocharger.com\/wp-content\/uploads\/2023\/05\/Commercial-Charging-Management-S-1-660x660.png 660w, https:\/\/www.iocharger.com\/wp-content\/uploads\/2023\/05\/Commercial-Charging-Management-S-1-300x300.png 300w, https:\/\/www.iocharger.com\/wp-content\/uploads\/2023\/05\/Commercial-Charging-Management-S-1-285x285.png 285w, https:\/\/www.iocharger.com\/wp-content\/uploads\/2023\/05\/Commercial-Charging-Management-S-1-270x270.png 270w, https:\/\/www.iocharger.com\/wp-content\/uploads\/2023\/05\/Commercial-Charging-Management-S-1-540x540.png 540w\" sizes=\"(max-width: 750px) 100vw, 750px\" \/>\t\t\t\t\t\t\t\t\t\t\t\t\t\t\t<\/div>\n\t\t\t\t\t<\/div>\n\t\t<\/div>\n\t\t\t\t\t<\/div>\n\t\t<\/section>\n\t\t\t\t<section class=\"elementor-section elementor-top-section elementor-element elementor-element-d8ca1b8 elementor-section-boxed elementor-section-height-default elementor-section-height-default\" data-id=\"d8ca1b8\" data-element_type=\"section\" data-e-type=\"section\">\n\t\t\t\t\t\t<div class=\"elementor-container elementor-column-gap-default\">\n\t\t\t\t\t<div class=\"elementor-column elementor-col-50 elementor-top-column elementor-element elementor-element-269a34a\" data-id=\"269a34a\" data-element_type=\"column\" data-e-type=\"column\">\n\t\t\t<div class=\"elementor-widget-wrap elementor-element-populated\">\n\t\t\t\t\t\t<div class=\"elementor-element elementor-element-9693bed elementor-widget elementor-widget-image\" data-id=\"9693bed\" data-element_type=\"widget\" data-e-type=\"widget\" data-widget_type=\"image.default\">\n\t\t\t\t\t\t\t\t\t\t\t\t\t\t\t<img decoding=\"async\" width=\"750\" height=\"750\" src=\"https:\/\/www.iocharger.com\/wp-content\/uploads\/2023\/05\/Commercial-Charging-Management-S2-1.png\" class=\"attachment-full size-full wp-image-4260\" alt=\"\" srcset=\"https:\/\/www.iocharger.com\/wp-content\/uploads\/2023\/05\/Commercial-Charging-Management-S2-1.png 750w, https:\/\/www.iocharger.com\/wp-content\/uploads\/2023\/05\/Commercial-Charging-Management-S2-1-150x150.png 150w, https:\/\/www.iocharger.com\/wp-content\/uploads\/2023\/05\/Commercial-Charging-Management-S2-1-660x660.png 660w, https:\/\/www.iocharger.com\/wp-content\/uploads\/2023\/05\/Commercial-Charging-Management-S2-1-300x300.png 300w, https:\/\/www.iocharger.com\/wp-content\/uploads\/2023\/05\/Commercial-Charging-Management-S2-1-285x285.png 285w, https:\/\/www.iocharger.com\/wp-content\/uploads\/2023\/05\/Commercial-Charging-Management-S2-1-270x270.png 270w, https:\/\/www.iocharger.com\/wp-content\/uploads\/2023\/05\/Commercial-Charging-Management-S2-1-540x540.png 540w\" sizes=\"(max-width: 750px) 100vw, 750px\" \/>\t\t\t\t\t\t\t\t\t\t\t\t\t\t\t<\/div>\n\t\t\t\t\t<\/div>\n\t\t<\/div>\n\t\t\t\t<div class=\"elementor-column elementor-col-50 elementor-top-column elementor-element elementor-element-46f5ebe\" data-id=\"46f5ebe\" data-element_type=\"column\" data-e-type=\"column\">\n\t\t\t<div class=\"elementor-widget-wrap elementor-element-populated\">\n\t\t\t\t\t\t<div class=\"elementor-element elementor-element-898090b elementor-widget elementor-widget-text-editor\" data-id=\"898090b\" data-element_type=\"widget\" data-e-type=\"widget\" data-widget_type=\"text-editor.default\">\n\t\t\t\t\t\t\t\t\t<p><strong>Perfekt och kraftfullt ledningssystem<\/strong><\/p><div aria-live=\"polite\"><div data-language=\"en\" data-original-language=\"zh-CN\" data-result-index=\"0\"><div><span lang=\"en\"><span data-language-for-alternatives=\"en\" data-language-to-translate-into=\"zh-CN\" data-phrase-index=\"0\" data-number-of-phrases=\"2\">Iocharger CCMS uppfyller alla operativa behov, s\u00e5som hantering av laddningsplatser och laddare, \u00f6vervakning i realtid, anv\u00e4ndarhantering, underh\u00e5llshantering etc., och ut\u00f6kar \u00e4ven resurshanteringen bortom laddningsplatserna.<\/span>\u00a0<span data-language-for-alternatives=\"en\" data-language-to-translate-into=\"zh-CN\" data-phrase-index=\"1\" data-number-of-phrases=\"2\">Funktionen f\u00f6r delning av EV-laddare g\u00f6r det m\u00f6jligt f\u00f6r laddarens \u00e4gare att samarbeta med operat\u00f6ren. Laddarens \u00e4gare kan sj\u00e4lv st\u00e4lla in delningstid och delningspris f\u00f6r EV-laddaren och dela den med omv\u00e4rlden f\u00f6r att \u00f6ka laddarens \u00e4gares inkomster n\u00e4r laddaren inte anv\u00e4nds.<\/span><\/span><\/div><\/div><\/div>\t\t\t\t\t\t\t\t<\/div>\n\t\t\t\t\t<\/div>\n\t\t<\/div>\n\t\t\t\t\t<\/div>\n\t\t<\/section>\n\t\t\t\t<section class=\"elementor-section elementor-top-section elementor-element elementor-element-1f649bc elementor-section-boxed elementor-section-height-default elementor-section-height-default\" data-id=\"1f649bc\" data-element_type=\"section\" data-e-type=\"section\">\n\t\t\t\t\t\t<div class=\"elementor-container elementor-column-gap-default\">\n\t\t\t\t\t<div class=\"elementor-column elementor-col-50 elementor-top-column elementor-element elementor-element-3466e16\" data-id=\"3466e16\" data-element_type=\"column\" data-e-type=\"column\">\n\t\t\t<div class=\"elementor-widget-wrap elementor-element-populated\">\n\t\t\t\t\t\t<div class=\"elementor-element elementor-element-04bcba5 elementor-widget elementor-widget-text-editor\" data-id=\"04bcba5\" data-element_type=\"widget\" data-e-type=\"widget\" data-widget_type=\"text-editor.default\">\n\t\t\t\t\t\t\t\t\t<p><strong>Omfattande laddningsstrategier och olika rabatter<\/strong><\/p><p>Den trestegsstrategi som utformas f\u00f6re laddning, under laddning och efter laddning g\u00f6r din verksamhet mer effektiv och laddningen mer precis. Med diversifierade rabattmetoder \u00f6kar du anv\u00e4ndarnas lojalitet och ut\u00f6kar antalet aff\u00e4rstill\u00e4mpningar.<\/p>\t\t\t\t\t\t\t\t<\/div>\n\t\t\t\t\t<\/div>\n\t\t<\/div>\n\t\t\t\t<div class=\"elementor-column elementor-col-50 elementor-top-column elementor-element elementor-element-311a9c0\" data-id=\"311a9c0\" data-element_type=\"column\" data-e-type=\"column\">\n\t\t\t<div class=\"elementor-widget-wrap elementor-element-populated\">\n\t\t\t\t\t\t<div class=\"elementor-element elementor-element-97c57c8 elementor-widget elementor-widget-image\" data-id=\"97c57c8\" data-element_type=\"widget\" data-e-type=\"widget\" data-widget_type=\"image.default\">\n\t\t\t\t\t\t\t\t\t\t\t\t\t\t\t<img decoding=\"async\" width=\"750\" height=\"750\" src=\"https:\/\/www.iocharger.com\/wp-content\/uploads\/2023\/05\/Commercial-Charging-Management-S3-1.png\" class=\"attachment-full size-full wp-image-4261\" alt=\"\" srcset=\"https:\/\/www.iocharger.com\/wp-content\/uploads\/2023\/05\/Commercial-Charging-Management-S3-1.png 750w, https:\/\/www.iocharger.com\/wp-content\/uploads\/2023\/05\/Commercial-Charging-Management-S3-1-150x150.png 150w, https:\/\/www.iocharger.com\/wp-content\/uploads\/2023\/05\/Commercial-Charging-Management-S3-1-660x660.png 660w, https:\/\/www.iocharger.com\/wp-content\/uploads\/2023\/05\/Commercial-Charging-Management-S3-1-300x300.png 300w, https:\/\/www.iocharger.com\/wp-content\/uploads\/2023\/05\/Commercial-Charging-Management-S3-1-285x285.png 285w, https:\/\/www.iocharger.com\/wp-content\/uploads\/2023\/05\/Commercial-Charging-Management-S3-1-270x270.png 270w, https:\/\/www.iocharger.com\/wp-content\/uploads\/2023\/05\/Commercial-Charging-Management-S3-1-540x540.png 540w\" sizes=\"(max-width: 750px) 100vw, 750px\" \/>\t\t\t\t\t\t\t\t\t\t\t\t\t\t\t<\/div>\n\t\t\t\t\t<\/div>\n\t\t<\/div>\n\t\t\t\t\t<\/div>\n\t\t<\/section>\n\t\t\t\t<section class=\"elementor-section elementor-top-section elementor-element elementor-element-5092952 elementor-section-boxed elementor-section-height-default elementor-section-height-default\" data-id=\"5092952\" data-element_type=\"section\" data-e-type=\"section\">\n\t\t\t\t\t\t<div class=\"elementor-container elementor-column-gap-default\">\n\t\t\t\t\t<div class=\"elementor-column elementor-col-50 elementor-top-column elementor-element elementor-element-b2d0bb6\" data-id=\"b2d0bb6\" data-element_type=\"column\" data-e-type=\"column\">\n\t\t\t<div class=\"elementor-widget-wrap elementor-element-populated\">\n\t\t\t\t\t\t<div class=\"elementor-element elementor-element-46a1cb4 elementor-widget elementor-widget-image\" data-id=\"46a1cb4\" data-element_type=\"widget\" data-e-type=\"widget\" data-widget_type=\"image.default\">\n\t\t\t\t\t\t\t\t\t\t\t\t\t\t\t<img loading=\"lazy\" decoding=\"async\" width=\"750\" height=\"750\" src=\"https:\/\/www.iocharger.com\/wp-content\/uploads\/2023\/05\/Commercial-Charging-Management-S4-1-1.png\" class=\"attachment-full size-full wp-image-4264\" alt=\"\" srcset=\"https:\/\/www.iocharger.com\/wp-content\/uploads\/2023\/05\/Commercial-Charging-Management-S4-1-1.png 750w, https:\/\/www.iocharger.com\/wp-content\/uploads\/2023\/05\/Commercial-Charging-Management-S4-1-1-150x150.png 150w, https:\/\/www.iocharger.com\/wp-content\/uploads\/2023\/05\/Commercial-Charging-Management-S4-1-1-660x660.png 660w, https:\/\/www.iocharger.com\/wp-content\/uploads\/2023\/05\/Commercial-Charging-Management-S4-1-1-300x300.png 300w, https:\/\/www.iocharger.com\/wp-content\/uploads\/2023\/05\/Commercial-Charging-Management-S4-1-1-285x285.png 285w, https:\/\/www.iocharger.com\/wp-content\/uploads\/2023\/05\/Commercial-Charging-Management-S4-1-1-270x270.png 270w, https:\/\/www.iocharger.com\/wp-content\/uploads\/2023\/05\/Commercial-Charging-Management-S4-1-1-540x540.png 540w\" sizes=\"(max-width: 750px) 100vw, 750px\" \/>\t\t\t\t\t\t\t\t\t\t\t\t\t\t\t<\/div>\n\t\t\t\t\t<\/div>\n\t\t<\/div>\n\t\t\t\t<div class=\"elementor-column elementor-col-50 elementor-top-column elementor-element elementor-element-dc3fec5\" data-id=\"dc3fec5\" data-element_type=\"column\" data-e-type=\"column\">\n\t\t\t<div class=\"elementor-widget-wrap elementor-element-populated\">\n\t\t\t\t\t\t<div class=\"elementor-element elementor-element-6ae37de elementor-widget elementor-widget-text-editor\" data-id=\"6ae37de\" data-element_type=\"widget\" data-e-type=\"widget\" data-widget_type=\"text-editor.default\">\n\t\t\t\t\t\t\t\t\t<p><strong>Omfattande laddningsstrategier och olika rabatter<\/strong><\/p><p>Den trestegsstrategi som utformas f\u00f6re laddning, under laddning och efter laddning g\u00f6r din verksamhet mer effektiv och laddningen mer precis. Med diversifierade rabattmetoder \u00f6kar du anv\u00e4ndarnas lojalitet och ut\u00f6kar antalet aff\u00e4rstill\u00e4mpningar.<\/p>\t\t\t\t\t\t\t\t<\/div>\n\t\t\t\t\t<\/div>\n\t\t<\/div>\n\t\t\t\t\t<\/div>\n\t\t<\/section>\n\t\t\t\t<section class=\"elementor-section elementor-top-section elementor-element elementor-element-3171583 elementor-section-boxed elementor-section-height-default elementor-section-height-default\" data-id=\"3171583\" data-element_type=\"section\" data-e-type=\"section\">\n\t\t\t\t\t\t<div class=\"elementor-container elementor-column-gap-default\">\n\t\t\t\t\t<div class=\"elementor-column elementor-col-50 elementor-top-column elementor-element elementor-element-d55a0f1\" data-id=\"d55a0f1\" data-element_type=\"column\" data-e-type=\"column\">\n\t\t\t<div class=\"elementor-widget-wrap elementor-element-populated\">\n\t\t\t\t\t\t<div class=\"elementor-element elementor-element-02ef8dc elementor-widget elementor-widget-text-editor\" data-id=\"02ef8dc\" data-element_type=\"widget\" data-e-type=\"widget\" data-widget_type=\"text-editor.default\">\n\t\t\t\t\t\t\t\t\t<p><strong>Iocharger mobilapp<\/strong><\/p><p>\u25cf Visa en realtidskarta \u00f6ver laddstationernas placeringar<\/p><p>\u25cf Navigera till platsen<\/p><p>\u25cf Starta och avsluta laddningen med RFID-kort eller appen<\/p><p>\u25cf \u00d6vervaka laddningsstatus p\u00e5 distans<\/p><p>\u25cf Separata betalningar f\u00f6r privata och f\u00f6retagsfordon<\/p><p>\u25cf H\u00f6gre VIP-niv\u00e5 f\u00f6r att f\u00e5 tillg\u00e5ng till fler tj\u00e4nster och rabatter<\/p><p>\u25cf Visa status f\u00f6r rabatter och kuponger<\/p>\t\t\t\t\t\t\t\t<\/div>\n\t\t\t\t<section class=\"elementor-section elementor-inner-section elementor-element elementor-element-6f6398b elementor-section-boxed elementor-section-height-default elementor-section-height-default\" data-id=\"6f6398b\" data-element_type=\"section\" data-e-type=\"section\">\n\t\t\t\t\t\t<div class=\"elementor-container elementor-column-gap-default\">\n\t\t\t\t\t<div class=\"elementor-column elementor-col-50 elementor-inner-column elementor-element elementor-element-57ecc58\" data-id=\"57ecc58\" data-element_type=\"column\" data-e-type=\"column\">\n\t\t\t<div class=\"elementor-widget-wrap elementor-element-populated\">\n\t\t\t\t\t\t<div class=\"elementor-element elementor-element-71f5a38 elementor-widget elementor-widget-image\" data-id=\"71f5a38\" data-element_type=\"widget\" data-e-type=\"widget\" data-widget_type=\"image.default\">\n\t\t\t\t\t\t\t\t\t\t\t\t\t\t\t\t<a href=\"https:\/\/play.google.com\/store\/apps\/dev?id=6686573058493958206\" rel=\"nofollow noopener\" target=\"_blank\">\n\t\t\t\t\t\t\t<img loading=\"lazy\" decoding=\"async\" width=\"201\" height=\"98\" src=\"https:\/\/www.iocharger.com\/wp-content\/uploads\/2023\/05\/14-1.jpg\" class=\"attachment-full size-full wp-image-3828\" alt=\"iocharger ioc lite nedladdning google\" srcset=\"https:\/\/www.iocharger.com\/wp-content\/uploads\/2023\/05\/14-1.jpg 201w, https:\/\/www.iocharger.com\/wp-content\/uploads\/2023\/05\/14-1-150x73.jpg 150w\" sizes=\"(max-width: 201px) 100vw, 201px\" \/>\t\t\t\t\t\t\t\t<\/a>\n\t\t\t\t\t\t\t\t\t\t\t\t\t\t\t<\/div>\n\t\t\t\t\t<\/div>\n\t\t<\/div>\n\t\t\t\t<div class=\"elementor-column elementor-col-50 elementor-inner-column elementor-element elementor-element-3175979\" data-id=\"3175979\" data-element_type=\"column\" data-e-type=\"column\">\n\t\t\t<div class=\"elementor-widget-wrap elementor-element-populated\">\n\t\t\t\t\t\t<div class=\"elementor-element elementor-element-dfa7bdf elementor-widget elementor-widget-image\" data-id=\"dfa7bdf\" data-element_type=\"widget\" data-e-type=\"widget\" data-widget_type=\"image.default\">\n\t\t\t\t\t\t\t\t\t\t\t\t\t\t\t\t<a href=\"https:\/\/apps.apple.com\/us\/app\/iocharger\/id1490831585\" rel=\"nofollow noopener\" target=\"_blank\">\n\t\t\t\t\t\t\t<img loading=\"lazy\" decoding=\"async\" width=\"207\" height=\"98\" src=\"https:\/\/www.iocharger.com\/wp-content\/uploads\/2023\/05\/13-1.jpg\" class=\"attachment-full size-full wp-image-3827\" alt=\"ioc lite app nedladdning apple store\" srcset=\"https:\/\/www.iocharger.com\/wp-content\/uploads\/2023\/05\/13-1.jpg 207w, https:\/\/www.iocharger.com\/wp-content\/uploads\/2023\/05\/13-1-150x71.jpg 150w\" sizes=\"(max-width: 207px) 100vw, 207px\" \/>\t\t\t\t\t\t\t\t<\/a>\n\t\t\t\t\t\t\t\t\t\t\t\t\t\t\t<\/div>\n\t\t\t\t\t<\/div>\n\t\t<\/div>\n\t\t\t\t\t<\/div>\n\t\t<\/section>\n\t\t\t\t\t<\/div>\n\t\t<\/div>\n\t\t\t\t<div class=\"elementor-column elementor-col-50 elementor-top-column elementor-element elementor-element-8ef8c8b\" data-id=\"8ef8c8b\" data-element_type=\"column\" data-e-type=\"column\">\n\t\t\t<div class=\"elementor-widget-wrap elementor-element-populated\">\n\t\t\t\t\t\t<div class=\"elementor-element elementor-element-f0b786f elementor-widget elementor-widget-image\" data-id=\"f0b786f\" data-element_type=\"widget\" data-e-type=\"widget\" data-widget_type=\"image.default\">\n\t\t\t\t\t\t\t\t\t\t\t\t\t\t\t<img loading=\"lazy\" decoding=\"async\" width=\"750\" height=\"750\" src=\"https:\/\/www.iocharger.com\/wp-content\/uploads\/2023\/05\/Commercial-Charging-Management-System5-1.png\" class=\"attachment-full size-full wp-image-3365\" alt=\"\" srcset=\"https:\/\/www.iocharger.com\/wp-content\/uploads\/2023\/05\/Commercial-Charging-Management-System5-1.png 750w, https:\/\/www.iocharger.com\/wp-content\/uploads\/2023\/05\/Commercial-Charging-Management-System5-1-150x150.png 150w, https:\/\/www.iocharger.com\/wp-content\/uploads\/2023\/05\/Commercial-Charging-Management-System5-1-660x660.png 660w, https:\/\/www.iocharger.com\/wp-content\/uploads\/2023\/05\/Commercial-Charging-Management-System5-1-300x300.png 300w, https:\/\/www.iocharger.com\/wp-content\/uploads\/2023\/05\/Commercial-Charging-Management-System5-1-285x285.png 285w, https:\/\/www.iocharger.com\/wp-content\/uploads\/2023\/05\/Commercial-Charging-Management-System5-1-270x270.png 270w, https:\/\/www.iocharger.com\/wp-content\/uploads\/2023\/05\/Commercial-Charging-Management-System5-1-540x540.png 540w\" sizes=\"(max-width: 750px) 100vw, 750px\" \/>\t\t\t\t\t\t\t\t\t\t\t\t\t\t\t<\/div>\n\t\t\t\t\t<\/div>\n\t\t<\/div>\n\t\t\t\t\t<\/div>\n\t\t<\/section>\n\t\t\t\t<\/div>","protected":false},"excerpt":{"rendered":"<div class=\"pro_main_text clearfix\">\n<div class=\"pro_main_text clearfix\">\n<div class=\"pro_main_text clearfix\">\n<div class=\"pro_main_text clearfix\">\n<div class=\"pro_main_text clearfix\">\n<div class=\"pro_main_text clearfix\">\n<div class=\"pro_main_text clearfix\">\n<div class=\"pro_main_text clearfix\">\n<p class=\"\">En kraftfull kommersiell plattform f\u00f6r hantering av utrustningsresurser baserad p\u00e5 OCPP 1.6J och SaaS-struktur.<\/p>\n<\/div>\n<ul class=\"clearfix\">\n<li>Enhetshantering: Ja<\/li>\n<li>Realtids\u00f6vervakning: Ja<\/li>\n<li>Anv\u00e4ndarhantering: Ja<\/li>\n<li>RFID-kortadministration: Ja<\/li>\n<li>Lastbalanseringshantering: Ja<\/li>\n<li>Firmwarehantering: Ja<\/li>\n<li>Laddningshistorik: Ja<\/li>\n<li>Fordonshantering: Ja<\/li>\n<li>Prcing Plan: Ja<\/li>\n<li>Underoperat\u00f6r: Ja<\/li>\n<li>Felhantering: Ja<\/li>\n<\/ul>\n<\/div>\n<\/div>\n<\/div>\n<\/div>\n<\/div>\n<\/div>\n<\/div>","protected":false},"featured_media":3470,"template":"","meta":{"_acf_changed":false},"product_brand":[],"product_cat":[89],"product_tag":[88,90,91],"class_list":{"0":"post-2134","1":"product","2":"type-product","3":"status-publish","4":"has-post-thumbnail","6":"product_cat-charging-station-management-system","7":"product_tag-charging-management-system-for-cpo","8":"product_tag-commercial-powerful-management-system","9":"product_tag-saas-cloud-charging-management","11":"first","12":"instock","13":"shipping-taxable","14":"product-type-simple"},"acf":[],"_links":{"self":[{"href":"https:\/\/www.iocharger.com\/sv\/wp-json\/wp\/v2\/product\/2134","targetHints":{"allow":["GET"]}}],"collection":[{"href":"https:\/\/www.iocharger.com\/sv\/wp-json\/wp\/v2\/product"}],"about":[{"href":"https:\/\/www.iocharger.com\/sv\/wp-json\/wp\/v2\/types\/product"}],"version-history":[{"count":1,"href":"https:\/\/www.iocharger.com\/sv\/wp-json\/wp\/v2\/product\/2134\/revisions"}],"predecessor-version":[{"id":9943,"href":"https:\/\/www.iocharger.com\/sv\/wp-json\/wp\/v2\/product\/2134\/revisions\/9943"}],"wp:featuredmedia":[{"embeddable":true,"href":"https:\/\/www.iocharger.com\/sv\/wp-json\/wp\/v2\/media\/3470"}],"wp:attachment":[{"href":"https:\/\/www.iocharger.com\/sv\/wp-json\/wp\/v2\/media?parent=2134"}],"wp:term":[{"taxonomy":"product_brand","embeddable":true,"href":"https:\/\/www.iocharger.com\/sv\/wp-json\/wp\/v2\/product_brand?post=2134"},{"taxonomy":"product_cat","embeddable":true,"href":"https:\/\/www.iocharger.com\/sv\/wp-json\/wp\/v2\/product_cat?post=2134"},{"taxonomy":"product_tag","embeddable":true,"href":"https:\/\/www.iocharger.com\/sv\/wp-json\/wp\/v2\/product_tag?post=2134"}],"curies":[{"name":"wp","href":"https:\/\/api.w.org\/{rel}","templated":true}]}}