{"id":2132,"date":"2023-05-31T11:11:41","date_gmt":"2023-05-31T11:11:41","guid":{"rendered":"https:\/\/test2.honstyle.com\/?post_type=product&#038;p=2132"},"modified":"2026-04-30T08:01:24","modified_gmt":"2026-04-30T08:01:24","slug":"ocpp-1-6j-ocpp-2-0-1-60kw-120kw-ccs-2-chademo-22kw-type-2-ac-dc-combo","status":"publish","type":"product","link":"https:\/\/www.iocharger.com\/sv\/ocpp-1-6j-ocpp-2-0-1-60kw-120kw-ccs-2-chademo-22kw-type-2-ac-dc-combo\/","title":{"rendered":"OCPP 1.6J OCPP 2.0.1 Compliant 60kW 120kW CCS-2 + CHAdeMO + 22kW Type-2 AC &#038; DC Combo EV Charger"},"content":{"rendered":"<div data-elementor-type=\"product-post\" data-elementor-id=\"2132\" class=\"elementor elementor-2132\" data-elementor-post-type=\"product\">\n\t\t\t\t\t\t<section class=\"elementor-section elementor-top-section elementor-element elementor-element-d91410f elementor-section-boxed elementor-section-height-default elementor-section-height-default\" data-id=\"d91410f\" data-element_type=\"section\">\n\t\t\t\t\t\t<div class=\"elementor-container elementor-column-gap-default\">\n\t\t\t\t\t<div class=\"elementor-column elementor-col-50 elementor-top-column elementor-element elementor-element-cdad719\" data-id=\"cdad719\" data-element_type=\"column\">\n\t\t\t<div class=\"elementor-widget-wrap elementor-element-populated\">\n\t\t\t\t\t\t<div class=\"elementor-element elementor-element-c3193b5 elementor-widget elementor-widget-text-editor\" data-id=\"c3193b5\" data-element_type=\"widget\" data-widget_type=\"text-editor.default\">\n\t\t\t\t\t\t\t\t\t<p>I takt med att elbilar blir allt popul\u00e4rare \u00e4r det vanligare att m\u00e4nniskor k\u00f6r sina elbilar p\u00e5 v\u00e4garna f\u00f6r att spara pengar och vara milj\u00f6v\u00e4nliga. Det blir oundvikligt med diversifierade laddningsbehov. Vissa m\u00e4nniskor beh\u00f6ver snabbast m\u00f6jliga laddningshastighet f\u00f6r att spara tid, medan andra vill njuta av en kopp kaffe medan de laddar. Nu beh\u00f6vs en allt-i-ett-laddningsstation. IOCHY3 \u00e4r speciellt utformad f\u00f6r s\u00e5dana behov.<\/p>\t\t\t\t\t\t\t\t<\/div>\n\t\t\t\t\t<\/div>\n\t\t<\/div>\n\t\t\t\t<div class=\"elementor-column elementor-col-50 elementor-top-column elementor-element elementor-element-f7c02ea\" data-id=\"f7c02ea\" data-element_type=\"column\">\n\t\t\t<div class=\"elementor-widget-wrap elementor-element-populated\">\n\t\t\t\t\t\t<div class=\"elementor-element elementor-element-3cd0924 elementor-widget elementor-widget-image\" data-id=\"3cd0924\" data-element_type=\"widget\" data-widget_type=\"image.default\">\n\t\t\t\t\t\t\t\t\t\t\t\t\t\t\t<img fetchpriority=\"high\" decoding=\"async\" width=\"1000\" height=\"1000\" src=\"https:\/\/www.iocharger.com\/wp-content\/uploads\/2023\/05\/ev-charger-triple-plug-1.jpg\" class=\"attachment-full size-full wp-image-6619\" alt=\"EV-laddare med trippelkontakt\" srcset=\"https:\/\/www.iocharger.com\/wp-content\/uploads\/2023\/05\/ev-charger-triple-plug-1.jpg 1000w, https:\/\/www.iocharger.com\/wp-content\/uploads\/2023\/05\/ev-charger-triple-plug-1-150x150.jpg 150w, https:\/\/www.iocharger.com\/wp-content\/uploads\/2023\/05\/ev-charger-triple-plug-1-660x660.jpg 660w, https:\/\/www.iocharger.com\/wp-content\/uploads\/2023\/05\/ev-charger-triple-plug-1-300x300.jpg 300w, https:\/\/www.iocharger.com\/wp-content\/uploads\/2023\/05\/ev-charger-triple-plug-1-768x768.jpg 768w, https:\/\/www.iocharger.com\/wp-content\/uploads\/2023\/05\/ev-charger-triple-plug-1-285x285.jpg 285w, https:\/\/www.iocharger.com\/wp-content\/uploads\/2023\/05\/ev-charger-triple-plug-1-270x270.jpg 270w, https:\/\/www.iocharger.com\/wp-content\/uploads\/2023\/05\/ev-charger-triple-plug-1-540x540.jpg 540w\" sizes=\"(max-width: 1000px) 100vw, 1000px\" \/>\t\t\t\t\t\t\t\t\t\t\t\t\t\t\t<\/div>\n\t\t\t\t\t<\/div>\n\t\t<\/div>\n\t\t\t\t\t<\/div>\n\t\t<\/section>\n\t\t\t\t<section class=\"elementor-section elementor-top-section elementor-element elementor-element-46efd56 elementor-section-boxed elementor-section-height-default elementor-section-height-default\" data-id=\"46efd56\" data-element_type=\"section\">\n\t\t\t\t\t\t<div class=\"elementor-container elementor-column-gap-default\">\n\t\t\t\t\t<div class=\"elementor-column elementor-col-50 elementor-top-column elementor-element elementor-element-eeeedf3\" data-id=\"eeeedf3\" data-element_type=\"column\">\n\t\t\t<div class=\"elementor-widget-wrap elementor-element-populated\">\n\t\t\t\t\t\t<div class=\"elementor-element elementor-element-6621256 elementor-widget elementor-widget-image\" data-id=\"6621256\" data-element_type=\"widget\" data-widget_type=\"image.default\">\n\t\t\t\t\t\t\t\t\t\t\t\t\t\t\t<img decoding=\"async\" width=\"1000\" height=\"1000\" src=\"https:\/\/www.iocharger.com\/wp-content\/uploads\/2023\/05\/3-plugs-ev-charger-1.jpg\" class=\"attachment-full size-full wp-image-6620\" alt=\"3 pluggar EV-laddare\" srcset=\"https:\/\/www.iocharger.com\/wp-content\/uploads\/2023\/05\/3-plugs-ev-charger-1.jpg 1000w, https:\/\/www.iocharger.com\/wp-content\/uploads\/2023\/05\/3-plugs-ev-charger-1-150x150.jpg 150w, https:\/\/www.iocharger.com\/wp-content\/uploads\/2023\/05\/3-plugs-ev-charger-1-660x660.jpg 660w, https:\/\/www.iocharger.com\/wp-content\/uploads\/2023\/05\/3-plugs-ev-charger-1-300x300.jpg 300w, https:\/\/www.iocharger.com\/wp-content\/uploads\/2023\/05\/3-plugs-ev-charger-1-768x768.jpg 768w, https:\/\/www.iocharger.com\/wp-content\/uploads\/2023\/05\/3-plugs-ev-charger-1-285x285.jpg 285w, https:\/\/www.iocharger.com\/wp-content\/uploads\/2023\/05\/3-plugs-ev-charger-1-270x270.jpg 270w, https:\/\/www.iocharger.com\/wp-content\/uploads\/2023\/05\/3-plugs-ev-charger-1-540x540.jpg 540w\" sizes=\"(max-width: 1000px) 100vw, 1000px\" \/>\t\t\t\t\t\t\t\t\t\t\t\t\t\t\t<\/div>\n\t\t\t\t\t<\/div>\n\t\t<\/div>\n\t\t\t\t<div class=\"elementor-column elementor-col-50 elementor-top-column elementor-element elementor-element-edb24b6\" data-id=\"edb24b6\" data-element_type=\"column\">\n\t\t\t<div class=\"elementor-widget-wrap elementor-element-populated\">\n\t\t\t\t\t\t<div class=\"elementor-element elementor-element-bc373ae elementor-widget elementor-widget-text-editor\" data-id=\"bc373ae\" data-element_type=\"widget\" data-widget_type=\"text-editor.default\">\n\t\t\t\t\t\t\t\t\t<p><strong>Huvudsakliga egenskaper:<\/strong><\/p><ul><li>St\u00f6d f\u00f6r CCS, CHAdeMO och typ 2 v\u00e4xelstr\u00f6msladdning<\/li><li>22 kW eller 43 kW AC-laddningskontakt<\/li><li>ISO 15118 Plug &amp; Charge<\/li><li>Flera spr\u00e5k st\u00f6ds<\/li><li>Touchsk\u00e4rm som \u00e4r l\u00e4sbar i dagsljus<\/li><li>RFID-auktorisering<\/li><li>PIN-kod (OTP)<\/li><li>Robust v\u00e4derbest\u00e4ndigt h\u00f6lje i rostfritt st\u00e5l<\/li><li>Snabb och enkel installation<\/li><\/ul>\t\t\t\t\t\t\t\t<\/div>\n\t\t\t\t\t<\/div>\n\t\t<\/div>\n\t\t\t\t\t<\/div>\n\t\t<\/section>\n\t\t\t\t<section class=\"elementor-section elementor-top-section elementor-element elementor-element-6705ea5 elementor-section-boxed elementor-section-height-default elementor-section-height-default\" data-id=\"6705ea5\" data-element_type=\"section\">\n\t\t\t\t\t\t<div class=\"elementor-container elementor-column-gap-default\">\n\t\t\t\t\t<div class=\"elementor-column elementor-col-50 elementor-top-column elementor-element elementor-element-3ec37f8\" data-id=\"3ec37f8\" data-element_type=\"column\">\n\t\t\t<div class=\"elementor-widget-wrap elementor-element-populated\">\n\t\t\t\t\t\t<div class=\"elementor-element elementor-element-f65ac71 elementor-widget elementor-widget-text-editor\" data-id=\"f65ac71\" data-element_type=\"widget\" data-widget_type=\"text-editor.default\">\n\t\t\t\t\t\t\t\t\t<p><strong>Senaste OCPP-kompatibel<\/strong><\/p><p>Med sin fullst\u00e4ndiga kompatibilitet med OCPP 1.6J- och OCPP 2.0-profiler \u00e4r IOCHY3 l\u00e4tt att ansluta till alla OCPP-baserade backend-system.<\/p><p><strong>Olika betalningss\u00e4tt<\/strong><\/p><p>IOCHY3 st\u00f6der flera tr\u00e5dl\u00f6sa betalningsplattformar f\u00f6r att uppfylla olika betalningskrav. Den fysiska kreditkortsbetalningsmodulen \u00e4r ocks\u00e5 skalbar p\u00e5 IOCHY3.<\/p>\t\t\t\t\t\t\t\t<\/div>\n\t\t\t\t\t<\/div>\n\t\t<\/div>\n\t\t\t\t<div class=\"elementor-column elementor-col-50 elementor-top-column elementor-element elementor-element-1e3e4f8\" data-id=\"1e3e4f8\" data-element_type=\"column\">\n\t\t\t<div class=\"elementor-widget-wrap elementor-element-populated\">\n\t\t\t\t\t\t<div class=\"elementor-element elementor-element-8edf558 elementor-widget elementor-widget-image\" data-id=\"8edf558\" data-element_type=\"widget\" data-widget_type=\"image.default\">\n\t\t\t\t\t\t\t\t\t\t\t\t\t\t\t<img decoding=\"async\" width=\"750\" height=\"750\" src=\"https:\/\/www.iocharger.com\/wp-content\/uploads\/2023\/05\/DC-Fast-Charger-3-1.png\" class=\"attachment-full size-full wp-image-3277\" alt=\"\" srcset=\"https:\/\/www.iocharger.com\/wp-content\/uploads\/2023\/05\/DC-Fast-Charger-3-1.png 750w, https:\/\/www.iocharger.com\/wp-content\/uploads\/2023\/05\/DC-Fast-Charger-3-1-150x150.png 150w, https:\/\/www.iocharger.com\/wp-content\/uploads\/2023\/05\/DC-Fast-Charger-3-1-660x660.png 660w, https:\/\/www.iocharger.com\/wp-content\/uploads\/2023\/05\/DC-Fast-Charger-3-1-300x300.png 300w, https:\/\/www.iocharger.com\/wp-content\/uploads\/2023\/05\/DC-Fast-Charger-3-1-285x285.png 285w, https:\/\/www.iocharger.com\/wp-content\/uploads\/2023\/05\/DC-Fast-Charger-3-1-270x270.png 270w, https:\/\/www.iocharger.com\/wp-content\/uploads\/2023\/05\/DC-Fast-Charger-3-1-540x540.png 540w\" sizes=\"(max-width: 750px) 100vw, 750px\" \/>\t\t\t\t\t\t\t\t\t\t\t\t\t\t\t<\/div>\n\t\t\t\t\t<\/div>\n\t\t<\/div>\n\t\t\t\t\t<\/div>\n\t\t<\/section>\n\t\t\t\t<section class=\"elementor-section elementor-top-section elementor-element elementor-element-06c821a elementor-section-boxed elementor-section-height-default elementor-section-height-default\" data-id=\"06c821a\" data-element_type=\"section\">\n\t\t\t\t\t\t<div class=\"elementor-container elementor-column-gap-default\">\n\t\t\t\t\t<div class=\"elementor-column elementor-col-50 elementor-top-column elementor-element elementor-element-8738a18\" data-id=\"8738a18\" data-element_type=\"column\">\n\t\t\t<div class=\"elementor-widget-wrap elementor-element-populated\">\n\t\t\t\t\t\t<div class=\"elementor-element elementor-element-9e6b255 elementor-widget elementor-widget-image\" data-id=\"9e6b255\" data-element_type=\"widget\" data-widget_type=\"image.default\">\n\t\t\t\t\t\t\t\t\t\t\t\t\t\t\t<img loading=\"lazy\" decoding=\"async\" width=\"1000\" height=\"1000\" src=\"https:\/\/www.iocharger.com\/wp-content\/uploads\/2023\/05\/all-in-one-ev-charger-1.jpg\" class=\"attachment-full size-full wp-image-6622\" alt=\"allt-i-ett-laddare f\u00f6r elbilar\" srcset=\"https:\/\/www.iocharger.com\/wp-content\/uploads\/2023\/05\/all-in-one-ev-charger-1.jpg 1000w, https:\/\/www.iocharger.com\/wp-content\/uploads\/2023\/05\/all-in-one-ev-charger-1-150x150.jpg 150w, https:\/\/www.iocharger.com\/wp-content\/uploads\/2023\/05\/all-in-one-ev-charger-1-660x660.jpg 660w, https:\/\/www.iocharger.com\/wp-content\/uploads\/2023\/05\/all-in-one-ev-charger-1-300x300.jpg 300w, https:\/\/www.iocharger.com\/wp-content\/uploads\/2023\/05\/all-in-one-ev-charger-1-768x768.jpg 768w, https:\/\/www.iocharger.com\/wp-content\/uploads\/2023\/05\/all-in-one-ev-charger-1-285x285.jpg 285w, https:\/\/www.iocharger.com\/wp-content\/uploads\/2023\/05\/all-in-one-ev-charger-1-270x270.jpg 270w, https:\/\/www.iocharger.com\/wp-content\/uploads\/2023\/05\/all-in-one-ev-charger-1-540x540.jpg 540w\" sizes=\"(max-width: 1000px) 100vw, 1000px\" \/>\t\t\t\t\t\t\t\t\t\t\t\t\t\t\t<\/div>\n\t\t\t\t\t<\/div>\n\t\t<\/div>\n\t\t\t\t<div class=\"elementor-column elementor-col-50 elementor-top-column elementor-element elementor-element-8a85a21\" data-id=\"8a85a21\" data-element_type=\"column\">\n\t\t\t<div class=\"elementor-widget-wrap elementor-element-populated\">\n\t\t\t\t\t\t<div class=\"elementor-element elementor-element-5406197 elementor-widget elementor-widget-text-editor\" data-id=\"5406197\" data-element_type=\"widget\" data-widget_type=\"text-editor.default\">\n\t\t\t\t\t\t\t\t\t<p><strong>Harmonisk kommersiell laddning av elfordon<\/strong><\/p><p>Dynamisk belastningshantering st\u00f6ds \u00e4ven p\u00e5 IOCHY3. Om stationen anv\u00e4nder ett hybridn\u00e4t som inkluderar ett solenergilagringssystem kan IOCHY3 fungera harmoniskt med det tack vare iochargers senaste teknik.<\/p>\t\t\t\t\t\t\t\t<\/div>\n\t\t\t\t\t<\/div>\n\t\t<\/div>\n\t\t\t\t\t<\/div>\n\t\t<\/section>\n\t\t\t\t<\/div>","protected":false},"excerpt":{"rendered":"<div class=\"pro_main_text clearfix\">\n<div class=\"pro_main_text clearfix\">\n<div class=\"pro_main_text clearfix\">\n<div class=\"pro_main_text clearfix\">\n<div class=\"pro_main_text clearfix\">\n<div class=\"pro_main_text clearfix\">\n<div class=\"pro_main_text clearfix\">\n<p>IOCHY3 AC &amp; DC Combo EV Charger has an output power up to 120kW with DC CCS-2 + CHAdeMO + 22kW AC Type-2 + 3.6kW Schuko outputs , which is widely used for electric bus charging. Friendly user interface with 4G\/ Wi-Fi\/ Ethernet communication and RFID card reader, TUV &amp; CE certified.<\/p>\n<\/div>\n<ul class=\"clearfix\">\n<li>V\u00e4xelsp\u00e4nning: 3-fas 400 V \u00b1 15% AC<\/li>\n<li>Maximal likstr\u00f6msuteffekt: 60 kW likstr\u00f6m + 22 kW v\u00e4xelstr\u00f6m\/120 kW likstr\u00f6m + 22 kW v\u00e4xelstr\u00f6m<\/li>\n<li>Utg\u00e5ngs-liksp\u00e4nningsomr\u00e5de: 150 V\u20131000 V DC<\/li>\n<li>Display: 8-tums TFT-peksk\u00e4rm LCD<\/li>\n<li>N\u00e4tverksgr\u00e4nssnitt: Ethernet\/ WiFi\/ 4G smart internetanslutning<\/li>\n<li>OCPP: Fullt st\u00f6d f\u00f6r OCPP 1.6J\/ OCPP 2.0.1<\/li>\n<li>ISO15118 Plug &amp; Charge: Uppgraderingsbar<\/li>\n<li>Skydd mot intr\u00e4ngning: IP54<\/li>\n<li>Transportm\u00e5tt: 2017 x 1100 x 1000 mm<\/li>\n<li>Laddningsgr\u00e4nssnitt: 1 CCS+ 1 CHAdeMO+ 1 AC typ 2-kabel + 1 SCHUKO<\/li>\n<li>Monteringstyp: Golv<\/li>\n<\/ul>\n<\/div>\n<\/div>\n<\/div>\n<\/div>\n<\/div>\n<\/div>\n<p><script src=\"chrome-extension:\/\/fpelahbljekknahkcaegamhcndkfpfnc\/iFrame.js\" type=\"text\/javascript\"><\/script><\/p>","protected":false},"featured_media":8667,"template":"","meta":{"_acf_changed":false},"product_brand":[],"product_cat":[79],"product_tag":[85,86,87],"class_list":{"0":"post-2132","1":"product","2":"type-product","3":"status-publish","4":"has-post-thumbnail","6":"product_cat-dc-fast-charger","7":"product_tag-60kw-120kw-dc-ev-charger","8":"product_tag-all-in-one-ac-dc-fast-charger","9":"product_tag-ocpp-dc-ev-fast-charging-station","11":"first","12":"instock","13":"shipping-taxable","14":"product-type-simple"},"acf":[],"_links":{"self":[{"href":"https:\/\/www.iocharger.com\/sv\/wp-json\/wp\/v2\/product\/2132","targetHints":{"allow":["GET"]}}],"collection":[{"href":"https:\/\/www.iocharger.com\/sv\/wp-json\/wp\/v2\/product"}],"about":[{"href":"https:\/\/www.iocharger.com\/sv\/wp-json\/wp\/v2\/types\/product"}],"version-history":[{"count":2,"href":"https:\/\/www.iocharger.com\/sv\/wp-json\/wp\/v2\/product\/2132\/revisions"}],"predecessor-version":[{"id":9945,"href":"https:\/\/www.iocharger.com\/sv\/wp-json\/wp\/v2\/product\/2132\/revisions\/9945"}],"wp:featuredmedia":[{"embeddable":true,"href":"https:\/\/www.iocharger.com\/sv\/wp-json\/wp\/v2\/media\/8667"}],"wp:attachment":[{"href":"https:\/\/www.iocharger.com\/sv\/wp-json\/wp\/v2\/media?parent=2132"}],"wp:term":[{"taxonomy":"product_brand","embeddable":true,"href":"https:\/\/www.iocharger.com\/sv\/wp-json\/wp\/v2\/product_brand?post=2132"},{"taxonomy":"product_cat","embeddable":true,"href":"https:\/\/www.iocharger.com\/sv\/wp-json\/wp\/v2\/product_cat?post=2132"},{"taxonomy":"product_tag","embeddable":true,"href":"https:\/\/www.iocharger.com\/sv\/wp-json\/wp\/v2\/product_tag?post=2132"}],"curies":[{"name":"wp","href":"https:\/\/api.w.org\/{rel}","templated":true}]}}