{"id":2130,"date":"2023-05-31T11:08:01","date_gmt":"2023-05-31T11:08:01","guid":{"rendered":"https:\/\/test2.honstyle.com\/?post_type=product&#038;p=2130"},"modified":"2026-04-30T08:03:21","modified_gmt":"2026-04-30T08:03:21","slug":"mode-4-ocpp-1-6j-ocpp-2-0-1-60kw-90kw-120kw-150kw-dc-fast-charger","status":"publish","type":"product","link":"https:\/\/www.iocharger.com\/sv\/mode-4-ocpp-1-6j-ocpp-2-0-1-60kw-90kw-120kw-150kw-dc-fast-charger\/","title":{"rendered":"L\u00e4ge 4 OCPP 1.6J OCPP 2.0.1-kompatibel 60 kW 90 kW 120 kW 150 kW 180 kW DC-snabbladdare"},"content":{"rendered":"<div data-elementor-type=\"product-post\" data-elementor-id=\"2130\" class=\"elementor elementor-2130\" data-elementor-post-type=\"product\">\n\t\t\t\t\t\t<section class=\"elementor-section elementor-top-section elementor-element elementor-element-57153f0 elementor-section-boxed elementor-section-height-default elementor-section-height-default\" data-id=\"57153f0\" data-element_type=\"section\" data-e-type=\"section\">\n\t\t\t\t\t\t<div class=\"elementor-container elementor-column-gap-default\">\n\t\t\t\t\t<div class=\"elementor-column elementor-col-100 elementor-top-column elementor-element elementor-element-a194ebe\" data-id=\"a194ebe\" data-element_type=\"column\" data-e-type=\"column\">\n\t\t\t<div class=\"elementor-widget-wrap elementor-element-populated\">\n\t\t\t\t\t\t<div class=\"elementor-element elementor-element-724e766 elementor-widget elementor-widget-text-editor\" data-id=\"724e766\" data-element_type=\"widget\" data-e-type=\"widget\" data-widget_type=\"text-editor.default\">\n\t\t\t\t\t\t\t\t\t<p>Allt fler elbilar rullar p\u00e5 v\u00e4garna idag, och elbilar med l\u00e5ng r\u00e4ckvidd blir allt popul\u00e4rare p\u00e5 marknaden. F\u00f6r att elbilsf\u00f6rare ska kunna njuta av l\u00e5nga resor kr\u00e4vs snabbare laddning. IOCJY2-laddare finns nu tillg\u00e4ngliga f\u00f6r att m\u00f6ta kraven p\u00e5 snabb laddning.<\/p>\t\t\t\t\t\t\t\t<\/div>\n\t\t\t\t\t<\/div>\n\t\t<\/div>\n\t\t\t\t\t<\/div>\n\t\t<\/section>\n\t\t\t\t<section class=\"elementor-section elementor-top-section elementor-element elementor-element-83d7d0f elementor-section-boxed elementor-section-height-default elementor-section-height-default\" data-id=\"83d7d0f\" data-element_type=\"section\" data-e-type=\"section\">\n\t\t\t\t\t\t<div class=\"elementor-container elementor-column-gap-default\">\n\t\t\t\t\t<div class=\"elementor-column elementor-col-50 elementor-top-column elementor-element elementor-element-7285334\" data-id=\"7285334\" data-element_type=\"column\" data-e-type=\"column\">\n\t\t\t<div class=\"elementor-widget-wrap elementor-element-populated\">\n\t\t\t\t\t\t<div class=\"elementor-element elementor-element-7deac97 elementor-widget elementor-widget-text-editor\" data-id=\"7deac97\" data-element_type=\"widget\" data-e-type=\"widget\" data-widget_type=\"text-editor.default\">\n\t\t\t\t\t\t\t\t\t<p><strong>Huvudsakliga egenskaper:<\/strong><\/p><ul><li>DC-snabbladdare som st\u00f6der CCS, CHAdeMO eller GBT<\/li><li>ISO 15118 Plug &amp; Charge<\/li><li>Flera spr\u00e5k st\u00f6ds<\/li><li>Touchsk\u00e4rm som \u00e4r l\u00e4sbar i dagsljus<\/li><li>RFID-auktorisering<\/li><li>Pin-kod (OTP) st\u00f6ds<\/li><li>Robust v\u00e4derbest\u00e4ndigt h\u00f6lje i rostfritt st\u00e5l<\/li><li>Snabb och enkel installation<\/li><\/ul>\t\t\t\t\t\t\t\t<\/div>\n\t\t\t\t\t<\/div>\n\t\t<\/div>\n\t\t\t\t<div class=\"elementor-column elementor-col-50 elementor-top-column elementor-element elementor-element-5e05a1e\" data-id=\"5e05a1e\" data-element_type=\"column\" data-e-type=\"column\">\n\t\t\t<div class=\"elementor-widget-wrap elementor-element-populated\">\n\t\t\t\t\t\t<div class=\"elementor-element elementor-element-07a83f2 elementor-widget elementor-widget-image\" data-id=\"07a83f2\" data-element_type=\"widget\" data-e-type=\"widget\" data-widget_type=\"image.default\">\n\t\t\t\t\t\t\t\t\t\t\t\t\t\t\t<img fetchpriority=\"high\" decoding=\"async\" width=\"1000\" height=\"1000\" src=\"https:\/\/www.iocharger.com\/wp-content\/uploads\/2023\/05\/IOCJY2-ocpp-dc-ev-charger-with-pos.webp\" class=\"attachment-full size-full wp-image-9905\" alt=\"IOCJY2 ocpp dc ev laddare med pos\" srcset=\"https:\/\/www.iocharger.com\/wp-content\/uploads\/2023\/05\/IOCJY2-ocpp-dc-ev-charger-with-pos.webp 1000w, https:\/\/www.iocharger.com\/wp-content\/uploads\/2023\/05\/IOCJY2-ocpp-dc-ev-charger-with-pos-300x300.webp 300w, https:\/\/www.iocharger.com\/wp-content\/uploads\/2023\/05\/IOCJY2-ocpp-dc-ev-charger-with-pos-150x150.webp 150w, https:\/\/www.iocharger.com\/wp-content\/uploads\/2023\/05\/IOCJY2-ocpp-dc-ev-charger-with-pos-768x768.webp 768w, https:\/\/www.iocharger.com\/wp-content\/uploads\/2023\/05\/IOCJY2-ocpp-dc-ev-charger-with-pos-12x12.webp 12w, https:\/\/www.iocharger.com\/wp-content\/uploads\/2023\/05\/IOCJY2-ocpp-dc-ev-charger-with-pos-285x285.webp 285w, https:\/\/www.iocharger.com\/wp-content\/uploads\/2023\/05\/IOCJY2-ocpp-dc-ev-charger-with-pos-270x270.webp 270w, https:\/\/www.iocharger.com\/wp-content\/uploads\/2023\/05\/IOCJY2-ocpp-dc-ev-charger-with-pos-540x540.webp 540w, https:\/\/www.iocharger.com\/wp-content\/uploads\/2023\/05\/IOCJY2-ocpp-dc-ev-charger-with-pos-660x660.webp 660w\" sizes=\"(max-width: 1000px) 100vw, 1000px\" \/>\t\t\t\t\t\t\t\t\t\t\t\t\t\t\t<\/div>\n\t\t\t\t\t<\/div>\n\t\t<\/div>\n\t\t\t\t\t<\/div>\n\t\t<\/section>\n\t\t\t\t<section class=\"elementor-section elementor-top-section elementor-element elementor-element-c44a971 elementor-section-boxed elementor-section-height-default elementor-section-height-default\" data-id=\"c44a971\" data-element_type=\"section\" data-e-type=\"section\">\n\t\t\t\t\t\t<div class=\"elementor-container elementor-column-gap-default\">\n\t\t\t\t\t<div class=\"elementor-column elementor-col-50 elementor-top-column elementor-element elementor-element-c2d86ee\" data-id=\"c2d86ee\" data-element_type=\"column\" data-e-type=\"column\">\n\t\t\t<div class=\"elementor-widget-wrap elementor-element-populated\">\n\t\t\t\t\t\t<div class=\"elementor-element elementor-element-4bf0f15 elementor-widget elementor-widget-image\" data-id=\"4bf0f15\" data-element_type=\"widget\" data-e-type=\"widget\" data-widget_type=\"image.default\">\n\t\t\t\t\t\t\t\t\t\t\t\t\t\t\t<img decoding=\"async\" width=\"1000\" height=\"1000\" src=\"https:\/\/www.iocharger.com\/wp-content\/uploads\/2023\/05\/dynamic-load-balancing-ocpp-dc-fast-charger.webp\" class=\"attachment-full size-full wp-image-9907\" alt=\"dynamisk lastbalansering ocpp dc snabbladdare\" srcset=\"https:\/\/www.iocharger.com\/wp-content\/uploads\/2023\/05\/dynamic-load-balancing-ocpp-dc-fast-charger.webp 1000w, https:\/\/www.iocharger.com\/wp-content\/uploads\/2023\/05\/dynamic-load-balancing-ocpp-dc-fast-charger-300x300.webp 300w, https:\/\/www.iocharger.com\/wp-content\/uploads\/2023\/05\/dynamic-load-balancing-ocpp-dc-fast-charger-150x150.webp 150w, https:\/\/www.iocharger.com\/wp-content\/uploads\/2023\/05\/dynamic-load-balancing-ocpp-dc-fast-charger-768x768.webp 768w, https:\/\/www.iocharger.com\/wp-content\/uploads\/2023\/05\/dynamic-load-balancing-ocpp-dc-fast-charger-12x12.webp 12w, https:\/\/www.iocharger.com\/wp-content\/uploads\/2023\/05\/dynamic-load-balancing-ocpp-dc-fast-charger-285x285.webp 285w, https:\/\/www.iocharger.com\/wp-content\/uploads\/2023\/05\/dynamic-load-balancing-ocpp-dc-fast-charger-270x270.webp 270w, https:\/\/www.iocharger.com\/wp-content\/uploads\/2023\/05\/dynamic-load-balancing-ocpp-dc-fast-charger-540x540.webp 540w, https:\/\/www.iocharger.com\/wp-content\/uploads\/2023\/05\/dynamic-load-balancing-ocpp-dc-fast-charger-660x660.webp 660w\" sizes=\"(max-width: 1000px) 100vw, 1000px\" \/>\t\t\t\t\t\t\t\t\t\t\t\t\t\t\t<\/div>\n\t\t\t\t\t<\/div>\n\t\t<\/div>\n\t\t\t\t<div class=\"elementor-column elementor-col-50 elementor-top-column elementor-element elementor-element-b41e707\" data-id=\"b41e707\" data-element_type=\"column\" data-e-type=\"column\">\n\t\t\t<div class=\"elementor-widget-wrap elementor-element-populated\">\n\t\t\t\t\t\t<div class=\"elementor-element elementor-element-366be1c elementor-widget elementor-widget-text-editor\" data-id=\"366be1c\" data-element_type=\"widget\" data-e-type=\"widget\" data-widget_type=\"text-editor.default\">\n\t\t\t\t\t\t\t\t\t<p><strong>Perfekt partner f\u00f6r snabb laddning av elbilar<\/strong><\/p><p>IOCJY2 DC-snabbladdare \u00e4r utformade f\u00f6r snabb och bekv\u00e4m laddning av alla elfordonsmodeller som st\u00f6der CCS 1-, CCS 2-, CHAdeMO- och GB-T-kontakter. Tack vare sin modularitet m\u00f6jligg\u00f6r den en maximal laddningseffekt p\u00e5 upp till 180 kW och kan ladda tv\u00e5 elfordon samtidigt.<\/p>\t\t\t\t\t\t\t\t<\/div>\n\t\t\t\t\t<\/div>\n\t\t<\/div>\n\t\t\t\t\t<\/div>\n\t\t<\/section>\n\t\t\t\t<section class=\"elementor-section elementor-top-section elementor-element elementor-element-7479d51 elementor-section-boxed elementor-section-height-default elementor-section-height-default\" data-id=\"7479d51\" data-element_type=\"section\" data-e-type=\"section\">\n\t\t\t\t\t\t<div class=\"elementor-container elementor-column-gap-default\">\n\t\t\t\t\t<div class=\"elementor-column elementor-col-50 elementor-top-column elementor-element elementor-element-01b3914\" data-id=\"01b3914\" data-element_type=\"column\" data-e-type=\"column\">\n\t\t\t<div class=\"elementor-widget-wrap elementor-element-populated\">\n\t\t\t\t\t\t<div class=\"elementor-element elementor-element-19e9715 elementor-widget elementor-widget-text-editor\" data-id=\"19e9715\" data-element_type=\"widget\" data-e-type=\"widget\" data-widget_type=\"text-editor.default\">\n\t\t\t\t\t\t\t\t\t<p><strong>Senaste OCPP-kompatibel<\/strong><\/p><p>IOCJY2 \u00e4r helt kompatibel med OCPP 1.6J och OCPP 2.0, vilket inneb\u00e4r att du enkelt kan ansluta den till ditt CCMS f\u00f6r fj\u00e4rr\u00f6vervakning och fj\u00e4rrhantering. IOCJY2-laddarnas lastbalanseringsfunktion g\u00f6r dem perfekta f\u00f6r anv\u00e4ndning i offentliga milj\u00f6er och fordonsflottor.<\/p>\t\t\t\t\t\t\t\t<\/div>\n\t\t\t\t\t<\/div>\n\t\t<\/div>\n\t\t\t\t<div class=\"elementor-column elementor-col-50 elementor-top-column elementor-element elementor-element-46f16ee\" data-id=\"46f16ee\" data-element_type=\"column\" data-e-type=\"column\">\n\t\t\t<div class=\"elementor-widget-wrap elementor-element-populated\">\n\t\t\t\t\t\t<div class=\"elementor-element elementor-element-c00efcf elementor-widget elementor-widget-image\" data-id=\"c00efcf\" data-element_type=\"widget\" data-e-type=\"widget\" data-widget_type=\"image.default\">\n\t\t\t\t\t\t\t\t\t\t\t\t\t\t\t<img decoding=\"async\" width=\"750\" height=\"750\" src=\"https:\/\/www.iocharger.com\/wp-content\/uploads\/2023\/05\/60kW-90kW-120kW-150kW-DC-Fast-EV-Charger-3-1.png\" class=\"attachment-full size-full wp-image-3281\" alt=\"\" srcset=\"https:\/\/www.iocharger.com\/wp-content\/uploads\/2023\/05\/60kW-90kW-120kW-150kW-DC-Fast-EV-Charger-3-1.png 750w, https:\/\/www.iocharger.com\/wp-content\/uploads\/2023\/05\/60kW-90kW-120kW-150kW-DC-Fast-EV-Charger-3-1-150x150.png 150w, https:\/\/www.iocharger.com\/wp-content\/uploads\/2023\/05\/60kW-90kW-120kW-150kW-DC-Fast-EV-Charger-3-1-660x660.png 660w, https:\/\/www.iocharger.com\/wp-content\/uploads\/2023\/05\/60kW-90kW-120kW-150kW-DC-Fast-EV-Charger-3-1-300x300.png 300w, https:\/\/www.iocharger.com\/wp-content\/uploads\/2023\/05\/60kW-90kW-120kW-150kW-DC-Fast-EV-Charger-3-1-285x285.png 285w, https:\/\/www.iocharger.com\/wp-content\/uploads\/2023\/05\/60kW-90kW-120kW-150kW-DC-Fast-EV-Charger-3-1-270x270.png 270w, https:\/\/www.iocharger.com\/wp-content\/uploads\/2023\/05\/60kW-90kW-120kW-150kW-DC-Fast-EV-Charger-3-1-540x540.png 540w\" sizes=\"(max-width: 750px) 100vw, 750px\" \/>\t\t\t\t\t\t\t\t\t\t\t\t\t\t\t<\/div>\n\t\t\t\t\t<\/div>\n\t\t<\/div>\n\t\t\t\t\t<\/div>\n\t\t<\/section>\n\t\t\t\t<section class=\"elementor-section elementor-top-section elementor-element elementor-element-f676a35 elementor-section-boxed elementor-section-height-default elementor-section-height-default\" data-id=\"f676a35\" data-element_type=\"section\" data-e-type=\"section\">\n\t\t\t\t\t\t<div class=\"elementor-container elementor-column-gap-default\">\n\t\t\t\t\t<div class=\"elementor-column elementor-col-50 elementor-top-column elementor-element elementor-element-95c2c8f\" data-id=\"95c2c8f\" data-element_type=\"column\" data-e-type=\"column\">\n\t\t\t<div class=\"elementor-widget-wrap elementor-element-populated\">\n\t\t\t\t\t\t<div class=\"elementor-element elementor-element-fefd379 elementor-widget elementor-widget-image\" data-id=\"fefd379\" data-element_type=\"widget\" data-e-type=\"widget\" data-widget_type=\"image.default\">\n\t\t\t\t\t\t\t\t\t\t\t\t\t\t\t<img loading=\"lazy\" decoding=\"async\" width=\"750\" height=\"750\" src=\"https:\/\/www.iocharger.com\/wp-content\/uploads\/2023\/05\/DC-Fast-Charger-4-1.png\" class=\"attachment-full size-full wp-image-3274\" alt=\"\" srcset=\"https:\/\/www.iocharger.com\/wp-content\/uploads\/2023\/05\/DC-Fast-Charger-4-1.png 750w, https:\/\/www.iocharger.com\/wp-content\/uploads\/2023\/05\/DC-Fast-Charger-4-1-150x150.png 150w, https:\/\/www.iocharger.com\/wp-content\/uploads\/2023\/05\/DC-Fast-Charger-4-1-660x660.png 660w, https:\/\/www.iocharger.com\/wp-content\/uploads\/2023\/05\/DC-Fast-Charger-4-1-300x300.png 300w, https:\/\/www.iocharger.com\/wp-content\/uploads\/2023\/05\/DC-Fast-Charger-4-1-285x285.png 285w, https:\/\/www.iocharger.com\/wp-content\/uploads\/2023\/05\/DC-Fast-Charger-4-1-270x270.png 270w, https:\/\/www.iocharger.com\/wp-content\/uploads\/2023\/05\/DC-Fast-Charger-4-1-540x540.png 540w\" sizes=\"(max-width: 750px) 100vw, 750px\" \/>\t\t\t\t\t\t\t\t\t\t\t\t\t\t\t<\/div>\n\t\t\t\t\t<\/div>\n\t\t<\/div>\n\t\t\t\t<div class=\"elementor-column elementor-col-50 elementor-top-column elementor-element elementor-element-7c15c6e\" data-id=\"7c15c6e\" data-element_type=\"column\" data-e-type=\"column\">\n\t\t\t<div class=\"elementor-widget-wrap elementor-element-populated\">\n\t\t\t\t\t\t<div class=\"elementor-element elementor-element-e722b97 elementor-widget elementor-widget-text-editor\" data-id=\"e722b97\" data-element_type=\"widget\" data-e-type=\"widget\" data-widget_type=\"text-editor.default\">\n\t\t\t\t\t\t\t\t\t<p><strong>Harmonisk kommersiell laddning av elfordon<\/strong><\/p><p>Med iochargers avancerade laststyrningsteknik kan IOCJY2 f\u00f6rdela uteffekten p\u00e5 ett smart s\u00e4tt om stationens str\u00f6mf\u00f6rs\u00f6rjning \u00e4r begr\u00e4nsad, vilket underl\u00e4ttar f\u00f6r stationsledningen.<\/p>\t\t\t\t\t\t\t\t<\/div>\n\t\t\t\t\t<\/div>\n\t\t<\/div>\n\t\t\t\t\t<\/div>\n\t\t<\/section>\n\t\t\t\t<\/div>","protected":false},"excerpt":{"rendered":"<div class=\"pro_main_text clearfix\">\n<div class=\"pro_main_text clearfix\">\n<div class=\"pro_main_text clearfix\">\n<div class=\"pro_main_text clearfix\">\n<div class=\"pro_main_text clearfix\">\n<div class=\"pro_main_text clearfix\">\n<p>IOCJY2 \u00e4r utformad f\u00f6r snabb och bekv\u00e4m laddning f\u00f6r att m\u00f6ta kraven p\u00e5 snabb laddning och \u00e4r enkel att anv\u00e4nda f\u00f6r alla.<\/p>\n<p>Modell: IOC060JY2 IOC090JY2 IOC120JY2 IOC150JY2 IOC180JY2<\/p>\n<ul>\n<li>Ing\u00e5ngsklassificering: 3-fas 400 V \u00b1 15% v\u00e4xelstr\u00f6m<\/li>\n<li>Maximal likstr\u00f6msuteffekt: 60 kW\/90 kW\/120 kW\/150 kW\/180 kW<\/li>\n<li>Utg\u00e5ngs-liksp\u00e4nningsomr\u00e5de: 150\u20131000 V DC<\/li>\n<li>Display: 8-tums TFT-peksk\u00e4rm LCD<\/li>\n<li>N\u00e4tverksgr\u00e4nssnitt: Ethernet\/ WiFi\/ 4G smart internetanslutning<\/li>\n<li>OCPP: OCPP 1.6J\/ OCPP 2.0.1 fullst\u00e4ndigt st\u00f6d f\u00f6r profiler<\/li>\n<li>ISO15118 Plug &amp; Charge: Uppgraderingsbar<\/li>\n<li>Ing\u00e5ngsskydd: IP55<\/li>\n<li>Laddningsgr\u00e4nssnitt: CCS1, CCS2, CHAdeMO och GB\/T<\/li>\n<li>Monteringstyp: Golv<\/li>\n<li>M\u00e5tt: 1816 \u00d7 1007 \u00d7 640 mm<\/li>\n<li style=\"list-style-type: none;\"><\/li>\n<\/ul>\n<\/div>\n<\/div>\n<\/div>\n<\/div>\n<\/div>\n<\/div>","protected":false},"featured_media":9902,"template":"","meta":{"_acf_changed":false},"product_brand":[],"product_cat":[79],"product_tag":[82,83,84],"class_list":{"0":"post-2130","1":"product","2":"type-product","3":"status-publish","4":"has-post-thumbnail","6":"product_cat-dc-fast-charger","7":"product_tag-120kw-public-fast-ev-charger","8":"product_tag-90kw-120kw-dc-fast-charger","9":"product_tag-ocpp-ev-dc-fast-charging-station","11":"first","12":"instock","13":"shipping-taxable","14":"product-type-simple"},"acf":[],"_links":{"self":[{"href":"https:\/\/www.iocharger.com\/sv\/wp-json\/wp\/v2\/product\/2130","targetHints":{"allow":["GET"]}}],"collection":[{"href":"https:\/\/www.iocharger.com\/sv\/wp-json\/wp\/v2\/product"}],"about":[{"href":"https:\/\/www.iocharger.com\/sv\/wp-json\/wp\/v2\/types\/product"}],"version-history":[{"count":5,"href":"https:\/\/www.iocharger.com\/sv\/wp-json\/wp\/v2\/product\/2130\/revisions"}],"predecessor-version":[{"id":9946,"href":"https:\/\/www.iocharger.com\/sv\/wp-json\/wp\/v2\/product\/2130\/revisions\/9946"}],"wp:featuredmedia":[{"embeddable":true,"href":"https:\/\/www.iocharger.com\/sv\/wp-json\/wp\/v2\/media\/9902"}],"wp:attachment":[{"href":"https:\/\/www.iocharger.com\/sv\/wp-json\/wp\/v2\/media?parent=2130"}],"wp:term":[{"taxonomy":"product_brand","embeddable":true,"href":"https:\/\/www.iocharger.com\/sv\/wp-json\/wp\/v2\/product_brand?post=2130"},{"taxonomy":"product_cat","embeddable":true,"href":"https:\/\/www.iocharger.com\/sv\/wp-json\/wp\/v2\/product_cat?post=2130"},{"taxonomy":"product_tag","embeddable":true,"href":"https:\/\/www.iocharger.com\/sv\/wp-json\/wp\/v2\/product_tag?post=2130"}],"curies":[{"name":"wp","href":"https:\/\/api.w.org\/{rel}","templated":true}]}}