{"id":2104,"date":"2023-05-31T11:02:51","date_gmt":"2023-05-31T11:02:51","guid":{"rendered":"https:\/\/test2.honstyle.com\/?post_type=product&#038;p=2104"},"modified":"2025-12-24T08:59:11","modified_gmt":"2025-12-24T08:59:11","slug":"level-3-ocpp-1-6j-ocpp-2-0-1-30kw-60kw-dc-wallbox","status":"publish","type":"product","link":"https:\/\/www.iocharger.com\/sv\/level-3-ocpp-1-6j-ocpp-2-0-1-30kw-60kw-dc-wallbox\/","title":{"rendered":"ISO15118 Plug&amp;Charge V2G niv\u00e5 3 OCPP 1.6J OCPP 2.0.1-kompatibel 30 kW 60 kW DC Wallbox"},"content":{"rendered":"<div data-elementor-type=\"product-post\" data-elementor-id=\"2104\" class=\"elementor elementor-2104\" data-elementor-post-type=\"product\">\n\t\t\t\t\t\t<section class=\"elementor-section elementor-top-section elementor-element elementor-element-34475fe elementor-section-boxed elementor-section-height-default elementor-section-height-default\" data-id=\"34475fe\" data-element_type=\"section\">\n\t\t\t\t\t\t<div class=\"elementor-container elementor-column-gap-default\">\n\t\t\t\t\t<div class=\"elementor-column elementor-col-50 elementor-top-column elementor-element elementor-element-09e3605\" data-id=\"09e3605\" data-element_type=\"column\">\n\t\t\t<div class=\"elementor-widget-wrap elementor-element-populated\">\n\t\t\t\t\t\t<div class=\"elementor-element elementor-element-3a8bec0 elementor-widget elementor-widget-text-editor\" data-id=\"3a8bec0\" data-element_type=\"widget\" data-widget_type=\"text-editor.default\">\n\t\t\t\t\t\t\t\t\t<p><strong>Huvudsakliga egenskaper:<\/strong><\/p><ul><li>Charging speed up to 60kW<\/li><li>CCS 1, CCS 2, CHAdeMO, GB\/T charging connector<\/li><li>ISO 15118 Plug &amp; Charge<\/li><li>Support two charging connectors charging simultaneously<\/li><li>\u00a095% power efficiency for cost-saving operation<\/li><li>Inbyggd RFID-kortl\u00e4sare f\u00f6r anv\u00e4ndarautentisering<\/li><li>8 inch LCD touch screen &amp; user-friendly interface easy to operate<\/li><li>PIN-kod (OTP)<\/li><li>Full OCPP 1.6J &amp; OCPP 2.0.1 commands support<\/li><\/ul>\t\t\t\t\t\t\t\t<\/div>\n\t\t\t\t\t<\/div>\n\t\t<\/div>\n\t\t\t\t<div class=\"elementor-column elementor-col-50 elementor-top-column elementor-element elementor-element-05fc7de\" data-id=\"05fc7de\" data-element_type=\"column\">\n\t\t\t<div class=\"elementor-widget-wrap elementor-element-populated\">\n\t\t\t\t\t\t<div class=\"elementor-element elementor-element-590de91 elementor-widget elementor-widget-image\" data-id=\"590de91\" data-element_type=\"widget\" data-widget_type=\"image.default\">\n\t\t\t\t\t\t\t\t\t\t\t\t\t\t\t<img fetchpriority=\"high\" decoding=\"async\" width=\"2048\" height=\"2048\" src=\"https:\/\/www.iocharger.com\/wp-content\/uploads\/2023\/05\/IOCHY2-ev-charger-1-1.jpg\" class=\"attachment-full size-full wp-image-5964\" alt=\"\" srcset=\"https:\/\/www.iocharger.com\/wp-content\/uploads\/2023\/05\/IOCHY2-ev-charger-1-1.jpg 2048w, https:\/\/www.iocharger.com\/wp-content\/uploads\/2023\/05\/IOCHY2-ev-charger-1-1-150x150.jpg 150w, https:\/\/www.iocharger.com\/wp-content\/uploads\/2023\/05\/IOCHY2-ev-charger-1-1-660x660.jpg 660w, https:\/\/www.iocharger.com\/wp-content\/uploads\/2023\/05\/IOCHY2-ev-charger-1-1-300x300.jpg 300w, https:\/\/www.iocharger.com\/wp-content\/uploads\/2023\/05\/IOCHY2-ev-charger-1-1-1200x1200.jpg 1200w, https:\/\/www.iocharger.com\/wp-content\/uploads\/2023\/05\/IOCHY2-ev-charger-1-1-768x768.jpg 768w, https:\/\/www.iocharger.com\/wp-content\/uploads\/2023\/05\/IOCHY2-ev-charger-1-1-1536x1536.jpg 1536w, https:\/\/www.iocharger.com\/wp-content\/uploads\/2023\/05\/IOCHY2-ev-charger-1-1-285x285.jpg 285w, https:\/\/www.iocharger.com\/wp-content\/uploads\/2023\/05\/IOCHY2-ev-charger-1-1-1600x1600.jpg 1600w, https:\/\/www.iocharger.com\/wp-content\/uploads\/2023\/05\/IOCHY2-ev-charger-1-1-270x270.jpg 270w, https:\/\/www.iocharger.com\/wp-content\/uploads\/2023\/05\/IOCHY2-ev-charger-1-1-540x540.jpg 540w\" sizes=\"(max-width: 2048px) 100vw, 2048px\" \/>\t\t\t\t\t\t\t\t\t\t\t\t\t\t\t<\/div>\n\t\t\t\t\t<\/div>\n\t\t<\/div>\n\t\t\t\t\t<\/div>\n\t\t<\/section>\n\t\t\t\t<section class=\"elementor-section elementor-top-section elementor-element elementor-element-e85439f elementor-section-boxed elementor-section-height-default elementor-section-height-default\" data-id=\"e85439f\" data-element_type=\"section\">\n\t\t\t\t\t\t<div class=\"elementor-container elementor-column-gap-default\">\n\t\t\t\t\t<div class=\"elementor-column elementor-col-50 elementor-top-column elementor-element elementor-element-ec719e4\" data-id=\"ec719e4\" data-element_type=\"column\">\n\t\t\t<div class=\"elementor-widget-wrap elementor-element-populated\">\n\t\t\t\t\t\t<div class=\"elementor-element elementor-element-24c3f7e elementor-widget elementor-widget-image\" data-id=\"24c3f7e\" data-element_type=\"widget\" data-widget_type=\"image.default\">\n\t\t\t\t\t\t\t\t\t\t\t\t\t\t\t<img decoding=\"async\" width=\"2048\" height=\"2048\" src=\"https:\/\/www.iocharger.com\/wp-content\/uploads\/2023\/05\/IOCHY2-ev-charger-2-1.jpg\" class=\"attachment-full size-full wp-image-5965\" alt=\"30 kW v\u00e4ggmonterad likstr\u00f6msladdare f\u00f6r elfordon IOCHY2\" srcset=\"https:\/\/www.iocharger.com\/wp-content\/uploads\/2023\/05\/IOCHY2-ev-charger-2-1.jpg 2048w, https:\/\/www.iocharger.com\/wp-content\/uploads\/2023\/05\/IOCHY2-ev-charger-2-1-150x150.jpg 150w, https:\/\/www.iocharger.com\/wp-content\/uploads\/2023\/05\/IOCHY2-ev-charger-2-1-660x660.jpg 660w, https:\/\/www.iocharger.com\/wp-content\/uploads\/2023\/05\/IOCHY2-ev-charger-2-1-300x300.jpg 300w, https:\/\/www.iocharger.com\/wp-content\/uploads\/2023\/05\/IOCHY2-ev-charger-2-1-1200x1200.jpg 1200w, https:\/\/www.iocharger.com\/wp-content\/uploads\/2023\/05\/IOCHY2-ev-charger-2-1-768x768.jpg 768w, https:\/\/www.iocharger.com\/wp-content\/uploads\/2023\/05\/IOCHY2-ev-charger-2-1-1536x1536.jpg 1536w, https:\/\/www.iocharger.com\/wp-content\/uploads\/2023\/05\/IOCHY2-ev-charger-2-1-285x285.jpg 285w, https:\/\/www.iocharger.com\/wp-content\/uploads\/2023\/05\/IOCHY2-ev-charger-2-1-1600x1600.jpg 1600w, https:\/\/www.iocharger.com\/wp-content\/uploads\/2023\/05\/IOCHY2-ev-charger-2-1-270x270.jpg 270w, https:\/\/www.iocharger.com\/wp-content\/uploads\/2023\/05\/IOCHY2-ev-charger-2-1-540x540.jpg 540w\" sizes=\"(max-width: 2048px) 100vw, 2048px\" \/>\t\t\t\t\t\t\t\t\t\t\t\t\t\t\t<\/div>\n\t\t\t\t\t<\/div>\n\t\t<\/div>\n\t\t\t\t<div class=\"elementor-column elementor-col-50 elementor-top-column elementor-element elementor-element-45f5791\" data-id=\"45f5791\" data-element_type=\"column\">\n\t\t\t<div class=\"elementor-widget-wrap elementor-element-populated\">\n\t\t\t\t\t\t<div class=\"elementor-element elementor-element-b0f34e3 elementor-widget elementor-widget-text-editor\" data-id=\"b0f34e3\" data-element_type=\"widget\" data-widget_type=\"text-editor.default\">\n\t\t\t\t\t\t\t\t\t<div class=\"text-detail\"><p><strong>Fast charging speed and high efficiency<\/strong><\/p><p>IOCHY2 allows maximum 60kW charge power which ensure long endurance mileage in short-time charging. Charging efficiency over 95% and low standby consumption make cost-saving operations possible.<\/p><\/div>\t\t\t\t\t\t\t\t<\/div>\n\t\t\t\t\t<\/div>\n\t\t<\/div>\n\t\t\t\t\t<\/div>\n\t\t<\/section>\n\t\t\t\t<section class=\"elementor-section elementor-top-section elementor-element elementor-element-0172ff0 elementor-section-boxed elementor-section-height-default elementor-section-height-default\" data-id=\"0172ff0\" data-element_type=\"section\">\n\t\t\t\t\t\t<div class=\"elementor-container elementor-column-gap-default\">\n\t\t\t\t\t<div class=\"elementor-column elementor-col-50 elementor-top-column elementor-element elementor-element-787e6cf\" data-id=\"787e6cf\" data-element_type=\"column\">\n\t\t\t<div class=\"elementor-widget-wrap elementor-element-populated\">\n\t\t\t\t\t\t<div class=\"elementor-element elementor-element-2f96cea elementor-widget elementor-widget-text-editor\" data-id=\"2f96cea\" data-element_type=\"widget\" data-widget_type=\"text-editor.default\">\n\t\t\t\t\t\t\t\t\t<p><strong>Applicable to a wide variety of use cases<\/strong><\/p><p>With its ultra-compact design, it is safe and reliable for residential, workplace offices, public commercial assets like shopping centers, hotels, parking structures, fleets, etc.<\/p><p><strong>Easy to use<\/strong><\/p><p>IOCHY2 enables safe authentication and secure payment through RFID, mobile Apps. The multi-language supported 8 inch touch screen makes the charging operation easy &amp; understandable for all users.<\/p>\t\t\t\t\t\t\t\t<\/div>\n\t\t\t\t\t<\/div>\n\t\t<\/div>\n\t\t\t\t<div class=\"elementor-column elementor-col-50 elementor-top-column elementor-element elementor-element-d5a2272\" data-id=\"d5a2272\" data-element_type=\"column\">\n\t\t\t<div class=\"elementor-widget-wrap elementor-element-populated\">\n\t\t\t\t\t\t<div class=\"elementor-element elementor-element-016a5a0 elementor-widget elementor-widget-image\" data-id=\"016a5a0\" data-element_type=\"widget\" data-widget_type=\"image.default\">\n\t\t\t\t\t\t\t\t\t\t\t\t\t\t\t<img decoding=\"async\" width=\"1000\" height=\"1000\" src=\"https:\/\/www.iocharger.com\/wp-content\/uploads\/2023\/05\/IOCHY2-1.jpg\" class=\"attachment-full size-full wp-image-6081\" alt=\"\" srcset=\"https:\/\/www.iocharger.com\/wp-content\/uploads\/2023\/05\/IOCHY2-1.jpg 1000w, https:\/\/www.iocharger.com\/wp-content\/uploads\/2023\/05\/IOCHY2-1-150x150.jpg 150w, https:\/\/www.iocharger.com\/wp-content\/uploads\/2023\/05\/IOCHY2-1-660x660.jpg 660w, https:\/\/www.iocharger.com\/wp-content\/uploads\/2023\/05\/IOCHY2-1-300x300.jpg 300w, https:\/\/www.iocharger.com\/wp-content\/uploads\/2023\/05\/IOCHY2-1-768x768.jpg 768w, https:\/\/www.iocharger.com\/wp-content\/uploads\/2023\/05\/IOCHY2-1-285x285.jpg 285w, https:\/\/www.iocharger.com\/wp-content\/uploads\/2023\/05\/IOCHY2-1-270x270.jpg 270w, https:\/\/www.iocharger.com\/wp-content\/uploads\/2023\/05\/IOCHY2-1-540x540.jpg 540w\" sizes=\"(max-width: 1000px) 100vw, 1000px\" \/>\t\t\t\t\t\t\t\t\t\t\t\t\t\t\t<\/div>\n\t\t\t\t\t<\/div>\n\t\t<\/div>\n\t\t\t\t\t<\/div>\n\t\t<\/section>\n\t\t\t\t<section class=\"elementor-section elementor-top-section elementor-element elementor-element-b7d9a83 elementor-section-boxed elementor-section-height-default elementor-section-height-default\" data-id=\"b7d9a83\" data-element_type=\"section\">\n\t\t\t\t\t\t<div class=\"elementor-container elementor-column-gap-default\">\n\t\t\t\t\t<div class=\"elementor-column elementor-col-50 elementor-top-column elementor-element elementor-element-fdf59cc\" data-id=\"fdf59cc\" data-element_type=\"column\">\n\t\t\t<div class=\"elementor-widget-wrap elementor-element-populated\">\n\t\t\t\t\t\t<div class=\"elementor-element elementor-element-2daf3e3 elementor-widget elementor-widget-image\" data-id=\"2daf3e3\" data-element_type=\"widget\" data-widget_type=\"image.default\">\n\t\t\t\t\t\t\t\t\t\t\t\t\t\t\t<img loading=\"lazy\" decoding=\"async\" width=\"750\" height=\"750\" src=\"https:\/\/www.iocharger.com\/wp-content\/uploads\/2023\/05\/60kW-90kW-120kW-150kW-DC-Fast-EV-Charger-3-1.png\" class=\"attachment-full size-full wp-image-3281\" alt=\"\" srcset=\"https:\/\/www.iocharger.com\/wp-content\/uploads\/2023\/05\/60kW-90kW-120kW-150kW-DC-Fast-EV-Charger-3-1.png 750w, https:\/\/www.iocharger.com\/wp-content\/uploads\/2023\/05\/60kW-90kW-120kW-150kW-DC-Fast-EV-Charger-3-1-150x150.png 150w, https:\/\/www.iocharger.com\/wp-content\/uploads\/2023\/05\/60kW-90kW-120kW-150kW-DC-Fast-EV-Charger-3-1-660x660.png 660w, https:\/\/www.iocharger.com\/wp-content\/uploads\/2023\/05\/60kW-90kW-120kW-150kW-DC-Fast-EV-Charger-3-1-300x300.png 300w, https:\/\/www.iocharger.com\/wp-content\/uploads\/2023\/05\/60kW-90kW-120kW-150kW-DC-Fast-EV-Charger-3-1-285x285.png 285w, https:\/\/www.iocharger.com\/wp-content\/uploads\/2023\/05\/60kW-90kW-120kW-150kW-DC-Fast-EV-Charger-3-1-270x270.png 270w, https:\/\/www.iocharger.com\/wp-content\/uploads\/2023\/05\/60kW-90kW-120kW-150kW-DC-Fast-EV-Charger-3-1-540x540.png 540w\" sizes=\"(max-width: 750px) 100vw, 750px\" \/>\t\t\t\t\t\t\t\t\t\t\t\t\t\t\t<\/div>\n\t\t\t\t\t<\/div>\n\t\t<\/div>\n\t\t\t\t<div class=\"elementor-column elementor-col-50 elementor-top-column elementor-element elementor-element-9abb748\" data-id=\"9abb748\" data-element_type=\"column\">\n\t\t\t<div class=\"elementor-widget-wrap elementor-element-populated\">\n\t\t\t\t\t\t<div class=\"elementor-element elementor-element-9f6a1bc elementor-widget elementor-widget-text-editor\" data-id=\"9f6a1bc\" data-element_type=\"widget\" data-widget_type=\"text-editor.default\">\n\t\t\t\t\t\t\t\t\t<p><strong>Smart charging supported<\/strong><\/p><p>Smart charging via latest OCPP. Dynamic load management feature makes it ready for integration with advanced smart building energy building or when power source is limited.<\/p>\t\t\t\t\t\t\t\t<\/div>\n\t\t\t\t\t<\/div>\n\t\t<\/div>\n\t\t\t\t\t<\/div>\n\t\t<\/section>\n\t\t\t\t<\/div>","protected":false},"excerpt":{"rendered":"<div class=\"pro_main_text clearfix\">\n<div class=\"pro_main_text clearfix\">\n<div class=\"pro_main_text clearfix\">\n<div class=\"pro_main_text clearfix\">\n<div class=\"pro_main_text clearfix\">\n<div class=\"pro_main_text clearfix\">\n<p class=\"\">IOCHY2 is a compact DC charging station can be fixed on wall or floor-mounted as an option, easy to use for everyone.<\/p>\n<\/div>\n<ul class=\"clearfix\">\n<li>Ing\u00e5ngsklassificering: 3-fas 400 V \u00b1 15% v\u00e4xelstr\u00f6m<\/li>\n<li>Maximal likstr\u00f6msuteffekt: 30 kW\/60 kW<\/li>\n<li>Utg\u00e5ngs-liksp\u00e4nningsomr\u00e5de: 150 V\u20131000 V DC<\/li>\n<li>Display: 8-tums TFT-peksk\u00e4rm LCD<\/li>\n<li>N\u00e4tverksgr\u00e4nssnitt: Ethernet\/4G smart internetanslutning<\/li>\n<li>OCPP: OCPP 1.6J\/ OCPP 2.0.1 fullst\u00e4ndigt st\u00f6d f\u00f6r profiler<\/li>\n<li>ISO15118 Plug &amp; Charge: Uppgraderingsbar<\/li>\n<li>Skydd mot intr\u00e4ngning: IP54<\/li>\n<li>Charging Interface: 1 CCS\/ 1 CHAdeMO\/ 2 CCS\/ 2 CHAdeMO\/1 CCS +1 CHAdeMO<\/li>\n<li>Monteringstyp: V\u00e4gg eller golv( piedestal levereras separat)<\/li>\n<li>Dimension: 355\u00d7690\u00d7770mm<\/li>\n<\/ul>\n<\/div>\n<\/div>\n<\/div>\n<\/div>\n<\/div>","protected":false},"featured_media":8701,"template":"","meta":{"_acf_changed":false},"product_brand":[],"product_cat":[79],"product_tag":[78,80,81],"class_list":{"0":"post-2104","1":"product","2":"type-product","3":"status-publish","4":"has-post-thumbnail","6":"product_cat-dc-fast-charger","7":"product_tag-30kw-60kw-dc-wallbox-level-3","8":"product_tag-mode-4-ocpp-2-0-1-dc-fast-charging-station","9":"product_tag-ocpp-1-6j-dc-charger","11":"first","12":"instock","13":"shipping-taxable","14":"product-type-simple"},"acf":[],"_links":{"self":[{"href":"https:\/\/www.iocharger.com\/sv\/wp-json\/wp\/v2\/product\/2104","targetHints":{"allow":["GET"]}}],"collection":[{"href":"https:\/\/www.iocharger.com\/sv\/wp-json\/wp\/v2\/product"}],"about":[{"href":"https:\/\/www.iocharger.com\/sv\/wp-json\/wp\/v2\/types\/product"}],"version-history":[{"count":0,"href":"https:\/\/www.iocharger.com\/sv\/wp-json\/wp\/v2\/product\/2104\/revisions"}],"wp:featuredmedia":[{"embeddable":true,"href":"https:\/\/www.iocharger.com\/sv\/wp-json\/wp\/v2\/media\/8701"}],"wp:attachment":[{"href":"https:\/\/www.iocharger.com\/sv\/wp-json\/wp\/v2\/media?parent=2104"}],"wp:term":[{"taxonomy":"product_brand","embeddable":true,"href":"https:\/\/www.iocharger.com\/sv\/wp-json\/wp\/v2\/product_brand?post=2104"},{"taxonomy":"product_cat","embeddable":true,"href":"https:\/\/www.iocharger.com\/sv\/wp-json\/wp\/v2\/product_cat?post=2104"},{"taxonomy":"product_tag","embeddable":true,"href":"https:\/\/www.iocharger.com\/sv\/wp-json\/wp\/v2\/product_tag?post=2104"}],"curies":[{"name":"wp","href":"https:\/\/api.w.org\/{rel}","templated":true}]}}