{"id":2094,"date":"2023-05-31T10:58:14","date_gmt":"2023-05-31T10:58:14","guid":{"rendered":"https:\/\/test2.honstyle.com\/?post_type=product&#038;p=2094"},"modified":"2025-12-24T08:58:50","modified_gmt":"2025-12-24T08:58:50","slug":"ocpp-public-ev-charger-support-credit-card-payment-with-pos-terminal","status":"publish","type":"product","link":"https:\/\/www.iocharger.com\/sv\/ocpp-public-ev-charger-support-credit-card-payment-with-pos-terminal\/","title":{"rendered":"OCPP 2.0.1-kompatibel Plug&amp;Charge-laddare f\u00f6r allm\u00e4nheten f\u00f6r elbilar St\u00f6d f\u00f6r kreditkortsbetalning med POS-terminal"},"content":{"rendered":"<div data-elementor-type=\"product-post\" data-elementor-id=\"2094\" class=\"elementor elementor-2094\" data-elementor-post-type=\"product\">\n\t\t\t\t\t\t<section class=\"elementor-section elementor-top-section elementor-element elementor-element-00e90a8 elementor-section-boxed elementor-section-height-default elementor-section-height-default\" data-id=\"00e90a8\" data-element_type=\"section\">\n\t\t\t\t\t\t<div class=\"elementor-container elementor-column-gap-default\">\n\t\t\t\t\t<div class=\"elementor-column elementor-col-100 elementor-top-column elementor-element elementor-element-b7cfd57\" data-id=\"b7cfd57\" data-element_type=\"column\">\n\t\t\t<div class=\"elementor-widget-wrap elementor-element-populated\">\n\t\t\t\t\t\t<div class=\"elementor-element elementor-element-c2e8bae elementor-widget elementor-widget-text-editor\" data-id=\"c2e8bae\" data-element_type=\"widget\" data-widget_type=\"text-editor.default\">\n\t\t\t\t\t\t\t\t\t<p>IOCAP26 \u00e4r s\u00e4rskilt utformad f\u00f6r kommersiella laddnings\u00e4ndam\u00e5l. H\u00f6g vatten- och dammbest\u00e4ndighet med skyddsklass IP55 och IK10 g\u00f6r den perfekt f\u00f6r utomhusladdningsplatser som bensinstationer, parkeringsplatser, gatuh\u00f6rn etc.<\/p>\t\t\t\t\t\t\t\t<\/div>\n\t\t\t\t\t<\/div>\n\t\t<\/div>\n\t\t\t\t\t<\/div>\n\t\t<\/section>\n\t\t\t\t<section class=\"elementor-section elementor-top-section elementor-element elementor-element-1cfd539 elementor-section-boxed elementor-section-height-default elementor-section-height-default\" data-id=\"1cfd539\" data-element_type=\"section\">\n\t\t\t\t\t\t<div class=\"elementor-container elementor-column-gap-default\">\n\t\t\t\t\t<div class=\"elementor-column elementor-col-50 elementor-top-column elementor-element elementor-element-20c5297\" data-id=\"20c5297\" data-element_type=\"column\">\n\t\t\t<div class=\"elementor-widget-wrap elementor-element-populated\">\n\t\t\t\t\t\t<div class=\"elementor-element elementor-element-9a50614 elementor-widget elementor-widget-text-editor\" data-id=\"9a50614\" data-element_type=\"widget\" data-widget_type=\"text-editor.default\">\n\t\t\t\t\t\t\t\t\t<p><strong>Huvudsakliga egenskaper:<\/strong><\/p><ul><li>Flexibel konfiguration av utg\u00e5ngsstr\u00f6m\/effekt<\/li><li>Dubbel oberoende str\u00f6mkontroll med anslutningarna<\/li><li>2x typ B RCCB<\/li><li>2x MID-m\u00e4tare inuti<\/li><li>Smart n\u00e4tverksanslutning Ethernet, Wi-Fi, mobiln\u00e4t<\/li><li>Anv\u00e4ndarautentisering via RFID eller mobilapp<\/li><li>Anv\u00e4ndarv\u00e4nlig webbportal f\u00f6r konfiguration av laddare<\/li><li>Dynamisk belastningshantering St\u00f6d f\u00f6r upp till 252 stycken<\/li><li>Support f\u00f6r installation av POS-terminal<\/li><li>Separat MID-m\u00e4taravl\u00e4sningsf\u00f6nster<\/li><li>L\u00e4tt andning, kaskadanslutning f\u00f6r internetdelning<\/li><\/ul>\t\t\t\t\t\t\t\t<\/div>\n\t\t\t\t\t<\/div>\n\t\t<\/div>\n\t\t\t\t<div class=\"elementor-column elementor-col-50 elementor-top-column elementor-element elementor-element-7450399\" data-id=\"7450399\" data-element_type=\"column\">\n\t\t\t<div class=\"elementor-widget-wrap elementor-element-populated\">\n\t\t\t\t\t\t<div class=\"elementor-element elementor-element-a02cf29 elementor-widget__width-initial elementor-widget elementor-widget-image\" data-id=\"a02cf29\" data-element_type=\"widget\" data-widget_type=\"image.default\">\n\t\t\t\t\t\t\t\t\t\t\t\t\t\t\t<img fetchpriority=\"high\" decoding=\"async\" width=\"1000\" height=\"1000\" src=\"https:\/\/www.iocharger.com\/wp-content\/uploads\/2023\/05\/iocharger-dual-ev-charger-3-1.png\" class=\"attachment-full size-full wp-image-5367\" alt=\"\" srcset=\"https:\/\/www.iocharger.com\/wp-content\/uploads\/2023\/05\/iocharger-dual-ev-charger-3-1.png 1000w, https:\/\/www.iocharger.com\/wp-content\/uploads\/2023\/05\/iocharger-dual-ev-charger-3-1-150x150.png 150w, https:\/\/www.iocharger.com\/wp-content\/uploads\/2023\/05\/iocharger-dual-ev-charger-3-1-660x660.png 660w, https:\/\/www.iocharger.com\/wp-content\/uploads\/2023\/05\/iocharger-dual-ev-charger-3-1-300x300.png 300w, https:\/\/www.iocharger.com\/wp-content\/uploads\/2023\/05\/iocharger-dual-ev-charger-3-1-768x768.png 768w, https:\/\/www.iocharger.com\/wp-content\/uploads\/2023\/05\/iocharger-dual-ev-charger-3-1-285x285.png 285w, https:\/\/www.iocharger.com\/wp-content\/uploads\/2023\/05\/iocharger-dual-ev-charger-3-1-270x270.png 270w, https:\/\/www.iocharger.com\/wp-content\/uploads\/2023\/05\/iocharger-dual-ev-charger-3-1-540x540.png 540w\" sizes=\"(max-width: 1000px) 100vw, 1000px\" \/>\t\t\t\t\t\t\t\t\t\t\t\t\t\t\t<\/div>\n\t\t\t\t\t<\/div>\n\t\t<\/div>\n\t\t\t\t\t<\/div>\n\t\t<\/section>\n\t\t\t\t<section class=\"elementor-section elementor-top-section elementor-element elementor-element-353d4e0 elementor-section-boxed elementor-section-height-default elementor-section-height-default\" data-id=\"353d4e0\" data-element_type=\"section\">\n\t\t\t\t\t\t<div class=\"elementor-container elementor-column-gap-default\">\n\t\t\t\t\t<div class=\"elementor-column elementor-col-50 elementor-top-column elementor-element elementor-element-54ea811\" data-id=\"54ea811\" data-element_type=\"column\">\n\t\t\t<div class=\"elementor-widget-wrap elementor-element-populated\">\n\t\t\t\t\t\t<div class=\"elementor-element elementor-element-ddbe937 elementor-widget elementor-widget-image\" data-id=\"ddbe937\" data-element_type=\"widget\" data-widget_type=\"image.default\">\n\t\t\t\t\t\t\t\t\t\t\t\t\t\t\t<img decoding=\"async\" width=\"1000\" height=\"1000\" src=\"https:\/\/www.iocharger.com\/wp-content\/uploads\/2023\/05\/22kw-ev-charger-with-pos-terminal-1.jpg\" class=\"attachment-full size-full wp-image-6384\" alt=\"22kw ev-laddare med pos-terminal\" srcset=\"https:\/\/www.iocharger.com\/wp-content\/uploads\/2023\/05\/22kw-ev-charger-with-pos-terminal-1.jpg 1000w, https:\/\/www.iocharger.com\/wp-content\/uploads\/2023\/05\/22kw-ev-charger-with-pos-terminal-1-150x150.jpg 150w, https:\/\/www.iocharger.com\/wp-content\/uploads\/2023\/05\/22kw-ev-charger-with-pos-terminal-1-660x660.jpg 660w, https:\/\/www.iocharger.com\/wp-content\/uploads\/2023\/05\/22kw-ev-charger-with-pos-terminal-1-300x300.jpg 300w, https:\/\/www.iocharger.com\/wp-content\/uploads\/2023\/05\/22kw-ev-charger-with-pos-terminal-1-768x768.jpg 768w, https:\/\/www.iocharger.com\/wp-content\/uploads\/2023\/05\/22kw-ev-charger-with-pos-terminal-1-285x285.jpg 285w, https:\/\/www.iocharger.com\/wp-content\/uploads\/2023\/05\/22kw-ev-charger-with-pos-terminal-1-270x270.jpg 270w, https:\/\/www.iocharger.com\/wp-content\/uploads\/2023\/05\/22kw-ev-charger-with-pos-terminal-1-540x540.jpg 540w\" sizes=\"(max-width: 1000px) 100vw, 1000px\" \/>\t\t\t\t\t\t\t\t\t\t\t\t\t\t\t<\/div>\n\t\t\t\t\t<\/div>\n\t\t<\/div>\n\t\t\t\t<div class=\"elementor-column elementor-col-50 elementor-top-column elementor-element elementor-element-90eca43\" data-id=\"90eca43\" data-element_type=\"column\">\n\t\t\t<div class=\"elementor-widget-wrap elementor-element-populated\">\n\t\t\t\t\t\t<div class=\"elementor-element elementor-element-13a2eab elementor-widget elementor-widget-text-editor\" data-id=\"13a2eab\" data-element_type=\"widget\" data-widget_type=\"text-editor.default\">\n\t\t\t\t\t\t\t\t\t<p><strong>Integrera POS-terminalbetalning<\/strong><\/p><p>IOCAP26 har integrerat v\u00e5r senaste POS-terminalbetalningsteknik f\u00f6r att maximera anv\u00e4ndarupplevelsen vid betalning p\u00e5 offentliga platser, arbetsplatser, kommersiella parkeringsplatser, bensinstationer etc. Vi erbjuder en komplett betalningsl\u00f6sning som inkluderar:<\/p><ul><li>\u00a0POS-terminal p\u00e5 AC&amp;DC-laddare eller separat installation<\/li><li>\u00a0Lokal offline-betalning i kassan<\/li><li>Online-POS-betalningsintegration med OCPP-backend<\/li><li>Enkel POS-terminal som st\u00f6der flera EV-laddningsanslutningar<\/li><li>Nayax, Payter-terminal<\/li><\/ul><p>Det \u00e4r en perfekt och komplett l\u00f6sning f\u00f6r ditt f\u00f6retag, som ger dig enkel drift, \u00f6vervakning, hantering och kontantl\u00f6s betalning.<\/p>\t\t\t\t\t\t\t\t<\/div>\n\t\t\t\t\t<\/div>\n\t\t<\/div>\n\t\t\t\t\t<\/div>\n\t\t<\/section>\n\t\t\t\t<section class=\"elementor-section elementor-top-section elementor-element elementor-element-68cc48d elementor-section-boxed elementor-section-height-default elementor-section-height-default\" data-id=\"68cc48d\" data-element_type=\"section\">\n\t\t\t\t\t\t<div class=\"elementor-container elementor-column-gap-default\">\n\t\t\t\t\t<div class=\"elementor-column elementor-col-50 elementor-top-column elementor-element elementor-element-315ab35\" data-id=\"315ab35\" data-element_type=\"column\">\n\t\t\t<div class=\"elementor-widget-wrap elementor-element-populated\">\n\t\t\t\t\t\t<div class=\"elementor-element elementor-element-a1006df elementor-widget elementor-widget-text-editor\" data-id=\"a1006df\" data-element_type=\"widget\" data-widget_type=\"text-editor.default\">\n\t\t\t\t\t\t\t\t\t<p><strong>Ladda tv\u00e5 bilar samtidigt<\/strong><\/p><p>Tv\u00e5 laddningskontakter g\u00f6r att IOCAP26 kan ladda tv\u00e5 bilar samtidigt. Den oberoende str\u00f6ming\u00e5ngsdesignen g\u00f6r att varje typ 2-uttag fungerar separat utan att st\u00f6ra varandra, och varje typ 2-uttag kan leverera maximalt 22 kW str\u00f6m samtidigt f\u00f6r snabb laddning.<\/p>\t\t\t\t\t\t\t\t<\/div>\n\t\t\t\t\t<\/div>\n\t\t<\/div>\n\t\t\t\t<div class=\"elementor-column elementor-col-50 elementor-top-column elementor-element elementor-element-0621132\" data-id=\"0621132\" data-element_type=\"column\">\n\t\t\t<div class=\"elementor-widget-wrap elementor-element-populated\">\n\t\t\t\t\t\t<div class=\"elementor-element elementor-element-3266632 elementor-widget elementor-widget-image\" data-id=\"3266632\" data-element_type=\"widget\" data-widget_type=\"image.default\">\n\t\t\t\t\t\t\t\t\t\t\t\t\t\t\t<img decoding=\"async\" width=\"1000\" height=\"1000\" src=\"https:\/\/www.iocharger.com\/wp-content\/uploads\/2023\/05\/ev-charger-with-pos-payment-3-1.png\" class=\"attachment-full size-full wp-image-5242\" alt=\"\" srcset=\"https:\/\/www.iocharger.com\/wp-content\/uploads\/2023\/05\/ev-charger-with-pos-payment-3-1.png 1000w, https:\/\/www.iocharger.com\/wp-content\/uploads\/2023\/05\/ev-charger-with-pos-payment-3-1-150x150.png 150w, https:\/\/www.iocharger.com\/wp-content\/uploads\/2023\/05\/ev-charger-with-pos-payment-3-1-660x660.png 660w, https:\/\/www.iocharger.com\/wp-content\/uploads\/2023\/05\/ev-charger-with-pos-payment-3-1-300x300.png 300w, https:\/\/www.iocharger.com\/wp-content\/uploads\/2023\/05\/ev-charger-with-pos-payment-3-1-768x768.png 768w, https:\/\/www.iocharger.com\/wp-content\/uploads\/2023\/05\/ev-charger-with-pos-payment-3-1-285x285.png 285w, https:\/\/www.iocharger.com\/wp-content\/uploads\/2023\/05\/ev-charger-with-pos-payment-3-1-270x270.png 270w, https:\/\/www.iocharger.com\/wp-content\/uploads\/2023\/05\/ev-charger-with-pos-payment-3-1-540x540.png 540w\" sizes=\"(max-width: 1000px) 100vw, 1000px\" \/>\t\t\t\t\t\t\t\t\t\t\t\t\t\t\t<\/div>\n\t\t\t\t\t<\/div>\n\t\t<\/div>\n\t\t\t\t\t<\/div>\n\t\t<\/section>\n\t\t\t\t<section class=\"elementor-section elementor-top-section elementor-element elementor-element-9c3d70e elementor-section-boxed elementor-section-height-default elementor-section-height-default\" data-id=\"9c3d70e\" data-element_type=\"section\">\n\t\t\t\t\t\t<div class=\"elementor-container elementor-column-gap-default\">\n\t\t\t\t\t<div class=\"elementor-column elementor-col-50 elementor-top-column elementor-element elementor-element-4634541\" data-id=\"4634541\" data-element_type=\"column\">\n\t\t\t<div class=\"elementor-widget-wrap elementor-element-populated\">\n\t\t\t\t\t\t<div class=\"elementor-element elementor-element-2a23fde elementor-widget elementor-widget-image\" data-id=\"2a23fde\" data-element_type=\"widget\" data-widget_type=\"image.default\">\n\t\t\t\t\t\t\t\t\t\t\t\t\t\t\t<img loading=\"lazy\" decoding=\"async\" width=\"1000\" height=\"1000\" src=\"https:\/\/www.iocharger.com\/wp-content\/uploads\/2023\/05\/ev-charger-with-pos-payment-4-1-1.png\" class=\"attachment-full size-full wp-image-5671\" alt=\"\" srcset=\"https:\/\/www.iocharger.com\/wp-content\/uploads\/2023\/05\/ev-charger-with-pos-payment-4-1-1.png 1000w, https:\/\/www.iocharger.com\/wp-content\/uploads\/2023\/05\/ev-charger-with-pos-payment-4-1-1-150x150.png 150w, https:\/\/www.iocharger.com\/wp-content\/uploads\/2023\/05\/ev-charger-with-pos-payment-4-1-1-660x660.png 660w, https:\/\/www.iocharger.com\/wp-content\/uploads\/2023\/05\/ev-charger-with-pos-payment-4-1-1-300x300.png 300w, https:\/\/www.iocharger.com\/wp-content\/uploads\/2023\/05\/ev-charger-with-pos-payment-4-1-1-768x768.png 768w, https:\/\/www.iocharger.com\/wp-content\/uploads\/2023\/05\/ev-charger-with-pos-payment-4-1-1-285x285.png 285w, https:\/\/www.iocharger.com\/wp-content\/uploads\/2023\/05\/ev-charger-with-pos-payment-4-1-1-270x270.png 270w, https:\/\/www.iocharger.com\/wp-content\/uploads\/2023\/05\/ev-charger-with-pos-payment-4-1-1-540x540.png 540w\" sizes=\"(max-width: 1000px) 100vw, 1000px\" \/>\t\t\t\t\t\t\t\t\t\t\t\t\t\t\t<\/div>\n\t\t\t\t\t<\/div>\n\t\t<\/div>\n\t\t\t\t<div class=\"elementor-column elementor-col-50 elementor-top-column elementor-element elementor-element-913c83f\" data-id=\"913c83f\" data-element_type=\"column\">\n\t\t\t<div class=\"elementor-widget-wrap elementor-element-populated\">\n\t\t\t\t\t\t<div class=\"elementor-element elementor-element-66b877b elementor-widget elementor-widget-text-editor\" data-id=\"66b877b\" data-element_type=\"widget\" data-widget_type=\"text-editor.default\">\n\t\t\t\t\t\t\t\t\t<p><strong>Helt OCPP-kompatibel<\/strong><\/p><p>Som medlem i OCA (OCPP) och OCPI \u00e4r v\u00e5ra EV-laddare alltid uppdaterade med det senaste OCPP-protokollet. OCPP 1.6J och OCPP 2.0.1 \u00e4r nu helt kompatibla, vilket g\u00f6r att v\u00e5ra laddare fungerar harmoniskt med alla OCPP-baserade plattformar.<\/p><p><strong>Dynamisk lastbalansering<\/strong><\/p><p>IOCAP26:s lastbalanseringsfunktion g\u00f6r den perfekt f\u00f6r kommersiell laddning. Den justerar dynamiskt effekten mellan laddstationerna baserat p\u00e5 effektl\u00e4get i realtid, f\u00f6r att s\u00e4kerst\u00e4lla att str\u00f6mavbrott aldrig intr\u00e4ffar p\u00e5 grund av \u00f6verbelastning.<\/p>\t\t\t\t\t\t\t\t<\/div>\n\t\t\t\t\t<\/div>\n\t\t<\/div>\n\t\t\t\t\t<\/div>\n\t\t<\/section>\n\t\t\t\t<\/div>","protected":false},"excerpt":{"rendered":"<div class=\"pro_main_text clearfix\">\n<div class=\"pro_main_text clearfix\">\n<div class=\"pro_main_text clearfix\">\n<div class=\"pro_main_text clearfix\">\n<div class=\"pro_main_text clearfix\">\n<p>IOCAP26 \u00e4r en utm\u00e4rkt laddare f\u00f6r offentlig laddning utomhus. Varje laddningskontakt kan leverera maximalt 22 kW effekt samtidigt.<\/p>\n<\/div>\n<ul class=\"clearfix\">\n<li>Ing\u00e5ngsv\u00e4rde: 1-fas 230V\u00b120% ; 3-fas 400V\u00b120%<\/li>\n<li>Uteffekt: 1-fas 2 x 7 kW 32 A; 3-fas 2 x 22 kW 32 A<\/li>\n<li>Intern RCD: 2 x typ B RCCB<\/li>\n<li>Sk\u00e4rm: 7\u201d LCD-SK\u00c4RM<\/li>\n<li>M\u00e4tare: 2 x MID-m\u00e4tare<\/li>\n<li>Certifikat: CE, PTB (Eichrecht)<\/li>\n<li>N\u00e4tverksgr\u00e4nssnitt: Ethernet\/ WiFi\/ 4G smart internetanslutning<\/li>\n<li>OCPP: Fullt st\u00f6d f\u00f6r OCPP 1.6J\/ OCPP 2.0.1<\/li>\n<li>Ing\u00e5ngsskydd: IP55<\/li>\n<li>Transportm\u00e5tt: 1530 x 450 x 320 mm<\/li>\n<li>Gr\u00e4nssnitt f\u00f6r laddning: SAE J1772 &amp; Typ-2-kabel\/ Typ-2-uttag\/ T2S-uttag med slutare<\/li>\n<li>Monteringstyp: Golv<\/li>\n<\/ul>\n<\/div>\n<\/div>\n<\/div>\n<\/div>","protected":false},"featured_media":8706,"template":"","meta":{"_acf_changed":false},"product_brand":[],"product_cat":[61],"product_tag":[75,76,77],"class_list":{"0":"post-2094","1":"product","2":"type-product","3":"status-publish","4":"has-post-thumbnail","6":"product_cat-commercial-ev-charger","7":"product_tag-ev-charger-with-credit-card-payment","8":"product_tag-ev-charger-with-pos-terminal","9":"product_tag-ocpp-public-ev-charger","11":"first","12":"instock","13":"shipping-taxable","14":"product-type-simple"},"acf":[],"_links":{"self":[{"href":"https:\/\/www.iocharger.com\/sv\/wp-json\/wp\/v2\/product\/2094","targetHints":{"allow":["GET"]}}],"collection":[{"href":"https:\/\/www.iocharger.com\/sv\/wp-json\/wp\/v2\/product"}],"about":[{"href":"https:\/\/www.iocharger.com\/sv\/wp-json\/wp\/v2\/types\/product"}],"version-history":[{"count":0,"href":"https:\/\/www.iocharger.com\/sv\/wp-json\/wp\/v2\/product\/2094\/revisions"}],"wp:featuredmedia":[{"embeddable":true,"href":"https:\/\/www.iocharger.com\/sv\/wp-json\/wp\/v2\/media\/8706"}],"wp:attachment":[{"href":"https:\/\/www.iocharger.com\/sv\/wp-json\/wp\/v2\/media?parent=2094"}],"wp:term":[{"taxonomy":"product_brand","embeddable":true,"href":"https:\/\/www.iocharger.com\/sv\/wp-json\/wp\/v2\/product_brand?post=2094"},{"taxonomy":"product_cat","embeddable":true,"href":"https:\/\/www.iocharger.com\/sv\/wp-json\/wp\/v2\/product_cat?post=2094"},{"taxonomy":"product_tag","embeddable":true,"href":"https:\/\/www.iocharger.com\/sv\/wp-json\/wp\/v2\/product_tag?post=2094"}],"curies":[{"name":"wp","href":"https:\/\/api.w.org\/{rel}","templated":true}]}}