{"id":2090,"date":"2023-05-31T10:51:22","date_gmt":"2023-05-31T10:51:22","guid":{"rendered":"https:\/\/test2.honstyle.com\/?post_type=product&#038;p=2090"},"modified":"2025-12-30T03:12:47","modified_gmt":"2025-12-30T03:12:47","slug":"pedestal-2x7kw-2x22kw-dual-ac-commercial-ev-charger","status":"publish","type":"product","link":"https:\/\/www.iocharger.com\/sv\/pedestal-2x7kw-2x22kw-dual-ac-commercial-ev-charger\/","title":{"rendered":"OCPP 2.0.1 OCPP 1.6J-kompatibel ISO15118 PnC-pedestal 2x7 kW 2x22 kW dubbel AC-laddare f\u00f6r kommersiella elfordon"},"content":{"rendered":"<div data-elementor-type=\"product-post\" data-elementor-id=\"2090\" class=\"elementor elementor-2090\" data-elementor-post-type=\"product\">\n\t\t\t\t\t\t<section class=\"elementor-section elementor-top-section elementor-element elementor-element-ad611fe elementor-section-boxed elementor-section-height-default elementor-section-height-default\" data-id=\"ad611fe\" data-element_type=\"section\">\n\t\t\t\t\t\t<div class=\"elementor-container elementor-column-gap-default\">\n\t\t\t\t\t<div class=\"elementor-column elementor-col-100 elementor-top-column elementor-element elementor-element-d1d27b9\" data-id=\"d1d27b9\" data-element_type=\"column\">\n\t\t\t<div class=\"elementor-widget-wrap elementor-element-populated\">\n\t\t\t\t\t\t<div class=\"elementor-element elementor-element-ad559bd elementor-widget elementor-widget-text-editor\" data-id=\"ad559bd\" data-element_type=\"widget\" data-widget_type=\"text-editor.default\">\n\t\t\t\t\t\t\t\t\t<p><strong>Ge allt du beh\u00f6ver<\/strong><\/p><p class=\"\">IOCAP26 \u00e4r en perfekt laddare f\u00f6r kommersiell laddning som kan anv\u00e4ndas i fordonsflottor, p\u00e5 arbetsplatser, offentliga platser etc. Varje laddningskontakt kan leverera maximalt 22 kW effekt samtidigt, vilket f\u00f6rb\u00e4ttrar laddstationernas effektivitet. OCPP 1.6J och OCPP 2.0.1 \u00e4r fullt kompatibla, vilket g\u00f6r det enkelt att anv\u00e4nda med vanliga EV CSMS.<\/p>\t\t\t\t\t\t\t\t<\/div>\n\t\t\t\t\t<\/div>\n\t\t<\/div>\n\t\t\t\t\t<\/div>\n\t\t<\/section>\n\t\t\t\t<section class=\"elementor-section elementor-top-section elementor-element elementor-element-d3b98c9 elementor-section-boxed elementor-section-height-default elementor-section-height-default\" data-id=\"d3b98c9\" data-element_type=\"section\">\n\t\t\t\t\t\t<div class=\"elementor-container elementor-column-gap-default\">\n\t\t\t\t\t<div class=\"elementor-column elementor-col-50 elementor-top-column elementor-element elementor-element-17f2d0d\" data-id=\"17f2d0d\" data-element_type=\"column\">\n\t\t\t<div class=\"elementor-widget-wrap elementor-element-populated\">\n\t\t\t\t\t\t<div class=\"elementor-element elementor-element-0ebcdb9 elementor-widget elementor-widget-text-editor\" data-id=\"0ebcdb9\" data-element_type=\"widget\" data-widget_type=\"text-editor.default\">\n\t\t\t\t\t\t\t\t\t<p><strong>Huvudsakliga egenskaper:<\/strong><\/p><ul><li>Kompatibel med alla bilar och eln\u00e4t<\/li><li>2 x RCCB typ B<\/li><li>2 x MID-m\u00e4tare<\/li><li>2 x SPD 40KA<\/li><li>7-tums LCD-sk\u00e4rm f\u00f6r enkel och anv\u00e4ndarv\u00e4nlig drift<\/li><li>Intelligent Ethernet, mobiln\u00e4t, WLAN-v\u00e4xling<\/li><li>Flexibel konfiguration av utg\u00e5ngsstr\u00f6m\/effekt<\/li><li>St\u00f6d f\u00f6r smart dynamisk lastbalansering<\/li><li>Anv\u00e4ndarautentisering via RFID eller mobilapp<\/li><li>Anv\u00e4ndarv\u00e4nlig webbportal f\u00f6r konfiguration av laddare<\/li><\/ul>\t\t\t\t\t\t\t\t<\/div>\n\t\t\t\t\t<\/div>\n\t\t<\/div>\n\t\t\t\t<div class=\"elementor-column elementor-col-50 elementor-top-column elementor-element elementor-element-eaa6e3e\" data-id=\"eaa6e3e\" data-element_type=\"column\">\n\t\t\t<div class=\"elementor-widget-wrap elementor-element-populated\">\n\t\t\t\t\t\t<div class=\"elementor-element elementor-element-b51c86a elementor-widget elementor-widget-image\" data-id=\"b51c86a\" data-element_type=\"widget\" data-widget_type=\"image.default\">\n\t\t\t\t\t\t\t\t\t\t\t\t\t\t\t<img fetchpriority=\"high\" decoding=\"async\" width=\"1000\" height=\"1000\" src=\"https:\/\/www.iocharger.com\/wp-content\/uploads\/2023\/05\/ac-dual-connect-ev-charger-3-1.png\" class=\"attachment-full size-full wp-image-5228\" alt=\"\" srcset=\"https:\/\/www.iocharger.com\/wp-content\/uploads\/2023\/05\/ac-dual-connect-ev-charger-3-1.png 1000w, https:\/\/www.iocharger.com\/wp-content\/uploads\/2023\/05\/ac-dual-connect-ev-charger-3-1-150x150.png 150w, https:\/\/www.iocharger.com\/wp-content\/uploads\/2023\/05\/ac-dual-connect-ev-charger-3-1-660x660.png 660w, https:\/\/www.iocharger.com\/wp-content\/uploads\/2023\/05\/ac-dual-connect-ev-charger-3-1-300x300.png 300w, https:\/\/www.iocharger.com\/wp-content\/uploads\/2023\/05\/ac-dual-connect-ev-charger-3-1-768x768.png 768w, https:\/\/www.iocharger.com\/wp-content\/uploads\/2023\/05\/ac-dual-connect-ev-charger-3-1-285x285.png 285w, https:\/\/www.iocharger.com\/wp-content\/uploads\/2023\/05\/ac-dual-connect-ev-charger-3-1-270x270.png 270w, https:\/\/www.iocharger.com\/wp-content\/uploads\/2023\/05\/ac-dual-connect-ev-charger-3-1-540x540.png 540w\" sizes=\"(max-width: 1000px) 100vw, 1000px\" \/>\t\t\t\t\t\t\t\t\t\t\t\t\t\t\t<\/div>\n\t\t\t\t\t<\/div>\n\t\t<\/div>\n\t\t\t\t\t<\/div>\n\t\t<\/section>\n\t\t\t\t<section class=\"elementor-section elementor-top-section elementor-element elementor-element-0264354 elementor-section-boxed elementor-section-height-default elementor-section-height-default\" data-id=\"0264354\" data-element_type=\"section\">\n\t\t\t\t\t\t<div class=\"elementor-container elementor-column-gap-default\">\n\t\t\t\t\t<div class=\"elementor-column elementor-col-50 elementor-top-column elementor-element elementor-element-9676c27\" data-id=\"9676c27\" data-element_type=\"column\">\n\t\t\t<div class=\"elementor-widget-wrap elementor-element-populated\">\n\t\t\t\t\t\t<div class=\"elementor-element elementor-element-ecb532f elementor-widget elementor-widget-image\" data-id=\"ecb532f\" data-element_type=\"widget\" data-widget_type=\"image.default\">\n\t\t\t\t\t\t\t\t\t\t\t\t\t\t\t<img decoding=\"async\" width=\"1000\" height=\"1000\" src=\"https:\/\/www.iocharger.com\/wp-content\/uploads\/2023\/05\/ac-dual-connect-ev-charger-5-1.png\" class=\"attachment-full size-full wp-image-5229\" alt=\"\" srcset=\"https:\/\/www.iocharger.com\/wp-content\/uploads\/2023\/05\/ac-dual-connect-ev-charger-5-1.png 1000w, https:\/\/www.iocharger.com\/wp-content\/uploads\/2023\/05\/ac-dual-connect-ev-charger-5-1-150x150.png 150w, https:\/\/www.iocharger.com\/wp-content\/uploads\/2023\/05\/ac-dual-connect-ev-charger-5-1-660x660.png 660w, https:\/\/www.iocharger.com\/wp-content\/uploads\/2023\/05\/ac-dual-connect-ev-charger-5-1-300x300.png 300w, https:\/\/www.iocharger.com\/wp-content\/uploads\/2023\/05\/ac-dual-connect-ev-charger-5-1-768x768.png 768w, https:\/\/www.iocharger.com\/wp-content\/uploads\/2023\/05\/ac-dual-connect-ev-charger-5-1-285x285.png 285w, https:\/\/www.iocharger.com\/wp-content\/uploads\/2023\/05\/ac-dual-connect-ev-charger-5-1-270x270.png 270w, https:\/\/www.iocharger.com\/wp-content\/uploads\/2023\/05\/ac-dual-connect-ev-charger-5-1-540x540.png 540w\" sizes=\"(max-width: 1000px) 100vw, 1000px\" \/>\t\t\t\t\t\t\t\t\t\t\t\t\t\t\t<\/div>\n\t\t\t\t\t<\/div>\n\t\t<\/div>\n\t\t\t\t<div class=\"elementor-column elementor-col-50 elementor-top-column elementor-element elementor-element-969cdfd\" data-id=\"969cdfd\" data-element_type=\"column\">\n\t\t\t<div class=\"elementor-widget-wrap elementor-element-populated\">\n\t\t\t\t\t\t<div class=\"elementor-element elementor-element-685ad02 elementor-widget elementor-widget-text-editor\" data-id=\"685ad02\" data-element_type=\"widget\" data-widget_type=\"text-editor.default\">\n\t\t\t\t\t\t\t\t\t<p><strong>Ladda tv\u00e5 elbilar samtidigt\u00a0<\/strong><\/p><div class=\"text-detail\"><p>Med dubbla laddningskontakter kan IOCAP26 ladda tv\u00e5 bilar samtidigt och automatiskt justera den dynamiska balansen mellan de tv\u00e5 kontakterna. Den oberoende str\u00f6ming\u00e5ngsdesignen g\u00f6r att varje laddningskontakt fungerar separat utan att st\u00f6ra varandra, och varje laddningskontakt kan samtidigt leverera maximalt 22 kW f\u00f6r snabb laddning.<\/p><\/div>\t\t\t\t\t\t\t\t<\/div>\n\t\t\t\t\t<\/div>\n\t\t<\/div>\n\t\t\t\t\t<\/div>\n\t\t<\/section>\n\t\t\t\t<section class=\"elementor-section elementor-top-section elementor-element elementor-element-e982974 elementor-section-boxed elementor-section-height-default elementor-section-height-default\" data-id=\"e982974\" data-element_type=\"section\">\n\t\t\t\t\t\t<div class=\"elementor-container elementor-column-gap-default\">\n\t\t\t\t\t<div class=\"elementor-column elementor-col-50 elementor-top-column elementor-element elementor-element-e029a23\" data-id=\"e029a23\" data-element_type=\"column\">\n\t\t\t<div class=\"elementor-widget-wrap elementor-element-populated\">\n\t\t\t\t\t\t<div class=\"elementor-element elementor-element-8c16530 elementor-widget elementor-widget-text-editor\" data-id=\"8c16530\" data-element_type=\"widget\" data-widget_type=\"text-editor.default\">\n\t\t\t\t\t\t\t\t\t<p><strong>H\u00f6guppl\u00f6st 7-tums LCD-sk\u00e4rm<\/strong><\/p><p>All anv\u00e4ndbar information visas p\u00e5 den 7-tums LCD-sk\u00e4rmen, s\u00e5som laddarens status, laddningsstatus, QR-kod, snabb laddning och annat inneh\u00e5ll i realtid. Dessutom kan den spela upp videor, bilder, texter, ljud etc., vilket inneb\u00e4r att laddstationens exponeringseffekt kan f\u00f6rb\u00e4ttras. LCD-sk\u00e4rmen med h\u00f6g uppl\u00f6sning och h\u00f6g ljusstyrka g\u00f6r att bilden \u00e4r tydlig \u00e4ven i direkt solljus.<\/p>\t\t\t\t\t\t\t\t<\/div>\n\t\t\t\t\t<\/div>\n\t\t<\/div>\n\t\t\t\t<div class=\"elementor-column elementor-col-50 elementor-top-column elementor-element elementor-element-f401813\" data-id=\"f401813\" data-element_type=\"column\">\n\t\t\t<div class=\"elementor-widget-wrap elementor-element-populated\">\n\t\t\t\t\t\t<div class=\"elementor-element elementor-element-81b939f elementor-widget elementor-widget-image\" data-id=\"81b939f\" data-element_type=\"widget\" data-widget_type=\"image.default\">\n\t\t\t\t\t\t\t\t\t\t\t\t\t\t\t<img decoding=\"async\" width=\"1000\" height=\"1000\" src=\"https:\/\/www.iocharger.com\/wp-content\/uploads\/2023\/05\/ac-dual-connect-ev-charger-2-1.png\" class=\"attachment-full size-full wp-image-5230\" alt=\"\" srcset=\"https:\/\/www.iocharger.com\/wp-content\/uploads\/2023\/05\/ac-dual-connect-ev-charger-2-1.png 1000w, https:\/\/www.iocharger.com\/wp-content\/uploads\/2023\/05\/ac-dual-connect-ev-charger-2-1-150x150.png 150w, https:\/\/www.iocharger.com\/wp-content\/uploads\/2023\/05\/ac-dual-connect-ev-charger-2-1-660x660.png 660w, https:\/\/www.iocharger.com\/wp-content\/uploads\/2023\/05\/ac-dual-connect-ev-charger-2-1-300x300.png 300w, https:\/\/www.iocharger.com\/wp-content\/uploads\/2023\/05\/ac-dual-connect-ev-charger-2-1-768x768.png 768w, https:\/\/www.iocharger.com\/wp-content\/uploads\/2023\/05\/ac-dual-connect-ev-charger-2-1-285x285.png 285w, https:\/\/www.iocharger.com\/wp-content\/uploads\/2023\/05\/ac-dual-connect-ev-charger-2-1-270x270.png 270w, https:\/\/www.iocharger.com\/wp-content\/uploads\/2023\/05\/ac-dual-connect-ev-charger-2-1-540x540.png 540w\" sizes=\"(max-width: 1000px) 100vw, 1000px\" \/>\t\t\t\t\t\t\t\t\t\t\t\t\t\t\t<\/div>\n\t\t\t\t\t<\/div>\n\t\t<\/div>\n\t\t\t\t\t<\/div>\n\t\t<\/section>\n\t\t\t\t<section class=\"elementor-section elementor-top-section elementor-element elementor-element-0c1443f elementor-section-boxed elementor-section-height-default elementor-section-height-default\" data-id=\"0c1443f\" data-element_type=\"section\">\n\t\t\t\t\t\t<div class=\"elementor-container elementor-column-gap-default\">\n\t\t\t\t\t<div class=\"elementor-column elementor-col-50 elementor-top-column elementor-element elementor-element-d6ae640\" data-id=\"d6ae640\" data-element_type=\"column\">\n\t\t\t<div class=\"elementor-widget-wrap elementor-element-populated\">\n\t\t\t\t\t\t<div class=\"elementor-element elementor-element-a1a476f elementor-widget elementor-widget-image\" data-id=\"a1a476f\" data-element_type=\"widget\" data-widget_type=\"image.default\">\n\t\t\t\t\t\t\t\t\t\t\t\t\t\t\t<img loading=\"lazy\" decoding=\"async\" width=\"1000\" height=\"1000\" src=\"https:\/\/www.iocharger.com\/wp-content\/uploads\/2023\/05\/ac-dual-connect-ev-charger-1-1-1.png\" class=\"attachment-full size-full wp-image-5666\" alt=\"\" srcset=\"https:\/\/www.iocharger.com\/wp-content\/uploads\/2023\/05\/ac-dual-connect-ev-charger-1-1-1.png 1000w, https:\/\/www.iocharger.com\/wp-content\/uploads\/2023\/05\/ac-dual-connect-ev-charger-1-1-1-150x150.png 150w, https:\/\/www.iocharger.com\/wp-content\/uploads\/2023\/05\/ac-dual-connect-ev-charger-1-1-1-660x660.png 660w, https:\/\/www.iocharger.com\/wp-content\/uploads\/2023\/05\/ac-dual-connect-ev-charger-1-1-1-300x300.png 300w, https:\/\/www.iocharger.com\/wp-content\/uploads\/2023\/05\/ac-dual-connect-ev-charger-1-1-1-768x768.png 768w, https:\/\/www.iocharger.com\/wp-content\/uploads\/2023\/05\/ac-dual-connect-ev-charger-1-1-1-285x285.png 285w, https:\/\/www.iocharger.com\/wp-content\/uploads\/2023\/05\/ac-dual-connect-ev-charger-1-1-1-270x270.png 270w, https:\/\/www.iocharger.com\/wp-content\/uploads\/2023\/05\/ac-dual-connect-ev-charger-1-1-1-540x540.png 540w\" sizes=\"(max-width: 1000px) 100vw, 1000px\" \/>\t\t\t\t\t\t\t\t\t\t\t\t\t\t\t<\/div>\n\t\t\t\t\t<\/div>\n\t\t<\/div>\n\t\t\t\t<div class=\"elementor-column elementor-col-50 elementor-top-column elementor-element elementor-element-4288046\" data-id=\"4288046\" data-element_type=\"column\">\n\t\t\t<div class=\"elementor-widget-wrap elementor-element-populated\">\n\t\t\t\t\t\t<div class=\"elementor-element elementor-element-f4fad42 elementor-widget elementor-widget-text-editor\" data-id=\"f4fad42\" data-element_type=\"widget\" data-widget_type=\"text-editor.default\">\n\t\t\t\t\t\t\t\t\t<p><strong>Helt OCPP-kompatibel<\/strong><\/p><p>Som medlem i OCA (OCPP) och OCPI \u00e4r v\u00e5ra EV-laddare alltid integrerade med det senaste OCPP-protokollet, inklusive OCPP 1.6J och OCPP 2.0.1, vilket inneb\u00e4r att du enkelt kan ansluta den till valfritt OCPP CCMS fr\u00e5n tredje part f\u00f6r fj\u00e4rr\u00f6vervakning och fj\u00e4rrhantering.<\/p><p><strong>St\u00f6d f\u00f6r dynamisk lastbalansering<\/strong><\/p><p>Fullt kompatibel med solcellsinstallationer och batterilagringssystem. Den balanserar dynamiskt str\u00f6mmen mellan laddstationerna baserat p\u00e5 str\u00f6msituationen i realtid, f\u00f6r att s\u00e4kerst\u00e4lla att str\u00f6mavbrott aldrig intr\u00e4ffar p\u00e5 grund av \u00f6verbelastning.<\/p>\t\t\t\t\t\t\t\t<\/div>\n\t\t\t\t\t<\/div>\n\t\t<\/div>\n\t\t\t\t\t<\/div>\n\t\t<\/section>\n\t\t\t\t<\/div>","protected":false},"excerpt":{"rendered":"<div class=\"pro_main_text clearfix\">\n<div class=\"pro_main_text clearfix\">\n<div class=\"pro_main_text clearfix\">\n<div class=\"pro_main_text clearfix\">\n<p class=\"\">Pedestal AC-dubbla laddare \u00e4r konstruerade f\u00f6r kommersiell drift.<\/p>\n<\/div>\n<ul class=\"clearfix\">\n<li>Ing\u00e5ngsv\u00e4rde: 1-fas 230V\u00b120% ; 3-fas 400V\u00b120%<\/li>\n<li>Uteffekt: 1-fas 2 x 7 kW 32 A; 3-fas 2 x 22 kW 32 A<\/li>\n<li>Intern RCD: 2 x typ B RCCB<\/li>\n<li>Sk\u00e4rm: 7\u201d LCD-SK\u00c4RM<\/li>\n<li>M\u00e4tare: 2 x MID-m\u00e4tare<\/li>\n<li>Certifikat: CE, PTB (Eichrecht)<\/li>\n<li>N\u00e4tverksgr\u00e4nssnitt: Ethernet\/ WiFi\/ 4G smart internetanslutning<\/li>\n<li>OCPP: OCPP 1.6J\/ OCPP 2.0.1 fullst\u00e4ndigt st\u00f6d f\u00f6r profiler<\/li>\n<li>ISO15118 Plug &amp; Charge: Uppgraderingsbar<\/li>\n<li>Ing\u00e5ngsskydd: IP55<\/li>\n<li>Transportm\u00e5tt: 1530 x 450 x 320 mm<\/li>\n<li>Gr\u00e4nssnitt f\u00f6r laddning: SAE J1772 &amp; Typ-2-kabel\/ Typ-2-uttag\/ T2S-uttag med slutare<\/li>\n<li>Monteringstyp: Golv<\/li>\n<\/ul>\n<\/div>\n<\/div>\n<\/div>","protected":false},"featured_media":8714,"template":"","meta":{"_acf_changed":false},"product_brand":[],"product_cat":[61],"product_tag":[72,73,74],"class_list":{"0":"post-2090","1":"product","2":"type-product","3":"status-publish","4":"has-post-thumbnail","6":"product_cat-commercial-ev-charger","7":"product_tag-2x22kw-workplace-ev-charging-station","8":"product_tag-2x7kw-commercial-ev-charger","9":"product_tag-smart-level-2-commercial-ev-charger","11":"first","12":"instock","13":"shipping-taxable","14":"product-type-simple"},"acf":[],"_links":{"self":[{"href":"https:\/\/www.iocharger.com\/sv\/wp-json\/wp\/v2\/product\/2090","targetHints":{"allow":["GET"]}}],"collection":[{"href":"https:\/\/www.iocharger.com\/sv\/wp-json\/wp\/v2\/product"}],"about":[{"href":"https:\/\/www.iocharger.com\/sv\/wp-json\/wp\/v2\/types\/product"}],"version-history":[{"count":0,"href":"https:\/\/www.iocharger.com\/sv\/wp-json\/wp\/v2\/product\/2090\/revisions"}],"wp:featuredmedia":[{"embeddable":true,"href":"https:\/\/www.iocharger.com\/sv\/wp-json\/wp\/v2\/media\/8714"}],"wp:attachment":[{"href":"https:\/\/www.iocharger.com\/sv\/wp-json\/wp\/v2\/media?parent=2090"}],"wp:term":[{"taxonomy":"product_brand","embeddable":true,"href":"https:\/\/www.iocharger.com\/sv\/wp-json\/wp\/v2\/product_brand?post=2090"},{"taxonomy":"product_cat","embeddable":true,"href":"https:\/\/www.iocharger.com\/sv\/wp-json\/wp\/v2\/product_cat?post=2090"},{"taxonomy":"product_tag","embeddable":true,"href":"https:\/\/www.iocharger.com\/sv\/wp-json\/wp\/v2\/product_tag?post=2090"}],"curies":[{"name":"wp","href":"https:\/\/api.w.org\/{rel}","templated":true}]}}