{"id":2078,"date":"2023-05-31T10:45:33","date_gmt":"2023-05-31T10:45:33","guid":{"rendered":"https:\/\/test2.honstyle.com\/?post_type=product&#038;p=2078"},"modified":"2025-12-30T04:08:38","modified_gmt":"2025-12-30T04:08:38","slug":"public-mode-3-32a-ocpp-1-6j-ocpp-2-0-1-up-to-22kw-ev-charger","status":"publish","type":"product","link":"https:\/\/www.iocharger.com\/sv\/public-mode-3-32a-ocpp-1-6j-ocpp-2-0-1-up-to-22kw-ev-charger\/","title":{"rendered":"Offentlig ISO15118 Mode 3 32A OCPP 1.6J OCPP 2.0.1-kompatibel upp till 22kW EV-laddare"},"content":{"rendered":"<div data-elementor-type=\"product-post\" data-elementor-id=\"2078\" class=\"elementor elementor-2078\" data-elementor-post-type=\"product\">\n\t\t\t\t\t\t<section class=\"elementor-section elementor-top-section elementor-element elementor-element-a293c89 elementor-section-boxed elementor-section-height-default elementor-section-height-default\" data-id=\"a293c89\" data-element_type=\"section\">\n\t\t\t\t\t\t<div class=\"elementor-container elementor-column-gap-default\">\n\t\t\t\t\t<div class=\"elementor-column elementor-col-100 elementor-top-column elementor-element elementor-element-186a873\" data-id=\"186a873\" data-element_type=\"column\">\n\t\t\t<div class=\"elementor-widget-wrap elementor-element-populated\">\n\t\t\t\t\t\t<div class=\"elementor-element elementor-element-bc78920 elementor-widget elementor-widget-text-editor\" data-id=\"bc78920\" data-element_type=\"widget\" data-widget_type=\"text-editor.default\">\n\t\t\t\t\t\t\t\t\t<p>IOCAW12 \u00e4r s\u00e4rskilt utformad f\u00f6r kommersiella laddnings\u00e4ndam\u00e5l. H\u00f6g skyddsniv\u00e5 och st\u00f6ldskyddande design g\u00f6r den perfekt f\u00f6r laddningsplatser utomhus som bensinstationer, parkeringsplatser, gath\u00f6rn etc.<\/p>\t\t\t\t\t\t\t\t<\/div>\n\t\t\t\t\t<\/div>\n\t\t<\/div>\n\t\t\t\t\t<\/div>\n\t\t<\/section>\n\t\t\t\t<section class=\"elementor-section elementor-top-section elementor-element elementor-element-942e1ab elementor-section-boxed elementor-section-height-default elementor-section-height-default\" data-id=\"942e1ab\" data-element_type=\"section\">\n\t\t\t\t\t\t<div class=\"elementor-container elementor-column-gap-default\">\n\t\t\t\t\t<div class=\"elementor-column elementor-col-50 elementor-top-column elementor-element elementor-element-c9112d8\" data-id=\"c9112d8\" data-element_type=\"column\">\n\t\t\t<div class=\"elementor-widget-wrap elementor-element-populated\">\n\t\t\t\t\t\t<div class=\"elementor-element elementor-element-d159d11 elementor-widget elementor-widget-text-editor\" data-id=\"d159d11\" data-element_type=\"widget\" data-widget_type=\"text-editor.default\">\n\t\t\t\t\t\t\t\t\t<p><strong>Huvudsakliga egenskaper:<\/strong><br \/>\u25cf Kompatibel med alla bilar och eln\u00e4t<br \/>\u25cf RCCB typ B<br \/>\u25cf MID-m\u00e4tare<br \/>\u25cf 7\u201d LCD-display f\u00f6r enkel och anv\u00e4ndarv\u00e4nlig drift<br \/>Intelligent v\u00e4xling mellan Ethernet, mobiln\u00e4t och WLAN<br \/>\u25cf Flexibel konfiguration av utg\u00e5ngsstr\u00f6m\/effekt<br \/>St\u00f6d f\u00f6r smart dynamisk lastbalansering<br \/>Anv\u00e4ndarautentisering via RFID eller mobilapp<br \/>\u25cf Anv\u00e4ndarv\u00e4nlig webbportal f\u00f6r konfiguration av laddare<br \/>\u25cf Fj\u00e4rrstyrning och \u00f6vervakning<\/p>\t\t\t\t\t\t\t\t<\/div>\n\t\t\t\t\t<\/div>\n\t\t<\/div>\n\t\t\t\t<div class=\"elementor-column elementor-col-50 elementor-top-column elementor-element elementor-element-8b79c92\" data-id=\"8b79c92\" data-element_type=\"column\">\n\t\t\t<div class=\"elementor-widget-wrap elementor-element-populated\">\n\t\t\t\t\t\t<div class=\"elementor-element elementor-element-5257be1 elementor-widget elementor-widget-image\" data-id=\"5257be1\" data-element_type=\"widget\" data-widget_type=\"image.default\">\n\t\t\t\t\t\t\t\t\t\t\t\t\t\t\t<img fetchpriority=\"high\" decoding=\"async\" width=\"1000\" height=\"1000\" src=\"https:\/\/www.iocharger.com\/wp-content\/uploads\/2023\/05\/ICOAW12-EV-Charger-2-1.png\" class=\"attachment-full size-full wp-image-5300\" alt=\"ICOAW12 Laddare f\u00f6r elbilar\" srcset=\"https:\/\/www.iocharger.com\/wp-content\/uploads\/2023\/05\/ICOAW12-EV-Charger-2-1.png 1000w, https:\/\/www.iocharger.com\/wp-content\/uploads\/2023\/05\/ICOAW12-EV-Charger-2-1-150x150.png 150w, https:\/\/www.iocharger.com\/wp-content\/uploads\/2023\/05\/ICOAW12-EV-Charger-2-1-660x660.png 660w, https:\/\/www.iocharger.com\/wp-content\/uploads\/2023\/05\/ICOAW12-EV-Charger-2-1-300x300.png 300w, https:\/\/www.iocharger.com\/wp-content\/uploads\/2023\/05\/ICOAW12-EV-Charger-2-1-768x768.png 768w, https:\/\/www.iocharger.com\/wp-content\/uploads\/2023\/05\/ICOAW12-EV-Charger-2-1-285x285.png 285w, https:\/\/www.iocharger.com\/wp-content\/uploads\/2023\/05\/ICOAW12-EV-Charger-2-1-270x270.png 270w, https:\/\/www.iocharger.com\/wp-content\/uploads\/2023\/05\/ICOAW12-EV-Charger-2-1-540x540.png 540w\" sizes=\"(max-width: 1000px) 100vw, 1000px\" \/>\t\t\t\t\t\t\t\t\t\t\t\t\t\t\t<\/div>\n\t\t\t\t\t<\/div>\n\t\t<\/div>\n\t\t\t\t\t<\/div>\n\t\t<\/section>\n\t\t\t\t<section class=\"elementor-section elementor-top-section elementor-element elementor-element-9603aec elementor-section-boxed elementor-section-height-default elementor-section-height-default\" data-id=\"9603aec\" data-element_type=\"section\">\n\t\t\t\t\t\t<div class=\"elementor-container elementor-column-gap-default\">\n\t\t\t\t\t<div class=\"elementor-column elementor-col-50 elementor-top-column elementor-element elementor-element-eee12a2\" data-id=\"eee12a2\" data-element_type=\"column\">\n\t\t\t<div class=\"elementor-widget-wrap elementor-element-populated\">\n\t\t\t\t\t\t<div class=\"elementor-element elementor-element-6a87b62 elementor-widget elementor-widget-image\" data-id=\"6a87b62\" data-element_type=\"widget\" data-widget_type=\"image.default\">\n\t\t\t\t\t\t\t\t\t\t\t\t\t\t\t<img decoding=\"async\" width=\"1000\" height=\"1000\" src=\"https:\/\/www.iocharger.com\/wp-content\/uploads\/2023\/05\/ICOAW12-EV-Charger-1-1.png\" class=\"attachment-full size-full wp-image-5299\" alt=\"ICOAW12 Laddare f\u00f6r elbilar\" srcset=\"https:\/\/www.iocharger.com\/wp-content\/uploads\/2023\/05\/ICOAW12-EV-Charger-1-1.png 1000w, https:\/\/www.iocharger.com\/wp-content\/uploads\/2023\/05\/ICOAW12-EV-Charger-1-1-150x150.png 150w, https:\/\/www.iocharger.com\/wp-content\/uploads\/2023\/05\/ICOAW12-EV-Charger-1-1-660x660.png 660w, https:\/\/www.iocharger.com\/wp-content\/uploads\/2023\/05\/ICOAW12-EV-Charger-1-1-300x300.png 300w, https:\/\/www.iocharger.com\/wp-content\/uploads\/2023\/05\/ICOAW12-EV-Charger-1-1-768x768.png 768w, https:\/\/www.iocharger.com\/wp-content\/uploads\/2023\/05\/ICOAW12-EV-Charger-1-1-285x285.png 285w, https:\/\/www.iocharger.com\/wp-content\/uploads\/2023\/05\/ICOAW12-EV-Charger-1-1-270x270.png 270w, https:\/\/www.iocharger.com\/wp-content\/uploads\/2023\/05\/ICOAW12-EV-Charger-1-1-540x540.png 540w\" sizes=\"(max-width: 1000px) 100vw, 1000px\" \/>\t\t\t\t\t\t\t\t\t\t\t\t\t\t\t<\/div>\n\t\t\t\t\t<\/div>\n\t\t<\/div>\n\t\t\t\t<div class=\"elementor-column elementor-col-50 elementor-top-column elementor-element elementor-element-5b864db\" data-id=\"5b864db\" data-element_type=\"column\">\n\t\t\t<div class=\"elementor-widget-wrap elementor-element-populated\">\n\t\t\t\t\t\t<div class=\"elementor-element elementor-element-4788f4e elementor-widget elementor-widget-text-editor\" data-id=\"4788f4e\" data-element_type=\"widget\" data-widget_type=\"text-editor.default\">\n\t\t\t\t\t\t\t\t\t<p><strong>7\u2032 LCD-display<\/strong><\/p><p class=\"\">Den 7-tums sk\u00e4rmen visar status f\u00f6r ev-laddare, laddningsstatus, QR-kod, snabbladdning och annat inneh\u00e5ll i realtid. Dessutom spelar den ocks\u00e5 upp videor, bilder, texter, ljud och andra funktioner, vilket inneb\u00e4r att laddstationens exponeringseffekt kan f\u00f6rb\u00e4ttras.<\/p>\t\t\t\t\t\t\t\t<\/div>\n\t\t\t\t\t<\/div>\n\t\t<\/div>\n\t\t\t\t\t<\/div>\n\t\t<\/section>\n\t\t\t\t<section class=\"elementor-section elementor-top-section elementor-element elementor-element-67a4712 elementor-section-boxed elementor-section-height-default elementor-section-height-default\" data-id=\"67a4712\" data-element_type=\"section\">\n\t\t\t\t\t\t<div class=\"elementor-container elementor-column-gap-default\">\n\t\t\t\t\t<div class=\"elementor-column elementor-col-50 elementor-top-column elementor-element elementor-element-351a9a2\" data-id=\"351a9a2\" data-element_type=\"column\">\n\t\t\t<div class=\"elementor-widget-wrap elementor-element-populated\">\n\t\t\t\t\t\t<div class=\"elementor-element elementor-element-7ee3b45 elementor-widget elementor-widget-text-editor\" data-id=\"7ee3b45\" data-element_type=\"widget\" data-widget_type=\"text-editor.default\">\n\t\t\t\t\t\t\t\t\t<p><strong>OCPP-kompatibel<\/strong><\/p><p>Med sin fullst\u00e4ndiga \u00f6verensst\u00e4mmelse med OCPP 1.6J- och OCPP 2.0-profiler, vilket inneb\u00e4r att du enkelt kan ansluta den till n\u00e5gon tredje parts OCPP CCMS f\u00f6r fj\u00e4rr\u00f6vervakning och hantering.<\/p><p><strong>St\u00f6d f\u00f6r dynamisk belastningsutj\u00e4mning<\/strong><\/p><p class=\"\">Lastbalanseringsfunktionen hos IOCAW12-laddarna g\u00f6r dem perfekta f\u00f6r kommersiell anv\u00e4ndning. Den s\u00e4kerst\u00e4ller att anv\u00e4ndarna dynamiskt kan balansera all tillg\u00e4nglig effekt vid laddstationen, inklusive solceller, batterisystem och kretsar som aldrig \u00f6verbelastas. Och all utrustning \u00e4r i normal drift f\u00f6r att minimera str\u00f6mf\u00f6rbrukningen.<\/p>\t\t\t\t\t\t\t\t<\/div>\n\t\t\t\t\t<\/div>\n\t\t<\/div>\n\t\t\t\t<div class=\"elementor-column elementor-col-50 elementor-top-column elementor-element elementor-element-0935c28\" data-id=\"0935c28\" data-element_type=\"column\">\n\t\t\t<div class=\"elementor-widget-wrap elementor-element-populated\">\n\t\t\t\t\t\t<div class=\"elementor-element elementor-element-c396476 elementor-widget elementor-widget-image\" data-id=\"c396476\" data-element_type=\"widget\" data-widget_type=\"image.default\">\n\t\t\t\t\t\t\t\t\t\t\t\t\t\t\t<img decoding=\"async\" width=\"1000\" height=\"1000\" src=\"https:\/\/www.iocharger.com\/wp-content\/uploads\/2023\/05\/ev-charger-3-1.png\" class=\"attachment-full size-full wp-image-5217\" alt=\"\" srcset=\"https:\/\/www.iocharger.com\/wp-content\/uploads\/2023\/05\/ev-charger-3-1.png 1000w, https:\/\/www.iocharger.com\/wp-content\/uploads\/2023\/05\/ev-charger-3-1-150x150.png 150w, https:\/\/www.iocharger.com\/wp-content\/uploads\/2023\/05\/ev-charger-3-1-660x660.png 660w, https:\/\/www.iocharger.com\/wp-content\/uploads\/2023\/05\/ev-charger-3-1-300x300.png 300w, https:\/\/www.iocharger.com\/wp-content\/uploads\/2023\/05\/ev-charger-3-1-768x768.png 768w, https:\/\/www.iocharger.com\/wp-content\/uploads\/2023\/05\/ev-charger-3-1-285x285.png 285w, https:\/\/www.iocharger.com\/wp-content\/uploads\/2023\/05\/ev-charger-3-1-270x270.png 270w, https:\/\/www.iocharger.com\/wp-content\/uploads\/2023\/05\/ev-charger-3-1-540x540.png 540w\" sizes=\"(max-width: 1000px) 100vw, 1000px\" \/>\t\t\t\t\t\t\t\t\t\t\t\t\t\t\t<\/div>\n\t\t\t\t\t<\/div>\n\t\t<\/div>\n\t\t\t\t\t<\/div>\n\t\t<\/section>\n\t\t\t\t<section class=\"elementor-section elementor-top-section elementor-element elementor-element-58c5698 elementor-section-boxed elementor-section-height-default elementor-section-height-default\" data-id=\"58c5698\" data-element_type=\"section\">\n\t\t\t\t\t\t<div class=\"elementor-container elementor-column-gap-default\">\n\t\t\t\t\t<div class=\"elementor-column elementor-col-50 elementor-top-column elementor-element elementor-element-645d292\" data-id=\"645d292\" data-element_type=\"column\">\n\t\t\t<div class=\"elementor-widget-wrap elementor-element-populated\">\n\t\t\t\t\t\t<div class=\"elementor-element elementor-element-c4775bf elementor-widget elementor-widget-image\" data-id=\"c4775bf\" data-element_type=\"widget\" data-widget_type=\"image.default\">\n\t\t\t\t\t\t\t\t\t\t\t\t\t\t\t<img loading=\"lazy\" decoding=\"async\" width=\"800\" height=\"800\" src=\"https:\/\/www.iocharger.com\/wp-content\/uploads\/2023\/05\/Support-multi-payment-methods-1.png\" class=\"attachment-full size-full wp-image-4061\" alt=\"\" srcset=\"https:\/\/www.iocharger.com\/wp-content\/uploads\/2023\/05\/Support-multi-payment-methods-1.png 800w, https:\/\/www.iocharger.com\/wp-content\/uploads\/2023\/05\/Support-multi-payment-methods-1-150x150.png 150w, https:\/\/www.iocharger.com\/wp-content\/uploads\/2023\/05\/Support-multi-payment-methods-1-660x660.png 660w, https:\/\/www.iocharger.com\/wp-content\/uploads\/2023\/05\/Support-multi-payment-methods-1-300x300.png 300w, https:\/\/www.iocharger.com\/wp-content\/uploads\/2023\/05\/Support-multi-payment-methods-1-768x768.png 768w, https:\/\/www.iocharger.com\/wp-content\/uploads\/2023\/05\/Support-multi-payment-methods-1-285x285.png 285w, https:\/\/www.iocharger.com\/wp-content\/uploads\/2023\/05\/Support-multi-payment-methods-1-270x270.png 270w, https:\/\/www.iocharger.com\/wp-content\/uploads\/2023\/05\/Support-multi-payment-methods-1-540x540.png 540w\" sizes=\"(max-width: 800px) 100vw, 800px\" \/>\t\t\t\t\t\t\t\t\t\t\t\t\t\t\t<\/div>\n\t\t\t\t\t<\/div>\n\t\t<\/div>\n\t\t\t\t<div class=\"elementor-column elementor-col-50 elementor-top-column elementor-element elementor-element-49aa57d\" data-id=\"49aa57d\" data-element_type=\"column\">\n\t\t\t<div class=\"elementor-widget-wrap elementor-element-populated\">\n\t\t\t\t\t\t<div class=\"elementor-element elementor-element-4c21c78 elementor-widget elementor-widget-text-editor\" data-id=\"4c21c78\" data-element_type=\"widget\" data-widget_type=\"text-editor.default\">\n\t\t\t\t\t\t\t\t\t<p class=\"\"><strong>St\u00f6d f\u00f6r flera betalningsmetoder<\/strong><\/p>\n<p class=\"\">IOCAW12 som en kommersiell laddare st\u00f6der flera betalningsmetoder f\u00f6r att uppfylla anv\u00e4ndarnas olika betalningskrav. Paypal, kreditkortsbetalning med mobilapp och NFC-betalning st\u00f6ds. Med iochargers Kiosk Gateway st\u00f6ds \u00e4ven betalning med direktdragning av kreditkort.<\/p>\t\t\t\t\t\t\t\t<\/div>\n\t\t\t\t\t<\/div>\n\t\t<\/div>\n\t\t\t\t\t<\/div>\n\t\t<\/section>\n\t\t\t\t<\/div>","protected":false},"excerpt":{"rendered":"<div class=\"pro_main_text clearfix\">\n<div class=\"pro_main_text clearfix\">\n<div class=\"pro_main_text clearfix\">\n<p>Den p\u00e5litliga assistenten f\u00f6r drift av laddningsstationer.<\/p>\n<p>Modell: IOCAW12-22S, IOCAW12-7S<\/p>\n<\/div>\n<ul class=\"clearfix\">\n<li>Ing\u00e5ngsv\u00e4rde: 1-fas 230V\u00b120% ; 3-fas 400V\u00b120%<\/li>\n<li>Utg\u00e5ngsv\u00e4rde: 1-fas 7kW 32A ; 3-fas 22kW 32A<\/li>\n<li>Intern jordfelsbrytare: Typ-B RCCB<\/li>\n<li>Sk\u00e4rm: 7\u201d LCD-SK\u00c4RM<\/li>\n<li>M\u00e4tare: MID-m\u00e4tare<\/li>\n<li>N\u00e4tverksgr\u00e4nssnitt: Ethernet\/ WiFi\/ 4G smart internetanslutning<\/li>\n<li>OCPP: Fullt st\u00f6d f\u00f6r OCPP 1.6J\/ OCPP 2.0.1<\/li>\n<li>ISO15118 Plug &amp; Charge: Uppgraderingsbar<\/li>\n<li>Skydd mot intr\u00e4ngning: IP54<\/li>\n<li>Gr\u00e4nssnitt f\u00f6r laddning: SAE J1772 &amp; Typ-2-kabel\/ Typ-2-uttag\/ T2S-uttag med slutare<\/li>\n<li>Monteringstyp: V\u00e4gg eller golv( piedestal levereras separat)<\/li>\n<\/ul>\n<\/div>\n<\/div>","protected":false},"featured_media":8726,"template":"","meta":{"_acf_changed":false},"product_brand":[],"product_cat":[61],"product_tag":[69,70,71],"class_list":{"0":"post-2078","1":"product","2":"type-product","3":"status-publish","4":"has-post-thumbnail","6":"product_cat-commercial-ev-charger","7":"product_tag-22kw-fast-public-ev-charger","8":"product_tag-ocpp-intelligent-level-2-ev-wallbox","9":"product_tag-workplace-ev-charging-station","11":"first","12":"instock","13":"shipping-taxable","14":"product-type-simple"},"acf":[],"_links":{"self":[{"href":"https:\/\/www.iocharger.com\/sv\/wp-json\/wp\/v2\/product\/2078","targetHints":{"allow":["GET"]}}],"collection":[{"href":"https:\/\/www.iocharger.com\/sv\/wp-json\/wp\/v2\/product"}],"about":[{"href":"https:\/\/www.iocharger.com\/sv\/wp-json\/wp\/v2\/types\/product"}],"version-history":[{"count":0,"href":"https:\/\/www.iocharger.com\/sv\/wp-json\/wp\/v2\/product\/2078\/revisions"}],"wp:featuredmedia":[{"embeddable":true,"href":"https:\/\/www.iocharger.com\/sv\/wp-json\/wp\/v2\/media\/8726"}],"wp:attachment":[{"href":"https:\/\/www.iocharger.com\/sv\/wp-json\/wp\/v2\/media?parent=2078"}],"wp:term":[{"taxonomy":"product_brand","embeddable":true,"href":"https:\/\/www.iocharger.com\/sv\/wp-json\/wp\/v2\/product_brand?post=2078"},{"taxonomy":"product_cat","embeddable":true,"href":"https:\/\/www.iocharger.com\/sv\/wp-json\/wp\/v2\/product_cat?post=2078"},{"taxonomy":"product_tag","embeddable":true,"href":"https:\/\/www.iocharger.com\/sv\/wp-json\/wp\/v2\/product_tag?post=2078"}],"curies":[{"name":"wp","href":"https:\/\/api.w.org\/{rel}","templated":true}]}}