{"id":2039,"date":"2023-05-31T07:40:34","date_gmt":"2023-05-31T07:40:34","guid":{"rendered":"https:\/\/test2.honstyle.com\/?post_type=product&#038;p=2039"},"modified":"2025-12-30T03:10:52","modified_gmt":"2025-12-30T03:10:52","slug":"ul-level-2-32a-40a-50a-ocpp-1-6j-ocpp-2-0-1-intelligent-ev-charger","status":"publish","type":"product","link":"https:\/\/www.iocharger.com\/sv\/ul-level-2-32a-40a-50a-ocpp-1-6j-ocpp-2-0-1-intelligent-ev-charger\/","title":{"rendered":"ISO15118 Plug&amp;Charge UL niv\u00e5 2 32A 40A 50A OCPP 1.6J OCPP 2.0.1 Intelligent EV-laddare"},"content":{"rendered":"<div data-elementor-type=\"product-post\" data-elementor-id=\"2039\" class=\"elementor elementor-2039\" data-elementor-post-type=\"product\">\n\t\t\t\t\t\t<section class=\"elementor-section elementor-top-section elementor-element elementor-element-090a9ad elementor-section-boxed elementor-section-height-default elementor-section-height-default\" data-id=\"090a9ad\" data-element_type=\"section\" data-e-type=\"section\">\n\t\t\t\t\t\t<div class=\"elementor-container elementor-column-gap-default\">\n\t\t\t\t\t<div class=\"elementor-column elementor-col-100 elementor-top-column elementor-element elementor-element-dccc2fd\" data-id=\"dccc2fd\" data-element_type=\"column\" data-e-type=\"column\">\n\t\t\t<div class=\"elementor-widget-wrap elementor-element-populated\">\n\t\t\t\t\t\t<div class=\"elementor-element elementor-element-45ec355 elementor-widget elementor-widget-text-editor\" data-id=\"45ec355\" data-element_type=\"widget\" data-e-type=\"widget\" data-widget_type=\"text-editor.default\">\n\t\t\t\t\t\t\t\t\t<p>Smart och intelligent EV-laddare f\u00f6r bost\u00e4der och kommersiella fastigheter<\/p><p>Den smarta, l\u00e4ttinstallerade laddaren som g\u00f6r att du kan l\u00e4gga till smarta tj\u00e4nster och fj\u00e4rrstyra laddaren. SAE J1772-kontakten s\u00e4kerst\u00e4ller kompatibilitet med alla elfordon. Alla funktioner ger dig en utm\u00e4rkt laddningsupplevelse.<\/p>\t\t\t\t\t\t\t\t<\/div>\n\t\t\t\t\t<\/div>\n\t\t<\/div>\n\t\t\t\t\t<\/div>\n\t\t<\/section>\n\t\t\t\t<section class=\"elementor-section elementor-top-section elementor-element elementor-element-9cf4ebf elementor-section-boxed elementor-section-height-default elementor-section-height-default\" data-id=\"9cf4ebf\" data-element_type=\"section\" data-e-type=\"section\">\n\t\t\t\t\t\t<div class=\"elementor-container elementor-column-gap-default\">\n\t\t\t\t\t<div class=\"elementor-column elementor-col-50 elementor-top-column elementor-element elementor-element-0553c3b\" data-id=\"0553c3b\" data-element_type=\"column\" data-e-type=\"column\">\n\t\t\t<div class=\"elementor-widget-wrap elementor-element-populated\">\n\t\t\t\t\t\t<div class=\"elementor-element elementor-element-19d3aef elementor-widget elementor-widget-text-editor\" data-id=\"19d3aef\" data-element_type=\"widget\" data-e-type=\"widget\" data-widget_type=\"text-editor.default\">\n\t\t\t\t\t\t\t\t\t<p><strong>Huvudsakliga egenskaper:<\/strong><\/p><ul><li>Kompatibel med alla elbilar och eln\u00e4t<\/li><li>Upp till 32A, 40A, 50A versioner tillg\u00e4ngliga<\/li><li>Str\u00f6mlinjeformad design, enkelt och elegant utseende<\/li><li>2,8-tums LCD-sk\u00e4rm f\u00f6r enkel och anv\u00e4ndarv\u00e4nlig drift<\/li><li>Unik installationsdesign med oberoende bakplatta<\/li><li>Intelligent Ethernet, mobiln\u00e4t, WLAN-v\u00e4xling<\/li><li>Flexibel konfiguration av utg\u00e5ngsstr\u00f6m\/effekt<\/li><li>Anpassningsbar andningsbelysning efter \u00f6nskem\u00e5l<\/li><li>St\u00f6d f\u00f6r smart dynamisk lastbalansering<\/li><li>Anv\u00e4ndarautentisering via RFID eller mobilapp<\/li><li>Webbportal f\u00f6r drifts\u00e4ttning av multifunktionell laddare<\/li><li>Fj\u00e4rrstyrning och \u00f6vervakning<\/li><\/ul>\t\t\t\t\t\t\t\t<\/div>\n\t\t\t\t\t<\/div>\n\t\t<\/div>\n\t\t\t\t<div class=\"elementor-column elementor-col-50 elementor-top-column elementor-element elementor-element-9c53a80\" data-id=\"9c53a80\" data-element_type=\"column\" data-e-type=\"column\">\n\t\t\t<div class=\"elementor-widget-wrap elementor-element-populated\">\n\t\t\t\t\t\t<div class=\"elementor-element elementor-element-4a8768a elementor-widget elementor-widget-image\" data-id=\"4a8768a\" data-element_type=\"widget\" data-e-type=\"widget\" data-widget_type=\"image.default\">\n\t\t\t\t\t\t\t\t\t\t\t\t\t\t\t<img fetchpriority=\"high\" decoding=\"async\" width=\"750\" height=\"750\" src=\"https:\/\/www.iocharger.com\/wp-content\/uploads\/2023\/05\/UL-Electric-Vehicle-Charging-station-1-3.png\" class=\"attachment-full size-full wp-image-3315\" alt=\"\" srcset=\"https:\/\/www.iocharger.com\/wp-content\/uploads\/2023\/05\/UL-Electric-Vehicle-Charging-station-1-3.png 750w, https:\/\/www.iocharger.com\/wp-content\/uploads\/2023\/05\/UL-Electric-Vehicle-Charging-station-1-3-150x150.png 150w, https:\/\/www.iocharger.com\/wp-content\/uploads\/2023\/05\/UL-Electric-Vehicle-Charging-station-1-3-660x660.png 660w, https:\/\/www.iocharger.com\/wp-content\/uploads\/2023\/05\/UL-Electric-Vehicle-Charging-station-1-3-300x300.png 300w, https:\/\/www.iocharger.com\/wp-content\/uploads\/2023\/05\/UL-Electric-Vehicle-Charging-station-1-3-285x285.png 285w, https:\/\/www.iocharger.com\/wp-content\/uploads\/2023\/05\/UL-Electric-Vehicle-Charging-station-1-3-270x270.png 270w, https:\/\/www.iocharger.com\/wp-content\/uploads\/2023\/05\/UL-Electric-Vehicle-Charging-station-1-3-540x540.png 540w\" sizes=\"(max-width: 750px) 100vw, 750px\" \/>\t\t\t\t\t\t\t\t\t\t\t\t\t\t\t<\/div>\n\t\t\t\t\t<\/div>\n\t\t<\/div>\n\t\t\t\t\t<\/div>\n\t\t<\/section>\n\t\t\t\t<section class=\"elementor-section elementor-top-section elementor-element elementor-element-3a0fb11 elementor-section-boxed elementor-section-height-default elementor-section-height-default\" data-id=\"3a0fb11\" data-element_type=\"section\" data-e-type=\"section\">\n\t\t\t\t\t\t<div class=\"elementor-container elementor-column-gap-default\">\n\t\t\t\t\t<div class=\"elementor-column elementor-col-50 elementor-top-column elementor-element elementor-element-a2326a7\" data-id=\"a2326a7\" data-element_type=\"column\" data-e-type=\"column\">\n\t\t\t<div class=\"elementor-widget-wrap elementor-element-populated\">\n\t\t\t\t\t\t<div class=\"elementor-element elementor-element-6a3cb34 elementor-widget elementor-widget-image\" data-id=\"6a3cb34\" data-element_type=\"widget\" data-e-type=\"widget\" data-widget_type=\"image.default\">\n\t\t\t\t\t\t\t\t\t\t\t\t\t\t\t<img decoding=\"async\" width=\"750\" height=\"750\" src=\"https:\/\/www.iocharger.com\/wp-content\/uploads\/2023\/05\/UL-Electric-Vehicle-Charging-sta-1.png\" class=\"attachment-full size-full wp-image-5472\" alt=\"\" srcset=\"https:\/\/www.iocharger.com\/wp-content\/uploads\/2023\/05\/UL-Electric-Vehicle-Charging-sta-1.png 750w, https:\/\/www.iocharger.com\/wp-content\/uploads\/2023\/05\/UL-Electric-Vehicle-Charging-sta-1-150x150.png 150w, https:\/\/www.iocharger.com\/wp-content\/uploads\/2023\/05\/UL-Electric-Vehicle-Charging-sta-1-660x660.png 660w, https:\/\/www.iocharger.com\/wp-content\/uploads\/2023\/05\/UL-Electric-Vehicle-Charging-sta-1-300x300.png 300w, https:\/\/www.iocharger.com\/wp-content\/uploads\/2023\/05\/UL-Electric-Vehicle-Charging-sta-1-285x285.png 285w, https:\/\/www.iocharger.com\/wp-content\/uploads\/2023\/05\/UL-Electric-Vehicle-Charging-sta-1-270x270.png 270w, https:\/\/www.iocharger.com\/wp-content\/uploads\/2023\/05\/UL-Electric-Vehicle-Charging-sta-1-540x540.png 540w\" sizes=\"(max-width: 750px) 100vw, 750px\" \/>\t\t\t\t\t\t\t\t\t\t\t\t\t\t\t<\/div>\n\t\t\t\t\t<\/div>\n\t\t<\/div>\n\t\t\t\t<div class=\"elementor-column elementor-col-50 elementor-top-column elementor-element elementor-element-2811bb0\" data-id=\"2811bb0\" data-element_type=\"column\" data-e-type=\"column\">\n\t\t\t<div class=\"elementor-widget-wrap elementor-element-populated\">\n\t\t\t\t\t\t<div class=\"elementor-element elementor-element-e2643fb elementor-widget elementor-widget-text-editor\" data-id=\"e2643fb\" data-element_type=\"widget\" data-e-type=\"widget\" data-widget_type=\"text-editor.default\">\n\t\t\t\t\t\t\t\t\t<p><strong>Enkel installation och skalbarhet\u00a0<\/strong><\/p><p>Den unika installationsdesignen g\u00f6r det enklare \u00e4n n\u00e5gonsin att installera och underh\u00e5lla en laddningsinfrastruktur. Anv\u00e4ndaren beh\u00f6ver bara h\u00e4nga laddaren p\u00e5 bakplattan f\u00f6r att slutf\u00f6ra installationen, vilket \u00e4r bekv\u00e4mt och snabbt och undviker dyra installationskostnader.<\/p><p>IOCAH10 \u00e4r byggd med skalbarhet i \u00e5tanke och uppfyller dina behov b\u00e5de idag och i framtiden. Den g\u00f6r det m\u00f6jligt att ansluta och f\u00f6rbereda flera laddstationer, samt hantera ett obegr\u00e4nsat antal laddare hos samma operat\u00f6r i CCMS.<\/p>\t\t\t\t\t\t\t\t<\/div>\n\t\t\t\t\t<\/div>\n\t\t<\/div>\n\t\t\t\t\t<\/div>\n\t\t<\/section>\n\t\t\t\t<section class=\"elementor-section elementor-top-section elementor-element elementor-element-1ab5a98 elementor-section-boxed elementor-section-height-default elementor-section-height-default\" data-id=\"1ab5a98\" data-element_type=\"section\" data-e-type=\"section\">\n\t\t\t\t\t\t<div class=\"elementor-container elementor-column-gap-default\">\n\t\t\t\t\t<div class=\"elementor-column elementor-col-50 elementor-top-column elementor-element elementor-element-6f75382\" data-id=\"6f75382\" data-element_type=\"column\" data-e-type=\"column\">\n\t\t\t<div class=\"elementor-widget-wrap elementor-element-populated\">\n\t\t\t\t\t\t<div class=\"elementor-element elementor-element-dbc6c25 elementor-widget elementor-widget-text-editor\" data-id=\"dbc6c25\" data-element_type=\"widget\" data-e-type=\"widget\" data-widget_type=\"text-editor.default\">\n\t\t\t\t\t\t\t\t\t<p><strong>St\u00f6d f\u00f6r dynamisk lastbalansering<\/strong><\/p>\n<p>IOCAH10:s lastbalanseringsfunktion g\u00f6r den perfekt f\u00f6r laddning i bost\u00e4der och kommersiella fastigheter.<\/p>\n<p>F\u00f6r bostadsbruk s\u00e4kerst\u00e4ller den att anv\u00e4ndaren dynamiskt kan balansera all tillg\u00e4nglig elektricitet i hemmet, inklusive solenergi och batterisystem, och att kretsen aldrig \u00f6verbelastas.<\/p>\n<p>F\u00f6r kommersiellt bruk s\u00e4kerst\u00e4ller den att alla som laddar kan utnyttja all tillg\u00e4nglig el i parkeringsanl\u00e4ggningen och alltid f\u00e5 den snabbaste och mest optimala laddningshastigheten. Denna teknik inneb\u00e4r ocks\u00e5 att fler laddare enkelt kan anslutas till systemet n\u00e4r behovet uppst\u00e5r.<\/p>\t\t\t\t\t\t\t\t<\/div>\n\t\t\t\t\t<\/div>\n\t\t<\/div>\n\t\t\t\t<div class=\"elementor-column elementor-col-50 elementor-top-column elementor-element elementor-element-4975d46\" data-id=\"4975d46\" data-element_type=\"column\" data-e-type=\"column\">\n\t\t\t<div class=\"elementor-widget-wrap elementor-element-populated\">\n\t\t\t\t\t\t<div class=\"elementor-element elementor-element-4f4c739 elementor-widget elementor-widget-image\" data-id=\"4f4c739\" data-element_type=\"widget\" data-e-type=\"widget\" data-widget_type=\"image.default\">\n\t\t\t\t\t\t\t\t\t\t\t\t\t\t\t<img decoding=\"async\" width=\"750\" height=\"750\" src=\"https:\/\/www.iocharger.com\/wp-content\/uploads\/2018\/08\/home-ev-charger2-1.jpg\" class=\"attachment-full size-full wp-image-6064\" alt=\"\" srcset=\"https:\/\/www.iocharger.com\/wp-content\/uploads\/2018\/08\/home-ev-charger2-1.jpg 750w, https:\/\/www.iocharger.com\/wp-content\/uploads\/2018\/08\/home-ev-charger2-1-150x150.jpg 150w, https:\/\/www.iocharger.com\/wp-content\/uploads\/2018\/08\/home-ev-charger2-1-660x660.jpg 660w, https:\/\/www.iocharger.com\/wp-content\/uploads\/2018\/08\/home-ev-charger2-1-300x300.jpg 300w, https:\/\/www.iocharger.com\/wp-content\/uploads\/2018\/08\/home-ev-charger2-1-285x285.jpg 285w, https:\/\/www.iocharger.com\/wp-content\/uploads\/2018\/08\/home-ev-charger2-1-270x270.jpg 270w, https:\/\/www.iocharger.com\/wp-content\/uploads\/2018\/08\/home-ev-charger2-1-540x540.jpg 540w\" sizes=\"(max-width: 750px) 100vw, 750px\" \/>\t\t\t\t\t\t\t\t\t\t\t\t\t\t\t<\/div>\n\t\t\t\t\t<\/div>\n\t\t<\/div>\n\t\t\t\t\t<\/div>\n\t\t<\/section>\n\t\t\t\t<section class=\"elementor-section elementor-top-section elementor-element elementor-element-d5fdfd1 elementor-section-boxed elementor-section-height-default elementor-section-height-default\" data-id=\"d5fdfd1\" data-element_type=\"section\" data-e-type=\"section\">\n\t\t\t\t\t\t<div class=\"elementor-container elementor-column-gap-default\">\n\t\t\t\t\t<div class=\"elementor-column elementor-col-50 elementor-top-column elementor-element elementor-element-a18c3c9\" data-id=\"a18c3c9\" data-element_type=\"column\" data-e-type=\"column\">\n\t\t\t<div class=\"elementor-widget-wrap elementor-element-populated\">\n\t\t\t\t\t\t<div class=\"elementor-element elementor-element-37275e1 elementor-widget elementor-widget-image\" data-id=\"37275e1\" data-element_type=\"widget\" data-e-type=\"widget\" data-widget_type=\"image.default\">\n\t\t\t\t\t\t\t\t\t\t\t\t\t\t\t<img loading=\"lazy\" decoding=\"async\" width=\"750\" height=\"750\" src=\"https:\/\/www.iocharger.com\/wp-content\/uploads\/2023\/09\/15-2-1.jpg\" class=\"attachment-full size-full wp-image-4169\" alt=\"\" srcset=\"https:\/\/www.iocharger.com\/wp-content\/uploads\/2023\/09\/15-2-1.jpg 750w, https:\/\/www.iocharger.com\/wp-content\/uploads\/2023\/09\/15-2-1-150x150.jpg 150w, https:\/\/www.iocharger.com\/wp-content\/uploads\/2023\/09\/15-2-1-660x660.jpg 660w, https:\/\/www.iocharger.com\/wp-content\/uploads\/2023\/09\/15-2-1-300x300.jpg 300w, https:\/\/www.iocharger.com\/wp-content\/uploads\/2023\/09\/15-2-1-285x285.jpg 285w, https:\/\/www.iocharger.com\/wp-content\/uploads\/2023\/09\/15-2-1-270x270.jpg 270w, https:\/\/www.iocharger.com\/wp-content\/uploads\/2023\/09\/15-2-1-540x540.jpg 540w\" sizes=\"(max-width: 750px) 100vw, 750px\" \/>\t\t\t\t\t\t\t\t\t\t\t\t\t\t\t<\/div>\n\t\t\t\t\t<\/div>\n\t\t<\/div>\n\t\t\t\t<div class=\"elementor-column elementor-col-50 elementor-top-column elementor-element elementor-element-76a6ca7\" data-id=\"76a6ca7\" data-element_type=\"column\" data-e-type=\"column\">\n\t\t\t<div class=\"elementor-widget-wrap elementor-element-populated\">\n\t\t\t\t\t\t<div class=\"elementor-element elementor-element-39c75da elementor-widget elementor-widget-text-editor\" data-id=\"39c75da\" data-element_type=\"widget\" data-e-type=\"widget\" data-widget_type=\"text-editor.default\">\n\t\t\t\t\t\t\t\t\t<p><strong>OCPP-kompatibel och p\u00e5litlig i alla situationer<\/strong><br \/>Helt kompatibel med OCPP 1.6J- och OCPP 2.0.1-profiler, vilket inneb\u00e4r att du enkelt kan ansluta den till valfritt OCPP CCMS fr\u00e5n tredje part f\u00f6r fj\u00e4rr\u00f6vervakning och fj\u00e4rrhantering. Den \u00e4r alltid ansluten till laddningshanteringssystemet s\u00e5 att du kan \u00f6vervaka och hantera dina laddstationer, uppdatera programvara p\u00e5 distans, s\u00e4kra int\u00e4kter etc.<\/p>\t\t\t\t\t\t\t\t<\/div>\n\t\t\t\t\t<\/div>\n\t\t<\/div>\n\t\t\t\t\t<\/div>\n\t\t<\/section>\n\t\t\t\t<\/div>","protected":false},"excerpt":{"rendered":"<div class=\"pro_main_text clearfix\">\n<p>IOCAH10 erbjuder en h\u00f6gkvalitativ och kostnadseffektiv laddstation f\u00f6r elfordon som \u00e4r utformad f\u00f6r att erbjuda fullst\u00e4ndig Mode 3-snabbladdning till alla elfordon i USA.<\/p>\n<\/div>\n<ul class=\"clearfix\">\n<li>Ing\u00e5ngsklassning: Nominell 200\u2013240 V AC enfas<\/li>\n<li>Uteffekt: 7 kW 32 A; 9,6 kW 40 A; 11 kW 50 A<\/li>\n<li>Intern RCD: 20 mA CCID<\/li>\n<li>Display: 2,8 tum LCD<\/li>\n<li>N\u00e4tverksgr\u00e4nssnitt: Ethernet\/ WiFi\/ 4G smart internetanslutning<\/li>\n<li>OCPP: Fullt st\u00f6d f\u00f6r OCPP 1.6J\/ OCPP 2.0.1<\/li>\n<li>ISO15118 Plug &amp; Charge: Uppgraderingsbar<\/li>\n<li>Ing\u00e5ngsskydd: IP55<\/li>\n<li>Transportm\u00e5tt: 500 x 383 x 243 mm<\/li>\n<li>Laddningsgr\u00e4nssnitt: SAE J1772 typ 1<\/li>\n<li>Monteringstyp: V\u00e4gg eller golv( piedestal levereras separat)<\/li>\n<\/ul>","protected":false},"featured_media":5476,"template":"","meta":{"_acf_changed":false},"product_brand":[],"product_cat":[61],"product_tag":[63,64,65],"class_list":{"0":"post-2039","1":"product","2":"type-product","3":"status-publish","4":"has-post-thumbnail","6":"product_cat-commercial-ev-charger","7":"product_tag-32a-40a-50a-smart-charging-point","8":"product_tag-ul-level-2-fast-ev-charging-station","9":"product_tag-ul-ocpp-ev-charger","11":"first","12":"instock","13":"shipping-taxable","14":"product-type-simple"},"acf":[],"_links":{"self":[{"href":"https:\/\/www.iocharger.com\/sv\/wp-json\/wp\/v2\/product\/2039","targetHints":{"allow":["GET"]}}],"collection":[{"href":"https:\/\/www.iocharger.com\/sv\/wp-json\/wp\/v2\/product"}],"about":[{"href":"https:\/\/www.iocharger.com\/sv\/wp-json\/wp\/v2\/types\/product"}],"version-history":[{"count":0,"href":"https:\/\/www.iocharger.com\/sv\/wp-json\/wp\/v2\/product\/2039\/revisions"}],"wp:featuredmedia":[{"embeddable":true,"href":"https:\/\/www.iocharger.com\/sv\/wp-json\/wp\/v2\/media\/5476"}],"wp:attachment":[{"href":"https:\/\/www.iocharger.com\/sv\/wp-json\/wp\/v2\/media?parent=2039"}],"wp:term":[{"taxonomy":"product_brand","embeddable":true,"href":"https:\/\/www.iocharger.com\/sv\/wp-json\/wp\/v2\/product_brand?post=2039"},{"taxonomy":"product_cat","embeddable":true,"href":"https:\/\/www.iocharger.com\/sv\/wp-json\/wp\/v2\/product_cat?post=2039"},{"taxonomy":"product_tag","embeddable":true,"href":"https:\/\/www.iocharger.com\/sv\/wp-json\/wp\/v2\/product_tag?post=2039"}],"curies":[{"name":"wp","href":"https:\/\/api.w.org\/{rel}","templated":true}]}}