{"id":2028,"date":"2023-05-31T07:29:41","date_gmt":"2023-05-31T07:29:41","guid":{"rendered":"https:\/\/test2.honstyle.com\/?post_type=product&#038;p=2028"},"modified":"2026-04-13T09:16:18","modified_gmt":"2026-04-13T09:16:18","slug":"level-2-7kw-22kw-ocpp-1-6j-ocpp-2-0-1-smart-fast-home-ev-charger","status":"publish","type":"product","link":"https:\/\/www.iocharger.com\/sv\/level-2-7kw-22kw-ocpp-1-6j-ocpp-2-0-1-smart-fast-home-ev-charger\/","title":{"rendered":"ISO15118 Plug&amp;Charge niv\u00e5 2 7 kW 22 kW OCPP 1.6J OCPP 2.0.1 Smart snabb EV-laddare"},"content":{"rendered":"<div data-elementor-type=\"product-post\" data-elementor-id=\"2028\" class=\"elementor elementor-2028\" data-elementor-post-type=\"product\">\n\t\t\t\t\t\t<section class=\"elementor-section elementor-top-section elementor-element elementor-element-b7ea74d elementor-section-boxed elementor-section-height-default elementor-section-height-default\" data-id=\"b7ea74d\" data-element_type=\"section\">\n\t\t\t\t\t\t<div class=\"elementor-container elementor-column-gap-default\">\n\t\t\t\t\t<div class=\"elementor-column elementor-col-100 elementor-top-column elementor-element elementor-element-7907652\" data-id=\"7907652\" data-element_type=\"column\">\n\t\t\t<div class=\"elementor-widget-wrap elementor-element-populated\">\n\t\t\t\t\t\t<div class=\"elementor-element elementor-element-a224ce1 elementor-widget elementor-widget-text-editor\" data-id=\"a224ce1\" data-element_type=\"widget\" data-widget_type=\"text-editor.default\">\n\t\t\t\t\t\t\t\t\t<p><strong>Smart och intelligent ev-laddare f\u00f6r hemmet<\/strong><\/p><p class=\"\">IOCAH20 \u00e4r en smart, l\u00e4ttinstallerad laddare som g\u00f6r att du kan l\u00e4gga till smarta tj\u00e4nster och hantera laddaren p\u00e5 distans. I kombination med IOC Family-mobilappen erbjuder den ett komplett utbud av funktioner f\u00f6r att kontrollera laddningsstatus, anv\u00e4ndare, laddningsscheman, energif\u00f6rbrukning och mycket mer. De smarta funktionerna g\u00f6r IOCAH20 till det perfekta valet f\u00f6r din hemmaladdning.<\/p>\t\t\t\t\t\t\t\t<\/div>\n\t\t\t\t\t<\/div>\n\t\t<\/div>\n\t\t\t\t\t<\/div>\n\t\t<\/section>\n\t\t\t\t<section class=\"elementor-section elementor-top-section elementor-element elementor-element-dcec509 elementor-section-boxed elementor-section-height-default elementor-section-height-default\" data-id=\"dcec509\" data-element_type=\"section\">\n\t\t\t\t\t\t<div class=\"elementor-container elementor-column-gap-default\">\n\t\t\t\t\t<div class=\"elementor-column elementor-col-100 elementor-top-column elementor-element elementor-element-4aa0bfb\" data-id=\"4aa0bfb\" data-element_type=\"column\">\n\t\t\t<div class=\"elementor-widget-wrap elementor-element-populated\">\n\t\t\t\t\t\t<div data-over-color=\"\" data-over=\"overlay\" class=\"elementor-element elementor-element-9586421 elementor-widget elementor-widget-video\" data-id=\"9586421\" data-element_type=\"widget\" data-settings=\"{&quot;video_type&quot;:&quot;hosted&quot;,&quot;controls&quot;:&quot;yes&quot;}\" data-widget_type=\"video.default\">\n\t\t\t\t\t\t\t<div class=\"e-hosted-video elementor-wrapper elementor-open-inline\">\n\t\t\t\t\t<video class=\"elementor-video\" src=\"https:\/\/www.iocharger.com\/wp-content\/uploads\/2023\/05\/iocharger-smart-AC-EV-Charger-IOCAH10-1.mp4\" controls=\"\" preload=\"metadata\" controlslist=\"nodownload\"><\/video>\n\t\t\t\t<\/div>\n\t\t\t\t\t\t<\/div>\n\t\t\t\t\t<\/div>\n\t\t<\/div>\n\t\t\t\t\t<\/div>\n\t\t<\/section>\n\t\t\t\t<section class=\"elementor-section elementor-top-section elementor-element elementor-element-2598f9d elementor-section-boxed elementor-section-height-default elementor-section-height-default\" data-id=\"2598f9d\" data-element_type=\"section\">\n\t\t\t\t\t\t<div class=\"elementor-container elementor-column-gap-default\">\n\t\t\t\t\t<div class=\"elementor-column elementor-col-50 elementor-top-column elementor-element elementor-element-1f2018a\" data-id=\"1f2018a\" data-element_type=\"column\">\n\t\t\t<div class=\"elementor-widget-wrap elementor-element-populated\">\n\t\t\t\t\t\t<div class=\"elementor-element elementor-element-4e0f1e8 elementor-widget elementor-widget-text-editor\" data-id=\"4e0f1e8\" data-element_type=\"widget\" data-widget_type=\"text-editor.default\">\n\t\t\t\t\t\t\t\t\t<p><strong>Huvudsakliga egenskaper:<\/strong><\/p><ul><li>Kompatibel med alla elbilar och eln\u00e4t<\/li><li>B\u00e5de sockel- och f\u00f6rankrad version tillg\u00e4nglig<\/li><li>2,8-tums LCD-sk\u00e4rm f\u00f6r enkel och anv\u00e4ndarv\u00e4nlig drift<\/li><li>Unik installationsdesign med oberoende bakplatta<\/li><li>Flexibel utg\u00e5ngsstr\u00f6m-\/effektkonfiguration<\/li><li>Anpassningsbart andningsljus enligt \u00f6nskem\u00e5l<\/li><li>St\u00f6d f\u00f6r smart dynamisk lastbalansering<\/li><li>Anv\u00e4ndarautentisering via RFID eller mobilapp<\/li><li>Anv\u00e4ndarv\u00e4nlig webbportal f\u00f6r konfiguration av laddare<\/li><li>Fj\u00e4rrstyrning och \u00f6vervakning<\/li><li>Str\u00f6mlinjeformad design, enkelt och elegant utseende<\/li><li>Skydd mot str\u00f6ml\u00e4ckage AC 30mA &amp; DC 6mA<\/li><\/ul>\t\t\t\t\t\t\t\t<\/div>\n\t\t\t\t\t<\/div>\n\t\t<\/div>\n\t\t\t\t<div class=\"elementor-column elementor-col-50 elementor-top-column elementor-element elementor-element-5022d89\" data-id=\"5022d89\" data-element_type=\"column\">\n\t\t\t<div class=\"elementor-widget-wrap elementor-element-populated\">\n\t\t\t\t\t\t<div class=\"elementor-element elementor-element-9092be4 elementor-widget elementor-widget-image\" data-id=\"9092be4\" data-element_type=\"widget\" data-widget_type=\"image.default\">\n\t\t\t\t\t\t\t\t\t\t\t\t\t\t\t<img fetchpriority=\"high\" decoding=\"async\" width=\"750\" height=\"750\" src=\"https:\/\/www.iocharger.com\/wp-content\/uploads\/2023\/05\/ev-charger-2-3-1-1.png\" class=\"attachment-full size-full wp-image-6068\" alt=\"\" srcset=\"https:\/\/www.iocharger.com\/wp-content\/uploads\/2023\/05\/ev-charger-2-3-1-1.png 750w, https:\/\/www.iocharger.com\/wp-content\/uploads\/2023\/05\/ev-charger-2-3-1-1-150x150.png 150w, https:\/\/www.iocharger.com\/wp-content\/uploads\/2023\/05\/ev-charger-2-3-1-1-660x660.png 660w, https:\/\/www.iocharger.com\/wp-content\/uploads\/2023\/05\/ev-charger-2-3-1-1-300x300.png 300w, https:\/\/www.iocharger.com\/wp-content\/uploads\/2023\/05\/ev-charger-2-3-1-1-285x285.png 285w, https:\/\/www.iocharger.com\/wp-content\/uploads\/2023\/05\/ev-charger-2-3-1-1-270x270.png 270w, https:\/\/www.iocharger.com\/wp-content\/uploads\/2023\/05\/ev-charger-2-3-1-1-540x540.png 540w\" sizes=\"(max-width: 750px) 100vw, 750px\" \/>\t\t\t\t\t\t\t\t\t\t\t\t\t\t\t<\/div>\n\t\t\t\t\t<\/div>\n\t\t<\/div>\n\t\t\t\t\t<\/div>\n\t\t<\/section>\n\t\t\t\t<section class=\"elementor-section elementor-top-section elementor-element elementor-element-b694dda elementor-section-boxed elementor-section-height-default elementor-section-height-default\" data-id=\"b694dda\" data-element_type=\"section\">\n\t\t\t\t\t\t<div class=\"elementor-container elementor-column-gap-default\">\n\t\t\t\t\t<div class=\"elementor-column elementor-col-50 elementor-top-column elementor-element elementor-element-0ecd82e\" data-id=\"0ecd82e\" data-element_type=\"column\">\n\t\t\t<div class=\"elementor-widget-wrap elementor-element-populated\">\n\t\t\t\t\t\t<div class=\"elementor-element elementor-element-dd38482 elementor-widget elementor-widget-image\" data-id=\"dd38482\" data-element_type=\"widget\" data-widget_type=\"image.default\">\n\t\t\t\t\t\t\t\t\t\t\t\t\t\t\t<img decoding=\"async\" width=\"750\" height=\"750\" src=\"https:\/\/www.iocharger.com\/wp-content\/uploads\/2023\/05\/Home-EV-Charger-2-2-1.png\" class=\"attachment-full size-full wp-image-5467\" alt=\"\" srcset=\"https:\/\/www.iocharger.com\/wp-content\/uploads\/2023\/05\/Home-EV-Charger-2-2-1.png 750w, https:\/\/www.iocharger.com\/wp-content\/uploads\/2023\/05\/Home-EV-Charger-2-2-1-150x150.png 150w, https:\/\/www.iocharger.com\/wp-content\/uploads\/2023\/05\/Home-EV-Charger-2-2-1-660x660.png 660w, https:\/\/www.iocharger.com\/wp-content\/uploads\/2023\/05\/Home-EV-Charger-2-2-1-300x300.png 300w, https:\/\/www.iocharger.com\/wp-content\/uploads\/2023\/05\/Home-EV-Charger-2-2-1-285x285.png 285w, https:\/\/www.iocharger.com\/wp-content\/uploads\/2023\/05\/Home-EV-Charger-2-2-1-270x270.png 270w, https:\/\/www.iocharger.com\/wp-content\/uploads\/2023\/05\/Home-EV-Charger-2-2-1-540x540.png 540w\" sizes=\"(max-width: 750px) 100vw, 750px\" \/>\t\t\t\t\t\t\t\t\t\t\t\t\t\t\t<\/div>\n\t\t\t\t\t<\/div>\n\t\t<\/div>\n\t\t\t\t<div class=\"elementor-column elementor-col-50 elementor-top-column elementor-element elementor-element-5b52f7e\" data-id=\"5b52f7e\" data-element_type=\"column\">\n\t\t\t<div class=\"elementor-widget-wrap elementor-element-populated\">\n\t\t\t\t\t\t<div class=\"elementor-element elementor-element-4834d3a elementor-widget elementor-widget-text-editor\" data-id=\"4834d3a\" data-element_type=\"widget\" data-widget_type=\"text-editor.default\">\n\t\t\t\t\t\t\t\t\t<p><strong>Grafisk display och anpassningsbart andningsljus<\/strong><\/p><p>IOCAH20 \u00e4r utrustad med en 2,8\u2019 LCD-display som g\u00f6r att anv\u00e4ndaren enkelt kan kontrollera laddarens status och laddningsdata i realtid. Denna information ger anv\u00e4ndaren en prelimin\u00e4r feldiagnos och minimerar kostnaden och tiden f\u00f6r underh\u00e5ll.<\/p><p>Varje anv\u00e4ndare kan st\u00e4lla in andningsljuset f\u00f6r laddaren f\u00f6r varje status enligt sina egna preferenser, inklusive typ, blinkhastighet, f\u00e4rg etc. Med denna snygga funktionella design ger IOCAH20 anv\u00e4ndarna den ultimata upplevelsen.<\/p>\t\t\t\t\t\t\t\t<\/div>\n\t\t\t\t\t<\/div>\n\t\t<\/div>\n\t\t\t\t\t<\/div>\n\t\t<\/section>\n\t\t\t\t<section class=\"elementor-section elementor-top-section elementor-element elementor-element-44ae0ae elementor-section-boxed elementor-section-height-default elementor-section-height-default\" data-id=\"44ae0ae\" data-element_type=\"section\">\n\t\t\t\t\t\t<div class=\"elementor-container elementor-column-gap-default\">\n\t\t\t\t\t<div class=\"elementor-column elementor-col-50 elementor-top-column elementor-element elementor-element-9217973\" data-id=\"9217973\" data-element_type=\"column\">\n\t\t\t<div class=\"elementor-widget-wrap elementor-element-populated\">\n\t\t\t\t\t\t<div class=\"elementor-element elementor-element-65ef5ff elementor-widget elementor-widget-text-editor\" data-id=\"65ef5ff\" data-element_type=\"widget\" data-widget_type=\"text-editor.default\">\n\t\t\t\t\t\t\t\t\t<p><strong>OCPP-kompatibel<\/strong><br \/>Helt kompatibel med OCPP 1.6J- och OCPP 2.0-profiler, vilket inneb\u00e4r att du enkelt kan ansluta den till OCPP CCMS fr\u00e5n tredje part f\u00f6r fj\u00e4rr\u00f6vervakning och hantering.<\/p><p><strong>St\u00f6d f\u00f6r dynamisk lastbalansering<\/strong><br \/>Lastbalanseringsfunktionen hos IOCAH20 g\u00f6r den perfekt f\u00f6r laddning i hemmet och i bostadsomr\u00e5den. Den s\u00e4kerst\u00e4ller att anv\u00e4ndaren dynamiskt kan balansera all tillg\u00e4nglig el i hemmet, inklusive solenergi och batterisystem, och kretsen blir aldrig \u00f6verbelastad. All utrustning kan sedan k\u00f6ras normalt f\u00f6r att maximera den ekonomiska str\u00f6mf\u00f6rbrukningen.<\/p>\t\t\t\t\t\t\t\t<\/div>\n\t\t\t\t\t<\/div>\n\t\t<\/div>\n\t\t\t\t<div class=\"elementor-column elementor-col-50 elementor-top-column elementor-element elementor-element-31e42a2\" data-id=\"31e42a2\" data-element_type=\"column\">\n\t\t\t<div class=\"elementor-widget-wrap elementor-element-populated\">\n\t\t\t\t\t\t<div class=\"elementor-element elementor-element-e9d38df elementor-widget elementor-widget-image\" data-id=\"e9d38df\" data-element_type=\"widget\" data-widget_type=\"image.default\">\n\t\t\t\t\t\t\t\t\t\t\t\t\t\t\t<img decoding=\"async\" width=\"750\" height=\"750\" src=\"https:\/\/www.iocharger.com\/wp-content\/uploads\/2023\/05\/Dynamic-Load-Balancing-ev-charger-1.png\" class=\"attachment-full size-full wp-image-7005\" alt=\"Dynamisk lastbalansering f\u00f6r laddare\" srcset=\"https:\/\/www.iocharger.com\/wp-content\/uploads\/2023\/05\/Dynamic-Load-Balancing-ev-charger-1.png 750w, https:\/\/www.iocharger.com\/wp-content\/uploads\/2023\/05\/Dynamic-Load-Balancing-ev-charger-1-150x150.png 150w, https:\/\/www.iocharger.com\/wp-content\/uploads\/2023\/05\/Dynamic-Load-Balancing-ev-charger-1-660x660.png 660w, https:\/\/www.iocharger.com\/wp-content\/uploads\/2023\/05\/Dynamic-Load-Balancing-ev-charger-1-300x300.png 300w, https:\/\/www.iocharger.com\/wp-content\/uploads\/2023\/05\/Dynamic-Load-Balancing-ev-charger-1-285x285.png 285w, https:\/\/www.iocharger.com\/wp-content\/uploads\/2023\/05\/Dynamic-Load-Balancing-ev-charger-1-270x270.png 270w, https:\/\/www.iocharger.com\/wp-content\/uploads\/2023\/05\/Dynamic-Load-Balancing-ev-charger-1-540x540.png 540w\" sizes=\"(max-width: 750px) 100vw, 750px\" \/>\t\t\t\t\t\t\t\t\t\t\t\t\t\t\t<\/div>\n\t\t\t\t\t<\/div>\n\t\t<\/div>\n\t\t\t\t\t<\/div>\n\t\t<\/section>\n\t\t\t\t<section class=\"elementor-section elementor-top-section elementor-element elementor-element-fd82118 elementor-section-boxed elementor-section-height-default elementor-section-height-default\" data-id=\"fd82118\" data-element_type=\"section\">\n\t\t\t\t\t\t<div class=\"elementor-container elementor-column-gap-default\">\n\t\t\t\t\t<div class=\"elementor-column elementor-col-50 elementor-top-column elementor-element elementor-element-816c203\" data-id=\"816c203\" data-element_type=\"column\">\n\t\t\t<div class=\"elementor-widget-wrap elementor-element-populated\">\n\t\t\t\t\t\t<div class=\"elementor-element elementor-element-5179c5e elementor-widget elementor-widget-image\" data-id=\"5179c5e\" data-element_type=\"widget\" data-widget_type=\"image.default\">\n\t\t\t\t\t\t\t\t\t\t\t\t\t\t\t<img loading=\"lazy\" decoding=\"async\" width=\"750\" height=\"750\" src=\"https:\/\/www.iocharger.com\/wp-content\/uploads\/2023\/05\/smart-app-control-ev-charging-1.png\" class=\"attachment-full size-full wp-image-3984\" alt=\"smart app kontroll ev laddning\" srcset=\"https:\/\/www.iocharger.com\/wp-content\/uploads\/2023\/05\/smart-app-control-ev-charging-1.png 750w, https:\/\/www.iocharger.com\/wp-content\/uploads\/2023\/05\/smart-app-control-ev-charging-1-150x150.png 150w, https:\/\/www.iocharger.com\/wp-content\/uploads\/2023\/05\/smart-app-control-ev-charging-1-660x660.png 660w, https:\/\/www.iocharger.com\/wp-content\/uploads\/2023\/05\/smart-app-control-ev-charging-1-300x300.png 300w, https:\/\/www.iocharger.com\/wp-content\/uploads\/2023\/05\/smart-app-control-ev-charging-1-285x285.png 285w, https:\/\/www.iocharger.com\/wp-content\/uploads\/2023\/05\/smart-app-control-ev-charging-1-270x270.png 270w, https:\/\/www.iocharger.com\/wp-content\/uploads\/2023\/05\/smart-app-control-ev-charging-1-540x540.png 540w\" sizes=\"(max-width: 750px) 100vw, 750px\" \/>\t\t\t\t\t\t\t\t\t\t\t\t\t\t\t<\/div>\n\t\t\t\t\t<\/div>\n\t\t<\/div>\n\t\t\t\t<div class=\"elementor-column elementor-col-50 elementor-top-column elementor-element elementor-element-48ab8d2\" data-id=\"48ab8d2\" data-element_type=\"column\">\n\t\t\t<div class=\"elementor-widget-wrap elementor-element-populated\">\n\t\t\t\t\t\t<div class=\"elementor-element elementor-element-d79b927 elementor-widget elementor-widget-text-editor\" data-id=\"d79b927\" data-element_type=\"widget\" data-widget_type=\"text-editor.default\">\n\t\t\t\t\t\t\t\t\t<p><strong>Ekonomisk laddning<\/strong><\/p><p>Den exponentiella \u00f6kningen av elpriserna har avsev\u00e4rt \u00f6kat hush\u00e5llens elkostnader f\u00f6r konsumenterna. Det b\u00e4sta valet f\u00f6r anv\u00e4ndarna \u00e4r att anv\u00e4nda elpriset efter anv\u00e4ndningstid f\u00f6r laddning utanf\u00f6r h\u00f6gs\u00e4song f\u00f6r att minimera laddningskostnaden. V\u00e5r mobilapp IOC Family ger full kontroll \u00f6ver laddning och f\u00f6rbrukning. Appen g\u00f6r det ocks\u00e5 m\u00f6jligt f\u00f6r anv\u00e4ndaren att ladda bilen n\u00e4r elpriset \u00e4r l\u00e5gt genom att aktivera Eco-l\u00e4get<\/p>\t\t\t\t\t\t\t\t<\/div>\n\t\t\t\t\t<\/div>\n\t\t<\/div>\n\t\t\t\t\t<\/div>\n\t\t<\/section>\n\t\t\t\t<\/div>","protected":false},"excerpt":{"rendered":"<p>Den smartaste laddaren med intelligent laddningsfunktion och en anv\u00e4ndarv\u00e4nlig mobilapp med funktioner som hantering av laddningsschema, energihantering, Eco-l\u00e4ge etc.<\/p>\n<ul class=\"clearfix\">\n<li>Ing\u00e5ngsv\u00e4rde: 1-fas 230V\u00b120% ; 3-fas 400V\u00b120%<\/li>\n<li>Utg\u00e5ngsv\u00e4rde: 1-fas 7kW 32A ; 3-fas 22kW 32A<\/li>\n<li>Intern jordfelsbrytare: AC 30 mA och DC 6 mA IEC62955- och IEC61008-certifierad<\/li>\n<li>Display: 2,8 tum LCD<\/li>\n<li>M\u00e4tare: IC- eller MID-m\u00e4tare (valfritt)<\/li>\n<li>N\u00e4tverksgr\u00e4nssnitt: Ethernet\/ WiFi\/ 4G smart internetanslutning<\/li>\n<li>OCPP: Fullt st\u00f6d f\u00f6r OCPP 1.6J\/ OCPP 2.0.1<\/li>\n<li>ISO15118 Plug &amp; Charge: Uppgraderingsbar<\/li>\n<li>Ing\u00e5ngsskydd: IP55<\/li>\n<li>Transportm\u00e5tt: 500 x 383 x 198 mm; 500 x 383 x 243 mm<\/li>\n<li>Gr\u00e4nssnitt f\u00f6r laddning: SAE J1772 &amp; Typ-2-kabel\/ Typ-2-uttag\/ T2S-uttag med slutare<\/li>\n<li>Monteringstyp: V\u00e4gg eller golv( piedestal levereras separat)<\/li>\n<\/ul>","protected":false},"featured_media":5404,"template":"","meta":{"_acf_changed":false},"product_brand":[],"product_cat":[61],"product_tag":[59,60,380,62,379],"class_list":{"0":"post-2028","1":"product","2":"type-product","3":"status-publish","4":"has-post-thumbnail","6":"product_cat-commercial-ev-charger","7":"product_tag-22kw-home-smart-ev-charger","8":"product_tag-7kw-22kw-residential-ev-charger","9":"product_tag-commercial-level-2-ev-charger","10":"product_tag-iso15118-plug-charge","11":"product_tag-ocpp-ev-charger","13":"first","14":"instock","15":"featured","16":"shipping-taxable","17":"product-type-simple"},"acf":[],"_links":{"self":[{"href":"https:\/\/www.iocharger.com\/sv\/wp-json\/wp\/v2\/product\/2028","targetHints":{"allow":["GET"]}}],"collection":[{"href":"https:\/\/www.iocharger.com\/sv\/wp-json\/wp\/v2\/product"}],"about":[{"href":"https:\/\/www.iocharger.com\/sv\/wp-json\/wp\/v2\/types\/product"}],"version-history":[{"count":1,"href":"https:\/\/www.iocharger.com\/sv\/wp-json\/wp\/v2\/product\/2028\/revisions"}],"predecessor-version":[{"id":9818,"href":"https:\/\/www.iocharger.com\/sv\/wp-json\/wp\/v2\/product\/2028\/revisions\/9818"}],"wp:featuredmedia":[{"embeddable":true,"href":"https:\/\/www.iocharger.com\/sv\/wp-json\/wp\/v2\/media\/5404"}],"wp:attachment":[{"href":"https:\/\/www.iocharger.com\/sv\/wp-json\/wp\/v2\/media?parent=2028"}],"wp:term":[{"taxonomy":"product_brand","embeddable":true,"href":"https:\/\/www.iocharger.com\/sv\/wp-json\/wp\/v2\/product_brand?post=2028"},{"taxonomy":"product_cat","embeddable":true,"href":"https:\/\/www.iocharger.com\/sv\/wp-json\/wp\/v2\/product_cat?post=2028"},{"taxonomy":"product_tag","embeddable":true,"href":"https:\/\/www.iocharger.com\/sv\/wp-json\/wp\/v2\/product_tag?post=2028"}],"curies":[{"name":"wp","href":"https:\/\/api.w.org\/{rel}","templated":true}]}}