{"id":8083,"date":"2023-05-26T02:24:17","date_gmt":"2023-05-26T02:24:17","guid":{"rendered":"https:\/\/test2.honstyle.com\/?page_id=1810"},"modified":"2023-05-26T02:24:17","modified_gmt":"2023-05-26T02:24:17","slug":"residential","status":"publish","type":"page","link":"https:\/\/www.iocharger.com\/sv\/residential\/","title":{"rendered":"Bost\u00e4der"},"content":{"rendered":"<div data-elementor-type=\"wp-page\" data-elementor-id=\"8083\" class=\"elementor elementor-8083\" data-elementor-post-type=\"page\">\n\t\t\t\t\t\t<section class=\"elementor-section elementor-top-section elementor-element elementor-element-647aef5 elementor-section-boxed elementor-section-height-default elementor-section-height-default\" data-id=\"647aef5\" data-element_type=\"section\">\n\t\t\t\t\t\t<div class=\"elementor-container elementor-column-gap-default\">\n\t\t\t\t\t<div class=\"elementor-column elementor-col-100 elementor-top-column elementor-element elementor-element-b4d03bb\" data-id=\"b4d03bb\" data-element_type=\"column\">\n\t\t\t<div class=\"elementor-widget-wrap elementor-element-populated\">\n\t\t\t\t\t\t<div class=\"elementor-element elementor-element-350faab elementor-widget elementor-widget-text-editor\" data-id=\"350faab\" data-element_type=\"widget\" data-widget_type=\"text-editor.default\">\n\t\t\t\t\t\t\t\t\t<p>Smart och enkel niv\u00e5 2-laddare f\u00f6r elbilar f\u00f6r privata hem och bostadsl\u00e4genheter.<\/p>\t\t\t\t\t\t\t\t<\/div>\n\t\t\t\t\t<\/div>\n\t\t<\/div>\n\t\t\t\t\t<\/div>\n\t\t<\/section>\n\t\t\t\t<section class=\"elementor-section elementor-top-section elementor-element elementor-element-a6c3ce5 elementor-section-boxed elementor-section-height-default elementor-section-height-default\" data-id=\"a6c3ce5\" data-element_type=\"section\">\n\t\t\t\t\t\t<div class=\"elementor-container elementor-column-gap-default\">\n\t\t\t\t\t<div class=\"elementor-column elementor-col-50 elementor-top-column elementor-element elementor-element-cd7c23b\" data-id=\"cd7c23b\" data-element_type=\"column\">\n\t\t\t<div class=\"elementor-widget-wrap elementor-element-populated\">\n\t\t\t\t\t\t<div class=\"elementor-element elementor-element-476c888 elementor-widget elementor-widget-heading\" data-id=\"476c888\" data-element_type=\"widget\" data-widget_type=\"heading.default\">\n\t\t\t\t\t<span class=\"elementor-heading-title elementor-size-default elementor-heading-title\">Fullt sortiment av produkter<\/span>\t\t\t\t<\/div>\n\t\t\t\t<div class=\"elementor-element elementor-element-c2e8a17 elementor-widget elementor-widget-text-editor\" data-id=\"c2e8a17\" data-element_type=\"widget\" data-widget_type=\"text-editor.default\">\n\t\t\t\t\t\t\t\t\t<p>Iocharger erbjuder kompletta laddningsl\u00f6sningar f\u00f6r elbilar i hemmet, som laddare, energihanteringssystem, mobilappar osv. V\u00e5ra laddare \u00e4r kompatibla med alla elbilsmodeller och enkla att ansluta till OCPP-baserade plattformar.<\/p>\t\t\t\t\t\t\t\t<\/div>\n\t\t\t\t<div class=\"elementor-element elementor-element-37d629c elementor-widget elementor-widget-button\" data-id=\"37d629c\" data-element_type=\"widget\" data-widget_type=\"button.default\">\n\t\t\t\t\t\t\t\t\t\t<a class=\"elementor-button elementor-button-link elementor-size-sm\" href=\"https:\/\/www.iocharger.com\/sv\/products\/\">\n\t\t\t\t\t\t<span class=\"elementor-button-content-wrapper\">\n\t\t\t\t\t\t\t\t\t<span class=\"elementor-button-text\">Visa fler produkter<\/span>\n\t\t\t\t\t<\/span>\n\t\t\t\t\t<\/a>\n\t\t\t\t\t\t\t\t<\/div>\n\t\t\t\t\t<\/div>\n\t\t<\/div>\n\t\t\t\t<div class=\"elementor-column elementor-col-50 elementor-top-column elementor-element elementor-element-960af82\" data-id=\"960af82\" data-element_type=\"column\">\n\t\t\t<div class=\"elementor-widget-wrap elementor-element-populated\">\n\t\t\t\t\t\t<div class=\"elementor-element elementor-element-acf1989 elementor-widget elementor-widget-image\" data-id=\"acf1989\" data-element_type=\"widget\" data-widget_type=\"image.default\">\n\t\t\t\t\t\t\t\t\t\t\t\t\t\t\t<img fetchpriority=\"high\" decoding=\"async\" width=\"920\" height=\"518\" src=\"https:\/\/www.iocharger.com\/wp-content\/uploads\/2023\/05\/Full-range-of-products-1.jpg\" class=\"attachment-full size-full wp-image-1857\" alt=\"\" srcset=\"https:\/\/www.iocharger.com\/wp-content\/uploads\/2023\/05\/Full-range-of-products-1.jpg 920w, https:\/\/www.iocharger.com\/wp-content\/uploads\/2023\/05\/Full-range-of-products-1-150x84.jpg 150w, https:\/\/www.iocharger.com\/wp-content\/uploads\/2023\/05\/Full-range-of-products-1-660x372.jpg 660w, https:\/\/www.iocharger.com\/wp-content\/uploads\/2023\/05\/Full-range-of-products-1-300x169.jpg 300w, https:\/\/www.iocharger.com\/wp-content\/uploads\/2023\/05\/Full-range-of-products-1-768x432.jpg 768w, https:\/\/www.iocharger.com\/wp-content\/uploads\/2023\/05\/Full-range-of-products-1-285x160.jpg 285w\" sizes=\"(max-width: 920px) 100vw, 920px\" \/>\t\t\t\t\t\t\t\t\t\t\t\t\t\t\t<\/div>\n\t\t\t\t\t<\/div>\n\t\t<\/div>\n\t\t\t\t\t<\/div>\n\t\t<\/section>\n\t\t\t\t<section class=\"elementor-section elementor-top-section elementor-element elementor-element-b7ffb96 elementor-section-boxed elementor-section-height-default elementor-section-height-default\" data-id=\"b7ffb96\" data-element_type=\"section\">\n\t\t\t\t\t\t<div class=\"elementor-container elementor-column-gap-default\">\n\t\t\t\t\t<div class=\"elementor-column elementor-col-50 elementor-top-column elementor-element elementor-element-51c9320\" data-id=\"51c9320\" data-element_type=\"column\">\n\t\t\t<div class=\"elementor-widget-wrap elementor-element-populated\">\n\t\t\t\t\t\t<div class=\"elementor-element elementor-element-96f4f01 elementor-widget elementor-widget-image\" data-id=\"96f4f01\" data-element_type=\"widget\" data-widget_type=\"image.default\">\n\t\t\t\t\t\t\t\t\t\t\t\t\t\t\t<img decoding=\"async\" width=\"920\" height=\"518\" src=\"https:\/\/www.iocharger.com\/wp-content\/uploads\/2023\/05\/Full-range-of-products1-1.jpg\" class=\"attachment-full size-full wp-image-1855\" alt=\"\" srcset=\"https:\/\/www.iocharger.com\/wp-content\/uploads\/2023\/05\/Full-range-of-products1-1.jpg 920w, https:\/\/www.iocharger.com\/wp-content\/uploads\/2023\/05\/Full-range-of-products1-1-150x84.jpg 150w, https:\/\/www.iocharger.com\/wp-content\/uploads\/2023\/05\/Full-range-of-products1-1-660x372.jpg 660w, https:\/\/www.iocharger.com\/wp-content\/uploads\/2023\/05\/Full-range-of-products1-1-300x169.jpg 300w, https:\/\/www.iocharger.com\/wp-content\/uploads\/2023\/05\/Full-range-of-products1-1-768x432.jpg 768w, https:\/\/www.iocharger.com\/wp-content\/uploads\/2023\/05\/Full-range-of-products1-1-285x160.jpg 285w\" sizes=\"(max-width: 920px) 100vw, 920px\" \/>\t\t\t\t\t\t\t\t\t\t\t\t\t\t\t<\/div>\n\t\t\t\t\t<\/div>\n\t\t<\/div>\n\t\t\t\t<div class=\"elementor-column elementor-col-50 elementor-top-column elementor-element elementor-element-0c925db\" data-id=\"0c925db\" data-element_type=\"column\">\n\t\t\t<div class=\"elementor-widget-wrap elementor-element-populated\">\n\t\t\t\t\t\t<div class=\"elementor-element elementor-element-0856f35 elementor-widget elementor-widget-heading\" data-id=\"0856f35\" data-element_type=\"widget\" data-widget_type=\"heading.default\">\n\t\t\t\t\t<span class=\"elementor-heading-title elementor-size-default elementor-heading-title\">Den mest praktiska konstruktionsl\u00f6sningen<\/span>\t\t\t\t<\/div>\n\t\t\t\t<div class=\"elementor-element elementor-element-d0154aa elementor-widget elementor-widget-text-editor\" data-id=\"d0154aa\" data-element_type=\"widget\" data-widget_type=\"text-editor.default\">\n\t\t\t\t\t\t\t\t\t<p>Med den \u00f6kande efterfr\u00e5gan p\u00e5 laddning av elfordon \u00e4r det viktigt att ha en konstruktionsl\u00f6sning som \u00e4r b\u00e5de bekv\u00e4m och kostnadseffektiv. Vi erbjuder en s\u00e5dan l\u00f6sning med en unik bakpl\u00e5tsdesign, som m\u00f6jligg\u00f6r f\u00f6rinstallation i stor skala under byggnationen. Detta minskar avsev\u00e4rt installationstiden och kostnaderna p\u00e5 plats, vilket g\u00f6r det till en idealisk l\u00f6sning f\u00f6r nyplanerade bostadsomr\u00e5den.<\/p><p>Dessutom g\u00f6r den oberoende designen av bakplattan det enkelt f\u00f6r anv\u00e4ndarna att installera laddaren utan att beh\u00f6va anlita professionella elektriker, vilket sparar v\u00e4rdefull tid och pengar. Om det skulle uppst\u00e5 fel p\u00e5 laddaren kan operat\u00f6ren enkelt byta ut den utan att ta bort bakplattan, vilket ger l\u00e4gre underh\u00e5llskostnader.<\/p><p>Med oss kan fastighets\u00e4gare och operat\u00f6rer dra nytta av en problemfri och effektiv laddningsl\u00f6sning som uppfyller de boendes behov och samtidigt minimerar installations- och underh\u00e5llskostnaderna.<\/p>\t\t\t\t\t\t\t\t<\/div>\n\t\t\t\t\t<\/div>\n\t\t<\/div>\n\t\t\t\t\t<\/div>\n\t\t<\/section>\n\t\t\t\t<section class=\"elementor-section elementor-top-section elementor-element elementor-element-b6876b8 elementor-section-boxed elementor-section-height-default elementor-section-height-default\" data-id=\"b6876b8\" data-element_type=\"section\">\n\t\t\t\t\t\t<div class=\"elementor-container elementor-column-gap-default\">\n\t\t\t\t\t<div class=\"elementor-column elementor-col-50 elementor-top-column elementor-element elementor-element-a3d70a5\" data-id=\"a3d70a5\" data-element_type=\"column\">\n\t\t\t<div class=\"elementor-widget-wrap elementor-element-populated\">\n\t\t\t\t\t\t<div class=\"elementor-element elementor-element-075b9a9 elementor-widget elementor-widget-heading\" data-id=\"075b9a9\" data-element_type=\"widget\" data-widget_type=\"heading.default\">\n\t\t\t\t\t<span class=\"elementor-heading-title elementor-size-default elementor-heading-title\">Dynamisk lasthantering f\u00f6r bost\u00e4der<\/span>\t\t\t\t<\/div>\n\t\t\t\t<div class=\"elementor-element elementor-element-3d288bc elementor-widget elementor-widget-text-editor\" data-id=\"3d288bc\" data-element_type=\"widget\" data-widget_type=\"text-editor.default\">\n\t\t\t\t\t\t\t\t\t<p>Med<strong> iocharger's<\/strong> l\u00f6sning f\u00f6r dynamisk lastbalansering kommer den tillg\u00e4ngliga str\u00f6mmen att f\u00f6rdelas automatiskt och smart mellan EV-laddaren och alla andra hush\u00e5llsapparater.\u00a0<\/p><p class=\"\">Sol- och batterisystem som anses vara den renaste energin \u00e4r framtiden f\u00f6r v\u00e5rt gr\u00f6na jordklot. Med<strong> iocharger's<\/strong> senaste energilagringsl\u00f6sningen kan anv\u00e4ndare enkelt n\u00e5 m\u00e5let om de vill l\u00e4gga till ett fotovoltaiskt energilagringssystem till sitt EV-laddningssystem f\u00f6r bost\u00e4der. Milj\u00f6v\u00e4nlighet och l\u00f6nsamhet uppn\u00e5s allts\u00e5 samtidigt med v\u00e5r avancerade l\u00f6sning.<\/p>\t\t\t\t\t\t\t\t<\/div>\n\t\t\t\t\t<\/div>\n\t\t<\/div>\n\t\t\t\t<div class=\"elementor-column elementor-col-50 elementor-top-column elementor-element elementor-element-d7b85e5\" data-id=\"d7b85e5\" data-element_type=\"column\">\n\t\t\t<div class=\"elementor-widget-wrap elementor-element-populated\">\n\t\t\t\t\t\t<div class=\"elementor-element elementor-element-d22d95d elementor-widget elementor-widget-image\" data-id=\"d22d95d\" data-element_type=\"widget\" data-widget_type=\"image.default\">\n\t\t\t\t\t\t\t\t\t\t\t\t\t\t\t<img decoding=\"async\" width=\"920\" height=\"518\" src=\"https:\/\/www.iocharger.com\/wp-content\/uploads\/2023\/05\/EV-Chargers-Other-Load-Appliances-1.jpg\" class=\"attachment-full size-full wp-image-1856\" alt=\"\" srcset=\"https:\/\/www.iocharger.com\/wp-content\/uploads\/2023\/05\/EV-Chargers-Other-Load-Appliances-1.jpg 920w, https:\/\/www.iocharger.com\/wp-content\/uploads\/2023\/05\/EV-Chargers-Other-Load-Appliances-1-150x84.jpg 150w, https:\/\/www.iocharger.com\/wp-content\/uploads\/2023\/05\/EV-Chargers-Other-Load-Appliances-1-660x372.jpg 660w, https:\/\/www.iocharger.com\/wp-content\/uploads\/2023\/05\/EV-Chargers-Other-Load-Appliances-1-300x169.jpg 300w, https:\/\/www.iocharger.com\/wp-content\/uploads\/2023\/05\/EV-Chargers-Other-Load-Appliances-1-768x432.jpg 768w, https:\/\/www.iocharger.com\/wp-content\/uploads\/2023\/05\/EV-Chargers-Other-Load-Appliances-1-285x160.jpg 285w\" sizes=\"(max-width: 920px) 100vw, 920px\" \/>\t\t\t\t\t\t\t\t\t\t\t\t\t\t\t<\/div>\n\t\t\t\t\t<\/div>\n\t\t<\/div>\n\t\t\t\t\t<\/div>\n\t\t<\/section>\n\t\t\t\t<\/div>","protected":false},"excerpt":{"rendered":"<p>Smart and simple level 2 EV charger for private home and residential apartments. Full range of products Iocharger&#8230;<\/p>","protected":false},"author":1,"featured_media":0,"parent":0,"menu_order":0,"comment_status":"closed","ping_status":"closed","template":"elementor_header_footer","meta":{"_acf_changed":false,"footnotes":""},"class_list":["post-8083","page","type-page","status-publish","hentry"],"acf":[],"_links":{"self":[{"href":"https:\/\/www.iocharger.com\/sv\/wp-json\/wp\/v2\/pages\/8083","targetHints":{"allow":["GET"]}}],"collection":[{"href":"https:\/\/www.iocharger.com\/sv\/wp-json\/wp\/v2\/pages"}],"about":[{"href":"https:\/\/www.iocharger.com\/sv\/wp-json\/wp\/v2\/types\/page"}],"author":[{"embeddable":true,"href":"https:\/\/www.iocharger.com\/sv\/wp-json\/wp\/v2\/users\/1"}],"replies":[{"embeddable":true,"href":"https:\/\/www.iocharger.com\/sv\/wp-json\/wp\/v2\/comments?post=8083"}],"version-history":[{"count":0,"href":"https:\/\/www.iocharger.com\/sv\/wp-json\/wp\/v2\/pages\/8083\/revisions"}],"wp:attachment":[{"href":"https:\/\/www.iocharger.com\/sv\/wp-json\/wp\/v2\/media?parent=8083"}],"curies":[{"name":"wp","href":"https:\/\/api.w.org\/{rel}","templated":true}]}}