{"id":8086,"date":"2018-08-23T11:08:53","date_gmt":"2018-08-23T11:08:53","guid":{"rendered":"https:\/\/manufacturer.stylemixthemes.com\/?post_type=product&#038;p=915"},"modified":"2026-04-13T09:04:50","modified_gmt":"2026-04-13T09:04:50","slug":"multiple-colors-7kw-11kw-ocpp-1-6j-2-0-1-wifi-bluetooth-mini-smart-ev-charger","status":"publish","type":"product","link":"https:\/\/www.iocharger.com\/pt\/multiple-colors-7kw-11kw-ocpp-1-6j-2-0-1-wifi-bluetooth-mini-smart-ev-charger\/","title":{"rendered":"V\u00e1rias cores 7 kW 11 kW 22 kW OCPP 1.6J e 2.0.1 compat\u00edvel com WiFi e Bluetooth Mini carregador inteligente para ve\u00edculos el\u00e9tricos"},"content":{"rendered":"<div data-elementor-type=\"product-post\" data-elementor-id=\"8086\" class=\"elementor elementor-8086\" data-elementor-post-type=\"product\">\n\t\t\t\t\t\t<section class=\"elementor-section elementor-top-section elementor-element elementor-element-6639304 elementor-section-boxed elementor-section-height-default elementor-section-height-default\" data-id=\"6639304\" data-element_type=\"section\">\n\t\t\t\t\t\t<div class=\"elementor-container elementor-column-gap-default\">\n\t\t\t\t\t<div class=\"elementor-column elementor-col-100 elementor-top-column elementor-element elementor-element-5f1f713\" data-id=\"5f1f713\" data-element_type=\"column\">\n\t\t\t<div class=\"elementor-widget-wrap elementor-element-populated\">\n\t\t\t\t\t\t<div class=\"elementor-element elementor-element-a5f342e elementor-widget elementor-widget-text-editor\" data-id=\"a5f342e\" data-element_type=\"widget\" data-widget_type=\"text-editor.default\">\n\t\t\t\t\t\t\t\t\t<p>O IOCAH30 \u00e9 a escolha perfeita para o carregamento dom\u00e9stico com um design compacto, mas potente e inteligente. Est\u00e3o dispon\u00edveis v\u00e1rias fun\u00e7\u00f5es na aplica\u00e7\u00e3o IOC Lite para gerir os hor\u00e1rios de carregamento, o equil\u00edbrio de carga e as fontes de energia solar e de bateria.<\/p>\t\t\t\t\t\t\t\t<\/div>\n\t\t\t\t\t<\/div>\n\t\t<\/div>\n\t\t\t\t\t<\/div>\n\t\t<\/section>\n\t\t\t\t<section class=\"elementor-section elementor-top-section elementor-element elementor-element-11bb985 elementor-section-boxed elementor-section-height-default elementor-section-height-default\" data-id=\"11bb985\" data-element_type=\"section\">\n\t\t\t\t\t\t<div class=\"elementor-container elementor-column-gap-default\">\n\t\t\t\t\t<div class=\"elementor-column elementor-col-100 elementor-top-column elementor-element elementor-element-2f86f07\" data-id=\"2f86f07\" data-element_type=\"column\">\n\t\t\t<div class=\"elementor-widget-wrap elementor-element-populated\">\n\t\t\t\t\t\t<div data-over-color=\"\" data-over=\"overlay\" class=\"elementor-element elementor-element-cdd8ca8 elementor-widget elementor-widget-video\" data-id=\"cdd8ca8\" data-element_type=\"widget\" data-settings=\"{&quot;youtube_url&quot;:&quot;https:\\\/\\\/www.youtube.com\\\/watch?v=tlqUfYBMiWM&quot;,&quot;video_type&quot;:&quot;youtube&quot;,&quot;controls&quot;:&quot;yes&quot;}\" data-widget_type=\"video.default\">\n\t\t\t\t\t\t\t<div class=\"elementor-wrapper elementor-open-inline\">\n\t\t\t<div class=\"elementor-video\"><\/div>\t\t<\/div>\n\t\t\t\t\t\t<\/div>\n\t\t\t\t\t<\/div>\n\t\t<\/div>\n\t\t\t\t\t<\/div>\n\t\t<\/section>\n\t\t\t\t<section class=\"elementor-section elementor-top-section elementor-element elementor-element-b90d0d8 elementor-section-boxed elementor-section-height-default elementor-section-height-default\" data-id=\"b90d0d8\" data-element_type=\"section\">\n\t\t\t\t\t\t<div class=\"elementor-container elementor-column-gap-default\">\n\t\t\t\t\t<div class=\"elementor-column elementor-col-50 elementor-top-column elementor-element elementor-element-6395630\" data-id=\"6395630\" data-element_type=\"column\">\n\t\t\t<div class=\"elementor-widget-wrap elementor-element-populated\">\n\t\t\t\t\t\t<div class=\"elementor-element elementor-element-e1ea75e elementor-widget elementor-widget-text-editor\" data-id=\"e1ea75e\" data-element_type=\"widget\" data-widget_type=\"text-editor.default\">\n\t\t\t\t\t\t\t\t\t<p><strong>Carater\u00edsticas principais:<\/strong><\/p><ul><li>Compat\u00edvel com todos os VEs e redes el\u00e9ctricas<\/li><li>Monof\u00e1sico 32A 7kW e trif\u00e1sico 16A 11kW \/ 32A 22kW dispon\u00edveis<\/li><li>Design aerodin\u00e2mico, aspeto simples e elegante<\/li><li>Liga\u00e7\u00e3o Ethernet, Wi-Fi, Bluetooth<\/li><li>Configura\u00e7\u00e3o flex\u00edvel da corrente de sa\u00edda \/ pot\u00eancia<\/li><li>Luz de respira\u00e7\u00e3o personaliz\u00e1vel de acordo com as prefer\u00eancias<\/li><li>Suporte inteligente de balanceamento de carga din\u00e2mica<\/li><li>Autentica\u00e7\u00e3o do utilizador atrav\u00e9s da aplica\u00e7\u00e3o m\u00f3vel<\/li><li>Portal Web de coloca\u00e7\u00e3o em funcionamento do carregador multifuncional<\/li><li>Controlo e monitoriza\u00e7\u00e3o \u00e0 dist\u00e2ncia<\/li><li>Prote\u00e7\u00e3o contra fugas de corrente AC 30mA e DC 6mA Certifica\u00e7\u00e3o IEC62955 e IEC61008<\/li><\/ul>\t\t\t\t\t\t\t\t<\/div>\n\t\t\t\t\t<\/div>\n\t\t<\/div>\n\t\t\t\t<div class=\"elementor-column elementor-col-50 elementor-top-column elementor-element elementor-element-8c15f61\" data-id=\"8c15f61\" data-element_type=\"column\">\n\t\t\t<div class=\"elementor-widget-wrap elementor-element-populated\">\n\t\t\t\t\t\t<div class=\"elementor-element elementor-element-af799a9 elementor-widget elementor-widget-image\" data-id=\"af799a9\" data-element_type=\"widget\" data-widget_type=\"image.default\">\n\t\t\t\t\t\t\t\t\t\t\t\t\t\t\t<img fetchpriority=\"high\" decoding=\"async\" width=\"750\" height=\"750\" src=\"https:\/\/www.iocharger.com\/wp-content\/uploads\/2018\/08\/Bluetooth-Mini-Smart-EV-Charger-4-1-1.png\" class=\"attachment-full size-full wp-image-6062\" alt=\"\" srcset=\"https:\/\/www.iocharger.com\/wp-content\/uploads\/2018\/08\/Bluetooth-Mini-Smart-EV-Charger-4-1-1.png 750w, https:\/\/www.iocharger.com\/wp-content\/uploads\/2018\/08\/Bluetooth-Mini-Smart-EV-Charger-4-1-1-150x150.png 150w, https:\/\/www.iocharger.com\/wp-content\/uploads\/2018\/08\/Bluetooth-Mini-Smart-EV-Charger-4-1-1-660x660.png 660w, https:\/\/www.iocharger.com\/wp-content\/uploads\/2018\/08\/Bluetooth-Mini-Smart-EV-Charger-4-1-1-300x300.png 300w, https:\/\/www.iocharger.com\/wp-content\/uploads\/2018\/08\/Bluetooth-Mini-Smart-EV-Charger-4-1-1-285x285.png 285w, https:\/\/www.iocharger.com\/wp-content\/uploads\/2018\/08\/Bluetooth-Mini-Smart-EV-Charger-4-1-1-270x270.png 270w, https:\/\/www.iocharger.com\/wp-content\/uploads\/2018\/08\/Bluetooth-Mini-Smart-EV-Charger-4-1-1-540x540.png 540w\" sizes=\"(max-width: 750px) 100vw, 750px\" \/>\t\t\t\t\t\t\t\t\t\t\t\t\t\t\t<\/div>\n\t\t\t\t\t<\/div>\n\t\t<\/div>\n\t\t\t\t\t<\/div>\n\t\t<\/section>\n\t\t\t\t<section class=\"elementor-section elementor-top-section elementor-element elementor-element-3974d9d elementor-section-boxed elementor-section-height-default elementor-section-height-default\" data-id=\"3974d9d\" data-element_type=\"section\">\n\t\t\t\t\t\t<div class=\"elementor-container elementor-column-gap-default\">\n\t\t\t\t\t<div class=\"elementor-column elementor-col-50 elementor-top-column elementor-element elementor-element-5a154eb\" data-id=\"5a154eb\" data-element_type=\"column\">\n\t\t\t<div class=\"elementor-widget-wrap elementor-element-populated\">\n\t\t\t\t\t\t<div class=\"elementor-element elementor-element-16fa3ae elementor-widget elementor-widget-image\" data-id=\"16fa3ae\" data-element_type=\"widget\" data-widget_type=\"image.default\">\n\t\t\t\t\t\t\t\t\t\t\t\t\t\t\t<img decoding=\"async\" width=\"750\" height=\"750\" src=\"https:\/\/www.iocharger.com\/wp-content\/uploads\/2018\/08\/Bluetooth-Mini-Smart-EV-Charger-3-2-1.png\" class=\"attachment-full size-full wp-image-5620\" alt=\"\" srcset=\"https:\/\/www.iocharger.com\/wp-content\/uploads\/2018\/08\/Bluetooth-Mini-Smart-EV-Charger-3-2-1.png 750w, https:\/\/www.iocharger.com\/wp-content\/uploads\/2018\/08\/Bluetooth-Mini-Smart-EV-Charger-3-2-1-150x150.png 150w, https:\/\/www.iocharger.com\/wp-content\/uploads\/2018\/08\/Bluetooth-Mini-Smart-EV-Charger-3-2-1-660x660.png 660w, https:\/\/www.iocharger.com\/wp-content\/uploads\/2018\/08\/Bluetooth-Mini-Smart-EV-Charger-3-2-1-300x300.png 300w, https:\/\/www.iocharger.com\/wp-content\/uploads\/2018\/08\/Bluetooth-Mini-Smart-EV-Charger-3-2-1-285x285.png 285w, https:\/\/www.iocharger.com\/wp-content\/uploads\/2018\/08\/Bluetooth-Mini-Smart-EV-Charger-3-2-1-270x270.png 270w, https:\/\/www.iocharger.com\/wp-content\/uploads\/2018\/08\/Bluetooth-Mini-Smart-EV-Charger-3-2-1-540x540.png 540w\" sizes=\"(max-width: 750px) 100vw, 750px\" \/>\t\t\t\t\t\t\t\t\t\t\t\t\t\t\t<\/div>\n\t\t\t\t\t<\/div>\n\t\t<\/div>\n\t\t\t\t<div class=\"elementor-column elementor-col-50 elementor-top-column elementor-element elementor-element-00be5ed\" data-id=\"00be5ed\" data-element_type=\"column\">\n\t\t\t<div class=\"elementor-widget-wrap elementor-element-populated\">\n\t\t\t\t\t\t<div class=\"elementor-element elementor-element-d48f8be elementor-widget elementor-widget-text-editor\" data-id=\"d48f8be\" data-element_type=\"widget\" data-widget_type=\"text-editor.default\">\n\t\t\t\t\t\t\t\t\t<p><strong>Tecnologia Bluetooth<\/strong><\/p><p>O IOCAH30 integrou a nossa mais recente tecnologia Bluetooth para maximizar a experi\u00eancia do utilizador em ambientes dif\u00edceis, como parques de estacionamento subterr\u00e2neos, edif\u00edcios de apartamentos e escrit\u00f3rios, a nossa aplica\u00e7\u00e3o m\u00f3vel pode funcionar sem problemas com ou sem liga\u00e7\u00e3o \u00e0 rede.<\/p><p>Os utilizadores podem iniciar, parar e gerir o carregador atrav\u00e9s de uma liga\u00e7\u00e3o \u00e0 Internet\/Bluetooth e os dados ser\u00e3o sincronizados entre o telefone e o back-end assim que o telefone tiver cobertura.<\/p>\t\t\t\t\t\t\t\t<\/div>\n\t\t\t\t\t<\/div>\n\t\t<\/div>\n\t\t\t\t\t<\/div>\n\t\t<\/section>\n\t\t\t\t<section class=\"elementor-section elementor-top-section elementor-element elementor-element-4a301d0 elementor-section-boxed elementor-section-height-default elementor-section-height-default\" data-id=\"4a301d0\" data-element_type=\"section\">\n\t\t\t\t\t\t<div class=\"elementor-container elementor-column-gap-default\">\n\t\t\t\t\t<div class=\"elementor-column elementor-col-50 elementor-top-column elementor-element elementor-element-3fcd2ad\" data-id=\"3fcd2ad\" data-element_type=\"column\">\n\t\t\t<div class=\"elementor-widget-wrap elementor-element-populated\">\n\t\t\t\t\t\t<div class=\"elementor-element elementor-element-006d184 elementor-widget elementor-widget-text-editor\" data-id=\"006d184\" data-element_type=\"widget\" data-widget_type=\"text-editor.default\">\n\t\t\t\t\t\t\t\t\t<p><strong>Balanceamento de carga din\u00e2mico<\/strong><\/p><p>A pin\u00e7a de TC pode ser ligada diretamente ao mini carregador CA inteligente IOCAH30 para monitoriza\u00e7\u00e3o da corrente de outros aparelhos dom\u00e9sticos, sem dispositivo adicional. A corrente de carga \u00e9 ajustada automaticamente de acordo com os valores de corrente em tempo real. Pode evitar que a nossa casa fique sobrecarregada com a instala\u00e7\u00e3o de um ou v\u00e1rios carregadores, quer online quer offline.<\/p>\t\t\t\t\t\t\t\t<\/div>\n\t\t\t\t\t<\/div>\n\t\t<\/div>\n\t\t\t\t<div class=\"elementor-column elementor-col-50 elementor-top-column elementor-element elementor-element-2fdcde3\" data-id=\"2fdcde3\" data-element_type=\"column\">\n\t\t\t<div class=\"elementor-widget-wrap elementor-element-populated\">\n\t\t\t\t\t\t<div class=\"elementor-element elementor-element-c0adc7c elementor-widget elementor-widget-image\" data-id=\"c0adc7c\" data-element_type=\"widget\" data-widget_type=\"image.default\">\n\t\t\t\t\t\t\t\t\t\t\t\t\t\t\t<img decoding=\"async\" width=\"750\" height=\"750\" src=\"https:\/\/www.iocharger.com\/wp-content\/uploads\/2018\/08\/smart-ev-charger-home.png\" class=\"attachment-full size-full wp-image-9307\" alt=\"carregador ev inteligente para casa\" srcset=\"https:\/\/www.iocharger.com\/wp-content\/uploads\/2018\/08\/smart-ev-charger-home.png 750w, https:\/\/www.iocharger.com\/wp-content\/uploads\/2018\/08\/smart-ev-charger-home-300x300.png 300w, https:\/\/www.iocharger.com\/wp-content\/uploads\/2018\/08\/smart-ev-charger-home-150x150.png 150w, https:\/\/www.iocharger.com\/wp-content\/uploads\/2018\/08\/smart-ev-charger-home-12x12.png 12w, https:\/\/www.iocharger.com\/wp-content\/uploads\/2018\/08\/smart-ev-charger-home-285x285.png 285w, https:\/\/www.iocharger.com\/wp-content\/uploads\/2018\/08\/smart-ev-charger-home-270x270.png 270w, https:\/\/www.iocharger.com\/wp-content\/uploads\/2018\/08\/smart-ev-charger-home-540x540.png 540w, https:\/\/www.iocharger.com\/wp-content\/uploads\/2018\/08\/smart-ev-charger-home-660x660.png 660w\" sizes=\"(max-width: 750px) 100vw, 750px\" \/>\t\t\t\t\t\t\t\t\t\t\t\t\t\t\t<\/div>\n\t\t\t\t\t<\/div>\n\t\t<\/div>\n\t\t\t\t\t<\/div>\n\t\t<\/section>\n\t\t\t\t<section class=\"elementor-section elementor-top-section elementor-element elementor-element-9e0cb8f elementor-section-boxed elementor-section-height-default elementor-section-height-default\" data-id=\"9e0cb8f\" data-element_type=\"section\">\n\t\t\t\t\t\t<div class=\"elementor-container elementor-column-gap-default\">\n\t\t\t\t\t<div class=\"elementor-column elementor-col-50 elementor-top-column elementor-element elementor-element-14b1d93\" data-id=\"14b1d93\" data-element_type=\"column\">\n\t\t\t<div class=\"elementor-widget-wrap elementor-element-populated\">\n\t\t\t\t\t\t<div class=\"elementor-element elementor-element-4a582a7 elementor-widget elementor-widget-image\" data-id=\"4a582a7\" data-element_type=\"widget\" data-widget_type=\"image.default\">\n\t\t\t\t\t\t\t\t\t\t\t\t\t\t\t<img loading=\"lazy\" decoding=\"async\" width=\"750\" height=\"750\" src=\"https:\/\/www.iocharger.com\/wp-content\/uploads\/2018\/08\/Bluetooth-Mini-Smart-EV-Charger-5-1.png\" class=\"attachment-full size-full wp-image-3301\" alt=\"\" srcset=\"https:\/\/www.iocharger.com\/wp-content\/uploads\/2018\/08\/Bluetooth-Mini-Smart-EV-Charger-5-1.png 750w, https:\/\/www.iocharger.com\/wp-content\/uploads\/2018\/08\/Bluetooth-Mini-Smart-EV-Charger-5-1-150x150.png 150w, https:\/\/www.iocharger.com\/wp-content\/uploads\/2018\/08\/Bluetooth-Mini-Smart-EV-Charger-5-1-660x660.png 660w, https:\/\/www.iocharger.com\/wp-content\/uploads\/2018\/08\/Bluetooth-Mini-Smart-EV-Charger-5-1-300x300.png 300w, https:\/\/www.iocharger.com\/wp-content\/uploads\/2018\/08\/Bluetooth-Mini-Smart-EV-Charger-5-1-285x285.png 285w, https:\/\/www.iocharger.com\/wp-content\/uploads\/2018\/08\/Bluetooth-Mini-Smart-EV-Charger-5-1-270x270.png 270w, https:\/\/www.iocharger.com\/wp-content\/uploads\/2018\/08\/Bluetooth-Mini-Smart-EV-Charger-5-1-540x540.png 540w\" sizes=\"(max-width: 750px) 100vw, 750px\" \/>\t\t\t\t\t\t\t\t\t\t\t\t\t\t\t<\/div>\n\t\t\t\t\t<\/div>\n\t\t<\/div>\n\t\t\t\t<div class=\"elementor-column elementor-col-50 elementor-top-column elementor-element elementor-element-4b81cef\" data-id=\"4b81cef\" data-element_type=\"column\">\n\t\t\t<div class=\"elementor-widget-wrap elementor-element-populated\">\n\t\t\t\t\t\t<div class=\"elementor-element elementor-element-1aa520f elementor-widget elementor-widget-text-editor\" data-id=\"1aa520f\" data-element_type=\"widget\" data-widget_type=\"text-editor.default\">\n\t\t\t\t\t\t\t\t\t<p><strong>OCPP 1.6J &amp; 2.0.1<\/strong><\/p><p>Como membro da OCA(OCPP) &amp; OCPI, os nossos carregadores EV est\u00e3o sempre integrados com a mais recente tecnologia OCPP, incluindo OCPP 1.6J e OCPP 2.0.1. Com mais de 8 anos de experi\u00eancia em OCPP, os nossos carregadores s\u00e3o certificados pelas principais plataformas OCPP e CPOs.<\/p>\t\t\t\t\t\t\t\t<\/div>\n\t\t\t\t\t<\/div>\n\t\t<\/div>\n\t\t\t\t\t<\/div>\n\t\t<\/section>\n\t\t\t\t<section class=\"elementor-section elementor-top-section elementor-element elementor-element-e33e461 elementor-section-boxed elementor-section-height-default elementor-section-height-default\" data-id=\"e33e461\" data-element_type=\"section\">\n\t\t\t\t\t\t<div class=\"elementor-container elementor-column-gap-default\">\n\t\t\t\t\t<div class=\"elementor-column elementor-col-50 elementor-top-column elementor-element elementor-element-848c462\" data-id=\"848c462\" data-element_type=\"column\">\n\t\t\t<div class=\"elementor-widget-wrap elementor-element-populated\">\n\t\t\t\t\t\t<div class=\"elementor-element elementor-element-1c74ada elementor-widget elementor-widget-text-editor\" data-id=\"1c74ada\" data-element_type=\"widget\" data-widget_type=\"text-editor.default\">\n\t\t\t\t\t\t\t\t\t<p><strong>Otimizar a utiliza\u00e7\u00e3o de energia<\/strong><\/p><p>Totalmente compat\u00edvel com a instala\u00e7\u00e3o solar e o sistema de armazenamento de baterias. Ligue o IOCAH30 \u00e0 aplica\u00e7\u00e3o m\u00f3vel IOC Lite para experimentar os modos Fast, ECO, ECO+ para minimizar o custo de carregamento, monitorizar e utilizar diferentes fontes de energia da rede, solar e baterias dom\u00e9sticas.<\/p>\t\t\t\t\t\t\t\t<\/div>\n\t\t\t\t\t<\/div>\n\t\t<\/div>\n\t\t\t\t<div class=\"elementor-column elementor-col-50 elementor-top-column elementor-element elementor-element-ab193bc\" data-id=\"ab193bc\" data-element_type=\"column\">\n\t\t\t<div class=\"elementor-widget-wrap elementor-element-populated\">\n\t\t\t\t\t\t<div class=\"elementor-element elementor-element-d294799 elementor-widget elementor-widget-image\" data-id=\"d294799\" data-element_type=\"widget\" data-widget_type=\"image.default\">\n\t\t\t\t\t\t\t\t\t\t\t\t\t\t\t<img loading=\"lazy\" decoding=\"async\" width=\"750\" height=\"750\" src=\"https:\/\/www.iocharger.com\/wp-content\/uploads\/2018\/08\/Bluetooth-Mini-Smart-EV-Charger-4-2.png\" class=\"attachment-full size-full wp-image-3300\" alt=\"\" srcset=\"https:\/\/www.iocharger.com\/wp-content\/uploads\/2018\/08\/Bluetooth-Mini-Smart-EV-Charger-4-2.png 750w, https:\/\/www.iocharger.com\/wp-content\/uploads\/2018\/08\/Bluetooth-Mini-Smart-EV-Charger-4-2-150x150.png 150w, https:\/\/www.iocharger.com\/wp-content\/uploads\/2018\/08\/Bluetooth-Mini-Smart-EV-Charger-4-2-660x660.png 660w, https:\/\/www.iocharger.com\/wp-content\/uploads\/2018\/08\/Bluetooth-Mini-Smart-EV-Charger-4-2-300x300.png 300w, https:\/\/www.iocharger.com\/wp-content\/uploads\/2018\/08\/Bluetooth-Mini-Smart-EV-Charger-4-2-285x285.png 285w, https:\/\/www.iocharger.com\/wp-content\/uploads\/2018\/08\/Bluetooth-Mini-Smart-EV-Charger-4-2-270x270.png 270w, https:\/\/www.iocharger.com\/wp-content\/uploads\/2018\/08\/Bluetooth-Mini-Smart-EV-Charger-4-2-540x540.png 540w\" sizes=\"(max-width: 750px) 100vw, 750px\" \/>\t\t\t\t\t\t\t\t\t\t\t\t\t\t\t<\/div>\n\t\t\t\t\t<\/div>\n\t\t<\/div>\n\t\t\t\t\t<\/div>\n\t\t<\/section>\n\t\t\t\t<\/div>","protected":false},"excerpt":{"rendered":"<p>O carregador de ve\u00edculos el\u00e9ctricos mais pequeno e mais elegante para carregamento dom\u00e9stico, distribui\u00e7\u00e3o din\u00e2mica de energia para garantir uma rede segura e eficaz para carregadores de ve\u00edculos el\u00e9ctricos, sistemas solares, sistemas de rede e sistemas de armazenamento de energia.<\/p>\n<ul class=\"clearfix\">\n<li>Classifica\u00e7\u00e3o de entrada: 1-fase 230V\u00b120% ; 3-fase 400V\u00b120%<\/li>\n<li>Classifica\u00e7\u00e3o de sa\u00edda: 1-fase 7kW 32A; 3-fase 11kW 16A; 3-fase 22kW 32A<\/li>\n<li>RCD interno: AC 30mA e DC 6mA Certifica\u00e7\u00e3o IEC62955 e IEC61008<\/li>\n<li>Interface de rede: Liga\u00e7\u00e3o \u00e0 Internet inteligente Ethernet\/ WiFi\/ Bluetooth<\/li>\n<li>OCPP: Suporte completo para OCPP 1.6J\/ OCPP 2.0.1<\/li>\n<li>Plug&amp;Charge ISO15118: Atualiz\u00e1vel<\/li>\n<li>Prote\u00e7\u00e3o contra a entrada: IP55<\/li>\n<li>Dimens\u00f5es de envio: 398 x 285 x 176 mm; 398 x 285 x 226 mm<\/li>\n<li>Interface de carregamento: SAE J1772 e cabo tipo 2 \/ tomada tipo 2<\/li>\n<li>Tipo de montagem: Parede ou ch\u00e3o (pedestal fornecido separadamente)<\/li>\n<\/ul>","protected":false},"featured_media":3898,"template":"","meta":{"_acf_changed":false},"product_brand":[],"product_cat":[56],"product_tag":[55,378,57,58],"class_list":{"0":"post-8086","1":"product","2":"type-product","3":"status-publish","4":"has-post-thumbnail","6":"product_cat-home-ev-charger","7":"product_tag-7kw-11kw-ocpp-fast-home-ev-charger","8":"product_tag-home-ev-charger-solutions","9":"product_tag-tuya-mobile-app-integrated","10":"product_tag-wifi-bluetooth-ev-charging-station","12":"first","13":"instock","14":"shipping-taxable","15":"product-type-simple"},"acf":[],"_links":{"self":[{"href":"https:\/\/www.iocharger.com\/pt\/wp-json\/wp\/v2\/product\/8086","targetHints":{"allow":["GET"]}}],"collection":[{"href":"https:\/\/www.iocharger.com\/pt\/wp-json\/wp\/v2\/product"}],"about":[{"href":"https:\/\/www.iocharger.com\/pt\/wp-json\/wp\/v2\/types\/product"}],"version-history":[{"count":2,"href":"https:\/\/www.iocharger.com\/pt\/wp-json\/wp\/v2\/product\/8086\/revisions"}],"predecessor-version":[{"id":9817,"href":"https:\/\/www.iocharger.com\/pt\/wp-json\/wp\/v2\/product\/8086\/revisions\/9817"}],"wp:featuredmedia":[{"embeddable":true,"href":"https:\/\/www.iocharger.com\/pt\/wp-json\/wp\/v2\/media\/3898"}],"wp:attachment":[{"href":"https:\/\/www.iocharger.com\/pt\/wp-json\/wp\/v2\/media?parent=8086"}],"wp:term":[{"taxonomy":"product_brand","embeddable":true,"href":"https:\/\/www.iocharger.com\/pt\/wp-json\/wp\/v2\/product_brand?post=8086"},{"taxonomy":"product_cat","embeddable":true,"href":"https:\/\/www.iocharger.com\/pt\/wp-json\/wp\/v2\/product_cat?post=8086"},{"taxonomy":"product_tag","embeddable":true,"href":"https:\/\/www.iocharger.com\/pt\/wp-json\/wp\/v2\/product_tag?post=8086"}],"curies":[{"name":"wp","href":"https:\/\/api.w.org\/{rel}","templated":true}]}}