{"id":7625,"date":"2025-08-19T14:54:39","date_gmt":"2025-08-19T06:54:39","guid":{"rendered":"https:\/\/www.iocharger.com\/?post_type=product&#038;p=7625"},"modified":"2026-03-16T06:27:31","modified_gmt":"2026-03-16T06:27:31","slug":"megawatt-charging-system-satellite-dc-ev-charger","status":"publish","type":"product","link":"https:\/\/www.iocharger.com\/pt\/megawatt-charging-system-satellite-dc-ev-charger\/","title":{"rendered":"Sistema de carregamento Megawatt Carregador DC EV sat\u00e9lite 480 kW 960 kW Carregamento de frotas"},"content":{"rendered":"<div data-elementor-type=\"product-post\" data-elementor-id=\"7625\" class=\"elementor elementor-7625\" data-elementor-post-type=\"product\">\n\t\t\t\t\t\t<section class=\"elementor-section elementor-top-section elementor-element elementor-element-83d7d0f elementor-section-boxed elementor-section-height-default elementor-section-height-default\" data-id=\"83d7d0f\" data-element_type=\"section\">\n\t\t\t\t\t\t<div class=\"elementor-container elementor-column-gap-default\">\n\t\t\t\t\t<div class=\"elementor-column elementor-col-50 elementor-top-column elementor-element elementor-element-7285334\" data-id=\"7285334\" data-element_type=\"column\">\n\t\t\t<div class=\"elementor-widget-wrap elementor-element-populated\">\n\t\t\t\t\t\t<div class=\"elementor-element elementor-element-7deac97 elementor-widget elementor-widget-text-editor\" data-id=\"7deac97\" data-element_type=\"widget\" data-widget_type=\"text-editor.default\">\n\t\t\t\t\t\t\t\t\t<p><strong>Carater\u00edsticas principais:<\/strong><\/p><ul><li>480kW at\u00e9 960kW<\/li><li>ISO15118 Plug&amp;Charge (PnC)<\/li><li>Suporte completo de perfis OCPP 1.6J e OCPP 2.0.1<\/li><li>Ecr\u00e3 t\u00e1til LCD de 7\u2019\u2019<\/li><li>M\u00e1x. 400A de carregamento r\u00e1pido com arrefecimento a ar<\/li><li>M\u00e1x. Carregamento r\u00e1pido de 600A com arrefecimento l\u00edquido<\/li><li>Suporte para balanceamento din\u00e2mico de carga e estrat\u00e9gia din\u00e2mica de pre\u00e7os<\/li><li>A recolha de dados por encripta\u00e7\u00e3o TLS garante uma elevada seguran\u00e7a dos dados<\/li><li>Sistema de gest\u00e3o de cabos opcional<\/li><li>Sistema de manuten\u00e7\u00e3o remota em linha<\/li><li>Atualiza\u00e7\u00e3o do firmware via OTA<\/li><\/ul>\t\t\t\t\t\t\t\t<\/div>\n\t\t\t\t\t<\/div>\n\t\t<\/div>\n\t\t\t\t<div class=\"elementor-column elementor-col-50 elementor-top-column elementor-element elementor-element-5e05a1e\" data-id=\"5e05a1e\" data-element_type=\"column\">\n\t\t\t<div class=\"elementor-widget-wrap elementor-element-populated\">\n\t\t\t\t\t\t<div class=\"elementor-element elementor-element-07a83f2 elementor-widget elementor-widget-image\" data-id=\"07a83f2\" data-element_type=\"widget\" data-widget_type=\"image.default\">\n\t\t\t\t\t\t\t\t\t\t\t\t\t\t\t<img fetchpriority=\"high\" decoding=\"async\" width=\"1000\" height=\"1000\" src=\"https:\/\/www.iocharger.com\/wp-content\/uploads\/2025\/08\/Satellite-EV-Charger-1.jpg\" class=\"attachment-full size-full wp-image-7770\" alt=\"Carregador de ve\u00edculos el\u00e9ctricos por sat\u00e9lite\" srcset=\"https:\/\/www.iocharger.com\/wp-content\/uploads\/2025\/08\/Satellite-EV-Charger-1.jpg 1000w, https:\/\/www.iocharger.com\/wp-content\/uploads\/2025\/08\/Satellite-EV-Charger-1-150x150.jpg 150w, https:\/\/www.iocharger.com\/wp-content\/uploads\/2025\/08\/Satellite-EV-Charger-1-660x660.jpg 660w, https:\/\/www.iocharger.com\/wp-content\/uploads\/2025\/08\/Satellite-EV-Charger-1-300x300.jpg 300w, https:\/\/www.iocharger.com\/wp-content\/uploads\/2025\/08\/Satellite-EV-Charger-1-768x768.jpg 768w, https:\/\/www.iocharger.com\/wp-content\/uploads\/2025\/08\/Satellite-EV-Charger-1-285x285.jpg 285w, https:\/\/www.iocharger.com\/wp-content\/uploads\/2025\/08\/Satellite-EV-Charger-1-270x270.jpg 270w, https:\/\/www.iocharger.com\/wp-content\/uploads\/2025\/08\/Satellite-EV-Charger-1-540x540.jpg 540w\" sizes=\"(max-width: 1000px) 100vw, 1000px\" \/>\t\t\t\t\t\t\t\t\t\t\t\t\t\t\t<\/div>\n\t\t\t\t\t<\/div>\n\t\t<\/div>\n\t\t\t\t\t<\/div>\n\t\t<\/section>\n\t\t\t\t<section class=\"elementor-section elementor-top-section elementor-element elementor-element-c44a971 elementor-section-boxed elementor-section-height-default elementor-section-height-default\" data-id=\"c44a971\" data-element_type=\"section\">\n\t\t\t\t\t\t<div class=\"elementor-container elementor-column-gap-default\">\n\t\t\t\t\t<div class=\"elementor-column elementor-col-50 elementor-top-column elementor-element elementor-element-c2d86ee\" data-id=\"c2d86ee\" data-element_type=\"column\">\n\t\t\t<div class=\"elementor-widget-wrap elementor-element-populated\">\n\t\t\t\t\t\t<div class=\"elementor-element elementor-element-4bf0f15 elementor-widget elementor-widget-image\" data-id=\"4bf0f15\" data-element_type=\"widget\" data-widget_type=\"image.default\">\n\t\t\t\t\t\t\t\t\t\t\t\t\t\t\t<img decoding=\"async\" width=\"1000\" height=\"1000\" src=\"https:\/\/www.iocharger.com\/wp-content\/uploads\/2025\/08\/22-1-1.jpg\" class=\"attachment-full size-full wp-image-7771\" alt=\"carregador dc ev sat\u00e9lite escal\u00e1vel\" srcset=\"https:\/\/www.iocharger.com\/wp-content\/uploads\/2025\/08\/22-1-1.jpg 1000w, https:\/\/www.iocharger.com\/wp-content\/uploads\/2025\/08\/22-1-1-150x150.jpg 150w, https:\/\/www.iocharger.com\/wp-content\/uploads\/2025\/08\/22-1-1-660x660.jpg 660w, https:\/\/www.iocharger.com\/wp-content\/uploads\/2025\/08\/22-1-1-300x300.jpg 300w, https:\/\/www.iocharger.com\/wp-content\/uploads\/2025\/08\/22-1-1-768x768.jpg 768w, https:\/\/www.iocharger.com\/wp-content\/uploads\/2025\/08\/22-1-1-285x285.jpg 285w, https:\/\/www.iocharger.com\/wp-content\/uploads\/2025\/08\/22-1-1-270x270.jpg 270w, https:\/\/www.iocharger.com\/wp-content\/uploads\/2025\/08\/22-1-1-540x540.jpg 540w\" sizes=\"(max-width: 1000px) 100vw, 1000px\" \/>\t\t\t\t\t\t\t\t\t\t\t\t\t\t\t<\/div>\n\t\t\t\t\t<\/div>\n\t\t<\/div>\n\t\t\t\t<div class=\"elementor-column elementor-col-50 elementor-top-column elementor-element elementor-element-b41e707\" data-id=\"b41e707\" data-element_type=\"column\">\n\t\t\t<div class=\"elementor-widget-wrap elementor-element-populated\">\n\t\t\t\t\t\t<div class=\"elementor-element elementor-element-366be1c elementor-widget elementor-widget-text-editor\" data-id=\"366be1c\" data-element_type=\"widget\" data-widget_type=\"text-editor.default\">\n\t\t\t\t\t\t\t\t\t<p><strong>Expans\u00e3o de energia escal\u00e1vel e flex\u00edvel<\/strong><\/p><p>O sistema de carregamento DC por sat\u00e9lite do iocharger foi concebido para uma escalabilidade perfeita e flexibilidade a longo prazo. Comece com uma \u00fanica unidade de alimenta\u00e7\u00e3o e expanda gradualmente, adicionando mais m\u00f3dulos de alimenta\u00e7\u00e3o antes de aumentar o n\u00famero de unidades. Cada unidade de alimenta\u00e7\u00e3o pode acomodar um n\u00famero vari\u00e1vel de m\u00f3dulos e distribuidores, adaptando-se \u00e0 evolu\u00e7\u00e3o das necessidades de carregamento. Ao reservar espa\u00e7o e cablagem durante a instala\u00e7\u00e3o inicial, as expans\u00f5es futuras podem ser conclu\u00eddas de forma r\u00e1pida, eficiente e com o m\u00ednimo de perturba\u00e7\u00f5es, assegurando que a sua infraestrutura de carregamento cresce sem esfor\u00e7o a par das suas necessidades.<\/p>\t\t\t\t\t\t\t\t<\/div>\n\t\t\t\t\t<\/div>\n\t\t<\/div>\n\t\t\t\t\t<\/div>\n\t\t<\/section>\n\t\t\t\t<section class=\"elementor-section elementor-top-section elementor-element elementor-element-7479d51 elementor-section-boxed elementor-section-height-default elementor-section-height-default\" data-id=\"7479d51\" data-element_type=\"section\">\n\t\t\t\t\t\t<div class=\"elementor-container elementor-column-gap-default\">\n\t\t\t\t\t<div class=\"elementor-column elementor-col-50 elementor-top-column elementor-element elementor-element-01b3914\" data-id=\"01b3914\" data-element_type=\"column\">\n\t\t\t<div class=\"elementor-widget-wrap elementor-element-populated\">\n\t\t\t\t\t\t<div class=\"elementor-element elementor-element-19e9715 elementor-widget elementor-widget-text-editor\" data-id=\"19e9715\" data-element_type=\"widget\" data-widget_type=\"text-editor.default\">\n\t\t\t\t\t\t\t\t\t<p><strong>Carregamento priorit\u00e1rio inteligente<\/strong><\/p><p>Maximize a efici\u00eancia do carregamento com o nosso avan\u00e7ado sistema de prioridades. Active o Boost Access para um carregamento de alta velocidade sempre que necess\u00e1rio. Os membros VIP t\u00eam sempre a prioridade m\u00e1xima, enquanto os utilizadores registados beneficiam de um servi\u00e7o mais r\u00e1pido do que os convidados. Mesmo os utilizadores principiantes t\u00eam garantida energia suficiente para completar o seu carregamento. Durante os per\u00edodos de elevada procura, o sistema equilibra de forma inteligente a distribui\u00e7\u00e3o de energia para garantir um funcionamento suave e fi\u00e1vel para todos os ve\u00edculos.<\/p>\t\t\t\t\t\t\t\t<\/div>\n\t\t\t\t\t<\/div>\n\t\t<\/div>\n\t\t\t\t<div class=\"elementor-column elementor-col-50 elementor-top-column elementor-element elementor-element-46f16ee\" data-id=\"46f16ee\" data-element_type=\"column\">\n\t\t\t<div class=\"elementor-widget-wrap elementor-element-populated\">\n\t\t\t\t\t\t<div class=\"elementor-element elementor-element-c00efcf elementor-widget elementor-widget-image\" data-id=\"c00efcf\" data-element_type=\"widget\" data-widget_type=\"image.default\">\n\t\t\t\t\t\t\t\t\t\t\t\t\t\t\t<img decoding=\"async\" width=\"1000\" height=\"1000\" src=\"https:\/\/www.iocharger.com\/wp-content\/uploads\/2025\/08\/33-1.jpg\" class=\"attachment-full size-full wp-image-7651\" alt=\"Carregador de ve\u00edculos el\u00e9ctricos por sat\u00e9lite com carregamento priorit\u00e1rio\" srcset=\"https:\/\/www.iocharger.com\/wp-content\/uploads\/2025\/08\/33-1.jpg 1000w, https:\/\/www.iocharger.com\/wp-content\/uploads\/2025\/08\/33-1-150x150.jpg 150w, https:\/\/www.iocharger.com\/wp-content\/uploads\/2025\/08\/33-1-660x660.jpg 660w, https:\/\/www.iocharger.com\/wp-content\/uploads\/2025\/08\/33-1-300x300.jpg 300w, https:\/\/www.iocharger.com\/wp-content\/uploads\/2025\/08\/33-1-768x768.jpg 768w, https:\/\/www.iocharger.com\/wp-content\/uploads\/2025\/08\/33-1-285x285.jpg 285w, https:\/\/www.iocharger.com\/wp-content\/uploads\/2025\/08\/33-1-270x270.jpg 270w, https:\/\/www.iocharger.com\/wp-content\/uploads\/2025\/08\/33-1-540x540.jpg 540w\" sizes=\"(max-width: 1000px) 100vw, 1000px\" \/>\t\t\t\t\t\t\t\t\t\t\t\t\t\t\t<\/div>\n\t\t\t\t\t<\/div>\n\t\t<\/div>\n\t\t\t\t\t<\/div>\n\t\t<\/section>\n\t\t\t\t<section class=\"elementor-section elementor-top-section elementor-element elementor-element-f676a35 elementor-section-boxed elementor-section-height-default elementor-section-height-default\" data-id=\"f676a35\" data-element_type=\"section\">\n\t\t\t\t\t\t<div class=\"elementor-container elementor-column-gap-default\">\n\t\t\t\t\t<div class=\"elementor-column elementor-col-50 elementor-top-column elementor-element elementor-element-95c2c8f\" data-id=\"95c2c8f\" data-element_type=\"column\">\n\t\t\t<div class=\"elementor-widget-wrap elementor-element-populated\">\n\t\t\t\t\t\t<div class=\"elementor-element elementor-element-fefd379 elementor-widget elementor-widget-image\" data-id=\"fefd379\" data-element_type=\"widget\" data-widget_type=\"image.default\">\n\t\t\t\t\t\t\t\t\t\t\t\t\t\t\t<img loading=\"lazy\" decoding=\"async\" width=\"1000\" height=\"1000\" src=\"https:\/\/www.iocharger.com\/wp-content\/uploads\/2025\/08\/44-1-1.jpg\" class=\"attachment-full size-full wp-image-7772\" alt=\"Carregamento seguro de ve\u00edculos el\u00e9ctricos por TLS\" srcset=\"https:\/\/www.iocharger.com\/wp-content\/uploads\/2025\/08\/44-1-1.jpg 1000w, https:\/\/www.iocharger.com\/wp-content\/uploads\/2025\/08\/44-1-1-150x150.jpg 150w, https:\/\/www.iocharger.com\/wp-content\/uploads\/2025\/08\/44-1-1-660x660.jpg 660w, https:\/\/www.iocharger.com\/wp-content\/uploads\/2025\/08\/44-1-1-300x300.jpg 300w, https:\/\/www.iocharger.com\/wp-content\/uploads\/2025\/08\/44-1-1-768x768.jpg 768w, https:\/\/www.iocharger.com\/wp-content\/uploads\/2025\/08\/44-1-1-285x285.jpg 285w, https:\/\/www.iocharger.com\/wp-content\/uploads\/2025\/08\/44-1-1-270x270.jpg 270w, https:\/\/www.iocharger.com\/wp-content\/uploads\/2025\/08\/44-1-1-540x540.jpg 540w\" sizes=\"(max-width: 1000px) 100vw, 1000px\" \/>\t\t\t\t\t\t\t\t\t\t\t\t\t\t\t<\/div>\n\t\t\t\t\t<\/div>\n\t\t<\/div>\n\t\t\t\t<div class=\"elementor-column elementor-col-50 elementor-top-column elementor-element elementor-element-7c15c6e\" data-id=\"7c15c6e\" data-element_type=\"column\">\n\t\t\t<div class=\"elementor-widget-wrap elementor-element-populated\">\n\t\t\t\t\t\t<div class=\"elementor-element elementor-element-e722b97 elementor-widget elementor-widget-text-editor\" data-id=\"e722b97\" data-element_type=\"widget\" data-widget_type=\"text-editor.default\">\n\t\t\t\t\t\t\t\t\t<p><strong>Comunica\u00e7\u00e3o encriptada segura (autentica\u00e7\u00e3o m\u00fatua TLS)<\/strong><\/p><p>O sistema utiliza uma comunica\u00e7\u00e3o totalmente encriptada baseada em TLS (Transport Layer Security), garantindo que todos os dados transmitidos est\u00e3o protegidos contra fugas e adultera\u00e7\u00f5es. Tamb\u00e9m suporta a autentica\u00e7\u00e3o m\u00fatua, verificando ambas as partes para garantir uma liga\u00e7\u00e3o segura e fi\u00e1vel de ponta a ponta.<\/p>\t\t\t\t\t\t\t\t<\/div>\n\t\t\t\t\t<\/div>\n\t\t<\/div>\n\t\t\t\t\t<\/div>\n\t\t<\/section>\n\t\t\t\t<section class=\"elementor-section elementor-top-section elementor-element elementor-element-9d6c3c7 elementor-section-boxed elementor-section-height-default elementor-section-height-default\" data-id=\"9d6c3c7\" data-element_type=\"section\">\n\t\t\t\t\t\t<div class=\"elementor-container elementor-column-gap-default\">\n\t\t\t\t\t<div class=\"elementor-column elementor-col-50 elementor-top-column elementor-element elementor-element-8c139e7\" data-id=\"8c139e7\" data-element_type=\"column\">\n\t\t\t<div class=\"elementor-widget-wrap elementor-element-populated\">\n\t\t\t\t\t\t<div class=\"elementor-element elementor-element-ca6a65b elementor-widget elementor-widget-text-editor\" data-id=\"ca6a65b\" data-element_type=\"widget\" data-widget_type=\"text-editor.default\">\n\t\t\t\t\t\t\t\t\t<p><strong>Energia inteligente e sustent\u00e1vel na ponta dos dedos<\/strong><\/p><p>Aproveite a energia solar e das baterias para um fornecimento de energia limpo e fi\u00e1vel. O nosso sistema inteligente de gest\u00e3o de energia optimiza a efici\u00eancia, suporta pre\u00e7os din\u00e2micos e armazena energia para picos de procura. Com op\u00e7\u00f5es de expans\u00e3o flex\u00edveis, incluindo ESS e m\u00f3dulos solares - a sua infraestrutura de carregamento pode ser dimensionada sem problemas para satisfazer as necessidades em evolu\u00e7\u00e3o, mantendo os dispositivos a funcionar sem problemas e reduzindo os custos e o impacto ambiental.<\/p>\t\t\t\t\t\t\t\t<\/div>\n\t\t\t\t\t<\/div>\n\t\t<\/div>\n\t\t\t\t<div class=\"elementor-column elementor-col-50 elementor-top-column elementor-element elementor-element-742b726\" data-id=\"742b726\" data-element_type=\"column\">\n\t\t\t<div class=\"elementor-widget-wrap elementor-element-populated\">\n\t\t\t\t\t\t<div class=\"elementor-element elementor-element-ccce38e elementor-widget elementor-widget-image\" data-id=\"ccce38e\" data-element_type=\"widget\" data-widget_type=\"image.default\">\n\t\t\t\t\t\t\t\t\t\t\t\t\t\t\t<img loading=\"lazy\" decoding=\"async\" width=\"1000\" height=\"1000\" src=\"https:\/\/www.iocharger.com\/wp-content\/uploads\/2025\/08\/55-1-1.jpg\" class=\"attachment-full size-full wp-image-7773\" alt=\"pre\u00e7o din\u00e2mico Carregador de ve\u00edculos el\u00e9ctricos via sat\u00e9lite\" srcset=\"https:\/\/www.iocharger.com\/wp-content\/uploads\/2025\/08\/55-1-1.jpg 1000w, https:\/\/www.iocharger.com\/wp-content\/uploads\/2025\/08\/55-1-1-150x150.jpg 150w, https:\/\/www.iocharger.com\/wp-content\/uploads\/2025\/08\/55-1-1-660x660.jpg 660w, https:\/\/www.iocharger.com\/wp-content\/uploads\/2025\/08\/55-1-1-300x300.jpg 300w, https:\/\/www.iocharger.com\/wp-content\/uploads\/2025\/08\/55-1-1-768x768.jpg 768w, https:\/\/www.iocharger.com\/wp-content\/uploads\/2025\/08\/55-1-1-285x285.jpg 285w, https:\/\/www.iocharger.com\/wp-content\/uploads\/2025\/08\/55-1-1-270x270.jpg 270w, https:\/\/www.iocharger.com\/wp-content\/uploads\/2025\/08\/55-1-1-540x540.jpg 540w\" sizes=\"(max-width: 1000px) 100vw, 1000px\" \/>\t\t\t\t\t\t\t\t\t\t\t\t\t\t\t<\/div>\n\t\t\t\t\t<\/div>\n\t\t<\/div>\n\t\t\t\t\t<\/div>\n\t\t<\/section>\n\t\t\t\t<\/div>","protected":false},"excerpt":{"rendered":"<p>O carregador de ve\u00edculos el\u00e9ctricos por sat\u00e9lite DC e o sistema de carregamento Iocharger foram concebidos para autocarros e frotas comerciais, proporcionando um carregamento r\u00e1pido e fi\u00e1vel para v\u00e1rios ve\u00edculos em simult\u00e2neo. Com uma expans\u00e3o flex\u00edvel e uma gest\u00e3o inteligente da energia, o seu dep\u00f3sito permanece totalmente operacional, mantendo a sua frota em movimento com um tempo de inatividade m\u00ednimo.<\/p>\n<ul>\n<li>Classifica\u00e7\u00e3o de entrada: 400V\u00b115% AC trif\u00e1sico<\/li>\n<li>Pot\u00eancia m\u00e1xima de sa\u00edda DC: 480kW, 960kW<\/li>\n<li>Gama de tens\u00e3o DC de sa\u00edda: 150-1000V DC<\/li>\n<li>Ecr\u00e3: Ecr\u00e3 t\u00e1til LCD de 7\u2019\u2019<\/li>\n<li>Interface de rede: Ethernet\/liga\u00e7\u00e3o \u00e0 Internet inteligente 4G<\/li>\n<li>OCPP: suporte completo de perfis OCPP 1.6J\/ OCPP 2.0.1<\/li>\n<li>ISO15118 Plug&amp;Charge: suporte<\/li>\n<li>Prote\u00e7\u00e3o contra a entrada: IP55<\/li>\n<li>N\u00famero de sa\u00eddas (m\u00e1x.): 6<\/li>\n<li>Interface de carregamento: CCS2, CCS1, CHAdeMO, GB\/T<\/li>\n<li>Tipo de montagem: Ch\u00e3o<\/li>\n<li>Dimens\u00e3o: 1029*985*1937mm (480kW), 2058*985*1937mm (960kW)<\/li>\n<\/ul>","protected":false},"featured_media":7768,"template":"","meta":{"_acf_changed":false},"product_brand":[],"product_cat":[79],"product_tag":[82,83,84],"class_list":{"0":"post-7625","1":"product","2":"type-product","3":"status-publish","4":"has-post-thumbnail","6":"product_cat-dc-fast-charger","7":"product_tag-120kw-public-fast-ev-charger","8":"product_tag-90kw-120kw-dc-fast-charger","9":"product_tag-ocpp-ev-dc-fast-charging-station","11":"first","12":"instock","13":"featured","14":"shipping-taxable","15":"product-type-simple"},"acf":[],"_links":{"self":[{"href":"https:\/\/www.iocharger.com\/pt\/wp-json\/wp\/v2\/product\/7625","targetHints":{"allow":["GET"]}}],"collection":[{"href":"https:\/\/www.iocharger.com\/pt\/wp-json\/wp\/v2\/product"}],"about":[{"href":"https:\/\/www.iocharger.com\/pt\/wp-json\/wp\/v2\/types\/product"}],"version-history":[{"count":0,"href":"https:\/\/www.iocharger.com\/pt\/wp-json\/wp\/v2\/product\/7625\/revisions"}],"wp:featuredmedia":[{"embeddable":true,"href":"https:\/\/www.iocharger.com\/pt\/wp-json\/wp\/v2\/media\/7768"}],"wp:attachment":[{"href":"https:\/\/www.iocharger.com\/pt\/wp-json\/wp\/v2\/media?parent=7625"}],"wp:term":[{"taxonomy":"product_brand","embeddable":true,"href":"https:\/\/www.iocharger.com\/pt\/wp-json\/wp\/v2\/product_brand?post=7625"},{"taxonomy":"product_cat","embeddable":true,"href":"https:\/\/www.iocharger.com\/pt\/wp-json\/wp\/v2\/product_cat?post=7625"},{"taxonomy":"product_tag","embeddable":true,"href":"https:\/\/www.iocharger.com\/pt\/wp-json\/wp\/v2\/product_tag?post=7625"}],"curies":[{"name":"wp","href":"https:\/\/api.w.org\/{rel}","templated":true}]}}