{"id":7242,"date":"2025-06-04T14:42:08","date_gmt":"2025-06-04T06:42:08","guid":{"rendered":"https:\/\/www.iocharger.com\/?post_type=product&#038;p=7242"},"modified":"2026-04-09T09:12:54","modified_gmt":"2026-04-09T09:12:54","slug":"public-dual-ac-wallbox-2x22kw","status":"publish","type":"product","link":"https:\/\/www.iocharger.com\/pt\/public-dual-ac-wallbox-2x22kw\/","title":{"rendered":"Carregador p\u00fablico duplo AC de parede 2x22 kW ISO15118 Plug&amp;Charge OCPP1.6J e 2.0.1 compat\u00edvel"},"content":{"rendered":"<div data-elementor-type=\"product-post\" data-elementor-id=\"7242\" class=\"elementor elementor-7242\" data-elementor-post-type=\"product\">\n\t\t\t\t\t\t<section class=\"elementor-section elementor-top-section elementor-element elementor-element-a293c89 elementor-section-boxed elementor-section-height-default elementor-section-height-default\" data-id=\"a293c89\" data-element_type=\"section\">\n\t\t\t\t\t\t<div class=\"elementor-container elementor-column-gap-default\">\n\t\t\t\t\t<div class=\"elementor-column elementor-col-100 elementor-top-column elementor-element elementor-element-186a873\" data-id=\"186a873\" data-element_type=\"column\">\n\t\t\t<div class=\"elementor-widget-wrap elementor-element-populated\">\n\t\t\t\t\t\t<div class=\"elementor-element elementor-element-bc78920 elementor-widget elementor-widget-text-editor\" data-id=\"bc78920\" data-element_type=\"widget\" data-widget_type=\"text-editor.default\">\n\t\t\t\t\t\t\t\t\t<p>IOCAW31 is a reliable, public dual-port AC wallbox designed for commercial environments, including parking lots, fleets, and workplaces. Each connector delivers up to 22kW simultaneously, making it a great fit for high-traffic areas where efficiency matters. The compact wall-mount design reduces installation complexity and infrastructure costs. It is fully compliant with OCPP 1.6J and 2.0.1, allowing it to seamlessly integrate with any third-party OCPP platform for intelligent management and remote operation.<\/p>\t\t\t\t\t\t\t\t<\/div>\n\t\t\t\t\t<\/div>\n\t\t<\/div>\n\t\t\t\t\t<\/div>\n\t\t<\/section>\n\t\t\t\t<section class=\"elementor-section elementor-top-section elementor-element elementor-element-942e1ab elementor-section-boxed elementor-section-height-default elementor-section-height-default\" data-id=\"942e1ab\" data-element_type=\"section\">\n\t\t\t\t\t\t<div class=\"elementor-container elementor-column-gap-default\">\n\t\t\t\t\t<div class=\"elementor-column elementor-col-50 elementor-top-column elementor-element elementor-element-c9112d8\" data-id=\"c9112d8\" data-element_type=\"column\">\n\t\t\t<div class=\"elementor-widget-wrap elementor-element-populated\">\n\t\t\t\t\t\t<div class=\"elementor-element elementor-element-d159d11 elementor-widget elementor-widget-text-editor\" data-id=\"d159d11\" data-element_type=\"widget\" data-widget_type=\"text-editor.default\">\n\t\t\t\t\t\t\t\t\t<h3><strong><b>Main<\/b><\/strong> features\uff1a<\/h3><ul><li>Compat\u00edvel com todos os VEs e redes el\u00e9ctricas<\/li><li>Dual port design<\/li><li>2 x Medidor MID<\/li><li>Configura\u00e7\u00e3o flex\u00edvel da corrente de sa\u00edda \/ pot\u00eancia<\/li><li>Suporte inteligente de balanceamento de carga din\u00e2mica<\/li><li>Autentica\u00e7\u00e3o do utilizador atrav\u00e9s de RFID ou aplica\u00e7\u00e3o m\u00f3vel<\/li><li>Portal Web de f\u00e1cil utiliza\u00e7\u00e3o para configura\u00e7\u00e3o do carregador<\/li><li>Controlo e monitoriza\u00e7\u00e3o \u00e0 dist\u00e2ncia<\/li><li>Type-A &amp; 6mA DC current leakage protection<\/li><\/ul>\t\t\t\t\t\t\t\t<\/div>\n\t\t\t\t\t<\/div>\n\t\t<\/div>\n\t\t\t\t<div class=\"elementor-column elementor-col-50 elementor-top-column elementor-element elementor-element-8b79c92\" data-id=\"8b79c92\" data-element_type=\"column\">\n\t\t\t<div class=\"elementor-widget-wrap elementor-element-populated\">\n\t\t\t\t\t\t<div class=\"elementor-element elementor-element-5257be1 elementor-widget elementor-widget-image\" data-id=\"5257be1\" data-element_type=\"widget\" data-widget_type=\"image.default\">\n\t\t\t\t\t\t\t\t\t\t\t\t\t\t\t<img fetchpriority=\"high\" decoding=\"async\" width=\"1000\" height=\"1000\" src=\"https:\/\/www.iocharger.com\/wp-content\/uploads\/2025\/06\/dual-ac-charger.webp\" class=\"attachment-full size-full wp-image-9782\" alt=\"dual ac charger\" srcset=\"https:\/\/www.iocharger.com\/wp-content\/uploads\/2025\/06\/dual-ac-charger.webp 1000w, https:\/\/www.iocharger.com\/wp-content\/uploads\/2025\/06\/dual-ac-charger-300x300.webp 300w, https:\/\/www.iocharger.com\/wp-content\/uploads\/2025\/06\/dual-ac-charger-150x150.webp 150w, https:\/\/www.iocharger.com\/wp-content\/uploads\/2025\/06\/dual-ac-charger-768x768.webp 768w, https:\/\/www.iocharger.com\/wp-content\/uploads\/2025\/06\/dual-ac-charger-12x12.webp 12w, https:\/\/www.iocharger.com\/wp-content\/uploads\/2025\/06\/dual-ac-charger-285x285.webp 285w, https:\/\/www.iocharger.com\/wp-content\/uploads\/2025\/06\/dual-ac-charger-270x270.webp 270w, https:\/\/www.iocharger.com\/wp-content\/uploads\/2025\/06\/dual-ac-charger-540x540.webp 540w, https:\/\/www.iocharger.com\/wp-content\/uploads\/2025\/06\/dual-ac-charger-660x660.webp 660w\" sizes=\"(max-width: 1000px) 100vw, 1000px\" \/>\t\t\t\t\t\t\t\t\t\t\t\t\t\t\t<\/div>\n\t\t\t\t\t<\/div>\n\t\t<\/div>\n\t\t\t\t\t<\/div>\n\t\t<\/section>\n\t\t\t\t<section class=\"elementor-section elementor-top-section elementor-element elementor-element-9603aec elementor-section-boxed elementor-section-height-default elementor-section-height-default\" data-id=\"9603aec\" data-element_type=\"section\">\n\t\t\t\t\t\t<div class=\"elementor-container elementor-column-gap-default\">\n\t\t\t\t\t<div class=\"elementor-column elementor-col-50 elementor-top-column elementor-element elementor-element-eee12a2\" data-id=\"eee12a2\" data-element_type=\"column\">\n\t\t\t<div class=\"elementor-widget-wrap elementor-element-populated\">\n\t\t\t\t\t\t<div class=\"elementor-element elementor-element-6a87b62 elementor-widget elementor-widget-image\" data-id=\"6a87b62\" data-element_type=\"widget\" data-widget_type=\"image.default\">\n\t\t\t\t\t\t\t\t\t\t\t\t\t\t\t<img decoding=\"async\" width=\"1000\" height=\"1000\" src=\"https:\/\/www.iocharger.com\/wp-content\/uploads\/2025\/06\/ac-wallbox-dual-ports.webp\" class=\"attachment-full size-full wp-image-9783\" alt=\"ac wallbox dual ports\" srcset=\"https:\/\/www.iocharger.com\/wp-content\/uploads\/2025\/06\/ac-wallbox-dual-ports.webp 1000w, https:\/\/www.iocharger.com\/wp-content\/uploads\/2025\/06\/ac-wallbox-dual-ports-300x300.webp 300w, https:\/\/www.iocharger.com\/wp-content\/uploads\/2025\/06\/ac-wallbox-dual-ports-150x150.webp 150w, https:\/\/www.iocharger.com\/wp-content\/uploads\/2025\/06\/ac-wallbox-dual-ports-768x768.webp 768w, https:\/\/www.iocharger.com\/wp-content\/uploads\/2025\/06\/ac-wallbox-dual-ports-12x12.webp 12w, https:\/\/www.iocharger.com\/wp-content\/uploads\/2025\/06\/ac-wallbox-dual-ports-285x285.webp 285w, https:\/\/www.iocharger.com\/wp-content\/uploads\/2025\/06\/ac-wallbox-dual-ports-270x270.webp 270w, https:\/\/www.iocharger.com\/wp-content\/uploads\/2025\/06\/ac-wallbox-dual-ports-540x540.webp 540w, https:\/\/www.iocharger.com\/wp-content\/uploads\/2025\/06\/ac-wallbox-dual-ports-660x660.webp 660w\" sizes=\"(max-width: 1000px) 100vw, 1000px\" \/>\t\t\t\t\t\t\t\t\t\t\t\t\t\t\t<\/div>\n\t\t\t\t\t<\/div>\n\t\t<\/div>\n\t\t\t\t<div class=\"elementor-column elementor-col-50 elementor-top-column elementor-element elementor-element-5b864db\" data-id=\"5b864db\" data-element_type=\"column\">\n\t\t\t<div class=\"elementor-widget-wrap elementor-element-populated\">\n\t\t\t\t\t\t<div class=\"elementor-element elementor-element-4788f4e elementor-widget elementor-widget-text-editor\" data-id=\"4788f4e\" data-element_type=\"widget\" data-widget_type=\"text-editor.default\">\n\t\t\t\t\t\t\t\t\t<h3><strong><b>Ideal for High Utilization Sites<\/b><\/strong><\/h3><p class=\"\">IOCAW31 is designed for areas with limited grid capacity and high EV traffic, like fleet depots, apartment buildings, and workplaces. The dual-port AC Wallbox maximizes energy delivery per square meter while minimizing infrastructure upgrades. Crafted with a robust 304 stainless steel enclosure, it offers superior weather resistance and anti-vandal protection, ensuring long-lasting durability and minimal maintenance, making it ideal for public and semi-public settings.<\/p>\t\t\t\t\t\t\t\t<\/div>\n\t\t\t\t\t<\/div>\n\t\t<\/div>\n\t\t\t\t\t<\/div>\n\t\t<\/section>\n\t\t\t\t<section class=\"elementor-section elementor-top-section elementor-element elementor-element-67a4712 elementor-section-boxed elementor-section-height-default elementor-section-height-default\" data-id=\"67a4712\" data-element_type=\"section\">\n\t\t\t\t\t\t<div class=\"elementor-container elementor-column-gap-default\">\n\t\t\t\t\t<div class=\"elementor-column elementor-col-50 elementor-top-column elementor-element elementor-element-351a9a2\" data-id=\"351a9a2\" data-element_type=\"column\">\n\t\t\t<div class=\"elementor-widget-wrap elementor-element-populated\">\n\t\t\t\t\t\t<div class=\"elementor-element elementor-element-7ee3b45 elementor-widget elementor-widget-text-editor\" data-id=\"7ee3b45\" data-element_type=\"widget\" data-widget_type=\"text-editor.default\">\n\t\t\t\t\t\t\t\t\t<h3><strong>Interactive Display &amp; Smart Billing<\/strong><\/h3><p>The 7-inch LCD screen provides clear, real-time visuals of charging status, QR code prompts, and key session details. An optional touchscreen upgrade delivers a more intuitive, interactive experience, ideal for busy commercial environments.<br \/>With Tariff and Cost Display support, IOCAW31 enables intelligent charging management. Set dynamic rates by time, user, or location; launch promotions; and automate billing via OCPP or third-party payment platforms. Maximize uptime, attract more users, and turn every kilowatt into revenue.<\/p>\t\t\t\t\t\t\t\t<\/div>\n\t\t\t\t\t<\/div>\n\t\t<\/div>\n\t\t\t\t<div class=\"elementor-column elementor-col-50 elementor-top-column elementor-element elementor-element-0935c28\" data-id=\"0935c28\" data-element_type=\"column\">\n\t\t\t<div class=\"elementor-widget-wrap elementor-element-populated\">\n\t\t\t\t\t\t<div class=\"elementor-element elementor-element-c396476 elementor-widget elementor-widget-image\" data-id=\"c396476\" data-element_type=\"widget\" data-widget_type=\"image.default\">\n\t\t\t\t\t\t\t\t\t\t\t\t\t\t\t<img decoding=\"async\" width=\"1000\" height=\"1000\" src=\"https:\/\/www.iocharger.com\/wp-content\/uploads\/2025\/06\/dual-ac-wallbox-touch-display.jpg\" class=\"attachment-full size-full wp-image-9784\" alt=\"dual ac wallbox touch display\" srcset=\"https:\/\/www.iocharger.com\/wp-content\/uploads\/2025\/06\/dual-ac-wallbox-touch-display.jpg 1000w, https:\/\/www.iocharger.com\/wp-content\/uploads\/2025\/06\/dual-ac-wallbox-touch-display-300x300.jpg 300w, https:\/\/www.iocharger.com\/wp-content\/uploads\/2025\/06\/dual-ac-wallbox-touch-display-150x150.jpg 150w, https:\/\/www.iocharger.com\/wp-content\/uploads\/2025\/06\/dual-ac-wallbox-touch-display-768x768.jpg 768w, https:\/\/www.iocharger.com\/wp-content\/uploads\/2025\/06\/dual-ac-wallbox-touch-display-12x12.jpg 12w, https:\/\/www.iocharger.com\/wp-content\/uploads\/2025\/06\/dual-ac-wallbox-touch-display-285x285.jpg 285w, https:\/\/www.iocharger.com\/wp-content\/uploads\/2025\/06\/dual-ac-wallbox-touch-display-270x270.jpg 270w, https:\/\/www.iocharger.com\/wp-content\/uploads\/2025\/06\/dual-ac-wallbox-touch-display-540x540.jpg 540w, https:\/\/www.iocharger.com\/wp-content\/uploads\/2025\/06\/dual-ac-wallbox-touch-display-660x660.jpg 660w\" sizes=\"(max-width: 1000px) 100vw, 1000px\" \/>\t\t\t\t\t\t\t\t\t\t\t\t\t\t\t<\/div>\n\t\t\t\t\t<\/div>\n\t\t<\/div>\n\t\t\t\t\t<\/div>\n\t\t<\/section>\n\t\t\t\t<section class=\"elementor-section elementor-top-section elementor-element elementor-element-58c5698 elementor-section-boxed elementor-section-height-default elementor-section-height-default\" data-id=\"58c5698\" data-element_type=\"section\">\n\t\t\t\t\t\t<div class=\"elementor-container elementor-column-gap-default\">\n\t\t\t\t\t<div class=\"elementor-column elementor-col-50 elementor-top-column elementor-element elementor-element-645d292\" data-id=\"645d292\" data-element_type=\"column\">\n\t\t\t<div class=\"elementor-widget-wrap elementor-element-populated\">\n\t\t\t\t\t\t<div class=\"elementor-element elementor-element-c4775bf elementor-widget elementor-widget-image\" data-id=\"c4775bf\" data-element_type=\"widget\" data-widget_type=\"image.default\">\n\t\t\t\t\t\t\t\t\t\t\t\t\t\t\t<img loading=\"lazy\" decoding=\"async\" width=\"1000\" height=\"1000\" src=\"https:\/\/www.iocharger.com\/wp-content\/uploads\/2025\/06\/dual-ac-charger-post-payment.webp\" class=\"attachment-full size-full wp-image-9785\" alt=\"\" srcset=\"https:\/\/www.iocharger.com\/wp-content\/uploads\/2025\/06\/dual-ac-charger-post-payment.webp 1000w, https:\/\/www.iocharger.com\/wp-content\/uploads\/2025\/06\/dual-ac-charger-post-payment-300x300.webp 300w, https:\/\/www.iocharger.com\/wp-content\/uploads\/2025\/06\/dual-ac-charger-post-payment-150x150.webp 150w, https:\/\/www.iocharger.com\/wp-content\/uploads\/2025\/06\/dual-ac-charger-post-payment-768x768.webp 768w, https:\/\/www.iocharger.com\/wp-content\/uploads\/2025\/06\/dual-ac-charger-post-payment-12x12.webp 12w, https:\/\/www.iocharger.com\/wp-content\/uploads\/2025\/06\/dual-ac-charger-post-payment-285x285.webp 285w, https:\/\/www.iocharger.com\/wp-content\/uploads\/2025\/06\/dual-ac-charger-post-payment-270x270.webp 270w, https:\/\/www.iocharger.com\/wp-content\/uploads\/2025\/06\/dual-ac-charger-post-payment-540x540.webp 540w, https:\/\/www.iocharger.com\/wp-content\/uploads\/2025\/06\/dual-ac-charger-post-payment-660x660.webp 660w\" sizes=\"(max-width: 1000px) 100vw, 1000px\" \/>\t\t\t\t\t\t\t\t\t\t\t\t\t\t\t<\/div>\n\t\t\t\t\t<\/div>\n\t\t<\/div>\n\t\t\t\t<div class=\"elementor-column elementor-col-50 elementor-top-column elementor-element elementor-element-49aa57d\" data-id=\"49aa57d\" data-element_type=\"column\">\n\t\t\t<div class=\"elementor-widget-wrap elementor-element-populated\">\n\t\t\t\t\t\t<div class=\"elementor-element elementor-element-4c21c78 elementor-widget elementor-widget-text-editor\" data-id=\"4c21c78\" data-element_type=\"widget\" data-widget_type=\"text-editor.default\">\n\t\t\t\t\t\t\t\t\t<h3>Op\u00e7\u00f5es de pagamento flex\u00edveis e seguras<strong><b><br \/><\/b><\/strong><\/h3><p>IOCAW31 supports a wide range of payment methods to suit diverse user preferences. From RFID card and mobile app online\u00a0payments to POS terminal integration\u00a0like Nayax and Payter Apollo, it ensures every charging session is fast, convenient, and hassle-free. Designed for both public and semi-public charging environments,\u00a0it\u00a0delivers a seamless, secure payment experience that boosts user confidence and satisfaction.<\/p>\t\t\t\t\t\t\t\t<\/div>\n\t\t\t\t\t<\/div>\n\t\t<\/div>\n\t\t\t\t\t<\/div>\n\t\t<\/section>\n\t\t\t\t<section class=\"elementor-section elementor-top-section elementor-element elementor-element-68596d1 elementor-section-boxed elementor-section-height-default elementor-section-height-default\" data-id=\"68596d1\" data-element_type=\"section\">\n\t\t\t\t\t\t<div class=\"elementor-container elementor-column-gap-default\">\n\t\t\t\t\t<div class=\"elementor-column elementor-col-50 elementor-top-column elementor-element elementor-element-ffdab4a\" data-id=\"ffdab4a\" data-element_type=\"column\">\n\t\t\t<div class=\"elementor-widget-wrap elementor-element-populated\">\n\t\t\t\t\t\t<div class=\"elementor-element elementor-element-4e9f21b elementor-widget elementor-widget-text-editor\" data-id=\"4e9f21b\" data-element_type=\"widget\" data-widget_type=\"text-editor.default\">\n\t\t\t\t\t\t\t\t\t<h3>Comprehensive OCPP 1.6J &amp; 2.0.1 Compatibility<\/h3><p>IOCAW31 supports OCPP 1.6J &amp; 2.0.1 full profiles, allowing seamless integration with any third-party standard OCPP platform. It enables remote configuration, user management, fault diagnostics, and real-time monitoring, streamlining operations and simplifying maintenance for enhanced efficiency.<\/p>\t\t\t\t\t\t\t\t<\/div>\n\t\t\t\t\t<\/div>\n\t\t<\/div>\n\t\t\t\t<div class=\"elementor-column elementor-col-50 elementor-top-column elementor-element elementor-element-a3a7422\" data-id=\"a3a7422\" data-element_type=\"column\">\n\t\t\t<div class=\"elementor-widget-wrap elementor-element-populated\">\n\t\t\t\t\t\t<div class=\"elementor-element elementor-element-000009d elementor-widget elementor-widget-image\" data-id=\"000009d\" data-element_type=\"widget\" data-widget_type=\"image.default\">\n\t\t\t\t\t\t\t\t\t\t\t\t\t\t\t<img loading=\"lazy\" decoding=\"async\" width=\"1000\" height=\"1000\" src=\"https:\/\/www.iocharger.com\/wp-content\/uploads\/2025\/06\/ocpp-dual-ac-wallbox-iso15118.webp\" class=\"attachment-full size-full wp-image-9786\" alt=\"ocpp dual ac wallbox iso15118\" srcset=\"https:\/\/www.iocharger.com\/wp-content\/uploads\/2025\/06\/ocpp-dual-ac-wallbox-iso15118.webp 1000w, https:\/\/www.iocharger.com\/wp-content\/uploads\/2025\/06\/ocpp-dual-ac-wallbox-iso15118-300x300.webp 300w, https:\/\/www.iocharger.com\/wp-content\/uploads\/2025\/06\/ocpp-dual-ac-wallbox-iso15118-150x150.webp 150w, https:\/\/www.iocharger.com\/wp-content\/uploads\/2025\/06\/ocpp-dual-ac-wallbox-iso15118-768x768.webp 768w, https:\/\/www.iocharger.com\/wp-content\/uploads\/2025\/06\/ocpp-dual-ac-wallbox-iso15118-12x12.webp 12w, https:\/\/www.iocharger.com\/wp-content\/uploads\/2025\/06\/ocpp-dual-ac-wallbox-iso15118-285x285.webp 285w, https:\/\/www.iocharger.com\/wp-content\/uploads\/2025\/06\/ocpp-dual-ac-wallbox-iso15118-270x270.webp 270w, https:\/\/www.iocharger.com\/wp-content\/uploads\/2025\/06\/ocpp-dual-ac-wallbox-iso15118-540x540.webp 540w, https:\/\/www.iocharger.com\/wp-content\/uploads\/2025\/06\/ocpp-dual-ac-wallbox-iso15118-660x660.webp 660w\" sizes=\"(max-width: 1000px) 100vw, 1000px\" \/>\t\t\t\t\t\t\t\t\t\t\t\t\t\t\t<\/div>\n\t\t\t\t\t<\/div>\n\t\t<\/div>\n\t\t\t\t\t<\/div>\n\t\t<\/section>\n\t\t\t\t<section class=\"elementor-section elementor-top-section elementor-element elementor-element-eecce5d elementor-section-boxed elementor-section-height-default elementor-section-height-default\" data-id=\"eecce5d\" data-element_type=\"section\">\n\t\t\t\t\t\t<div class=\"elementor-container elementor-column-gap-default\">\n\t\t\t\t\t<div class=\"elementor-column elementor-col-50 elementor-top-column elementor-element elementor-element-9801f75\" data-id=\"9801f75\" data-element_type=\"column\">\n\t\t\t<div class=\"elementor-widget-wrap elementor-element-populated\">\n\t\t\t\t\t\t<div class=\"elementor-element elementor-element-6ad4643 elementor-widget elementor-widget-image\" data-id=\"6ad4643\" data-element_type=\"widget\" data-widget_type=\"image.default\">\n\t\t\t\t\t\t\t\t\t\t\t\t\t\t\t<img loading=\"lazy\" decoding=\"async\" width=\"1000\" height=\"1000\" src=\"https:\/\/www.iocharger.com\/wp-content\/uploads\/2025\/06\/solar-dual-ac-wallbox-charger.webp\" class=\"attachment-full size-full wp-image-9787\" alt=\"solar dual ac wallbox charger\" srcset=\"https:\/\/www.iocharger.com\/wp-content\/uploads\/2025\/06\/solar-dual-ac-wallbox-charger.webp 1000w, https:\/\/www.iocharger.com\/wp-content\/uploads\/2025\/06\/solar-dual-ac-wallbox-charger-300x300.webp 300w, https:\/\/www.iocharger.com\/wp-content\/uploads\/2025\/06\/solar-dual-ac-wallbox-charger-150x150.webp 150w, https:\/\/www.iocharger.com\/wp-content\/uploads\/2025\/06\/solar-dual-ac-wallbox-charger-768x768.webp 768w, https:\/\/www.iocharger.com\/wp-content\/uploads\/2025\/06\/solar-dual-ac-wallbox-charger-12x12.webp 12w, https:\/\/www.iocharger.com\/wp-content\/uploads\/2025\/06\/solar-dual-ac-wallbox-charger-285x285.webp 285w, https:\/\/www.iocharger.com\/wp-content\/uploads\/2025\/06\/solar-dual-ac-wallbox-charger-270x270.webp 270w, https:\/\/www.iocharger.com\/wp-content\/uploads\/2025\/06\/solar-dual-ac-wallbox-charger-540x540.webp 540w, https:\/\/www.iocharger.com\/wp-content\/uploads\/2025\/06\/solar-dual-ac-wallbox-charger-660x660.webp 660w\" sizes=\"(max-width: 1000px) 100vw, 1000px\" \/>\t\t\t\t\t\t\t\t\t\t\t\t\t\t\t<\/div>\n\t\t\t\t\t<\/div>\n\t\t<\/div>\n\t\t\t\t<div class=\"elementor-column elementor-col-50 elementor-top-column elementor-element elementor-element-7d0d631\" data-id=\"7d0d631\" data-element_type=\"column\">\n\t\t\t<div class=\"elementor-widget-wrap elementor-element-populated\">\n\t\t\t\t\t\t<div class=\"elementor-element elementor-element-bb1f515 elementor-widget elementor-widget-text-editor\" data-id=\"bb1f515\" data-element_type=\"widget\" data-widget_type=\"text-editor.default\">\n\t\t\t\t\t\t\t\t\t<h3>Dynamic Load Balancing for Optimal Energy Management<\/h3><p>Featuring advanced dynamic load balancing, the IOCAW31 automatically adjusts charging power according to grid capacity and real-time demand. It also integrates with smart energy sources such as solar and energy storage systems to prevent grid overload and equipment overcurrent. This maximizes energy utilization while ensuring reliable, efficient operation, ideal for fleet depots, residential complexes, and multi-charging point environments, delivering a sustainable and intelligent charging solution.<\/p>\t\t\t\t\t\t\t\t<\/div>\n\t\t\t\t\t<\/div>\n\t\t<\/div>\n\t\t\t\t\t<\/div>\n\t\t<\/section>\n\t\t\t\t<\/div>","protected":false},"excerpt":{"rendered":"<div class=\"pro_main_text clearfix\">\n<div class=\"pro_main_text clearfix\">\n<div class=\"pro_main_text clearfix\">\n<p>Dual-port design, ideal for commercial sites with high traffic and limited installation space.<\/p>\n<p>Model\uff1a IOCAW31<\/p>\n<ul>\n<li>Classifica\u00e7\u00e3o de entrada: 1-fase 230V\u00b120% ; 3-fase 400V\u00b120%<\/li>\n<li>Output Rating: 1-phase 7kW 32A ; 3-phase 22kW 32A<\/li>\n<li>Internal RCD: Type-A &amp; 6mA DC<\/li>\n<li>Display: 7\u201d LCD or 7\u2019\u2019 Touch screen optional<\/li>\n<li>Meter: MID meter<\/li>\n<li>Network Interface: Ethernet, WiFi, 4G, Bluetooth<\/li>\n<li>OCPP: Suporte completo para OCPP 1.6J\/ OCPP 2.0.1<\/li>\n<li>Plug&amp;Charge ISO15118: Atualiz\u00e1vel<\/li>\n<li>Prote\u00e7\u00e3o contra a entrada: IP55<\/li>\n<li>Interface de carregamento: Cabo SAE J1772 e Tipo-2\/ Tomada Tipo-2\/ Tomada T2S com obturador<\/li>\n<li>Tipo de montagem: Parede ou ch\u00e3o (pedestal fornecido separadamente)<\/li>\n<\/ul>\n<\/div>\n<\/div>\n<\/div>","protected":false},"featured_media":9775,"template":"","meta":{"_acf_changed":false},"product_brand":[],"product_cat":[61],"product_tag":[102,103,104],"class_list":{"0":"post-7242","1":"product","2":"type-product","3":"status-publish","4":"has-post-thumbnail","6":"product_cat-commercial-ev-charger","7":"product_tag-dual-22kw-wallbox","8":"product_tag-dual-ac-wallbox-2x22kw","9":"product_tag-public-dual-ac-wallbox","11":"first","12":"instock","13":"featured","14":"shipping-taxable","15":"product-type-simple"},"acf":[],"_links":{"self":[{"href":"https:\/\/www.iocharger.com\/pt\/wp-json\/wp\/v2\/product\/7242","targetHints":{"allow":["GET"]}}],"collection":[{"href":"https:\/\/www.iocharger.com\/pt\/wp-json\/wp\/v2\/product"}],"about":[{"href":"https:\/\/www.iocharger.com\/pt\/wp-json\/wp\/v2\/types\/product"}],"version-history":[{"count":5,"href":"https:\/\/www.iocharger.com\/pt\/wp-json\/wp\/v2\/product\/7242\/revisions"}],"predecessor-version":[{"id":9793,"href":"https:\/\/www.iocharger.com\/pt\/wp-json\/wp\/v2\/product\/7242\/revisions\/9793"}],"wp:featuredmedia":[{"embeddable":true,"href":"https:\/\/www.iocharger.com\/pt\/wp-json\/wp\/v2\/media\/9775"}],"wp:attachment":[{"href":"https:\/\/www.iocharger.com\/pt\/wp-json\/wp\/v2\/media?parent=7242"}],"wp:term":[{"taxonomy":"product_brand","embeddable":true,"href":"https:\/\/www.iocharger.com\/pt\/wp-json\/wp\/v2\/product_brand?post=7242"},{"taxonomy":"product_cat","embeddable":true,"href":"https:\/\/www.iocharger.com\/pt\/wp-json\/wp\/v2\/product_cat?post=7242"},{"taxonomy":"product_tag","embeddable":true,"href":"https:\/\/www.iocharger.com\/pt\/wp-json\/wp\/v2\/product_tag?post=7242"}],"curies":[{"name":"wp","href":"https:\/\/api.w.org\/{rel}","templated":true}]}}