{"id":4742,"date":"2024-01-18T17:41:29","date_gmt":"2024-01-18T09:41:29","guid":{"rendered":"https:\/\/www.iocharger.com\/?post_type=product&#038;p=4742"},"modified":"2026-03-31T14:17:41","modified_gmt":"2026-03-31T14:17:41","slug":"32a-40a-ul-etl-fcc-certified-home-ev-charger-for-us-market","status":"publish","type":"product","link":"https:\/\/www.iocharger.com\/pt\/32a-40a-ul-etl-fcc-certified-home-ev-charger-for-us-market\/","title":{"rendered":"Carregador dom\u00e9stico para ve\u00edculos el\u00e9tricos com certifica\u00e7\u00e3o UL ETL FCC 32A 40A para o mercado norte-americano"},"content":{"rendered":"<div data-elementor-type=\"product-post\" data-elementor-id=\"4742\" class=\"elementor elementor-4742\" data-elementor-post-type=\"product\">\n\t\t\t\t\t\t<section class=\"elementor-section elementor-top-section elementor-element elementor-element-6ecedc3 elementor-section-boxed elementor-section-height-default elementor-section-height-default\" data-id=\"6ecedc3\" data-element_type=\"section\">\n\t\t\t\t\t\t<div class=\"elementor-container elementor-column-gap-default\">\n\t\t\t\t\t<div class=\"elementor-column elementor-col-100 elementor-top-column elementor-element elementor-element-8cf0697\" data-id=\"8cf0697\" data-element_type=\"column\">\n\t\t\t<div class=\"elementor-widget-wrap elementor-element-populated\">\n\t\t\t\t\t\t<div class=\"elementor-element elementor-element-ccfadbb elementor-widget elementor-widget-text-editor\" data-id=\"ccfadbb\" data-element_type=\"widget\" data-widget_type=\"text-editor.default\">\n\t\t\t\t\t\t\t\t\t<p>O modelo IOCAH29, que se destina ao mercado norte-americano, \u00e9 um carregador para ve\u00edculos el\u00e9ctricos com certifica\u00e7\u00e3o ETL, FCC e Energy Star. Com o seu design mini \u00fanico e tecnologia avan\u00e7ada, \u00e9 um bom parceiro para o carregamento de ve\u00edculos el\u00e9ctricos em casa.<\/p>\t\t\t\t\t\t\t\t<\/div>\n\t\t\t\t\t<\/div>\n\t\t<\/div>\n\t\t\t\t\t<\/div>\n\t\t<\/section>\n\t\t\t\t<section class=\"elementor-section elementor-top-section elementor-element elementor-element-8ba103c elementor-section-boxed elementor-section-height-default elementor-section-height-default\" data-id=\"8ba103c\" data-element_type=\"section\">\n\t\t\t\t\t\t<div class=\"elementor-container elementor-column-gap-default\">\n\t\t\t\t\t<div class=\"elementor-column elementor-col-50 elementor-top-column elementor-element elementor-element-8b1e70c\" data-id=\"8b1e70c\" data-element_type=\"column\">\n\t\t\t<div class=\"elementor-widget-wrap elementor-element-populated\">\n\t\t\t\t\t\t<div class=\"elementor-element elementor-element-7eacbfc elementor-widget elementor-widget-text-editor\" data-id=\"7eacbfc\" data-element_type=\"widget\" data-widget_type=\"text-editor.default\">\n\t\t\t\t\t\t\t\t\t<p><strong><br \/>Carater\u00edsticas principais:<\/strong><\/p><ul><li>Vers\u00f5es at\u00e9 32A, 40A dispon\u00edveis<\/li><li>OCPP 1.6J, OCPP 2.0.1 Totalmente suportado<\/li><li>O balanceamento din\u00e2mico de carga liga diretamente as pin\u00e7as de TC<\/li><li>Programar as horas de carregamento quando as tarifas s\u00e3o mais baixas<\/li><li><p>Carregue o seu EV com energia da rede, solar, bateria ou de todas as fontes<\/p><\/li><li><p>Ethernet, WLAN, 4G, Bluetooth dispon\u00edvel<\/p><\/li><li>Autentica\u00e7\u00e3o do utilizador atrav\u00e9s de RFID, ISO15118 Plug&amp;Charge ou aplica\u00e7\u00e3o m\u00f3vel<\/li><li><p>Integra\u00e7\u00e3o da aplica\u00e7\u00e3o m\u00f3vel Tuya para controlo de dispositivos dom\u00e9sticos inteligentes<\/p><\/li><li><p>Portal Web de f\u00e1cil utiliza\u00e7\u00e3o para configura\u00e7\u00e3o, manuten\u00e7\u00e3o e verifica\u00e7\u00e3o de avarias do carregador<\/p><\/li><\/ul>\t\t\t\t\t\t\t\t<\/div>\n\t\t\t\t\t<\/div>\n\t\t<\/div>\n\t\t\t\t<div class=\"elementor-column elementor-col-50 elementor-top-column elementor-element elementor-element-6bb6e83\" data-id=\"6bb6e83\" data-element_type=\"column\">\n\t\t\t<div class=\"elementor-widget-wrap elementor-element-populated\">\n\t\t\t\t\t\t<div class=\"elementor-element elementor-element-e945b57 elementor-widget elementor-widget-image\" data-id=\"e945b57\" data-element_type=\"widget\" data-widget_type=\"image.default\">\n\t\t\t\t\t\t\t\t\t\t\t\t\t\t\t<img fetchpriority=\"high\" decoding=\"async\" width=\"1000\" height=\"1000\" src=\"https:\/\/www.iocharger.com\/wp-content\/uploads\/2024\/01\/FCC-ETL-ENERGY-STAR-1.jpg\" class=\"attachment-full size-full wp-image-4839\" alt=\"\" srcset=\"https:\/\/www.iocharger.com\/wp-content\/uploads\/2024\/01\/FCC-ETL-ENERGY-STAR-1.jpg 1000w, https:\/\/www.iocharger.com\/wp-content\/uploads\/2024\/01\/FCC-ETL-ENERGY-STAR-1-150x150.jpg 150w, https:\/\/www.iocharger.com\/wp-content\/uploads\/2024\/01\/FCC-ETL-ENERGY-STAR-1-660x660.jpg 660w, https:\/\/www.iocharger.com\/wp-content\/uploads\/2024\/01\/FCC-ETL-ENERGY-STAR-1-300x300.jpg 300w, https:\/\/www.iocharger.com\/wp-content\/uploads\/2024\/01\/FCC-ETL-ENERGY-STAR-1-768x768.jpg 768w, https:\/\/www.iocharger.com\/wp-content\/uploads\/2024\/01\/FCC-ETL-ENERGY-STAR-1-285x285.jpg 285w, https:\/\/www.iocharger.com\/wp-content\/uploads\/2024\/01\/FCC-ETL-ENERGY-STAR-1-270x270.jpg 270w, https:\/\/www.iocharger.com\/wp-content\/uploads\/2024\/01\/FCC-ETL-ENERGY-STAR-1-540x540.jpg 540w\" sizes=\"(max-width: 1000px) 100vw, 1000px\" \/>\t\t\t\t\t\t\t\t\t\t\t\t\t\t\t<\/div>\n\t\t\t\t\t<\/div>\n\t\t<\/div>\n\t\t\t\t\t<\/div>\n\t\t<\/section>\n\t\t\t\t<section class=\"elementor-section elementor-top-section elementor-element elementor-element-30ea065 elementor-section-boxed elementor-section-height-default elementor-section-height-default\" data-id=\"30ea065\" data-element_type=\"section\">\n\t\t\t\t\t\t<div class=\"elementor-container elementor-column-gap-default\">\n\t\t\t\t\t<div class=\"elementor-column elementor-col-50 elementor-top-column elementor-element elementor-element-f6fd415\" data-id=\"f6fd415\" data-element_type=\"column\">\n\t\t\t<div class=\"elementor-widget-wrap elementor-element-populated\">\n\t\t\t\t\t\t<div class=\"elementor-element elementor-element-c2f9bc5 elementor-widget elementor-widget-image\" data-id=\"c2f9bc5\" data-element_type=\"widget\" data-widget_type=\"image.default\">\n\t\t\t\t\t\t\t\t\t\t\t\t\t\t\t<img decoding=\"async\" width=\"1000\" height=\"1000\" src=\"https:\/\/www.iocharger.com\/wp-content\/uploads\/2024\/01\/smart-ev-charger-5-1.jpg\" class=\"attachment-full size-full wp-image-4770\" alt=\"\" srcset=\"https:\/\/www.iocharger.com\/wp-content\/uploads\/2024\/01\/smart-ev-charger-5-1.jpg 1000w, https:\/\/www.iocharger.com\/wp-content\/uploads\/2024\/01\/smart-ev-charger-5-1-150x150.jpg 150w, https:\/\/www.iocharger.com\/wp-content\/uploads\/2024\/01\/smart-ev-charger-5-1-660x660.jpg 660w, https:\/\/www.iocharger.com\/wp-content\/uploads\/2024\/01\/smart-ev-charger-5-1-300x300.jpg 300w, https:\/\/www.iocharger.com\/wp-content\/uploads\/2024\/01\/smart-ev-charger-5-1-768x768.jpg 768w, https:\/\/www.iocharger.com\/wp-content\/uploads\/2024\/01\/smart-ev-charger-5-1-285x285.jpg 285w, https:\/\/www.iocharger.com\/wp-content\/uploads\/2024\/01\/smart-ev-charger-5-1-270x270.jpg 270w, https:\/\/www.iocharger.com\/wp-content\/uploads\/2024\/01\/smart-ev-charger-5-1-540x540.jpg 540w\" sizes=\"(max-width: 1000px) 100vw, 1000px\" \/>\t\t\t\t\t\t\t\t\t\t\t\t\t\t\t<\/div>\n\t\t\t\t\t<\/div>\n\t\t<\/div>\n\t\t\t\t<div class=\"elementor-column elementor-col-50 elementor-top-column elementor-element elementor-element-ffb6314\" data-id=\"ffb6314\" data-element_type=\"column\">\n\t\t\t<div class=\"elementor-widget-wrap elementor-element-populated\">\n\t\t\t\t\t\t<div class=\"elementor-element elementor-element-f1c3934 elementor-widget elementor-widget-text-editor\" data-id=\"f1c3934\" data-element_type=\"widget\" data-widget_type=\"text-editor.default\">\n\t\t\t\t\t\t\t\t\t<p><strong>\u00a0<\/strong><\/p><p><strong>Design \u00fanico e f\u00e1cil instala\u00e7\u00e3o<\/strong><\/p><p>O design exterior mini \u00e9 a carater\u00edstica marcante do carregador IOCAH29. Com o seu peso de 4KG e dimens\u00e3o reduzida, \u00e9 f\u00e1cil de colocar e instalar. As v\u00e1rias cores do inv\u00f3lucro superior tamb\u00e9m s\u00e3o opcionais para a prefer\u00eancia do cliente. \u00c9 seguro para utiliza\u00e7\u00e3o no interior e no exterior com classifica\u00e7\u00e3o Tipo 3R para resist\u00eancia \u00e0 \u00e1gua e ao p\u00f3.<\/p><p>O seu eletricista pode instalar facilmente o IOCAH29, com uma instala\u00e7\u00e3o de ficha com fios, NEMA 6-50P ou NEMA 14-50 dispon\u00edvel. <br \/><em>*Diferentes modelos utilizam fichas NEMA diferentes.<\/em><\/p>\t\t\t\t\t\t\t\t<\/div>\n\t\t\t\t\t<\/div>\n\t\t<\/div>\n\t\t\t\t\t<\/div>\n\t\t<\/section>\n\t\t\t\t<section class=\"elementor-section elementor-top-section elementor-element elementor-element-a0af6aa elementor-section-boxed elementor-section-height-default elementor-section-height-default\" data-id=\"a0af6aa\" data-element_type=\"section\">\n\t\t\t\t\t\t<div class=\"elementor-container elementor-column-gap-default\">\n\t\t\t\t\t<div class=\"elementor-column elementor-col-50 elementor-top-column elementor-element elementor-element-ff979ae\" data-id=\"ff979ae\" data-element_type=\"column\">\n\t\t\t<div class=\"elementor-widget-wrap elementor-element-populated\">\n\t\t\t\t\t\t<div class=\"elementor-element elementor-element-c65255a elementor-widget elementor-widget-text-editor\" data-id=\"c65255a\" data-element_type=\"widget\" data-widget_type=\"text-editor.default\">\n\t\t\t\t\t\t\t\t\t<p><strong>\u00a0<\/strong><\/p><p><strong>Carregamento inteligente<\/strong><\/p><p>O IOCAH29 \u00e9 um carregamento mini mas inteligente com a tecnologia avan\u00e7ada do iocharger. Compat\u00edvel com OCPP 1.6J e OCPP 2.0.1. N\u00e3o s\u00f3 suporta Ethernet, WiFi, liga\u00e7\u00e3o de rede 4G, mas tamb\u00e9m suporta a fun\u00e7\u00e3o Bluetooth para transferir os dados quando outra rede n\u00e3o est\u00e1 dispon\u00edvel.<\/p><p><strong>Casa inteligente Tuya<\/strong><\/p><p>O IOCAH29 foi integrado na aplica\u00e7\u00e3o m\u00f3vel Tuya para controlar e monitorizar o seu carregador EV dom\u00e9stico. Com esta funcionalidade, pode iniciar\/parar o carregamento e programar o plano de carregamento na aplica\u00e7\u00e3o m\u00f3vel Tuya. O seu carregador e todos os outros dispositivos dom\u00e9sticos inteligentes podem ser controlados pela aplica\u00e7\u00e3o m\u00f3vel Tuya, sem necessidade de instalar aplica\u00e7\u00f5es adicionais.<\/p><p>\u00a0<\/p>\t\t\t\t\t\t\t\t<\/div>\n\t\t\t\t\t<\/div>\n\t\t<\/div>\n\t\t\t\t<div class=\"elementor-column elementor-col-50 elementor-top-column elementor-element elementor-element-dc05fbe\" data-id=\"dc05fbe\" data-element_type=\"column\">\n\t\t\t<div class=\"elementor-widget-wrap elementor-element-populated\">\n\t\t\t\t\t\t<div class=\"elementor-element elementor-element-761432c elementor-widget elementor-widget-image\" data-id=\"761432c\" data-element_type=\"widget\" data-widget_type=\"image.default\">\n\t\t\t\t\t\t\t\t\t\t\t\t\t\t\t<img decoding=\"async\" width=\"1000\" height=\"1000\" src=\"https:\/\/www.iocharger.com\/wp-content\/uploads\/2024\/01\/smart-ev-charger-2-1.jpg\" class=\"attachment-full size-full wp-image-4748\" alt=\"\" srcset=\"https:\/\/www.iocharger.com\/wp-content\/uploads\/2024\/01\/smart-ev-charger-2-1.jpg 1000w, https:\/\/www.iocharger.com\/wp-content\/uploads\/2024\/01\/smart-ev-charger-2-1-150x150.jpg 150w, https:\/\/www.iocharger.com\/wp-content\/uploads\/2024\/01\/smart-ev-charger-2-1-660x660.jpg 660w, https:\/\/www.iocharger.com\/wp-content\/uploads\/2024\/01\/smart-ev-charger-2-1-300x300.jpg 300w, https:\/\/www.iocharger.com\/wp-content\/uploads\/2024\/01\/smart-ev-charger-2-1-768x768.jpg 768w, https:\/\/www.iocharger.com\/wp-content\/uploads\/2024\/01\/smart-ev-charger-2-1-285x285.jpg 285w, https:\/\/www.iocharger.com\/wp-content\/uploads\/2024\/01\/smart-ev-charger-2-1-270x270.jpg 270w, https:\/\/www.iocharger.com\/wp-content\/uploads\/2024\/01\/smart-ev-charger-2-1-540x540.jpg 540w\" sizes=\"(max-width: 1000px) 100vw, 1000px\" \/>\t\t\t\t\t\t\t\t\t\t\t\t\t\t\t<\/div>\n\t\t\t\t\t<\/div>\n\t\t<\/div>\n\t\t\t\t\t<\/div>\n\t\t<\/section>\n\t\t\t\t<section class=\"elementor-section elementor-top-section elementor-element elementor-element-263ed27 elementor-section-boxed elementor-section-height-default elementor-section-height-default\" data-id=\"263ed27\" data-element_type=\"section\">\n\t\t\t\t\t\t<div class=\"elementor-container elementor-column-gap-default\">\n\t\t\t\t\t<div class=\"elementor-column elementor-col-50 elementor-top-column elementor-element elementor-element-abe350f\" data-id=\"abe350f\" data-element_type=\"column\">\n\t\t\t<div class=\"elementor-widget-wrap elementor-element-populated\">\n\t\t\t\t\t\t<div class=\"elementor-element elementor-element-df26d05 elementor-widget elementor-widget-image\" data-id=\"df26d05\" data-element_type=\"widget\" data-widget_type=\"image.default\">\n\t\t\t\t\t\t\t\t\t\t\t\t\t\t\t<img loading=\"lazy\" decoding=\"async\" width=\"1000\" height=\"1000\" src=\"https:\/\/www.iocharger.com\/wp-content\/uploads\/2024\/01\/smart-ev-charger-1-1.gif\" class=\"attachment-full size-full wp-image-4746\" alt=\"\" \/>\t\t\t\t\t\t\t\t\t\t\t\t\t\t\t<\/div>\n\t\t\t\t\t<\/div>\n\t\t<\/div>\n\t\t\t\t<div class=\"elementor-column elementor-col-50 elementor-top-column elementor-element elementor-element-7775d8b\" data-id=\"7775d8b\" data-element_type=\"column\">\n\t\t\t<div class=\"elementor-widget-wrap elementor-element-populated\">\n\t\t\t\t\t\t<div class=\"elementor-element elementor-element-77ee334 elementor-widget elementor-widget-text-editor\" data-id=\"77ee334\" data-element_type=\"widget\" data-widget_type=\"text-editor.default\">\n\t\t\t\t\t\t\t\t\t<p>\u00a0<\/p><p>\u00a0<\/p><p><strong>Balanceamento din\u00e2mico de carga<\/strong><\/p><p>A pin\u00e7a de TC pode ser ligada diretamente ao mini carregador EV inteligente IOCAH29 para monitoriza\u00e7\u00e3o da corrente de outros aparelhos dom\u00e9sticos, sem dispositivo adicional. A corrente de carga \u00e9 ajustada automaticamente de acordo com os valores de corrente em tempo real. Pode evitar que a sua casa fique sobrecarregada com a instala\u00e7\u00e3o de um ou v\u00e1rios carregadores, quer online quer offline.<\/p>\t\t\t\t\t\t\t\t<\/div>\n\t\t\t\t\t<\/div>\n\t\t<\/div>\n\t\t\t\t\t<\/div>\n\t\t<\/section>\n\t\t\t\t<section class=\"elementor-section elementor-top-section elementor-element elementor-element-28a8920 elementor-section-boxed elementor-section-height-default elementor-section-height-default\" data-id=\"28a8920\" data-element_type=\"section\">\n\t\t\t\t\t\t<div class=\"elementor-container elementor-column-gap-default\">\n\t\t\t\t\t<div class=\"elementor-column elementor-col-50 elementor-top-column elementor-element elementor-element-bf57ec0\" data-id=\"bf57ec0\" data-element_type=\"column\">\n\t\t\t<div class=\"elementor-widget-wrap elementor-element-populated\">\n\t\t\t\t\t\t<div class=\"elementor-element elementor-element-1531a2c elementor-widget elementor-widget-text-editor\" data-id=\"1531a2c\" data-element_type=\"widget\" data-widget_type=\"text-editor.default\">\n\t\t\t\t\t\t\t\t\t<p><strong><br \/>Gest\u00e3o solar e energ\u00e9tica excecional<\/strong><\/p><p>Se tiver um sistema solar e tamb\u00e9m um sistema de armazenamento de energia em sua casa, o carregador IOCAH29 pode funcionar com todo o sistema sem problemas. Pode monitorizar facilmente o sistema completo e controlar o seu carregamento atrav\u00e9s da aplica\u00e7\u00e3o m\u00f3vel IOC Lite.<\/p><p>3 modos de carregamento para energia solar para otimizar a sua utiliza\u00e7\u00e3o de energia<\/p><ul><li>Cheio, sempre a carregar \u00e0 taxa m\u00e1xima<\/li><li>Solar Assist, utilizar\u00e1 tanto a fonte solar como a fonte da rede, com a fonte solar como primeira prioridade, e assegurar\u00e1 o carregamento at\u00e9 ao carregamento total do VE<\/li><li>Apenas solar, utilizar\u00e1 apenas a fonte solar, se n\u00e3o for suficiente para carregar, o carregador passar\u00e1 para o modo suspenso e voltar\u00e1 a carregar se a energia solar estiver novamente dispon\u00edvel para carregamento<\/li><\/ul>\t\t\t\t\t\t\t\t<\/div>\n\t\t\t\t\t<\/div>\n\t\t<\/div>\n\t\t\t\t<div class=\"elementor-column elementor-col-50 elementor-top-column elementor-element elementor-element-58dd933\" data-id=\"58dd933\" data-element_type=\"column\">\n\t\t\t<div class=\"elementor-widget-wrap elementor-element-populated\">\n\t\t\t\t\t\t<div class=\"elementor-element elementor-element-6d8f2c3 elementor-widget elementor-widget-image\" data-id=\"6d8f2c3\" data-element_type=\"widget\" data-widget_type=\"image.default\">\n\t\t\t\t\t\t\t\t\t\t\t\t\t\t\t<img loading=\"lazy\" decoding=\"async\" width=\"940\" height=\"940\" src=\"https:\/\/www.iocharger.com\/wp-content\/uploads\/2024\/01\/smart-ev-charger-3-1.jpg\" class=\"attachment-large size-large wp-image-4749\" alt=\"\" srcset=\"https:\/\/www.iocharger.com\/wp-content\/uploads\/2024\/01\/smart-ev-charger-3-1.jpg 1000w, https:\/\/www.iocharger.com\/wp-content\/uploads\/2024\/01\/smart-ev-charger-3-1-150x150.jpg 150w, https:\/\/www.iocharger.com\/wp-content\/uploads\/2024\/01\/smart-ev-charger-3-1-660x660.jpg 660w, https:\/\/www.iocharger.com\/wp-content\/uploads\/2024\/01\/smart-ev-charger-3-1-300x300.jpg 300w, https:\/\/www.iocharger.com\/wp-content\/uploads\/2024\/01\/smart-ev-charger-3-1-768x768.jpg 768w, https:\/\/www.iocharger.com\/wp-content\/uploads\/2024\/01\/smart-ev-charger-3-1-285x285.jpg 285w, https:\/\/www.iocharger.com\/wp-content\/uploads\/2024\/01\/smart-ev-charger-3-1-270x270.jpg 270w, https:\/\/www.iocharger.com\/wp-content\/uploads\/2024\/01\/smart-ev-charger-3-1-540x540.jpg 540w\" sizes=\"(max-width: 940px) 100vw, 940px\" \/>\t\t\t\t\t\t\t\t\t\t\t\t\t\t\t<\/div>\n\t\t\t\t\t<\/div>\n\t\t<\/div>\n\t\t\t\t\t<\/div>\n\t\t<\/section>\n\t\t\t\t<\/div>","protected":false},"excerpt":{"rendered":"<p>A IOCAH29 \u00e9 uma esta\u00e7\u00e3o de carregamento de ve\u00edculos el\u00e9ctricos dom\u00e9sticos inteligente especialmente concebida para a Am\u00e9rica do Norte. \u00c9 compat\u00edvel com todos os VEs atualmente no mercado.<\/p>\n<ul>\n<li>Classifica\u00e7\u00e3o de entrada: Nominal 200-240 V AC monof\u00e1sico<\/li>\n<li>Classifica\u00e7\u00e3o de sa\u00edda: 7kW 32A; 9,6kW 40A<\/li>\n<li>RCD interno: 20mA CCID<\/li>\n<li>Interface de rede: Liga\u00e7\u00e3o \u00e0 Internet inteligente Ethernet\/ WLAN\/ Bluetooth<\/li>\n<li>OCPP: Suporte completo para OCPP 1.6J\/ OCPP 2.0.1<\/li>\n<li>Plug&amp;Charge ISO15118: Atualiz\u00e1vel<\/li>\n<li>Prote\u00e7\u00e3o contra a entrada: Tipo 3R<\/li>\n<li>Dimens\u00f5es de envio: 395x 285 x 226 mm<\/li>\n<li>Interface de carregamento: SAE J1772 Tipo-1<\/li>\n<li>Tipo de montagem: Parede ou ch\u00e3o (pedestal fornecido separadamente)<\/li>\n<\/ul>","protected":false},"featured_media":4743,"template":"","meta":{"_acf_changed":false},"product_brand":[],"product_cat":[56],"product_tag":[372,373,374,375],"class_list":{"0":"post-4742","1":"product","2":"type-product","3":"status-publish","4":"has-post-thumbnail","6":"product_cat-home-ev-charger","7":"product_tag-40-amp-ev-charger","8":"product_tag-type-1-ev-charger","9":"product_tag-ul-certified-ev-charger","10":"product_tag-ul-listed-level-2-charger","12":"first","13":"instock","14":"shipping-taxable","15":"product-type-simple"},"acf":[],"_links":{"self":[{"href":"https:\/\/www.iocharger.com\/pt\/wp-json\/wp\/v2\/product\/4742","targetHints":{"allow":["GET"]}}],"collection":[{"href":"https:\/\/www.iocharger.com\/pt\/wp-json\/wp\/v2\/product"}],"about":[{"href":"https:\/\/www.iocharger.com\/pt\/wp-json\/wp\/v2\/types\/product"}],"version-history":[{"count":1,"href":"https:\/\/www.iocharger.com\/pt\/wp-json\/wp\/v2\/product\/4742\/revisions"}],"predecessor-version":[{"id":9772,"href":"https:\/\/www.iocharger.com\/pt\/wp-json\/wp\/v2\/product\/4742\/revisions\/9772"}],"wp:featuredmedia":[{"embeddable":true,"href":"https:\/\/www.iocharger.com\/pt\/wp-json\/wp\/v2\/media\/4743"}],"wp:attachment":[{"href":"https:\/\/www.iocharger.com\/pt\/wp-json\/wp\/v2\/media?parent=4742"}],"wp:term":[{"taxonomy":"product_brand","embeddable":true,"href":"https:\/\/www.iocharger.com\/pt\/wp-json\/wp\/v2\/product_brand?post=4742"},{"taxonomy":"product_cat","embeddable":true,"href":"https:\/\/www.iocharger.com\/pt\/wp-json\/wp\/v2\/product_cat?post=4742"},{"taxonomy":"product_tag","embeddable":true,"href":"https:\/\/www.iocharger.com\/pt\/wp-json\/wp\/v2\/product_tag?post=4742"}],"curies":[{"name":"wp","href":"https:\/\/api.w.org\/{rel}","templated":true}]}}