{"id":2134,"date":"2023-05-31T11:14:49","date_gmt":"2023-05-31T11:14:49","guid":{"rendered":"https:\/\/test2.honstyle.com\/?post_type=product&#038;p=2134"},"modified":"2026-04-30T07:15:02","modified_gmt":"2026-04-30T07:15:02","slug":"cloud-charging-management-system-for-charge-point-operator","status":"publish","type":"product","link":"https:\/\/www.iocharger.com\/pt\/cloud-charging-management-system-for-charge-point-operator\/","title":{"rendered":"Sistema de gest\u00e3o de carregamento em nuvem para operadores de pontos de carregamento"},"content":{"rendered":"<div data-elementor-type=\"product-post\" data-elementor-id=\"2134\" class=\"elementor elementor-2134\" data-elementor-post-type=\"product\">\n\t\t\t\t\t\t<section class=\"elementor-section elementor-top-section elementor-element elementor-element-561e9a7 elementor-section-boxed elementor-section-height-default elementor-section-height-default\" data-id=\"561e9a7\" data-element_type=\"section\" data-e-type=\"section\">\n\t\t\t\t\t\t<div class=\"elementor-container elementor-column-gap-default\">\n\t\t\t\t\t<div class=\"elementor-column elementor-col-100 elementor-top-column elementor-element elementor-element-5d110f1\" data-id=\"5d110f1\" data-element_type=\"column\" data-e-type=\"column\">\n\t\t\t<div class=\"elementor-widget-wrap elementor-element-populated\">\n\t\t\t\t\t\t<div class=\"elementor-element elementor-element-0f42f00 elementor-widget elementor-widget-text-editor\" data-id=\"0f42f00\" data-element_type=\"widget\" data-e-type=\"widget\" data-widget_type=\"text-editor.default\">\n\t\t\t\t\t\t\t\t\t<p>O Iocharger CCMS \u00e9 uma plataforma de gest\u00e3o de servi\u00e7os baseada na nuvem que permite aos operadores otimizar a experi\u00eancia de carregamento. Os operadores podem gerir facilmente o acesso e monitorizar remotamente as esta\u00e7\u00f5es, faturar facilmente aos utilizadores atrav\u00e9s de um \u00fanico sistema de gest\u00e3o de fundo e gerar uma variedade de dados valiosos sobre a forma como as suas esta\u00e7\u00f5es est\u00e3o a ser utilizadas.<\/p>\t\t\t\t\t\t\t\t<\/div>\n\t\t\t\t\t<\/div>\n\t\t<\/div>\n\t\t\t\t\t<\/div>\n\t\t<\/section>\n\t\t\t\t<section class=\"elementor-section elementor-top-section elementor-element elementor-element-9c1eb14 elementor-section-boxed elementor-section-height-default elementor-section-height-default\" data-id=\"9c1eb14\" data-element_type=\"section\" data-e-type=\"section\">\n\t\t\t\t\t\t<div class=\"elementor-container elementor-column-gap-default\">\n\t\t\t\t\t<div class=\"elementor-column elementor-col-50 elementor-top-column elementor-element elementor-element-2b8f867\" data-id=\"2b8f867\" data-element_type=\"column\" data-e-type=\"column\">\n\t\t\t<div class=\"elementor-widget-wrap elementor-element-populated\">\n\t\t\t\t\t\t<div class=\"elementor-element elementor-element-35a7810 elementor-widget elementor-widget-text-editor\" data-id=\"35a7810\" data-element_type=\"widget\" data-e-type=\"widget\" data-widget_type=\"text-editor.default\">\n\t\t\t\t\t\t\t\t\t<p><strong>Ganhe com uma interface rica<\/strong><\/p><p>Fornecer aos propriet\u00e1rios de postos de carregamento acesso a dados em tempo real. Permitir-lhes gerir os seus postos de carregamento.<\/p><p><strong>Sistema de fatura\u00e7\u00e3o flex\u00edvel<\/strong><\/p><p>Defina as suas pr\u00f3prias estrat\u00e9gias de pre\u00e7os e gira a fatura\u00e7\u00e3o da subscri\u00e7\u00e3o com termos flex\u00edveis.<\/p><p><strong>Aplica\u00e7\u00e3o m\u00f3vel de marca branca<\/strong><\/p><p>Proporcione aos seus clientes uma experi\u00eancia de marca excecional e localizada com as nossas aplica\u00e7\u00f5es m\u00f3veis.<\/p><p><strong>Custos de manuten\u00e7\u00e3o mais baixos<\/strong><\/p><p>O carregamento inteligente e a recupera\u00e7\u00e3o autom\u00e1tica de avarias reduzem os seus custos de manuten\u00e7\u00e3o<\/p>\t\t\t\t\t\t\t\t<\/div>\n\t\t\t\t\t<\/div>\n\t\t<\/div>\n\t\t\t\t<div class=\"elementor-column elementor-col-50 elementor-top-column elementor-element elementor-element-9329191\" data-id=\"9329191\" data-element_type=\"column\" data-e-type=\"column\">\n\t\t\t<div class=\"elementor-widget-wrap elementor-element-populated\">\n\t\t\t\t\t\t<div class=\"elementor-element elementor-element-74fc0ba elementor-widget elementor-widget-image\" data-id=\"74fc0ba\" data-element_type=\"widget\" data-e-type=\"widget\" data-widget_type=\"image.default\">\n\t\t\t\t\t\t\t\t\t\t\t\t\t\t\t<img fetchpriority=\"high\" decoding=\"async\" width=\"750\" height=\"750\" src=\"https:\/\/www.iocharger.com\/wp-content\/uploads\/2023\/05\/Commercial-Charging-Management-S-1.png\" class=\"attachment-full size-full wp-image-4259\" alt=\"\" srcset=\"https:\/\/www.iocharger.com\/wp-content\/uploads\/2023\/05\/Commercial-Charging-Management-S-1.png 750w, https:\/\/www.iocharger.com\/wp-content\/uploads\/2023\/05\/Commercial-Charging-Management-S-1-150x150.png 150w, https:\/\/www.iocharger.com\/wp-content\/uploads\/2023\/05\/Commercial-Charging-Management-S-1-660x660.png 660w, https:\/\/www.iocharger.com\/wp-content\/uploads\/2023\/05\/Commercial-Charging-Management-S-1-300x300.png 300w, https:\/\/www.iocharger.com\/wp-content\/uploads\/2023\/05\/Commercial-Charging-Management-S-1-285x285.png 285w, https:\/\/www.iocharger.com\/wp-content\/uploads\/2023\/05\/Commercial-Charging-Management-S-1-270x270.png 270w, https:\/\/www.iocharger.com\/wp-content\/uploads\/2023\/05\/Commercial-Charging-Management-S-1-540x540.png 540w\" sizes=\"(max-width: 750px) 100vw, 750px\" \/>\t\t\t\t\t\t\t\t\t\t\t\t\t\t\t<\/div>\n\t\t\t\t\t<\/div>\n\t\t<\/div>\n\t\t\t\t\t<\/div>\n\t\t<\/section>\n\t\t\t\t<section class=\"elementor-section elementor-top-section elementor-element elementor-element-d8ca1b8 elementor-section-boxed elementor-section-height-default elementor-section-height-default\" data-id=\"d8ca1b8\" data-element_type=\"section\" data-e-type=\"section\">\n\t\t\t\t\t\t<div class=\"elementor-container elementor-column-gap-default\">\n\t\t\t\t\t<div class=\"elementor-column elementor-col-50 elementor-top-column elementor-element elementor-element-269a34a\" data-id=\"269a34a\" data-element_type=\"column\" data-e-type=\"column\">\n\t\t\t<div class=\"elementor-widget-wrap elementor-element-populated\">\n\t\t\t\t\t\t<div class=\"elementor-element elementor-element-9693bed elementor-widget elementor-widget-image\" data-id=\"9693bed\" data-element_type=\"widget\" data-e-type=\"widget\" data-widget_type=\"image.default\">\n\t\t\t\t\t\t\t\t\t\t\t\t\t\t\t<img decoding=\"async\" width=\"750\" height=\"750\" src=\"https:\/\/www.iocharger.com\/wp-content\/uploads\/2023\/05\/Commercial-Charging-Management-S2-1.png\" class=\"attachment-full size-full wp-image-4260\" alt=\"\" srcset=\"https:\/\/www.iocharger.com\/wp-content\/uploads\/2023\/05\/Commercial-Charging-Management-S2-1.png 750w, https:\/\/www.iocharger.com\/wp-content\/uploads\/2023\/05\/Commercial-Charging-Management-S2-1-150x150.png 150w, https:\/\/www.iocharger.com\/wp-content\/uploads\/2023\/05\/Commercial-Charging-Management-S2-1-660x660.png 660w, https:\/\/www.iocharger.com\/wp-content\/uploads\/2023\/05\/Commercial-Charging-Management-S2-1-300x300.png 300w, https:\/\/www.iocharger.com\/wp-content\/uploads\/2023\/05\/Commercial-Charging-Management-S2-1-285x285.png 285w, https:\/\/www.iocharger.com\/wp-content\/uploads\/2023\/05\/Commercial-Charging-Management-S2-1-270x270.png 270w, https:\/\/www.iocharger.com\/wp-content\/uploads\/2023\/05\/Commercial-Charging-Management-S2-1-540x540.png 540w\" sizes=\"(max-width: 750px) 100vw, 750px\" \/>\t\t\t\t\t\t\t\t\t\t\t\t\t\t\t<\/div>\n\t\t\t\t\t<\/div>\n\t\t<\/div>\n\t\t\t\t<div class=\"elementor-column elementor-col-50 elementor-top-column elementor-element elementor-element-46f5ebe\" data-id=\"46f5ebe\" data-element_type=\"column\" data-e-type=\"column\">\n\t\t\t<div class=\"elementor-widget-wrap elementor-element-populated\">\n\t\t\t\t\t\t<div class=\"elementor-element elementor-element-898090b elementor-widget elementor-widget-text-editor\" data-id=\"898090b\" data-element_type=\"widget\" data-e-type=\"widget\" data-widget_type=\"text-editor.default\">\n\t\t\t\t\t\t\t\t\t<p><strong>Sistema de gest\u00e3o perfeito e potente<\/strong><\/p><div aria-live=\"polite\"><div data-language=\"en\" data-original-language=\"zh-CN\" data-result-index=\"0\"><div><span lang=\"en\"><span data-language-for-alternatives=\"en\" data-language-to-translate-into=\"zh-CN\" data-phrase-index=\"0\" data-number-of-phrases=\"2\">O Iocharger CCMS satisfaz todas as necessidades operacionais, como a gest\u00e3o dos locais de carregamento e dos carregadores, a monitoriza\u00e7\u00e3o em tempo real, a gest\u00e3o dos utilizadores, a gest\u00e3o da manuten\u00e7\u00e3o, etc., e tamb\u00e9m expande a gest\u00e3o dos recursos para al\u00e9m dos locais de carregamento.<\/span>\u00a0<span data-language-for-alternatives=\"en\" data-language-to-translate-into=\"zh-CN\" data-phrase-index=\"1\" data-number-of-phrases=\"2\">A fun\u00e7\u00e3o de partilha do carregador de ve\u00edculos el\u00e9ctricos permite ao propriet\u00e1rio do carregador cooperar com o operador. O propriet\u00e1rio do carregador pode definir ele pr\u00f3prio o tempo de partilha do carregador de ve\u00edculos el\u00e9ctricos e o pre\u00e7o da partilha, e partilhar com o exterior para aumentar o rendimento do propriet\u00e1rio do carregador quando este est\u00e1 inativo.<\/span><\/span><\/div><\/div><\/div>\t\t\t\t\t\t\t\t<\/div>\n\t\t\t\t\t<\/div>\n\t\t<\/div>\n\t\t\t\t\t<\/div>\n\t\t<\/section>\n\t\t\t\t<section class=\"elementor-section elementor-top-section elementor-element elementor-element-1f649bc elementor-section-boxed elementor-section-height-default elementor-section-height-default\" data-id=\"1f649bc\" data-element_type=\"section\" data-e-type=\"section\">\n\t\t\t\t\t\t<div class=\"elementor-container elementor-column-gap-default\">\n\t\t\t\t\t<div class=\"elementor-column elementor-col-50 elementor-top-column elementor-element elementor-element-3466e16\" data-id=\"3466e16\" data-element_type=\"column\" data-e-type=\"column\">\n\t\t\t<div class=\"elementor-widget-wrap elementor-element-populated\">\n\t\t\t\t\t\t<div class=\"elementor-element elementor-element-04bcba5 elementor-widget elementor-widget-text-editor\" data-id=\"04bcba5\" data-element_type=\"widget\" data-e-type=\"widget\" data-widget_type=\"text-editor.default\">\n\t\t\t\t\t\t\t\t\t<p><strong>Estrat\u00e9gias de tarifa\u00e7\u00e3o ricas e descontos diversificados<\/strong><\/p><p>A conce\u00e7\u00e3o da estrat\u00e9gia de carregamento em tr\u00eas fases, antes do carregamento, no carregamento e ap\u00f3s o carregamento, torna o seu funcionamento mais eficiente e o carregamento mais exato. Com m\u00e9todos de desconto diversificados, aumenta a viscosidade do utilizador e expande mais cen\u00e1rios de aplica\u00e7\u00e3o comercial.<\/p>\t\t\t\t\t\t\t\t<\/div>\n\t\t\t\t\t<\/div>\n\t\t<\/div>\n\t\t\t\t<div class=\"elementor-column elementor-col-50 elementor-top-column elementor-element elementor-element-311a9c0\" data-id=\"311a9c0\" data-element_type=\"column\" data-e-type=\"column\">\n\t\t\t<div class=\"elementor-widget-wrap elementor-element-populated\">\n\t\t\t\t\t\t<div class=\"elementor-element elementor-element-97c57c8 elementor-widget elementor-widget-image\" data-id=\"97c57c8\" data-element_type=\"widget\" data-e-type=\"widget\" data-widget_type=\"image.default\">\n\t\t\t\t\t\t\t\t\t\t\t\t\t\t\t<img decoding=\"async\" width=\"750\" height=\"750\" src=\"https:\/\/www.iocharger.com\/wp-content\/uploads\/2023\/05\/Commercial-Charging-Management-S3-1.png\" class=\"attachment-full size-full wp-image-4261\" alt=\"\" srcset=\"https:\/\/www.iocharger.com\/wp-content\/uploads\/2023\/05\/Commercial-Charging-Management-S3-1.png 750w, https:\/\/www.iocharger.com\/wp-content\/uploads\/2023\/05\/Commercial-Charging-Management-S3-1-150x150.png 150w, https:\/\/www.iocharger.com\/wp-content\/uploads\/2023\/05\/Commercial-Charging-Management-S3-1-660x660.png 660w, https:\/\/www.iocharger.com\/wp-content\/uploads\/2023\/05\/Commercial-Charging-Management-S3-1-300x300.png 300w, https:\/\/www.iocharger.com\/wp-content\/uploads\/2023\/05\/Commercial-Charging-Management-S3-1-285x285.png 285w, https:\/\/www.iocharger.com\/wp-content\/uploads\/2023\/05\/Commercial-Charging-Management-S3-1-270x270.png 270w, https:\/\/www.iocharger.com\/wp-content\/uploads\/2023\/05\/Commercial-Charging-Management-S3-1-540x540.png 540w\" sizes=\"(max-width: 750px) 100vw, 750px\" \/>\t\t\t\t\t\t\t\t\t\t\t\t\t\t\t<\/div>\n\t\t\t\t\t<\/div>\n\t\t<\/div>\n\t\t\t\t\t<\/div>\n\t\t<\/section>\n\t\t\t\t<section class=\"elementor-section elementor-top-section elementor-element elementor-element-5092952 elementor-section-boxed elementor-section-height-default elementor-section-height-default\" data-id=\"5092952\" data-element_type=\"section\" data-e-type=\"section\">\n\t\t\t\t\t\t<div class=\"elementor-container elementor-column-gap-default\">\n\t\t\t\t\t<div class=\"elementor-column elementor-col-50 elementor-top-column elementor-element elementor-element-b2d0bb6\" data-id=\"b2d0bb6\" data-element_type=\"column\" data-e-type=\"column\">\n\t\t\t<div class=\"elementor-widget-wrap elementor-element-populated\">\n\t\t\t\t\t\t<div class=\"elementor-element elementor-element-46a1cb4 elementor-widget elementor-widget-image\" data-id=\"46a1cb4\" data-element_type=\"widget\" data-e-type=\"widget\" data-widget_type=\"image.default\">\n\t\t\t\t\t\t\t\t\t\t\t\t\t\t\t<img loading=\"lazy\" decoding=\"async\" width=\"750\" height=\"750\" src=\"https:\/\/www.iocharger.com\/wp-content\/uploads\/2023\/05\/Commercial-Charging-Management-S4-1-1.png\" class=\"attachment-full size-full wp-image-4264\" alt=\"\" srcset=\"https:\/\/www.iocharger.com\/wp-content\/uploads\/2023\/05\/Commercial-Charging-Management-S4-1-1.png 750w, https:\/\/www.iocharger.com\/wp-content\/uploads\/2023\/05\/Commercial-Charging-Management-S4-1-1-150x150.png 150w, https:\/\/www.iocharger.com\/wp-content\/uploads\/2023\/05\/Commercial-Charging-Management-S4-1-1-660x660.png 660w, https:\/\/www.iocharger.com\/wp-content\/uploads\/2023\/05\/Commercial-Charging-Management-S4-1-1-300x300.png 300w, https:\/\/www.iocharger.com\/wp-content\/uploads\/2023\/05\/Commercial-Charging-Management-S4-1-1-285x285.png 285w, https:\/\/www.iocharger.com\/wp-content\/uploads\/2023\/05\/Commercial-Charging-Management-S4-1-1-270x270.png 270w, https:\/\/www.iocharger.com\/wp-content\/uploads\/2023\/05\/Commercial-Charging-Management-S4-1-1-540x540.png 540w\" sizes=\"(max-width: 750px) 100vw, 750px\" \/>\t\t\t\t\t\t\t\t\t\t\t\t\t\t\t<\/div>\n\t\t\t\t\t<\/div>\n\t\t<\/div>\n\t\t\t\t<div class=\"elementor-column elementor-col-50 elementor-top-column elementor-element elementor-element-dc3fec5\" data-id=\"dc3fec5\" data-element_type=\"column\" data-e-type=\"column\">\n\t\t\t<div class=\"elementor-widget-wrap elementor-element-populated\">\n\t\t\t\t\t\t<div class=\"elementor-element elementor-element-6ae37de elementor-widget elementor-widget-text-editor\" data-id=\"6ae37de\" data-element_type=\"widget\" data-e-type=\"widget\" data-widget_type=\"text-editor.default\">\n\t\t\t\t\t\t\t\t\t<p><strong>Estrat\u00e9gias de tarifa\u00e7\u00e3o ricas e descontos diversificados<\/strong><\/p><p>A conce\u00e7\u00e3o da estrat\u00e9gia de carregamento em tr\u00eas fases, antes do carregamento, no carregamento e ap\u00f3s o carregamento, torna o seu funcionamento mais eficiente e o carregamento mais exato. Com m\u00e9todos de desconto diversificados, aumenta a viscosidade do utilizador e expande mais cen\u00e1rios de aplica\u00e7\u00e3o comercial.<\/p>\t\t\t\t\t\t\t\t<\/div>\n\t\t\t\t\t<\/div>\n\t\t<\/div>\n\t\t\t\t\t<\/div>\n\t\t<\/section>\n\t\t\t\t<section class=\"elementor-section elementor-top-section elementor-element elementor-element-3171583 elementor-section-boxed elementor-section-height-default elementor-section-height-default\" data-id=\"3171583\" data-element_type=\"section\" data-e-type=\"section\">\n\t\t\t\t\t\t<div class=\"elementor-container elementor-column-gap-default\">\n\t\t\t\t\t<div class=\"elementor-column elementor-col-50 elementor-top-column elementor-element elementor-element-d55a0f1\" data-id=\"d55a0f1\" data-element_type=\"column\" data-e-type=\"column\">\n\t\t\t<div class=\"elementor-widget-wrap elementor-element-populated\">\n\t\t\t\t\t\t<div class=\"elementor-element elementor-element-02ef8dc elementor-widget elementor-widget-text-editor\" data-id=\"02ef8dc\" data-element_type=\"widget\" data-e-type=\"widget\" data-widget_type=\"text-editor.default\">\n\t\t\t\t\t\t\t\t\t<p><strong>Aplica\u00e7\u00e3o m\u00f3vel Iocharger<\/strong><\/p><p>Ver um mapa em tempo real das localiza\u00e7\u00f5es das esta\u00e7\u00f5es de carregamento<\/p><p>Navegar para o local<\/p><p>Iniciar e parar o carregamento atrav\u00e9s do cart\u00e3o RFID ou da aplica\u00e7\u00e3o<\/p><p>Monitorizar remotamente o estado do carregamento<\/p><p>Separar o pagamento entre ve\u00edculos particulares e de empresas<\/p><p>N\u00edvel VIP mais elevado para usufruir de mais servi\u00e7os e descontos<\/p><p>Ver o estado do cup\u00e3o de desconto e do voucher<\/p>\t\t\t\t\t\t\t\t<\/div>\n\t\t\t\t<section class=\"elementor-section elementor-inner-section elementor-element elementor-element-6f6398b elementor-section-boxed elementor-section-height-default elementor-section-height-default\" data-id=\"6f6398b\" data-element_type=\"section\" data-e-type=\"section\">\n\t\t\t\t\t\t<div class=\"elementor-container elementor-column-gap-default\">\n\t\t\t\t\t<div class=\"elementor-column elementor-col-50 elementor-inner-column elementor-element elementor-element-57ecc58\" data-id=\"57ecc58\" data-element_type=\"column\" data-e-type=\"column\">\n\t\t\t<div class=\"elementor-widget-wrap elementor-element-populated\">\n\t\t\t\t\t\t<div class=\"elementor-element elementor-element-71f5a38 elementor-widget elementor-widget-image\" data-id=\"71f5a38\" data-element_type=\"widget\" data-e-type=\"widget\" data-widget_type=\"image.default\">\n\t\t\t\t\t\t\t\t\t\t\t\t\t\t\t\t<a href=\"https:\/\/play.google.com\/store\/apps\/dev?id=6686573058493958206\" rel=\"nofollow noopener\" target=\"_blank\">\n\t\t\t\t\t\t\t<img loading=\"lazy\" decoding=\"async\" width=\"201\" height=\"98\" src=\"https:\/\/www.iocharger.com\/wp-content\/uploads\/2023\/05\/14-1.jpg\" class=\"attachment-full size-full wp-image-3828\" alt=\"iocharger ioc lite download google\" srcset=\"https:\/\/www.iocharger.com\/wp-content\/uploads\/2023\/05\/14-1.jpg 201w, https:\/\/www.iocharger.com\/wp-content\/uploads\/2023\/05\/14-1-150x73.jpg 150w\" sizes=\"(max-width: 201px) 100vw, 201px\" \/>\t\t\t\t\t\t\t\t<\/a>\n\t\t\t\t\t\t\t\t\t\t\t\t\t\t\t<\/div>\n\t\t\t\t\t<\/div>\n\t\t<\/div>\n\t\t\t\t<div class=\"elementor-column elementor-col-50 elementor-inner-column elementor-element elementor-element-3175979\" data-id=\"3175979\" data-element_type=\"column\" data-e-type=\"column\">\n\t\t\t<div class=\"elementor-widget-wrap elementor-element-populated\">\n\t\t\t\t\t\t<div class=\"elementor-element elementor-element-dfa7bdf elementor-widget elementor-widget-image\" data-id=\"dfa7bdf\" data-element_type=\"widget\" data-e-type=\"widget\" data-widget_type=\"image.default\">\n\t\t\t\t\t\t\t\t\t\t\t\t\t\t\t\t<a href=\"https:\/\/apps.apple.com\/us\/app\/iocharger\/id1490831585\" rel=\"nofollow noopener\" target=\"_blank\">\n\t\t\t\t\t\t\t<img loading=\"lazy\" decoding=\"async\" width=\"207\" height=\"98\" src=\"https:\/\/www.iocharger.com\/wp-content\/uploads\/2023\/05\/13-1.jpg\" class=\"attachment-full size-full wp-image-3827\" alt=\"ioc lite app download apple store\" srcset=\"https:\/\/www.iocharger.com\/wp-content\/uploads\/2023\/05\/13-1.jpg 207w, https:\/\/www.iocharger.com\/wp-content\/uploads\/2023\/05\/13-1-150x71.jpg 150w\" sizes=\"(max-width: 207px) 100vw, 207px\" \/>\t\t\t\t\t\t\t\t<\/a>\n\t\t\t\t\t\t\t\t\t\t\t\t\t\t\t<\/div>\n\t\t\t\t\t<\/div>\n\t\t<\/div>\n\t\t\t\t\t<\/div>\n\t\t<\/section>\n\t\t\t\t\t<\/div>\n\t\t<\/div>\n\t\t\t\t<div class=\"elementor-column elementor-col-50 elementor-top-column elementor-element elementor-element-8ef8c8b\" data-id=\"8ef8c8b\" data-element_type=\"column\" data-e-type=\"column\">\n\t\t\t<div class=\"elementor-widget-wrap elementor-element-populated\">\n\t\t\t\t\t\t<div class=\"elementor-element elementor-element-f0b786f elementor-widget elementor-widget-image\" data-id=\"f0b786f\" data-element_type=\"widget\" data-e-type=\"widget\" data-widget_type=\"image.default\">\n\t\t\t\t\t\t\t\t\t\t\t\t\t\t\t<img loading=\"lazy\" decoding=\"async\" width=\"750\" height=\"750\" src=\"https:\/\/www.iocharger.com\/wp-content\/uploads\/2023\/05\/Commercial-Charging-Management-System5-1.png\" class=\"attachment-full size-full wp-image-3365\" alt=\"\" srcset=\"https:\/\/www.iocharger.com\/wp-content\/uploads\/2023\/05\/Commercial-Charging-Management-System5-1.png 750w, https:\/\/www.iocharger.com\/wp-content\/uploads\/2023\/05\/Commercial-Charging-Management-System5-1-150x150.png 150w, https:\/\/www.iocharger.com\/wp-content\/uploads\/2023\/05\/Commercial-Charging-Management-System5-1-660x660.png 660w, https:\/\/www.iocharger.com\/wp-content\/uploads\/2023\/05\/Commercial-Charging-Management-System5-1-300x300.png 300w, https:\/\/www.iocharger.com\/wp-content\/uploads\/2023\/05\/Commercial-Charging-Management-System5-1-285x285.png 285w, https:\/\/www.iocharger.com\/wp-content\/uploads\/2023\/05\/Commercial-Charging-Management-System5-1-270x270.png 270w, https:\/\/www.iocharger.com\/wp-content\/uploads\/2023\/05\/Commercial-Charging-Management-System5-1-540x540.png 540w\" sizes=\"(max-width: 750px) 100vw, 750px\" \/>\t\t\t\t\t\t\t\t\t\t\t\t\t\t\t<\/div>\n\t\t\t\t\t<\/div>\n\t\t<\/div>\n\t\t\t\t\t<\/div>\n\t\t<\/section>\n\t\t\t\t<\/div>","protected":false},"excerpt":{"rendered":"<div class=\"pro_main_text clearfix\">\n<div class=\"pro_main_text clearfix\">\n<div class=\"pro_main_text clearfix\">\n<div class=\"pro_main_text clearfix\">\n<div class=\"pro_main_text clearfix\">\n<div class=\"pro_main_text clearfix\">\n<div class=\"pro_main_text clearfix\">\n<div class=\"pro_main_text clearfix\">\n<p class=\"\">Uma poderosa plataforma comercial para a gest\u00e3o de recursos de equipamentos baseada na OCPP 1.6J e na estrutura SaaS.<\/p>\n<\/div>\n<ul class=\"clearfix\">\n<li>Gest\u00e3o de dispositivos: Sim<\/li>\n<li>Monitoriza\u00e7\u00e3o em tempo real: Sim<\/li>\n<li>Gest\u00e3o de utilizadores: Sim<\/li>\n<li>Gest\u00e3o de cart\u00f5es RFID: Sim<\/li>\n<li>Gest\u00e3o de balanceamento de carga: Sim<\/li>\n<li>Gest\u00e3o de Firmware: Sim<\/li>\n<li>Registo de carregamento: Sim<\/li>\n<li>Gest\u00e3o de ve\u00edculos: Sim<\/li>\n<li>Plano de planeamento: Sim<\/li>\n<li>Sub-operador: Sim<\/li>\n<li>Gest\u00e3o de falhas: Sim<\/li>\n<\/ul>\n<\/div>\n<\/div>\n<\/div>\n<\/div>\n<\/div>\n<\/div>\n<\/div>","protected":false},"featured_media":3470,"template":"","meta":{"_acf_changed":false},"product_brand":[],"product_cat":[89],"product_tag":[88,90,91],"class_list":{"0":"post-2134","1":"product","2":"type-product","3":"status-publish","4":"has-post-thumbnail","6":"product_cat-charging-station-management-system","7":"product_tag-charging-management-system-for-cpo","8":"product_tag-commercial-powerful-management-system","9":"product_tag-saas-cloud-charging-management","11":"first","12":"instock","13":"shipping-taxable","14":"product-type-simple"},"acf":[],"_links":{"self":[{"href":"https:\/\/www.iocharger.com\/pt\/wp-json\/wp\/v2\/product\/2134","targetHints":{"allow":["GET"]}}],"collection":[{"href":"https:\/\/www.iocharger.com\/pt\/wp-json\/wp\/v2\/product"}],"about":[{"href":"https:\/\/www.iocharger.com\/pt\/wp-json\/wp\/v2\/types\/product"}],"version-history":[{"count":1,"href":"https:\/\/www.iocharger.com\/pt\/wp-json\/wp\/v2\/product\/2134\/revisions"}],"predecessor-version":[{"id":9943,"href":"https:\/\/www.iocharger.com\/pt\/wp-json\/wp\/v2\/product\/2134\/revisions\/9943"}],"wp:featuredmedia":[{"embeddable":true,"href":"https:\/\/www.iocharger.com\/pt\/wp-json\/wp\/v2\/media\/3470"}],"wp:attachment":[{"href":"https:\/\/www.iocharger.com\/pt\/wp-json\/wp\/v2\/media?parent=2134"}],"wp:term":[{"taxonomy":"product_brand","embeddable":true,"href":"https:\/\/www.iocharger.com\/pt\/wp-json\/wp\/v2\/product_brand?post=2134"},{"taxonomy":"product_cat","embeddable":true,"href":"https:\/\/www.iocharger.com\/pt\/wp-json\/wp\/v2\/product_cat?post=2134"},{"taxonomy":"product_tag","embeddable":true,"href":"https:\/\/www.iocharger.com\/pt\/wp-json\/wp\/v2\/product_tag?post=2134"}],"curies":[{"name":"wp","href":"https:\/\/api.w.org\/{rel}","templated":true}]}}