{"id":2104,"date":"2023-05-31T11:02:51","date_gmt":"2023-05-31T11:02:51","guid":{"rendered":"https:\/\/test2.honstyle.com\/?post_type=product&#038;p=2104"},"modified":"2025-12-24T08:59:11","modified_gmt":"2025-12-24T08:59:11","slug":"level-3-ocpp-1-6j-ocpp-2-0-1-30kw-60kw-dc-wallbox","status":"publish","type":"product","link":"https:\/\/www.iocharger.com\/pt\/level-3-ocpp-1-6j-ocpp-2-0-1-30kw-60kw-dc-wallbox\/","title":{"rendered":"ISO15118 Plug&amp;Charge V2G N\u00edvel 3 OCPP 1.6J OCPP 2.0.1 Compat\u00edvel 30kW 60kW DC Wallbox"},"content":{"rendered":"<div data-elementor-type=\"product-post\" data-elementor-id=\"2104\" class=\"elementor elementor-2104\" data-elementor-post-type=\"product\">\n\t\t\t\t\t\t<section class=\"elementor-section elementor-top-section elementor-element elementor-element-34475fe elementor-section-boxed elementor-section-height-default elementor-section-height-default\" data-id=\"34475fe\" data-element_type=\"section\">\n\t\t\t\t\t\t<div class=\"elementor-container elementor-column-gap-default\">\n\t\t\t\t\t<div class=\"elementor-column elementor-col-50 elementor-top-column elementor-element elementor-element-09e3605\" data-id=\"09e3605\" data-element_type=\"column\">\n\t\t\t<div class=\"elementor-widget-wrap elementor-element-populated\">\n\t\t\t\t\t\t<div class=\"elementor-element elementor-element-3a8bec0 elementor-widget elementor-widget-text-editor\" data-id=\"3a8bec0\" data-element_type=\"widget\" data-widget_type=\"text-editor.default\">\n\t\t\t\t\t\t\t\t\t<p><strong>Carater\u00edsticas principais:<\/strong><\/p><ul><li>Velocidade de carregamento at\u00e9 60kW<\/li><li>CCS 1, CCS 2, CHAdeMO, conetor de carregamento GB\/T<\/li><li>ISO 15118 Plug &amp; Charge<\/li><li>Suporta dois conectores de carregamento em simult\u00e2neo<\/li><li>\u00a0Efici\u00eancia energ\u00e9tica do 95% para um funcionamento econ\u00f3mico<\/li><li>Leitor de cart\u00f5es RFID incorporado para autentica\u00e7\u00e3o do utilizador<\/li><li>Ecr\u00e3 t\u00e1til LCD de 8 polegadas e interface f\u00e1cil de utilizar<\/li><li>C\u00f3digo PIN (OTP)<\/li><li>Suporte completo dos comandos OCPP 1.6J e OCPP 2.0.1<\/li><\/ul>\t\t\t\t\t\t\t\t<\/div>\n\t\t\t\t\t<\/div>\n\t\t<\/div>\n\t\t\t\t<div class=\"elementor-column elementor-col-50 elementor-top-column elementor-element elementor-element-05fc7de\" data-id=\"05fc7de\" data-element_type=\"column\">\n\t\t\t<div class=\"elementor-widget-wrap elementor-element-populated\">\n\t\t\t\t\t\t<div class=\"elementor-element elementor-element-590de91 elementor-widget elementor-widget-image\" data-id=\"590de91\" data-element_type=\"widget\" data-widget_type=\"image.default\">\n\t\t\t\t\t\t\t\t\t\t\t\t\t\t\t<img fetchpriority=\"high\" decoding=\"async\" width=\"2048\" height=\"2048\" src=\"https:\/\/www.iocharger.com\/wp-content\/uploads\/2023\/05\/IOCHY2-ev-charger-1-1.jpg\" class=\"attachment-full size-full wp-image-5964\" alt=\"\" srcset=\"https:\/\/www.iocharger.com\/wp-content\/uploads\/2023\/05\/IOCHY2-ev-charger-1-1.jpg 2048w, https:\/\/www.iocharger.com\/wp-content\/uploads\/2023\/05\/IOCHY2-ev-charger-1-1-150x150.jpg 150w, https:\/\/www.iocharger.com\/wp-content\/uploads\/2023\/05\/IOCHY2-ev-charger-1-1-660x660.jpg 660w, https:\/\/www.iocharger.com\/wp-content\/uploads\/2023\/05\/IOCHY2-ev-charger-1-1-300x300.jpg 300w, https:\/\/www.iocharger.com\/wp-content\/uploads\/2023\/05\/IOCHY2-ev-charger-1-1-1200x1200.jpg 1200w, https:\/\/www.iocharger.com\/wp-content\/uploads\/2023\/05\/IOCHY2-ev-charger-1-1-768x768.jpg 768w, https:\/\/www.iocharger.com\/wp-content\/uploads\/2023\/05\/IOCHY2-ev-charger-1-1-1536x1536.jpg 1536w, https:\/\/www.iocharger.com\/wp-content\/uploads\/2023\/05\/IOCHY2-ev-charger-1-1-285x285.jpg 285w, https:\/\/www.iocharger.com\/wp-content\/uploads\/2023\/05\/IOCHY2-ev-charger-1-1-1600x1600.jpg 1600w, https:\/\/www.iocharger.com\/wp-content\/uploads\/2023\/05\/IOCHY2-ev-charger-1-1-270x270.jpg 270w, https:\/\/www.iocharger.com\/wp-content\/uploads\/2023\/05\/IOCHY2-ev-charger-1-1-540x540.jpg 540w\" sizes=\"(max-width: 2048px) 100vw, 2048px\" \/>\t\t\t\t\t\t\t\t\t\t\t\t\t\t\t<\/div>\n\t\t\t\t\t<\/div>\n\t\t<\/div>\n\t\t\t\t\t<\/div>\n\t\t<\/section>\n\t\t\t\t<section class=\"elementor-section elementor-top-section elementor-element elementor-element-e85439f elementor-section-boxed elementor-section-height-default elementor-section-height-default\" data-id=\"e85439f\" data-element_type=\"section\">\n\t\t\t\t\t\t<div class=\"elementor-container elementor-column-gap-default\">\n\t\t\t\t\t<div class=\"elementor-column elementor-col-50 elementor-top-column elementor-element elementor-element-ec719e4\" data-id=\"ec719e4\" data-element_type=\"column\">\n\t\t\t<div class=\"elementor-widget-wrap elementor-element-populated\">\n\t\t\t\t\t\t<div class=\"elementor-element elementor-element-24c3f7e elementor-widget elementor-widget-image\" data-id=\"24c3f7e\" data-element_type=\"widget\" data-widget_type=\"image.default\">\n\t\t\t\t\t\t\t\t\t\t\t\t\t\t\t<img decoding=\"async\" width=\"2048\" height=\"2048\" src=\"https:\/\/www.iocharger.com\/wp-content\/uploads\/2023\/05\/IOCHY2-ev-charger-2-1.jpg\" class=\"attachment-full size-full wp-image-5965\" alt=\"Carregador de 30kw wallbox dc ev IOCHY2\" srcset=\"https:\/\/www.iocharger.com\/wp-content\/uploads\/2023\/05\/IOCHY2-ev-charger-2-1.jpg 2048w, https:\/\/www.iocharger.com\/wp-content\/uploads\/2023\/05\/IOCHY2-ev-charger-2-1-150x150.jpg 150w, https:\/\/www.iocharger.com\/wp-content\/uploads\/2023\/05\/IOCHY2-ev-charger-2-1-660x660.jpg 660w, https:\/\/www.iocharger.com\/wp-content\/uploads\/2023\/05\/IOCHY2-ev-charger-2-1-300x300.jpg 300w, https:\/\/www.iocharger.com\/wp-content\/uploads\/2023\/05\/IOCHY2-ev-charger-2-1-1200x1200.jpg 1200w, https:\/\/www.iocharger.com\/wp-content\/uploads\/2023\/05\/IOCHY2-ev-charger-2-1-768x768.jpg 768w, https:\/\/www.iocharger.com\/wp-content\/uploads\/2023\/05\/IOCHY2-ev-charger-2-1-1536x1536.jpg 1536w, https:\/\/www.iocharger.com\/wp-content\/uploads\/2023\/05\/IOCHY2-ev-charger-2-1-285x285.jpg 285w, https:\/\/www.iocharger.com\/wp-content\/uploads\/2023\/05\/IOCHY2-ev-charger-2-1-1600x1600.jpg 1600w, https:\/\/www.iocharger.com\/wp-content\/uploads\/2023\/05\/IOCHY2-ev-charger-2-1-270x270.jpg 270w, https:\/\/www.iocharger.com\/wp-content\/uploads\/2023\/05\/IOCHY2-ev-charger-2-1-540x540.jpg 540w\" sizes=\"(max-width: 2048px) 100vw, 2048px\" \/>\t\t\t\t\t\t\t\t\t\t\t\t\t\t\t<\/div>\n\t\t\t\t\t<\/div>\n\t\t<\/div>\n\t\t\t\t<div class=\"elementor-column elementor-col-50 elementor-top-column elementor-element elementor-element-45f5791\" data-id=\"45f5791\" data-element_type=\"column\">\n\t\t\t<div class=\"elementor-widget-wrap elementor-element-populated\">\n\t\t\t\t\t\t<div class=\"elementor-element elementor-element-b0f34e3 elementor-widget elementor-widget-text-editor\" data-id=\"b0f34e3\" data-element_type=\"widget\" data-widget_type=\"text-editor.default\">\n\t\t\t\t\t\t\t\t\t<div class=\"text-detail\"><p><strong>Velocidade de carregamento r\u00e1pida e elevada efici\u00eancia<\/strong><\/p><p>O IOCHY2 permite uma pot\u00eancia de carga m\u00e1xima de 60kW, o que garante uma longa quilometragem de resist\u00eancia num carregamento de curta dura\u00e7\u00e3o. A efici\u00eancia de carregamento superior ao 95% e o baixo consumo em standby possibilitam opera\u00e7\u00f5es econ\u00f3micas.<\/p><\/div>\t\t\t\t\t\t\t\t<\/div>\n\t\t\t\t\t<\/div>\n\t\t<\/div>\n\t\t\t\t\t<\/div>\n\t\t<\/section>\n\t\t\t\t<section class=\"elementor-section elementor-top-section elementor-element elementor-element-0172ff0 elementor-section-boxed elementor-section-height-default elementor-section-height-default\" data-id=\"0172ff0\" data-element_type=\"section\">\n\t\t\t\t\t\t<div class=\"elementor-container elementor-column-gap-default\">\n\t\t\t\t\t<div class=\"elementor-column elementor-col-50 elementor-top-column elementor-element elementor-element-787e6cf\" data-id=\"787e6cf\" data-element_type=\"column\">\n\t\t\t<div class=\"elementor-widget-wrap elementor-element-populated\">\n\t\t\t\t\t\t<div class=\"elementor-element elementor-element-2f96cea elementor-widget elementor-widget-text-editor\" data-id=\"2f96cea\" data-element_type=\"widget\" data-widget_type=\"text-editor.default\">\n\t\t\t\t\t\t\t\t\t<p><strong>Aplic\u00e1vel a uma grande variedade de casos de utiliza\u00e7\u00e3o<\/strong><\/p><p>Com o seu design ultra-compacto, \u00e9 seguro e fi\u00e1vel para resid\u00eancias, escrit\u00f3rios de trabalho, bens comerciais p\u00fablicos como centros comerciais, hot\u00e9is, parques de estacionamento, frotas, etc.<\/p><p><strong>F\u00e1cil de utilizar<\/strong><\/p><p>O IOCHY2 permite uma autentica\u00e7\u00e3o segura e um pagamento seguro atrav\u00e9s de RFID, aplica\u00e7\u00f5es m\u00f3veis. O ecr\u00e3 t\u00e1til de 8 polegadas, compat\u00edvel com v\u00e1rios idiomas, torna a opera\u00e7\u00e3o de carregamento f\u00e1cil e compreens\u00edvel para todos os utilizadores.<\/p>\t\t\t\t\t\t\t\t<\/div>\n\t\t\t\t\t<\/div>\n\t\t<\/div>\n\t\t\t\t<div class=\"elementor-column elementor-col-50 elementor-top-column elementor-element elementor-element-d5a2272\" data-id=\"d5a2272\" data-element_type=\"column\">\n\t\t\t<div class=\"elementor-widget-wrap elementor-element-populated\">\n\t\t\t\t\t\t<div class=\"elementor-element elementor-element-016a5a0 elementor-widget elementor-widget-image\" data-id=\"016a5a0\" data-element_type=\"widget\" data-widget_type=\"image.default\">\n\t\t\t\t\t\t\t\t\t\t\t\t\t\t\t<img decoding=\"async\" width=\"1000\" height=\"1000\" src=\"https:\/\/www.iocharger.com\/wp-content\/uploads\/2023\/05\/IOCHY2-1.jpg\" class=\"attachment-full size-full wp-image-6081\" alt=\"\" srcset=\"https:\/\/www.iocharger.com\/wp-content\/uploads\/2023\/05\/IOCHY2-1.jpg 1000w, https:\/\/www.iocharger.com\/wp-content\/uploads\/2023\/05\/IOCHY2-1-150x150.jpg 150w, https:\/\/www.iocharger.com\/wp-content\/uploads\/2023\/05\/IOCHY2-1-660x660.jpg 660w, https:\/\/www.iocharger.com\/wp-content\/uploads\/2023\/05\/IOCHY2-1-300x300.jpg 300w, https:\/\/www.iocharger.com\/wp-content\/uploads\/2023\/05\/IOCHY2-1-768x768.jpg 768w, https:\/\/www.iocharger.com\/wp-content\/uploads\/2023\/05\/IOCHY2-1-285x285.jpg 285w, https:\/\/www.iocharger.com\/wp-content\/uploads\/2023\/05\/IOCHY2-1-270x270.jpg 270w, https:\/\/www.iocharger.com\/wp-content\/uploads\/2023\/05\/IOCHY2-1-540x540.jpg 540w\" sizes=\"(max-width: 1000px) 100vw, 1000px\" \/>\t\t\t\t\t\t\t\t\t\t\t\t\t\t\t<\/div>\n\t\t\t\t\t<\/div>\n\t\t<\/div>\n\t\t\t\t\t<\/div>\n\t\t<\/section>\n\t\t\t\t<section class=\"elementor-section elementor-top-section elementor-element elementor-element-b7d9a83 elementor-section-boxed elementor-section-height-default elementor-section-height-default\" data-id=\"b7d9a83\" data-element_type=\"section\">\n\t\t\t\t\t\t<div class=\"elementor-container elementor-column-gap-default\">\n\t\t\t\t\t<div class=\"elementor-column elementor-col-50 elementor-top-column elementor-element elementor-element-fdf59cc\" data-id=\"fdf59cc\" data-element_type=\"column\">\n\t\t\t<div class=\"elementor-widget-wrap elementor-element-populated\">\n\t\t\t\t\t\t<div class=\"elementor-element elementor-element-2daf3e3 elementor-widget elementor-widget-image\" data-id=\"2daf3e3\" data-element_type=\"widget\" data-widget_type=\"image.default\">\n\t\t\t\t\t\t\t\t\t\t\t\t\t\t\t<img loading=\"lazy\" decoding=\"async\" width=\"750\" height=\"750\" src=\"https:\/\/www.iocharger.com\/wp-content\/uploads\/2023\/05\/60kW-90kW-120kW-150kW-DC-Fast-EV-Charger-3-1.png\" class=\"attachment-full size-full wp-image-3281\" alt=\"\" srcset=\"https:\/\/www.iocharger.com\/wp-content\/uploads\/2023\/05\/60kW-90kW-120kW-150kW-DC-Fast-EV-Charger-3-1.png 750w, https:\/\/www.iocharger.com\/wp-content\/uploads\/2023\/05\/60kW-90kW-120kW-150kW-DC-Fast-EV-Charger-3-1-150x150.png 150w, https:\/\/www.iocharger.com\/wp-content\/uploads\/2023\/05\/60kW-90kW-120kW-150kW-DC-Fast-EV-Charger-3-1-660x660.png 660w, https:\/\/www.iocharger.com\/wp-content\/uploads\/2023\/05\/60kW-90kW-120kW-150kW-DC-Fast-EV-Charger-3-1-300x300.png 300w, https:\/\/www.iocharger.com\/wp-content\/uploads\/2023\/05\/60kW-90kW-120kW-150kW-DC-Fast-EV-Charger-3-1-285x285.png 285w, https:\/\/www.iocharger.com\/wp-content\/uploads\/2023\/05\/60kW-90kW-120kW-150kW-DC-Fast-EV-Charger-3-1-270x270.png 270w, https:\/\/www.iocharger.com\/wp-content\/uploads\/2023\/05\/60kW-90kW-120kW-150kW-DC-Fast-EV-Charger-3-1-540x540.png 540w\" sizes=\"(max-width: 750px) 100vw, 750px\" \/>\t\t\t\t\t\t\t\t\t\t\t\t\t\t\t<\/div>\n\t\t\t\t\t<\/div>\n\t\t<\/div>\n\t\t\t\t<div class=\"elementor-column elementor-col-50 elementor-top-column elementor-element elementor-element-9abb748\" data-id=\"9abb748\" data-element_type=\"column\">\n\t\t\t<div class=\"elementor-widget-wrap elementor-element-populated\">\n\t\t\t\t\t\t<div class=\"elementor-element elementor-element-9f6a1bc elementor-widget elementor-widget-text-editor\" data-id=\"9f6a1bc\" data-element_type=\"widget\" data-widget_type=\"text-editor.default\">\n\t\t\t\t\t\t\t\t\t<p><strong>Suporte para carregamento inteligente<\/strong><\/p><p>Carregamento inteligente atrav\u00e9s do mais recente OCPP. A funcionalidade de gest\u00e3o din\u00e2mica da carga torna-o pronto para integra\u00e7\u00e3o com edif\u00edcios inteligentes avan\u00e7ados de energia ou quando a fonte de energia \u00e9 limitada.<\/p>\t\t\t\t\t\t\t\t<\/div>\n\t\t\t\t\t<\/div>\n\t\t<\/div>\n\t\t\t\t\t<\/div>\n\t\t<\/section>\n\t\t\t\t<\/div>","protected":false},"excerpt":{"rendered":"<div class=\"pro_main_text clearfix\">\n<div class=\"pro_main_text clearfix\">\n<div class=\"pro_main_text clearfix\">\n<div class=\"pro_main_text clearfix\">\n<div class=\"pro_main_text clearfix\">\n<div class=\"pro_main_text clearfix\">\n<p class=\"\">IOCHY2 \u00e9 uma esta\u00e7\u00e3o de carregamento DC compacta que pode ser fixada na parede ou montada no ch\u00e3o como op\u00e7\u00e3o, f\u00e1cil de utilizar por todos.<\/p>\n<\/div>\n<ul class=\"clearfix\">\n<li>Classifica\u00e7\u00e3o de entrada: 400V\u00b115% AC trif\u00e1sico<\/li>\n<li>Pot\u00eancia m\u00e1xima de sa\u00edda DC: 30kW\/ 60kW<\/li>\n<li>Gama de tens\u00e3o DC de sa\u00edda: 150V-1000V DC<\/li>\n<li>Ecr\u00e3: 8\u201d LCD de ecr\u00e3 t\u00e1til TFT<\/li>\n<li>Interface de rede: Ethernet\/liga\u00e7\u00e3o \u00e0 Internet inteligente 4G<\/li>\n<li>OCPP: suporte completo de perfis OCPP 1.6J\/ OCPP 2.0.1<\/li>\n<li>Plug&amp;Charge ISO15118: Atualiz\u00e1vel<\/li>\n<li>Prote\u00e7\u00e3o contra a entrada: IP54<\/li>\n<li>Interface de carregamento: 1 CCS\/ 1 CHAdeMO\/ 2 CCS\/ 2 CHAdeMO\/1 CCS +1 CHAdeMO<\/li>\n<li>Tipo de montagem: Parede ou ch\u00e3o (pedestal fornecido separadamente)<\/li>\n<li>Dimens\u00e3o: 355\u00d7690\u00d7770mm<\/li>\n<\/ul>\n<\/div>\n<\/div>\n<\/div>\n<\/div>\n<\/div>","protected":false},"featured_media":8701,"template":"","meta":{"_acf_changed":false},"product_brand":[],"product_cat":[79],"product_tag":[78,80,81],"class_list":{"0":"post-2104","1":"product","2":"type-product","3":"status-publish","4":"has-post-thumbnail","6":"product_cat-dc-fast-charger","7":"product_tag-30kw-60kw-dc-wallbox-level-3","8":"product_tag-mode-4-ocpp-2-0-1-dc-fast-charging-station","9":"product_tag-ocpp-1-6j-dc-charger","11":"first","12":"instock","13":"shipping-taxable","14":"product-type-simple"},"acf":[],"_links":{"self":[{"href":"https:\/\/www.iocharger.com\/pt\/wp-json\/wp\/v2\/product\/2104","targetHints":{"allow":["GET"]}}],"collection":[{"href":"https:\/\/www.iocharger.com\/pt\/wp-json\/wp\/v2\/product"}],"about":[{"href":"https:\/\/www.iocharger.com\/pt\/wp-json\/wp\/v2\/types\/product"}],"version-history":[{"count":0,"href":"https:\/\/www.iocharger.com\/pt\/wp-json\/wp\/v2\/product\/2104\/revisions"}],"wp:featuredmedia":[{"embeddable":true,"href":"https:\/\/www.iocharger.com\/pt\/wp-json\/wp\/v2\/media\/8701"}],"wp:attachment":[{"href":"https:\/\/www.iocharger.com\/pt\/wp-json\/wp\/v2\/media?parent=2104"}],"wp:term":[{"taxonomy":"product_brand","embeddable":true,"href":"https:\/\/www.iocharger.com\/pt\/wp-json\/wp\/v2\/product_brand?post=2104"},{"taxonomy":"product_cat","embeddable":true,"href":"https:\/\/www.iocharger.com\/pt\/wp-json\/wp\/v2\/product_cat?post=2104"},{"taxonomy":"product_tag","embeddable":true,"href":"https:\/\/www.iocharger.com\/pt\/wp-json\/wp\/v2\/product_tag?post=2104"}],"curies":[{"name":"wp","href":"https:\/\/api.w.org\/{rel}","templated":true}]}}