{"id":2039,"date":"2023-05-31T07:40:34","date_gmt":"2023-05-31T07:40:34","guid":{"rendered":"https:\/\/test2.honstyle.com\/?post_type=product&#038;p=2039"},"modified":"2025-12-30T03:10:52","modified_gmt":"2025-12-30T03:10:52","slug":"ul-level-2-32a-40a-50a-ocpp-1-6j-ocpp-2-0-1-intelligent-ev-charger","status":"publish","type":"product","link":"https:\/\/www.iocharger.com\/pt\/ul-level-2-32a-40a-50a-ocpp-1-6j-ocpp-2-0-1-intelligent-ev-charger\/","title":{"rendered":"ISO15118 Plug&amp;Charge UL N\u00edvel 2 32A 40A 50A OCPP 1.6J OCPP 2.0.1 Carregador inteligente para ve\u00edculos el\u00e9tricos"},"content":{"rendered":"<div data-elementor-type=\"product-post\" data-elementor-id=\"2039\" class=\"elementor elementor-2039\" data-elementor-post-type=\"product\">\n\t\t\t\t\t\t<section class=\"elementor-section elementor-top-section elementor-element elementor-element-090a9ad elementor-section-boxed elementor-section-height-default elementor-section-height-default\" data-id=\"090a9ad\" data-element_type=\"section\" data-e-type=\"section\">\n\t\t\t\t\t\t<div class=\"elementor-container elementor-column-gap-default\">\n\t\t\t\t\t<div class=\"elementor-column elementor-col-100 elementor-top-column elementor-element elementor-element-dccc2fd\" data-id=\"dccc2fd\" data-element_type=\"column\" data-e-type=\"column\">\n\t\t\t<div class=\"elementor-widget-wrap elementor-element-populated\">\n\t\t\t\t\t\t<div class=\"elementor-element elementor-element-45ec355 elementor-widget elementor-widget-text-editor\" data-id=\"45ec355\" data-element_type=\"widget\" data-e-type=\"widget\" data-widget_type=\"text-editor.default\">\n\t\t\t\t\t\t\t\t\t<p>Carregador de ve\u00edculos el\u00e9ctricos inteligente para uso residencial e comercial<\/p><p>O carregador inteligente e f\u00e1cil de instalar que lhe permite adicionar servi\u00e7os inteligentes e gerir o carregador \u00e0 dist\u00e2ncia. A ficha SAE J1772 garante a compatibilidade com todos os ve\u00edculos el\u00e9ctricos, para que todas as carater\u00edsticas lhe proporcionem uma excelente experi\u00eancia de carregamento.<\/p>\t\t\t\t\t\t\t\t<\/div>\n\t\t\t\t\t<\/div>\n\t\t<\/div>\n\t\t\t\t\t<\/div>\n\t\t<\/section>\n\t\t\t\t<section class=\"elementor-section elementor-top-section elementor-element elementor-element-9cf4ebf elementor-section-boxed elementor-section-height-default elementor-section-height-default\" data-id=\"9cf4ebf\" data-element_type=\"section\" data-e-type=\"section\">\n\t\t\t\t\t\t<div class=\"elementor-container elementor-column-gap-default\">\n\t\t\t\t\t<div class=\"elementor-column elementor-col-50 elementor-top-column elementor-element elementor-element-0553c3b\" data-id=\"0553c3b\" data-element_type=\"column\" data-e-type=\"column\">\n\t\t\t<div class=\"elementor-widget-wrap elementor-element-populated\">\n\t\t\t\t\t\t<div class=\"elementor-element elementor-element-19d3aef elementor-widget elementor-widget-text-editor\" data-id=\"19d3aef\" data-element_type=\"widget\" data-e-type=\"widget\" data-widget_type=\"text-editor.default\">\n\t\t\t\t\t\t\t\t\t<p><strong>Carater\u00edsticas principais:<\/strong><\/p><ul><li>Compat\u00edvel com todos os VEs e redes el\u00e9ctricas<\/li><li>Vers\u00f5es at\u00e9 32A, 40A, 50A dispon\u00edveis<\/li><li>Design aerodin\u00e2mico, aspeto simples e elegante<\/li><li>Ecr\u00e3 LCD de 2,8\u201d para um funcionamento f\u00e1cil e intuitivo<\/li><li>Design \u00fanico de instala\u00e7\u00e3o com placa traseira independente<\/li><li>Comuta\u00e7\u00e3o inteligente de Ethernet, celular e WLAN<\/li><li>Configura\u00e7\u00e3o flex\u00edvel da corrente\/pot\u00eancia de sa\u00edda<\/li><li>Luz de respira\u00e7\u00e3o personaliz\u00e1vel de acordo com as prefer\u00eancias<\/li><li>Suporte inteligente de balanceamento de carga din\u00e2mica<\/li><li>Autentica\u00e7\u00e3o do utilizador atrav\u00e9s de RFID ou aplica\u00e7\u00e3o m\u00f3vel<\/li><li>Portal Web de coloca\u00e7\u00e3o em funcionamento do carregador multifuncional<\/li><li>Controlo e monitoriza\u00e7\u00e3o \u00e0 dist\u00e2ncia<\/li><\/ul>\t\t\t\t\t\t\t\t<\/div>\n\t\t\t\t\t<\/div>\n\t\t<\/div>\n\t\t\t\t<div class=\"elementor-column elementor-col-50 elementor-top-column elementor-element elementor-element-9c53a80\" data-id=\"9c53a80\" data-element_type=\"column\" data-e-type=\"column\">\n\t\t\t<div class=\"elementor-widget-wrap elementor-element-populated\">\n\t\t\t\t\t\t<div class=\"elementor-element elementor-element-4a8768a elementor-widget elementor-widget-image\" data-id=\"4a8768a\" data-element_type=\"widget\" data-e-type=\"widget\" data-widget_type=\"image.default\">\n\t\t\t\t\t\t\t\t\t\t\t\t\t\t\t<img fetchpriority=\"high\" decoding=\"async\" width=\"750\" height=\"750\" src=\"https:\/\/www.iocharger.com\/wp-content\/uploads\/2023\/05\/UL-Electric-Vehicle-Charging-station-1-3.png\" class=\"attachment-full size-full wp-image-3315\" alt=\"\" srcset=\"https:\/\/www.iocharger.com\/wp-content\/uploads\/2023\/05\/UL-Electric-Vehicle-Charging-station-1-3.png 750w, https:\/\/www.iocharger.com\/wp-content\/uploads\/2023\/05\/UL-Electric-Vehicle-Charging-station-1-3-150x150.png 150w, https:\/\/www.iocharger.com\/wp-content\/uploads\/2023\/05\/UL-Electric-Vehicle-Charging-station-1-3-660x660.png 660w, https:\/\/www.iocharger.com\/wp-content\/uploads\/2023\/05\/UL-Electric-Vehicle-Charging-station-1-3-300x300.png 300w, https:\/\/www.iocharger.com\/wp-content\/uploads\/2023\/05\/UL-Electric-Vehicle-Charging-station-1-3-285x285.png 285w, https:\/\/www.iocharger.com\/wp-content\/uploads\/2023\/05\/UL-Electric-Vehicle-Charging-station-1-3-270x270.png 270w, https:\/\/www.iocharger.com\/wp-content\/uploads\/2023\/05\/UL-Electric-Vehicle-Charging-station-1-3-540x540.png 540w\" sizes=\"(max-width: 750px) 100vw, 750px\" \/>\t\t\t\t\t\t\t\t\t\t\t\t\t\t\t<\/div>\n\t\t\t\t\t<\/div>\n\t\t<\/div>\n\t\t\t\t\t<\/div>\n\t\t<\/section>\n\t\t\t\t<section class=\"elementor-section elementor-top-section elementor-element elementor-element-3a0fb11 elementor-section-boxed elementor-section-height-default elementor-section-height-default\" data-id=\"3a0fb11\" data-element_type=\"section\" data-e-type=\"section\">\n\t\t\t\t\t\t<div class=\"elementor-container elementor-column-gap-default\">\n\t\t\t\t\t<div class=\"elementor-column elementor-col-50 elementor-top-column elementor-element elementor-element-a2326a7\" data-id=\"a2326a7\" data-element_type=\"column\" data-e-type=\"column\">\n\t\t\t<div class=\"elementor-widget-wrap elementor-element-populated\">\n\t\t\t\t\t\t<div class=\"elementor-element elementor-element-6a3cb34 elementor-widget elementor-widget-image\" data-id=\"6a3cb34\" data-element_type=\"widget\" data-e-type=\"widget\" data-widget_type=\"image.default\">\n\t\t\t\t\t\t\t\t\t\t\t\t\t\t\t<img decoding=\"async\" width=\"750\" height=\"750\" src=\"https:\/\/www.iocharger.com\/wp-content\/uploads\/2023\/05\/UL-Electric-Vehicle-Charging-sta-1.png\" class=\"attachment-full size-full wp-image-5472\" alt=\"\" srcset=\"https:\/\/www.iocharger.com\/wp-content\/uploads\/2023\/05\/UL-Electric-Vehicle-Charging-sta-1.png 750w, https:\/\/www.iocharger.com\/wp-content\/uploads\/2023\/05\/UL-Electric-Vehicle-Charging-sta-1-150x150.png 150w, https:\/\/www.iocharger.com\/wp-content\/uploads\/2023\/05\/UL-Electric-Vehicle-Charging-sta-1-660x660.png 660w, https:\/\/www.iocharger.com\/wp-content\/uploads\/2023\/05\/UL-Electric-Vehicle-Charging-sta-1-300x300.png 300w, https:\/\/www.iocharger.com\/wp-content\/uploads\/2023\/05\/UL-Electric-Vehicle-Charging-sta-1-285x285.png 285w, https:\/\/www.iocharger.com\/wp-content\/uploads\/2023\/05\/UL-Electric-Vehicle-Charging-sta-1-270x270.png 270w, https:\/\/www.iocharger.com\/wp-content\/uploads\/2023\/05\/UL-Electric-Vehicle-Charging-sta-1-540x540.png 540w\" sizes=\"(max-width: 750px) 100vw, 750px\" \/>\t\t\t\t\t\t\t\t\t\t\t\t\t\t\t<\/div>\n\t\t\t\t\t<\/div>\n\t\t<\/div>\n\t\t\t\t<div class=\"elementor-column elementor-col-50 elementor-top-column elementor-element elementor-element-2811bb0\" data-id=\"2811bb0\" data-element_type=\"column\" data-e-type=\"column\">\n\t\t\t<div class=\"elementor-widget-wrap elementor-element-populated\">\n\t\t\t\t\t\t<div class=\"elementor-element elementor-element-e2643fb elementor-widget elementor-widget-text-editor\" data-id=\"e2643fb\" data-element_type=\"widget\" data-e-type=\"widget\" data-widget_type=\"text-editor.default\">\n\t\t\t\t\t\t\t\t\t<p><strong>F\u00e1cil instala\u00e7\u00e3o e escalabilidade\u00a0<\/strong><\/p><p>O design de instala\u00e7\u00e3o \u00fanico, tornando mais f\u00e1cil do que nunca a instala\u00e7\u00e3o e manuten\u00e7\u00e3o de uma infraestrutura de carregamento. S\u00f3 \u00e9 necess\u00e1rio que o utilizador pendure o carregador na placa posterior para concluir a instala\u00e7\u00e3o, o que \u00e9 pr\u00e1tico e r\u00e1pido para evitar custos de instala\u00e7\u00e3o dispendiosos.<\/p><p>Constru\u00eddo com a escalabilidade em mente, o IOCAH10 satisfaz as suas necessidades actuais e futuras. Permite-lhe ligar e preparar v\u00e1rias esta\u00e7\u00f5es de carregamento, bem como gerir um n\u00famero ilimitado de carregadores no mesmo operador no CCMS.<\/p>\t\t\t\t\t\t\t\t<\/div>\n\t\t\t\t\t<\/div>\n\t\t<\/div>\n\t\t\t\t\t<\/div>\n\t\t<\/section>\n\t\t\t\t<section class=\"elementor-section elementor-top-section elementor-element elementor-element-1ab5a98 elementor-section-boxed elementor-section-height-default elementor-section-height-default\" data-id=\"1ab5a98\" data-element_type=\"section\" data-e-type=\"section\">\n\t\t\t\t\t\t<div class=\"elementor-container elementor-column-gap-default\">\n\t\t\t\t\t<div class=\"elementor-column elementor-col-50 elementor-top-column elementor-element elementor-element-6f75382\" data-id=\"6f75382\" data-element_type=\"column\" data-e-type=\"column\">\n\t\t\t<div class=\"elementor-widget-wrap elementor-element-populated\">\n\t\t\t\t\t\t<div class=\"elementor-element elementor-element-dbc6c25 elementor-widget elementor-widget-text-editor\" data-id=\"dbc6c25\" data-element_type=\"widget\" data-e-type=\"widget\" data-widget_type=\"text-editor.default\">\n\t\t\t\t\t\t\t\t\t<p><strong>Suporte ao balanceamento din\u00e2mico de carga<\/strong><\/p>\n<p>A funcionalidade de equil\u00edbrio de carga do IOCAH10 torna-o perfeito para o carregamento residencial e comercial.<\/p>\n<p>Para utiliza\u00e7\u00e3o residencial, garante que o utilizador pode equilibrar dinamicamente toda a eletricidade dispon\u00edvel em casa, incluindo a energia solar, o sistema de baterias, e o circuito nunca ficar\u00e1 sobrecarregado.<\/p>\n<p>Para utiliza\u00e7\u00e3o comercial, garante que todos os que carregam podem utilizar toda a eletricidade dispon\u00edvel no parque de estacionamento e obter sempre a velocidade de carregamento mais r\u00e1pida e ideal. Esta tecnologia tamb\u00e9m significa que mais carregadores podem ser facilmente ligados ao sistema \u00e0 medida que a necessidade surge.<\/p>\t\t\t\t\t\t\t\t<\/div>\n\t\t\t\t\t<\/div>\n\t\t<\/div>\n\t\t\t\t<div class=\"elementor-column elementor-col-50 elementor-top-column elementor-element elementor-element-4975d46\" data-id=\"4975d46\" data-element_type=\"column\" data-e-type=\"column\">\n\t\t\t<div class=\"elementor-widget-wrap elementor-element-populated\">\n\t\t\t\t\t\t<div class=\"elementor-element elementor-element-4f4c739 elementor-widget elementor-widget-image\" data-id=\"4f4c739\" data-element_type=\"widget\" data-e-type=\"widget\" data-widget_type=\"image.default\">\n\t\t\t\t\t\t\t\t\t\t\t\t\t\t\t<img decoding=\"async\" width=\"750\" height=\"750\" src=\"https:\/\/www.iocharger.com\/wp-content\/uploads\/2018\/08\/home-ev-charger2-1.jpg\" class=\"attachment-full size-full wp-image-6064\" alt=\"\" srcset=\"https:\/\/www.iocharger.com\/wp-content\/uploads\/2018\/08\/home-ev-charger2-1.jpg 750w, https:\/\/www.iocharger.com\/wp-content\/uploads\/2018\/08\/home-ev-charger2-1-150x150.jpg 150w, https:\/\/www.iocharger.com\/wp-content\/uploads\/2018\/08\/home-ev-charger2-1-660x660.jpg 660w, https:\/\/www.iocharger.com\/wp-content\/uploads\/2018\/08\/home-ev-charger2-1-300x300.jpg 300w, https:\/\/www.iocharger.com\/wp-content\/uploads\/2018\/08\/home-ev-charger2-1-285x285.jpg 285w, https:\/\/www.iocharger.com\/wp-content\/uploads\/2018\/08\/home-ev-charger2-1-270x270.jpg 270w, https:\/\/www.iocharger.com\/wp-content\/uploads\/2018\/08\/home-ev-charger2-1-540x540.jpg 540w\" sizes=\"(max-width: 750px) 100vw, 750px\" \/>\t\t\t\t\t\t\t\t\t\t\t\t\t\t\t<\/div>\n\t\t\t\t\t<\/div>\n\t\t<\/div>\n\t\t\t\t\t<\/div>\n\t\t<\/section>\n\t\t\t\t<section class=\"elementor-section elementor-top-section elementor-element elementor-element-d5fdfd1 elementor-section-boxed elementor-section-height-default elementor-section-height-default\" data-id=\"d5fdfd1\" data-element_type=\"section\" data-e-type=\"section\">\n\t\t\t\t\t\t<div class=\"elementor-container elementor-column-gap-default\">\n\t\t\t\t\t<div class=\"elementor-column elementor-col-50 elementor-top-column elementor-element elementor-element-a18c3c9\" data-id=\"a18c3c9\" data-element_type=\"column\" data-e-type=\"column\">\n\t\t\t<div class=\"elementor-widget-wrap elementor-element-populated\">\n\t\t\t\t\t\t<div class=\"elementor-element elementor-element-37275e1 elementor-widget elementor-widget-image\" data-id=\"37275e1\" data-element_type=\"widget\" data-e-type=\"widget\" data-widget_type=\"image.default\">\n\t\t\t\t\t\t\t\t\t\t\t\t\t\t\t<img loading=\"lazy\" decoding=\"async\" width=\"750\" height=\"750\" src=\"https:\/\/www.iocharger.com\/wp-content\/uploads\/2023\/09\/15-2-1.jpg\" class=\"attachment-full size-full wp-image-4169\" alt=\"\" srcset=\"https:\/\/www.iocharger.com\/wp-content\/uploads\/2023\/09\/15-2-1.jpg 750w, https:\/\/www.iocharger.com\/wp-content\/uploads\/2023\/09\/15-2-1-150x150.jpg 150w, https:\/\/www.iocharger.com\/wp-content\/uploads\/2023\/09\/15-2-1-660x660.jpg 660w, https:\/\/www.iocharger.com\/wp-content\/uploads\/2023\/09\/15-2-1-300x300.jpg 300w, https:\/\/www.iocharger.com\/wp-content\/uploads\/2023\/09\/15-2-1-285x285.jpg 285w, https:\/\/www.iocharger.com\/wp-content\/uploads\/2023\/09\/15-2-1-270x270.jpg 270w, https:\/\/www.iocharger.com\/wp-content\/uploads\/2023\/09\/15-2-1-540x540.jpg 540w\" sizes=\"(max-width: 750px) 100vw, 750px\" \/>\t\t\t\t\t\t\t\t\t\t\t\t\t\t\t<\/div>\n\t\t\t\t\t<\/div>\n\t\t<\/div>\n\t\t\t\t<div class=\"elementor-column elementor-col-50 elementor-top-column elementor-element elementor-element-76a6ca7\" data-id=\"76a6ca7\" data-element_type=\"column\" data-e-type=\"column\">\n\t\t\t<div class=\"elementor-widget-wrap elementor-element-populated\">\n\t\t\t\t\t\t<div class=\"elementor-element elementor-element-39c75da elementor-widget elementor-widget-text-editor\" data-id=\"39c75da\" data-element_type=\"widget\" data-e-type=\"widget\" data-widget_type=\"text-editor.default\">\n\t\t\t\t\t\t\t\t\t<p><strong>Em conformidade com a OCPP e fi\u00e1vel em todas as situa\u00e7\u00f5es<\/strong><br \/>Totalmente compat\u00edvel com os perfis OCPP 1.6J e OCPP 2.0.1, o que significa que pode lig\u00e1-lo facilmente a qualquer OCPP CCMS de terceiros para monitoriza\u00e7\u00e3o e gest\u00e3o remotas. Est\u00e1 sempre ligado ao sistema de gest\u00e3o de carregamento para que possa monitorizar e gerir os seus postos de carregamento, atualizar o software remotamente e assegurar as receitas, etc.<\/p>\t\t\t\t\t\t\t\t<\/div>\n\t\t\t\t\t<\/div>\n\t\t<\/div>\n\t\t\t\t\t<\/div>\n\t\t<\/section>\n\t\t\t\t<\/div>","protected":false},"excerpt":{"rendered":"<div class=\"pro_main_text clearfix\">\n<p>O IOCAH10 \u00e9 uma esta\u00e7\u00e3o de carregamento de ve\u00edculos el\u00e9ctricos de alta qualidade e econ\u00f3mica, concebida para oferecer um carregamento r\u00e1pido completo do Modo 3 a qualquer ve\u00edculo el\u00e9trico nos EUA.<\/p>\n<\/div>\n<ul class=\"clearfix\">\n<li>Classifica\u00e7\u00e3o de entrada: Nominal 200-240V AC monof\u00e1sico<\/li>\n<li>Classifica\u00e7\u00e3o de sa\u00edda: 7kW 32A; 9,6kW 40A; 11kW 50A<\/li>\n<li>RCD interno: 20mA CCID<\/li>\n<li>Ecr\u00e3: LCD de 2,8 polegadas<\/li>\n<li>Interface de rede: Ethernet\/ WiFi\/ Liga\u00e7\u00e3o \u00e0 Internet inteligente 4G<\/li>\n<li>OCPP: Suporte completo para OCPP 1.6J\/ OCPP 2.0.1<\/li>\n<li>ISO15118 Plug &amp; Charge: Atualiz\u00e1vel<\/li>\n<li>Prote\u00e7\u00e3o contra a entrada: IP55<\/li>\n<li>Dimens\u00f5es de envio: 500 x 383 x 243 mm<\/li>\n<li>Interface de carregamento: SAE J1772 Tipo-1<\/li>\n<li>Tipo de montagem: Parede ou ch\u00e3o (pedestal fornecido separadamente)<\/li>\n<\/ul>","protected":false},"featured_media":5476,"template":"","meta":{"_acf_changed":false},"product_brand":[],"product_cat":[61],"product_tag":[63,64,65],"class_list":{"0":"post-2039","1":"product","2":"type-product","3":"status-publish","4":"has-post-thumbnail","6":"product_cat-commercial-ev-charger","7":"product_tag-32a-40a-50a-smart-charging-point","8":"product_tag-ul-level-2-fast-ev-charging-station","9":"product_tag-ul-ocpp-ev-charger","11":"first","12":"instock","13":"shipping-taxable","14":"product-type-simple"},"acf":[],"_links":{"self":[{"href":"https:\/\/www.iocharger.com\/pt\/wp-json\/wp\/v2\/product\/2039","targetHints":{"allow":["GET"]}}],"collection":[{"href":"https:\/\/www.iocharger.com\/pt\/wp-json\/wp\/v2\/product"}],"about":[{"href":"https:\/\/www.iocharger.com\/pt\/wp-json\/wp\/v2\/types\/product"}],"version-history":[{"count":0,"href":"https:\/\/www.iocharger.com\/pt\/wp-json\/wp\/v2\/product\/2039\/revisions"}],"wp:featuredmedia":[{"embeddable":true,"href":"https:\/\/www.iocharger.com\/pt\/wp-json\/wp\/v2\/media\/5476"}],"wp:attachment":[{"href":"https:\/\/www.iocharger.com\/pt\/wp-json\/wp\/v2\/media?parent=2039"}],"wp:term":[{"taxonomy":"product_brand","embeddable":true,"href":"https:\/\/www.iocharger.com\/pt\/wp-json\/wp\/v2\/product_brand?post=2039"},{"taxonomy":"product_cat","embeddable":true,"href":"https:\/\/www.iocharger.com\/pt\/wp-json\/wp\/v2\/product_cat?post=2039"},{"taxonomy":"product_tag","embeddable":true,"href":"https:\/\/www.iocharger.com\/pt\/wp-json\/wp\/v2\/product_tag?post=2039"}],"curies":[{"name":"wp","href":"https:\/\/api.w.org\/{rel}","templated":true}]}}