{"id":2028,"date":"2023-05-31T07:29:41","date_gmt":"2023-05-31T07:29:41","guid":{"rendered":"https:\/\/test2.honstyle.com\/?post_type=product&#038;p=2028"},"modified":"2026-04-13T09:16:18","modified_gmt":"2026-04-13T09:16:18","slug":"level-2-7kw-22kw-ocpp-1-6j-ocpp-2-0-1-smart-fast-home-ev-charger","status":"publish","type":"product","link":"https:\/\/www.iocharger.com\/pt\/level-2-7kw-22kw-ocpp-1-6j-ocpp-2-0-1-smart-fast-home-ev-charger\/","title":{"rendered":"ISO15118 Plug&amp;Charge N\u00edvel 2 7 kW 22 kW OCPP 1.6J OCPP 2.0.1 Carregador r\u00e1pido inteligente para ve\u00edculos el\u00e9tricos"},"content":{"rendered":"<div data-elementor-type=\"product-post\" data-elementor-id=\"2028\" class=\"elementor elementor-2028\" data-elementor-post-type=\"product\">\n\t\t\t\t\t\t<section class=\"elementor-section elementor-top-section elementor-element elementor-element-b7ea74d elementor-section-boxed elementor-section-height-default elementor-section-height-default\" data-id=\"b7ea74d\" data-element_type=\"section\">\n\t\t\t\t\t\t<div class=\"elementor-container elementor-column-gap-default\">\n\t\t\t\t\t<div class=\"elementor-column elementor-col-100 elementor-top-column elementor-element elementor-element-7907652\" data-id=\"7907652\" data-element_type=\"column\">\n\t\t\t<div class=\"elementor-widget-wrap elementor-element-populated\">\n\t\t\t\t\t\t<div class=\"elementor-element elementor-element-a224ce1 elementor-widget elementor-widget-text-editor\" data-id=\"a224ce1\" data-element_type=\"widget\" data-widget_type=\"text-editor.default\">\n\t\t\t\t\t\t\t\t\t<p><strong>Smart and intelligent ev charger for home<\/strong><\/p><p class=\"\">IOCAH20 is a smart, easy to install charger that allows you to add smart services and manage the charger remotely. Combined with IOC Family mobile App, it offers a full range of functions to control your charger status, users, charging schedules, energy consumption, and much more. The smart features make IOCAH20 the ideal choice for your home charging.<\/p>\t\t\t\t\t\t\t\t<\/div>\n\t\t\t\t\t<\/div>\n\t\t<\/div>\n\t\t\t\t\t<\/div>\n\t\t<\/section>\n\t\t\t\t<section class=\"elementor-section elementor-top-section elementor-element elementor-element-dcec509 elementor-section-boxed elementor-section-height-default elementor-section-height-default\" data-id=\"dcec509\" data-element_type=\"section\">\n\t\t\t\t\t\t<div class=\"elementor-container elementor-column-gap-default\">\n\t\t\t\t\t<div class=\"elementor-column elementor-col-100 elementor-top-column elementor-element elementor-element-4aa0bfb\" data-id=\"4aa0bfb\" data-element_type=\"column\">\n\t\t\t<div class=\"elementor-widget-wrap elementor-element-populated\">\n\t\t\t\t\t\t<div data-over-color=\"\" data-over=\"overlay\" class=\"elementor-element elementor-element-9586421 elementor-widget elementor-widget-video\" data-id=\"9586421\" data-element_type=\"widget\" data-settings=\"{&quot;video_type&quot;:&quot;hosted&quot;,&quot;controls&quot;:&quot;yes&quot;}\" data-widget_type=\"video.default\">\n\t\t\t\t\t\t\t<div class=\"e-hosted-video elementor-wrapper elementor-open-inline\">\n\t\t\t\t\t<video class=\"elementor-video\" src=\"https:\/\/www.iocharger.com\/wp-content\/uploads\/2023\/05\/iocharger-smart-AC-EV-Charger-IOCAH10-1.mp4\" controls=\"\" preload=\"metadata\" controlslist=\"nodownload\"><\/video>\n\t\t\t\t<\/div>\n\t\t\t\t\t\t<\/div>\n\t\t\t\t\t<\/div>\n\t\t<\/div>\n\t\t\t\t\t<\/div>\n\t\t<\/section>\n\t\t\t\t<section class=\"elementor-section elementor-top-section elementor-element elementor-element-2598f9d elementor-section-boxed elementor-section-height-default elementor-section-height-default\" data-id=\"2598f9d\" data-element_type=\"section\">\n\t\t\t\t\t\t<div class=\"elementor-container elementor-column-gap-default\">\n\t\t\t\t\t<div class=\"elementor-column elementor-col-50 elementor-top-column elementor-element elementor-element-1f2018a\" data-id=\"1f2018a\" data-element_type=\"column\">\n\t\t\t<div class=\"elementor-widget-wrap elementor-element-populated\">\n\t\t\t\t\t\t<div class=\"elementor-element elementor-element-4e0f1e8 elementor-widget elementor-widget-text-editor\" data-id=\"4e0f1e8\" data-element_type=\"widget\" data-widget_type=\"text-editor.default\">\n\t\t\t\t\t\t\t\t\t<p><strong>Carater\u00edsticas principais:<\/strong><\/p><ul><li>Compat\u00edvel com todos os VEs e redes el\u00e9ctricas<\/li><li>Both socket &amp; tethered version available<\/li><li>Ecr\u00e3 LCD de 2,8\u201d para um funcionamento f\u00e1cil e intuitivo<\/li><li>Design \u00fanico de instala\u00e7\u00e3o com placa traseira independente<\/li><li>Configura\u00e7\u00e3o flex\u00edvel da corrente de sa\u00edda \/ pot\u00eancia<\/li><li>Customizable breathing lightaccording to preferences<\/li><li>Suporte inteligente de balanceamento de carga din\u00e2mica<\/li><li>Autentica\u00e7\u00e3o do utilizador atrav\u00e9s de RFID ou aplica\u00e7\u00e3o m\u00f3vel<\/li><li>Portal Web de f\u00e1cil utiliza\u00e7\u00e3o para configura\u00e7\u00e3o do carregador<\/li><li>Controlo e monitoriza\u00e7\u00e3o \u00e0 dist\u00e2ncia<\/li><li>Design aerodin\u00e2mico, aspeto simples e elegante<\/li><li>AC 30mA &amp; DC 6mA current leakage protection<\/li><\/ul>\t\t\t\t\t\t\t\t<\/div>\n\t\t\t\t\t<\/div>\n\t\t<\/div>\n\t\t\t\t<div class=\"elementor-column elementor-col-50 elementor-top-column elementor-element elementor-element-5022d89\" data-id=\"5022d89\" data-element_type=\"column\">\n\t\t\t<div class=\"elementor-widget-wrap elementor-element-populated\">\n\t\t\t\t\t\t<div class=\"elementor-element elementor-element-9092be4 elementor-widget elementor-widget-image\" data-id=\"9092be4\" data-element_type=\"widget\" data-widget_type=\"image.default\">\n\t\t\t\t\t\t\t\t\t\t\t\t\t\t\t<img fetchpriority=\"high\" decoding=\"async\" width=\"750\" height=\"750\" src=\"https:\/\/www.iocharger.com\/wp-content\/uploads\/2023\/05\/ev-charger-2-3-1-1.png\" class=\"attachment-full size-full wp-image-6068\" alt=\"\" srcset=\"https:\/\/www.iocharger.com\/wp-content\/uploads\/2023\/05\/ev-charger-2-3-1-1.png 750w, https:\/\/www.iocharger.com\/wp-content\/uploads\/2023\/05\/ev-charger-2-3-1-1-150x150.png 150w, https:\/\/www.iocharger.com\/wp-content\/uploads\/2023\/05\/ev-charger-2-3-1-1-660x660.png 660w, https:\/\/www.iocharger.com\/wp-content\/uploads\/2023\/05\/ev-charger-2-3-1-1-300x300.png 300w, https:\/\/www.iocharger.com\/wp-content\/uploads\/2023\/05\/ev-charger-2-3-1-1-285x285.png 285w, https:\/\/www.iocharger.com\/wp-content\/uploads\/2023\/05\/ev-charger-2-3-1-1-270x270.png 270w, https:\/\/www.iocharger.com\/wp-content\/uploads\/2023\/05\/ev-charger-2-3-1-1-540x540.png 540w\" sizes=\"(max-width: 750px) 100vw, 750px\" \/>\t\t\t\t\t\t\t\t\t\t\t\t\t\t\t<\/div>\n\t\t\t\t\t<\/div>\n\t\t<\/div>\n\t\t\t\t\t<\/div>\n\t\t<\/section>\n\t\t\t\t<section class=\"elementor-section elementor-top-section elementor-element elementor-element-b694dda elementor-section-boxed elementor-section-height-default elementor-section-height-default\" data-id=\"b694dda\" data-element_type=\"section\">\n\t\t\t\t\t\t<div class=\"elementor-container elementor-column-gap-default\">\n\t\t\t\t\t<div class=\"elementor-column elementor-col-50 elementor-top-column elementor-element elementor-element-0ecd82e\" data-id=\"0ecd82e\" data-element_type=\"column\">\n\t\t\t<div class=\"elementor-widget-wrap elementor-element-populated\">\n\t\t\t\t\t\t<div class=\"elementor-element elementor-element-dd38482 elementor-widget elementor-widget-image\" data-id=\"dd38482\" data-element_type=\"widget\" data-widget_type=\"image.default\">\n\t\t\t\t\t\t\t\t\t\t\t\t\t\t\t<img decoding=\"async\" width=\"750\" height=\"750\" src=\"https:\/\/www.iocharger.com\/wp-content\/uploads\/2023\/05\/Home-EV-Charger-2-2-1.png\" class=\"attachment-full size-full wp-image-5467\" alt=\"\" srcset=\"https:\/\/www.iocharger.com\/wp-content\/uploads\/2023\/05\/Home-EV-Charger-2-2-1.png 750w, https:\/\/www.iocharger.com\/wp-content\/uploads\/2023\/05\/Home-EV-Charger-2-2-1-150x150.png 150w, https:\/\/www.iocharger.com\/wp-content\/uploads\/2023\/05\/Home-EV-Charger-2-2-1-660x660.png 660w, https:\/\/www.iocharger.com\/wp-content\/uploads\/2023\/05\/Home-EV-Charger-2-2-1-300x300.png 300w, https:\/\/www.iocharger.com\/wp-content\/uploads\/2023\/05\/Home-EV-Charger-2-2-1-285x285.png 285w, https:\/\/www.iocharger.com\/wp-content\/uploads\/2023\/05\/Home-EV-Charger-2-2-1-270x270.png 270w, https:\/\/www.iocharger.com\/wp-content\/uploads\/2023\/05\/Home-EV-Charger-2-2-1-540x540.png 540w\" sizes=\"(max-width: 750px) 100vw, 750px\" \/>\t\t\t\t\t\t\t\t\t\t\t\t\t\t\t<\/div>\n\t\t\t\t\t<\/div>\n\t\t<\/div>\n\t\t\t\t<div class=\"elementor-column elementor-col-50 elementor-top-column elementor-element elementor-element-5b52f7e\" data-id=\"5b52f7e\" data-element_type=\"column\">\n\t\t\t<div class=\"elementor-widget-wrap elementor-element-populated\">\n\t\t\t\t\t\t<div class=\"elementor-element elementor-element-4834d3a elementor-widget elementor-widget-text-editor\" data-id=\"4834d3a\" data-element_type=\"widget\" data-widget_type=\"text-editor.default\">\n\t\t\t\t\t\t\t\t\t<p><strong>Graphic display and Customizable breathing light<\/strong><\/p><p>IOCAH20 equipped with 2.8\u2019 LCD display which means user can easily check the charger status and real-time charging data. These information provides user the preliminary fault diagnosis and minimizes the cost and time of maintenance.<\/p><p>Each user can set the breathing light of charger each status according to their own preferences, including type, flashing speed, color, etc. With this stylish functional design IOCAH20 provides users the ultimate experience.<\/p>\t\t\t\t\t\t\t\t<\/div>\n\t\t\t\t\t<\/div>\n\t\t<\/div>\n\t\t\t\t\t<\/div>\n\t\t<\/section>\n\t\t\t\t<section class=\"elementor-section elementor-top-section elementor-element elementor-element-44ae0ae elementor-section-boxed elementor-section-height-default elementor-section-height-default\" data-id=\"44ae0ae\" data-element_type=\"section\">\n\t\t\t\t\t\t<div class=\"elementor-container elementor-column-gap-default\">\n\t\t\t\t\t<div class=\"elementor-column elementor-col-50 elementor-top-column elementor-element elementor-element-9217973\" data-id=\"9217973\" data-element_type=\"column\">\n\t\t\t<div class=\"elementor-widget-wrap elementor-element-populated\">\n\t\t\t\t\t\t<div class=\"elementor-element elementor-element-65ef5ff elementor-widget elementor-widget-text-editor\" data-id=\"65ef5ff\" data-element_type=\"widget\" data-widget_type=\"text-editor.default\">\n\t\t\t\t\t\t\t\t\t<p><strong>OCPP compliant<\/strong><br \/>Fully OCPP 1.6J and OCPP 2.0 profiles compliant, which means you can easily connect it to any 3rd party OCPP CCMS for remote monitoring and management.<\/p><p><strong>Suporte ao balanceamento din\u00e2mico de carga<\/strong><br \/>Load balancing feature of IOCAH20 makes it perfect for home and residential charging. It ensures that user can dynamically balance all the available electricity at home, including solar energy, battery system, and the circuit would never be overloaded. All the equipment can then run normally to maximize the economic power consumption.<\/p>\t\t\t\t\t\t\t\t<\/div>\n\t\t\t\t\t<\/div>\n\t\t<\/div>\n\t\t\t\t<div class=\"elementor-column elementor-col-50 elementor-top-column elementor-element elementor-element-31e42a2\" data-id=\"31e42a2\" data-element_type=\"column\">\n\t\t\t<div class=\"elementor-widget-wrap elementor-element-populated\">\n\t\t\t\t\t\t<div class=\"elementor-element elementor-element-e9d38df elementor-widget elementor-widget-image\" data-id=\"e9d38df\" data-element_type=\"widget\" data-widget_type=\"image.default\">\n\t\t\t\t\t\t\t\t\t\t\t\t\t\t\t<img decoding=\"async\" width=\"750\" height=\"750\" src=\"https:\/\/www.iocharger.com\/wp-content\/uploads\/2023\/05\/Dynamic-Load-Balancing-ev-charger-1.png\" class=\"attachment-full size-full wp-image-7005\" alt=\"Dynamic-Load-Balancing ev charger\" srcset=\"https:\/\/www.iocharger.com\/wp-content\/uploads\/2023\/05\/Dynamic-Load-Balancing-ev-charger-1.png 750w, https:\/\/www.iocharger.com\/wp-content\/uploads\/2023\/05\/Dynamic-Load-Balancing-ev-charger-1-150x150.png 150w, https:\/\/www.iocharger.com\/wp-content\/uploads\/2023\/05\/Dynamic-Load-Balancing-ev-charger-1-660x660.png 660w, https:\/\/www.iocharger.com\/wp-content\/uploads\/2023\/05\/Dynamic-Load-Balancing-ev-charger-1-300x300.png 300w, https:\/\/www.iocharger.com\/wp-content\/uploads\/2023\/05\/Dynamic-Load-Balancing-ev-charger-1-285x285.png 285w, https:\/\/www.iocharger.com\/wp-content\/uploads\/2023\/05\/Dynamic-Load-Balancing-ev-charger-1-270x270.png 270w, https:\/\/www.iocharger.com\/wp-content\/uploads\/2023\/05\/Dynamic-Load-Balancing-ev-charger-1-540x540.png 540w\" sizes=\"(max-width: 750px) 100vw, 750px\" \/>\t\t\t\t\t\t\t\t\t\t\t\t\t\t\t<\/div>\n\t\t\t\t\t<\/div>\n\t\t<\/div>\n\t\t\t\t\t<\/div>\n\t\t<\/section>\n\t\t\t\t<section class=\"elementor-section elementor-top-section elementor-element elementor-element-fd82118 elementor-section-boxed elementor-section-height-default elementor-section-height-default\" data-id=\"fd82118\" data-element_type=\"section\">\n\t\t\t\t\t\t<div class=\"elementor-container elementor-column-gap-default\">\n\t\t\t\t\t<div class=\"elementor-column elementor-col-50 elementor-top-column elementor-element elementor-element-816c203\" data-id=\"816c203\" data-element_type=\"column\">\n\t\t\t<div class=\"elementor-widget-wrap elementor-element-populated\">\n\t\t\t\t\t\t<div class=\"elementor-element elementor-element-5179c5e elementor-widget elementor-widget-image\" data-id=\"5179c5e\" data-element_type=\"widget\" data-widget_type=\"image.default\">\n\t\t\t\t\t\t\t\t\t\t\t\t\t\t\t<img loading=\"lazy\" decoding=\"async\" width=\"750\" height=\"750\" src=\"https:\/\/www.iocharger.com\/wp-content\/uploads\/2023\/05\/smart-app-control-ev-charging-1.png\" class=\"attachment-full size-full wp-image-3984\" alt=\"smart app control ev charging\" srcset=\"https:\/\/www.iocharger.com\/wp-content\/uploads\/2023\/05\/smart-app-control-ev-charging-1.png 750w, https:\/\/www.iocharger.com\/wp-content\/uploads\/2023\/05\/smart-app-control-ev-charging-1-150x150.png 150w, https:\/\/www.iocharger.com\/wp-content\/uploads\/2023\/05\/smart-app-control-ev-charging-1-660x660.png 660w, https:\/\/www.iocharger.com\/wp-content\/uploads\/2023\/05\/smart-app-control-ev-charging-1-300x300.png 300w, https:\/\/www.iocharger.com\/wp-content\/uploads\/2023\/05\/smart-app-control-ev-charging-1-285x285.png 285w, https:\/\/www.iocharger.com\/wp-content\/uploads\/2023\/05\/smart-app-control-ev-charging-1-270x270.png 270w, https:\/\/www.iocharger.com\/wp-content\/uploads\/2023\/05\/smart-app-control-ev-charging-1-540x540.png 540w\" sizes=\"(max-width: 750px) 100vw, 750px\" \/>\t\t\t\t\t\t\t\t\t\t\t\t\t\t\t<\/div>\n\t\t\t\t\t<\/div>\n\t\t<\/div>\n\t\t\t\t<div class=\"elementor-column elementor-col-50 elementor-top-column elementor-element elementor-element-48ab8d2\" data-id=\"48ab8d2\" data-element_type=\"column\">\n\t\t\t<div class=\"elementor-widget-wrap elementor-element-populated\">\n\t\t\t\t\t\t<div class=\"elementor-element elementor-element-d79b927 elementor-widget elementor-widget-text-editor\" data-id=\"d79b927\" data-element_type=\"widget\" data-widget_type=\"text-editor.default\">\n\t\t\t\t\t\t\t\t\t<p><strong>Economical charging<\/strong><\/p><p>The exponential surge in electricity prices has significantly escalated the household electricity expenses for consumers. It is the best choice for users to use the time-of-use electricity price for off-peak charging to minimize the charging cost. Our IOC Family mobile app provides full control over charging and consumption. The app also allows user to charge the car when the electricity price is low by activating Eco mode<\/p>\t\t\t\t\t\t\t\t<\/div>\n\t\t\t\t\t<\/div>\n\t\t<\/div>\n\t\t\t\t\t<\/div>\n\t\t<\/section>\n\t\t\t\t<\/div>","protected":false},"excerpt":{"rendered":"<p>The smartest charger with intelligent charging function and a user-friendly mobile app which with functions like charging schedule management, energy management, Eco mode, etc.<\/p>\n<ul class=\"clearfix\">\n<li>Classifica\u00e7\u00e3o de entrada: 1-fase 230V\u00b120% ; 3-fase 400V\u00b120%<\/li>\n<li>Output Rating: 1-phase 7kW 32A ; 3-phase 22kW 32A<\/li>\n<li>RCD interno: AC 30mA e DC 6mA Certifica\u00e7\u00e3o IEC62955 e IEC61008<\/li>\n<li>Ecr\u00e3: LCD de 2,8 polegadas<\/li>\n<li>Meter: Meter IC or MID meter (Optional)<\/li>\n<li>Interface de rede: Ethernet\/ WiFi\/ Liga\u00e7\u00e3o \u00e0 Internet inteligente 4G<\/li>\n<li>OCPP: Suporte completo para OCPP 1.6J\/ OCPP 2.0.1<\/li>\n<li>Plug&amp;Charge ISO15118: Atualiz\u00e1vel<\/li>\n<li>Prote\u00e7\u00e3o contra a entrada: IP55<\/li>\n<li>Shipping Dimensions: 500 x 383 x 198 mm; 500 x 383 x 243 mm<\/li>\n<li>Interface de carregamento: Cabo SAE J1772 e Tipo-2\/ Tomada Tipo-2\/ Tomada T2S com obturador<\/li>\n<li>Tipo de montagem: Parede ou ch\u00e3o (pedestal fornecido separadamente)<\/li>\n<\/ul>","protected":false},"featured_media":5404,"template":"","meta":{"_acf_changed":false},"product_brand":[],"product_cat":[61],"product_tag":[59,60,380,62,379],"class_list":{"0":"post-2028","1":"product","2":"type-product","3":"status-publish","4":"has-post-thumbnail","6":"product_cat-commercial-ev-charger","7":"product_tag-22kw-home-smart-ev-charger","8":"product_tag-7kw-22kw-residential-ev-charger","9":"product_tag-commercial-level-2-ev-charger","10":"product_tag-iso15118-plug-charge","11":"product_tag-ocpp-ev-charger","13":"first","14":"instock","15":"featured","16":"shipping-taxable","17":"product-type-simple"},"acf":[],"_links":{"self":[{"href":"https:\/\/www.iocharger.com\/pt\/wp-json\/wp\/v2\/product\/2028","targetHints":{"allow":["GET"]}}],"collection":[{"href":"https:\/\/www.iocharger.com\/pt\/wp-json\/wp\/v2\/product"}],"about":[{"href":"https:\/\/www.iocharger.com\/pt\/wp-json\/wp\/v2\/types\/product"}],"version-history":[{"count":1,"href":"https:\/\/www.iocharger.com\/pt\/wp-json\/wp\/v2\/product\/2028\/revisions"}],"predecessor-version":[{"id":9818,"href":"https:\/\/www.iocharger.com\/pt\/wp-json\/wp\/v2\/product\/2028\/revisions\/9818"}],"wp:featuredmedia":[{"embeddable":true,"href":"https:\/\/www.iocharger.com\/pt\/wp-json\/wp\/v2\/media\/5404"}],"wp:attachment":[{"href":"https:\/\/www.iocharger.com\/pt\/wp-json\/wp\/v2\/media?parent=2028"}],"wp:term":[{"taxonomy":"product_brand","embeddable":true,"href":"https:\/\/www.iocharger.com\/pt\/wp-json\/wp\/v2\/product_brand?post=2028"},{"taxonomy":"product_cat","embeddable":true,"href":"https:\/\/www.iocharger.com\/pt\/wp-json\/wp\/v2\/product_cat?post=2028"},{"taxonomy":"product_tag","embeddable":true,"href":"https:\/\/www.iocharger.com\/pt\/wp-json\/wp\/v2\/product_tag?post=2028"}],"curies":[{"name":"wp","href":"https:\/\/api.w.org\/{rel}","templated":true}]}}