{"id":8083,"date":"2023-05-26T02:24:17","date_gmt":"2023-05-26T02:24:17","guid":{"rendered":"https:\/\/test2.honstyle.com\/?page_id=1810"},"modified":"2023-05-26T02:24:17","modified_gmt":"2023-05-26T02:24:17","slug":"residential","status":"publish","type":"page","link":"https:\/\/www.iocharger.com\/pt\/residential\/","title":{"rendered":"Residencial"},"content":{"rendered":"<div data-elementor-type=\"wp-page\" data-elementor-id=\"8083\" class=\"elementor elementor-8083\" data-elementor-post-type=\"page\">\n\t\t\t\t\t\t<section class=\"elementor-section elementor-top-section elementor-element elementor-element-647aef5 elementor-section-boxed elementor-section-height-default elementor-section-height-default\" data-id=\"647aef5\" data-element_type=\"section\">\n\t\t\t\t\t\t<div class=\"elementor-container elementor-column-gap-default\">\n\t\t\t\t\t<div class=\"elementor-column elementor-col-100 elementor-top-column elementor-element elementor-element-b4d03bb\" data-id=\"b4d03bb\" data-element_type=\"column\">\n\t\t\t<div class=\"elementor-widget-wrap elementor-element-populated\">\n\t\t\t\t\t\t<div class=\"elementor-element elementor-element-350faab elementor-widget elementor-widget-text-editor\" data-id=\"350faab\" data-element_type=\"widget\" data-widget_type=\"text-editor.default\">\n\t\t\t\t\t\t\t\t\t<p>Carregador de ve\u00edculos el\u00e9ctricos de n\u00edvel 2 inteligente e simples para casas particulares e apartamentos residenciais.<\/p>\t\t\t\t\t\t\t\t<\/div>\n\t\t\t\t\t<\/div>\n\t\t<\/div>\n\t\t\t\t\t<\/div>\n\t\t<\/section>\n\t\t\t\t<section class=\"elementor-section elementor-top-section elementor-element elementor-element-a6c3ce5 elementor-section-boxed elementor-section-height-default elementor-section-height-default\" data-id=\"a6c3ce5\" data-element_type=\"section\">\n\t\t\t\t\t\t<div class=\"elementor-container elementor-column-gap-default\">\n\t\t\t\t\t<div class=\"elementor-column elementor-col-50 elementor-top-column elementor-element elementor-element-cd7c23b\" data-id=\"cd7c23b\" data-element_type=\"column\">\n\t\t\t<div class=\"elementor-widget-wrap elementor-element-populated\">\n\t\t\t\t\t\t<div class=\"elementor-element elementor-element-476c888 elementor-widget elementor-widget-heading\" data-id=\"476c888\" data-element_type=\"widget\" data-widget_type=\"heading.default\">\n\t\t\t\t\t<span class=\"elementor-heading-title elementor-size-default elementor-heading-title\">Gama completa de produtos<\/span>\t\t\t\t<\/div>\n\t\t\t\t<div class=\"elementor-element elementor-element-c2e8a17 elementor-widget elementor-widget-text-editor\" data-id=\"c2e8a17\" data-element_type=\"widget\" data-widget_type=\"text-editor.default\">\n\t\t\t\t\t\t\t\t\t<p>A Iocharger oferece solu\u00e7\u00f5es completas de carregamento de ve\u00edculos el\u00e9ctricos para o carregamento de ve\u00edculos el\u00e9ctricos residenciais, como carregadores, sistemas de gest\u00e3o de energia, aplica\u00e7\u00f5es m\u00f3veis, etc. Os nossos carregadores s\u00e3o compat\u00edveis com todos os modelos de ve\u00edculos el\u00e9ctricos e f\u00e1ceis de ligar a plataformas baseadas em OCPP.<\/p>\t\t\t\t\t\t\t\t<\/div>\n\t\t\t\t<div class=\"elementor-element elementor-element-37d629c elementor-widget elementor-widget-button\" data-id=\"37d629c\" data-element_type=\"widget\" data-widget_type=\"button.default\">\n\t\t\t\t\t\t\t\t\t\t<a class=\"elementor-button elementor-button-link elementor-size-sm\" href=\"https:\/\/www.iocharger.com\/pt\/products\/\">\n\t\t\t\t\t\t<span class=\"elementor-button-content-wrapper\">\n\t\t\t\t\t\t\t\t\t<span class=\"elementor-button-text\">Ver mais produtos<\/span>\n\t\t\t\t\t<\/span>\n\t\t\t\t\t<\/a>\n\t\t\t\t\t\t\t\t<\/div>\n\t\t\t\t\t<\/div>\n\t\t<\/div>\n\t\t\t\t<div class=\"elementor-column elementor-col-50 elementor-top-column elementor-element elementor-element-960af82\" data-id=\"960af82\" data-element_type=\"column\">\n\t\t\t<div class=\"elementor-widget-wrap elementor-element-populated\">\n\t\t\t\t\t\t<div class=\"elementor-element elementor-element-acf1989 elementor-widget elementor-widget-image\" data-id=\"acf1989\" data-element_type=\"widget\" data-widget_type=\"image.default\">\n\t\t\t\t\t\t\t\t\t\t\t\t\t\t\t<img fetchpriority=\"high\" decoding=\"async\" width=\"920\" height=\"518\" src=\"https:\/\/www.iocharger.com\/wp-content\/uploads\/2023\/05\/Full-range-of-products-1.jpg\" class=\"attachment-full size-full wp-image-1857\" alt=\"\" srcset=\"https:\/\/www.iocharger.com\/wp-content\/uploads\/2023\/05\/Full-range-of-products-1.jpg 920w, https:\/\/www.iocharger.com\/wp-content\/uploads\/2023\/05\/Full-range-of-products-1-150x84.jpg 150w, https:\/\/www.iocharger.com\/wp-content\/uploads\/2023\/05\/Full-range-of-products-1-660x372.jpg 660w, https:\/\/www.iocharger.com\/wp-content\/uploads\/2023\/05\/Full-range-of-products-1-300x169.jpg 300w, https:\/\/www.iocharger.com\/wp-content\/uploads\/2023\/05\/Full-range-of-products-1-768x432.jpg 768w, https:\/\/www.iocharger.com\/wp-content\/uploads\/2023\/05\/Full-range-of-products-1-285x160.jpg 285w\" sizes=\"(max-width: 920px) 100vw, 920px\" \/>\t\t\t\t\t\t\t\t\t\t\t\t\t\t\t<\/div>\n\t\t\t\t\t<\/div>\n\t\t<\/div>\n\t\t\t\t\t<\/div>\n\t\t<\/section>\n\t\t\t\t<section class=\"elementor-section elementor-top-section elementor-element elementor-element-b7ffb96 elementor-section-boxed elementor-section-height-default elementor-section-height-default\" data-id=\"b7ffb96\" data-element_type=\"section\">\n\t\t\t\t\t\t<div class=\"elementor-container elementor-column-gap-default\">\n\t\t\t\t\t<div class=\"elementor-column elementor-col-50 elementor-top-column elementor-element elementor-element-51c9320\" data-id=\"51c9320\" data-element_type=\"column\">\n\t\t\t<div class=\"elementor-widget-wrap elementor-element-populated\">\n\t\t\t\t\t\t<div class=\"elementor-element elementor-element-96f4f01 elementor-widget elementor-widget-image\" data-id=\"96f4f01\" data-element_type=\"widget\" data-widget_type=\"image.default\">\n\t\t\t\t\t\t\t\t\t\t\t\t\t\t\t<img decoding=\"async\" width=\"920\" height=\"518\" src=\"https:\/\/www.iocharger.com\/wp-content\/uploads\/2023\/05\/Full-range-of-products1-1.jpg\" class=\"attachment-full size-full wp-image-1855\" alt=\"\" srcset=\"https:\/\/www.iocharger.com\/wp-content\/uploads\/2023\/05\/Full-range-of-products1-1.jpg 920w, https:\/\/www.iocharger.com\/wp-content\/uploads\/2023\/05\/Full-range-of-products1-1-150x84.jpg 150w, https:\/\/www.iocharger.com\/wp-content\/uploads\/2023\/05\/Full-range-of-products1-1-660x372.jpg 660w, https:\/\/www.iocharger.com\/wp-content\/uploads\/2023\/05\/Full-range-of-products1-1-300x169.jpg 300w, https:\/\/www.iocharger.com\/wp-content\/uploads\/2023\/05\/Full-range-of-products1-1-768x432.jpg 768w, https:\/\/www.iocharger.com\/wp-content\/uploads\/2023\/05\/Full-range-of-products1-1-285x160.jpg 285w\" sizes=\"(max-width: 920px) 100vw, 920px\" \/>\t\t\t\t\t\t\t\t\t\t\t\t\t\t\t<\/div>\n\t\t\t\t\t<\/div>\n\t\t<\/div>\n\t\t\t\t<div class=\"elementor-column elementor-col-50 elementor-top-column elementor-element elementor-element-0c925db\" data-id=\"0c925db\" data-element_type=\"column\">\n\t\t\t<div class=\"elementor-widget-wrap elementor-element-populated\">\n\t\t\t\t\t\t<div class=\"elementor-element elementor-element-0856f35 elementor-widget elementor-widget-heading\" data-id=\"0856f35\" data-element_type=\"widget\" data-widget_type=\"heading.default\">\n\t\t\t\t\t<span class=\"elementor-heading-title elementor-size-default elementor-heading-title\">A solu\u00e7\u00e3o de constru\u00e7\u00e3o mais c\u00f3moda<\/span>\t\t\t\t<\/div>\n\t\t\t\t<div class=\"elementor-element elementor-element-d0154aa elementor-widget elementor-widget-text-editor\" data-id=\"d0154aa\" data-element_type=\"widget\" data-widget_type=\"text-editor.default\">\n\t\t\t\t\t\t\t\t\t<p>Com a crescente procura de carregamento de ve\u00edculos el\u00e9ctricos, \u00e9 essencial ter uma solu\u00e7\u00e3o de constru\u00e7\u00e3o que seja simultaneamente conveniente e econ\u00f3mica. Fornecemos essa solu\u00e7\u00e3o com um design \u00fanico de placa posterior, que permite a pr\u00e9-instala\u00e7\u00e3o em massa durante a constru\u00e7\u00e3o do edif\u00edcio. Isto reduz significativamente o tempo e os custos de instala\u00e7\u00e3o no local, tornando-a uma solu\u00e7\u00e3o ideal para \u00e1reas residenciais recentemente planeadas.<\/p><p>Al\u00e9m disso, o design independente da placa traseira facilita aos utilizadores a instala\u00e7\u00e3o do carregador sem a necessidade de electricistas profissionais, poupando-lhes tempo e dinheiro valiosos. Em caso de avaria do carregador, os operadores podem simplesmente substituir o carregador sem remover a placa posterior, o que resulta em custos de manuten\u00e7\u00e3o mais baixos.<\/p><p>Connosco, os propriet\u00e1rios e operadores de edif\u00edcios podem beneficiar de uma solu\u00e7\u00e3o de carregamento eficiente e sem complica\u00e7\u00f5es que satisfaz as necessidades dos seus residentes, minimizando simultaneamente as despesas de instala\u00e7\u00e3o e manuten\u00e7\u00e3o.<\/p>\t\t\t\t\t\t\t\t<\/div>\n\t\t\t\t\t<\/div>\n\t\t<\/div>\n\t\t\t\t\t<\/div>\n\t\t<\/section>\n\t\t\t\t<section class=\"elementor-section elementor-top-section elementor-element elementor-element-b6876b8 elementor-section-boxed elementor-section-height-default elementor-section-height-default\" data-id=\"b6876b8\" data-element_type=\"section\">\n\t\t\t\t\t\t<div class=\"elementor-container elementor-column-gap-default\">\n\t\t\t\t\t<div class=\"elementor-column elementor-col-50 elementor-top-column elementor-element elementor-element-a3d70a5\" data-id=\"a3d70a5\" data-element_type=\"column\">\n\t\t\t<div class=\"elementor-widget-wrap elementor-element-populated\">\n\t\t\t\t\t\t<div class=\"elementor-element elementor-element-075b9a9 elementor-widget elementor-widget-heading\" data-id=\"075b9a9\" data-element_type=\"widget\" data-widget_type=\"heading.default\">\n\t\t\t\t\t<span class=\"elementor-heading-title elementor-size-default elementor-heading-title\">Gest\u00e3o de cargas din\u00e2micas residenciais<\/span>\t\t\t\t<\/div>\n\t\t\t\t<div class=\"elementor-element elementor-element-3d288bc elementor-widget elementor-widget-text-editor\" data-id=\"3d288bc\" data-element_type=\"widget\" data-widget_type=\"text-editor.default\">\n\t\t\t\t\t\t\t\t\t<p>Com<strong> iocharger's<\/strong> solu\u00e7\u00e3o de equil\u00edbrio din\u00e2mico de carga, a corrente dispon\u00edvel ser\u00e1 distribu\u00edda de forma autom\u00e1tica e inteligente entre o carregador de ve\u00edculos el\u00e9ctricos e todos os outros aparelhos dom\u00e9sticos.\u00a0<\/p><p class=\"\">Os sistemas solares e de baterias, considerados como a energia mais limpa, s\u00e3o o futuro do nosso globo verde. Com<strong> iocharger's<\/strong> Com a mais recente solu\u00e7\u00e3o de armazenamento de energia, os utilizadores atingem facilmente o objetivo de adicionar um sistema de armazenamento de energia fotovoltaica ao seu sistema de carregamento de VE residencial. Assim, a nossa solu\u00e7\u00e3o avan\u00e7ada \u00e9 simultaneamente amiga do ambiente e rent\u00e1vel.<\/p>\t\t\t\t\t\t\t\t<\/div>\n\t\t\t\t\t<\/div>\n\t\t<\/div>\n\t\t\t\t<div class=\"elementor-column elementor-col-50 elementor-top-column elementor-element elementor-element-d7b85e5\" data-id=\"d7b85e5\" data-element_type=\"column\">\n\t\t\t<div class=\"elementor-widget-wrap elementor-element-populated\">\n\t\t\t\t\t\t<div class=\"elementor-element elementor-element-d22d95d elementor-widget elementor-widget-image\" data-id=\"d22d95d\" data-element_type=\"widget\" data-widget_type=\"image.default\">\n\t\t\t\t\t\t\t\t\t\t\t\t\t\t\t<img decoding=\"async\" width=\"920\" height=\"518\" src=\"https:\/\/www.iocharger.com\/wp-content\/uploads\/2023\/05\/EV-Chargers-Other-Load-Appliances-1.jpg\" class=\"attachment-full size-full wp-image-1856\" alt=\"\" srcset=\"https:\/\/www.iocharger.com\/wp-content\/uploads\/2023\/05\/EV-Chargers-Other-Load-Appliances-1.jpg 920w, https:\/\/www.iocharger.com\/wp-content\/uploads\/2023\/05\/EV-Chargers-Other-Load-Appliances-1-150x84.jpg 150w, https:\/\/www.iocharger.com\/wp-content\/uploads\/2023\/05\/EV-Chargers-Other-Load-Appliances-1-660x372.jpg 660w, https:\/\/www.iocharger.com\/wp-content\/uploads\/2023\/05\/EV-Chargers-Other-Load-Appliances-1-300x169.jpg 300w, https:\/\/www.iocharger.com\/wp-content\/uploads\/2023\/05\/EV-Chargers-Other-Load-Appliances-1-768x432.jpg 768w, https:\/\/www.iocharger.com\/wp-content\/uploads\/2023\/05\/EV-Chargers-Other-Load-Appliances-1-285x160.jpg 285w\" sizes=\"(max-width: 920px) 100vw, 920px\" \/>\t\t\t\t\t\t\t\t\t\t\t\t\t\t\t<\/div>\n\t\t\t\t\t<\/div>\n\t\t<\/div>\n\t\t\t\t\t<\/div>\n\t\t<\/section>\n\t\t\t\t<\/div>","protected":false},"excerpt":{"rendered":"<p>Smart and simple level 2 EV charger for private home and residential apartments. Full range of products Iocharger&#8230;<\/p>","protected":false},"author":1,"featured_media":0,"parent":0,"menu_order":0,"comment_status":"closed","ping_status":"closed","template":"elementor_header_footer","meta":{"_acf_changed":false,"footnotes":""},"class_list":["post-8083","page","type-page","status-publish","hentry"],"acf":[],"_links":{"self":[{"href":"https:\/\/www.iocharger.com\/pt\/wp-json\/wp\/v2\/pages\/8083","targetHints":{"allow":["GET"]}}],"collection":[{"href":"https:\/\/www.iocharger.com\/pt\/wp-json\/wp\/v2\/pages"}],"about":[{"href":"https:\/\/www.iocharger.com\/pt\/wp-json\/wp\/v2\/types\/page"}],"author":[{"embeddable":true,"href":"https:\/\/www.iocharger.com\/pt\/wp-json\/wp\/v2\/users\/1"}],"replies":[{"embeddable":true,"href":"https:\/\/www.iocharger.com\/pt\/wp-json\/wp\/v2\/comments?post=8083"}],"version-history":[{"count":0,"href":"https:\/\/www.iocharger.com\/pt\/wp-json\/wp\/v2\/pages\/8083\/revisions"}],"wp:attachment":[{"href":"https:\/\/www.iocharger.com\/pt\/wp-json\/wp\/v2\/media?parent=8083"}],"curies":[{"name":"wp","href":"https:\/\/api.w.org\/{rel}","templated":true}]}}