{"id":8086,"date":"2018-08-23T11:08:53","date_gmt":"2018-08-23T11:08:53","guid":{"rendered":"https:\/\/manufacturer.stylemixthemes.com\/?post_type=product&#038;p=915"},"modified":"2026-04-13T09:04:50","modified_gmt":"2026-04-13T09:04:50","slug":"multiple-colors-7kw-11kw-ocpp-1-6j-2-0-1-wifi-bluetooth-mini-smart-ev-charger","status":"publish","type":"product","link":"https:\/\/www.iocharger.com\/pl\/multiple-colors-7kw-11kw-ocpp-1-6j-2-0-1-wifi-bluetooth-mini-smart-ev-charger\/","title":{"rendered":"Wiele kolor\u00f3w 7 kW 11 kW 22 kW OCPP 1.6J i 2.0.1 zgodna z WiFi i Bluetooth Mini inteligentna \u0142adowarka EV"},"content":{"rendered":"<div data-elementor-type=\"product-post\" data-elementor-id=\"8086\" class=\"elementor elementor-8086\" data-elementor-post-type=\"product\">\n\t\t\t\t\t\t<section class=\"elementor-section elementor-top-section elementor-element elementor-element-6639304 elementor-section-boxed elementor-section-height-default elementor-section-height-default\" data-id=\"6639304\" data-element_type=\"section\">\n\t\t\t\t\t\t<div class=\"elementor-container elementor-column-gap-default\">\n\t\t\t\t\t<div class=\"elementor-column elementor-col-100 elementor-top-column elementor-element elementor-element-5f1f713\" data-id=\"5f1f713\" data-element_type=\"column\">\n\t\t\t<div class=\"elementor-widget-wrap elementor-element-populated\">\n\t\t\t\t\t\t<div class=\"elementor-element elementor-element-a5f342e elementor-widget elementor-widget-text-editor\" data-id=\"a5f342e\" data-element_type=\"widget\" data-widget_type=\"text-editor.default\">\n\t\t\t\t\t\t\t\t\t<p>IOCAH30 to idealny wyb\u00f3r do \u0142adowania w domu, o kompaktowej konstrukcji, a jednocze\u015bnie wydajny i inteligentny. W aplikacji IOC Lite dost\u0119pnych jest wiele funkcji do zarz\u0105dzania harmonogramami \u0142adowania, r\u00f3wnowa\u017cenia obci\u0105\u017cenia i \u017ar\u00f3de\u0142 energii ze s\u0142o\u0144ca i baterii.<\/p>\t\t\t\t\t\t\t\t<\/div>\n\t\t\t\t\t<\/div>\n\t\t<\/div>\n\t\t\t\t\t<\/div>\n\t\t<\/section>\n\t\t\t\t<section class=\"elementor-section elementor-top-section elementor-element elementor-element-11bb985 elementor-section-boxed elementor-section-height-default elementor-section-height-default\" data-id=\"11bb985\" data-element_type=\"section\">\n\t\t\t\t\t\t<div class=\"elementor-container elementor-column-gap-default\">\n\t\t\t\t\t<div class=\"elementor-column elementor-col-100 elementor-top-column elementor-element elementor-element-2f86f07\" data-id=\"2f86f07\" data-element_type=\"column\">\n\t\t\t<div class=\"elementor-widget-wrap elementor-element-populated\">\n\t\t\t\t\t\t<div data-over-color=\"\" data-over=\"overlay\" class=\"elementor-element elementor-element-cdd8ca8 elementor-widget elementor-widget-video\" data-id=\"cdd8ca8\" data-element_type=\"widget\" data-settings=\"{&quot;youtube_url&quot;:&quot;https:\\\/\\\/www.youtube.com\\\/watch?v=tlqUfYBMiWM&quot;,&quot;video_type&quot;:&quot;youtube&quot;,&quot;controls&quot;:&quot;yes&quot;}\" data-widget_type=\"video.default\">\n\t\t\t\t\t\t\t<div class=\"elementor-wrapper elementor-open-inline\">\n\t\t\t<div class=\"elementor-video\"><\/div>\t\t<\/div>\n\t\t\t\t\t\t<\/div>\n\t\t\t\t\t<\/div>\n\t\t<\/div>\n\t\t\t\t\t<\/div>\n\t\t<\/section>\n\t\t\t\t<section class=\"elementor-section elementor-top-section elementor-element elementor-element-b90d0d8 elementor-section-boxed elementor-section-height-default elementor-section-height-default\" data-id=\"b90d0d8\" data-element_type=\"section\">\n\t\t\t\t\t\t<div class=\"elementor-container elementor-column-gap-default\">\n\t\t\t\t\t<div class=\"elementor-column elementor-col-50 elementor-top-column elementor-element elementor-element-6395630\" data-id=\"6395630\" data-element_type=\"column\">\n\t\t\t<div class=\"elementor-widget-wrap elementor-element-populated\">\n\t\t\t\t\t\t<div class=\"elementor-element elementor-element-e1ea75e elementor-widget elementor-widget-text-editor\" data-id=\"e1ea75e\" data-element_type=\"widget\" data-widget_type=\"text-editor.default\">\n\t\t\t\t\t\t\t\t\t<p><strong>G\u0142\u00f3wne cechy:<\/strong><\/p><ul><li>Kompatybilny ze wszystkimi pojazdami elektrycznymi i sieciami energetycznymi<\/li><li>Dost\u0119pne jednofazowe 32A 7kW i tr\u00f3jfazowe 16A 11kW \/ 32A 22kW<\/li><li>Op\u0142ywowy kszta\u0142t, prosty i elegancki wygl\u0105d<\/li><li>Po\u0142\u0105czenie Ethernet, Wi-Fi, Bluetooth<\/li><li>Elastyczna konfiguracja pr\u0105du wyj\u015bciowego \/ mocy<\/li><li>Mo\u017cliwo\u015b\u0107 dostosowania \u015bwiat\u0142a oddechu do preferencji<\/li><li>Obs\u0142uga inteligentnego dynamicznego r\u00f3wnowa\u017cenia obci\u0105\u017cenia<\/li><li>Uwierzytelnianie u\u017cytkownika za pomoc\u0105 aplikacji mobilnej<\/li><li>Wielofunkcyjny portal internetowy do uruchamiania \u0142adowarek<\/li><li>Zdalne sterowanie i monitorowanie<\/li><li>Zabezpieczenie przed up\u0142ywem pr\u0105du AC 30 mA i DC 6 mA Certyfikat IEC62955 i IEC61008<\/li><\/ul>\t\t\t\t\t\t\t\t<\/div>\n\t\t\t\t\t<\/div>\n\t\t<\/div>\n\t\t\t\t<div class=\"elementor-column elementor-col-50 elementor-top-column elementor-element elementor-element-8c15f61\" data-id=\"8c15f61\" data-element_type=\"column\">\n\t\t\t<div class=\"elementor-widget-wrap elementor-element-populated\">\n\t\t\t\t\t\t<div class=\"elementor-element elementor-element-af799a9 elementor-widget elementor-widget-image\" data-id=\"af799a9\" data-element_type=\"widget\" data-widget_type=\"image.default\">\n\t\t\t\t\t\t\t\t\t\t\t\t\t\t\t<img fetchpriority=\"high\" decoding=\"async\" width=\"750\" height=\"750\" src=\"https:\/\/www.iocharger.com\/wp-content\/uploads\/2018\/08\/Bluetooth-Mini-Smart-EV-Charger-4-1-1.png\" class=\"attachment-full size-full wp-image-6062\" alt=\"\" srcset=\"https:\/\/www.iocharger.com\/wp-content\/uploads\/2018\/08\/Bluetooth-Mini-Smart-EV-Charger-4-1-1.png 750w, https:\/\/www.iocharger.com\/wp-content\/uploads\/2018\/08\/Bluetooth-Mini-Smart-EV-Charger-4-1-1-150x150.png 150w, https:\/\/www.iocharger.com\/wp-content\/uploads\/2018\/08\/Bluetooth-Mini-Smart-EV-Charger-4-1-1-660x660.png 660w, https:\/\/www.iocharger.com\/wp-content\/uploads\/2018\/08\/Bluetooth-Mini-Smart-EV-Charger-4-1-1-300x300.png 300w, https:\/\/www.iocharger.com\/wp-content\/uploads\/2018\/08\/Bluetooth-Mini-Smart-EV-Charger-4-1-1-285x285.png 285w, https:\/\/www.iocharger.com\/wp-content\/uploads\/2018\/08\/Bluetooth-Mini-Smart-EV-Charger-4-1-1-270x270.png 270w, https:\/\/www.iocharger.com\/wp-content\/uploads\/2018\/08\/Bluetooth-Mini-Smart-EV-Charger-4-1-1-540x540.png 540w\" sizes=\"(max-width: 750px) 100vw, 750px\" \/>\t\t\t\t\t\t\t\t\t\t\t\t\t\t\t<\/div>\n\t\t\t\t\t<\/div>\n\t\t<\/div>\n\t\t\t\t\t<\/div>\n\t\t<\/section>\n\t\t\t\t<section class=\"elementor-section elementor-top-section elementor-element elementor-element-3974d9d elementor-section-boxed elementor-section-height-default elementor-section-height-default\" data-id=\"3974d9d\" data-element_type=\"section\">\n\t\t\t\t\t\t<div class=\"elementor-container elementor-column-gap-default\">\n\t\t\t\t\t<div class=\"elementor-column elementor-col-50 elementor-top-column elementor-element elementor-element-5a154eb\" data-id=\"5a154eb\" data-element_type=\"column\">\n\t\t\t<div class=\"elementor-widget-wrap elementor-element-populated\">\n\t\t\t\t\t\t<div class=\"elementor-element elementor-element-16fa3ae elementor-widget elementor-widget-image\" data-id=\"16fa3ae\" data-element_type=\"widget\" data-widget_type=\"image.default\">\n\t\t\t\t\t\t\t\t\t\t\t\t\t\t\t<img decoding=\"async\" width=\"750\" height=\"750\" src=\"https:\/\/www.iocharger.com\/wp-content\/uploads\/2018\/08\/Bluetooth-Mini-Smart-EV-Charger-3-2-1.png\" class=\"attachment-full size-full wp-image-5620\" alt=\"\" srcset=\"https:\/\/www.iocharger.com\/wp-content\/uploads\/2018\/08\/Bluetooth-Mini-Smart-EV-Charger-3-2-1.png 750w, https:\/\/www.iocharger.com\/wp-content\/uploads\/2018\/08\/Bluetooth-Mini-Smart-EV-Charger-3-2-1-150x150.png 150w, https:\/\/www.iocharger.com\/wp-content\/uploads\/2018\/08\/Bluetooth-Mini-Smart-EV-Charger-3-2-1-660x660.png 660w, https:\/\/www.iocharger.com\/wp-content\/uploads\/2018\/08\/Bluetooth-Mini-Smart-EV-Charger-3-2-1-300x300.png 300w, https:\/\/www.iocharger.com\/wp-content\/uploads\/2018\/08\/Bluetooth-Mini-Smart-EV-Charger-3-2-1-285x285.png 285w, https:\/\/www.iocharger.com\/wp-content\/uploads\/2018\/08\/Bluetooth-Mini-Smart-EV-Charger-3-2-1-270x270.png 270w, https:\/\/www.iocharger.com\/wp-content\/uploads\/2018\/08\/Bluetooth-Mini-Smart-EV-Charger-3-2-1-540x540.png 540w\" sizes=\"(max-width: 750px) 100vw, 750px\" \/>\t\t\t\t\t\t\t\t\t\t\t\t\t\t\t<\/div>\n\t\t\t\t\t<\/div>\n\t\t<\/div>\n\t\t\t\t<div class=\"elementor-column elementor-col-50 elementor-top-column elementor-element elementor-element-00be5ed\" data-id=\"00be5ed\" data-element_type=\"column\">\n\t\t\t<div class=\"elementor-widget-wrap elementor-element-populated\">\n\t\t\t\t\t\t<div class=\"elementor-element elementor-element-d48f8be elementor-widget elementor-widget-text-editor\" data-id=\"d48f8be\" data-element_type=\"widget\" data-widget_type=\"text-editor.default\">\n\t\t\t\t\t\t\t\t\t<p><strong>Technologia Bluetooth<\/strong><\/p><p>IOCAH30 ma zintegrowan\u0105 najnowsz\u0105 technologi\u0119 Bluetooth, aby zmaksymalizowa\u0107 komfort u\u017cytkowania w trudnych warunkach, takich jak parkingi podziemne, budynki mieszkalne i biura, nasza aplikacja mobilna mo\u017ce dzia\u0142a\u0107 p\u0142ynnie z po\u0142\u0105czeniem sieciowym lub bez niego.<\/p><p>U\u017cytkownicy mog\u0105 uruchamia\u0107, zatrzymywa\u0107 i zarz\u0105dza\u0107 \u0142adowark\u0105 za po\u015brednictwem po\u0142\u0105czenia internetowego\/Bluetooth, a dane zostan\u0105 zsynchronizowane mi\u0119dzy telefonem a zapleczem, gdy telefon osi\u0105gnie zasi\u0119g.<\/p>\t\t\t\t\t\t\t\t<\/div>\n\t\t\t\t\t<\/div>\n\t\t<\/div>\n\t\t\t\t\t<\/div>\n\t\t<\/section>\n\t\t\t\t<section class=\"elementor-section elementor-top-section elementor-element elementor-element-4a301d0 elementor-section-boxed elementor-section-height-default elementor-section-height-default\" data-id=\"4a301d0\" data-element_type=\"section\">\n\t\t\t\t\t\t<div class=\"elementor-container elementor-column-gap-default\">\n\t\t\t\t\t<div class=\"elementor-column elementor-col-50 elementor-top-column elementor-element elementor-element-3fcd2ad\" data-id=\"3fcd2ad\" data-element_type=\"column\">\n\t\t\t<div class=\"elementor-widget-wrap elementor-element-populated\">\n\t\t\t\t\t\t<div class=\"elementor-element elementor-element-006d184 elementor-widget elementor-widget-text-editor\" data-id=\"006d184\" data-element_type=\"widget\" data-widget_type=\"text-editor.default\">\n\t\t\t\t\t\t\t\t\t<p><strong>Dynamiczne r\u00f3wnowa\u017cenie obci\u0105\u017cenia<\/strong><\/p><p>C\u0119gi CT mo\u017cna pod\u0142\u0105czy\u0107 bezpo\u015brednio do mini inteligentnej \u0142adowarki sieciowej IOCAH30 w celu monitorowania pr\u0105du innych urz\u0105dze\u0144 domowych, bez dodatkowego urz\u0105dzenia. Pr\u0105d \u0142adowania jest automatycznie dostosowywany do warto\u015bci pr\u0105du w czasie rzeczywistym. Mo\u017ce to zapobiec przeci\u0105\u017ceniu naszego domu dzi\u0119ki instalacji pojedynczej lub wielu \u0142adowarek, zar\u00f3wno w trybie online, jak i offline.<\/p>\t\t\t\t\t\t\t\t<\/div>\n\t\t\t\t\t<\/div>\n\t\t<\/div>\n\t\t\t\t<div class=\"elementor-column elementor-col-50 elementor-top-column elementor-element elementor-element-2fdcde3\" data-id=\"2fdcde3\" data-element_type=\"column\">\n\t\t\t<div class=\"elementor-widget-wrap elementor-element-populated\">\n\t\t\t\t\t\t<div class=\"elementor-element elementor-element-c0adc7c elementor-widget elementor-widget-image\" data-id=\"c0adc7c\" data-element_type=\"widget\" data-widget_type=\"image.default\">\n\t\t\t\t\t\t\t\t\t\t\t\t\t\t\t<img decoding=\"async\" width=\"750\" height=\"750\" src=\"https:\/\/www.iocharger.com\/wp-content\/uploads\/2018\/08\/smart-ev-charger-home.png\" class=\"attachment-full size-full wp-image-9307\" alt=\"inteligentna \u0142adowarka ev do domu\" srcset=\"https:\/\/www.iocharger.com\/wp-content\/uploads\/2018\/08\/smart-ev-charger-home.png 750w, https:\/\/www.iocharger.com\/wp-content\/uploads\/2018\/08\/smart-ev-charger-home-300x300.png 300w, https:\/\/www.iocharger.com\/wp-content\/uploads\/2018\/08\/smart-ev-charger-home-150x150.png 150w, https:\/\/www.iocharger.com\/wp-content\/uploads\/2018\/08\/smart-ev-charger-home-12x12.png 12w, https:\/\/www.iocharger.com\/wp-content\/uploads\/2018\/08\/smart-ev-charger-home-285x285.png 285w, https:\/\/www.iocharger.com\/wp-content\/uploads\/2018\/08\/smart-ev-charger-home-270x270.png 270w, https:\/\/www.iocharger.com\/wp-content\/uploads\/2018\/08\/smart-ev-charger-home-540x540.png 540w, https:\/\/www.iocharger.com\/wp-content\/uploads\/2018\/08\/smart-ev-charger-home-660x660.png 660w\" sizes=\"(max-width: 750px) 100vw, 750px\" \/>\t\t\t\t\t\t\t\t\t\t\t\t\t\t\t<\/div>\n\t\t\t\t\t<\/div>\n\t\t<\/div>\n\t\t\t\t\t<\/div>\n\t\t<\/section>\n\t\t\t\t<section class=\"elementor-section elementor-top-section elementor-element elementor-element-9e0cb8f elementor-section-boxed elementor-section-height-default elementor-section-height-default\" data-id=\"9e0cb8f\" data-element_type=\"section\">\n\t\t\t\t\t\t<div class=\"elementor-container elementor-column-gap-default\">\n\t\t\t\t\t<div class=\"elementor-column elementor-col-50 elementor-top-column elementor-element elementor-element-14b1d93\" data-id=\"14b1d93\" data-element_type=\"column\">\n\t\t\t<div class=\"elementor-widget-wrap elementor-element-populated\">\n\t\t\t\t\t\t<div class=\"elementor-element elementor-element-4a582a7 elementor-widget elementor-widget-image\" data-id=\"4a582a7\" data-element_type=\"widget\" data-widget_type=\"image.default\">\n\t\t\t\t\t\t\t\t\t\t\t\t\t\t\t<img loading=\"lazy\" decoding=\"async\" width=\"750\" height=\"750\" src=\"https:\/\/www.iocharger.com\/wp-content\/uploads\/2018\/08\/Bluetooth-Mini-Smart-EV-Charger-5-1.png\" class=\"attachment-full size-full wp-image-3301\" alt=\"\" srcset=\"https:\/\/www.iocharger.com\/wp-content\/uploads\/2018\/08\/Bluetooth-Mini-Smart-EV-Charger-5-1.png 750w, https:\/\/www.iocharger.com\/wp-content\/uploads\/2018\/08\/Bluetooth-Mini-Smart-EV-Charger-5-1-150x150.png 150w, https:\/\/www.iocharger.com\/wp-content\/uploads\/2018\/08\/Bluetooth-Mini-Smart-EV-Charger-5-1-660x660.png 660w, https:\/\/www.iocharger.com\/wp-content\/uploads\/2018\/08\/Bluetooth-Mini-Smart-EV-Charger-5-1-300x300.png 300w, https:\/\/www.iocharger.com\/wp-content\/uploads\/2018\/08\/Bluetooth-Mini-Smart-EV-Charger-5-1-285x285.png 285w, https:\/\/www.iocharger.com\/wp-content\/uploads\/2018\/08\/Bluetooth-Mini-Smart-EV-Charger-5-1-270x270.png 270w, https:\/\/www.iocharger.com\/wp-content\/uploads\/2018\/08\/Bluetooth-Mini-Smart-EV-Charger-5-1-540x540.png 540w\" sizes=\"(max-width: 750px) 100vw, 750px\" \/>\t\t\t\t\t\t\t\t\t\t\t\t\t\t\t<\/div>\n\t\t\t\t\t<\/div>\n\t\t<\/div>\n\t\t\t\t<div class=\"elementor-column elementor-col-50 elementor-top-column elementor-element elementor-element-4b81cef\" data-id=\"4b81cef\" data-element_type=\"column\">\n\t\t\t<div class=\"elementor-widget-wrap elementor-element-populated\">\n\t\t\t\t\t\t<div class=\"elementor-element elementor-element-1aa520f elementor-widget elementor-widget-text-editor\" data-id=\"1aa520f\" data-element_type=\"widget\" data-widget_type=\"text-editor.default\">\n\t\t\t\t\t\t\t\t\t<p><strong>OCPP 1.6J &amp; 2.0.1<\/strong><\/p><p>Jako cz\u0142onek OCA(OCPP) i OCPI, nasze \u0142adowarki EV s\u0105 zawsze zintegrowane z najnowsz\u0105 technologi\u0105 OCPP, w tym OCPP 1.6J i OCPP 2.0.1. Dzi\u0119ki ponad 8-letniemu do\u015bwiadczeniu w OCPP, nasze \u0142adowarki s\u0105 certyfikowane przez g\u0142\u00f3wne platformy OCPP i CPO.<\/p>\t\t\t\t\t\t\t\t<\/div>\n\t\t\t\t\t<\/div>\n\t\t<\/div>\n\t\t\t\t\t<\/div>\n\t\t<\/section>\n\t\t\t\t<section class=\"elementor-section elementor-top-section elementor-element elementor-element-e33e461 elementor-section-boxed elementor-section-height-default elementor-section-height-default\" data-id=\"e33e461\" data-element_type=\"section\">\n\t\t\t\t\t\t<div class=\"elementor-container elementor-column-gap-default\">\n\t\t\t\t\t<div class=\"elementor-column elementor-col-50 elementor-top-column elementor-element elementor-element-848c462\" data-id=\"848c462\" data-element_type=\"column\">\n\t\t\t<div class=\"elementor-widget-wrap elementor-element-populated\">\n\t\t\t\t\t\t<div class=\"elementor-element elementor-element-1c74ada elementor-widget elementor-widget-text-editor\" data-id=\"1c74ada\" data-element_type=\"widget\" data-widget_type=\"text-editor.default\">\n\t\t\t\t\t\t\t\t\t<p><strong>Optymalizacja zu\u017cycia energii<\/strong><\/p><p>W pe\u0142ni kompatybilny z instalacj\u0105 solarn\u0105 i systemem magazynowania baterii. Pod\u0142\u0105cz IOCAH30 do aplikacji mobilnej IOC Lite, aby korzysta\u0107 z tryb\u00f3w Fast, ECO, ECO+ w celu zminimalizowania koszt\u00f3w \u0142adowania, monitorowania i wykorzystywania r\u00f3\u017cnych \u017ar\u00f3de\u0142 energii z sieci, baterii s\u0142onecznych i domowych.<\/p>\t\t\t\t\t\t\t\t<\/div>\n\t\t\t\t\t<\/div>\n\t\t<\/div>\n\t\t\t\t<div class=\"elementor-column elementor-col-50 elementor-top-column elementor-element elementor-element-ab193bc\" data-id=\"ab193bc\" data-element_type=\"column\">\n\t\t\t<div class=\"elementor-widget-wrap elementor-element-populated\">\n\t\t\t\t\t\t<div class=\"elementor-element elementor-element-d294799 elementor-widget elementor-widget-image\" data-id=\"d294799\" data-element_type=\"widget\" data-widget_type=\"image.default\">\n\t\t\t\t\t\t\t\t\t\t\t\t\t\t\t<img loading=\"lazy\" decoding=\"async\" width=\"750\" height=\"750\" src=\"https:\/\/www.iocharger.com\/wp-content\/uploads\/2018\/08\/Bluetooth-Mini-Smart-EV-Charger-4-2.png\" class=\"attachment-full size-full wp-image-3300\" alt=\"\" srcset=\"https:\/\/www.iocharger.com\/wp-content\/uploads\/2018\/08\/Bluetooth-Mini-Smart-EV-Charger-4-2.png 750w, https:\/\/www.iocharger.com\/wp-content\/uploads\/2018\/08\/Bluetooth-Mini-Smart-EV-Charger-4-2-150x150.png 150w, https:\/\/www.iocharger.com\/wp-content\/uploads\/2018\/08\/Bluetooth-Mini-Smart-EV-Charger-4-2-660x660.png 660w, https:\/\/www.iocharger.com\/wp-content\/uploads\/2018\/08\/Bluetooth-Mini-Smart-EV-Charger-4-2-300x300.png 300w, https:\/\/www.iocharger.com\/wp-content\/uploads\/2018\/08\/Bluetooth-Mini-Smart-EV-Charger-4-2-285x285.png 285w, https:\/\/www.iocharger.com\/wp-content\/uploads\/2018\/08\/Bluetooth-Mini-Smart-EV-Charger-4-2-270x270.png 270w, https:\/\/www.iocharger.com\/wp-content\/uploads\/2018\/08\/Bluetooth-Mini-Smart-EV-Charger-4-2-540x540.png 540w\" sizes=\"(max-width: 750px) 100vw, 750px\" \/>\t\t\t\t\t\t\t\t\t\t\t\t\t\t\t<\/div>\n\t\t\t\t\t<\/div>\n\t\t<\/div>\n\t\t\t\t\t<\/div>\n\t\t<\/section>\n\t\t\t\t<\/div>","protected":false},"excerpt":{"rendered":"<p>Najmniejsza i najbardziej stylowa \u0142adowarka EV do \u0142adowania w domu, dynamiczna dystrybucja energii zapewniaj\u0105ca bezpieczn\u0105 i efektywn\u0105 sie\u0107 dla \u0142adowarek EV, system\u00f3w solarnych, sieciowych i system\u00f3w magazynowania energii.<\/p>\n<ul class=\"clearfix\">\n<li>Napi\u0119cie wej\u015bciowe: 1-fazowe 230 V \u00b1 20%; 3-fazowe 400 V \u00b1 20%<\/li>\n<li>Wyj\u015bcie znamionowe: 1-fazowe 7kW 32A; 3-fazowe 11kW 16A; 3-fazowe 22kW 32A<\/li>\n<li>Wewn\u0119trzny wy\u0142\u0105cznik r\u00f3\u017cnicowopr\u0105dowy: AC 30 mA i DC 6 mA Certyfikaty IEC62955 i IEC61008<\/li>\n<li>Interfejs sieciowy: Ethernet\/ WiFi\/ inteligentne po\u0142\u0105czenie internetowe Bluetooth<\/li>\n<li>OCPP: Pe\u0142na obs\u0142uga OCPP 1.6J\/ OCPP 2.0.1<\/li>\n<li>ISO15118 Plug&amp;Charge: mo\u017cliwo\u015b\u0107 aktualizacji<\/li>\n<li>Stopie\u0144 ochrony: IP55<\/li>\n<li>Wymiary transportowe: 398 x 285 x 176 mm; 398 x 285 x 226 mm<\/li>\n<li>Interfejs \u0142adowania: SAE J1772 i kabel typu 2\/gniazdo typu 2<\/li>\n<li>Typ monta\u017cu: na \u015bcianie lub pod\u0142odze (podstawa dostarczana oddzielnie)<\/li>\n<\/ul>","protected":false},"featured_media":3898,"template":"","meta":{"_acf_changed":false},"product_brand":[],"product_cat":[56],"product_tag":[55,378,57,58],"class_list":{"0":"post-8086","1":"product","2":"type-product","3":"status-publish","4":"has-post-thumbnail","6":"product_cat-home-ev-charger","7":"product_tag-7kw-11kw-ocpp-fast-home-ev-charger","8":"product_tag-home-ev-charger-solutions","9":"product_tag-tuya-mobile-app-integrated","10":"product_tag-wifi-bluetooth-ev-charging-station","12":"first","13":"instock","14":"shipping-taxable","15":"product-type-simple"},"acf":[],"_links":{"self":[{"href":"https:\/\/www.iocharger.com\/pl\/wp-json\/wp\/v2\/product\/8086","targetHints":{"allow":["GET"]}}],"collection":[{"href":"https:\/\/www.iocharger.com\/pl\/wp-json\/wp\/v2\/product"}],"about":[{"href":"https:\/\/www.iocharger.com\/pl\/wp-json\/wp\/v2\/types\/product"}],"version-history":[{"count":2,"href":"https:\/\/www.iocharger.com\/pl\/wp-json\/wp\/v2\/product\/8086\/revisions"}],"predecessor-version":[{"id":9817,"href":"https:\/\/www.iocharger.com\/pl\/wp-json\/wp\/v2\/product\/8086\/revisions\/9817"}],"wp:featuredmedia":[{"embeddable":true,"href":"https:\/\/www.iocharger.com\/pl\/wp-json\/wp\/v2\/media\/3898"}],"wp:attachment":[{"href":"https:\/\/www.iocharger.com\/pl\/wp-json\/wp\/v2\/media?parent=8086"}],"wp:term":[{"taxonomy":"product_brand","embeddable":true,"href":"https:\/\/www.iocharger.com\/pl\/wp-json\/wp\/v2\/product_brand?post=8086"},{"taxonomy":"product_cat","embeddable":true,"href":"https:\/\/www.iocharger.com\/pl\/wp-json\/wp\/v2\/product_cat?post=8086"},{"taxonomy":"product_tag","embeddable":true,"href":"https:\/\/www.iocharger.com\/pl\/wp-json\/wp\/v2\/product_tag?post=8086"}],"curies":[{"name":"wp","href":"https:\/\/api.w.org\/{rel}","templated":true}]}}