{"id":7677,"date":"2024-04-27T15:35:07","date_gmt":"2024-04-27T15:35:07","guid":{"rendered":"https:\/\/www.iocharger.com\/?post_type=product&#038;p=7677"},"modified":"2026-03-31T02:39:14","modified_gmt":"2026-03-31T02:39:14","slug":"movable-ev-charger-30kw-40kw-dc-fast-charger","status":"publish","type":"product","link":"https:\/\/www.iocharger.com\/pl\/movable-ev-charger-30kw-40kw-dc-fast-charger\/","title":{"rendered":"Przeno\u015bna \u0142adowarka EV 30 kW 40 kW Szybka \u0142adowarka pr\u0105du sta\u0142ego"},"content":{"rendered":"<div data-elementor-type=\"product-post\" data-elementor-id=\"7677\" class=\"elementor elementor-7677\" data-elementor-post-type=\"product\">\n\t\t\t\t\t\t<section class=\"elementor-section elementor-top-section elementor-element elementor-element-83d7d0f elementor-section-boxed elementor-section-height-default elementor-section-height-default\" data-id=\"83d7d0f\" data-element_type=\"section\">\n\t\t\t\t\t\t<div class=\"elementor-container elementor-column-gap-default\">\n\t\t\t\t\t<div class=\"elementor-column elementor-col-50 elementor-top-column elementor-element elementor-element-7285334\" data-id=\"7285334\" data-element_type=\"column\">\n\t\t\t<div class=\"elementor-widget-wrap elementor-element-populated\">\n\t\t\t\t\t\t<div class=\"elementor-element elementor-element-7deac97 elementor-widget elementor-widget-text-editor\" data-id=\"7deac97\" data-element_type=\"widget\" data-widget_type=\"text-editor.default\">\n\t\t\t\t\t\t\t\t\t<p><strong>G\u0142\u00f3wne cechy:<\/strong><\/p><ul><li>Dost\u0119pne wersje 30kW i 40kW<\/li><li>Z\u0142\u0105cze \u0142adowania CCS 1\/ CCS 2\/ CHAdeMO\/ GB-T<\/li><li>\u0141adowanie Plug&amp;Play<\/li><li>Obs\u0142uga wtyczki i \u0142adowania ISO15118<\/li><li>Wbudowany czytnik kart RFID do uwierzytelniania u\u017cytkownik\u00f3w<\/li><li>7-calowy ekran dotykowy LCD i przyjazny dla u\u017cytkownika, \u0142atwy w obs\u0142udze interfejs<\/li><li>Pe\u0142na obs\u0142uga profili OCPP 1.6J i OCPP 2.0.1<\/li><li>Posiada niezale\u017cny modu\u0142 zasilania ch\u0142odzenia powietrzem<\/li><li>Zintegrowane p\u0142atno\u015bci POS<\/li><li>Dynamiczne r\u00f3wnowa\u017cenie obci\u0105\u017cenia<\/li><li>Przyjazny dla \u015brodowiska z bateri\u0105 s\u0142oneczn\u0105 i akumulatorem<\/li><\/ul>\t\t\t\t\t\t\t\t<\/div>\n\t\t\t\t\t<\/div>\n\t\t<\/div>\n\t\t\t\t<div class=\"elementor-column elementor-col-50 elementor-top-column elementor-element elementor-element-5e05a1e\" data-id=\"5e05a1e\" data-element_type=\"column\">\n\t\t\t<div class=\"elementor-widget-wrap elementor-element-populated\">\n\t\t\t\t\t\t<div class=\"elementor-element elementor-element-07a83f2 elementor-widget elementor-widget-image\" data-id=\"07a83f2\" data-element_type=\"widget\" data-widget_type=\"image.default\">\n\t\t\t\t\t\t\t\t\t\t\t\t\t\t\t<img fetchpriority=\"high\" decoding=\"async\" width=\"1000\" height=\"1000\" src=\"https:\/\/www.iocharger.com\/wp-content\/uploads\/2025\/08\/mobile-ev-charger-features-1.png\" class=\"attachment-full size-full wp-image-7698\" alt=\"Funkcje mobilnej \u0142adowarki ev\" srcset=\"https:\/\/www.iocharger.com\/wp-content\/uploads\/2025\/08\/mobile-ev-charger-features-1.png 1000w, https:\/\/www.iocharger.com\/wp-content\/uploads\/2025\/08\/mobile-ev-charger-features-1-150x150.png 150w, https:\/\/www.iocharger.com\/wp-content\/uploads\/2025\/08\/mobile-ev-charger-features-1-660x660.png 660w, https:\/\/www.iocharger.com\/wp-content\/uploads\/2025\/08\/mobile-ev-charger-features-1-300x300.png 300w, https:\/\/www.iocharger.com\/wp-content\/uploads\/2025\/08\/mobile-ev-charger-features-1-768x768.png 768w, https:\/\/www.iocharger.com\/wp-content\/uploads\/2025\/08\/mobile-ev-charger-features-1-285x285.png 285w, https:\/\/www.iocharger.com\/wp-content\/uploads\/2025\/08\/mobile-ev-charger-features-1-270x270.png 270w, https:\/\/www.iocharger.com\/wp-content\/uploads\/2025\/08\/mobile-ev-charger-features-1-540x540.png 540w\" sizes=\"(max-width: 1000px) 100vw, 1000px\" \/>\t\t\t\t\t\t\t\t\t\t\t\t\t\t\t<\/div>\n\t\t\t\t\t<\/div>\n\t\t<\/div>\n\t\t\t\t\t<\/div>\n\t\t<\/section>\n\t\t\t\t<section class=\"elementor-section elementor-top-section elementor-element elementor-element-c44a971 elementor-section-boxed elementor-section-height-default elementor-section-height-default\" data-id=\"c44a971\" data-element_type=\"section\">\n\t\t\t\t\t\t<div class=\"elementor-container elementor-column-gap-default\">\n\t\t\t\t\t<div class=\"elementor-column elementor-col-50 elementor-top-column elementor-element elementor-element-c2d86ee\" data-id=\"c2d86ee\" data-element_type=\"column\">\n\t\t\t<div class=\"elementor-widget-wrap elementor-element-populated\">\n\t\t\t\t\t\t<div class=\"elementor-element elementor-element-4bf0f15 elementor-widget elementor-widget-image\" data-id=\"4bf0f15\" data-element_type=\"widget\" data-widget_type=\"image.default\">\n\t\t\t\t\t\t\t\t\t\t\t\t\t\t\t<img decoding=\"async\" width=\"1000\" height=\"1000\" src=\"https:\/\/www.iocharger.com\/wp-content\/uploads\/2025\/08\/mobile-dc-fast-charger-1-1.png\" class=\"attachment-full size-full wp-image-7699\" alt=\"mobilna elektryczna \u0142adowarka samochodowa\" srcset=\"https:\/\/www.iocharger.com\/wp-content\/uploads\/2025\/08\/mobile-dc-fast-charger-1-1.png 1000w, https:\/\/www.iocharger.com\/wp-content\/uploads\/2025\/08\/mobile-dc-fast-charger-1-1-150x150.png 150w, https:\/\/www.iocharger.com\/wp-content\/uploads\/2025\/08\/mobile-dc-fast-charger-1-1-660x660.png 660w, https:\/\/www.iocharger.com\/wp-content\/uploads\/2025\/08\/mobile-dc-fast-charger-1-1-300x300.png 300w, https:\/\/www.iocharger.com\/wp-content\/uploads\/2025\/08\/mobile-dc-fast-charger-1-1-768x768.png 768w, https:\/\/www.iocharger.com\/wp-content\/uploads\/2025\/08\/mobile-dc-fast-charger-1-1-285x285.png 285w, https:\/\/www.iocharger.com\/wp-content\/uploads\/2025\/08\/mobile-dc-fast-charger-1-1-270x270.png 270w, https:\/\/www.iocharger.com\/wp-content\/uploads\/2025\/08\/mobile-dc-fast-charger-1-1-540x540.png 540w\" sizes=\"(max-width: 1000px) 100vw, 1000px\" \/>\t\t\t\t\t\t\t\t\t\t\t\t\t\t\t<\/div>\n\t\t\t\t\t<\/div>\n\t\t<\/div>\n\t\t\t\t<div class=\"elementor-column elementor-col-50 elementor-top-column elementor-element elementor-element-b41e707\" data-id=\"b41e707\" data-element_type=\"column\">\n\t\t\t<div class=\"elementor-widget-wrap elementor-element-populated\">\n\t\t\t\t\t\t<div class=\"elementor-element elementor-element-366be1c elementor-widget elementor-widget-text-editor\" data-id=\"366be1c\" data-element_type=\"widget\" data-widget_type=\"text-editor.default\">\n\t\t\t\t\t\t\t\t\t<p><strong>Moc w ruchu<\/strong><\/p><p>Zaprojektowana z my\u015bl\u0105 o maksymalnej mobilno\u015bci, ta ruchoma \u0142adowarka jest wyposa\u017cona w zdejmowane k\u00f3\u0142ka u\u0142atwiaj\u0105ce transport i szybk\u0105 konfiguracj\u0119 w wielu lokalizacjach. Idealna do operacji flotowych, centr\u00f3w logistycznych i plac\u00f3w budowy, oferuje elastyczne \u0142adowanie na \u017c\u0105danie bez konieczno\u015bci sta\u0142ej instalacji, zapewniaj\u0105c szybkie wdro\u017cenie, efektywno\u015b\u0107 kosztow\u0105 i niezawodn\u0105 wydajno\u015b\u0107 wsz\u0119dzie tam, gdzie jest to potrzebne.<\/p>\t\t\t\t\t\t\t\t<\/div>\n\t\t\t\t\t<\/div>\n\t\t<\/div>\n\t\t\t\t\t<\/div>\n\t\t<\/section>\n\t\t\t\t<section class=\"elementor-section elementor-top-section elementor-element elementor-element-7479d51 elementor-section-boxed elementor-section-height-default elementor-section-height-default\" data-id=\"7479d51\" data-element_type=\"section\">\n\t\t\t\t\t\t<div class=\"elementor-container elementor-column-gap-default\">\n\t\t\t\t\t<div class=\"elementor-column elementor-col-50 elementor-top-column elementor-element elementor-element-01b3914\" data-id=\"01b3914\" data-element_type=\"column\">\n\t\t\t<div class=\"elementor-widget-wrap elementor-element-populated\">\n\t\t\t\t\t\t<div class=\"elementor-element elementor-element-19e9715 elementor-widget elementor-widget-text-editor\" data-id=\"19e9715\" data-element_type=\"widget\" data-widget_type=\"text-editor.default\">\n\t\t\t\t\t\t\t\t\t<p><strong>\u0141adowanie Plug &amp; Play<\/strong><\/p><p>Wystarczy pod\u0142\u0105czy\u0107 kabel wej\u015bciowy do standardowego gniazda 63A, aby natychmiast rozpocz\u0105\u0107 \u0142adowanie - nie jest wymagana skomplikowana konfiguracja ani dodatkowa instalacja. Ta prawdziwa konstrukcja plug &amp; play minimalizuje czas wdro\u017cenia, dzi\u0119ki czemu idealnie nadaje si\u0119 do tymczasowych lokalizacji i szybkich operacji.<\/p>\t\t\t\t\t\t\t\t<\/div>\n\t\t\t\t\t<\/div>\n\t\t<\/div>\n\t\t\t\t<div class=\"elementor-column elementor-col-50 elementor-top-column elementor-element elementor-element-46f16ee\" data-id=\"46f16ee\" data-element_type=\"column\">\n\t\t\t<div class=\"elementor-widget-wrap elementor-element-populated\">\n\t\t\t\t\t\t<div class=\"elementor-element elementor-element-c00efcf elementor-widget elementor-widget-image\" data-id=\"c00efcf\" data-element_type=\"widget\" data-widget_type=\"image.default\">\n\t\t\t\t\t\t\t\t\t\t\t\t\t\t\t<img decoding=\"async\" width=\"1000\" height=\"1000\" src=\"https:\/\/www.iocharger.com\/wp-content\/uploads\/2025\/08\/2-1-1.png\" class=\"attachment-full size-full wp-image-7700\" alt=\"\" srcset=\"https:\/\/www.iocharger.com\/wp-content\/uploads\/2025\/08\/2-1-1.png 1000w, https:\/\/www.iocharger.com\/wp-content\/uploads\/2025\/08\/2-1-1-150x150.png 150w, https:\/\/www.iocharger.com\/wp-content\/uploads\/2025\/08\/2-1-1-660x660.png 660w, https:\/\/www.iocharger.com\/wp-content\/uploads\/2025\/08\/2-1-1-300x300.png 300w, https:\/\/www.iocharger.com\/wp-content\/uploads\/2025\/08\/2-1-1-768x768.png 768w, https:\/\/www.iocharger.com\/wp-content\/uploads\/2025\/08\/2-1-1-285x285.png 285w, https:\/\/www.iocharger.com\/wp-content\/uploads\/2025\/08\/2-1-1-270x270.png 270w, https:\/\/www.iocharger.com\/wp-content\/uploads\/2025\/08\/2-1-1-540x540.png 540w\" sizes=\"(max-width: 1000px) 100vw, 1000px\" \/>\t\t\t\t\t\t\t\t\t\t\t\t\t\t\t<\/div>\n\t\t\t\t\t<\/div>\n\t\t<\/div>\n\t\t\t\t\t<\/div>\n\t\t<\/section>\n\t\t\t\t<section class=\"elementor-section elementor-top-section elementor-element elementor-element-9d6c3c7 elementor-section-boxed elementor-section-height-default elementor-section-height-default\" data-id=\"9d6c3c7\" data-element_type=\"section\">\n\t\t\t\t\t\t<div class=\"elementor-container elementor-column-gap-default\">\n\t\t\t\t\t<div class=\"elementor-column elementor-col-50 elementor-top-column elementor-element elementor-element-8c139e7\" data-id=\"8c139e7\" data-element_type=\"column\">\n\t\t\t<div class=\"elementor-widget-wrap elementor-element-populated\">\n\t\t\t\t\t\t<div class=\"elementor-element elementor-element-ccce38e elementor-widget elementor-widget-image\" data-id=\"ccce38e\" data-element_type=\"widget\" data-widget_type=\"image.default\">\n\t\t\t\t\t\t\t\t\t\t\t\t\t\t\t<img loading=\"lazy\" decoding=\"async\" width=\"1000\" height=\"1000\" src=\"https:\/\/www.iocharger.com\/wp-content\/uploads\/2025\/08\/4-1-1.png\" class=\"attachment-full size-full wp-image-7703\" alt=\"\" srcset=\"https:\/\/www.iocharger.com\/wp-content\/uploads\/2025\/08\/4-1-1.png 1000w, https:\/\/www.iocharger.com\/wp-content\/uploads\/2025\/08\/4-1-1-150x150.png 150w, https:\/\/www.iocharger.com\/wp-content\/uploads\/2025\/08\/4-1-1-660x660.png 660w, https:\/\/www.iocharger.com\/wp-content\/uploads\/2025\/08\/4-1-1-300x300.png 300w, https:\/\/www.iocharger.com\/wp-content\/uploads\/2025\/08\/4-1-1-768x768.png 768w, https:\/\/www.iocharger.com\/wp-content\/uploads\/2025\/08\/4-1-1-285x285.png 285w, https:\/\/www.iocharger.com\/wp-content\/uploads\/2025\/08\/4-1-1-270x270.png 270w, https:\/\/www.iocharger.com\/wp-content\/uploads\/2025\/08\/4-1-1-540x540.png 540w\" sizes=\"(max-width: 1000px) 100vw, 1000px\" \/>\t\t\t\t\t\t\t\t\t\t\t\t\t\t\t<\/div>\n\t\t\t\t\t<\/div>\n\t\t<\/div>\n\t\t\t\t<div class=\"elementor-column elementor-col-50 elementor-top-column elementor-element elementor-element-742b726\" data-id=\"742b726\" data-element_type=\"column\">\n\t\t\t<div class=\"elementor-widget-wrap elementor-element-populated\">\n\t\t\t\t\t\t<div class=\"elementor-element elementor-element-ca6a65b elementor-widget__width-initial elementor-widget elementor-widget-text-editor\" data-id=\"ca6a65b\" data-element_type=\"widget\" data-widget_type=\"text-editor.default\">\n\t\t\t\t\t\t\t\t\t<p><strong>Cechy Niezale\u017cny modu\u0142 zasilania ch\u0142odzenia powietrzem<\/strong><\/p><p>Idealne rozwi\u0105zanie do niezawodnego \u0142adowania mobilnych samochod\u00f3w na zewn\u0105trz w trudnych warunkach, takich jak place budowy. Jest on wyposa\u017cony w niezale\u017cny modu\u0142 zasilania ch\u0142odzony powietrzem o stopniu ochrony IP65, obs\u0142uguje sta\u0142\u0105 moc wyj\u015bciow\u0105 300V-1000V i zawiera wiele zabezpiecze\u0144. Separacja komponent\u00f3w i przep\u0142ywu powietrza zmniejsza ryzyko awarii, a zdalne monitorowanie sterowane przez DSP, aktualizacje OTA i \u0142atwa konserwacja zapewniaj\u0105 stabiln\u0105 prac\u0119 nawet przy du\u017cych obci\u0105\u017ceniach.<\/p>\t\t\t\t\t\t\t\t<\/div>\n\t\t\t\t\t<\/div>\n\t\t<\/div>\n\t\t\t\t\t<\/div>\n\t\t<\/section>\n\t\t\t\t<section class=\"elementor-section elementor-top-section elementor-element elementor-element-f676a35 elementor-section-boxed elementor-section-height-default elementor-section-height-default\" data-id=\"f676a35\" data-element_type=\"section\">\n\t\t\t\t\t\t<div class=\"elementor-container elementor-column-gap-default\">\n\t\t\t\t\t<div class=\"elementor-column elementor-col-50 elementor-top-column elementor-element elementor-element-95c2c8f\" data-id=\"95c2c8f\" data-element_type=\"column\">\n\t\t\t<div class=\"elementor-widget-wrap elementor-element-populated\">\n\t\t\t\t\t\t<div class=\"elementor-element elementor-element-e722b97 elementor-widget elementor-widget-text-editor\" data-id=\"e722b97\" data-element_type=\"widget\" data-widget_type=\"text-editor.default\">\n\t\t\t\t\t\t\t\t\t<p><strong>Inteligentny wy\u015bwietlacz dotykowy i sterowanie zasilaniem<\/strong><\/p><p>Wyposa\u017cona w 7-calowy ekran dotykowy, mobilna stacja \u0142adowania pojazd\u00f3w elektrycznych Iochargers zapewnia wyra\u017ane aktualizacje statusu w czasie rzeczywistym, co u\u0142atwia monitorowanie. Limity mocy wyj\u015bciowej mo\u017cna regulowa\u0107 bezpo\u015brednio na ekranie, zapewniaj\u0105c prosty, intuicyjny interfejs, kt\u00f3ry zwi\u0119ksza kontrol\u0119 i wydajno\u015b\u0107.<\/p>\t\t\t\t\t\t\t\t<\/div>\n\t\t\t\t\t<\/div>\n\t\t<\/div>\n\t\t\t\t<div class=\"elementor-column elementor-col-50 elementor-top-column elementor-element elementor-element-7c15c6e\" data-id=\"7c15c6e\" data-element_type=\"column\">\n\t\t\t<div class=\"elementor-widget-wrap elementor-element-populated\">\n\t\t\t\t\t\t<div class=\"elementor-element elementor-element-fefd379 elementor-widget elementor-widget-image\" data-id=\"fefd379\" data-element_type=\"widget\" data-widget_type=\"image.default\">\n\t\t\t\t\t\t\t\t\t\t\t\t\t\t\t<img loading=\"lazy\" decoding=\"async\" width=\"1000\" height=\"1000\" src=\"https:\/\/www.iocharger.com\/wp-content\/uploads\/2025\/08\/mobile-ev-charging-unit-1.png\" class=\"attachment-full size-full wp-image-7702\" alt=\"\" srcset=\"https:\/\/www.iocharger.com\/wp-content\/uploads\/2025\/08\/mobile-ev-charging-unit-1.png 1000w, https:\/\/www.iocharger.com\/wp-content\/uploads\/2025\/08\/mobile-ev-charging-unit-1-150x150.png 150w, https:\/\/www.iocharger.com\/wp-content\/uploads\/2025\/08\/mobile-ev-charging-unit-1-660x660.png 660w, https:\/\/www.iocharger.com\/wp-content\/uploads\/2025\/08\/mobile-ev-charging-unit-1-300x300.png 300w, https:\/\/www.iocharger.com\/wp-content\/uploads\/2025\/08\/mobile-ev-charging-unit-1-768x768.png 768w, https:\/\/www.iocharger.com\/wp-content\/uploads\/2025\/08\/mobile-ev-charging-unit-1-285x285.png 285w, https:\/\/www.iocharger.com\/wp-content\/uploads\/2025\/08\/mobile-ev-charging-unit-1-270x270.png 270w, https:\/\/www.iocharger.com\/wp-content\/uploads\/2025\/08\/mobile-ev-charging-unit-1-540x540.png 540w\" sizes=\"(max-width: 1000px) 100vw, 1000px\" \/>\t\t\t\t\t\t\t\t\t\t\t\t\t\t\t<\/div>\n\t\t\t\t\t<\/div>\n\t\t<\/div>\n\t\t\t\t\t<\/div>\n\t\t<\/section>\n\t\t\t\t<\/div>","protected":false},"excerpt":{"rendered":"<p>Iocharger Movable DC Fast Charger zosta\u0142a zaprojektowana z my\u015bl\u0105 o szybkim wdro\u017ceniu i zastosowaniach zewn\u0119trznych, dzi\u0119ki czemu idealnie nadaje si\u0119 do flot, plac\u00f3w budowy i miejsc wydarze\u0144. Zapewnia elastyczne \u0142adowanie pojazd\u00f3w elektrycznych o du\u017cej mocy ze stabiln\u0105 moc\u0105 wyj\u015bciow\u0105 i solidnymi funkcjami bezpiecze\u0144stwa, zapewniaj\u0105c niezawodne dzia\u0142anie wsz\u0119dzie tam, gdzie jest to wymagane.<\/p>\n<ul>\n<li>Wej\u015bcie znamionowe: 3-fazowe 400V\u00b115% AC<\/li>\n<li>Maksymalna moc wyj\u015bciowa DC: 30kW\/ 40kW<\/li>\n<li>Zakres napi\u0119cia wyj\u015bciowego DC: 100V-1000V DC<\/li>\n<li>Wy\u015bwietlacz: 7\u2019\u2019 dotykowy ekran LCD<\/li>\n<li>Interfejs sieciowy: Inteligentne po\u0142\u0105czenie internetowe Ethernet\/4G<\/li>\n<li>OCPP: pe\u0142na obs\u0142uga profili OCPP 1.6J\/ OCPP 2.0.1<\/li>\n<li>ISO15118 Plug&amp;Charge: mo\u017cliwo\u015b\u0107 aktualizacji<\/li>\n<li>Stopie\u0144 ochrony: IP55<\/li>\n<li>Interfejs \u0142adowania: CCS 1, CCS2, CHAdeMO, GB\/T<\/li>\n<li>Wymiar: 984*451,6*842,4 mm<\/li>\n<\/ul>","protected":false},"featured_media":7692,"template":"","meta":{"_acf_changed":false},"product_brand":[],"product_cat":[79],"product_tag":[82,83,84],"class_list":{"0":"post-7677","1":"product","2":"type-product","3":"status-publish","4":"has-post-thumbnail","6":"product_cat-dc-fast-charger","7":"product_tag-120kw-public-fast-ev-charger","8":"product_tag-90kw-120kw-dc-fast-charger","9":"product_tag-ocpp-ev-dc-fast-charging-station","11":"first","12":"instock","13":"shipping-taxable","14":"product-type-simple"},"acf":[],"_links":{"self":[{"href":"https:\/\/www.iocharger.com\/pl\/wp-json\/wp\/v2\/product\/7677","targetHints":{"allow":["GET"]}}],"collection":[{"href":"https:\/\/www.iocharger.com\/pl\/wp-json\/wp\/v2\/product"}],"about":[{"href":"https:\/\/www.iocharger.com\/pl\/wp-json\/wp\/v2\/types\/product"}],"version-history":[{"count":1,"href":"https:\/\/www.iocharger.com\/pl\/wp-json\/wp\/v2\/product\/7677\/revisions"}],"predecessor-version":[{"id":9700,"href":"https:\/\/www.iocharger.com\/pl\/wp-json\/wp\/v2\/product\/7677\/revisions\/9700"}],"wp:featuredmedia":[{"embeddable":true,"href":"https:\/\/www.iocharger.com\/pl\/wp-json\/wp\/v2\/media\/7692"}],"wp:attachment":[{"href":"https:\/\/www.iocharger.com\/pl\/wp-json\/wp\/v2\/media?parent=7677"}],"wp:term":[{"taxonomy":"product_brand","embeddable":true,"href":"https:\/\/www.iocharger.com\/pl\/wp-json\/wp\/v2\/product_brand?post=7677"},{"taxonomy":"product_cat","embeddable":true,"href":"https:\/\/www.iocharger.com\/pl\/wp-json\/wp\/v2\/product_cat?post=7677"},{"taxonomy":"product_tag","embeddable":true,"href":"https:\/\/www.iocharger.com\/pl\/wp-json\/wp\/v2\/product_tag?post=7677"}],"curies":[{"name":"wp","href":"https:\/\/api.w.org\/{rel}","templated":true}]}}