{"id":7625,"date":"2025-08-19T14:54:39","date_gmt":"2025-08-19T06:54:39","guid":{"rendered":"https:\/\/www.iocharger.com\/?post_type=product&#038;p=7625"},"modified":"2026-03-16T06:27:31","modified_gmt":"2026-03-16T06:27:31","slug":"megawatt-charging-system-satellite-dc-ev-charger","status":"publish","type":"product","link":"https:\/\/www.iocharger.com\/pl\/megawatt-charging-system-satellite-dc-ev-charger\/","title":{"rendered":"System \u0142adowania Megawatt \u0141adowarka satelitarna DC EV 480 kW 960 kW \u0141adowanie floty"},"content":{"rendered":"<div data-elementor-type=\"product-post\" data-elementor-id=\"7625\" class=\"elementor elementor-7625\" data-elementor-post-type=\"product\">\n\t\t\t\t\t\t<section class=\"elementor-section elementor-top-section elementor-element elementor-element-83d7d0f elementor-section-boxed elementor-section-height-default elementor-section-height-default\" data-id=\"83d7d0f\" data-element_type=\"section\">\n\t\t\t\t\t\t<div class=\"elementor-container elementor-column-gap-default\">\n\t\t\t\t\t<div class=\"elementor-column elementor-col-50 elementor-top-column elementor-element elementor-element-7285334\" data-id=\"7285334\" data-element_type=\"column\">\n\t\t\t<div class=\"elementor-widget-wrap elementor-element-populated\">\n\t\t\t\t\t\t<div class=\"elementor-element elementor-element-7deac97 elementor-widget elementor-widget-text-editor\" data-id=\"7deac97\" data-element_type=\"widget\" data-widget_type=\"text-editor.default\">\n\t\t\t\t\t\t\t\t\t<p><strong>G\u0142\u00f3wne cechy:<\/strong><\/p><ul><li>480kW up to 960kW<\/li><li>ISO15118 Plug&amp;Charge (PnC)<\/li><li>OCPP 1.6J &amp; OCPP 2.0.1 full profiles support<\/li><li>7\u2019\u2019 LCD touch screen<\/li><li>Max. 400A air-cooling fast charging<\/li><li>Max. 600A liquid-cooling fast charging<\/li><li>Dynamic load balancing &amp; Dynamic pricing strategy support<\/li><li>TLS encryption data collection ensures high data security<\/li><li>Cable management system optional<\/li><li>Online remote maintenance system<\/li><li>Firmware update via OTA<\/li><\/ul>\t\t\t\t\t\t\t\t<\/div>\n\t\t\t\t\t<\/div>\n\t\t<\/div>\n\t\t\t\t<div class=\"elementor-column elementor-col-50 elementor-top-column elementor-element elementor-element-5e05a1e\" data-id=\"5e05a1e\" data-element_type=\"column\">\n\t\t\t<div class=\"elementor-widget-wrap elementor-element-populated\">\n\t\t\t\t\t\t<div class=\"elementor-element elementor-element-07a83f2 elementor-widget elementor-widget-image\" data-id=\"07a83f2\" data-element_type=\"widget\" data-widget_type=\"image.default\">\n\t\t\t\t\t\t\t\t\t\t\t\t\t\t\t<img fetchpriority=\"high\" decoding=\"async\" width=\"1000\" height=\"1000\" src=\"https:\/\/www.iocharger.com\/wp-content\/uploads\/2025\/08\/Satellite-EV-Charger-1.jpg\" class=\"attachment-full size-full wp-image-7770\" alt=\"Satellite EV Charger\" srcset=\"https:\/\/www.iocharger.com\/wp-content\/uploads\/2025\/08\/Satellite-EV-Charger-1.jpg 1000w, https:\/\/www.iocharger.com\/wp-content\/uploads\/2025\/08\/Satellite-EV-Charger-1-150x150.jpg 150w, https:\/\/www.iocharger.com\/wp-content\/uploads\/2025\/08\/Satellite-EV-Charger-1-660x660.jpg 660w, https:\/\/www.iocharger.com\/wp-content\/uploads\/2025\/08\/Satellite-EV-Charger-1-300x300.jpg 300w, https:\/\/www.iocharger.com\/wp-content\/uploads\/2025\/08\/Satellite-EV-Charger-1-768x768.jpg 768w, https:\/\/www.iocharger.com\/wp-content\/uploads\/2025\/08\/Satellite-EV-Charger-1-285x285.jpg 285w, https:\/\/www.iocharger.com\/wp-content\/uploads\/2025\/08\/Satellite-EV-Charger-1-270x270.jpg 270w, https:\/\/www.iocharger.com\/wp-content\/uploads\/2025\/08\/Satellite-EV-Charger-1-540x540.jpg 540w\" sizes=\"(max-width: 1000px) 100vw, 1000px\" \/>\t\t\t\t\t\t\t\t\t\t\t\t\t\t\t<\/div>\n\t\t\t\t\t<\/div>\n\t\t<\/div>\n\t\t\t\t\t<\/div>\n\t\t<\/section>\n\t\t\t\t<section class=\"elementor-section elementor-top-section elementor-element elementor-element-c44a971 elementor-section-boxed elementor-section-height-default elementor-section-height-default\" data-id=\"c44a971\" data-element_type=\"section\">\n\t\t\t\t\t\t<div class=\"elementor-container elementor-column-gap-default\">\n\t\t\t\t\t<div class=\"elementor-column elementor-col-50 elementor-top-column elementor-element elementor-element-c2d86ee\" data-id=\"c2d86ee\" data-element_type=\"column\">\n\t\t\t<div class=\"elementor-widget-wrap elementor-element-populated\">\n\t\t\t\t\t\t<div class=\"elementor-element elementor-element-4bf0f15 elementor-widget elementor-widget-image\" data-id=\"4bf0f15\" data-element_type=\"widget\" data-widget_type=\"image.default\">\n\t\t\t\t\t\t\t\t\t\t\t\t\t\t\t<img decoding=\"async\" width=\"1000\" height=\"1000\" src=\"https:\/\/www.iocharger.com\/wp-content\/uploads\/2025\/08\/22-1-1.jpg\" class=\"attachment-full size-full wp-image-7771\" alt=\"scalable satellite dc ev charger\" srcset=\"https:\/\/www.iocharger.com\/wp-content\/uploads\/2025\/08\/22-1-1.jpg 1000w, https:\/\/www.iocharger.com\/wp-content\/uploads\/2025\/08\/22-1-1-150x150.jpg 150w, https:\/\/www.iocharger.com\/wp-content\/uploads\/2025\/08\/22-1-1-660x660.jpg 660w, https:\/\/www.iocharger.com\/wp-content\/uploads\/2025\/08\/22-1-1-300x300.jpg 300w, https:\/\/www.iocharger.com\/wp-content\/uploads\/2025\/08\/22-1-1-768x768.jpg 768w, https:\/\/www.iocharger.com\/wp-content\/uploads\/2025\/08\/22-1-1-285x285.jpg 285w, https:\/\/www.iocharger.com\/wp-content\/uploads\/2025\/08\/22-1-1-270x270.jpg 270w, https:\/\/www.iocharger.com\/wp-content\/uploads\/2025\/08\/22-1-1-540x540.jpg 540w\" sizes=\"(max-width: 1000px) 100vw, 1000px\" \/>\t\t\t\t\t\t\t\t\t\t\t\t\t\t\t<\/div>\n\t\t\t\t\t<\/div>\n\t\t<\/div>\n\t\t\t\t<div class=\"elementor-column elementor-col-50 elementor-top-column elementor-element elementor-element-b41e707\" data-id=\"b41e707\" data-element_type=\"column\">\n\t\t\t<div class=\"elementor-widget-wrap elementor-element-populated\">\n\t\t\t\t\t\t<div class=\"elementor-element elementor-element-366be1c elementor-widget elementor-widget-text-editor\" data-id=\"366be1c\" data-element_type=\"widget\" data-widget_type=\"text-editor.default\">\n\t\t\t\t\t\t\t\t\t<p><strong>Scalable, Flexible Power Expansion<\/strong><\/p><p>iocharger\u2019s satellite DC charging system is designed for seamless scalability and long-term flexibility. Start with a single power unit and expand incrementally by adding more power modules before increasing the number of units. Each power unit can accommodate a variable number of modules and dispensers, adapting to evolving charging demands. By reserving space and wiring during the initial installation, future expansions can be completed quickly, efficiently, and with minimal disruption, ensuring that your charging infrastructure grows effortlessly alongside your needs.<\/p>\t\t\t\t\t\t\t\t<\/div>\n\t\t\t\t\t<\/div>\n\t\t<\/div>\n\t\t\t\t\t<\/div>\n\t\t<\/section>\n\t\t\t\t<section class=\"elementor-section elementor-top-section elementor-element elementor-element-7479d51 elementor-section-boxed elementor-section-height-default elementor-section-height-default\" data-id=\"7479d51\" data-element_type=\"section\">\n\t\t\t\t\t\t<div class=\"elementor-container elementor-column-gap-default\">\n\t\t\t\t\t<div class=\"elementor-column elementor-col-50 elementor-top-column elementor-element elementor-element-01b3914\" data-id=\"01b3914\" data-element_type=\"column\">\n\t\t\t<div class=\"elementor-widget-wrap elementor-element-populated\">\n\t\t\t\t\t\t<div class=\"elementor-element elementor-element-19e9715 elementor-widget elementor-widget-text-editor\" data-id=\"19e9715\" data-element_type=\"widget\" data-widget_type=\"text-editor.default\">\n\t\t\t\t\t\t\t\t\t<p><strong>Smart Priority Charging<\/strong><\/p><p>Maximize charging efficiency with our advanced priority system. Activate Boost Access for peak-speed charging whenever needed. VIP members always have the highest priority, while registered users benefit from faster service than guests. Even first-time users are guaranteed enough power to complete their charge. During periods of high demand, the system intelligently balances power distribution to ensure smooth, reliable operation for all vehicles.<\/p>\t\t\t\t\t\t\t\t<\/div>\n\t\t\t\t\t<\/div>\n\t\t<\/div>\n\t\t\t\t<div class=\"elementor-column elementor-col-50 elementor-top-column elementor-element elementor-element-46f16ee\" data-id=\"46f16ee\" data-element_type=\"column\">\n\t\t\t<div class=\"elementor-widget-wrap elementor-element-populated\">\n\t\t\t\t\t\t<div class=\"elementor-element elementor-element-c00efcf elementor-widget elementor-widget-image\" data-id=\"c00efcf\" data-element_type=\"widget\" data-widget_type=\"image.default\">\n\t\t\t\t\t\t\t\t\t\t\t\t\t\t\t<img decoding=\"async\" width=\"1000\" height=\"1000\" src=\"https:\/\/www.iocharger.com\/wp-content\/uploads\/2025\/08\/33-1.jpg\" class=\"attachment-full size-full wp-image-7651\" alt=\"Priority Charging satellite ev charger\" srcset=\"https:\/\/www.iocharger.com\/wp-content\/uploads\/2025\/08\/33-1.jpg 1000w, https:\/\/www.iocharger.com\/wp-content\/uploads\/2025\/08\/33-1-150x150.jpg 150w, https:\/\/www.iocharger.com\/wp-content\/uploads\/2025\/08\/33-1-660x660.jpg 660w, https:\/\/www.iocharger.com\/wp-content\/uploads\/2025\/08\/33-1-300x300.jpg 300w, https:\/\/www.iocharger.com\/wp-content\/uploads\/2025\/08\/33-1-768x768.jpg 768w, https:\/\/www.iocharger.com\/wp-content\/uploads\/2025\/08\/33-1-285x285.jpg 285w, https:\/\/www.iocharger.com\/wp-content\/uploads\/2025\/08\/33-1-270x270.jpg 270w, https:\/\/www.iocharger.com\/wp-content\/uploads\/2025\/08\/33-1-540x540.jpg 540w\" sizes=\"(max-width: 1000px) 100vw, 1000px\" \/>\t\t\t\t\t\t\t\t\t\t\t\t\t\t\t<\/div>\n\t\t\t\t\t<\/div>\n\t\t<\/div>\n\t\t\t\t\t<\/div>\n\t\t<\/section>\n\t\t\t\t<section class=\"elementor-section elementor-top-section elementor-element elementor-element-f676a35 elementor-section-boxed elementor-section-height-default elementor-section-height-default\" data-id=\"f676a35\" data-element_type=\"section\">\n\t\t\t\t\t\t<div class=\"elementor-container elementor-column-gap-default\">\n\t\t\t\t\t<div class=\"elementor-column elementor-col-50 elementor-top-column elementor-element elementor-element-95c2c8f\" data-id=\"95c2c8f\" data-element_type=\"column\">\n\t\t\t<div class=\"elementor-widget-wrap elementor-element-populated\">\n\t\t\t\t\t\t<div class=\"elementor-element elementor-element-fefd379 elementor-widget elementor-widget-image\" data-id=\"fefd379\" data-element_type=\"widget\" data-widget_type=\"image.default\">\n\t\t\t\t\t\t\t\t\t\t\t\t\t\t\t<img loading=\"lazy\" decoding=\"async\" width=\"1000\" height=\"1000\" src=\"https:\/\/www.iocharger.com\/wp-content\/uploads\/2025\/08\/44-1-1.jpg\" class=\"attachment-full size-full wp-image-7772\" alt=\"TLS secure ev charging\" srcset=\"https:\/\/www.iocharger.com\/wp-content\/uploads\/2025\/08\/44-1-1.jpg 1000w, https:\/\/www.iocharger.com\/wp-content\/uploads\/2025\/08\/44-1-1-150x150.jpg 150w, https:\/\/www.iocharger.com\/wp-content\/uploads\/2025\/08\/44-1-1-660x660.jpg 660w, https:\/\/www.iocharger.com\/wp-content\/uploads\/2025\/08\/44-1-1-300x300.jpg 300w, https:\/\/www.iocharger.com\/wp-content\/uploads\/2025\/08\/44-1-1-768x768.jpg 768w, https:\/\/www.iocharger.com\/wp-content\/uploads\/2025\/08\/44-1-1-285x285.jpg 285w, https:\/\/www.iocharger.com\/wp-content\/uploads\/2025\/08\/44-1-1-270x270.jpg 270w, https:\/\/www.iocharger.com\/wp-content\/uploads\/2025\/08\/44-1-1-540x540.jpg 540w\" sizes=\"(max-width: 1000px) 100vw, 1000px\" \/>\t\t\t\t\t\t\t\t\t\t\t\t\t\t\t<\/div>\n\t\t\t\t\t<\/div>\n\t\t<\/div>\n\t\t\t\t<div class=\"elementor-column elementor-col-50 elementor-top-column elementor-element elementor-element-7c15c6e\" data-id=\"7c15c6e\" data-element_type=\"column\">\n\t\t\t<div class=\"elementor-widget-wrap elementor-element-populated\">\n\t\t\t\t\t\t<div class=\"elementor-element elementor-element-e722b97 elementor-widget elementor-widget-text-editor\" data-id=\"e722b97\" data-element_type=\"widget\" data-widget_type=\"text-editor.default\">\n\t\t\t\t\t\t\t\t\t<p><strong>Secure Encrypted Communication (TLS Mutual Authentication)<\/strong><\/p><p>The system uses fully encrypted communication based on TLS (Transport Layer Security), ensuring that all transmitted data is protected against leakage and tampering. It also supports mutual authentication, verifying both parties to guarantee a trusted, end-to-end secure connection.<\/p>\t\t\t\t\t\t\t\t<\/div>\n\t\t\t\t\t<\/div>\n\t\t<\/div>\n\t\t\t\t\t<\/div>\n\t\t<\/section>\n\t\t\t\t<section class=\"elementor-section elementor-top-section elementor-element elementor-element-9d6c3c7 elementor-section-boxed elementor-section-height-default elementor-section-height-default\" data-id=\"9d6c3c7\" data-element_type=\"section\">\n\t\t\t\t\t\t<div class=\"elementor-container elementor-column-gap-default\">\n\t\t\t\t\t<div class=\"elementor-column elementor-col-50 elementor-top-column elementor-element elementor-element-8c139e7\" data-id=\"8c139e7\" data-element_type=\"column\">\n\t\t\t<div class=\"elementor-widget-wrap elementor-element-populated\">\n\t\t\t\t\t\t<div class=\"elementor-element elementor-element-ca6a65b elementor-widget elementor-widget-text-editor\" data-id=\"ca6a65b\" data-element_type=\"widget\" data-widget_type=\"text-editor.default\">\n\t\t\t\t\t\t\t\t\t<p><strong>Smart, Sustainable Energy at Your Fingertips<\/strong><\/p><p>Harness solar and battery power for a clean, reliable energy supply. Our intelligent energy management system optimizes efficiency, supports dynamic pricing, and stores energy for peak demand. With flexible expansion options, including ESS and solar modules\u00a0&#8211; your charging infrastructure can scale seamlessly to meet evolving needs, keeping devices running smoothly while reducing both costs and environmental impact.<\/p>\t\t\t\t\t\t\t\t<\/div>\n\t\t\t\t\t<\/div>\n\t\t<\/div>\n\t\t\t\t<div class=\"elementor-column elementor-col-50 elementor-top-column elementor-element elementor-element-742b726\" data-id=\"742b726\" data-element_type=\"column\">\n\t\t\t<div class=\"elementor-widget-wrap elementor-element-populated\">\n\t\t\t\t\t\t<div class=\"elementor-element elementor-element-ccce38e elementor-widget elementor-widget-image\" data-id=\"ccce38e\" data-element_type=\"widget\" data-widget_type=\"image.default\">\n\t\t\t\t\t\t\t\t\t\t\t\t\t\t\t<img loading=\"lazy\" decoding=\"async\" width=\"1000\" height=\"1000\" src=\"https:\/\/www.iocharger.com\/wp-content\/uploads\/2025\/08\/55-1-1.jpg\" class=\"attachment-full size-full wp-image-7773\" alt=\"dynamic price Satellite EV Charger\" srcset=\"https:\/\/www.iocharger.com\/wp-content\/uploads\/2025\/08\/55-1-1.jpg 1000w, https:\/\/www.iocharger.com\/wp-content\/uploads\/2025\/08\/55-1-1-150x150.jpg 150w, https:\/\/www.iocharger.com\/wp-content\/uploads\/2025\/08\/55-1-1-660x660.jpg 660w, https:\/\/www.iocharger.com\/wp-content\/uploads\/2025\/08\/55-1-1-300x300.jpg 300w, https:\/\/www.iocharger.com\/wp-content\/uploads\/2025\/08\/55-1-1-768x768.jpg 768w, https:\/\/www.iocharger.com\/wp-content\/uploads\/2025\/08\/55-1-1-285x285.jpg 285w, https:\/\/www.iocharger.com\/wp-content\/uploads\/2025\/08\/55-1-1-270x270.jpg 270w, https:\/\/www.iocharger.com\/wp-content\/uploads\/2025\/08\/55-1-1-540x540.jpg 540w\" sizes=\"(max-width: 1000px) 100vw, 1000px\" \/>\t\t\t\t\t\t\t\t\t\t\t\t\t\t\t<\/div>\n\t\t\t\t\t<\/div>\n\t\t<\/div>\n\t\t\t\t\t<\/div>\n\t\t<\/section>\n\t\t\t\t<\/div>","protected":false},"excerpt":{"rendered":"<p>Iocharger satellite DC EV charger and charging system are designed for buses and commercial fleets, delivering fast, reliable charging for multiple vehicles at once. With flexible expansion and smart energy management, your depot stays fully operational, keeping your fleet on the move with minimal downtime.<\/p>\n<ul>\n<li>Wej\u015bcie znamionowe: 3-fazowe 400V\u00b115% AC<\/li>\n<li>Max DC output power: 480kW, 960kW<\/li>\n<li>Zakres napi\u0119cia wyj\u015bciowego DC: 150-1000 V DC<\/li>\n<li>Display: 7\u2019\u2019 LCD Touch Screen<\/li>\n<li>Interfejs sieciowy: Ethernet \/ inteligentne po\u0142\u0105czenie internetowe 4G<\/li>\n<li>OCPP: pe\u0142na obs\u0142uga profili OCPP 1.6J\/ OCPP 2.0.1<\/li>\n<li>ISO15118 Plug&amp;Charge: support<\/li>\n<li>Stopie\u0144 ochrony: IP55<\/li>\n<li>Number of outputs (Max.): 6<\/li>\n<li>Charging interface: CCS2, CCS1, CHAdeMO, GB\/T<\/li>\n<li>Typ monta\u017cu: Pod\u0142oga<\/li>\n<li>Dimension: 1029*985*1937mm(480kW), 2058*985*1937mm(960kW)<\/li>\n<\/ul>","protected":false},"featured_media":7768,"template":"","meta":{"_acf_changed":false},"product_brand":[],"product_cat":[79],"product_tag":[82,83,84],"class_list":{"0":"post-7625","1":"product","2":"type-product","3":"status-publish","4":"has-post-thumbnail","6":"product_cat-dc-fast-charger","7":"product_tag-120kw-public-fast-ev-charger","8":"product_tag-90kw-120kw-dc-fast-charger","9":"product_tag-ocpp-ev-dc-fast-charging-station","11":"first","12":"instock","13":"featured","14":"shipping-taxable","15":"product-type-simple"},"acf":[],"_links":{"self":[{"href":"https:\/\/www.iocharger.com\/pl\/wp-json\/wp\/v2\/product\/7625","targetHints":{"allow":["GET"]}}],"collection":[{"href":"https:\/\/www.iocharger.com\/pl\/wp-json\/wp\/v2\/product"}],"about":[{"href":"https:\/\/www.iocharger.com\/pl\/wp-json\/wp\/v2\/types\/product"}],"version-history":[{"count":0,"href":"https:\/\/www.iocharger.com\/pl\/wp-json\/wp\/v2\/product\/7625\/revisions"}],"wp:featuredmedia":[{"embeddable":true,"href":"https:\/\/www.iocharger.com\/pl\/wp-json\/wp\/v2\/media\/7768"}],"wp:attachment":[{"href":"https:\/\/www.iocharger.com\/pl\/wp-json\/wp\/v2\/media?parent=7625"}],"wp:term":[{"taxonomy":"product_brand","embeddable":true,"href":"https:\/\/www.iocharger.com\/pl\/wp-json\/wp\/v2\/product_brand?post=7625"},{"taxonomy":"product_cat","embeddable":true,"href":"https:\/\/www.iocharger.com\/pl\/wp-json\/wp\/v2\/product_cat?post=7625"},{"taxonomy":"product_tag","embeddable":true,"href":"https:\/\/www.iocharger.com\/pl\/wp-json\/wp\/v2\/product_tag?post=7625"}],"curies":[{"name":"wp","href":"https:\/\/api.w.org\/{rel}","templated":true}]}}