{"id":7248,"date":"2025-06-04T15:18:41","date_gmt":"2025-06-04T07:18:41","guid":{"rendered":"https:\/\/www.iocharger.com\/?post_type=product&#038;p=7248"},"modified":"2026-04-09T12:45:18","modified_gmt":"2026-04-09T12:45:18","slug":"dual-ports-pedestal-ac-ev-charger-ocpp","status":"publish","type":"product","link":"https:\/\/www.iocharger.com\/pl\/dual-ports-pedestal-ac-ev-charger-ocpp\/","title":{"rendered":"\u0141adowarka AC EV z podw\u00f3jnym portem OCPP1.6J i 2.0.1 zgodna z norm\u0105 ISO15118 Plug&amp;Charge"},"content":{"rendered":"<div data-elementor-type=\"product-post\" data-elementor-id=\"7248\" class=\"elementor elementor-7248\" data-elementor-post-type=\"product\">\n\t\t\t\t\t\t<section class=\"elementor-section elementor-top-section elementor-element elementor-element-00e90a8 elementor-section-boxed elementor-section-height-default elementor-section-height-default\" data-id=\"00e90a8\" data-element_type=\"section\">\n\t\t\t\t\t\t<div class=\"elementor-container elementor-column-gap-default\">\n\t\t\t\t\t<div class=\"elementor-column elementor-col-100 elementor-top-column elementor-element elementor-element-b7cfd57\" data-id=\"b7cfd57\" data-element_type=\"column\">\n\t\t\t<div class=\"elementor-widget-wrap elementor-element-populated\">\n\t\t\t\t\t\t<div class=\"elementor-element elementor-element-c2e8bae elementor-widget elementor-widget-text-editor\" data-id=\"c2e8bae\" data-element_type=\"widget\" data-widget_type=\"text-editor.default\">\n\t\t\t\t\t\t\t\t\t<p>IOCAP26 zosta\u0142 specjalnie zaprojektowany do cel\u00f3w komercyjnych. Wysoka odporno\u015b\u0107 na wod\u0119 i kurz ze stopniem ochrony IP55 i IK10 sprawiaj\u0105, \u017ce idealnie nadaje si\u0119 do \u0142adowania na zewn\u0105trz, takich jak stacje benzynowe, parkingi, rogi ulic itp.<\/p>\t\t\t\t\t\t\t\t<\/div>\n\t\t\t\t\t<\/div>\n\t\t<\/div>\n\t\t\t\t\t<\/div>\n\t\t<\/section>\n\t\t\t\t<section class=\"elementor-section elementor-top-section elementor-element elementor-element-1cfd539 elementor-section-boxed elementor-section-height-default elementor-section-height-default\" data-id=\"1cfd539\" data-element_type=\"section\">\n\t\t\t\t\t\t<div class=\"elementor-container elementor-column-gap-default\">\n\t\t\t\t\t<div class=\"elementor-column elementor-col-50 elementor-top-column elementor-element elementor-element-20c5297\" data-id=\"20c5297\" data-element_type=\"column\">\n\t\t\t<div class=\"elementor-widget-wrap elementor-element-populated\">\n\t\t\t\t\t\t<div class=\"elementor-element elementor-element-9a50614 elementor-widget elementor-widget-text-editor\" data-id=\"9a50614\" data-element_type=\"widget\" data-widget_type=\"text-editor.default\">\n\t\t\t\t\t\t\t\t\t<h3>G\u0142\u00f3wne cechy:<\/h3><ul><li>Kompatybilny ze wszystkimi samochodami i sieciami energetycznymi<\/li><li>2 x RCCB Typ-B<\/li><li>2 x miernik MID<\/li><li>2 x SPD 40KA<\/li><li>7-calowy wy\u015bwietlacz LCD z mo\u017cliwo\u015bci\u0105 rozbudowy do ekranu dotykowego<\/li><li>Inteligentna \u0142\u0105czno\u015b\u0107 sieciowa Ethernet, Wi-Fi, kom\u00f3rkowa, Bluetooth<\/li><li>Integracja p\u0142atno\u015bci POS<\/li><li>Elastyczna konfiguracja pr\u0105du\/mocy wyj\u015bciowej<\/li><li>Obs\u0142uga inteligentnego dynamicznego r\u00f3wnowa\u017cenia obci\u0105\u017cenia<\/li><li>Oddzielne okno odczytu licznika MID<\/li><li>Przyjazny dla u\u017cytkownika portal internetowy do konfiguracji \u0142adowarki<\/li><\/ul>\t\t\t\t\t\t\t\t<\/div>\n\t\t\t\t\t<\/div>\n\t\t<\/div>\n\t\t\t\t<div class=\"elementor-column elementor-col-50 elementor-top-column elementor-element elementor-element-7450399\" data-id=\"7450399\" data-element_type=\"column\">\n\t\t\t<div class=\"elementor-widget-wrap elementor-element-populated\">\n\t\t\t\t\t\t<div class=\"elementor-element elementor-element-a02cf29 elementor-widget__width-initial elementor-widget elementor-widget-image\" data-id=\"a02cf29\" data-element_type=\"widget\" data-widget_type=\"image.default\">\n\t\t\t\t\t\t\t\t\t\t\t\t\t\t\t<img fetchpriority=\"high\" decoding=\"async\" width=\"1000\" height=\"1000\" src=\"https:\/\/www.iocharger.com\/wp-content\/uploads\/2025\/06\/iocharger-IOCAP35-ev-charger.webp\" class=\"attachment-full size-full wp-image-9801\" alt=\"iocharger IOCAP35 ev charger\" srcset=\"https:\/\/www.iocharger.com\/wp-content\/uploads\/2025\/06\/iocharger-IOCAP35-ev-charger.webp 1000w, https:\/\/www.iocharger.com\/wp-content\/uploads\/2025\/06\/iocharger-IOCAP35-ev-charger-300x300.webp 300w, https:\/\/www.iocharger.com\/wp-content\/uploads\/2025\/06\/iocharger-IOCAP35-ev-charger-150x150.webp 150w, https:\/\/www.iocharger.com\/wp-content\/uploads\/2025\/06\/iocharger-IOCAP35-ev-charger-768x768.webp 768w, https:\/\/www.iocharger.com\/wp-content\/uploads\/2025\/06\/iocharger-IOCAP35-ev-charger-12x12.webp 12w, https:\/\/www.iocharger.com\/wp-content\/uploads\/2025\/06\/iocharger-IOCAP35-ev-charger-285x285.webp 285w, https:\/\/www.iocharger.com\/wp-content\/uploads\/2025\/06\/iocharger-IOCAP35-ev-charger-270x270.webp 270w, https:\/\/www.iocharger.com\/wp-content\/uploads\/2025\/06\/iocharger-IOCAP35-ev-charger-540x540.webp 540w, https:\/\/www.iocharger.com\/wp-content\/uploads\/2025\/06\/iocharger-IOCAP35-ev-charger-660x660.webp 660w\" sizes=\"(max-width: 1000px) 100vw, 1000px\" \/>\t\t\t\t\t\t\t\t\t\t\t\t\t\t\t<\/div>\n\t\t\t\t\t<\/div>\n\t\t<\/div>\n\t\t\t\t\t<\/div>\n\t\t<\/section>\n\t\t\t\t<section class=\"elementor-section elementor-top-section elementor-element elementor-element-353d4e0 elementor-section-boxed elementor-section-height-default elementor-section-height-default\" data-id=\"353d4e0\" data-element_type=\"section\">\n\t\t\t\t\t\t<div class=\"elementor-container elementor-column-gap-default\">\n\t\t\t\t\t<div class=\"elementor-column elementor-col-50 elementor-top-column elementor-element elementor-element-54ea811\" data-id=\"54ea811\" data-element_type=\"column\">\n\t\t\t<div class=\"elementor-widget-wrap elementor-element-populated\">\n\t\t\t\t\t\t<div class=\"elementor-element elementor-element-ddbe937 elementor-widget elementor-widget-image\" data-id=\"ddbe937\" data-element_type=\"widget\" data-widget_type=\"image.default\">\n\t\t\t\t\t\t\t\t\t\t\t\t\t\t\t<img decoding=\"async\" width=\"1000\" height=\"1000\" src=\"https:\/\/www.iocharger.com\/wp-content\/uploads\/2025\/06\/dual-ports-ev-charger-post.webp\" class=\"attachment-full size-full wp-image-9802\" alt=\"\u0141adowarka ev z dwoma portami\" srcset=\"https:\/\/www.iocharger.com\/wp-content\/uploads\/2025\/06\/dual-ports-ev-charger-post.webp 1000w, https:\/\/www.iocharger.com\/wp-content\/uploads\/2025\/06\/dual-ports-ev-charger-post-300x300.webp 300w, https:\/\/www.iocharger.com\/wp-content\/uploads\/2025\/06\/dual-ports-ev-charger-post-150x150.webp 150w, https:\/\/www.iocharger.com\/wp-content\/uploads\/2025\/06\/dual-ports-ev-charger-post-768x768.webp 768w, https:\/\/www.iocharger.com\/wp-content\/uploads\/2025\/06\/dual-ports-ev-charger-post-12x12.webp 12w, https:\/\/www.iocharger.com\/wp-content\/uploads\/2025\/06\/dual-ports-ev-charger-post-285x285.webp 285w, https:\/\/www.iocharger.com\/wp-content\/uploads\/2025\/06\/dual-ports-ev-charger-post-270x270.webp 270w, https:\/\/www.iocharger.com\/wp-content\/uploads\/2025\/06\/dual-ports-ev-charger-post-540x540.webp 540w, https:\/\/www.iocharger.com\/wp-content\/uploads\/2025\/06\/dual-ports-ev-charger-post-660x660.webp 660w\" sizes=\"(max-width: 1000px) 100vw, 1000px\" \/>\t\t\t\t\t\t\t\t\t\t\t\t\t\t\t<\/div>\n\t\t\t\t\t<\/div>\n\t\t<\/div>\n\t\t\t\t<div class=\"elementor-column elementor-col-50 elementor-top-column elementor-element elementor-element-90eca43\" data-id=\"90eca43\" data-element_type=\"column\">\n\t\t\t<div class=\"elementor-widget-wrap elementor-element-populated\">\n\t\t\t\t\t\t<div class=\"elementor-element elementor-element-13a2eab elementor-widget elementor-widget-text-editor\" data-id=\"13a2eab\" data-element_type=\"widget\" data-widget_type=\"text-editor.default\">\n\t\t\t\t\t\t\t\t\t<h3>Zasilanie dw\u00f3ch pojazd\u00f3w elektrycznych jednocze\u015bnie<\/h3><p>IOCAP35 obs\u0142uguje jednoczesne \u0142adowanie dw\u00f3ch pojazd\u00f3w elektrycznych (EV), znacznie zwi\u0119kszaj\u0105c wydajno\u015b\u0107 stacji \u0142adowania i podnosz\u0105c jako\u015b\u0107 obs\u0142ugi klienta. Jego dwuportowa konstrukcja zwi\u0119ksza przepustowo\u015b\u0107 us\u0142ugi, skracaj\u0105c czas oczekiwania i maksymalizuj\u0105c wykorzystanie sprz\u0119tu, zwi\u0119kszaj\u0105c tym samym potencja\u0142 przychod\u00f3w. W okresach szczytowego zapotrzebowania system inteligentnie zarz\u0105dza dystrybucj\u0105 mocy, aby zr\u00f3wnowa\u017cy\u0107 obci\u0105\u017cenie, zapewniaj\u0105c stabilno\u015b\u0107 sieci przy jednoczesnej optymalizacji og\u00f3lnej pr\u0119dko\u015bci \u0142adowania.<\/p>\t\t\t\t\t\t\t\t<\/div>\n\t\t\t\t\t<\/div>\n\t\t<\/div>\n\t\t\t\t\t<\/div>\n\t\t<\/section>\n\t\t\t\t<section class=\"elementor-section elementor-top-section elementor-element elementor-element-68cc48d elementor-section-boxed elementor-section-height-default elementor-section-height-default\" data-id=\"68cc48d\" data-element_type=\"section\">\n\t\t\t\t\t\t<div class=\"elementor-container elementor-column-gap-default\">\n\t\t\t\t\t<div class=\"elementor-column elementor-col-50 elementor-top-column elementor-element elementor-element-315ab35\" data-id=\"315ab35\" data-element_type=\"column\">\n\t\t\t<div class=\"elementor-widget-wrap elementor-element-populated\">\n\t\t\t\t\t\t<div class=\"elementor-element elementor-element-a1006df elementor-widget elementor-widget-text-editor\" data-id=\"a1006df\" data-element_type=\"widget\" data-widget_type=\"text-editor.default\">\n\t\t\t\t\t\t\t\t\t<h3>ISO15118 gotowy na inteligentniejsze i bezpieczniejsze \u0142adowanie pojazd\u00f3w elektrycznych<\/h3><p>IOCAP35 jest w pe\u0142ni zgodny z OCPP 1.6J i 2.0.1 oraz ISO15118 Plug&amp;Charge, co czyni go idealnym wyborem do komercyjnych zastosowa\u0144 \u0142adowania pojazd\u00f3w elektrycznych. Umo\u017cliwia p\u0142ynn\u0105, inteligentn\u0105 komunikacj\u0119 mi\u0119dzy pojazdem a \u0142adowark\u0105, obs\u0142uguj\u0105c automatyczne uwierzytelnianie i usprawnione p\u0142atno\u015bci, przy jednoczesnym zachowaniu silnego bezpiecze\u0144stwa danych. Dzi\u0119ki zaawansowanym funkcjom Vehicle-to-Grid (V2G), IOCAP35 przyczynia si\u0119 do inteligentniejszego zarz\u0105dzania sieci\u0105 i poprawy efektywno\u015bci energetycznej. Wysoki poziom interoperacyjno\u015bci zapewnia kompatybilno\u015b\u0107 z szerok\u0105 gam\u0105 pojazd\u00f3w elektrycznych, umo\u017cliwiaj\u0105c operatorom \u0142atwe skalowanie sieci \u0142adowania.<\/p>\t\t\t\t\t\t\t\t<\/div>\n\t\t\t\t\t<\/div>\n\t\t<\/div>\n\t\t\t\t<div class=\"elementor-column elementor-col-50 elementor-top-column elementor-element elementor-element-0621132\" data-id=\"0621132\" data-element_type=\"column\">\n\t\t\t<div class=\"elementor-widget-wrap elementor-element-populated\">\n\t\t\t\t\t\t<div class=\"elementor-element elementor-element-3266632 elementor-widget elementor-widget-image\" data-id=\"3266632\" data-element_type=\"widget\" data-widget_type=\"image.default\">\n\t\t\t\t\t\t\t\t\t\t\t\t\t\t\t<img decoding=\"async\" width=\"1000\" height=\"1000\" src=\"https:\/\/www.iocharger.com\/wp-content\/uploads\/2025\/06\/iso15118-public-ev-charger.webp\" class=\"attachment-full size-full wp-image-9803\" alt=\"\" srcset=\"https:\/\/www.iocharger.com\/wp-content\/uploads\/2025\/06\/iso15118-public-ev-charger.webp 1000w, https:\/\/www.iocharger.com\/wp-content\/uploads\/2025\/06\/iso15118-public-ev-charger-300x300.webp 300w, https:\/\/www.iocharger.com\/wp-content\/uploads\/2025\/06\/iso15118-public-ev-charger-150x150.webp 150w, https:\/\/www.iocharger.com\/wp-content\/uploads\/2025\/06\/iso15118-public-ev-charger-768x768.webp 768w, https:\/\/www.iocharger.com\/wp-content\/uploads\/2025\/06\/iso15118-public-ev-charger-12x12.webp 12w, https:\/\/www.iocharger.com\/wp-content\/uploads\/2025\/06\/iso15118-public-ev-charger-285x285.webp 285w, https:\/\/www.iocharger.com\/wp-content\/uploads\/2025\/06\/iso15118-public-ev-charger-270x270.webp 270w, https:\/\/www.iocharger.com\/wp-content\/uploads\/2025\/06\/iso15118-public-ev-charger-540x540.webp 540w, https:\/\/www.iocharger.com\/wp-content\/uploads\/2025\/06\/iso15118-public-ev-charger-660x660.webp 660w\" sizes=\"(max-width: 1000px) 100vw, 1000px\" \/>\t\t\t\t\t\t\t\t\t\t\t\t\t\t\t<\/div>\n\t\t\t\t\t<\/div>\n\t\t<\/div>\n\t\t\t\t\t<\/div>\n\t\t<\/section>\n\t\t\t\t<section class=\"elementor-section elementor-top-section elementor-element elementor-element-9c3d70e elementor-section-boxed elementor-section-height-default elementor-section-height-default\" data-id=\"9c3d70e\" data-element_type=\"section\">\n\t\t\t\t\t\t<div class=\"elementor-container elementor-column-gap-default\">\n\t\t\t\t\t<div class=\"elementor-column elementor-col-50 elementor-top-column elementor-element elementor-element-4634541\" data-id=\"4634541\" data-element_type=\"column\">\n\t\t\t<div class=\"elementor-widget-wrap elementor-element-populated\">\n\t\t\t\t\t\t<div class=\"elementor-element elementor-element-2a23fde elementor-widget elementor-widget-image\" data-id=\"2a23fde\" data-element_type=\"widget\" data-widget_type=\"image.default\">\n\t\t\t\t\t\t\t\t\t\t\t\t\t\t\t<img loading=\"lazy\" decoding=\"async\" width=\"1000\" height=\"1000\" src=\"https:\/\/www.iocharger.com\/wp-content\/uploads\/2025\/06\/cost-visible-ev-charger.webp\" class=\"attachment-full size-full wp-image-9804\" alt=\"cost visible ev charger\" srcset=\"https:\/\/www.iocharger.com\/wp-content\/uploads\/2025\/06\/cost-visible-ev-charger.webp 1000w, https:\/\/www.iocharger.com\/wp-content\/uploads\/2025\/06\/cost-visible-ev-charger-300x300.webp 300w, https:\/\/www.iocharger.com\/wp-content\/uploads\/2025\/06\/cost-visible-ev-charger-150x150.webp 150w, https:\/\/www.iocharger.com\/wp-content\/uploads\/2025\/06\/cost-visible-ev-charger-768x768.webp 768w, https:\/\/www.iocharger.com\/wp-content\/uploads\/2025\/06\/cost-visible-ev-charger-12x12.webp 12w, https:\/\/www.iocharger.com\/wp-content\/uploads\/2025\/06\/cost-visible-ev-charger-285x285.webp 285w, https:\/\/www.iocharger.com\/wp-content\/uploads\/2025\/06\/cost-visible-ev-charger-270x270.webp 270w, https:\/\/www.iocharger.com\/wp-content\/uploads\/2025\/06\/cost-visible-ev-charger-540x540.webp 540w, https:\/\/www.iocharger.com\/wp-content\/uploads\/2025\/06\/cost-visible-ev-charger-660x660.webp 660w\" sizes=\"(max-width: 1000px) 100vw, 1000px\" \/>\t\t\t\t\t\t\t\t\t\t\t\t\t\t\t<\/div>\n\t\t\t\t\t<\/div>\n\t\t<\/div>\n\t\t\t\t<div class=\"elementor-column elementor-col-50 elementor-top-column elementor-element elementor-element-913c83f\" data-id=\"913c83f\" data-element_type=\"column\">\n\t\t\t<div class=\"elementor-widget-wrap elementor-element-populated\">\n\t\t\t\t\t\t<div class=\"elementor-element elementor-element-66b877b elementor-widget elementor-widget-text-editor\" data-id=\"66b877b\" data-element_type=\"widget\" data-widget_type=\"text-editor.default\">\n\t\t\t\t\t\t\t\t\t<h3>Inteligentne \u0142adowanie z pe\u0142n\u0105 widoczno\u015bci\u0105 koszt\u00f3w<\/h3><p>Dzi\u0119ki obs\u0142udze wy\u015bwietlania taryf i koszt\u00f3w, IOCAP35 zapewnia pe\u0142n\u0105 przejrzysto\u015b\u0107 cen dla u\u017cytkownik\u00f3w ko\u0144cowych, zwi\u0119kszaj\u0105c zaufanie i satysfakcj\u0119 podczas procesu \u0142adowania. Wy\u015bwietlanie w czasie rzeczywistym stawek za \u0142adowanie, czasu trwania sesji, zu\u017cycia energii i ca\u0142kowitego kosztu umo\u017cliwia kierowcom pojazd\u00f3w elektrycznych podejmowanie \u015bwiadomych decyzji przed i w trakcie \u0142adowania. W przypadku operator\u00f3w funkcja ta zapewnia zgodno\u015b\u0107 z przepisami na rynkach wymagaj\u0105cych ujawniania cen i promuje bardziej profesjonalne i przyjazne dla u\u017cytkownika do\u015bwiadczenie \u0142adowania. Przejrzysta widoczno\u015b\u0107 koszt\u00f3w nie tylko zwi\u0119ksza zaanga\u017cowanie klient\u00f3w, ale tak\u017ce pomaga ograniczy\u0107 spory, czyni\u0105c ca\u0142y proces \u0142adowania bardziej wydajnym i niezawodnym.<\/p>\t\t\t\t\t\t\t\t<\/div>\n\t\t\t\t\t<\/div>\n\t\t<\/div>\n\t\t\t\t\t<\/div>\n\t\t<\/section>\n\t\t\t\t<section class=\"elementor-section elementor-top-section elementor-element elementor-element-32dd9d0 elementor-section-boxed elementor-section-height-default elementor-section-height-default\" data-id=\"32dd9d0\" data-element_type=\"section\">\n\t\t\t\t\t\t<div class=\"elementor-container elementor-column-gap-default\">\n\t\t\t\t\t<div class=\"elementor-column elementor-col-50 elementor-top-column elementor-element elementor-element-a9995c5\" data-id=\"a9995c5\" data-element_type=\"column\">\n\t\t\t<div class=\"elementor-widget-wrap elementor-element-populated\">\n\t\t\t\t\t\t<div class=\"elementor-element elementor-element-af63b86 elementor-widget elementor-widget-text-editor\" data-id=\"af63b86\" data-element_type=\"widget\" data-widget_type=\"text-editor.default\">\n\t\t\t\t\t\t\t\t\t<h3>Elastyczne i bezpieczne opcje p\u0142atno\u015bci<\/h3><p>IOCAP35 obs\u0142uguje szerok\u0105 gam\u0119 metod p\u0142atno\u015bci, zapewniaj\u0105c wyj\u0105tkow\u0105 elastyczno\u015b\u0107 i wygod\u0119 zar\u00f3wno operatorom, jak i kierowcom pojazd\u00f3w elektrycznych. Niezale\u017cnie od tego, czy chodzi o karty RFID, aplikacje mobilne, skanowanie kod\u00f3w QR czy p\u0142atno\u015bci kart\u0105 kredytow\u0105, integruje si\u0119 on p\u0142ynnie z platformami p\u0142atniczymi, takimi jak Nayax, Payter, PAX, Ingenico itp. Ta wszechstronno\u015b\u0107 zwi\u0119ksza wygod\u0119 u\u017cytkownika, dostosowuj\u0105c si\u0119 do r\u00f3\u017cnych preferencji i upraszczaj\u0105c operacje dla dostawc\u00f3w us\u0142ug \u0142adowania. Dzi\u0119ki szybkim, bezpiecznym i intuicyjnym transakcjom pomaga przyci\u0105gn\u0105\u0107 szersz\u0105 baz\u0119 klient\u00f3w i zapewnia p\u0142ynny, wydajny proces \u0142adowania.<\/p>\t\t\t\t\t\t\t\t<\/div>\n\t\t\t\t\t<\/div>\n\t\t<\/div>\n\t\t\t\t<div class=\"elementor-column elementor-col-50 elementor-top-column elementor-element elementor-element-7455d4e\" data-id=\"7455d4e\" data-element_type=\"column\">\n\t\t\t<div class=\"elementor-widget-wrap elementor-element-populated\">\n\t\t\t\t\t\t<div class=\"elementor-element elementor-element-ee917e6 elementor-widget elementor-widget-image\" data-id=\"ee917e6\" data-element_type=\"widget\" data-widget_type=\"image.default\">\n\t\t\t\t\t\t\t\t\t\t\t\t\t\t\t<img loading=\"lazy\" decoding=\"async\" width=\"1000\" height=\"1000\" src=\"https:\/\/www.iocharger.com\/wp-content\/uploads\/2025\/06\/iso15118-plug-and-charge-pedestal-ev-charger.webp\" class=\"attachment-full size-full wp-image-9805\" alt=\"iso15118 \u0142adowarka do pojazd\u00f3w elektrycznych typu plug and charge postument\" srcset=\"https:\/\/www.iocharger.com\/wp-content\/uploads\/2025\/06\/iso15118-plug-and-charge-pedestal-ev-charger.webp 1000w, https:\/\/www.iocharger.com\/wp-content\/uploads\/2025\/06\/iso15118-plug-and-charge-pedestal-ev-charger-300x300.webp 300w, https:\/\/www.iocharger.com\/wp-content\/uploads\/2025\/06\/iso15118-plug-and-charge-pedestal-ev-charger-150x150.webp 150w, https:\/\/www.iocharger.com\/wp-content\/uploads\/2025\/06\/iso15118-plug-and-charge-pedestal-ev-charger-768x768.webp 768w, https:\/\/www.iocharger.com\/wp-content\/uploads\/2025\/06\/iso15118-plug-and-charge-pedestal-ev-charger-12x12.webp 12w, https:\/\/www.iocharger.com\/wp-content\/uploads\/2025\/06\/iso15118-plug-and-charge-pedestal-ev-charger-285x285.webp 285w, https:\/\/www.iocharger.com\/wp-content\/uploads\/2025\/06\/iso15118-plug-and-charge-pedestal-ev-charger-270x270.webp 270w, https:\/\/www.iocharger.com\/wp-content\/uploads\/2025\/06\/iso15118-plug-and-charge-pedestal-ev-charger-540x540.webp 540w, https:\/\/www.iocharger.com\/wp-content\/uploads\/2025\/06\/iso15118-plug-and-charge-pedestal-ev-charger-660x660.webp 660w\" sizes=\"(max-width: 1000px) 100vw, 1000px\" \/>\t\t\t\t\t\t\t\t\t\t\t\t\t\t\t<\/div>\n\t\t\t\t\t<\/div>\n\t\t<\/div>\n\t\t\t\t\t<\/div>\n\t\t<\/section>\n\t\t\t\t<\/div>","protected":false},"excerpt":{"rendered":"<div class=\"pro_main_text clearfix\">\n<div class=\"pro_main_text clearfix\">\n<div class=\"pro_main_text clearfix\">\n<div class=\"pro_main_text clearfix\">\n<div class=\"pro_main_text clearfix\">\n<p>IOCAP35 to nowo wydany model stacjonarnej \u0142adowarki do pojazd\u00f3w elektrycznych o nowym wygl\u0105dzie, ale nadal z wysok\u0105 wydajno\u015bci\u0105 i niezawodn\u0105 jako\u015bci\u0105, zgodnie z nasz\u0105 tradycj\u0105. Stanowi kolejny dobry wyb\u00f3r dla parking\u00f3w, miejsc pracy i flotowych aplikacji do \u0142adowania pojazd\u00f3w elektrycznych.<\/p>\n<p>Model: IOCAP35<\/p>\n<ul>\n<li>Napi\u0119cie wej\u015bciowe: 1-fazowe 230 V \u00b1 20%; 3-fazowe 400 V \u00b1 20%<\/li>\n<li>Wyj\u015bcie znamionowe: 1-fazowe 2 x 7kW 32A; 3-fazowe 2 x 22kW 32A<\/li>\n<li>Wewn\u0119trzny wy\u0142\u0105cznik r\u00f3\u017cnicowopr\u0105dowy: 2 x RCCB typu B<\/li>\n<li>Wy\u015bwietlacz: 7\u201d LCD lub opcjonalnie 7\u201d ekran dotykowy<\/li>\n<li>Miernik: 2 x miernik MID<\/li>\n<li>Certyfikat: CE, PTB(Eichrecht)<\/li>\n<li>Interfejs sieciowy: Ethernet\/WiFi\/4G \u2013 inteligentne po\u0142\u0105czenie internetowe<\/li>\n<li>OCPP: Pe\u0142na obs\u0142uga OCPP 1.6J\/ OCPP 2.0.1<\/li>\n<li>Stopie\u0144 ochrony: IP55<\/li>\n<li>Wymiary transportowe: 1320 x 350 x 200 mm<\/li>\n<li>Interfejs \u0142adowania: SAE J1772 i kabel typu 2 \/ gniazdo typu 2 \/ gniazdo T2S z os\u0142on\u0105<\/li>\n<li>Typ monta\u017cu: Pod\u0142oga<\/li>\n<\/ul>\n<\/div>\n<\/div>\n<\/div>\n<\/div>\n<\/div>","protected":false},"featured_media":9794,"template":"","meta":{"_acf_changed":false},"product_brand":[],"product_cat":[61],"product_tag":[105,106,107],"class_list":{"0":"post-7248","1":"product","2":"type-product","3":"status-publish","4":"has-post-thumbnail","6":"product_cat-commercial-ev-charger","7":"product_tag-dual-ports-pedestal-ac-ev-charger","8":"product_tag-dual-ports-pedestal-ev-charger","9":"product_tag-pedestal-ac-ev-charger","11":"first","12":"instock","13":"featured","14":"shipping-taxable","15":"product-type-simple"},"acf":[],"_links":{"self":[{"href":"https:\/\/www.iocharger.com\/pl\/wp-json\/wp\/v2\/product\/7248","targetHints":{"allow":["GET"]}}],"collection":[{"href":"https:\/\/www.iocharger.com\/pl\/wp-json\/wp\/v2\/product"}],"about":[{"href":"https:\/\/www.iocharger.com\/pl\/wp-json\/wp\/v2\/types\/product"}],"version-history":[{"count":5,"href":"https:\/\/www.iocharger.com\/pl\/wp-json\/wp\/v2\/product\/7248\/revisions"}],"predecessor-version":[{"id":9808,"href":"https:\/\/www.iocharger.com\/pl\/wp-json\/wp\/v2\/product\/7248\/revisions\/9808"}],"wp:featuredmedia":[{"embeddable":true,"href":"https:\/\/www.iocharger.com\/pl\/wp-json\/wp\/v2\/media\/9794"}],"wp:attachment":[{"href":"https:\/\/www.iocharger.com\/pl\/wp-json\/wp\/v2\/media?parent=7248"}],"wp:term":[{"taxonomy":"product_brand","embeddable":true,"href":"https:\/\/www.iocharger.com\/pl\/wp-json\/wp\/v2\/product_brand?post=7248"},{"taxonomy":"product_cat","embeddable":true,"href":"https:\/\/www.iocharger.com\/pl\/wp-json\/wp\/v2\/product_cat?post=7248"},{"taxonomy":"product_tag","embeddable":true,"href":"https:\/\/www.iocharger.com\/pl\/wp-json\/wp\/v2\/product_tag?post=7248"}],"curies":[{"name":"wp","href":"https:\/\/api.w.org\/{rel}","templated":true}]}}