{"id":7242,"date":"2025-06-04T14:42:08","date_gmt":"2025-06-04T06:42:08","guid":{"rendered":"https:\/\/www.iocharger.com\/?post_type=product&#038;p=7242"},"modified":"2026-04-09T09:12:54","modified_gmt":"2026-04-09T09:12:54","slug":"public-dual-ac-wallbox-2x22kw","status":"publish","type":"product","link":"https:\/\/www.iocharger.com\/pl\/public-dual-ac-wallbox-2x22kw\/","title":{"rendered":"Publiczna podw\u00f3jna \u0142adowarka \u015bcienna AC 2x22 kW zgodna z norm\u0105 ISO15118 Plug&amp;Charge OCPP1.6J i 2.0.1"},"content":{"rendered":"<div data-elementor-type=\"product-post\" data-elementor-id=\"7242\" class=\"elementor elementor-7242\" data-elementor-post-type=\"product\">\n\t\t\t\t\t\t<section class=\"elementor-section elementor-top-section elementor-element elementor-element-a293c89 elementor-section-boxed elementor-section-height-default elementor-section-height-default\" data-id=\"a293c89\" data-element_type=\"section\">\n\t\t\t\t\t\t<div class=\"elementor-container elementor-column-gap-default\">\n\t\t\t\t\t<div class=\"elementor-column elementor-col-100 elementor-top-column elementor-element elementor-element-186a873\" data-id=\"186a873\" data-element_type=\"column\">\n\t\t\t<div class=\"elementor-widget-wrap elementor-element-populated\">\n\t\t\t\t\t\t<div class=\"elementor-element elementor-element-bc78920 elementor-widget elementor-widget-text-editor\" data-id=\"bc78920\" data-element_type=\"widget\" data-widget_type=\"text-editor.default\">\n\t\t\t\t\t\t\t\t\t<p>IOCAW31 to niezawodna, publiczna dwuportowa stacja \u0142adowania AC przeznaczona do u\u017cytku komercyjnego, m.in. na parkingach, w flotach samochodowych i miejscach pracy. Ka\u017cde z\u0142\u0105cze dostarcza jednocze\u015bnie do 22 kW mocy, dzi\u0119ki czemu urz\u0105dzenie doskonale sprawdza si\u0119 w miejscach o du\u017cym nat\u0119\u017ceniu ruchu, gdzie liczy si\u0119 wydajno\u015b\u0107. Kompaktowa konstrukcja do monta\u017cu na \u015bcianie zmniejsza z\u0142o\u017cono\u015b\u0107 instalacji i koszty infrastruktury. Jest w pe\u0142ni zgodna z OCPP 1.6J i 2.0.1, co pozwala na p\u0142ynn\u0105 integracj\u0119 z dowoln\u0105 platform\u0105 OCPP innych producent\u00f3w w celu inteligentnego zarz\u0105dzania i zdalnej obs\u0142ugi.<\/p>\t\t\t\t\t\t\t\t<\/div>\n\t\t\t\t\t<\/div>\n\t\t<\/div>\n\t\t\t\t\t<\/div>\n\t\t<\/section>\n\t\t\t\t<section class=\"elementor-section elementor-top-section elementor-element elementor-element-942e1ab elementor-section-boxed elementor-section-height-default elementor-section-height-default\" data-id=\"942e1ab\" data-element_type=\"section\">\n\t\t\t\t\t\t<div class=\"elementor-container elementor-column-gap-default\">\n\t\t\t\t\t<div class=\"elementor-column elementor-col-50 elementor-top-column elementor-element elementor-element-c9112d8\" data-id=\"c9112d8\" data-element_type=\"column\">\n\t\t\t<div class=\"elementor-widget-wrap elementor-element-populated\">\n\t\t\t\t\t\t<div class=\"elementor-element elementor-element-d159d11 elementor-widget elementor-widget-text-editor\" data-id=\"d159d11\" data-element_type=\"widget\" data-widget_type=\"text-editor.default\">\n\t\t\t\t\t\t\t\t\t<h3><strong><b>G\u0142\u00f3wny<\/b><\/strong> cechy:<\/h3><ul><li>Kompatybilny ze wszystkimi pojazdami elektrycznymi i sieciami energetycznymi<\/li><li>Konstrukcja z dwoma portami<\/li><li>2 x miernik MID<\/li><li>Elastyczna konfiguracja pr\u0105du wyj\u015bciowego \/ mocy<\/li><li>Obs\u0142uga inteligentnego dynamicznego r\u00f3wnowa\u017cenia obci\u0105\u017cenia<\/li><li>Uwierzytelnianie u\u017cytkownika za pomoc\u0105 RFID lub aplikacji mobilnej<\/li><li>Przyjazny dla u\u017cytkownika portal internetowy do konfiguracji \u0142adowarki<\/li><li>Zdalne sterowanie i monitorowanie<\/li><li>Zabezpieczenie przed up\u0142ywem pr\u0105du typu A i 6 mA DC<\/li><\/ul>\t\t\t\t\t\t\t\t<\/div>\n\t\t\t\t\t<\/div>\n\t\t<\/div>\n\t\t\t\t<div class=\"elementor-column elementor-col-50 elementor-top-column elementor-element elementor-element-8b79c92\" data-id=\"8b79c92\" data-element_type=\"column\">\n\t\t\t<div class=\"elementor-widget-wrap elementor-element-populated\">\n\t\t\t\t\t\t<div class=\"elementor-element elementor-element-5257be1 elementor-widget elementor-widget-image\" data-id=\"5257be1\" data-element_type=\"widget\" data-widget_type=\"image.default\">\n\t\t\t\t\t\t\t\t\t\t\t\t\t\t\t<img fetchpriority=\"high\" decoding=\"async\" width=\"1000\" height=\"1000\" src=\"https:\/\/www.iocharger.com\/wp-content\/uploads\/2025\/06\/dual-ac-charger.webp\" class=\"attachment-full size-full wp-image-9782\" alt=\"dual ac charger\" srcset=\"https:\/\/www.iocharger.com\/wp-content\/uploads\/2025\/06\/dual-ac-charger.webp 1000w, https:\/\/www.iocharger.com\/wp-content\/uploads\/2025\/06\/dual-ac-charger-300x300.webp 300w, https:\/\/www.iocharger.com\/wp-content\/uploads\/2025\/06\/dual-ac-charger-150x150.webp 150w, https:\/\/www.iocharger.com\/wp-content\/uploads\/2025\/06\/dual-ac-charger-768x768.webp 768w, https:\/\/www.iocharger.com\/wp-content\/uploads\/2025\/06\/dual-ac-charger-12x12.webp 12w, https:\/\/www.iocharger.com\/wp-content\/uploads\/2025\/06\/dual-ac-charger-285x285.webp 285w, https:\/\/www.iocharger.com\/wp-content\/uploads\/2025\/06\/dual-ac-charger-270x270.webp 270w, https:\/\/www.iocharger.com\/wp-content\/uploads\/2025\/06\/dual-ac-charger-540x540.webp 540w, https:\/\/www.iocharger.com\/wp-content\/uploads\/2025\/06\/dual-ac-charger-660x660.webp 660w\" sizes=\"(max-width: 1000px) 100vw, 1000px\" \/>\t\t\t\t\t\t\t\t\t\t\t\t\t\t\t<\/div>\n\t\t\t\t\t<\/div>\n\t\t<\/div>\n\t\t\t\t\t<\/div>\n\t\t<\/section>\n\t\t\t\t<section class=\"elementor-section elementor-top-section elementor-element elementor-element-9603aec elementor-section-boxed elementor-section-height-default elementor-section-height-default\" data-id=\"9603aec\" data-element_type=\"section\">\n\t\t\t\t\t\t<div class=\"elementor-container elementor-column-gap-default\">\n\t\t\t\t\t<div class=\"elementor-column elementor-col-50 elementor-top-column elementor-element elementor-element-eee12a2\" data-id=\"eee12a2\" data-element_type=\"column\">\n\t\t\t<div class=\"elementor-widget-wrap elementor-element-populated\">\n\t\t\t\t\t\t<div class=\"elementor-element elementor-element-6a87b62 elementor-widget elementor-widget-image\" data-id=\"6a87b62\" data-element_type=\"widget\" data-widget_type=\"image.default\">\n\t\t\t\t\t\t\t\t\t\t\t\t\t\t\t<img decoding=\"async\" width=\"1000\" height=\"1000\" src=\"https:\/\/www.iocharger.com\/wp-content\/uploads\/2025\/06\/ac-wallbox-dual-ports.webp\" class=\"attachment-full size-full wp-image-9783\" alt=\"ac wallbox dual ports\" srcset=\"https:\/\/www.iocharger.com\/wp-content\/uploads\/2025\/06\/ac-wallbox-dual-ports.webp 1000w, https:\/\/www.iocharger.com\/wp-content\/uploads\/2025\/06\/ac-wallbox-dual-ports-300x300.webp 300w, https:\/\/www.iocharger.com\/wp-content\/uploads\/2025\/06\/ac-wallbox-dual-ports-150x150.webp 150w, https:\/\/www.iocharger.com\/wp-content\/uploads\/2025\/06\/ac-wallbox-dual-ports-768x768.webp 768w, https:\/\/www.iocharger.com\/wp-content\/uploads\/2025\/06\/ac-wallbox-dual-ports-12x12.webp 12w, https:\/\/www.iocharger.com\/wp-content\/uploads\/2025\/06\/ac-wallbox-dual-ports-285x285.webp 285w, https:\/\/www.iocharger.com\/wp-content\/uploads\/2025\/06\/ac-wallbox-dual-ports-270x270.webp 270w, https:\/\/www.iocharger.com\/wp-content\/uploads\/2025\/06\/ac-wallbox-dual-ports-540x540.webp 540w, https:\/\/www.iocharger.com\/wp-content\/uploads\/2025\/06\/ac-wallbox-dual-ports-660x660.webp 660w\" sizes=\"(max-width: 1000px) 100vw, 1000px\" \/>\t\t\t\t\t\t\t\t\t\t\t\t\t\t\t<\/div>\n\t\t\t\t\t<\/div>\n\t\t<\/div>\n\t\t\t\t<div class=\"elementor-column elementor-col-50 elementor-top-column elementor-element elementor-element-5b864db\" data-id=\"5b864db\" data-element_type=\"column\">\n\t\t\t<div class=\"elementor-widget-wrap elementor-element-populated\">\n\t\t\t\t\t\t<div class=\"elementor-element elementor-element-4788f4e elementor-widget elementor-widget-text-editor\" data-id=\"4788f4e\" data-element_type=\"widget\" data-widget_type=\"text-editor.default\">\n\t\t\t\t\t\t\t\t\t<h3><strong><b>Idealny do miejsc o wysokim stopniu wykorzystania<\/b><\/strong><\/h3><p class=\"\">IOCAW31 jest przeznaczony do obszar\u00f3w o ograniczonej wydajno\u015bci sieci i du\u017cym nat\u0119\u017ceniu ruchu pojazd\u00f3w elektrycznych, takich jak bazy flotowe, budynki mieszkalne i miejsca pracy. Dwuportowa stacja \u0142adowania AC Wallbox maksymalizuje dostawy energii na metr kwadratowy, minimalizuj\u0105c jednocze\u015bnie modernizacje infrastruktury. Wykonana z wytrzyma\u0142ej obudowy ze stali nierdzewnej 304, zapewnia doskona\u0142\u0105 odporno\u015b\u0107 na warunki atmosferyczne i ochron\u0119 przed wandalizmem, gwarantuj\u0105c d\u0142ugotrwa\u0142\u0105 wytrzyma\u0142o\u015b\u0107 i minimaln\u0105 konserwacj\u0119, dzi\u0119ki czemu idealnie nadaje si\u0119 do zastosowa\u0144 publicznych i p\u00f3\u0142publicznych.<\/p>\t\t\t\t\t\t\t\t<\/div>\n\t\t\t\t\t<\/div>\n\t\t<\/div>\n\t\t\t\t\t<\/div>\n\t\t<\/section>\n\t\t\t\t<section class=\"elementor-section elementor-top-section elementor-element elementor-element-67a4712 elementor-section-boxed elementor-section-height-default elementor-section-height-default\" data-id=\"67a4712\" data-element_type=\"section\">\n\t\t\t\t\t\t<div class=\"elementor-container elementor-column-gap-default\">\n\t\t\t\t\t<div class=\"elementor-column elementor-col-50 elementor-top-column elementor-element elementor-element-351a9a2\" data-id=\"351a9a2\" data-element_type=\"column\">\n\t\t\t<div class=\"elementor-widget-wrap elementor-element-populated\">\n\t\t\t\t\t\t<div class=\"elementor-element elementor-element-7ee3b45 elementor-widget elementor-widget-text-editor\" data-id=\"7ee3b45\" data-element_type=\"widget\" data-widget_type=\"text-editor.default\">\n\t\t\t\t\t\t\t\t\t<h3><strong>Interaktywny wy\u015bwietlacz i inteligentne rozliczanie<\/strong><\/h3><p>7-calowy ekran LCD zapewnia wyra\u017any obraz stanu \u0142adowania w czasie rzeczywistym, wy\u015bwietla kody QR i kluczowe informacje o sesji. Opcjonalna aktualizacja do ekranu dotykowego zapewnia bardziej intuicyjn\u0105, interaktywn\u0105 obs\u0142ug\u0119, idealn\u0105 dla ruchliwych \u015brodowisk komercyjnych.<br \/>Dzi\u0119ki obs\u0142udze wy\u015bwietlania taryf i koszt\u00f3w IOCAW31 umo\u017cliwia inteligentne zarz\u0105dzanie \u0142adowaniem. Ustawiaj dynamiczne stawki wed\u0142ug czasu, u\u017cytkownika lub lokalizacji, uruchamiaj promocje i automatyzuj rozliczenia za po\u015brednictwem OCPP lub zewn\u0119trznych platform p\u0142atniczych. Maksymalizuj czas pracy, przyci\u0105gaj wi\u0119cej u\u017cytkownik\u00f3w i zamie\u0144 ka\u017cdy kilowat w przych\u00f3d.<\/p>\t\t\t\t\t\t\t\t<\/div>\n\t\t\t\t\t<\/div>\n\t\t<\/div>\n\t\t\t\t<div class=\"elementor-column elementor-col-50 elementor-top-column elementor-element elementor-element-0935c28\" data-id=\"0935c28\" data-element_type=\"column\">\n\t\t\t<div class=\"elementor-widget-wrap elementor-element-populated\">\n\t\t\t\t\t\t<div class=\"elementor-element elementor-element-c396476 elementor-widget elementor-widget-image\" data-id=\"c396476\" data-element_type=\"widget\" data-widget_type=\"image.default\">\n\t\t\t\t\t\t\t\t\t\t\t\t\t\t\t<img decoding=\"async\" width=\"1000\" height=\"1000\" src=\"https:\/\/www.iocharger.com\/wp-content\/uploads\/2025\/06\/dual-ac-wallbox-touch-display.jpg\" class=\"attachment-full size-full wp-image-9784\" alt=\"dual ac wallbox touch display\" srcset=\"https:\/\/www.iocharger.com\/wp-content\/uploads\/2025\/06\/dual-ac-wallbox-touch-display.jpg 1000w, https:\/\/www.iocharger.com\/wp-content\/uploads\/2025\/06\/dual-ac-wallbox-touch-display-300x300.jpg 300w, https:\/\/www.iocharger.com\/wp-content\/uploads\/2025\/06\/dual-ac-wallbox-touch-display-150x150.jpg 150w, https:\/\/www.iocharger.com\/wp-content\/uploads\/2025\/06\/dual-ac-wallbox-touch-display-768x768.jpg 768w, https:\/\/www.iocharger.com\/wp-content\/uploads\/2025\/06\/dual-ac-wallbox-touch-display-12x12.jpg 12w, https:\/\/www.iocharger.com\/wp-content\/uploads\/2025\/06\/dual-ac-wallbox-touch-display-285x285.jpg 285w, https:\/\/www.iocharger.com\/wp-content\/uploads\/2025\/06\/dual-ac-wallbox-touch-display-270x270.jpg 270w, https:\/\/www.iocharger.com\/wp-content\/uploads\/2025\/06\/dual-ac-wallbox-touch-display-540x540.jpg 540w, https:\/\/www.iocharger.com\/wp-content\/uploads\/2025\/06\/dual-ac-wallbox-touch-display-660x660.jpg 660w\" sizes=\"(max-width: 1000px) 100vw, 1000px\" \/>\t\t\t\t\t\t\t\t\t\t\t\t\t\t\t<\/div>\n\t\t\t\t\t<\/div>\n\t\t<\/div>\n\t\t\t\t\t<\/div>\n\t\t<\/section>\n\t\t\t\t<section class=\"elementor-section elementor-top-section elementor-element elementor-element-58c5698 elementor-section-boxed elementor-section-height-default elementor-section-height-default\" data-id=\"58c5698\" data-element_type=\"section\">\n\t\t\t\t\t\t<div class=\"elementor-container elementor-column-gap-default\">\n\t\t\t\t\t<div class=\"elementor-column elementor-col-50 elementor-top-column elementor-element elementor-element-645d292\" data-id=\"645d292\" data-element_type=\"column\">\n\t\t\t<div class=\"elementor-widget-wrap elementor-element-populated\">\n\t\t\t\t\t\t<div class=\"elementor-element elementor-element-c4775bf elementor-widget elementor-widget-image\" data-id=\"c4775bf\" data-element_type=\"widget\" data-widget_type=\"image.default\">\n\t\t\t\t\t\t\t\t\t\t\t\t\t\t\t<img loading=\"lazy\" decoding=\"async\" width=\"1000\" height=\"1000\" src=\"https:\/\/www.iocharger.com\/wp-content\/uploads\/2025\/06\/dual-ac-charger-post-payment.webp\" class=\"attachment-full size-full wp-image-9785\" alt=\"\" srcset=\"https:\/\/www.iocharger.com\/wp-content\/uploads\/2025\/06\/dual-ac-charger-post-payment.webp 1000w, https:\/\/www.iocharger.com\/wp-content\/uploads\/2025\/06\/dual-ac-charger-post-payment-300x300.webp 300w, https:\/\/www.iocharger.com\/wp-content\/uploads\/2025\/06\/dual-ac-charger-post-payment-150x150.webp 150w, https:\/\/www.iocharger.com\/wp-content\/uploads\/2025\/06\/dual-ac-charger-post-payment-768x768.webp 768w, https:\/\/www.iocharger.com\/wp-content\/uploads\/2025\/06\/dual-ac-charger-post-payment-12x12.webp 12w, https:\/\/www.iocharger.com\/wp-content\/uploads\/2025\/06\/dual-ac-charger-post-payment-285x285.webp 285w, https:\/\/www.iocharger.com\/wp-content\/uploads\/2025\/06\/dual-ac-charger-post-payment-270x270.webp 270w, https:\/\/www.iocharger.com\/wp-content\/uploads\/2025\/06\/dual-ac-charger-post-payment-540x540.webp 540w, https:\/\/www.iocharger.com\/wp-content\/uploads\/2025\/06\/dual-ac-charger-post-payment-660x660.webp 660w\" sizes=\"(max-width: 1000px) 100vw, 1000px\" \/>\t\t\t\t\t\t\t\t\t\t\t\t\t\t\t<\/div>\n\t\t\t\t\t<\/div>\n\t\t<\/div>\n\t\t\t\t<div class=\"elementor-column elementor-col-50 elementor-top-column elementor-element elementor-element-49aa57d\" data-id=\"49aa57d\" data-element_type=\"column\">\n\t\t\t<div class=\"elementor-widget-wrap elementor-element-populated\">\n\t\t\t\t\t\t<div class=\"elementor-element elementor-element-4c21c78 elementor-widget elementor-widget-text-editor\" data-id=\"4c21c78\" data-element_type=\"widget\" data-widget_type=\"text-editor.default\">\n\t\t\t\t\t\t\t\t\t<h3>Elastyczne i bezpieczne opcje p\u0142atno\u015bci<strong><b><br \/><\/b><\/strong><\/h3><p>IOCAW31 obs\u0142uguje szeroki zakres metod p\u0142atno\u015bci, dostosowanych do r\u00f3\u017cnych preferencji u\u017cytkownik\u00f3w. Od kart RFID i p\u0142atno\u015bci online za pomoc\u0105 aplikacji mobilnych po integracj\u0119 z terminalami POS, takimi jak Nayax i Payter Apollo, zapewnia szybkie, wygodne i bezproblemowe \u0142adowanie. Zaprojektowany zar\u00f3wno do publicznych, jak i p\u00f3\u0142publicznych \u015brodowisk \u0142adowania, zapewnia p\u0142ynn\u0105 i bezpieczn\u0105 obs\u0142ug\u0119 p\u0142atno\u015bci, kt\u00f3ra zwi\u0119ksza zaufanie i satysfakcj\u0119 u\u017cytkownik\u00f3w.<\/p>\t\t\t\t\t\t\t\t<\/div>\n\t\t\t\t\t<\/div>\n\t\t<\/div>\n\t\t\t\t\t<\/div>\n\t\t<\/section>\n\t\t\t\t<section class=\"elementor-section elementor-top-section elementor-element elementor-element-68596d1 elementor-section-boxed elementor-section-height-default elementor-section-height-default\" data-id=\"68596d1\" data-element_type=\"section\">\n\t\t\t\t\t\t<div class=\"elementor-container elementor-column-gap-default\">\n\t\t\t\t\t<div class=\"elementor-column elementor-col-50 elementor-top-column elementor-element elementor-element-ffdab4a\" data-id=\"ffdab4a\" data-element_type=\"column\">\n\t\t\t<div class=\"elementor-widget-wrap elementor-element-populated\">\n\t\t\t\t\t\t<div class=\"elementor-element elementor-element-4e9f21b elementor-widget elementor-widget-text-editor\" data-id=\"4e9f21b\" data-element_type=\"widget\" data-widget_type=\"text-editor.default\">\n\t\t\t\t\t\t\t\t\t<h3>Kompleksowa zgodno\u015b\u0107 z OCPP 1.6J i 2.0.1<\/h3><p>IOCAW31 obs\u0142uguje pe\u0142ne profile OCPP 1.6J i 2.0.1, umo\u017cliwiaj\u0105c p\u0142ynn\u0105 integracj\u0119 z dowoln\u0105 standardow\u0105 platform\u0105 OCPP innych producent\u00f3w. Umo\u017cliwia zdaln\u0105 konfiguracj\u0119, zarz\u0105dzanie u\u017cytkownikami, diagnostyk\u0119 usterek i monitorowanie w czasie rzeczywistym, usprawniaj\u0105c dzia\u0142anie i upraszczaj\u0105c konserwacj\u0119 w celu zwi\u0119kszenia wydajno\u015bci.<\/p>\t\t\t\t\t\t\t\t<\/div>\n\t\t\t\t\t<\/div>\n\t\t<\/div>\n\t\t\t\t<div class=\"elementor-column elementor-col-50 elementor-top-column elementor-element elementor-element-a3a7422\" data-id=\"a3a7422\" data-element_type=\"column\">\n\t\t\t<div class=\"elementor-widget-wrap elementor-element-populated\">\n\t\t\t\t\t\t<div class=\"elementor-element elementor-element-000009d elementor-widget elementor-widget-image\" data-id=\"000009d\" data-element_type=\"widget\" data-widget_type=\"image.default\">\n\t\t\t\t\t\t\t\t\t\t\t\t\t\t\t<img loading=\"lazy\" decoding=\"async\" width=\"1000\" height=\"1000\" src=\"https:\/\/www.iocharger.com\/wp-content\/uploads\/2025\/06\/ocpp-dual-ac-wallbox-iso15118.webp\" class=\"attachment-full size-full wp-image-9786\" alt=\"ocpp dual ac wallbox iso15118\" srcset=\"https:\/\/www.iocharger.com\/wp-content\/uploads\/2025\/06\/ocpp-dual-ac-wallbox-iso15118.webp 1000w, https:\/\/www.iocharger.com\/wp-content\/uploads\/2025\/06\/ocpp-dual-ac-wallbox-iso15118-300x300.webp 300w, https:\/\/www.iocharger.com\/wp-content\/uploads\/2025\/06\/ocpp-dual-ac-wallbox-iso15118-150x150.webp 150w, https:\/\/www.iocharger.com\/wp-content\/uploads\/2025\/06\/ocpp-dual-ac-wallbox-iso15118-768x768.webp 768w, https:\/\/www.iocharger.com\/wp-content\/uploads\/2025\/06\/ocpp-dual-ac-wallbox-iso15118-12x12.webp 12w, https:\/\/www.iocharger.com\/wp-content\/uploads\/2025\/06\/ocpp-dual-ac-wallbox-iso15118-285x285.webp 285w, https:\/\/www.iocharger.com\/wp-content\/uploads\/2025\/06\/ocpp-dual-ac-wallbox-iso15118-270x270.webp 270w, https:\/\/www.iocharger.com\/wp-content\/uploads\/2025\/06\/ocpp-dual-ac-wallbox-iso15118-540x540.webp 540w, https:\/\/www.iocharger.com\/wp-content\/uploads\/2025\/06\/ocpp-dual-ac-wallbox-iso15118-660x660.webp 660w\" sizes=\"(max-width: 1000px) 100vw, 1000px\" \/>\t\t\t\t\t\t\t\t\t\t\t\t\t\t\t<\/div>\n\t\t\t\t\t<\/div>\n\t\t<\/div>\n\t\t\t\t\t<\/div>\n\t\t<\/section>\n\t\t\t\t<section class=\"elementor-section elementor-top-section elementor-element elementor-element-eecce5d elementor-section-boxed elementor-section-height-default elementor-section-height-default\" data-id=\"eecce5d\" data-element_type=\"section\">\n\t\t\t\t\t\t<div class=\"elementor-container elementor-column-gap-default\">\n\t\t\t\t\t<div class=\"elementor-column elementor-col-50 elementor-top-column elementor-element elementor-element-9801f75\" data-id=\"9801f75\" data-element_type=\"column\">\n\t\t\t<div class=\"elementor-widget-wrap elementor-element-populated\">\n\t\t\t\t\t\t<div class=\"elementor-element elementor-element-6ad4643 elementor-widget elementor-widget-image\" data-id=\"6ad4643\" data-element_type=\"widget\" data-widget_type=\"image.default\">\n\t\t\t\t\t\t\t\t\t\t\t\t\t\t\t<img loading=\"lazy\" decoding=\"async\" width=\"1000\" height=\"1000\" src=\"https:\/\/www.iocharger.com\/wp-content\/uploads\/2025\/06\/solar-dual-ac-wallbox-charger.webp\" class=\"attachment-full size-full wp-image-9787\" alt=\"solar dual ac wallbox charger\" srcset=\"https:\/\/www.iocharger.com\/wp-content\/uploads\/2025\/06\/solar-dual-ac-wallbox-charger.webp 1000w, https:\/\/www.iocharger.com\/wp-content\/uploads\/2025\/06\/solar-dual-ac-wallbox-charger-300x300.webp 300w, https:\/\/www.iocharger.com\/wp-content\/uploads\/2025\/06\/solar-dual-ac-wallbox-charger-150x150.webp 150w, https:\/\/www.iocharger.com\/wp-content\/uploads\/2025\/06\/solar-dual-ac-wallbox-charger-768x768.webp 768w, https:\/\/www.iocharger.com\/wp-content\/uploads\/2025\/06\/solar-dual-ac-wallbox-charger-12x12.webp 12w, https:\/\/www.iocharger.com\/wp-content\/uploads\/2025\/06\/solar-dual-ac-wallbox-charger-285x285.webp 285w, https:\/\/www.iocharger.com\/wp-content\/uploads\/2025\/06\/solar-dual-ac-wallbox-charger-270x270.webp 270w, https:\/\/www.iocharger.com\/wp-content\/uploads\/2025\/06\/solar-dual-ac-wallbox-charger-540x540.webp 540w, https:\/\/www.iocharger.com\/wp-content\/uploads\/2025\/06\/solar-dual-ac-wallbox-charger-660x660.webp 660w\" sizes=\"(max-width: 1000px) 100vw, 1000px\" \/>\t\t\t\t\t\t\t\t\t\t\t\t\t\t\t<\/div>\n\t\t\t\t\t<\/div>\n\t\t<\/div>\n\t\t\t\t<div class=\"elementor-column elementor-col-50 elementor-top-column elementor-element elementor-element-7d0d631\" data-id=\"7d0d631\" data-element_type=\"column\">\n\t\t\t<div class=\"elementor-widget-wrap elementor-element-populated\">\n\t\t\t\t\t\t<div class=\"elementor-element elementor-element-bb1f515 elementor-widget elementor-widget-text-editor\" data-id=\"bb1f515\" data-element_type=\"widget\" data-widget_type=\"text-editor.default\">\n\t\t\t\t\t\t\t\t\t<h3>Dynamiczne r\u00f3wnowa\u017cenie obci\u0105\u017cenia dla optymalnego zarz\u0105dzania energi\u0105<\/h3><p>Dzi\u0119ki zaawansowanemu dynamicznemu r\u00f3wnowa\u017ceniu obci\u0105\u017cenia IOCAW31 automatycznie dostosowuje moc \u0142adowania do wydajno\u015bci sieci i zapotrzebowania w czasie rzeczywistym. Integruje si\u0119 r\u00f3wnie\u017c z inteligentnymi \u017ar\u00f3d\u0142ami energii, takimi jak systemy solarne i systemy magazynowania energii, aby zapobiec przeci\u0105\u017ceniu sieci i przet\u0119\u017ceniu sprz\u0119tu. Pozwala to zmaksymalizowa\u0107 wykorzystanie energii, zapewniaj\u0105c jednocze\u015bnie niezawodn\u0105 i wydajn\u0105 prac\u0119, idealn\u0105 dla baz flotowych, kompleks\u00f3w mieszkaniowych i \u015brodowisk z wieloma punktami \u0142adowania, dostarczaj\u0105c zr\u00f3wnowa\u017cone i inteligentne rozwi\u0105zanie w zakresie \u0142adowania.<\/p>\t\t\t\t\t\t\t\t<\/div>\n\t\t\t\t\t<\/div>\n\t\t<\/div>\n\t\t\t\t\t<\/div>\n\t\t<\/section>\n\t\t\t\t<\/div>","protected":false},"excerpt":{"rendered":"<div class=\"pro_main_text clearfix\">\n<div class=\"pro_main_text clearfix\">\n<div class=\"pro_main_text clearfix\">\n<p>Konstrukcja z dwoma portami, idealna dla obiekt\u00f3w komercyjnych o du\u017cym nat\u0119\u017ceniu ruchu i ograniczonej przestrzeni instalacyjnej.<\/p>\n<p>Model: IOCAW31<\/p>\n<ul>\n<li>Napi\u0119cie wej\u015bciowe: 1-fazowe 230 V \u00b1 20%; 3-fazowe 400 V \u00b1 20%<\/li>\n<li>Moc wyj\u015bciowa: 1-fazowa 7 kW 32 A; 3-fazowa 22 kW 32 A<\/li>\n<li>Wewn\u0119trzny wy\u0142\u0105cznik r\u00f3\u017cnicowopr\u0105dowy: typ A i 6 mA DC<\/li>\n<li>Wy\u015bwietlacz: 7-calowy ekran LCD lub opcjonalnie 7-calowy ekran dotykowy<\/li>\n<li>Licznik: Licznik MID<\/li>\n<li>Interfejs sieciowy: Ethernet, WiFi, 4G, Bluetooth<\/li>\n<li>OCPP: Pe\u0142na obs\u0142uga OCPP 1.6J\/ OCPP 2.0.1<\/li>\n<li>ISO15118 Plug&amp;Charge: mo\u017cliwo\u015b\u0107 aktualizacji<\/li>\n<li>Stopie\u0144 ochrony: IP55<\/li>\n<li>Interfejs \u0142adowania: SAE J1772 i kabel typu 2 \/ gniazdo typu 2 \/ gniazdo T2S z os\u0142on\u0105<\/li>\n<li>Typ monta\u017cu: na \u015bcianie lub pod\u0142odze (podstawa dostarczana oddzielnie)<\/li>\n<\/ul>\n<\/div>\n<\/div>\n<\/div>","protected":false},"featured_media":9775,"template":"","meta":{"_acf_changed":false},"product_brand":[],"product_cat":[61],"product_tag":[102,103,104],"class_list":{"0":"post-7242","1":"product","2":"type-product","3":"status-publish","4":"has-post-thumbnail","6":"product_cat-commercial-ev-charger","7":"product_tag-dual-22kw-wallbox","8":"product_tag-dual-ac-wallbox-2x22kw","9":"product_tag-public-dual-ac-wallbox","11":"first","12":"instock","13":"featured","14":"shipping-taxable","15":"product-type-simple"},"acf":[],"_links":{"self":[{"href":"https:\/\/www.iocharger.com\/pl\/wp-json\/wp\/v2\/product\/7242","targetHints":{"allow":["GET"]}}],"collection":[{"href":"https:\/\/www.iocharger.com\/pl\/wp-json\/wp\/v2\/product"}],"about":[{"href":"https:\/\/www.iocharger.com\/pl\/wp-json\/wp\/v2\/types\/product"}],"version-history":[{"count":5,"href":"https:\/\/www.iocharger.com\/pl\/wp-json\/wp\/v2\/product\/7242\/revisions"}],"predecessor-version":[{"id":9793,"href":"https:\/\/www.iocharger.com\/pl\/wp-json\/wp\/v2\/product\/7242\/revisions\/9793"}],"wp:featuredmedia":[{"embeddable":true,"href":"https:\/\/www.iocharger.com\/pl\/wp-json\/wp\/v2\/media\/9775"}],"wp:attachment":[{"href":"https:\/\/www.iocharger.com\/pl\/wp-json\/wp\/v2\/media?parent=7242"}],"wp:term":[{"taxonomy":"product_brand","embeddable":true,"href":"https:\/\/www.iocharger.com\/pl\/wp-json\/wp\/v2\/product_brand?post=7242"},{"taxonomy":"product_cat","embeddable":true,"href":"https:\/\/www.iocharger.com\/pl\/wp-json\/wp\/v2\/product_cat?post=7242"},{"taxonomy":"product_tag","embeddable":true,"href":"https:\/\/www.iocharger.com\/pl\/wp-json\/wp\/v2\/product_tag?post=7242"}],"curies":[{"name":"wp","href":"https:\/\/api.w.org\/{rel}","templated":true}]}}