{"id":4965,"date":"2024-04-19T16:55:49","date_gmt":"2024-04-19T08:55:49","guid":{"rendered":"https:\/\/www.iocharger.com\/?post_type=product&#038;p=4965"},"modified":"2026-03-31T03:06:53","modified_gmt":"2026-03-31T03:06:53","slug":"new-ocpp-2-0-1-60kw-up-to-240kw-dc-fast-charger-with-advertising-system","status":"publish","type":"product","link":"https:\/\/www.iocharger.com\/pl\/new-ocpp-2-0-1-60kw-up-to-240kw-dc-fast-charger-with-advertising-system\/","title":{"rendered":"Zgodna z OCPP 2.0.1 szybka \u0142adowarka pr\u0105du sta\u0142ego o mocy od 60 kW do 240 kW z systemem reklamowym"},"content":{"rendered":"<div data-elementor-type=\"product-post\" data-elementor-id=\"4965\" class=\"elementor elementor-4965\" data-elementor-post-type=\"product\">\n\t\t\t\t\t\t<section class=\"elementor-section elementor-top-section elementor-element elementor-element-57153f0 elementor-section-boxed elementor-section-height-default elementor-section-height-default\" data-id=\"57153f0\" data-element_type=\"section\">\n\t\t\t\t\t\t<div class=\"elementor-container elementor-column-gap-default\">\n\t\t\t\t\t<div class=\"elementor-column elementor-col-100 elementor-top-column elementor-element elementor-element-a194ebe\" data-id=\"a194ebe\" data-element_type=\"column\">\n\t\t\t<div class=\"elementor-widget-wrap elementor-element-populated\">\n\t\t\t\t\t\t<div class=\"elementor-element elementor-element-724e766 elementor-widget elementor-widget-text-editor\" data-id=\"724e766\" data-element_type=\"widget\" data-widget_type=\"text-editor.default\">\n\t\t\t\t\t\t\t\t\t<p>IOCNY2 is Iocharger\u2019s newly released DC fast charger. Brand new design for commercial and fleet charging.\u00a0<\/p>\t\t\t\t\t\t\t\t<\/div>\n\t\t\t\t\t<\/div>\n\t\t<\/div>\n\t\t\t\t\t<\/div>\n\t\t<\/section>\n\t\t\t\t<section class=\"elementor-section elementor-top-section elementor-element elementor-element-83d7d0f elementor-section-boxed elementor-section-height-default elementor-section-height-default\" data-id=\"83d7d0f\" data-element_type=\"section\">\n\t\t\t\t\t\t<div class=\"elementor-container elementor-column-gap-default\">\n\t\t\t\t\t<div class=\"elementor-column elementor-col-50 elementor-top-column elementor-element elementor-element-7285334\" data-id=\"7285334\" data-element_type=\"column\">\n\t\t\t<div class=\"elementor-widget-wrap elementor-element-populated\">\n\t\t\t\t\t\t<div class=\"elementor-element elementor-element-7deac97 elementor-widget elementor-widget-text-editor\" data-id=\"7deac97\" data-element_type=\"widget\" data-widget_type=\"text-editor.default\">\n\t\t\t\t\t\t\t\t\t<p><strong>G\u0142\u00f3wne cechy:<\/strong><\/p><ul><li>From 60kW up to 240kW<\/li><li>ISO15118 Plug&amp;Charge (PnC)<\/li><li>OCPP 1.6J &amp; OCPP 2.0.1 full profiles support<\/li><li>Advertisement system integrated<\/li><li>Cable management system<\/li><li>Online remote maintenance system<\/li><li>Firmware update via OTA<\/li><\/ul>\t\t\t\t\t\t\t\t<\/div>\n\t\t\t\t\t<\/div>\n\t\t<\/div>\n\t\t\t\t<div class=\"elementor-column elementor-col-50 elementor-top-column elementor-element elementor-element-5e05a1e\" data-id=\"5e05a1e\" data-element_type=\"column\">\n\t\t\t<div class=\"elementor-widget-wrap elementor-element-populated\">\n\t\t\t\t\t\t<div class=\"elementor-element elementor-element-07a83f2 elementor-widget elementor-widget-image\" data-id=\"07a83f2\" data-element_type=\"widget\" data-widget_type=\"image.default\">\n\t\t\t\t\t\t\t\t\t\t\t\t\t\t\t<img fetchpriority=\"high\" decoding=\"async\" width=\"1000\" height=\"1000\" src=\"https:\/\/www.iocharger.com\/wp-content\/uploads\/2024\/04\/IOCNY2-ev-charger-1-1.webp\" class=\"attachment-full size-full wp-image-8641\" alt=\"IOCNY2-ev-charger-1-1\" srcset=\"https:\/\/www.iocharger.com\/wp-content\/uploads\/2024\/04\/IOCNY2-ev-charger-1-1.webp 1000w, https:\/\/www.iocharger.com\/wp-content\/uploads\/2024\/04\/IOCNY2-ev-charger-1-1-300x300.webp 300w, https:\/\/www.iocharger.com\/wp-content\/uploads\/2024\/04\/IOCNY2-ev-charger-1-1-150x150.webp 150w, https:\/\/www.iocharger.com\/wp-content\/uploads\/2024\/04\/IOCNY2-ev-charger-1-1-768x768.webp 768w, https:\/\/www.iocharger.com\/wp-content\/uploads\/2024\/04\/IOCNY2-ev-charger-1-1-285x285.webp 285w, https:\/\/www.iocharger.com\/wp-content\/uploads\/2024\/04\/IOCNY2-ev-charger-1-1-270x270.webp 270w, https:\/\/www.iocharger.com\/wp-content\/uploads\/2024\/04\/IOCNY2-ev-charger-1-1-540x540.webp 540w, https:\/\/www.iocharger.com\/wp-content\/uploads\/2024\/04\/IOCNY2-ev-charger-1-1-660x660.webp 660w\" sizes=\"(max-width: 1000px) 100vw, 1000px\" \/>\t\t\t\t\t\t\t\t\t\t\t\t\t\t\t<\/div>\n\t\t\t\t\t<\/div>\n\t\t<\/div>\n\t\t\t\t\t<\/div>\n\t\t<\/section>\n\t\t\t\t<section class=\"elementor-section elementor-top-section elementor-element elementor-element-c44a971 elementor-section-boxed elementor-section-height-default elementor-section-height-default\" data-id=\"c44a971\" data-element_type=\"section\">\n\t\t\t\t\t\t<div class=\"elementor-container elementor-column-gap-default\">\n\t\t\t\t\t<div class=\"elementor-column elementor-col-50 elementor-top-column elementor-element elementor-element-c2d86ee\" data-id=\"c2d86ee\" data-element_type=\"column\">\n\t\t\t<div class=\"elementor-widget-wrap elementor-element-populated\">\n\t\t\t\t\t\t<div class=\"elementor-element elementor-element-4bf0f15 elementor-widget elementor-widget-image\" data-id=\"4bf0f15\" data-element_type=\"widget\" data-widget_type=\"image.default\">\n\t\t\t\t\t\t\t\t\t\t\t\t\t\t\t<img decoding=\"async\" width=\"1000\" height=\"1000\" src=\"https:\/\/www.iocharger.com\/wp-content\/uploads\/2024\/04\/IOCNY2-ev-charger-1-2.webp\" class=\"attachment-full size-full wp-image-8642\" alt=\"\" srcset=\"https:\/\/www.iocharger.com\/wp-content\/uploads\/2024\/04\/IOCNY2-ev-charger-1-2.webp 1000w, https:\/\/www.iocharger.com\/wp-content\/uploads\/2024\/04\/IOCNY2-ev-charger-1-2-300x300.webp 300w, https:\/\/www.iocharger.com\/wp-content\/uploads\/2024\/04\/IOCNY2-ev-charger-1-2-150x150.webp 150w, https:\/\/www.iocharger.com\/wp-content\/uploads\/2024\/04\/IOCNY2-ev-charger-1-2-768x768.webp 768w, https:\/\/www.iocharger.com\/wp-content\/uploads\/2024\/04\/IOCNY2-ev-charger-1-2-285x285.webp 285w, https:\/\/www.iocharger.com\/wp-content\/uploads\/2024\/04\/IOCNY2-ev-charger-1-2-270x270.webp 270w, https:\/\/www.iocharger.com\/wp-content\/uploads\/2024\/04\/IOCNY2-ev-charger-1-2-540x540.webp 540w, https:\/\/www.iocharger.com\/wp-content\/uploads\/2024\/04\/IOCNY2-ev-charger-1-2-660x660.webp 660w\" sizes=\"(max-width: 1000px) 100vw, 1000px\" \/>\t\t\t\t\t\t\t\t\t\t\t\t\t\t\t<\/div>\n\t\t\t\t\t<\/div>\n\t\t<\/div>\n\t\t\t\t<div class=\"elementor-column elementor-col-50 elementor-top-column elementor-element elementor-element-b41e707\" data-id=\"b41e707\" data-element_type=\"column\">\n\t\t\t<div class=\"elementor-widget-wrap elementor-element-populated\">\n\t\t\t\t\t\t<div class=\"elementor-element elementor-element-366be1c elementor-widget elementor-widget-text-editor\" data-id=\"366be1c\" data-element_type=\"widget\" data-widget_type=\"text-editor.default\">\n\t\t\t\t\t\t\t\t\t<p><strong>Powerful Advertisement System<\/strong><\/p><p>With 21.5\u2019\u2019 1080P CTP touch screen and our advanced advertisement system, users can seamlessly enjoy advertising content while charging. This value-added feature not only enhances user experience but also offers operators an opportunity to boost revenue by specifying and displaying advertisements on the DC fast charging station.<\/p>\t\t\t\t\t\t\t\t<\/div>\n\t\t\t\t\t<\/div>\n\t\t<\/div>\n\t\t\t\t\t<\/div>\n\t\t<\/section>\n\t\t\t\t<section class=\"elementor-section elementor-top-section elementor-element elementor-element-7479d51 elementor-section-boxed elementor-section-height-default elementor-section-height-default\" data-id=\"7479d51\" data-element_type=\"section\">\n\t\t\t\t\t\t<div class=\"elementor-container elementor-column-gap-default\">\n\t\t\t\t\t<div class=\"elementor-column elementor-col-50 elementor-top-column elementor-element elementor-element-01b3914\" data-id=\"01b3914\" data-element_type=\"column\">\n\t\t\t<div class=\"elementor-widget-wrap elementor-element-populated\">\n\t\t\t\t\t\t<div class=\"elementor-element elementor-element-19e9715 elementor-widget elementor-widget-text-editor\" data-id=\"19e9715\" data-element_type=\"widget\" data-widget_type=\"text-editor.default\">\n\t\t\t\t\t\t\t\t\t<p><strong>Multiple Payment Options<\/strong><\/p><p>The compatibility of IOCNY2 DC fast charger with a range of POS payment systems, including Nayax, Payter, PAX, Payten, and New Land ensures versatile payment options. The optional ISO15118 Plug &amp; Charge feature simplifies EV charging for drivers, enhancing their experience. Moreover, standard features like RFID and mobile app usage further enhance user convenience.<\/p>\t\t\t\t\t\t\t\t<\/div>\n\t\t\t\t\t<\/div>\n\t\t<\/div>\n\t\t\t\t<div class=\"elementor-column elementor-col-50 elementor-top-column elementor-element elementor-element-46f16ee\" data-id=\"46f16ee\" data-element_type=\"column\">\n\t\t\t<div class=\"elementor-widget-wrap elementor-element-populated\">\n\t\t\t\t\t\t<div class=\"elementor-element elementor-element-c00efcf elementor-widget elementor-widget-image\" data-id=\"c00efcf\" data-element_type=\"widget\" data-widget_type=\"image.default\">\n\t\t\t\t\t\t\t\t\t\t\t\t\t\t\t<img decoding=\"async\" width=\"1000\" height=\"1000\" src=\"https:\/\/www.iocharger.com\/wp-content\/uploads\/2024\/04\/IOCNY2-ev-charger-1-3.webp\" class=\"attachment-full size-full wp-image-8643\" alt=\"IOCNY2-ev-charger-1-3\" srcset=\"https:\/\/www.iocharger.com\/wp-content\/uploads\/2024\/04\/IOCNY2-ev-charger-1-3.webp 1000w, https:\/\/www.iocharger.com\/wp-content\/uploads\/2024\/04\/IOCNY2-ev-charger-1-3-300x300.webp 300w, https:\/\/www.iocharger.com\/wp-content\/uploads\/2024\/04\/IOCNY2-ev-charger-1-3-150x150.webp 150w, https:\/\/www.iocharger.com\/wp-content\/uploads\/2024\/04\/IOCNY2-ev-charger-1-3-768x768.webp 768w, https:\/\/www.iocharger.com\/wp-content\/uploads\/2024\/04\/IOCNY2-ev-charger-1-3-285x285.webp 285w, https:\/\/www.iocharger.com\/wp-content\/uploads\/2024\/04\/IOCNY2-ev-charger-1-3-270x270.webp 270w, https:\/\/www.iocharger.com\/wp-content\/uploads\/2024\/04\/IOCNY2-ev-charger-1-3-540x540.webp 540w, https:\/\/www.iocharger.com\/wp-content\/uploads\/2024\/04\/IOCNY2-ev-charger-1-3-660x660.webp 660w\" sizes=\"(max-width: 1000px) 100vw, 1000px\" \/>\t\t\t\t\t\t\t\t\t\t\t\t\t\t\t<\/div>\n\t\t\t\t\t<\/div>\n\t\t<\/div>\n\t\t\t\t\t<\/div>\n\t\t<\/section>\n\t\t\t\t<section class=\"elementor-section elementor-top-section elementor-element elementor-element-f676a35 elementor-section-boxed elementor-section-height-default elementor-section-height-default\" data-id=\"f676a35\" data-element_type=\"section\">\n\t\t\t\t\t\t<div class=\"elementor-container elementor-column-gap-default\">\n\t\t\t\t\t<div class=\"elementor-column elementor-col-50 elementor-top-column elementor-element elementor-element-95c2c8f\" data-id=\"95c2c8f\" data-element_type=\"column\">\n\t\t\t<div class=\"elementor-widget-wrap elementor-element-populated\">\n\t\t\t\t\t\t<div class=\"elementor-element elementor-element-fefd379 elementor-widget elementor-widget-image\" data-id=\"fefd379\" data-element_type=\"widget\" data-widget_type=\"image.default\">\n\t\t\t\t\t\t\t\t\t\t\t\t\t\t\t<img loading=\"lazy\" decoding=\"async\" width=\"1000\" height=\"1000\" src=\"https:\/\/www.iocharger.com\/wp-content\/uploads\/2024\/04\/IOCNY2-ev-charger-1-4-1.jpg\" class=\"attachment-full size-full wp-image-8626\" alt=\"plug in ev charging station solution\" srcset=\"https:\/\/www.iocharger.com\/wp-content\/uploads\/2024\/04\/IOCNY2-ev-charger-1-4-1.jpg 1000w, https:\/\/www.iocharger.com\/wp-content\/uploads\/2024\/04\/IOCNY2-ev-charger-1-4-1-300x300.jpg 300w, https:\/\/www.iocharger.com\/wp-content\/uploads\/2024\/04\/IOCNY2-ev-charger-1-4-1-150x150.jpg 150w, https:\/\/www.iocharger.com\/wp-content\/uploads\/2024\/04\/IOCNY2-ev-charger-1-4-1-768x768.jpg 768w, https:\/\/www.iocharger.com\/wp-content\/uploads\/2024\/04\/IOCNY2-ev-charger-1-4-1-285x285.jpg 285w, https:\/\/www.iocharger.com\/wp-content\/uploads\/2024\/04\/IOCNY2-ev-charger-1-4-1-270x270.jpg 270w, https:\/\/www.iocharger.com\/wp-content\/uploads\/2024\/04\/IOCNY2-ev-charger-1-4-1-540x540.jpg 540w, https:\/\/www.iocharger.com\/wp-content\/uploads\/2024\/04\/IOCNY2-ev-charger-1-4-1-660x660.jpg 660w\" sizes=\"(max-width: 1000px) 100vw, 1000px\" \/>\t\t\t\t\t\t\t\t\t\t\t\t\t\t\t<\/div>\n\t\t\t\t\t<\/div>\n\t\t<\/div>\n\t\t\t\t<div class=\"elementor-column elementor-col-50 elementor-top-column elementor-element elementor-element-7c15c6e\" data-id=\"7c15c6e\" data-element_type=\"column\">\n\t\t\t<div class=\"elementor-widget-wrap elementor-element-populated\">\n\t\t\t\t\t\t<div class=\"elementor-element elementor-element-e722b97 elementor-widget elementor-widget-text-editor\" data-id=\"e722b97\" data-element_type=\"widget\" data-widget_type=\"text-editor.default\">\n\t\t\t\t\t\t\t\t\t<p><strong>Advanced Technology<\/strong><\/p><p>IOCNY2 dc fast charging station is fully compliant with OCPP 1.6J and OCPP 2.0.1 standards, and supports ISO15118 and Plug and Charge (PnC) functionalities. With iocharger\u2019s dynamic load balancing solution, it can intelligently adjust output power to optimize charging efficiency. Additionally, its redesigned cable management system ensures easy and convenient use of the charging cable for EV drivers.<\/p>\t\t\t\t\t\t\t\t<\/div>\n\t\t\t\t\t<\/div>\n\t\t<\/div>\n\t\t\t\t\t<\/div>\n\t\t<\/section>\n\t\t\t\t<\/div>","protected":false},"excerpt":{"rendered":"<div class=\"pro_main_text clearfix\">\n<div class=\"pro_main_text clearfix\">\n<div class=\"pro_main_text clearfix\">\n<div class=\"pro_main_text clearfix\">\n<div class=\"pro_main_text clearfix\">\n<div class=\"pro_main_text clearfix\">\n<div class=\"pro_main_text clearfix\">\n<div class=\"pro_main_text clearfix\">\n<div class=\"pro_main_text clearfix\">\n<div class=\"pro_main_text clearfix\">\n<div class=\"pro_main_text clearfix\">\n<div class=\"pro_main_text clearfix\">\n<p>Latest new model integrates with advertising system for commercial use.<\/p>\n<ul>\n<li>Wej\u015bcie znamionowe: 3-fazowe 400V\u00b115% AC<\/li>\n<li>Max DC output power: 60kW-240kW<\/li>\n<li>Zakres napi\u0119cia wyj\u015bciowego DC: 150-1000 V DC<\/li>\n<li>Display: 21.5&#8243; CTP Touch screen<\/li>\n<li>Interfejs sieciowy: Ethernet \/ inteligentne po\u0142\u0105czenie internetowe 4G<\/li>\n<li>OCPP: pe\u0142na obs\u0142uga profili OCPP 1.6J\/ OCPP 2.0.1<\/li>\n<li>ISO15118 Plug&amp;Charge: mo\u017cliwo\u015b\u0107 aktualizacji<\/li>\n<li>Stopie\u0144 ochrony: IP55<\/li>\n<li>Interfejs \u0142adowania: CCS1, CCS2, CHAdeMO i GB\/T<\/li>\n<li>Typ monta\u017cu: Pod\u0142oga<\/li>\n<li>Dimension: 1950x1050x475mm<\/li>\n<\/ul>\n<\/div>\n<\/div>\n<\/div>\n<\/div>\n<\/div>\n<\/div>\n<\/div>\n<\/div>\n<\/div>\n<\/div>\n<\/div>\n<\/div>","protected":false},"featured_media":8584,"template":"","meta":{"_acf_changed":false},"product_brand":[],"product_cat":[79],"product_tag":[82,83,84],"class_list":{"0":"post-4965","1":"product","2":"type-product","3":"status-publish","4":"has-post-thumbnail","6":"product_cat-dc-fast-charger","7":"product_tag-120kw-public-fast-ev-charger","8":"product_tag-90kw-120kw-dc-fast-charger","9":"product_tag-ocpp-ev-dc-fast-charging-station","11":"first","12":"instock","13":"featured","14":"shipping-taxable","15":"product-type-simple"},"acf":[],"_links":{"self":[{"href":"https:\/\/www.iocharger.com\/pl\/wp-json\/wp\/v2\/product\/4965","targetHints":{"allow":["GET"]}}],"collection":[{"href":"https:\/\/www.iocharger.com\/pl\/wp-json\/wp\/v2\/product"}],"about":[{"href":"https:\/\/www.iocharger.com\/pl\/wp-json\/wp\/v2\/types\/product"}],"version-history":[{"count":7,"href":"https:\/\/www.iocharger.com\/pl\/wp-json\/wp\/v2\/product\/4965\/revisions"}],"predecessor-version":[{"id":9769,"href":"https:\/\/www.iocharger.com\/pl\/wp-json\/wp\/v2\/product\/4965\/revisions\/9769"}],"wp:featuredmedia":[{"embeddable":true,"href":"https:\/\/www.iocharger.com\/pl\/wp-json\/wp\/v2\/media\/8584"}],"wp:attachment":[{"href":"https:\/\/www.iocharger.com\/pl\/wp-json\/wp\/v2\/media?parent=4965"}],"wp:term":[{"taxonomy":"product_brand","embeddable":true,"href":"https:\/\/www.iocharger.com\/pl\/wp-json\/wp\/v2\/product_brand?post=4965"},{"taxonomy":"product_cat","embeddable":true,"href":"https:\/\/www.iocharger.com\/pl\/wp-json\/wp\/v2\/product_cat?post=4965"},{"taxonomy":"product_tag","embeddable":true,"href":"https:\/\/www.iocharger.com\/pl\/wp-json\/wp\/v2\/product_tag?post=4965"}],"curies":[{"name":"wp","href":"https:\/\/api.w.org\/{rel}","templated":true}]}}