{"id":4742,"date":"2024-01-18T17:41:29","date_gmt":"2024-01-18T09:41:29","guid":{"rendered":"https:\/\/www.iocharger.com\/?post_type=product&#038;p=4742"},"modified":"2026-03-31T14:17:41","modified_gmt":"2026-03-31T14:17:41","slug":"32a-40a-ul-etl-fcc-certified-home-ev-charger-for-us-market","status":"publish","type":"product","link":"https:\/\/www.iocharger.com\/pl\/32a-40a-ul-etl-fcc-certified-home-ev-charger-for-us-market\/","title":{"rendered":"\u0141adowarka domowa EV o mocy 32 A i 40 A z certyfikatami UL, ETL i FCC przeznaczona na rynek ameryka\u0144ski"},"content":{"rendered":"<div data-elementor-type=\"product-post\" data-elementor-id=\"4742\" class=\"elementor elementor-4742\" data-elementor-post-type=\"product\">\n\t\t\t\t\t\t<section class=\"elementor-section elementor-top-section elementor-element elementor-element-6ecedc3 elementor-section-boxed elementor-section-height-default elementor-section-height-default\" data-id=\"6ecedc3\" data-element_type=\"section\">\n\t\t\t\t\t\t<div class=\"elementor-container elementor-column-gap-default\">\n\t\t\t\t\t<div class=\"elementor-column elementor-col-100 elementor-top-column elementor-element elementor-element-8cf0697\" data-id=\"8cf0697\" data-element_type=\"column\">\n\t\t\t<div class=\"elementor-widget-wrap elementor-element-populated\">\n\t\t\t\t\t\t<div class=\"elementor-element elementor-element-ccfadbb elementor-widget elementor-widget-text-editor\" data-id=\"ccfadbb\" data-element_type=\"widget\" data-widget_type=\"text-editor.default\">\n\t\t\t\t\t\t\t\t\t<p>IOCAH29 model which is for North American market is ETL, FCC,Energy Star certified EV charger. With it\u2019s unique mini design and advanced technology, it is good partner for your home EV charging.<\/p>\t\t\t\t\t\t\t\t<\/div>\n\t\t\t\t\t<\/div>\n\t\t<\/div>\n\t\t\t\t\t<\/div>\n\t\t<\/section>\n\t\t\t\t<section class=\"elementor-section elementor-top-section elementor-element elementor-element-8ba103c elementor-section-boxed elementor-section-height-default elementor-section-height-default\" data-id=\"8ba103c\" data-element_type=\"section\">\n\t\t\t\t\t\t<div class=\"elementor-container elementor-column-gap-default\">\n\t\t\t\t\t<div class=\"elementor-column elementor-col-50 elementor-top-column elementor-element elementor-element-8b1e70c\" data-id=\"8b1e70c\" data-element_type=\"column\">\n\t\t\t<div class=\"elementor-widget-wrap elementor-element-populated\">\n\t\t\t\t\t\t<div class=\"elementor-element elementor-element-7eacbfc elementor-widget elementor-widget-text-editor\" data-id=\"7eacbfc\" data-element_type=\"widget\" data-widget_type=\"text-editor.default\">\n\t\t\t\t\t\t\t\t\t<p><strong><br \/>G\u0142\u00f3wne cechy:<\/strong><\/p><ul><li>Up to 32A, 40A versions available<\/li><li>OCPP 1.6J, OCPP 2.0.1 Fully supported<\/li><li>Dynamic load balancing connect CT clamps directly<\/li><li>Schedule your charging times when rates are lower<\/li><li><p>Charge your EV with power from the grid, solar, battery or all source<\/p><\/li><li><p>Ethernet, WLAN, 4G, Bluetooth available<\/p><\/li><li>User Authentication via RFID, ISO15118 Plug&amp;Charge or mobile App<\/li><li><p>Tuya mobile app integration for smart home device control<\/p><\/li><li><p>User friendly web portal for charger configuration, maintenance and fault check<\/p><\/li><\/ul>\t\t\t\t\t\t\t\t<\/div>\n\t\t\t\t\t<\/div>\n\t\t<\/div>\n\t\t\t\t<div class=\"elementor-column elementor-col-50 elementor-top-column elementor-element elementor-element-6bb6e83\" data-id=\"6bb6e83\" data-element_type=\"column\">\n\t\t\t<div class=\"elementor-widget-wrap elementor-element-populated\">\n\t\t\t\t\t\t<div class=\"elementor-element elementor-element-e945b57 elementor-widget elementor-widget-image\" data-id=\"e945b57\" data-element_type=\"widget\" data-widget_type=\"image.default\">\n\t\t\t\t\t\t\t\t\t\t\t\t\t\t\t<img fetchpriority=\"high\" decoding=\"async\" width=\"1000\" height=\"1000\" src=\"https:\/\/www.iocharger.com\/wp-content\/uploads\/2024\/01\/FCC-ETL-ENERGY-STAR-1.jpg\" class=\"attachment-full size-full wp-image-4839\" alt=\"\" srcset=\"https:\/\/www.iocharger.com\/wp-content\/uploads\/2024\/01\/FCC-ETL-ENERGY-STAR-1.jpg 1000w, https:\/\/www.iocharger.com\/wp-content\/uploads\/2024\/01\/FCC-ETL-ENERGY-STAR-1-150x150.jpg 150w, https:\/\/www.iocharger.com\/wp-content\/uploads\/2024\/01\/FCC-ETL-ENERGY-STAR-1-660x660.jpg 660w, https:\/\/www.iocharger.com\/wp-content\/uploads\/2024\/01\/FCC-ETL-ENERGY-STAR-1-300x300.jpg 300w, https:\/\/www.iocharger.com\/wp-content\/uploads\/2024\/01\/FCC-ETL-ENERGY-STAR-1-768x768.jpg 768w, https:\/\/www.iocharger.com\/wp-content\/uploads\/2024\/01\/FCC-ETL-ENERGY-STAR-1-285x285.jpg 285w, https:\/\/www.iocharger.com\/wp-content\/uploads\/2024\/01\/FCC-ETL-ENERGY-STAR-1-270x270.jpg 270w, https:\/\/www.iocharger.com\/wp-content\/uploads\/2024\/01\/FCC-ETL-ENERGY-STAR-1-540x540.jpg 540w\" sizes=\"(max-width: 1000px) 100vw, 1000px\" \/>\t\t\t\t\t\t\t\t\t\t\t\t\t\t\t<\/div>\n\t\t\t\t\t<\/div>\n\t\t<\/div>\n\t\t\t\t\t<\/div>\n\t\t<\/section>\n\t\t\t\t<section class=\"elementor-section elementor-top-section elementor-element elementor-element-30ea065 elementor-section-boxed elementor-section-height-default elementor-section-height-default\" data-id=\"30ea065\" data-element_type=\"section\">\n\t\t\t\t\t\t<div class=\"elementor-container elementor-column-gap-default\">\n\t\t\t\t\t<div class=\"elementor-column elementor-col-50 elementor-top-column elementor-element elementor-element-f6fd415\" data-id=\"f6fd415\" data-element_type=\"column\">\n\t\t\t<div class=\"elementor-widget-wrap elementor-element-populated\">\n\t\t\t\t\t\t<div class=\"elementor-element elementor-element-c2f9bc5 elementor-widget elementor-widget-image\" data-id=\"c2f9bc5\" data-element_type=\"widget\" data-widget_type=\"image.default\">\n\t\t\t\t\t\t\t\t\t\t\t\t\t\t\t<img decoding=\"async\" width=\"1000\" height=\"1000\" src=\"https:\/\/www.iocharger.com\/wp-content\/uploads\/2024\/01\/smart-ev-charger-5-1.jpg\" class=\"attachment-full size-full wp-image-4770\" alt=\"\" srcset=\"https:\/\/www.iocharger.com\/wp-content\/uploads\/2024\/01\/smart-ev-charger-5-1.jpg 1000w, https:\/\/www.iocharger.com\/wp-content\/uploads\/2024\/01\/smart-ev-charger-5-1-150x150.jpg 150w, https:\/\/www.iocharger.com\/wp-content\/uploads\/2024\/01\/smart-ev-charger-5-1-660x660.jpg 660w, https:\/\/www.iocharger.com\/wp-content\/uploads\/2024\/01\/smart-ev-charger-5-1-300x300.jpg 300w, https:\/\/www.iocharger.com\/wp-content\/uploads\/2024\/01\/smart-ev-charger-5-1-768x768.jpg 768w, https:\/\/www.iocharger.com\/wp-content\/uploads\/2024\/01\/smart-ev-charger-5-1-285x285.jpg 285w, https:\/\/www.iocharger.com\/wp-content\/uploads\/2024\/01\/smart-ev-charger-5-1-270x270.jpg 270w, https:\/\/www.iocharger.com\/wp-content\/uploads\/2024\/01\/smart-ev-charger-5-1-540x540.jpg 540w\" sizes=\"(max-width: 1000px) 100vw, 1000px\" \/>\t\t\t\t\t\t\t\t\t\t\t\t\t\t\t<\/div>\n\t\t\t\t\t<\/div>\n\t\t<\/div>\n\t\t\t\t<div class=\"elementor-column elementor-col-50 elementor-top-column elementor-element elementor-element-ffb6314\" data-id=\"ffb6314\" data-element_type=\"column\">\n\t\t\t<div class=\"elementor-widget-wrap elementor-element-populated\">\n\t\t\t\t\t\t<div class=\"elementor-element elementor-element-f1c3934 elementor-widget elementor-widget-text-editor\" data-id=\"f1c3934\" data-element_type=\"widget\" data-widget_type=\"text-editor.default\">\n\t\t\t\t\t\t\t\t\t<p><strong>\u00a0<\/strong><\/p><p><strong>Unique design &amp; Easy installation<\/strong><\/p><p>Mini exterior design is IOCAH29 charger\u2019s marked feature. With it\u2019s 4KG weight and mini dimension, it is easy for placement and installation. Multiple colors of upper casing is also optional for customer\u2019s preference. It is safe for indoor and outdoor use with Type 3R rated for water and dust resistance.<\/p><p>Your electrician can easily install the IOCAH29, with an available Hardwired, NEMA 6-50P or NEMA 14-50 plug installation. <br \/><em>*Different models use different NEMA plug.<\/em><\/p>\t\t\t\t\t\t\t\t<\/div>\n\t\t\t\t\t<\/div>\n\t\t<\/div>\n\t\t\t\t\t<\/div>\n\t\t<\/section>\n\t\t\t\t<section class=\"elementor-section elementor-top-section elementor-element elementor-element-a0af6aa elementor-section-boxed elementor-section-height-default elementor-section-height-default\" data-id=\"a0af6aa\" data-element_type=\"section\">\n\t\t\t\t\t\t<div class=\"elementor-container elementor-column-gap-default\">\n\t\t\t\t\t<div class=\"elementor-column elementor-col-50 elementor-top-column elementor-element elementor-element-ff979ae\" data-id=\"ff979ae\" data-element_type=\"column\">\n\t\t\t<div class=\"elementor-widget-wrap elementor-element-populated\">\n\t\t\t\t\t\t<div class=\"elementor-element elementor-element-c65255a elementor-widget elementor-widget-text-editor\" data-id=\"c65255a\" data-element_type=\"widget\" data-widget_type=\"text-editor.default\">\n\t\t\t\t\t\t\t\t\t<p><strong>\u00a0<\/strong><\/p><p><strong>Smart charging<\/strong><\/p><p>IOCAH29 is mini yet smart charging with iocharger\u2019s advanced technology. OCPP 1.6J and OCPP 2.0.1 compatible. Not only support Ethernet, WiFi, 4G network connection, but also support Bluetooth feature to transfer the data when other network is not available.<\/p><p><strong>Tuya smart home<\/strong><\/p><p>IOCAH29 has integrated with Tuya mobile app to control and monitor your home EV charger. With this feature you can start\/stop charging, schedule charging plan on Tuya mobile app. Your charger and all other home smart devices can be controlled by Tuya mobile app, no need to install additional apps.<\/p><p>\u00a0<\/p>\t\t\t\t\t\t\t\t<\/div>\n\t\t\t\t\t<\/div>\n\t\t<\/div>\n\t\t\t\t<div class=\"elementor-column elementor-col-50 elementor-top-column elementor-element elementor-element-dc05fbe\" data-id=\"dc05fbe\" data-element_type=\"column\">\n\t\t\t<div class=\"elementor-widget-wrap elementor-element-populated\">\n\t\t\t\t\t\t<div class=\"elementor-element elementor-element-761432c elementor-widget elementor-widget-image\" data-id=\"761432c\" data-element_type=\"widget\" data-widget_type=\"image.default\">\n\t\t\t\t\t\t\t\t\t\t\t\t\t\t\t<img decoding=\"async\" width=\"1000\" height=\"1000\" src=\"https:\/\/www.iocharger.com\/wp-content\/uploads\/2024\/01\/smart-ev-charger-2-1.jpg\" class=\"attachment-full size-full wp-image-4748\" alt=\"\" srcset=\"https:\/\/www.iocharger.com\/wp-content\/uploads\/2024\/01\/smart-ev-charger-2-1.jpg 1000w, https:\/\/www.iocharger.com\/wp-content\/uploads\/2024\/01\/smart-ev-charger-2-1-150x150.jpg 150w, https:\/\/www.iocharger.com\/wp-content\/uploads\/2024\/01\/smart-ev-charger-2-1-660x660.jpg 660w, https:\/\/www.iocharger.com\/wp-content\/uploads\/2024\/01\/smart-ev-charger-2-1-300x300.jpg 300w, https:\/\/www.iocharger.com\/wp-content\/uploads\/2024\/01\/smart-ev-charger-2-1-768x768.jpg 768w, https:\/\/www.iocharger.com\/wp-content\/uploads\/2024\/01\/smart-ev-charger-2-1-285x285.jpg 285w, https:\/\/www.iocharger.com\/wp-content\/uploads\/2024\/01\/smart-ev-charger-2-1-270x270.jpg 270w, https:\/\/www.iocharger.com\/wp-content\/uploads\/2024\/01\/smart-ev-charger-2-1-540x540.jpg 540w\" sizes=\"(max-width: 1000px) 100vw, 1000px\" \/>\t\t\t\t\t\t\t\t\t\t\t\t\t\t\t<\/div>\n\t\t\t\t\t<\/div>\n\t\t<\/div>\n\t\t\t\t\t<\/div>\n\t\t<\/section>\n\t\t\t\t<section class=\"elementor-section elementor-top-section elementor-element elementor-element-263ed27 elementor-section-boxed elementor-section-height-default elementor-section-height-default\" data-id=\"263ed27\" data-element_type=\"section\">\n\t\t\t\t\t\t<div class=\"elementor-container elementor-column-gap-default\">\n\t\t\t\t\t<div class=\"elementor-column elementor-col-50 elementor-top-column elementor-element elementor-element-abe350f\" data-id=\"abe350f\" data-element_type=\"column\">\n\t\t\t<div class=\"elementor-widget-wrap elementor-element-populated\">\n\t\t\t\t\t\t<div class=\"elementor-element elementor-element-df26d05 elementor-widget elementor-widget-image\" data-id=\"df26d05\" data-element_type=\"widget\" data-widget_type=\"image.default\">\n\t\t\t\t\t\t\t\t\t\t\t\t\t\t\t<img loading=\"lazy\" decoding=\"async\" width=\"1000\" height=\"1000\" src=\"https:\/\/www.iocharger.com\/wp-content\/uploads\/2024\/01\/smart-ev-charger-1-1.gif\" class=\"attachment-full size-full wp-image-4746\" alt=\"\" \/>\t\t\t\t\t\t\t\t\t\t\t\t\t\t\t<\/div>\n\t\t\t\t\t<\/div>\n\t\t<\/div>\n\t\t\t\t<div class=\"elementor-column elementor-col-50 elementor-top-column elementor-element elementor-element-7775d8b\" data-id=\"7775d8b\" data-element_type=\"column\">\n\t\t\t<div class=\"elementor-widget-wrap elementor-element-populated\">\n\t\t\t\t\t\t<div class=\"elementor-element elementor-element-77ee334 elementor-widget elementor-widget-text-editor\" data-id=\"77ee334\" data-element_type=\"widget\" data-widget_type=\"text-editor.default\">\n\t\t\t\t\t\t\t\t\t<p>\u00a0<\/p><p>\u00a0<\/p><p><strong>Dynamiczne r\u00f3wnowa\u017cenie obci\u0105\u017cenia<\/strong><\/p><p>The CT clamp can be connected to the IOCAH29 mini smart EV charger directly for current monitoring of other home appliances, without extra device. The charging current is automatically adjusted according to real-time current values. It can prevent your home from overloading with installation of single or multiple chargers, either online or offline.<\/p>\t\t\t\t\t\t\t\t<\/div>\n\t\t\t\t\t<\/div>\n\t\t<\/div>\n\t\t\t\t\t<\/div>\n\t\t<\/section>\n\t\t\t\t<section class=\"elementor-section elementor-top-section elementor-element elementor-element-28a8920 elementor-section-boxed elementor-section-height-default elementor-section-height-default\" data-id=\"28a8920\" data-element_type=\"section\">\n\t\t\t\t\t\t<div class=\"elementor-container elementor-column-gap-default\">\n\t\t\t\t\t<div class=\"elementor-column elementor-col-50 elementor-top-column elementor-element elementor-element-bf57ec0\" data-id=\"bf57ec0\" data-element_type=\"column\">\n\t\t\t<div class=\"elementor-widget-wrap elementor-element-populated\">\n\t\t\t\t\t\t<div class=\"elementor-element elementor-element-1531a2c elementor-widget elementor-widget-text-editor\" data-id=\"1531a2c\" data-element_type=\"widget\" data-widget_type=\"text-editor.default\">\n\t\t\t\t\t\t\t\t\t<p><strong><br \/>Outstanding Solar &amp; Energy management<\/strong><\/p><p>If you have solar system, and also energy storage system at your home, IOCAH29 charger can work with the whole system seamlessly. You can easily monitor the complete system and control its charging through IOC Lite mobile App.<\/p><p>3 charging modes for solar energy to optimize your energy use<\/p><ul><li>Full, always charging at the full rate<\/li><li>Solar Assist, will use both Solar source &amp; Grid source, with solar source as first priority, and make sure keep charging until full EV charging<\/li><li>Solar only, will use solar source only, if not enough for charging, charger will be switched to suspended mode, and back to charging if solar available for charging again<\/li><\/ul>\t\t\t\t\t\t\t\t<\/div>\n\t\t\t\t\t<\/div>\n\t\t<\/div>\n\t\t\t\t<div class=\"elementor-column elementor-col-50 elementor-top-column elementor-element elementor-element-58dd933\" data-id=\"58dd933\" data-element_type=\"column\">\n\t\t\t<div class=\"elementor-widget-wrap elementor-element-populated\">\n\t\t\t\t\t\t<div class=\"elementor-element elementor-element-6d8f2c3 elementor-widget elementor-widget-image\" data-id=\"6d8f2c3\" data-element_type=\"widget\" data-widget_type=\"image.default\">\n\t\t\t\t\t\t\t\t\t\t\t\t\t\t\t<img loading=\"lazy\" decoding=\"async\" width=\"940\" height=\"940\" src=\"https:\/\/www.iocharger.com\/wp-content\/uploads\/2024\/01\/smart-ev-charger-3-1.jpg\" class=\"attachment-large size-large wp-image-4749\" alt=\"\" srcset=\"https:\/\/www.iocharger.com\/wp-content\/uploads\/2024\/01\/smart-ev-charger-3-1.jpg 1000w, https:\/\/www.iocharger.com\/wp-content\/uploads\/2024\/01\/smart-ev-charger-3-1-150x150.jpg 150w, https:\/\/www.iocharger.com\/wp-content\/uploads\/2024\/01\/smart-ev-charger-3-1-660x660.jpg 660w, https:\/\/www.iocharger.com\/wp-content\/uploads\/2024\/01\/smart-ev-charger-3-1-300x300.jpg 300w, https:\/\/www.iocharger.com\/wp-content\/uploads\/2024\/01\/smart-ev-charger-3-1-768x768.jpg 768w, https:\/\/www.iocharger.com\/wp-content\/uploads\/2024\/01\/smart-ev-charger-3-1-285x285.jpg 285w, https:\/\/www.iocharger.com\/wp-content\/uploads\/2024\/01\/smart-ev-charger-3-1-270x270.jpg 270w, https:\/\/www.iocharger.com\/wp-content\/uploads\/2024\/01\/smart-ev-charger-3-1-540x540.jpg 540w\" sizes=\"(max-width: 940px) 100vw, 940px\" \/>\t\t\t\t\t\t\t\t\t\t\t\t\t\t\t<\/div>\n\t\t\t\t\t<\/div>\n\t\t<\/div>\n\t\t\t\t\t<\/div>\n\t\t<\/section>\n\t\t\t\t<\/div>","protected":false},"excerpt":{"rendered":"<p>IOCAH29 is a smart home EV charging station\u00a0specially designed for North American. It\u00a0is compatible with all EVs\u00a0on the market today.<\/p>\n<ul>\n<li>Input Rating: Nominal 200-240 V AC single-phase<\/li>\n<li>Output Rating: 7kW 32A; 9.6kW 40A<\/li>\n<li>Internal RCD: 20mA CCID<\/li>\n<li>Network Interface: Ethernet\/ WLAN\/ Bluetooth smart internet connection<\/li>\n<li>OCPP: Pe\u0142na obs\u0142uga OCPP 1.6J\/ OCPP 2.0.1<\/li>\n<li>ISO15118 Plug&amp;Charge: mo\u017cliwo\u015b\u0107 aktualizacji<\/li>\n<li>Ingress Protection: Type 3R<\/li>\n<li>Shipping Dimensions: 395x 285 x 226 mm<\/li>\n<li>Charging Interface: SAE J1772 Type-1<\/li>\n<li>Typ monta\u017cu: na \u015bcianie lub pod\u0142odze (podstawa dostarczana oddzielnie)<\/li>\n<\/ul>","protected":false},"featured_media":4743,"template":"","meta":{"_acf_changed":false},"product_brand":[],"product_cat":[56],"product_tag":[372,373,374,375],"class_list":{"0":"post-4742","1":"product","2":"type-product","3":"status-publish","4":"has-post-thumbnail","6":"product_cat-home-ev-charger","7":"product_tag-40-amp-ev-charger","8":"product_tag-type-1-ev-charger","9":"product_tag-ul-certified-ev-charger","10":"product_tag-ul-listed-level-2-charger","12":"first","13":"instock","14":"shipping-taxable","15":"product-type-simple"},"acf":[],"_links":{"self":[{"href":"https:\/\/www.iocharger.com\/pl\/wp-json\/wp\/v2\/product\/4742","targetHints":{"allow":["GET"]}}],"collection":[{"href":"https:\/\/www.iocharger.com\/pl\/wp-json\/wp\/v2\/product"}],"about":[{"href":"https:\/\/www.iocharger.com\/pl\/wp-json\/wp\/v2\/types\/product"}],"version-history":[{"count":1,"href":"https:\/\/www.iocharger.com\/pl\/wp-json\/wp\/v2\/product\/4742\/revisions"}],"predecessor-version":[{"id":9772,"href":"https:\/\/www.iocharger.com\/pl\/wp-json\/wp\/v2\/product\/4742\/revisions\/9772"}],"wp:featuredmedia":[{"embeddable":true,"href":"https:\/\/www.iocharger.com\/pl\/wp-json\/wp\/v2\/media\/4743"}],"wp:attachment":[{"href":"https:\/\/www.iocharger.com\/pl\/wp-json\/wp\/v2\/media?parent=4742"}],"wp:term":[{"taxonomy":"product_brand","embeddable":true,"href":"https:\/\/www.iocharger.com\/pl\/wp-json\/wp\/v2\/product_brand?post=4742"},{"taxonomy":"product_cat","embeddable":true,"href":"https:\/\/www.iocharger.com\/pl\/wp-json\/wp\/v2\/product_cat?post=4742"},{"taxonomy":"product_tag","embeddable":true,"href":"https:\/\/www.iocharger.com\/pl\/wp-json\/wp\/v2\/product_tag?post=4742"}],"curies":[{"name":"wp","href":"https:\/\/api.w.org\/{rel}","templated":true}]}}