{"id":2288,"date":"2023-06-02T09:07:35","date_gmt":"2023-06-02T09:07:35","guid":{"rendered":"https:\/\/test2.honstyle.com\/?post_type=product&#038;p=2288"},"modified":"2026-04-13T08:59:17","modified_gmt":"2026-04-13T08:59:17","slug":"200kwh-integrated-with-hybrid-inverter-commercial-energy-storage-system","status":"publish","type":"product","link":"https:\/\/www.iocharger.com\/pl\/200kwh-integrated-with-hybrid-inverter-commercial-energy-storage-system\/","title":{"rendered":"225kWh zintegrowany z hybrydowym falownikiem komercyjny system magazynowania energii"},"content":{"rendered":"<div data-elementor-type=\"product-post\" data-elementor-id=\"2288\" class=\"elementor elementor-2288\" data-elementor-post-type=\"product\">\n\t\t\t\t\t\t<section class=\"elementor-section elementor-top-section elementor-element elementor-element-cfbbd9e elementor-section-boxed elementor-section-height-default elementor-section-height-default\" data-id=\"cfbbd9e\" data-element_type=\"section\">\n\t\t\t\t\t\t<div class=\"elementor-container elementor-column-gap-default\">\n\t\t\t\t\t<div class=\"elementor-column elementor-col-50 elementor-top-column elementor-element elementor-element-c8531bd\" data-id=\"c8531bd\" data-element_type=\"column\">\n\t\t\t<div class=\"elementor-widget-wrap elementor-element-populated\">\n\t\t\t\t\t\t<div class=\"elementor-element elementor-element-be5f829 elementor-widget elementor-widget-text-editor\" data-id=\"be5f829\" data-element_type=\"widget\" data-widget_type=\"text-editor.default\">\n\t\t\t\t\t\t\t\t\t<p><strong>G\u0142\u00f3wne cechy:<\/strong><\/p><ul><li>Wszechstronne rozwi\u0105zanie niezale\u017cne od pr\u0105du sta\u0142ego i pod\u0142\u0105czone do pr\u0105du przemiennego<\/li><li>Elastyczny, niesko\u0144czenie skalowalny uk\u0142ad modu\u0142owy.<\/li><li>Najwy\u017cszy poziom bezpiecze\u0144stwa<\/li><li>\u0141atwa instalacja, obs\u0142uga i konserwacja<\/li><li>Spe\u0142nia wszystkie potrzeby u\u017cytkownik\u00f3w u\u017cytkowych i komercyjnych<\/li><li>Zwi\u0119kszenie mocy w celu zaoszcz\u0119dzenia koszt\u00f3w modernizacji sieci<\/li><li>Cloud EMS do monitorowania stanu energii na \u017cywo<\/li><\/ul>\t\t\t\t\t\t\t\t<\/div>\n\t\t\t\t\t<\/div>\n\t\t<\/div>\n\t\t\t\t<div class=\"elementor-column elementor-col-50 elementor-top-column elementor-element elementor-element-bf45324\" data-id=\"bf45324\" data-element_type=\"column\">\n\t\t\t<div class=\"elementor-widget-wrap elementor-element-populated\">\n\t\t\t\t\t\t<div class=\"elementor-element elementor-element-06b561c elementor-widget elementor-widget-image\" data-id=\"06b561c\" data-element_type=\"widget\" data-widget_type=\"image.default\">\n\t\t\t\t\t\t\t\t\t\t\t\t\t\t\t<img fetchpriority=\"high\" decoding=\"async\" width=\"1024\" height=\"1024\" src=\"https:\/\/www.iocharger.com\/wp-content\/uploads\/2023\/06\/battery-energy-storage-system-1.jpg\" class=\"attachment-full size-full wp-image-7936\" alt=\"akumulatorowy system magazynowania energii\" srcset=\"https:\/\/www.iocharger.com\/wp-content\/uploads\/2023\/06\/battery-energy-storage-system-1.jpg 1024w, https:\/\/www.iocharger.com\/wp-content\/uploads\/2023\/06\/battery-energy-storage-system-1-150x150.jpg 150w, https:\/\/www.iocharger.com\/wp-content\/uploads\/2023\/06\/battery-energy-storage-system-1-660x660.jpg 660w, https:\/\/www.iocharger.com\/wp-content\/uploads\/2023\/06\/battery-energy-storage-system-1-300x300.jpg 300w, https:\/\/www.iocharger.com\/wp-content\/uploads\/2023\/06\/battery-energy-storage-system-1-768x768.jpg 768w, https:\/\/www.iocharger.com\/wp-content\/uploads\/2023\/06\/battery-energy-storage-system-1-285x285.jpg 285w, https:\/\/www.iocharger.com\/wp-content\/uploads\/2023\/06\/battery-energy-storage-system-1-270x270.jpg 270w, https:\/\/www.iocharger.com\/wp-content\/uploads\/2023\/06\/battery-energy-storage-system-1-540x540.jpg 540w\" sizes=\"(max-width: 1024px) 100vw, 1024px\" \/>\t\t\t\t\t\t\t\t\t\t\t\t\t\t\t<\/div>\n\t\t\t\t\t<\/div>\n\t\t<\/div>\n\t\t\t\t\t<\/div>\n\t\t<\/section>\n\t\t\t\t<section class=\"elementor-section elementor-top-section elementor-element elementor-element-36b9441 elementor-section-boxed elementor-section-height-default elementor-section-height-default\" data-id=\"36b9441\" data-element_type=\"section\">\n\t\t\t\t\t\t<div class=\"elementor-container elementor-column-gap-default\">\n\t\t\t\t\t<div class=\"elementor-column elementor-col-50 elementor-top-column elementor-element elementor-element-060b91a\" data-id=\"060b91a\" data-element_type=\"column\">\n\t\t\t<div class=\"elementor-widget-wrap elementor-element-populated\">\n\t\t\t\t\t\t<div class=\"elementor-element elementor-element-e94d1a9 elementor-widget elementor-widget-image\" data-id=\"e94d1a9\" data-element_type=\"widget\" data-widget_type=\"image.default\">\n\t\t\t\t\t\t\t\t\t\t\t\t\t\t\t<img decoding=\"async\" width=\"800\" height=\"800\" src=\"https:\/\/www.iocharger.com\/wp-content\/uploads\/2023\/06\/all-in-one-battery-1.jpg\" class=\"attachment-full size-full wp-image-4735\" alt=\"\" srcset=\"https:\/\/www.iocharger.com\/wp-content\/uploads\/2023\/06\/all-in-one-battery-1.jpg 800w, https:\/\/www.iocharger.com\/wp-content\/uploads\/2023\/06\/all-in-one-battery-1-150x150.jpg 150w, https:\/\/www.iocharger.com\/wp-content\/uploads\/2023\/06\/all-in-one-battery-1-660x660.jpg 660w, https:\/\/www.iocharger.com\/wp-content\/uploads\/2023\/06\/all-in-one-battery-1-300x300.jpg 300w, https:\/\/www.iocharger.com\/wp-content\/uploads\/2023\/06\/all-in-one-battery-1-768x768.jpg 768w, https:\/\/www.iocharger.com\/wp-content\/uploads\/2023\/06\/all-in-one-battery-1-285x285.jpg 285w, https:\/\/www.iocharger.com\/wp-content\/uploads\/2023\/06\/all-in-one-battery-1-270x270.jpg 270w, https:\/\/www.iocharger.com\/wp-content\/uploads\/2023\/06\/all-in-one-battery-1-540x540.jpg 540w\" sizes=\"(max-width: 800px) 100vw, 800px\" \/>\t\t\t\t\t\t\t\t\t\t\t\t\t\t\t<\/div>\n\t\t\t\t\t<\/div>\n\t\t<\/div>\n\t\t\t\t<div class=\"elementor-column elementor-col-50 elementor-top-column elementor-element elementor-element-002f709\" data-id=\"002f709\" data-element_type=\"column\">\n\t\t\t<div class=\"elementor-widget-wrap elementor-element-populated\">\n\t\t\t\t\t\t<div class=\"elementor-element elementor-element-0c52187 elementor-widget__width-initial elementor-widget elementor-widget-text-editor\" data-id=\"0c52187\" data-element_type=\"widget\" data-widget_type=\"text-editor.default\">\n\t\t\t\t\t\t\t\t\t<p><strong>Kompleksowe rozwi\u0105zanie<\/strong><\/p><p>Ka\u017cdy LiHub jest standardowo zaprojektowany z w pe\u0142ni zintegrowanymi akumulatorami LFP o d\u0142ugiej \u017cywotno\u015bci, inteligentnym BMS, wysokowydajnym PCS, aktywnym systemem bezpiecze\u0144stwa i inteligentnym systemem dystrybucji zasilania AC \/ DC.<\/p><p>\u00a0<\/p>\t\t\t\t\t\t\t\t<\/div>\n\t\t\t\t\t<\/div>\n\t\t<\/div>\n\t\t\t\t\t<\/div>\n\t\t<\/section>\n\t\t\t\t<section class=\"elementor-section elementor-top-section elementor-element elementor-element-4449b7b elementor-section-boxed elementor-section-height-default elementor-section-height-default\" data-id=\"4449b7b\" data-element_type=\"section\">\n\t\t\t\t\t\t<div class=\"elementor-container elementor-column-gap-default\">\n\t\t\t\t\t<div class=\"elementor-column elementor-col-50 elementor-top-column elementor-element elementor-element-451f579\" data-id=\"451f579\" data-element_type=\"column\">\n\t\t\t<div class=\"elementor-widget-wrap elementor-element-populated\">\n\t\t\t\t\t\t<div class=\"elementor-element elementor-element-ad7bc1c elementor-widget__width-initial elementor-widget elementor-widget-text-editor\" data-id=\"ad7bc1c\" data-element_type=\"widget\" data-widget_type=\"text-editor.default\">\n\t\t\t\t\t\t\t\t\t<p><strong>Najwy\u017cszy poziom bezpiecze\u0144stwa<\/strong><\/p><ul><li>Niezale\u017cna kontrola w celu wyeliminowania cyrkulacji rodziny akumulator\u00f3w i wy\u0142adowa\u0144 \u0142ukowych DC.<\/li><li>4 poziomy ochrony przeciwpo\u017carowej, w tym czujnik temp. Czujnik, ga\u015bnica aerozolowa na poziomie opakowania, system wykrywania i alarmowania temperatury i dymu na poziomie klastra oraz ga\u015bnica heptafluoropropanowa na poziomie szafki.<\/li><li>Wszechstronne funkcje testowe, takie jak zwarcie, wyciskanie, spadek napi\u0119cia, przepi\u0119cie, zbyt niskie napi\u0119cie, prze\u0142adowanie, nadmierne roz\u0142adowanie, mg\u0142a solna, wysoka temperatura i przegrzanie.<\/li><li>Wysoki poziom bezpiecze\u0144stwa zarz\u0105dzania, w tym pe\u0142ne pokrycie czujnik\u00f3w napi\u0119cia i temperatury ogniw, kontrola wyr\u00f3wnania ogniw i modu\u0142\u00f3w, inteligentna dystrybucja mocy na poziomie klastra, inteligentna kontrola temperatury, wsp\u00f3lne zarz\u0105dzanie PCS i BMS.<\/li><\/ul>\t\t\t\t\t\t\t\t<\/div>\n\t\t\t\t\t<\/div>\n\t\t<\/div>\n\t\t\t\t<div class=\"elementor-column elementor-col-50 elementor-top-column elementor-element elementor-element-47925c5\" data-id=\"47925c5\" data-element_type=\"column\">\n\t\t\t<div class=\"elementor-widget-wrap elementor-element-populated\">\n\t\t\t\t\t\t<div class=\"elementor-element elementor-element-f1864e8 elementor-widget elementor-widget-image\" data-id=\"f1864e8\" data-element_type=\"widget\" data-widget_type=\"image.default\">\n\t\t\t\t\t\t\t\t\t\t\t\t\t\t\t<img decoding=\"async\" width=\"1024\" height=\"1024\" src=\"https:\/\/www.iocharger.com\/wp-content\/uploads\/2023\/06\/battery-energy-storage-1.jpg\" class=\"attachment-full size-full wp-image-7938\" alt=\"magazynowanie energii w akumulatorach\" srcset=\"https:\/\/www.iocharger.com\/wp-content\/uploads\/2023\/06\/battery-energy-storage-1.jpg 1024w, https:\/\/www.iocharger.com\/wp-content\/uploads\/2023\/06\/battery-energy-storage-1-150x150.jpg 150w, https:\/\/www.iocharger.com\/wp-content\/uploads\/2023\/06\/battery-energy-storage-1-660x660.jpg 660w, https:\/\/www.iocharger.com\/wp-content\/uploads\/2023\/06\/battery-energy-storage-1-300x300.jpg 300w, https:\/\/www.iocharger.com\/wp-content\/uploads\/2023\/06\/battery-energy-storage-1-768x768.jpg 768w, https:\/\/www.iocharger.com\/wp-content\/uploads\/2023\/06\/battery-energy-storage-1-285x285.jpg 285w, https:\/\/www.iocharger.com\/wp-content\/uploads\/2023\/06\/battery-energy-storage-1-270x270.jpg 270w, https:\/\/www.iocharger.com\/wp-content\/uploads\/2023\/06\/battery-energy-storage-1-540x540.jpg 540w\" sizes=\"(max-width: 1024px) 100vw, 1024px\" \/>\t\t\t\t\t\t\t\t\t\t\t\t\t\t\t<\/div>\n\t\t\t\t\t<\/div>\n\t\t<\/div>\n\t\t\t\t\t<\/div>\n\t\t<\/section>\n\t\t\t\t<section class=\"elementor-section elementor-top-section elementor-element elementor-element-af7456c elementor-section-boxed elementor-section-height-default elementor-section-height-default\" data-id=\"af7456c\" data-element_type=\"section\">\n\t\t\t\t\t\t<div class=\"elementor-container elementor-column-gap-default\">\n\t\t\t\t\t<div class=\"elementor-column elementor-col-50 elementor-top-column elementor-element elementor-element-1fbeaf6\" data-id=\"1fbeaf6\" data-element_type=\"column\">\n\t\t\t<div class=\"elementor-widget-wrap elementor-element-populated\">\n\t\t\t\t\t\t<div class=\"elementor-element elementor-element-8e41886 elementor-widget elementor-widget-image\" data-id=\"8e41886\" data-element_type=\"widget\" data-widget_type=\"image.default\">\n\t\t\t\t\t\t\t\t\t\t\t\t\t\t\t<img loading=\"lazy\" decoding=\"async\" width=\"800\" height=\"800\" src=\"https:\/\/www.iocharger.com\/wp-content\/uploads\/2023\/06\/battery-application-1.jpg\" class=\"attachment-full size-full wp-image-4709\" alt=\"\" srcset=\"https:\/\/www.iocharger.com\/wp-content\/uploads\/2023\/06\/battery-application-1.jpg 800w, https:\/\/www.iocharger.com\/wp-content\/uploads\/2023\/06\/battery-application-1-150x150.jpg 150w, https:\/\/www.iocharger.com\/wp-content\/uploads\/2023\/06\/battery-application-1-660x660.jpg 660w, https:\/\/www.iocharger.com\/wp-content\/uploads\/2023\/06\/battery-application-1-300x300.jpg 300w, https:\/\/www.iocharger.com\/wp-content\/uploads\/2023\/06\/battery-application-1-768x768.jpg 768w, https:\/\/www.iocharger.com\/wp-content\/uploads\/2023\/06\/battery-application-1-285x285.jpg 285w, https:\/\/www.iocharger.com\/wp-content\/uploads\/2023\/06\/battery-application-1-270x270.jpg 270w, https:\/\/www.iocharger.com\/wp-content\/uploads\/2023\/06\/battery-application-1-540x540.jpg 540w\" sizes=\"(max-width: 800px) 100vw, 800px\" \/>\t\t\t\t\t\t\t\t\t\t\t\t\t\t\t<\/div>\n\t\t\t\t\t<\/div>\n\t\t<\/div>\n\t\t\t\t<div class=\"elementor-column elementor-col-50 elementor-top-column elementor-element elementor-element-94f83f3\" data-id=\"94f83f3\" data-element_type=\"column\">\n\t\t\t<div class=\"elementor-widget-wrap elementor-element-populated\">\n\t\t\t\t\t\t<div class=\"elementor-element elementor-element-7517f11 elementor-widget elementor-widget-text-editor\" data-id=\"7517f11\" data-element_type=\"widget\" data-widget_type=\"text-editor.default\">\n\t\t\t\t\t\t\t\t\t<p><strong>Wiele zastosowa\u0144<\/strong><\/p><ul><li>Oszcz\u0119dzanie szczytowe, roz\u0142adowywanie w okresach szczytowego zapotrzebowania w celu unikni\u0119cia lub zmniejszenia op\u0142at za zapotrzebowanie.<\/li><li>Przesuni\u0119cie obci\u0105\u017cenia, przesuni\u0119cie zu\u017cycia energii z jednego punktu w czasie na inny w celu unikni\u0119cia p\u0142acenia wysokich cen energii. W stosownych przypadkach ta optymalizacja cen uwzgl\u0119dnia energi\u0119 s\u0142oneczn\u0105 lub inn\u0105 generowan\u0105 na miejscu.<\/li><li>Awaryjne zasilanie awaryjne, zapewnia po\u015brednie zasilanie awaryjne dla firmy w przypadku przerwy w dostawie pr\u0105du z sieci. Funkcja ta mo\u017ce by\u0107 niezale\u017cna lub powi\u0105zana z energi\u0105 s\u0142oneczn\u0105.<\/li><li>Reakcja na popyt, natychmiastowe roz\u0142adowanie w odpowiedzi na sygna\u0142y od administratora reakcji na popyt w celu z\u0142agodzenia szczyt\u00f3w obci\u0105\u017cenia systemu.<\/li><li>Mikrosieci, buduj\u0105 lokaln\u0105 sie\u0107, kt\u00f3ra mo\u017ce od\u0142\u0105czy\u0107 si\u0119 od g\u0142\u00f3wnej sieci energetycznej, dzia\u0142aj\u0105c niezale\u017cnie i wzmacniaj\u0105c og\u00f3ln\u0105 odporno\u015b\u0107 sieci.<\/li><li>Rozszerzenie mocy, dostarczanie mocy i energii w rozproszonej lokalizacji w celu odroczenia lub wyeliminowania potrzeby modernizacji starzej\u0105cej si\u0119 infrastruktury sieciowej.<\/li><\/ul>\t\t\t\t\t\t\t\t<\/div>\n\t\t\t\t\t<\/div>\n\t\t<\/div>\n\t\t\t\t\t<\/div>\n\t\t<\/section>\n\t\t\t\t<\/div>","protected":false},"excerpt":{"rendered":"<div class=\"pro_main_text clearfix\">\n<div class=\"pro_main_text clearfix\">\n<div class=\"pro_main_text clearfix\">\n<div class=\"pro_main_text clearfix\">\n<div class=\"pro_main_text clearfix\">\n<div class=\"pro_main_text clearfix\">\n<div class=\"pro_main_text clearfix\">\n<div class=\"pro_main_text clearfix\">\n<div class=\"pro_main_text clearfix\">\n<div class=\"pro_main_text clearfix\">\n<div class=\"pro_main_text clearfix\">\n<p>Kompleksowe rozwi\u0105zanie do przemys\u0142owego i komercyjnego magazynowania energii<\/p>\n<\/div>\n<ul class=\"clearfix\">\n<li>Akumulator: LiFePO4<\/li>\n<li>Pojemno\u015b\u0107 akumulatora: 225 kWh<\/li>\n<li>G\u0142\u0119boko\u015b\u0107 roz\u0142adowania: 95%DOD<\/li>\n<li>Maks. \u0141adowanie: 0,6C<\/li>\n<li>Maks. Roz\u0142adowanie: 0.6C<\/li>\n<li>Napi\u0119cie znamionowe: 220\/380\uff08-15%~+10%\uff09\uff0c3P+N+PE<\/li>\n<li>Napi\u0119cie robocze: 628 V DC ~ 806 V DC<\/li>\n<li>Stopie\u0144 ochrony: IP55<\/li>\n<li>Wymiary: 1250 x 2260 x 1150 mm<\/li>\n<li>\u017bywotno\u015b\u0107: 6000 cykli<\/li>\n<\/ul>\n<\/div>\n<\/div>\n<\/div>\n<\/div>\n<\/div>\n<\/div>\n<\/div>\n<\/div>\n<\/div>\n<\/div>","protected":false},"featured_media":7934,"template":"","meta":{"_acf_changed":false},"product_brand":[],"product_cat":[97],"product_tag":[99,100,101],"class_list":{"0":"post-2288","1":"product","2":"type-product","3":"status-publish","4":"has-post-thumbnail","6":"product_cat-energy-storage-system","7":"product_tag-200kwh-all-in-one-ess","8":"product_tag-commercial-energy-storage-system","9":"product_tag-commercial-ess-integrated-with-hybrid-inverter","11":"first","12":"instock","13":"featured","14":"shipping-taxable","15":"product-type-simple"},"acf":[],"_links":{"self":[{"href":"https:\/\/www.iocharger.com\/pl\/wp-json\/wp\/v2\/product\/2288","targetHints":{"allow":["GET"]}}],"collection":[{"href":"https:\/\/www.iocharger.com\/pl\/wp-json\/wp\/v2\/product"}],"about":[{"href":"https:\/\/www.iocharger.com\/pl\/wp-json\/wp\/v2\/types\/product"}],"version-history":[{"count":2,"href":"https:\/\/www.iocharger.com\/pl\/wp-json\/wp\/v2\/product\/2288\/revisions"}],"predecessor-version":[{"id":9815,"href":"https:\/\/www.iocharger.com\/pl\/wp-json\/wp\/v2\/product\/2288\/revisions\/9815"}],"wp:featuredmedia":[{"embeddable":true,"href":"https:\/\/www.iocharger.com\/pl\/wp-json\/wp\/v2\/media\/7934"}],"wp:attachment":[{"href":"https:\/\/www.iocharger.com\/pl\/wp-json\/wp\/v2\/media?parent=2288"}],"wp:term":[{"taxonomy":"product_brand","embeddable":true,"href":"https:\/\/www.iocharger.com\/pl\/wp-json\/wp\/v2\/product_brand?post=2288"},{"taxonomy":"product_cat","embeddable":true,"href":"https:\/\/www.iocharger.com\/pl\/wp-json\/wp\/v2\/product_cat?post=2288"},{"taxonomy":"product_tag","embeddable":true,"href":"https:\/\/www.iocharger.com\/pl\/wp-json\/wp\/v2\/product_tag?post=2288"}],"curies":[{"name":"wp","href":"https:\/\/api.w.org\/{rel}","templated":true}]}}