{"id":2275,"date":"2023-06-02T08:59:02","date_gmt":"2023-06-02T08:59:02","guid":{"rendered":"https:\/\/test2.honstyle.com\/?post_type=product&#038;p=2275"},"modified":"2026-04-30T07:05:10","modified_gmt":"2026-04-30T07:05:10","slug":"5-12kwh-10-24kwh-home-energy-storage-battery-ess","status":"publish","type":"product","link":"https:\/\/www.iocharger.com\/pl\/5-12kwh-10-24kwh-home-energy-storage-battery-ess\/","title":{"rendered":"5,12 kWh 10,24 kWh Domowy magazyn energii ESS"},"content":{"rendered":"<div data-elementor-type=\"product-post\" data-elementor-id=\"2275\" class=\"elementor elementor-2275\" data-elementor-post-type=\"product\">\n\t\t\t\t\t\t<section class=\"elementor-section elementor-top-section elementor-element elementor-element-3ef6551 elementor-section-boxed elementor-section-height-default elementor-section-height-default\" data-id=\"3ef6551\" data-element_type=\"section\">\n\t\t\t\t\t\t<div class=\"elementor-container elementor-column-gap-default\">\n\t\t\t\t\t<div class=\"elementor-column elementor-col-100 elementor-top-column elementor-element elementor-element-9725433\" data-id=\"9725433\" data-element_type=\"column\">\n\t\t\t<div class=\"elementor-widget-wrap elementor-element-populated\">\n\t\t\t\t\t\t<div class=\"elementor-element elementor-element-52f6e30 elementor-widget elementor-widget-text-editor\" data-id=\"52f6e30\" data-element_type=\"widget\" data-widget_type=\"text-editor.default\">\n\t\t\t\t\t\t\t\t\t<p>iocharger Harmony ESS mo\u017ce zawsze przechowywa\u0107 energi\u0119 z sieci s\u0142onecznej i sieci energetycznej w celu tworzenia kopii zapasowych, aby zabezpieczy\u0107 zu\u017cycie energii i obni\u017cy\u0107 rachunki za pr\u0105d.<\/p>\t\t\t\t\t\t\t\t<\/div>\n\t\t\t\t\t<\/div>\n\t\t<\/div>\n\t\t\t\t\t<\/div>\n\t\t<\/section>\n\t\t\t\t<section class=\"elementor-section elementor-top-section elementor-element elementor-element-3e9eac0 elementor-section-boxed elementor-section-height-default elementor-section-height-default\" data-id=\"3e9eac0\" data-element_type=\"section\">\n\t\t\t\t\t\t<div class=\"elementor-container elementor-column-gap-default\">\n\t\t\t\t\t<div class=\"elementor-column elementor-col-50 elementor-top-column elementor-element elementor-element-9a00aad\" data-id=\"9a00aad\" data-element_type=\"column\">\n\t\t\t<div class=\"elementor-widget-wrap elementor-element-populated\">\n\t\t\t\t\t\t<div class=\"elementor-element elementor-element-07e7a53 elementor-widget elementor-widget-text-editor\" data-id=\"07e7a53\" data-element_type=\"widget\" data-widget_type=\"text-editor.default\">\n\t\t\t\t\t\t\t\t\t<p><strong>G\u0142\u00f3wne cechy:<\/strong><\/p><p>Nowoczesna i kompaktowa konstrukcja<br \/>Bezszwowe uk\u0142adanie modu\u0142owe<br \/>Automatyczna blokada i ochrona przed wstrz\u0105sami<br \/>6-punktowe wykrywanie temperatury<br \/>Wbudowany modu\u0142 gaszenia po\u017caru aerozolem<br \/>Ukryte z\u0142\u0105cze zasilania<br \/>Inteligentny BMS<br \/>Monitorowanie na \u017cywo za po\u015brednictwem aplikacji iocharger<\/p>\t\t\t\t\t\t\t\t<\/div>\n\t\t\t\t\t<\/div>\n\t\t<\/div>\n\t\t\t\t<div class=\"elementor-column elementor-col-50 elementor-top-column elementor-element elementor-element-5fa6081\" data-id=\"5fa6081\" data-element_type=\"column\">\n\t\t\t<div class=\"elementor-widget-wrap elementor-element-populated\">\n\t\t\t\t\t\t<div class=\"elementor-element elementor-element-302863c elementor-widget elementor-widget-image\" data-id=\"302863c\" data-element_type=\"widget\" data-widget_type=\"image.default\">\n\t\t\t\t\t\t\t\t\t\t\t\t\t\t\t<img fetchpriority=\"high\" decoding=\"async\" width=\"660\" height=\"660\" src=\"https:\/\/www.iocharger.com\/wp-content\/uploads\/2023\/06\/ENERGY-STORAGE-BATTERY-4-660x660-1-1.png\" class=\"attachment-full size-full wp-image-5725\" alt=\"\" srcset=\"https:\/\/www.iocharger.com\/wp-content\/uploads\/2023\/06\/ENERGY-STORAGE-BATTERY-4-660x660-1-1.png 660w, https:\/\/www.iocharger.com\/wp-content\/uploads\/2023\/06\/ENERGY-STORAGE-BATTERY-4-660x660-1-1-150x150.png 150w, https:\/\/www.iocharger.com\/wp-content\/uploads\/2023\/06\/ENERGY-STORAGE-BATTERY-4-660x660-1-1-300x300.png 300w, https:\/\/www.iocharger.com\/wp-content\/uploads\/2023\/06\/ENERGY-STORAGE-BATTERY-4-660x660-1-1-285x285.png 285w, https:\/\/www.iocharger.com\/wp-content\/uploads\/2023\/06\/ENERGY-STORAGE-BATTERY-4-660x660-1-1-270x270.png 270w, https:\/\/www.iocharger.com\/wp-content\/uploads\/2023\/06\/ENERGY-STORAGE-BATTERY-4-660x660-1-1-540x540.png 540w\" sizes=\"(max-width: 660px) 100vw, 660px\" \/>\t\t\t\t\t\t\t\t\t\t\t\t\t\t\t<\/div>\n\t\t\t\t\t<\/div>\n\t\t<\/div>\n\t\t\t\t\t<\/div>\n\t\t<\/section>\n\t\t\t\t<section class=\"elementor-section elementor-top-section elementor-element elementor-element-a6fc96f elementor-section-boxed elementor-section-height-default elementor-section-height-default\" data-id=\"a6fc96f\" data-element_type=\"section\">\n\t\t\t\t\t\t<div class=\"elementor-container elementor-column-gap-default\">\n\t\t\t\t\t<div class=\"elementor-column elementor-col-50 elementor-top-column elementor-element elementor-element-d4f7684\" data-id=\"d4f7684\" data-element_type=\"column\">\n\t\t\t<div class=\"elementor-widget-wrap elementor-element-populated\">\n\t\t\t\t\t\t<div class=\"elementor-element elementor-element-30111b8 elementor-widget elementor-widget-image\" data-id=\"30111b8\" data-element_type=\"widget\" data-widget_type=\"image.default\">\n\t\t\t\t\t\t\t\t\t\t\t\t\t\t\t<img decoding=\"async\" width=\"750\" height=\"750\" src=\"https:\/\/www.iocharger.com\/wp-content\/uploads\/2023\/06\/energy-battery-storage-1-1.jpg\" class=\"attachment-full size-full wp-image-5726\" alt=\"\" srcset=\"https:\/\/www.iocharger.com\/wp-content\/uploads\/2023\/06\/energy-battery-storage-1-1.jpg 750w, https:\/\/www.iocharger.com\/wp-content\/uploads\/2023\/06\/energy-battery-storage-1-1-150x150.jpg 150w, https:\/\/www.iocharger.com\/wp-content\/uploads\/2023\/06\/energy-battery-storage-1-1-660x660.jpg 660w, https:\/\/www.iocharger.com\/wp-content\/uploads\/2023\/06\/energy-battery-storage-1-1-300x300.jpg 300w, https:\/\/www.iocharger.com\/wp-content\/uploads\/2023\/06\/energy-battery-storage-1-1-285x285.jpg 285w, https:\/\/www.iocharger.com\/wp-content\/uploads\/2023\/06\/energy-battery-storage-1-1-270x270.jpg 270w, https:\/\/www.iocharger.com\/wp-content\/uploads\/2023\/06\/energy-battery-storage-1-1-540x540.jpg 540w\" sizes=\"(max-width: 750px) 100vw, 750px\" \/>\t\t\t\t\t\t\t\t\t\t\t\t\t\t\t<\/div>\n\t\t\t\t\t<\/div>\n\t\t<\/div>\n\t\t\t\t<div class=\"elementor-column elementor-col-50 elementor-top-column elementor-element elementor-element-33e285c\" data-id=\"33e285c\" data-element_type=\"column\">\n\t\t\t<div class=\"elementor-widget-wrap elementor-element-populated\">\n\t\t\t\t\t\t<div class=\"elementor-element elementor-element-16d0803 elementor-widget elementor-widget-text-editor\" data-id=\"16d0803\" data-element_type=\"widget\" data-widget_type=\"text-editor.default\">\n\t\t\t\t\t\t\t\t\t<p><strong>Bezszwowa konstrukcja modu\u0142owa<\/strong><\/p><p>Harmony ESS zosta\u0142 zaprojektowany tak, aby pasowa\u0142 do r\u00f3\u017cnych styl\u00f3w wn\u0119trz. Dzi\u0119ki automatycznie blokowanemu z\u0142\u0105czu kabla zasilaj\u0105cego i ergonomicznej konstrukcji uchwytu, instalacja jest bardzo \u0142atwa dla jednej osoby. P\u0142ynne po\u0142\u0105czenie i modu\u0142owe uk\u0142adanie do 6 modu\u0142\u00f3w baterii bez dodatkowych akcesori\u00f3w.<\/p><p style=\"text-align: left;\">\u00a0<\/p>\t\t\t\t\t\t\t\t<\/div>\n\t\t\t\t\t<\/div>\n\t\t<\/div>\n\t\t\t\t\t<\/div>\n\t\t<\/section>\n\t\t\t\t<section class=\"elementor-section elementor-top-section elementor-element elementor-element-96c8bda elementor-section-boxed elementor-section-height-default elementor-section-height-default\" data-id=\"96c8bda\" data-element_type=\"section\">\n\t\t\t\t\t\t<div class=\"elementor-container elementor-column-gap-default\">\n\t\t\t\t\t<div class=\"elementor-column elementor-col-50 elementor-top-column elementor-element elementor-element-01af674\" data-id=\"01af674\" data-element_type=\"column\">\n\t\t\t<div class=\"elementor-widget-wrap elementor-element-populated\">\n\t\t\t\t\t\t<div class=\"elementor-element elementor-element-259870b elementor-widget elementor-widget-text-editor\" data-id=\"259870b\" data-element_type=\"widget\" data-widget_type=\"text-editor.default\">\n\t\t\t\t\t\t\t\t\t<p><strong>Ekstremalna ochrona bezpiecze\u0144stwa<\/strong><\/p><p>Baterie LFP s\u0105 najbezpieczniejszym typem baterii litowych o d\u0142ugiej \u017cywotno\u015bci. Wbudowany modu\u0142 przeciwpo\u017carowy w aerozolu, ognioodporna obudowa, 6-punktowe wykrywanie temperatury i inteligentny system BMS zapewniaj\u0105 do\u017cywotnie u\u017cytkowanie baterii.<\/p>\t\t\t\t\t\t\t\t<\/div>\n\t\t\t\t\t<\/div>\n\t\t<\/div>\n\t\t\t\t<div class=\"elementor-column elementor-col-50 elementor-top-column elementor-element elementor-element-3ab31e4\" data-id=\"3ab31e4\" data-element_type=\"column\">\n\t\t\t<div class=\"elementor-widget-wrap elementor-element-populated\">\n\t\t\t\t\t\t<div class=\"elementor-element elementor-element-b288dd2 elementor-widget elementor-widget-image\" data-id=\"b288dd2\" data-element_type=\"widget\" data-widget_type=\"image.default\">\n\t\t\t\t\t\t\t\t\t\t\t\t\t\t\t<img decoding=\"async\" width=\"750\" height=\"750\" src=\"https:\/\/www.iocharger.com\/wp-content\/uploads\/2023\/06\/energy-battery-storage-2-1.jpg\" class=\"attachment-full size-full wp-image-5728\" alt=\"\" srcset=\"https:\/\/www.iocharger.com\/wp-content\/uploads\/2023\/06\/energy-battery-storage-2-1.jpg 750w, https:\/\/www.iocharger.com\/wp-content\/uploads\/2023\/06\/energy-battery-storage-2-1-150x150.jpg 150w, https:\/\/www.iocharger.com\/wp-content\/uploads\/2023\/06\/energy-battery-storage-2-1-660x660.jpg 660w, https:\/\/www.iocharger.com\/wp-content\/uploads\/2023\/06\/energy-battery-storage-2-1-300x300.jpg 300w, https:\/\/www.iocharger.com\/wp-content\/uploads\/2023\/06\/energy-battery-storage-2-1-285x285.jpg 285w, https:\/\/www.iocharger.com\/wp-content\/uploads\/2023\/06\/energy-battery-storage-2-1-270x270.jpg 270w, https:\/\/www.iocharger.com\/wp-content\/uploads\/2023\/06\/energy-battery-storage-2-1-540x540.jpg 540w\" sizes=\"(max-width: 750px) 100vw, 750px\" \/>\t\t\t\t\t\t\t\t\t\t\t\t\t\t\t<\/div>\n\t\t\t\t\t<\/div>\n\t\t<\/div>\n\t\t\t\t\t<\/div>\n\t\t<\/section>\n\t\t\t\t<section class=\"elementor-section elementor-top-section elementor-element elementor-element-a6c6ba9 elementor-section-boxed elementor-section-height-default elementor-section-height-default\" data-id=\"a6c6ba9\" data-element_type=\"section\">\n\t\t\t\t\t\t<div class=\"elementor-container elementor-column-gap-default\">\n\t\t\t\t\t<div class=\"elementor-column elementor-col-50 elementor-top-column elementor-element elementor-element-37735b6\" data-id=\"37735b6\" data-element_type=\"column\">\n\t\t\t<div class=\"elementor-widget-wrap elementor-element-populated\">\n\t\t\t\t\t\t<div class=\"elementor-element elementor-element-58acedf elementor-widget elementor-widget-image\" data-id=\"58acedf\" data-element_type=\"widget\" data-widget_type=\"image.default\">\n\t\t\t\t\t\t\t\t\t\t\t\t\t\t\t<img loading=\"lazy\" decoding=\"async\" width=\"750\" height=\"750\" src=\"https:\/\/www.iocharger.com\/wp-content\/uploads\/2023\/06\/Home-Energy-Storage-system4-1-1.png\" class=\"attachment-full size-full wp-image-3709\" alt=\"\" srcset=\"https:\/\/www.iocharger.com\/wp-content\/uploads\/2023\/06\/Home-Energy-Storage-system4-1-1.png 750w, https:\/\/www.iocharger.com\/wp-content\/uploads\/2023\/06\/Home-Energy-Storage-system4-1-1-150x150.png 150w, https:\/\/www.iocharger.com\/wp-content\/uploads\/2023\/06\/Home-Energy-Storage-system4-1-1-660x660.png 660w, https:\/\/www.iocharger.com\/wp-content\/uploads\/2023\/06\/Home-Energy-Storage-system4-1-1-300x300.png 300w, https:\/\/www.iocharger.com\/wp-content\/uploads\/2023\/06\/Home-Energy-Storage-system4-1-1-285x285.png 285w, https:\/\/www.iocharger.com\/wp-content\/uploads\/2023\/06\/Home-Energy-Storage-system4-1-1-270x270.png 270w, https:\/\/www.iocharger.com\/wp-content\/uploads\/2023\/06\/Home-Energy-Storage-system4-1-1-540x540.png 540w\" sizes=\"(max-width: 750px) 100vw, 750px\" \/>\t\t\t\t\t\t\t\t\t\t\t\t\t\t\t<\/div>\n\t\t\t\t\t<\/div>\n\t\t<\/div>\n\t\t\t\t<div class=\"elementor-column elementor-col-50 elementor-top-column elementor-element elementor-element-8f74b52\" data-id=\"8f74b52\" data-element_type=\"column\">\n\t\t\t<div class=\"elementor-widget-wrap elementor-element-populated\">\n\t\t\t\t\t\t<div class=\"elementor-element elementor-element-21ff06b elementor-widget elementor-widget-text-editor\" data-id=\"21ff06b\" data-element_type=\"widget\" data-widget_type=\"text-editor.default\">\n\t\t\t\t\t\t\t\t\t<p><strong>Monitoring na \u017cywo 7\u00d724<\/strong><\/p>\n<p>Aplikacja iocharger umo\u017cliwia monitorowanie w czasie rzeczywistym zu\u017cycia energii s\u0142onecznej, baterii i energii w domu. Ustaw swoje preferencje, aby zoptymalizowa\u0107 niezale\u017cno\u015b\u0107 energetyczn\u0105. Kontroluj sw\u00f3j system z dowolnego miejsca dzi\u0119ki zdalnemu dost\u0119powi i natychmiastowym powiadomieniom.<\/p>\t\t\t\t\t\t\t\t<\/div>\n\t\t\t\t\t<\/div>\n\t\t<\/div>\n\t\t\t\t\t<\/div>\n\t\t<\/section>\n\t\t\t\t<\/div>","protected":false},"excerpt":{"rendered":"<div class=\"pro_main_text clearfix\">\n<div class=\"pro_main_text clearfix\">\n<div class=\"pro_main_text clearfix\">\n<div class=\"pro_main_text clearfix\">\n<div class=\"pro_main_text clearfix\">\n<div class=\"pro_main_text clearfix\">\n<div class=\"pro_main_text clearfix\">\n<div class=\"pro_main_text clearfix\">\n<div class=\"pro_main_text clearfix\">\n<div class=\"pro_main_text clearfix\">\n<p class=\"\">Kopia zapasowa energii dla domu.<\/p>\n<\/div>\n<ul class=\"clearfix\">\n<li>Akumulator: LiFePO4<\/li>\n<li>Pojemno\u015b\u0107 akumulatora: 5,12 kWh i 10,24 kWh<\/li>\n<li>G\u0142\u0119boko\u015b\u0107 roz\u0142adowania: 90%<\/li>\n<li>Maks. \u0141adowanie: 50 A (0,5 C)<\/li>\n<li>Maks. Roz\u0142adowanie: 100 A (1 C)<\/li>\n<li>Napi\u0119cie znamionowe: 51,20 V<\/li>\n<li>Napi\u0119cie robocze: 48 V - 57 V (90% DoD)<\/li>\n<li>Stopie\u0144 ochrony: IP65<\/li>\n<li>Wymiary: 660 x 500 x 180 mm<\/li>\n<li>\u017bywotno\u015b\u0107: 6000 cykli<\/li>\n<\/ul>\n<\/div>\n<\/div>\n<\/div>\n<\/div>\n<\/div>\n<\/div>\n<\/div>\n<\/div>\n<\/div>","protected":false},"featured_media":8818,"template":"","meta":{"_acf_changed":false},"product_brand":[],"product_cat":[97],"product_tag":[95,96,98],"class_list":{"0":"post-2275","1":"product","2":"type-product","3":"status-publish","4":"has-post-thumbnail","6":"product_cat-energy-storage-system","7":"product_tag-100ah-lifepo4-battery-pack","8":"product_tag-5-12kwh-home-battery-backup","9":"product_tag-home-battery-storage-system","11":"first","12":"instock","13":"shipping-taxable","14":"product-type-simple"},"acf":[],"_links":{"self":[{"href":"https:\/\/www.iocharger.com\/pl\/wp-json\/wp\/v2\/product\/2275","targetHints":{"allow":["GET"]}}],"collection":[{"href":"https:\/\/www.iocharger.com\/pl\/wp-json\/wp\/v2\/product"}],"about":[{"href":"https:\/\/www.iocharger.com\/pl\/wp-json\/wp\/v2\/types\/product"}],"version-history":[{"count":1,"href":"https:\/\/www.iocharger.com\/pl\/wp-json\/wp\/v2\/product\/2275\/revisions"}],"predecessor-version":[{"id":9941,"href":"https:\/\/www.iocharger.com\/pl\/wp-json\/wp\/v2\/product\/2275\/revisions\/9941"}],"wp:featuredmedia":[{"embeddable":true,"href":"https:\/\/www.iocharger.com\/pl\/wp-json\/wp\/v2\/media\/8818"}],"wp:attachment":[{"href":"https:\/\/www.iocharger.com\/pl\/wp-json\/wp\/v2\/media?parent=2275"}],"wp:term":[{"taxonomy":"product_brand","embeddable":true,"href":"https:\/\/www.iocharger.com\/pl\/wp-json\/wp\/v2\/product_brand?post=2275"},{"taxonomy":"product_cat","embeddable":true,"href":"https:\/\/www.iocharger.com\/pl\/wp-json\/wp\/v2\/product_cat?post=2275"},{"taxonomy":"product_tag","embeddable":true,"href":"https:\/\/www.iocharger.com\/pl\/wp-json\/wp\/v2\/product_tag?post=2275"}],"curies":[{"name":"wp","href":"https:\/\/api.w.org\/{rel}","templated":true}]}}