{"id":2134,"date":"2023-05-31T11:14:49","date_gmt":"2023-05-31T11:14:49","guid":{"rendered":"https:\/\/test2.honstyle.com\/?post_type=product&#038;p=2134"},"modified":"2025-11-25T07:27:07","modified_gmt":"2025-11-25T07:27:07","slug":"cloud-charging-management-system-for-charge-point-operator","status":"publish","type":"product","link":"https:\/\/www.iocharger.com\/pl\/cloud-charging-management-system-for-charge-point-operator\/","title":{"rendered":"System zarz\u0105dzania \u0142adowaniem w chmurze dla operatora punktu \u0142adowania"},"content":{"rendered":"<div data-elementor-type=\"product-post\" data-elementor-id=\"2134\" class=\"elementor elementor-2134\" data-elementor-post-type=\"product\">\n\t\t\t\t\t\t<section class=\"elementor-section elementor-top-section elementor-element elementor-element-561e9a7 elementor-section-boxed elementor-section-height-default elementor-section-height-default\" data-id=\"561e9a7\" data-element_type=\"section\">\n\t\t\t\t\t\t<div class=\"elementor-container elementor-column-gap-default\">\n\t\t\t\t\t<div class=\"elementor-column elementor-col-100 elementor-top-column elementor-element elementor-element-5d110f1\" data-id=\"5d110f1\" data-element_type=\"column\">\n\t\t\t<div class=\"elementor-widget-wrap elementor-element-populated\">\n\t\t\t\t\t\t<div class=\"elementor-element elementor-element-0f42f00 elementor-widget elementor-widget-text-editor\" data-id=\"0f42f00\" data-element_type=\"widget\" data-widget_type=\"text-editor.default\">\n\t\t\t\t\t\t\t\t\t<p>Iocharger CCMS to oparta na chmurze platforma zarz\u0105dzania us\u0142ugami, kt\u00f3ra umo\u017cliwia operatorom optymalizacj\u0119 \u0142adowania. Operatorzy mog\u0105 \u0142atwo zarz\u0105dza\u0107 dost\u0119pem i zdalnie monitorowa\u0107 stacje, \u0142atwo rozlicza\u0107 u\u017cytkownik\u00f3w za po\u015brednictwem jednego systemu zarz\u0105dzania w tle i generowa\u0107 wiele cennych danych na temat sposobu korzystania ze stacji.<\/p>\t\t\t\t\t\t\t\t<\/div>\n\t\t\t\t\t<\/div>\n\t\t<\/div>\n\t\t\t\t\t<\/div>\n\t\t<\/section>\n\t\t\t\t<section class=\"elementor-section elementor-top-section elementor-element elementor-element-9c1eb14 elementor-section-boxed elementor-section-height-default elementor-section-height-default\" data-id=\"9c1eb14\" data-element_type=\"section\">\n\t\t\t\t\t\t<div class=\"elementor-container elementor-column-gap-default\">\n\t\t\t\t\t<div class=\"elementor-column elementor-col-50 elementor-top-column elementor-element elementor-element-2b8f867\" data-id=\"2b8f867\" data-element_type=\"column\">\n\t\t\t<div class=\"elementor-widget-wrap elementor-element-populated\">\n\t\t\t\t\t\t<div class=\"elementor-element elementor-element-35a7810 elementor-widget elementor-widget-text-editor\" data-id=\"35a7810\" data-element_type=\"widget\" data-widget_type=\"text-editor.default\">\n\t\t\t\t\t\t\t\t\t<p><strong>Zyskaj dzi\u0119ki bogatemu interfejsowi<\/strong><\/p><p>Zapewnij w\u0142a\u015bcicielom stacji \u0142adowania dost\u0119p do danych w czasie rzeczywistym. Pozw\u00f3l im zarz\u0105dza\u0107 swoimi stacjami \u0142adowania.<\/p><p><strong>Elastyczny system rozlicze\u0144<\/strong><\/p><p>Ustaw w\u0142asne strategie cenowe i zarz\u0105dzaj rozliczeniami subskrypcji na elastycznych warunkach.<\/p><p><strong>Aplikacja mobilna White-label<\/strong><\/p><p>Zapewnij swoim klientom wyj\u0105tkowe, markowe i zlokalizowane do\u015bwiadczenie dzi\u0119ki naszym aplikacjom mobilnym.<\/p><p><strong>Ni\u017csze koszty utrzymania<\/strong><\/p><p>Inteligentne \u0142adowanie i automatyczne usuwanie usterek obni\u017caj\u0105 koszty konserwacji<\/p>\t\t\t\t\t\t\t\t<\/div>\n\t\t\t\t\t<\/div>\n\t\t<\/div>\n\t\t\t\t<div class=\"elementor-column elementor-col-50 elementor-top-column elementor-element elementor-element-9329191\" data-id=\"9329191\" data-element_type=\"column\">\n\t\t\t<div class=\"elementor-widget-wrap elementor-element-populated\">\n\t\t\t\t\t\t<div class=\"elementor-element elementor-element-74fc0ba elementor-widget elementor-widget-image\" data-id=\"74fc0ba\" data-element_type=\"widget\" data-widget_type=\"image.default\">\n\t\t\t\t\t\t\t\t\t\t\t\t\t\t\t<img fetchpriority=\"high\" decoding=\"async\" width=\"750\" height=\"750\" src=\"https:\/\/www.iocharger.com\/wp-content\/uploads\/2023\/05\/Commercial-Charging-Management-S-1.png\" class=\"attachment-full size-full wp-image-4259\" alt=\"\" srcset=\"https:\/\/www.iocharger.com\/wp-content\/uploads\/2023\/05\/Commercial-Charging-Management-S-1.png 750w, https:\/\/www.iocharger.com\/wp-content\/uploads\/2023\/05\/Commercial-Charging-Management-S-1-150x150.png 150w, https:\/\/www.iocharger.com\/wp-content\/uploads\/2023\/05\/Commercial-Charging-Management-S-1-660x660.png 660w, https:\/\/www.iocharger.com\/wp-content\/uploads\/2023\/05\/Commercial-Charging-Management-S-1-300x300.png 300w, https:\/\/www.iocharger.com\/wp-content\/uploads\/2023\/05\/Commercial-Charging-Management-S-1-285x285.png 285w, https:\/\/www.iocharger.com\/wp-content\/uploads\/2023\/05\/Commercial-Charging-Management-S-1-270x270.png 270w, https:\/\/www.iocharger.com\/wp-content\/uploads\/2023\/05\/Commercial-Charging-Management-S-1-540x540.png 540w\" sizes=\"(max-width: 750px) 100vw, 750px\" \/>\t\t\t\t\t\t\t\t\t\t\t\t\t\t\t<\/div>\n\t\t\t\t\t<\/div>\n\t\t<\/div>\n\t\t\t\t\t<\/div>\n\t\t<\/section>\n\t\t\t\t<section class=\"elementor-section elementor-top-section elementor-element elementor-element-d8ca1b8 elementor-section-boxed elementor-section-height-default elementor-section-height-default\" data-id=\"d8ca1b8\" data-element_type=\"section\">\n\t\t\t\t\t\t<div class=\"elementor-container elementor-column-gap-default\">\n\t\t\t\t\t<div class=\"elementor-column elementor-col-50 elementor-top-column elementor-element elementor-element-269a34a\" data-id=\"269a34a\" data-element_type=\"column\">\n\t\t\t<div class=\"elementor-widget-wrap elementor-element-populated\">\n\t\t\t\t\t\t<div class=\"elementor-element elementor-element-9693bed elementor-widget elementor-widget-image\" data-id=\"9693bed\" data-element_type=\"widget\" data-widget_type=\"image.default\">\n\t\t\t\t\t\t\t\t\t\t\t\t\t\t\t<img decoding=\"async\" width=\"750\" height=\"750\" src=\"https:\/\/www.iocharger.com\/wp-content\/uploads\/2023\/05\/Commercial-Charging-Management-S2-1.png\" class=\"attachment-full size-full wp-image-4260\" alt=\"\" srcset=\"https:\/\/www.iocharger.com\/wp-content\/uploads\/2023\/05\/Commercial-Charging-Management-S2-1.png 750w, https:\/\/www.iocharger.com\/wp-content\/uploads\/2023\/05\/Commercial-Charging-Management-S2-1-150x150.png 150w, https:\/\/www.iocharger.com\/wp-content\/uploads\/2023\/05\/Commercial-Charging-Management-S2-1-660x660.png 660w, https:\/\/www.iocharger.com\/wp-content\/uploads\/2023\/05\/Commercial-Charging-Management-S2-1-300x300.png 300w, https:\/\/www.iocharger.com\/wp-content\/uploads\/2023\/05\/Commercial-Charging-Management-S2-1-285x285.png 285w, https:\/\/www.iocharger.com\/wp-content\/uploads\/2023\/05\/Commercial-Charging-Management-S2-1-270x270.png 270w, https:\/\/www.iocharger.com\/wp-content\/uploads\/2023\/05\/Commercial-Charging-Management-S2-1-540x540.png 540w\" sizes=\"(max-width: 750px) 100vw, 750px\" \/>\t\t\t\t\t\t\t\t\t\t\t\t\t\t\t<\/div>\n\t\t\t\t\t<\/div>\n\t\t<\/div>\n\t\t\t\t<div class=\"elementor-column elementor-col-50 elementor-top-column elementor-element elementor-element-46f5ebe\" data-id=\"46f5ebe\" data-element_type=\"column\">\n\t\t\t<div class=\"elementor-widget-wrap elementor-element-populated\">\n\t\t\t\t\t\t<div class=\"elementor-element elementor-element-898090b elementor-widget elementor-widget-text-editor\" data-id=\"898090b\" data-element_type=\"widget\" data-widget_type=\"text-editor.default\">\n\t\t\t\t\t\t\t\t\t<p><strong>Doskona\u0142y i wydajny system zarz\u0105dzania<\/strong><\/p><div aria-live=\"polite\"><div data-language=\"en\" data-original-language=\"zh-CN\" data-result-index=\"0\"><div><span lang=\"en\"><span data-language-for-alternatives=\"en\" data-language-to-translate-into=\"zh-CN\" data-phrase-index=\"0\" data-number-of-phrases=\"2\">Iocharger CCMS spe\u0142nia wszystkie potrzeby operacyjne, takie jak zarz\u0105dzanie lokalizacjami \u0142adowania i \u0142adowarkami, monitorowanie w czasie rzeczywistym, zarz\u0105dzanie u\u017cytkownikami, zarz\u0105dzanie konserwacj\u0105 itp.<\/span>\u00a0<span data-language-for-alternatives=\"en\" data-language-to-translate-into=\"zh-CN\" data-phrase-index=\"1\" data-number-of-phrases=\"2\">Funkcja wsp\u00f3\u0142dzielenia \u0142adowarki EV umo\u017cliwia w\u0142a\u015bcicielowi \u0142adowarki wsp\u00f3\u0142prac\u0119 z operatorem. W\u0142a\u015bciciel \u0142adowarki mo\u017ce samodzielnie ustawi\u0107 czas udost\u0119pniania \u0142adowarki EV i cen\u0119 udost\u0119pniania, a tak\u017ce udost\u0119pnia\u0107 j\u0105 na zewn\u0105trz, aby zwi\u0119kszy\u0107 doch\u00f3d w\u0142a\u015bciciela \u0142adowarki, gdy \u0142adowarka jest bezczynna.<\/span><\/span><\/div><\/div><\/div>\t\t\t\t\t\t\t\t<\/div>\n\t\t\t\t\t<\/div>\n\t\t<\/div>\n\t\t\t\t\t<\/div>\n\t\t<\/section>\n\t\t\t\t<section class=\"elementor-section elementor-top-section elementor-element elementor-element-1f649bc elementor-section-boxed elementor-section-height-default elementor-section-height-default\" data-id=\"1f649bc\" data-element_type=\"section\">\n\t\t\t\t\t\t<div class=\"elementor-container elementor-column-gap-default\">\n\t\t\t\t\t<div class=\"elementor-column elementor-col-50 elementor-top-column elementor-element elementor-element-3466e16\" data-id=\"3466e16\" data-element_type=\"column\">\n\t\t\t<div class=\"elementor-widget-wrap elementor-element-populated\">\n\t\t\t\t\t\t<div class=\"elementor-element elementor-element-04bcba5 elementor-widget elementor-widget-text-editor\" data-id=\"04bcba5\" data-element_type=\"widget\" data-widget_type=\"text-editor.default\">\n\t\t\t\t\t\t\t\t\t<p><strong>Bogate strategie \u0142adowania i zr\u00f3\u017cnicowane rabaty<\/strong><\/p><p>Trzystopniowa strategia \u0142adowania przed \u0142adowaniem, \u0142adowania i po \u0142adowaniu sprawia, \u017ce operacja jest bardziej wydajna, a \u0142adowanie dok\u0142adniejsze. Zr\u00f3\u017cnicowane metody rabatowania zwi\u0119kszaj\u0105 lepko\u015b\u0107 u\u017cytkownika i rozszerzaj\u0105 wi\u0119cej scenariuszy zastosowa\u0144 biznesowych.<\/p>\t\t\t\t\t\t\t\t<\/div>\n\t\t\t\t\t<\/div>\n\t\t<\/div>\n\t\t\t\t<div class=\"elementor-column elementor-col-50 elementor-top-column elementor-element elementor-element-311a9c0\" data-id=\"311a9c0\" data-element_type=\"column\">\n\t\t\t<div class=\"elementor-widget-wrap elementor-element-populated\">\n\t\t\t\t\t\t<div class=\"elementor-element elementor-element-97c57c8 elementor-widget elementor-widget-image\" data-id=\"97c57c8\" data-element_type=\"widget\" data-widget_type=\"image.default\">\n\t\t\t\t\t\t\t\t\t\t\t\t\t\t\t<img decoding=\"async\" width=\"750\" height=\"750\" src=\"https:\/\/www.iocharger.com\/wp-content\/uploads\/2023\/05\/Commercial-Charging-Management-S3-1.png\" class=\"attachment-full size-full wp-image-4261\" alt=\"\" srcset=\"https:\/\/www.iocharger.com\/wp-content\/uploads\/2023\/05\/Commercial-Charging-Management-S3-1.png 750w, https:\/\/www.iocharger.com\/wp-content\/uploads\/2023\/05\/Commercial-Charging-Management-S3-1-150x150.png 150w, https:\/\/www.iocharger.com\/wp-content\/uploads\/2023\/05\/Commercial-Charging-Management-S3-1-660x660.png 660w, https:\/\/www.iocharger.com\/wp-content\/uploads\/2023\/05\/Commercial-Charging-Management-S3-1-300x300.png 300w, https:\/\/www.iocharger.com\/wp-content\/uploads\/2023\/05\/Commercial-Charging-Management-S3-1-285x285.png 285w, https:\/\/www.iocharger.com\/wp-content\/uploads\/2023\/05\/Commercial-Charging-Management-S3-1-270x270.png 270w, https:\/\/www.iocharger.com\/wp-content\/uploads\/2023\/05\/Commercial-Charging-Management-S3-1-540x540.png 540w\" sizes=\"(max-width: 750px) 100vw, 750px\" \/>\t\t\t\t\t\t\t\t\t\t\t\t\t\t\t<\/div>\n\t\t\t\t\t<\/div>\n\t\t<\/div>\n\t\t\t\t\t<\/div>\n\t\t<\/section>\n\t\t\t\t<section class=\"elementor-section elementor-top-section elementor-element elementor-element-5092952 elementor-section-boxed elementor-section-height-default elementor-section-height-default\" data-id=\"5092952\" data-element_type=\"section\">\n\t\t\t\t\t\t<div class=\"elementor-container elementor-column-gap-default\">\n\t\t\t\t\t<div class=\"elementor-column elementor-col-50 elementor-top-column elementor-element elementor-element-b2d0bb6\" data-id=\"b2d0bb6\" data-element_type=\"column\">\n\t\t\t<div class=\"elementor-widget-wrap elementor-element-populated\">\n\t\t\t\t\t\t<div class=\"elementor-element elementor-element-46a1cb4 elementor-widget elementor-widget-image\" data-id=\"46a1cb4\" data-element_type=\"widget\" data-widget_type=\"image.default\">\n\t\t\t\t\t\t\t\t\t\t\t\t\t\t\t<img loading=\"lazy\" decoding=\"async\" width=\"750\" height=\"750\" src=\"https:\/\/www.iocharger.com\/wp-content\/uploads\/2023\/05\/Commercial-Charging-Management-S4-1-1.png\" class=\"attachment-full size-full wp-image-4264\" alt=\"\" srcset=\"https:\/\/www.iocharger.com\/wp-content\/uploads\/2023\/05\/Commercial-Charging-Management-S4-1-1.png 750w, https:\/\/www.iocharger.com\/wp-content\/uploads\/2023\/05\/Commercial-Charging-Management-S4-1-1-150x150.png 150w, https:\/\/www.iocharger.com\/wp-content\/uploads\/2023\/05\/Commercial-Charging-Management-S4-1-1-660x660.png 660w, https:\/\/www.iocharger.com\/wp-content\/uploads\/2023\/05\/Commercial-Charging-Management-S4-1-1-300x300.png 300w, https:\/\/www.iocharger.com\/wp-content\/uploads\/2023\/05\/Commercial-Charging-Management-S4-1-1-285x285.png 285w, https:\/\/www.iocharger.com\/wp-content\/uploads\/2023\/05\/Commercial-Charging-Management-S4-1-1-270x270.png 270w, https:\/\/www.iocharger.com\/wp-content\/uploads\/2023\/05\/Commercial-Charging-Management-S4-1-1-540x540.png 540w\" sizes=\"(max-width: 750px) 100vw, 750px\" \/>\t\t\t\t\t\t\t\t\t\t\t\t\t\t\t<\/div>\n\t\t\t\t\t<\/div>\n\t\t<\/div>\n\t\t\t\t<div class=\"elementor-column elementor-col-50 elementor-top-column elementor-element elementor-element-dc3fec5\" data-id=\"dc3fec5\" data-element_type=\"column\">\n\t\t\t<div class=\"elementor-widget-wrap elementor-element-populated\">\n\t\t\t\t\t\t<div class=\"elementor-element elementor-element-6ae37de elementor-widget elementor-widget-text-editor\" data-id=\"6ae37de\" data-element_type=\"widget\" data-widget_type=\"text-editor.default\">\n\t\t\t\t\t\t\t\t\t<p><strong>Bogate strategie \u0142adowania i zr\u00f3\u017cnicowane rabaty<\/strong><\/p><p>Trzystopniowa strategia \u0142adowania przed \u0142adowaniem, \u0142adowania i po \u0142adowaniu sprawia, \u017ce operacja jest bardziej wydajna, a \u0142adowanie dok\u0142adniejsze. Zr\u00f3\u017cnicowane metody rabatowania zwi\u0119kszaj\u0105 lepko\u015b\u0107 u\u017cytkownika i rozszerzaj\u0105 wi\u0119cej scenariuszy zastosowa\u0144 biznesowych.<\/p>\t\t\t\t\t\t\t\t<\/div>\n\t\t\t\t\t<\/div>\n\t\t<\/div>\n\t\t\t\t\t<\/div>\n\t\t<\/section>\n\t\t\t\t<section class=\"elementor-section elementor-top-section elementor-element elementor-element-3171583 elementor-section-boxed elementor-section-height-default elementor-section-height-default\" data-id=\"3171583\" data-element_type=\"section\">\n\t\t\t\t\t\t<div class=\"elementor-container elementor-column-gap-default\">\n\t\t\t\t\t<div class=\"elementor-column elementor-col-50 elementor-top-column elementor-element elementor-element-d55a0f1\" data-id=\"d55a0f1\" data-element_type=\"column\">\n\t\t\t<div class=\"elementor-widget-wrap elementor-element-populated\">\n\t\t\t\t\t\t<div class=\"elementor-element elementor-element-02ef8dc elementor-widget elementor-widget-text-editor\" data-id=\"02ef8dc\" data-element_type=\"widget\" data-widget_type=\"text-editor.default\">\n\t\t\t\t\t\t\t\t\t<p><strong>Aplikacja mobilna Iocharger<\/strong><\/p><p>Wy\u015bwietlanie mapy lokalizacji stacji \u0142adowania w czasie rzeczywistym<\/p><p>Przejd\u017a do lokalizacji<\/p><p>Uruchamianie i zatrzymywanie \u0142adowania za pomoc\u0105 karty RFID lub aplikacji<\/p><p>Zdalne monitorowanie stanu \u0142adowania<\/p><p>Rozdzielenie p\u0142atno\u015bci mi\u0119dzy pojazdy prywatne i firmowe<\/p><p>Wy\u017cszy poziom VIP umo\u017cliwiaj\u0105cy korzystanie z wi\u0119kszej liczby us\u0142ug i zni\u017cek<\/p><p>Wy\u015bwietlanie statusu kupon\u00f3w rabatowych i voucher\u00f3w<\/p>\t\t\t\t\t\t\t\t<\/div>\n\t\t\t\t<section class=\"elementor-section elementor-inner-section elementor-element elementor-element-6f6398b elementor-section-boxed elementor-section-height-default elementor-section-height-default\" data-id=\"6f6398b\" data-element_type=\"section\">\n\t\t\t\t\t\t<div class=\"elementor-container elementor-column-gap-default\">\n\t\t\t\t\t<div class=\"elementor-column elementor-col-50 elementor-inner-column elementor-element elementor-element-57ecc58\" data-id=\"57ecc58\" data-element_type=\"column\">\n\t\t\t<div class=\"elementor-widget-wrap elementor-element-populated\">\n\t\t\t\t\t\t<div class=\"elementor-element elementor-element-71f5a38 elementor-widget elementor-widget-image\" data-id=\"71f5a38\" data-element_type=\"widget\" data-widget_type=\"image.default\">\n\t\t\t\t\t\t\t\t\t\t\t\t\t\t\t\t<a href=\"https:\/\/play.google.com\/store\/apps\/dev?id=6686573058493958206\" rel=\"nofollow noopener\" target=\"_blank\">\n\t\t\t\t\t\t\t<img loading=\"lazy\" decoding=\"async\" width=\"201\" height=\"98\" src=\"https:\/\/www.iocharger.com\/wp-content\/uploads\/2023\/05\/14-1.jpg\" class=\"attachment-full size-full wp-image-3828\" alt=\"iocharger ioc lite download google\" srcset=\"https:\/\/www.iocharger.com\/wp-content\/uploads\/2023\/05\/14-1.jpg 201w, https:\/\/www.iocharger.com\/wp-content\/uploads\/2023\/05\/14-1-150x73.jpg 150w\" sizes=\"(max-width: 201px) 100vw, 201px\" \/>\t\t\t\t\t\t\t\t<\/a>\n\t\t\t\t\t\t\t\t\t\t\t\t\t\t\t<\/div>\n\t\t\t\t\t<\/div>\n\t\t<\/div>\n\t\t\t\t<div class=\"elementor-column elementor-col-50 elementor-inner-column elementor-element elementor-element-3175979\" data-id=\"3175979\" data-element_type=\"column\">\n\t\t\t<div class=\"elementor-widget-wrap elementor-element-populated\">\n\t\t\t\t\t\t<div class=\"elementor-element elementor-element-dfa7bdf elementor-widget elementor-widget-image\" data-id=\"dfa7bdf\" data-element_type=\"widget\" data-widget_type=\"image.default\">\n\t\t\t\t\t\t\t\t\t\t\t\t\t\t\t\t<a href=\"https:\/\/apps.apple.com\/us\/app\/iocharger\/id1490831585\" rel=\"nofollow noopener\" target=\"_blank\">\n\t\t\t\t\t\t\t<img loading=\"lazy\" decoding=\"async\" width=\"207\" height=\"98\" src=\"https:\/\/www.iocharger.com\/wp-content\/uploads\/2023\/05\/13-1.jpg\" class=\"attachment-full size-full wp-image-3827\" alt=\"ioc lite app download apple store\" srcset=\"https:\/\/www.iocharger.com\/wp-content\/uploads\/2023\/05\/13-1.jpg 207w, https:\/\/www.iocharger.com\/wp-content\/uploads\/2023\/05\/13-1-150x71.jpg 150w\" sizes=\"(max-width: 207px) 100vw, 207px\" \/>\t\t\t\t\t\t\t\t<\/a>\n\t\t\t\t\t\t\t\t\t\t\t\t\t\t\t<\/div>\n\t\t\t\t\t<\/div>\n\t\t<\/div>\n\t\t\t\t\t<\/div>\n\t\t<\/section>\n\t\t\t\t\t<\/div>\n\t\t<\/div>\n\t\t\t\t<div class=\"elementor-column elementor-col-50 elementor-top-column elementor-element elementor-element-8ef8c8b\" data-id=\"8ef8c8b\" data-element_type=\"column\">\n\t\t\t<div class=\"elementor-widget-wrap elementor-element-populated\">\n\t\t\t\t\t\t<div class=\"elementor-element elementor-element-f0b786f elementor-widget elementor-widget-image\" data-id=\"f0b786f\" data-element_type=\"widget\" data-widget_type=\"image.default\">\n\t\t\t\t\t\t\t\t\t\t\t\t\t\t\t<img loading=\"lazy\" decoding=\"async\" width=\"750\" height=\"750\" src=\"https:\/\/www.iocharger.com\/wp-content\/uploads\/2023\/05\/Commercial-Charging-Management-System5-1.png\" class=\"attachment-full size-full wp-image-3365\" alt=\"\" srcset=\"https:\/\/www.iocharger.com\/wp-content\/uploads\/2023\/05\/Commercial-Charging-Management-System5-1.png 750w, https:\/\/www.iocharger.com\/wp-content\/uploads\/2023\/05\/Commercial-Charging-Management-System5-1-150x150.png 150w, https:\/\/www.iocharger.com\/wp-content\/uploads\/2023\/05\/Commercial-Charging-Management-System5-1-660x660.png 660w, https:\/\/www.iocharger.com\/wp-content\/uploads\/2023\/05\/Commercial-Charging-Management-System5-1-300x300.png 300w, https:\/\/www.iocharger.com\/wp-content\/uploads\/2023\/05\/Commercial-Charging-Management-System5-1-285x285.png 285w, https:\/\/www.iocharger.com\/wp-content\/uploads\/2023\/05\/Commercial-Charging-Management-System5-1-270x270.png 270w, https:\/\/www.iocharger.com\/wp-content\/uploads\/2023\/05\/Commercial-Charging-Management-System5-1-540x540.png 540w\" sizes=\"(max-width: 750px) 100vw, 750px\" \/>\t\t\t\t\t\t\t\t\t\t\t\t\t\t\t<\/div>\n\t\t\t\t\t<\/div>\n\t\t<\/div>\n\t\t\t\t\t<\/div>\n\t\t<\/section>\n\t\t\t\t<\/div>","protected":false},"excerpt":{"rendered":"<div class=\"pro_main_text clearfix\">\n<div class=\"pro_main_text clearfix\">\n<div class=\"pro_main_text clearfix\">\n<div class=\"pro_main_text clearfix\">\n<div class=\"pro_main_text clearfix\">\n<div class=\"pro_main_text clearfix\">\n<div class=\"pro_main_text clearfix\">\n<div class=\"pro_main_text clearfix\">\n<p class=\"\">Pot\u0119\u017cna komercyjna platforma do zarz\u0105dzania zasobami sprz\u0119towymi oparta na OCPP 1.6J i strukturze SaaS.<\/p>\n<\/div>\n<ul class=\"clearfix\">\n<li>Zarz\u0105dzanie urz\u0105dzeniami: Tak<\/li>\n<li>Monitorowanie w czasie rzeczywistym: Tak<\/li>\n<li>Zarz\u0105dzanie u\u017cytkownikami: Tak<\/li>\n<li>Zarz\u0105dzanie kartami RFID: Tak<\/li>\n<li>Zarz\u0105dzanie r\u00f3wnowa\u017ceniem obci\u0105\u017cenia: Tak<\/li>\n<li>Zarz\u0105dzanie oprogramowaniem sprz\u0119towym: Tak<\/li>\n<li>Zapis \u0142adowania: Tak<\/li>\n<li>Zarz\u0105dzanie pojazdami: Tak<\/li>\n<li>Plan treningowy: Tak<\/li>\n<li>Podoperator: Tak<\/li>\n<li>Zarz\u0105dzanie b\u0142\u0119dami: Tak<\/li>\n<\/ul>\n<\/div>\n<\/div>\n<\/div>\n<\/div>\n<\/div>\n<\/div>\n<\/div>","protected":false},"featured_media":3470,"template":"","meta":{"_acf_changed":false},"product_brand":[],"product_cat":[89],"product_tag":[88,90,91],"class_list":{"0":"post-2134","1":"product","2":"type-product","3":"status-publish","4":"has-post-thumbnail","6":"product_cat-charging-station-management-system","7":"product_tag-charging-management-system-for-cpo","8":"product_tag-commercial-powerful-management-system","9":"product_tag-saas-cloud-charging-management","11":"first","12":"instock","13":"shipping-taxable","14":"product-type-simple"},"acf":[],"_links":{"self":[{"href":"https:\/\/www.iocharger.com\/pl\/wp-json\/wp\/v2\/product\/2134","targetHints":{"allow":["GET"]}}],"collection":[{"href":"https:\/\/www.iocharger.com\/pl\/wp-json\/wp\/v2\/product"}],"about":[{"href":"https:\/\/www.iocharger.com\/pl\/wp-json\/wp\/v2\/types\/product"}],"version-history":[{"count":0,"href":"https:\/\/www.iocharger.com\/pl\/wp-json\/wp\/v2\/product\/2134\/revisions"}],"wp:featuredmedia":[{"embeddable":true,"href":"https:\/\/www.iocharger.com\/pl\/wp-json\/wp\/v2\/media\/3470"}],"wp:attachment":[{"href":"https:\/\/www.iocharger.com\/pl\/wp-json\/wp\/v2\/media?parent=2134"}],"wp:term":[{"taxonomy":"product_brand","embeddable":true,"href":"https:\/\/www.iocharger.com\/pl\/wp-json\/wp\/v2\/product_brand?post=2134"},{"taxonomy":"product_cat","embeddable":true,"href":"https:\/\/www.iocharger.com\/pl\/wp-json\/wp\/v2\/product_cat?post=2134"},{"taxonomy":"product_tag","embeddable":true,"href":"https:\/\/www.iocharger.com\/pl\/wp-json\/wp\/v2\/product_tag?post=2134"}],"curies":[{"name":"wp","href":"https:\/\/api.w.org\/{rel}","templated":true}]}}