{"id":2132,"date":"2023-05-31T11:11:41","date_gmt":"2023-05-31T11:11:41","guid":{"rendered":"https:\/\/test2.honstyle.com\/?post_type=product&#038;p=2132"},"modified":"2025-12-24T08:52:39","modified_gmt":"2025-12-24T08:52:39","slug":"ocpp-1-6j-ocpp-2-0-1-60kw-120kw-ccs-2-chademo-22kw-type-2-ac-dc-combo","status":"publish","type":"product","link":"https:\/\/www.iocharger.com\/pl\/ocpp-1-6j-ocpp-2-0-1-60kw-120kw-ccs-2-chademo-22kw-type-2-ac-dc-combo\/","title":{"rendered":"Zgodno\u015b\u0107 z OCPP 1.6J OCPP 2.0.1 60 kW 120 kW CCS-2 + CHAdeMO + 22 kW Typ 2 AC i DC Combo"},"content":{"rendered":"<div data-elementor-type=\"product-post\" data-elementor-id=\"2132\" class=\"elementor elementor-2132\" data-elementor-post-type=\"product\">\n\t\t\t\t\t\t<section class=\"elementor-section elementor-top-section elementor-element elementor-element-d91410f elementor-section-boxed elementor-section-height-default elementor-section-height-default\" data-id=\"d91410f\" data-element_type=\"section\">\n\t\t\t\t\t\t<div class=\"elementor-container elementor-column-gap-default\">\n\t\t\t\t\t<div class=\"elementor-column elementor-col-50 elementor-top-column elementor-element elementor-element-cdad719\" data-id=\"cdad719\" data-element_type=\"column\">\n\t\t\t<div class=\"elementor-widget-wrap elementor-element-populated\">\n\t\t\t\t\t\t<div class=\"elementor-element elementor-element-c3193b5 elementor-widget elementor-widget-text-editor\" data-id=\"c3193b5\" data-element_type=\"widget\" data-widget_type=\"text-editor.default\">\n\t\t\t\t\t\t\t\t\t<p>As the popularization of electric vehicles, people are more likely to drive their EVs on the road for cost saving and environment friendly purposes. Diversified charging demands become inevitably. Some people require fastest charging speed for time saving, and some people want to enjoy a cup of coffee while charging. An all-in-one charging station is now required. IOCHY3 is designed especially for such demands.<\/p>\t\t\t\t\t\t\t\t<\/div>\n\t\t\t\t\t<\/div>\n\t\t<\/div>\n\t\t\t\t<div class=\"elementor-column elementor-col-50 elementor-top-column elementor-element elementor-element-f7c02ea\" data-id=\"f7c02ea\" data-element_type=\"column\">\n\t\t\t<div class=\"elementor-widget-wrap elementor-element-populated\">\n\t\t\t\t\t\t<div class=\"elementor-element elementor-element-3cd0924 elementor-widget elementor-widget-image\" data-id=\"3cd0924\" data-element_type=\"widget\" data-widget_type=\"image.default\">\n\t\t\t\t\t\t\t\t\t\t\t\t\t\t\t<img fetchpriority=\"high\" decoding=\"async\" width=\"1000\" height=\"1000\" src=\"https:\/\/www.iocharger.com\/wp-content\/uploads\/2023\/05\/ev-charger-triple-plug-1.jpg\" class=\"attachment-full size-full wp-image-6619\" alt=\"ev charger triple plug\" srcset=\"https:\/\/www.iocharger.com\/wp-content\/uploads\/2023\/05\/ev-charger-triple-plug-1.jpg 1000w, https:\/\/www.iocharger.com\/wp-content\/uploads\/2023\/05\/ev-charger-triple-plug-1-150x150.jpg 150w, https:\/\/www.iocharger.com\/wp-content\/uploads\/2023\/05\/ev-charger-triple-plug-1-660x660.jpg 660w, https:\/\/www.iocharger.com\/wp-content\/uploads\/2023\/05\/ev-charger-triple-plug-1-300x300.jpg 300w, https:\/\/www.iocharger.com\/wp-content\/uploads\/2023\/05\/ev-charger-triple-plug-1-768x768.jpg 768w, https:\/\/www.iocharger.com\/wp-content\/uploads\/2023\/05\/ev-charger-triple-plug-1-285x285.jpg 285w, https:\/\/www.iocharger.com\/wp-content\/uploads\/2023\/05\/ev-charger-triple-plug-1-270x270.jpg 270w, https:\/\/www.iocharger.com\/wp-content\/uploads\/2023\/05\/ev-charger-triple-plug-1-540x540.jpg 540w\" sizes=\"(max-width: 1000px) 100vw, 1000px\" \/>\t\t\t\t\t\t\t\t\t\t\t\t\t\t\t<\/div>\n\t\t\t\t\t<\/div>\n\t\t<\/div>\n\t\t\t\t\t<\/div>\n\t\t<\/section>\n\t\t\t\t<section class=\"elementor-section elementor-top-section elementor-element elementor-element-46efd56 elementor-section-boxed elementor-section-height-default elementor-section-height-default\" data-id=\"46efd56\" data-element_type=\"section\">\n\t\t\t\t\t\t<div class=\"elementor-container elementor-column-gap-default\">\n\t\t\t\t\t<div class=\"elementor-column elementor-col-50 elementor-top-column elementor-element elementor-element-eeeedf3\" data-id=\"eeeedf3\" data-element_type=\"column\">\n\t\t\t<div class=\"elementor-widget-wrap elementor-element-populated\">\n\t\t\t\t\t\t<div class=\"elementor-element elementor-element-6621256 elementor-widget elementor-widget-image\" data-id=\"6621256\" data-element_type=\"widget\" data-widget_type=\"image.default\">\n\t\t\t\t\t\t\t\t\t\t\t\t\t\t\t<img decoding=\"async\" width=\"1000\" height=\"1000\" src=\"https:\/\/www.iocharger.com\/wp-content\/uploads\/2023\/05\/3-plugs-ev-charger-1.jpg\" class=\"attachment-full size-full wp-image-6620\" alt=\"3 plugs ev charger\" srcset=\"https:\/\/www.iocharger.com\/wp-content\/uploads\/2023\/05\/3-plugs-ev-charger-1.jpg 1000w, https:\/\/www.iocharger.com\/wp-content\/uploads\/2023\/05\/3-plugs-ev-charger-1-150x150.jpg 150w, https:\/\/www.iocharger.com\/wp-content\/uploads\/2023\/05\/3-plugs-ev-charger-1-660x660.jpg 660w, https:\/\/www.iocharger.com\/wp-content\/uploads\/2023\/05\/3-plugs-ev-charger-1-300x300.jpg 300w, https:\/\/www.iocharger.com\/wp-content\/uploads\/2023\/05\/3-plugs-ev-charger-1-768x768.jpg 768w, https:\/\/www.iocharger.com\/wp-content\/uploads\/2023\/05\/3-plugs-ev-charger-1-285x285.jpg 285w, https:\/\/www.iocharger.com\/wp-content\/uploads\/2023\/05\/3-plugs-ev-charger-1-270x270.jpg 270w, https:\/\/www.iocharger.com\/wp-content\/uploads\/2023\/05\/3-plugs-ev-charger-1-540x540.jpg 540w\" sizes=\"(max-width: 1000px) 100vw, 1000px\" \/>\t\t\t\t\t\t\t\t\t\t\t\t\t\t\t<\/div>\n\t\t\t\t\t<\/div>\n\t\t<\/div>\n\t\t\t\t<div class=\"elementor-column elementor-col-50 elementor-top-column elementor-element elementor-element-edb24b6\" data-id=\"edb24b6\" data-element_type=\"column\">\n\t\t\t<div class=\"elementor-widget-wrap elementor-element-populated\">\n\t\t\t\t\t\t<div class=\"elementor-element elementor-element-bc373ae elementor-widget elementor-widget-text-editor\" data-id=\"bc373ae\" data-element_type=\"widget\" data-widget_type=\"text-editor.default\">\n\t\t\t\t\t\t\t\t\t<p><strong>G\u0142\u00f3wne cechy:<\/strong><\/p><ul><li>Supporting CCS, CHAdeMO and Type 2 AC charging<\/li><li>22kW or 43 kW AC charging connector<\/li><li>ISO 15118 Plug &amp; Charge<\/li><li>Obs\u0142uga wielu j\u0119zyk\u00f3w<\/li><li>Czytelny w \u015bwietle dziennym ekran dotykowy<\/li><li>Autoryzacja RFID<\/li><li>Kod PIN (OTP)<\/li><li>Wytrzyma\u0142a, odporna na warunki atmosferyczne obudowa ze stali nierdzewnej<\/li><li>Szybka i \u0142atwa instalacja<\/li><\/ul>\t\t\t\t\t\t\t\t<\/div>\n\t\t\t\t\t<\/div>\n\t\t<\/div>\n\t\t\t\t\t<\/div>\n\t\t<\/section>\n\t\t\t\t<section class=\"elementor-section elementor-top-section elementor-element elementor-element-6705ea5 elementor-section-boxed elementor-section-height-default elementor-section-height-default\" data-id=\"6705ea5\" data-element_type=\"section\">\n\t\t\t\t\t\t<div class=\"elementor-container elementor-column-gap-default\">\n\t\t\t\t\t<div class=\"elementor-column elementor-col-50 elementor-top-column elementor-element elementor-element-3ec37f8\" data-id=\"3ec37f8\" data-element_type=\"column\">\n\t\t\t<div class=\"elementor-widget-wrap elementor-element-populated\">\n\t\t\t\t\t\t<div class=\"elementor-element elementor-element-f65ac71 elementor-widget elementor-widget-text-editor\" data-id=\"f65ac71\" data-element_type=\"widget\" data-widget_type=\"text-editor.default\">\n\t\t\t\t\t\t\t\t\t<p><strong>Zgodno\u015b\u0107 z najnowsz\u0105 wersj\u0105 OCPP<\/strong><\/p><p>With its fully compliance of OCPP 1.6J and OCPP 2.0 profiles, IOCHY3 is easily to connect to any OCPP based backend.<\/p><p><strong>Various means of payment<\/strong><\/p><p>IOCHY3 supports multiple wireless payment platforms to meet various payment requirements. Physical credit card payment module is also scalable on IOCHY3.<\/p>\t\t\t\t\t\t\t\t<\/div>\n\t\t\t\t\t<\/div>\n\t\t<\/div>\n\t\t\t\t<div class=\"elementor-column elementor-col-50 elementor-top-column elementor-element elementor-element-1e3e4f8\" data-id=\"1e3e4f8\" data-element_type=\"column\">\n\t\t\t<div class=\"elementor-widget-wrap elementor-element-populated\">\n\t\t\t\t\t\t<div class=\"elementor-element elementor-element-8edf558 elementor-widget elementor-widget-image\" data-id=\"8edf558\" data-element_type=\"widget\" data-widget_type=\"image.default\">\n\t\t\t\t\t\t\t\t\t\t\t\t\t\t\t<img decoding=\"async\" width=\"750\" height=\"750\" src=\"https:\/\/www.iocharger.com\/wp-content\/uploads\/2023\/05\/DC-Fast-Charger-3-1.png\" class=\"attachment-full size-full wp-image-3277\" alt=\"\" srcset=\"https:\/\/www.iocharger.com\/wp-content\/uploads\/2023\/05\/DC-Fast-Charger-3-1.png 750w, https:\/\/www.iocharger.com\/wp-content\/uploads\/2023\/05\/DC-Fast-Charger-3-1-150x150.png 150w, https:\/\/www.iocharger.com\/wp-content\/uploads\/2023\/05\/DC-Fast-Charger-3-1-660x660.png 660w, https:\/\/www.iocharger.com\/wp-content\/uploads\/2023\/05\/DC-Fast-Charger-3-1-300x300.png 300w, https:\/\/www.iocharger.com\/wp-content\/uploads\/2023\/05\/DC-Fast-Charger-3-1-285x285.png 285w, https:\/\/www.iocharger.com\/wp-content\/uploads\/2023\/05\/DC-Fast-Charger-3-1-270x270.png 270w, https:\/\/www.iocharger.com\/wp-content\/uploads\/2023\/05\/DC-Fast-Charger-3-1-540x540.png 540w\" sizes=\"(max-width: 750px) 100vw, 750px\" \/>\t\t\t\t\t\t\t\t\t\t\t\t\t\t\t<\/div>\n\t\t\t\t\t<\/div>\n\t\t<\/div>\n\t\t\t\t\t<\/div>\n\t\t<\/section>\n\t\t\t\t<section class=\"elementor-section elementor-top-section elementor-element elementor-element-06c821a elementor-section-boxed elementor-section-height-default elementor-section-height-default\" data-id=\"06c821a\" data-element_type=\"section\">\n\t\t\t\t\t\t<div class=\"elementor-container elementor-column-gap-default\">\n\t\t\t\t\t<div class=\"elementor-column elementor-col-50 elementor-top-column elementor-element elementor-element-8738a18\" data-id=\"8738a18\" data-element_type=\"column\">\n\t\t\t<div class=\"elementor-widget-wrap elementor-element-populated\">\n\t\t\t\t\t\t<div class=\"elementor-element elementor-element-9e6b255 elementor-widget elementor-widget-image\" data-id=\"9e6b255\" data-element_type=\"widget\" data-widget_type=\"image.default\">\n\t\t\t\t\t\t\t\t\t\t\t\t\t\t\t<img loading=\"lazy\" decoding=\"async\" width=\"1000\" height=\"1000\" src=\"https:\/\/www.iocharger.com\/wp-content\/uploads\/2023\/05\/all-in-one-ev-charger-1.jpg\" class=\"attachment-full size-full wp-image-6622\" alt=\"all in one ev charger\" srcset=\"https:\/\/www.iocharger.com\/wp-content\/uploads\/2023\/05\/all-in-one-ev-charger-1.jpg 1000w, https:\/\/www.iocharger.com\/wp-content\/uploads\/2023\/05\/all-in-one-ev-charger-1-150x150.jpg 150w, https:\/\/www.iocharger.com\/wp-content\/uploads\/2023\/05\/all-in-one-ev-charger-1-660x660.jpg 660w, https:\/\/www.iocharger.com\/wp-content\/uploads\/2023\/05\/all-in-one-ev-charger-1-300x300.jpg 300w, https:\/\/www.iocharger.com\/wp-content\/uploads\/2023\/05\/all-in-one-ev-charger-1-768x768.jpg 768w, https:\/\/www.iocharger.com\/wp-content\/uploads\/2023\/05\/all-in-one-ev-charger-1-285x285.jpg 285w, https:\/\/www.iocharger.com\/wp-content\/uploads\/2023\/05\/all-in-one-ev-charger-1-270x270.jpg 270w, https:\/\/www.iocharger.com\/wp-content\/uploads\/2023\/05\/all-in-one-ev-charger-1-540x540.jpg 540w\" sizes=\"(max-width: 1000px) 100vw, 1000px\" \/>\t\t\t\t\t\t\t\t\t\t\t\t\t\t\t<\/div>\n\t\t\t\t\t<\/div>\n\t\t<\/div>\n\t\t\t\t<div class=\"elementor-column elementor-col-50 elementor-top-column elementor-element elementor-element-8a85a21\" data-id=\"8a85a21\" data-element_type=\"column\">\n\t\t\t<div class=\"elementor-widget-wrap elementor-element-populated\">\n\t\t\t\t\t\t<div class=\"elementor-element elementor-element-5406197 elementor-widget elementor-widget-text-editor\" data-id=\"5406197\" data-element_type=\"widget\" data-widget_type=\"text-editor.default\">\n\t\t\t\t\t\t\t\t\t<p><strong>Harmonijne komercyjne \u0142adowanie pojazd\u00f3w elektrycznych<\/strong><\/p><p>Dynamic load management is supported on IOCHY3 as well. If the station is using hybrid grid including solar energy storage system, IOCHY3 can work with it harmoniously with iocharger&#8217;s latest technology.<\/p>\t\t\t\t\t\t\t\t<\/div>\n\t\t\t\t\t<\/div>\n\t\t<\/div>\n\t\t\t\t\t<\/div>\n\t\t<\/section>\n\t\t\t\t<\/div>","protected":false},"excerpt":{"rendered":"<div class=\"pro_main_text clearfix\">\n<div class=\"pro_main_text clearfix\">\n<div class=\"pro_main_text clearfix\">\n<div class=\"pro_main_text clearfix\">\n<div class=\"pro_main_text clearfix\">\n<div class=\"pro_main_text clearfix\">\n<div class=\"pro_main_text clearfix\">\n<p>IOCHY3\u00a0 has an output power up to 120kW with DC CCS-2 + CHAdeMO + 22kW AC Type-2 + 3.6kW Schuko outputs , which is widely used for electric bus charging. Friendly user interface with 4G\/ Wi-Fi\/ Ethernet communication and RFID card reader, TUV &amp; CE certified.<\/p>\n<\/div>\n<ul class=\"clearfix\">\n<li>AC Voltage: 3-phase 400V\u00b115% AC<\/li>\n<li>Max DC output power: DC 60kW+AC 22kW\/ DC 120kW+AC 22kW<\/li>\n<li>Zakres napi\u0119cia wyj\u015bciowego DC: 150V-1000V DC<\/li>\n<li>Wy\u015bwietlacz: 8\u201d Dotykowy ekran LCD TFT<\/li>\n<li>Interfejs sieciowy: Ethernet\/WiFi\/4G \u2013 inteligentne po\u0142\u0105czenie internetowe<\/li>\n<li>OCPP: Pe\u0142na obs\u0142uga OCPP 1.6J\/ OCPP 2.0.1<\/li>\n<li>ISO15118 Plug&amp;Charge: mo\u017cliwo\u015b\u0107 aktualizacji<\/li>\n<li>Stopie\u0144 ochrony: IP54<\/li>\n<li>Shipping Dimensions: 2017 x 1100 x 1000 mm<\/li>\n<li>Charging Interface: 1 CCS+ 1 CHAdeMO+ 1 AC Type-2 cable + 1 SCHUKO<\/li>\n<li>Typ monta\u017cu: Pod\u0142oga<\/li>\n<\/ul>\n<\/div>\n<\/div>\n<\/div>\n<\/div>\n<\/div>\n<\/div>\n<p><script src=\"chrome-extension:\/\/fpelahbljekknahkcaegamhcndkfpfnc\/iFrame.js\" type=\"text\/javascript\"><\/script><\/p>","protected":false},"featured_media":8667,"template":"","meta":{"_acf_changed":false},"product_brand":[],"product_cat":[79],"product_tag":[85,86,87],"class_list":{"0":"post-2132","1":"product","2":"type-product","3":"status-publish","4":"has-post-thumbnail","6":"product_cat-dc-fast-charger","7":"product_tag-60kw-120kw-dc-ev-charger","8":"product_tag-all-in-one-ac-dc-fast-charger","9":"product_tag-ocpp-dc-ev-fast-charging-station","11":"first","12":"instock","13":"shipping-taxable","14":"product-type-simple"},"acf":[],"_links":{"self":[{"href":"https:\/\/www.iocharger.com\/pl\/wp-json\/wp\/v2\/product\/2132","targetHints":{"allow":["GET"]}}],"collection":[{"href":"https:\/\/www.iocharger.com\/pl\/wp-json\/wp\/v2\/product"}],"about":[{"href":"https:\/\/www.iocharger.com\/pl\/wp-json\/wp\/v2\/types\/product"}],"version-history":[{"count":0,"href":"https:\/\/www.iocharger.com\/pl\/wp-json\/wp\/v2\/product\/2132\/revisions"}],"wp:featuredmedia":[{"embeddable":true,"href":"https:\/\/www.iocharger.com\/pl\/wp-json\/wp\/v2\/media\/8667"}],"wp:attachment":[{"href":"https:\/\/www.iocharger.com\/pl\/wp-json\/wp\/v2\/media?parent=2132"}],"wp:term":[{"taxonomy":"product_brand","embeddable":true,"href":"https:\/\/www.iocharger.com\/pl\/wp-json\/wp\/v2\/product_brand?post=2132"},{"taxonomy":"product_cat","embeddable":true,"href":"https:\/\/www.iocharger.com\/pl\/wp-json\/wp\/v2\/product_cat?post=2132"},{"taxonomy":"product_tag","embeddable":true,"href":"https:\/\/www.iocharger.com\/pl\/wp-json\/wp\/v2\/product_tag?post=2132"}],"curies":[{"name":"wp","href":"https:\/\/api.w.org\/{rel}","templated":true}]}}