{"id":2130,"date":"2023-05-31T11:08:01","date_gmt":"2023-05-31T11:08:01","guid":{"rendered":"https:\/\/test2.honstyle.com\/?post_type=product&#038;p=2130"},"modified":"2025-12-30T04:04:36","modified_gmt":"2025-12-30T04:04:36","slug":"mode-4-ocpp-1-6j-ocpp-2-0-1-60kw-90kw-120kw-150kw-dc-fast-charger","status":"publish","type":"product","link":"https:\/\/www.iocharger.com\/pl\/mode-4-ocpp-1-6j-ocpp-2-0-1-60kw-90kw-120kw-150kw-dc-fast-charger\/","title":{"rendered":"Tryb 4 OCPP 1.6J OCPP 2.0.1 Zgodny 60 kW 90 kW 120 kW 150 kW 180 kW Szybka \u0142adowarka pr\u0105du sta\u0142ego"},"content":{"rendered":"<div data-elementor-type=\"product-post\" data-elementor-id=\"2130\" class=\"elementor elementor-2130\" data-elementor-post-type=\"product\">\n\t\t\t\t\t\t<section class=\"elementor-section elementor-top-section elementor-element elementor-element-57153f0 elementor-section-boxed elementor-section-height-default elementor-section-height-default\" data-id=\"57153f0\" data-element_type=\"section\">\n\t\t\t\t\t\t<div class=\"elementor-container elementor-column-gap-default\">\n\t\t\t\t\t<div class=\"elementor-column elementor-col-100 elementor-top-column elementor-element elementor-element-a194ebe\" data-id=\"a194ebe\" data-element_type=\"column\">\n\t\t\t<div class=\"elementor-widget-wrap elementor-element-populated\">\n\t\t\t\t\t\t<div class=\"elementor-element elementor-element-724e766 elementor-widget elementor-widget-text-editor\" data-id=\"724e766\" data-element_type=\"widget\" data-widget_type=\"text-editor.default\">\n\t\t\t\t\t\t\t\t\t<p>Obecnie na drogi wyje\u017cd\u017ca coraz wi\u0119cej pojazd\u00f3w elektrycznych, a modele o du\u017cym zasi\u0119gu staj\u0105 si\u0119 trendem na rynku. Podczas gdy kierowcy pojazd\u00f3w elektrycznych ciesz\u0105 si\u0119 d\u0142ugodystansow\u0105 podr\u00f3\u017c\u0105, konieczne staje si\u0119 szybsze \u0142adowanie. \u0141adowarki IOCJY2 s\u0105 teraz dost\u0119pne, aby sprosta\u0107 wymaganiom szybkiego \u0142adowania.<\/p>\t\t\t\t\t\t\t\t<\/div>\n\t\t\t\t\t<\/div>\n\t\t<\/div>\n\t\t\t\t\t<\/div>\n\t\t<\/section>\n\t\t\t\t<section class=\"elementor-section elementor-top-section elementor-element elementor-element-83d7d0f elementor-section-boxed elementor-section-height-default elementor-section-height-default\" data-id=\"83d7d0f\" data-element_type=\"section\">\n\t\t\t\t\t\t<div class=\"elementor-container elementor-column-gap-default\">\n\t\t\t\t\t<div class=\"elementor-column elementor-col-50 elementor-top-column elementor-element elementor-element-7285334\" data-id=\"7285334\" data-element_type=\"column\">\n\t\t\t<div class=\"elementor-widget-wrap elementor-element-populated\">\n\t\t\t\t\t\t<div class=\"elementor-element elementor-element-7deac97 elementor-widget elementor-widget-text-editor\" data-id=\"7deac97\" data-element_type=\"widget\" data-widget_type=\"text-editor.default\">\n\t\t\t\t\t\t\t\t\t<p><strong>G\u0142\u00f3wne cechy:<\/strong><\/p><ul><li>Szybka \u0142adowarka DC obs\u0142uguj\u0105ca CCS, CHAdeMO lub GBT<\/li><li>ISO 15118 Plug &amp; Charge<\/li><li>Obs\u0142uga wielu j\u0119zyk\u00f3w<\/li><li>Czytelny w \u015bwietle dziennym ekran dotykowy<\/li><li>Autoryzacja RFID<\/li><li>Obs\u0142ugiwany kod PIN (OTP)<\/li><li>Wytrzyma\u0142a, odporna na warunki atmosferyczne obudowa ze stali nierdzewnej<\/li><li>Szybka i \u0142atwa instalacja<\/li><\/ul>\t\t\t\t\t\t\t\t<\/div>\n\t\t\t\t\t<\/div>\n\t\t<\/div>\n\t\t\t\t<div class=\"elementor-column elementor-col-50 elementor-top-column elementor-element elementor-element-5e05a1e\" data-id=\"5e05a1e\" data-element_type=\"column\">\n\t\t\t<div class=\"elementor-widget-wrap elementor-element-populated\">\n\t\t\t\t\t\t<div class=\"elementor-element elementor-element-07a83f2 elementor-widget elementor-widget-image\" data-id=\"07a83f2\" data-element_type=\"widget\" data-widget_type=\"image.default\">\n\t\t\t\t\t\t\t\t\t\t\t\t\t\t\t<img fetchpriority=\"high\" decoding=\"async\" width=\"1000\" height=\"1000\" src=\"https:\/\/www.iocharger.com\/wp-content\/uploads\/2023\/05\/commercial-dc-fast-charger-3.png\" class=\"attachment-full size-full wp-image-8691\" alt=\"komercyjna szybka \u0142adowarka DC\" srcset=\"https:\/\/www.iocharger.com\/wp-content\/uploads\/2023\/05\/commercial-dc-fast-charger-3.png 1000w, https:\/\/www.iocharger.com\/wp-content\/uploads\/2023\/05\/commercial-dc-fast-charger-3-300x300.png 300w, https:\/\/www.iocharger.com\/wp-content\/uploads\/2023\/05\/commercial-dc-fast-charger-3-150x150.png 150w, https:\/\/www.iocharger.com\/wp-content\/uploads\/2023\/05\/commercial-dc-fast-charger-3-768x768.png 768w, https:\/\/www.iocharger.com\/wp-content\/uploads\/2023\/05\/commercial-dc-fast-charger-3-285x285.png 285w, https:\/\/www.iocharger.com\/wp-content\/uploads\/2023\/05\/commercial-dc-fast-charger-3-270x270.png 270w, https:\/\/www.iocharger.com\/wp-content\/uploads\/2023\/05\/commercial-dc-fast-charger-3-540x540.png 540w, https:\/\/www.iocharger.com\/wp-content\/uploads\/2023\/05\/commercial-dc-fast-charger-3-660x660.png 660w\" sizes=\"(max-width: 1000px) 100vw, 1000px\" \/>\t\t\t\t\t\t\t\t\t\t\t\t\t\t\t<\/div>\n\t\t\t\t\t<\/div>\n\t\t<\/div>\n\t\t\t\t\t<\/div>\n\t\t<\/section>\n\t\t\t\t<section class=\"elementor-section elementor-top-section elementor-element elementor-element-c44a971 elementor-section-boxed elementor-section-height-default elementor-section-height-default\" data-id=\"c44a971\" data-element_type=\"section\">\n\t\t\t\t\t\t<div class=\"elementor-container elementor-column-gap-default\">\n\t\t\t\t\t<div class=\"elementor-column elementor-col-50 elementor-top-column elementor-element elementor-element-c2d86ee\" data-id=\"c2d86ee\" data-element_type=\"column\">\n\t\t\t<div class=\"elementor-widget-wrap elementor-element-populated\">\n\t\t\t\t\t\t<div class=\"elementor-element elementor-element-4bf0f15 elementor-widget elementor-widget-image\" data-id=\"4bf0f15\" data-element_type=\"widget\" data-widget_type=\"image.default\">\n\t\t\t\t\t\t\t\t\t\t\t\t\t\t\t<img decoding=\"async\" width=\"1000\" height=\"1000\" src=\"https:\/\/www.iocharger.com\/wp-content\/uploads\/2023\/05\/ocpp-ev-charging-station-3.png\" class=\"attachment-full size-full wp-image-8692\" alt=\"\" srcset=\"https:\/\/www.iocharger.com\/wp-content\/uploads\/2023\/05\/ocpp-ev-charging-station-3.png 1000w, https:\/\/www.iocharger.com\/wp-content\/uploads\/2023\/05\/ocpp-ev-charging-station-3-300x300.png 300w, https:\/\/www.iocharger.com\/wp-content\/uploads\/2023\/05\/ocpp-ev-charging-station-3-150x150.png 150w, https:\/\/www.iocharger.com\/wp-content\/uploads\/2023\/05\/ocpp-ev-charging-station-3-768x768.png 768w, https:\/\/www.iocharger.com\/wp-content\/uploads\/2023\/05\/ocpp-ev-charging-station-3-285x285.png 285w, https:\/\/www.iocharger.com\/wp-content\/uploads\/2023\/05\/ocpp-ev-charging-station-3-270x270.png 270w, https:\/\/www.iocharger.com\/wp-content\/uploads\/2023\/05\/ocpp-ev-charging-station-3-540x540.png 540w, https:\/\/www.iocharger.com\/wp-content\/uploads\/2023\/05\/ocpp-ev-charging-station-3-660x660.png 660w\" sizes=\"(max-width: 1000px) 100vw, 1000px\" \/>\t\t\t\t\t\t\t\t\t\t\t\t\t\t\t<\/div>\n\t\t\t\t\t<\/div>\n\t\t<\/div>\n\t\t\t\t<div class=\"elementor-column elementor-col-50 elementor-top-column elementor-element elementor-element-b41e707\" data-id=\"b41e707\" data-element_type=\"column\">\n\t\t\t<div class=\"elementor-widget-wrap elementor-element-populated\">\n\t\t\t\t\t\t<div class=\"elementor-element elementor-element-366be1c elementor-widget elementor-widget-text-editor\" data-id=\"366be1c\" data-element_type=\"widget\" data-widget_type=\"text-editor.default\">\n\t\t\t\t\t\t\t\t\t<p><strong>Idealny partner do szybkiego \u0142adowania pojazd\u00f3w elektrycznych<\/strong><\/p><p>Szybkie \u0142adowarki DC IOCJY2 s\u0105 przeznaczone do szybkiego i wygodnego \u0142adowania wszystkich modeli pojazd\u00f3w elektrycznych, kt\u00f3re obs\u0142uguj\u0105 z\u0142\u0105cza CCS 1, CCS 2, CHAdeMO i GB-T. Dzi\u0119ki swojej modu\u0142owo\u015bci umo\u017cliwia maksymaln\u0105 moc \u0142adowania do 180 kW i mo\u017ce \u0142adowa\u0107 2 pojazdy elektryczne w tym samym czasie.<\/p>\t\t\t\t\t\t\t\t<\/div>\n\t\t\t\t\t<\/div>\n\t\t<\/div>\n\t\t\t\t\t<\/div>\n\t\t<\/section>\n\t\t\t\t<section class=\"elementor-section elementor-top-section elementor-element elementor-element-7479d51 elementor-section-boxed elementor-section-height-default elementor-section-height-default\" data-id=\"7479d51\" data-element_type=\"section\">\n\t\t\t\t\t\t<div class=\"elementor-container elementor-column-gap-default\">\n\t\t\t\t\t<div class=\"elementor-column elementor-col-50 elementor-top-column elementor-element elementor-element-01b3914\" data-id=\"01b3914\" data-element_type=\"column\">\n\t\t\t<div class=\"elementor-widget-wrap elementor-element-populated\">\n\t\t\t\t\t\t<div class=\"elementor-element elementor-element-19e9715 elementor-widget elementor-widget-text-editor\" data-id=\"19e9715\" data-element_type=\"widget\" data-widget_type=\"text-editor.default\">\n\t\t\t\t\t\t\t\t\t<p><strong>Zgodno\u015b\u0107 z najnowsz\u0105 wersj\u0105 OCPP<\/strong><\/p><p>IOCJY2 jest w pe\u0142ni zgodna z OCPP 1.6J i OCPP 2.0, co oznacza, \u017ce mo\u017cna j\u0105 \u0142atwo pod\u0142\u0105czy\u0107 do systemu CCMS w celu zdalnego monitorowania i zarz\u0105dzania. Funkcja r\u00f3wnowa\u017cenia obci\u0105\u017cenia \u0142adowarek IOCJY2 sprawia, \u017ce s\u0105 one idealne do u\u017cytku publicznego i flotowego.<\/p>\t\t\t\t\t\t\t\t<\/div>\n\t\t\t\t\t<\/div>\n\t\t<\/div>\n\t\t\t\t<div class=\"elementor-column elementor-col-50 elementor-top-column elementor-element elementor-element-46f16ee\" data-id=\"46f16ee\" data-element_type=\"column\">\n\t\t\t<div class=\"elementor-widget-wrap elementor-element-populated\">\n\t\t\t\t\t\t<div class=\"elementor-element elementor-element-c00efcf elementor-widget elementor-widget-image\" data-id=\"c00efcf\" data-element_type=\"widget\" data-widget_type=\"image.default\">\n\t\t\t\t\t\t\t\t\t\t\t\t\t\t\t<img decoding=\"async\" width=\"750\" height=\"750\" src=\"https:\/\/www.iocharger.com\/wp-content\/uploads\/2023\/05\/60kW-90kW-120kW-150kW-DC-Fast-EV-Charger-3-1.png\" class=\"attachment-full size-full wp-image-3281\" alt=\"\" srcset=\"https:\/\/www.iocharger.com\/wp-content\/uploads\/2023\/05\/60kW-90kW-120kW-150kW-DC-Fast-EV-Charger-3-1.png 750w, https:\/\/www.iocharger.com\/wp-content\/uploads\/2023\/05\/60kW-90kW-120kW-150kW-DC-Fast-EV-Charger-3-1-150x150.png 150w, https:\/\/www.iocharger.com\/wp-content\/uploads\/2023\/05\/60kW-90kW-120kW-150kW-DC-Fast-EV-Charger-3-1-660x660.png 660w, https:\/\/www.iocharger.com\/wp-content\/uploads\/2023\/05\/60kW-90kW-120kW-150kW-DC-Fast-EV-Charger-3-1-300x300.png 300w, https:\/\/www.iocharger.com\/wp-content\/uploads\/2023\/05\/60kW-90kW-120kW-150kW-DC-Fast-EV-Charger-3-1-285x285.png 285w, https:\/\/www.iocharger.com\/wp-content\/uploads\/2023\/05\/60kW-90kW-120kW-150kW-DC-Fast-EV-Charger-3-1-270x270.png 270w, https:\/\/www.iocharger.com\/wp-content\/uploads\/2023\/05\/60kW-90kW-120kW-150kW-DC-Fast-EV-Charger-3-1-540x540.png 540w\" sizes=\"(max-width: 750px) 100vw, 750px\" \/>\t\t\t\t\t\t\t\t\t\t\t\t\t\t\t<\/div>\n\t\t\t\t\t<\/div>\n\t\t<\/div>\n\t\t\t\t\t<\/div>\n\t\t<\/section>\n\t\t\t\t<section class=\"elementor-section elementor-top-section elementor-element elementor-element-f676a35 elementor-section-boxed elementor-section-height-default elementor-section-height-default\" data-id=\"f676a35\" data-element_type=\"section\">\n\t\t\t\t\t\t<div class=\"elementor-container elementor-column-gap-default\">\n\t\t\t\t\t<div class=\"elementor-column elementor-col-50 elementor-top-column elementor-element elementor-element-95c2c8f\" data-id=\"95c2c8f\" data-element_type=\"column\">\n\t\t\t<div class=\"elementor-widget-wrap elementor-element-populated\">\n\t\t\t\t\t\t<div class=\"elementor-element elementor-element-fefd379 elementor-widget elementor-widget-image\" data-id=\"fefd379\" data-element_type=\"widget\" data-widget_type=\"image.default\">\n\t\t\t\t\t\t\t\t\t\t\t\t\t\t\t<img loading=\"lazy\" decoding=\"async\" width=\"750\" height=\"750\" src=\"https:\/\/www.iocharger.com\/wp-content\/uploads\/2023\/05\/DC-Fast-Charger-4-1.png\" class=\"attachment-full size-full wp-image-3274\" alt=\"\" srcset=\"https:\/\/www.iocharger.com\/wp-content\/uploads\/2023\/05\/DC-Fast-Charger-4-1.png 750w, https:\/\/www.iocharger.com\/wp-content\/uploads\/2023\/05\/DC-Fast-Charger-4-1-150x150.png 150w, https:\/\/www.iocharger.com\/wp-content\/uploads\/2023\/05\/DC-Fast-Charger-4-1-660x660.png 660w, https:\/\/www.iocharger.com\/wp-content\/uploads\/2023\/05\/DC-Fast-Charger-4-1-300x300.png 300w, https:\/\/www.iocharger.com\/wp-content\/uploads\/2023\/05\/DC-Fast-Charger-4-1-285x285.png 285w, https:\/\/www.iocharger.com\/wp-content\/uploads\/2023\/05\/DC-Fast-Charger-4-1-270x270.png 270w, https:\/\/www.iocharger.com\/wp-content\/uploads\/2023\/05\/DC-Fast-Charger-4-1-540x540.png 540w\" sizes=\"(max-width: 750px) 100vw, 750px\" \/>\t\t\t\t\t\t\t\t\t\t\t\t\t\t\t<\/div>\n\t\t\t\t\t<\/div>\n\t\t<\/div>\n\t\t\t\t<div class=\"elementor-column elementor-col-50 elementor-top-column elementor-element elementor-element-7c15c6e\" data-id=\"7c15c6e\" data-element_type=\"column\">\n\t\t\t<div class=\"elementor-widget-wrap elementor-element-populated\">\n\t\t\t\t\t\t<div class=\"elementor-element elementor-element-e722b97 elementor-widget elementor-widget-text-editor\" data-id=\"e722b97\" data-element_type=\"widget\" data-widget_type=\"text-editor.default\">\n\t\t\t\t\t\t\t\t\t<p><strong>Harmonijne komercyjne \u0142adowanie pojazd\u00f3w elektrycznych<\/strong><\/p><p>Dzi\u0119ki zaawansowanej technologii zarz\u0105dzania obci\u0105\u017ceniem iocharger, IOCJY2 mo\u017ce inteligentnie dystrybuowa\u0107 moc wyj\u015bciow\u0105, je\u015bli moc stacji jest ograniczona, co u\u0142atwia zarz\u0105dzanie stacj\u0105.<\/p>\t\t\t\t\t\t\t\t<\/div>\n\t\t\t\t\t<\/div>\n\t\t<\/div>\n\t\t\t\t\t<\/div>\n\t\t<\/section>\n\t\t\t\t<\/div>","protected":false},"excerpt":{"rendered":"<div class=\"pro_main_text clearfix\">\n<div class=\"pro_main_text clearfix\">\n<div class=\"pro_main_text clearfix\">\n<div class=\"pro_main_text clearfix\">\n<div class=\"pro_main_text clearfix\">\n<div class=\"pro_main_text clearfix\">\n<p>IOCJY2 zosta\u0142 zaprojektowany do szybkiego i wygodnego \u0142adowania, aby sprosta\u0107 wymaganiom szybkiego \u0142adowania, \u0142atwy w u\u017cyciu dla ka\u017cdego.<\/p>\n<p>Model: IOC060JY2 IOC090JY2 IOC120JY2 IOC150JY2 IOC180JY2<\/p>\n<ul>\n<li>Wej\u015bcie znamionowe: 3-fazowe 400V\u00b115% AC<\/li>\n<li>Maksymalna moc wyj\u015bciowa DC: 60kW\/90kW\/120kW\/150kW\/180kW<\/li>\n<li>Zakres napi\u0119cia wyj\u015bciowego DC: 150-1000 V DC<\/li>\n<li>Wy\u015bwietlacz: 8\u201d Dotykowy ekran LCD TFT<\/li>\n<li>Interfejs sieciowy: Ethernet\/WiFi\/4G \u2013 inteligentne po\u0142\u0105czenie internetowe<\/li>\n<li>OCPP: pe\u0142na obs\u0142uga profili OCPP 1.6J\/ OCPP 2.0.1<\/li>\n<li>ISO15118 Plug&amp;Charge: mo\u017cliwo\u015b\u0107 aktualizacji<\/li>\n<li>Stopie\u0144 ochrony: IP55<\/li>\n<li>Interfejs \u0142adowania: CCS1, CCS2, CHAdeMO i GB\/T<\/li>\n<li>Typ monta\u017cu: Pod\u0142oga<\/li>\n<li>Wymiar: 1816\u00d71007\u00d7640mm<\/li>\n<li style=\"list-style-type: none;\"><\/li>\n<\/ul>\n<\/div>\n<\/div>\n<\/div>\n<\/div>\n<\/div>\n<\/div>","protected":false},"featured_media":8682,"template":"","meta":{"_acf_changed":false},"product_brand":[],"product_cat":[79],"product_tag":[82,83,84],"class_list":{"0":"post-2130","1":"product","2":"type-product","3":"status-publish","4":"has-post-thumbnail","6":"product_cat-dc-fast-charger","7":"product_tag-120kw-public-fast-ev-charger","8":"product_tag-90kw-120kw-dc-fast-charger","9":"product_tag-ocpp-ev-dc-fast-charging-station","11":"first","12":"instock","13":"shipping-taxable","14":"product-type-simple"},"acf":[],"_links":{"self":[{"href":"https:\/\/www.iocharger.com\/pl\/wp-json\/wp\/v2\/product\/2130","targetHints":{"allow":["GET"]}}],"collection":[{"href":"https:\/\/www.iocharger.com\/pl\/wp-json\/wp\/v2\/product"}],"about":[{"href":"https:\/\/www.iocharger.com\/pl\/wp-json\/wp\/v2\/types\/product"}],"version-history":[{"count":0,"href":"https:\/\/www.iocharger.com\/pl\/wp-json\/wp\/v2\/product\/2130\/revisions"}],"wp:featuredmedia":[{"embeddable":true,"href":"https:\/\/www.iocharger.com\/pl\/wp-json\/wp\/v2\/media\/8682"}],"wp:attachment":[{"href":"https:\/\/www.iocharger.com\/pl\/wp-json\/wp\/v2\/media?parent=2130"}],"wp:term":[{"taxonomy":"product_brand","embeddable":true,"href":"https:\/\/www.iocharger.com\/pl\/wp-json\/wp\/v2\/product_brand?post=2130"},{"taxonomy":"product_cat","embeddable":true,"href":"https:\/\/www.iocharger.com\/pl\/wp-json\/wp\/v2\/product_cat?post=2130"},{"taxonomy":"product_tag","embeddable":true,"href":"https:\/\/www.iocharger.com\/pl\/wp-json\/wp\/v2\/product_tag?post=2130"}],"curies":[{"name":"wp","href":"https:\/\/api.w.org\/{rel}","templated":true}]}}