{"id":2104,"date":"2023-05-31T11:02:51","date_gmt":"2023-05-31T11:02:51","guid":{"rendered":"https:\/\/test2.honstyle.com\/?post_type=product&#038;p=2104"},"modified":"2025-12-24T08:59:11","modified_gmt":"2025-12-24T08:59:11","slug":"level-3-ocpp-1-6j-ocpp-2-0-1-30kw-60kw-dc-wallbox","status":"publish","type":"product","link":"https:\/\/www.iocharger.com\/pl\/level-3-ocpp-1-6j-ocpp-2-0-1-30kw-60kw-dc-wallbox\/","title":{"rendered":"ISO15118 Plug&amp;Charge V2G Poziom 3 OCPP 1.6J OCPP 2.0.1 Zgodny 30 kW 60 kW DC Wallbox"},"content":{"rendered":"<div data-elementor-type=\"product-post\" data-elementor-id=\"2104\" class=\"elementor elementor-2104\" data-elementor-post-type=\"product\">\n\t\t\t\t\t\t<section class=\"elementor-section elementor-top-section elementor-element elementor-element-34475fe elementor-section-boxed elementor-section-height-default elementor-section-height-default\" data-id=\"34475fe\" data-element_type=\"section\">\n\t\t\t\t\t\t<div class=\"elementor-container elementor-column-gap-default\">\n\t\t\t\t\t<div class=\"elementor-column elementor-col-50 elementor-top-column elementor-element elementor-element-09e3605\" data-id=\"09e3605\" data-element_type=\"column\">\n\t\t\t<div class=\"elementor-widget-wrap elementor-element-populated\">\n\t\t\t\t\t\t<div class=\"elementor-element elementor-element-3a8bec0 elementor-widget elementor-widget-text-editor\" data-id=\"3a8bec0\" data-element_type=\"widget\" data-widget_type=\"text-editor.default\">\n\t\t\t\t\t\t\t\t\t<p><strong>G\u0142\u00f3wne cechy:<\/strong><\/p><ul><li>Pr\u0119dko\u015b\u0107 \u0142adowania do 60 kW<\/li><li>Z\u0142\u0105cze \u0142adowania CCS 1, CCS 2, CHAdeMO, GB\/T<\/li><li>ISO 15118 Plug &amp; Charge<\/li><li>Obs\u0142uga dw\u00f3ch z\u0142\u0105czy \u0142adowania \u0142aduj\u0105cych jednocze\u015bnie<\/li><li>\u00a0Wydajno\u015b\u0107 energetyczna 95% zapewniaj\u0105ca oszcz\u0119dno\u015b\u0107 koszt\u00f3w eksploatacji<\/li><li>Wbudowany czytnik kart RFID do uwierzytelniania u\u017cytkownik\u00f3w<\/li><li>8-calowy ekran dotykowy LCD i przyjazny dla u\u017cytkownika, \u0142atwy w obs\u0142udze interfejs<\/li><li>Kod PIN (OTP)<\/li><li>Pe\u0142na obs\u0142uga polece\u0144 OCPP 1.6J i OCPP 2.0.1<\/li><\/ul>\t\t\t\t\t\t\t\t<\/div>\n\t\t\t\t\t<\/div>\n\t\t<\/div>\n\t\t\t\t<div class=\"elementor-column elementor-col-50 elementor-top-column elementor-element elementor-element-05fc7de\" data-id=\"05fc7de\" data-element_type=\"column\">\n\t\t\t<div class=\"elementor-widget-wrap elementor-element-populated\">\n\t\t\t\t\t\t<div class=\"elementor-element elementor-element-590de91 elementor-widget elementor-widget-image\" data-id=\"590de91\" data-element_type=\"widget\" data-widget_type=\"image.default\">\n\t\t\t\t\t\t\t\t\t\t\t\t\t\t\t<img fetchpriority=\"high\" decoding=\"async\" width=\"2048\" height=\"2048\" src=\"https:\/\/www.iocharger.com\/wp-content\/uploads\/2023\/05\/IOCHY2-ev-charger-1-1.jpg\" class=\"attachment-full size-full wp-image-5964\" alt=\"\" srcset=\"https:\/\/www.iocharger.com\/wp-content\/uploads\/2023\/05\/IOCHY2-ev-charger-1-1.jpg 2048w, https:\/\/www.iocharger.com\/wp-content\/uploads\/2023\/05\/IOCHY2-ev-charger-1-1-150x150.jpg 150w, https:\/\/www.iocharger.com\/wp-content\/uploads\/2023\/05\/IOCHY2-ev-charger-1-1-660x660.jpg 660w, https:\/\/www.iocharger.com\/wp-content\/uploads\/2023\/05\/IOCHY2-ev-charger-1-1-300x300.jpg 300w, https:\/\/www.iocharger.com\/wp-content\/uploads\/2023\/05\/IOCHY2-ev-charger-1-1-1200x1200.jpg 1200w, https:\/\/www.iocharger.com\/wp-content\/uploads\/2023\/05\/IOCHY2-ev-charger-1-1-768x768.jpg 768w, https:\/\/www.iocharger.com\/wp-content\/uploads\/2023\/05\/IOCHY2-ev-charger-1-1-1536x1536.jpg 1536w, https:\/\/www.iocharger.com\/wp-content\/uploads\/2023\/05\/IOCHY2-ev-charger-1-1-285x285.jpg 285w, https:\/\/www.iocharger.com\/wp-content\/uploads\/2023\/05\/IOCHY2-ev-charger-1-1-1600x1600.jpg 1600w, https:\/\/www.iocharger.com\/wp-content\/uploads\/2023\/05\/IOCHY2-ev-charger-1-1-270x270.jpg 270w, https:\/\/www.iocharger.com\/wp-content\/uploads\/2023\/05\/IOCHY2-ev-charger-1-1-540x540.jpg 540w\" sizes=\"(max-width: 2048px) 100vw, 2048px\" \/>\t\t\t\t\t\t\t\t\t\t\t\t\t\t\t<\/div>\n\t\t\t\t\t<\/div>\n\t\t<\/div>\n\t\t\t\t\t<\/div>\n\t\t<\/section>\n\t\t\t\t<section class=\"elementor-section elementor-top-section elementor-element elementor-element-e85439f elementor-section-boxed elementor-section-height-default elementor-section-height-default\" data-id=\"e85439f\" data-element_type=\"section\">\n\t\t\t\t\t\t<div class=\"elementor-container elementor-column-gap-default\">\n\t\t\t\t\t<div class=\"elementor-column elementor-col-50 elementor-top-column elementor-element elementor-element-ec719e4\" data-id=\"ec719e4\" data-element_type=\"column\">\n\t\t\t<div class=\"elementor-widget-wrap elementor-element-populated\">\n\t\t\t\t\t\t<div class=\"elementor-element elementor-element-24c3f7e elementor-widget elementor-widget-image\" data-id=\"24c3f7e\" data-element_type=\"widget\" data-widget_type=\"image.default\">\n\t\t\t\t\t\t\t\t\t\t\t\t\t\t\t<img decoding=\"async\" width=\"2048\" height=\"2048\" src=\"https:\/\/www.iocharger.com\/wp-content\/uploads\/2023\/05\/IOCHY2-ev-charger-2-1.jpg\" class=\"attachment-full size-full wp-image-5965\" alt=\"\u0141adowarka samochodowa DC o mocy 30 kW IOCHY2\" srcset=\"https:\/\/www.iocharger.com\/wp-content\/uploads\/2023\/05\/IOCHY2-ev-charger-2-1.jpg 2048w, https:\/\/www.iocharger.com\/wp-content\/uploads\/2023\/05\/IOCHY2-ev-charger-2-1-150x150.jpg 150w, https:\/\/www.iocharger.com\/wp-content\/uploads\/2023\/05\/IOCHY2-ev-charger-2-1-660x660.jpg 660w, https:\/\/www.iocharger.com\/wp-content\/uploads\/2023\/05\/IOCHY2-ev-charger-2-1-300x300.jpg 300w, https:\/\/www.iocharger.com\/wp-content\/uploads\/2023\/05\/IOCHY2-ev-charger-2-1-1200x1200.jpg 1200w, https:\/\/www.iocharger.com\/wp-content\/uploads\/2023\/05\/IOCHY2-ev-charger-2-1-768x768.jpg 768w, https:\/\/www.iocharger.com\/wp-content\/uploads\/2023\/05\/IOCHY2-ev-charger-2-1-1536x1536.jpg 1536w, https:\/\/www.iocharger.com\/wp-content\/uploads\/2023\/05\/IOCHY2-ev-charger-2-1-285x285.jpg 285w, https:\/\/www.iocharger.com\/wp-content\/uploads\/2023\/05\/IOCHY2-ev-charger-2-1-1600x1600.jpg 1600w, https:\/\/www.iocharger.com\/wp-content\/uploads\/2023\/05\/IOCHY2-ev-charger-2-1-270x270.jpg 270w, https:\/\/www.iocharger.com\/wp-content\/uploads\/2023\/05\/IOCHY2-ev-charger-2-1-540x540.jpg 540w\" sizes=\"(max-width: 2048px) 100vw, 2048px\" \/>\t\t\t\t\t\t\t\t\t\t\t\t\t\t\t<\/div>\n\t\t\t\t\t<\/div>\n\t\t<\/div>\n\t\t\t\t<div class=\"elementor-column elementor-col-50 elementor-top-column elementor-element elementor-element-45f5791\" data-id=\"45f5791\" data-element_type=\"column\">\n\t\t\t<div class=\"elementor-widget-wrap elementor-element-populated\">\n\t\t\t\t\t\t<div class=\"elementor-element elementor-element-b0f34e3 elementor-widget elementor-widget-text-editor\" data-id=\"b0f34e3\" data-element_type=\"widget\" data-widget_type=\"text-editor.default\">\n\t\t\t\t\t\t\t\t\t<div class=\"text-detail\"><p><strong>Szybkie \u0142adowanie i wysoka wydajno\u015b\u0107<\/strong><\/p><p>IOCHY2 umo\u017cliwia \u0142adowanie z maksymaln\u0105 moc\u0105 60 kW, co zapewnia d\u0142ugi przebieg przy kr\u00f3tkim czasie \u0142adowania. Wydajno\u015b\u0107 \u0142adowania wy\u017csza ni\u017c w przypadku 95% i niskie zu\u017cycie energii w trybie gotowo\u015bci umo\u017cliwiaj\u0105 oszcz\u0119dno\u015b\u0107 koszt\u00f3w.<\/p><\/div>\t\t\t\t\t\t\t\t<\/div>\n\t\t\t\t\t<\/div>\n\t\t<\/div>\n\t\t\t\t\t<\/div>\n\t\t<\/section>\n\t\t\t\t<section class=\"elementor-section elementor-top-section elementor-element elementor-element-0172ff0 elementor-section-boxed elementor-section-height-default elementor-section-height-default\" data-id=\"0172ff0\" data-element_type=\"section\">\n\t\t\t\t\t\t<div class=\"elementor-container elementor-column-gap-default\">\n\t\t\t\t\t<div class=\"elementor-column elementor-col-50 elementor-top-column elementor-element elementor-element-787e6cf\" data-id=\"787e6cf\" data-element_type=\"column\">\n\t\t\t<div class=\"elementor-widget-wrap elementor-element-populated\">\n\t\t\t\t\t\t<div class=\"elementor-element elementor-element-2f96cea elementor-widget elementor-widget-text-editor\" data-id=\"2f96cea\" data-element_type=\"widget\" data-widget_type=\"text-editor.default\">\n\t\t\t\t\t\t\t\t\t<p><strong>Mo\u017cliwo\u015b\u0107 zastosowania w wielu r\u00f3\u017cnych przypadkach<\/strong><\/p><p>Dzi\u0119ki ultrakompaktowej konstrukcji jest bezpieczny i niezawodny w budynkach mieszkalnych, biurach, publicznych obiektach komercyjnych, takich jak centra handlowe, hotele, parkingi, floty itp.<\/p><p><strong>\u0141atwy w u\u017cyciu<\/strong><\/p><p>IOCHY2 umo\u017cliwia bezpieczne uwierzytelnianie i bezpieczne p\u0142atno\u015bci za po\u015brednictwem RFID i aplikacji mobilnych. Obs\u0142ugiwany w wielu j\u0119zykach 8-calowy ekran dotykowy sprawia, \u017ce operacja \u0142adowania jest \u0142atwa i zrozumia\u0142a dla wszystkich u\u017cytkownik\u00f3w.<\/p>\t\t\t\t\t\t\t\t<\/div>\n\t\t\t\t\t<\/div>\n\t\t<\/div>\n\t\t\t\t<div class=\"elementor-column elementor-col-50 elementor-top-column elementor-element elementor-element-d5a2272\" data-id=\"d5a2272\" data-element_type=\"column\">\n\t\t\t<div class=\"elementor-widget-wrap elementor-element-populated\">\n\t\t\t\t\t\t<div class=\"elementor-element elementor-element-016a5a0 elementor-widget elementor-widget-image\" data-id=\"016a5a0\" data-element_type=\"widget\" data-widget_type=\"image.default\">\n\t\t\t\t\t\t\t\t\t\t\t\t\t\t\t<img decoding=\"async\" width=\"1000\" height=\"1000\" src=\"https:\/\/www.iocharger.com\/wp-content\/uploads\/2023\/05\/IOCHY2-1.jpg\" class=\"attachment-full size-full wp-image-6081\" alt=\"\" srcset=\"https:\/\/www.iocharger.com\/wp-content\/uploads\/2023\/05\/IOCHY2-1.jpg 1000w, https:\/\/www.iocharger.com\/wp-content\/uploads\/2023\/05\/IOCHY2-1-150x150.jpg 150w, https:\/\/www.iocharger.com\/wp-content\/uploads\/2023\/05\/IOCHY2-1-660x660.jpg 660w, https:\/\/www.iocharger.com\/wp-content\/uploads\/2023\/05\/IOCHY2-1-300x300.jpg 300w, https:\/\/www.iocharger.com\/wp-content\/uploads\/2023\/05\/IOCHY2-1-768x768.jpg 768w, https:\/\/www.iocharger.com\/wp-content\/uploads\/2023\/05\/IOCHY2-1-285x285.jpg 285w, https:\/\/www.iocharger.com\/wp-content\/uploads\/2023\/05\/IOCHY2-1-270x270.jpg 270w, https:\/\/www.iocharger.com\/wp-content\/uploads\/2023\/05\/IOCHY2-1-540x540.jpg 540w\" sizes=\"(max-width: 1000px) 100vw, 1000px\" \/>\t\t\t\t\t\t\t\t\t\t\t\t\t\t\t<\/div>\n\t\t\t\t\t<\/div>\n\t\t<\/div>\n\t\t\t\t\t<\/div>\n\t\t<\/section>\n\t\t\t\t<section class=\"elementor-section elementor-top-section elementor-element elementor-element-b7d9a83 elementor-section-boxed elementor-section-height-default elementor-section-height-default\" data-id=\"b7d9a83\" data-element_type=\"section\">\n\t\t\t\t\t\t<div class=\"elementor-container elementor-column-gap-default\">\n\t\t\t\t\t<div class=\"elementor-column elementor-col-50 elementor-top-column elementor-element elementor-element-fdf59cc\" data-id=\"fdf59cc\" data-element_type=\"column\">\n\t\t\t<div class=\"elementor-widget-wrap elementor-element-populated\">\n\t\t\t\t\t\t<div class=\"elementor-element elementor-element-2daf3e3 elementor-widget elementor-widget-image\" data-id=\"2daf3e3\" data-element_type=\"widget\" data-widget_type=\"image.default\">\n\t\t\t\t\t\t\t\t\t\t\t\t\t\t\t<img loading=\"lazy\" decoding=\"async\" width=\"750\" height=\"750\" src=\"https:\/\/www.iocharger.com\/wp-content\/uploads\/2023\/05\/60kW-90kW-120kW-150kW-DC-Fast-EV-Charger-3-1.png\" class=\"attachment-full size-full wp-image-3281\" alt=\"\" srcset=\"https:\/\/www.iocharger.com\/wp-content\/uploads\/2023\/05\/60kW-90kW-120kW-150kW-DC-Fast-EV-Charger-3-1.png 750w, https:\/\/www.iocharger.com\/wp-content\/uploads\/2023\/05\/60kW-90kW-120kW-150kW-DC-Fast-EV-Charger-3-1-150x150.png 150w, https:\/\/www.iocharger.com\/wp-content\/uploads\/2023\/05\/60kW-90kW-120kW-150kW-DC-Fast-EV-Charger-3-1-660x660.png 660w, https:\/\/www.iocharger.com\/wp-content\/uploads\/2023\/05\/60kW-90kW-120kW-150kW-DC-Fast-EV-Charger-3-1-300x300.png 300w, https:\/\/www.iocharger.com\/wp-content\/uploads\/2023\/05\/60kW-90kW-120kW-150kW-DC-Fast-EV-Charger-3-1-285x285.png 285w, https:\/\/www.iocharger.com\/wp-content\/uploads\/2023\/05\/60kW-90kW-120kW-150kW-DC-Fast-EV-Charger-3-1-270x270.png 270w, https:\/\/www.iocharger.com\/wp-content\/uploads\/2023\/05\/60kW-90kW-120kW-150kW-DC-Fast-EV-Charger-3-1-540x540.png 540w\" sizes=\"(max-width: 750px) 100vw, 750px\" \/>\t\t\t\t\t\t\t\t\t\t\t\t\t\t\t<\/div>\n\t\t\t\t\t<\/div>\n\t\t<\/div>\n\t\t\t\t<div class=\"elementor-column elementor-col-50 elementor-top-column elementor-element elementor-element-9abb748\" data-id=\"9abb748\" data-element_type=\"column\">\n\t\t\t<div class=\"elementor-widget-wrap elementor-element-populated\">\n\t\t\t\t\t\t<div class=\"elementor-element elementor-element-9f6a1bc elementor-widget elementor-widget-text-editor\" data-id=\"9f6a1bc\" data-element_type=\"widget\" data-widget_type=\"text-editor.default\">\n\t\t\t\t\t\t\t\t\t<p><strong>Obs\u0142uga inteligentnego \u0142adowania<\/strong><\/p><p>Inteligentne \u0142adowanie za pomoc\u0105 najnowszego OCPP. Funkcja dynamicznego zarz\u0105dzania obci\u0105\u017ceniem sprawia, \u017ce jest on gotowy do integracji z zaawansowanym inteligentnym budynkiem energetycznym lub gdy \u017ar\u00f3d\u0142o zasilania jest ograniczone.<\/p>\t\t\t\t\t\t\t\t<\/div>\n\t\t\t\t\t<\/div>\n\t\t<\/div>\n\t\t\t\t\t<\/div>\n\t\t<\/section>\n\t\t\t\t<\/div>","protected":false},"excerpt":{"rendered":"<div class=\"pro_main_text clearfix\">\n<div class=\"pro_main_text clearfix\">\n<div class=\"pro_main_text clearfix\">\n<div class=\"pro_main_text clearfix\">\n<div class=\"pro_main_text clearfix\">\n<div class=\"pro_main_text clearfix\">\n<p class=\"\">IOCHY2 to kompaktowa stacja \u0142adowania DC, kt\u00f3r\u0105 mo\u017cna opcjonalnie zamontowa\u0107 na \u015bcianie lub na pod\u0142odze, \u0142atwa w u\u017cyciu dla ka\u017cdego.<\/p>\n<\/div>\n<ul class=\"clearfix\">\n<li>Wej\u015bcie znamionowe: 3-fazowe 400V\u00b115% AC<\/li>\n<li>Maksymalna moc wyj\u015bciowa DC: 30kW\/ 60kW<\/li>\n<li>Zakres napi\u0119cia wyj\u015bciowego DC: 150V-1000V DC<\/li>\n<li>Wy\u015bwietlacz: 8\u201d Dotykowy ekran LCD TFT<\/li>\n<li>Interfejs sieciowy: Ethernet \/ inteligentne po\u0142\u0105czenie internetowe 4G<\/li>\n<li>OCPP: pe\u0142na obs\u0142uga profili OCPP 1.6J\/ OCPP 2.0.1<\/li>\n<li>ISO15118 Plug&amp;Charge: mo\u017cliwo\u015b\u0107 aktualizacji<\/li>\n<li>Stopie\u0144 ochrony: IP54<\/li>\n<li>Interfejs \u0142adowania: 1 CCS\/ 1 CHAdeMO\/ 2 CCS\/ 2 CHAdeMO\/1 CCS +1 CHAdeMO<\/li>\n<li>Typ monta\u017cu: na \u015bcianie lub pod\u0142odze (podstawa dostarczana oddzielnie)<\/li>\n<li>Wymiar: 355\u00d7690\u00d7770mm<\/li>\n<\/ul>\n<\/div>\n<\/div>\n<\/div>\n<\/div>\n<\/div>","protected":false},"featured_media":8701,"template":"","meta":{"_acf_changed":false},"product_brand":[],"product_cat":[79],"product_tag":[78,80,81],"class_list":{"0":"post-2104","1":"product","2":"type-product","3":"status-publish","4":"has-post-thumbnail","6":"product_cat-dc-fast-charger","7":"product_tag-30kw-60kw-dc-wallbox-level-3","8":"product_tag-mode-4-ocpp-2-0-1-dc-fast-charging-station","9":"product_tag-ocpp-1-6j-dc-charger","11":"first","12":"instock","13":"shipping-taxable","14":"product-type-simple"},"acf":[],"_links":{"self":[{"href":"https:\/\/www.iocharger.com\/pl\/wp-json\/wp\/v2\/product\/2104","targetHints":{"allow":["GET"]}}],"collection":[{"href":"https:\/\/www.iocharger.com\/pl\/wp-json\/wp\/v2\/product"}],"about":[{"href":"https:\/\/www.iocharger.com\/pl\/wp-json\/wp\/v2\/types\/product"}],"version-history":[{"count":0,"href":"https:\/\/www.iocharger.com\/pl\/wp-json\/wp\/v2\/product\/2104\/revisions"}],"wp:featuredmedia":[{"embeddable":true,"href":"https:\/\/www.iocharger.com\/pl\/wp-json\/wp\/v2\/media\/8701"}],"wp:attachment":[{"href":"https:\/\/www.iocharger.com\/pl\/wp-json\/wp\/v2\/media?parent=2104"}],"wp:term":[{"taxonomy":"product_brand","embeddable":true,"href":"https:\/\/www.iocharger.com\/pl\/wp-json\/wp\/v2\/product_brand?post=2104"},{"taxonomy":"product_cat","embeddable":true,"href":"https:\/\/www.iocharger.com\/pl\/wp-json\/wp\/v2\/product_cat?post=2104"},{"taxonomy":"product_tag","embeddable":true,"href":"https:\/\/www.iocharger.com\/pl\/wp-json\/wp\/v2\/product_tag?post=2104"}],"curies":[{"name":"wp","href":"https:\/\/api.w.org\/{rel}","templated":true}]}}