{"id":2094,"date":"2023-05-31T10:58:14","date_gmt":"2023-05-31T10:58:14","guid":{"rendered":"https:\/\/test2.honstyle.com\/?post_type=product&#038;p=2094"},"modified":"2026-04-30T10:37:41","modified_gmt":"2026-04-30T10:37:41","slug":"ocpp-public-ev-charger-support-credit-card-payment-with-pos-terminal","status":"publish","type":"product","link":"https:\/\/www.iocharger.com\/pl\/ocpp-public-ev-charger-support-credit-card-payment-with-pos-terminal\/","title":{"rendered":"Publiczna \u0142adowarka EV zgodna z OCPP 2.0.1 Plug&amp;Charge obs\u0142uguj\u0105ca p\u0142atno\u015bci kart\u0105 kredytow\u0105 za pomoc\u0105 terminala POS"},"content":{"rendered":"<div data-elementor-type=\"product-post\" data-elementor-id=\"2094\" class=\"elementor elementor-2094\" data-elementor-post-type=\"product\">\n\t\t\t\t\t\t<section class=\"elementor-section elementor-top-section elementor-element elementor-element-00e90a8 elementor-section-boxed elementor-section-height-default elementor-section-height-default\" data-id=\"00e90a8\" data-element_type=\"section\" data-e-type=\"section\">\n\t\t\t\t\t\t<div class=\"elementor-container elementor-column-gap-default\">\n\t\t\t\t\t<div class=\"elementor-column elementor-col-100 elementor-top-column elementor-element elementor-element-b7cfd57\" data-id=\"b7cfd57\" data-element_type=\"column\" data-e-type=\"column\">\n\t\t\t<div class=\"elementor-widget-wrap elementor-element-populated\">\n\t\t\t\t\t\t<div class=\"elementor-element elementor-element-c2e8bae elementor-widget elementor-widget-text-editor\" data-id=\"c2e8bae\" data-element_type=\"widget\" data-e-type=\"widget\" data-widget_type=\"text-editor.default\">\n\t\t\t\t\t\t\t\t\t<p>IOCAP26 is especially designed for commercial charging purposes. This EV charger supports credit card payment and can monetize your public charging station easily. \u00a0High water and dust resistant with IP55 and IK10 protection rating make it perfect for outdoor charging locations like Gas stations, Parking lots, Street corners, etc.<\/p>\t\t\t\t\t\t\t\t<\/div>\n\t\t\t\t\t<\/div>\n\t\t<\/div>\n\t\t\t\t\t<\/div>\n\t\t<\/section>\n\t\t\t\t<section class=\"elementor-section elementor-top-section elementor-element elementor-element-1cfd539 elementor-section-boxed elementor-section-height-default elementor-section-height-default\" data-id=\"1cfd539\" data-element_type=\"section\" data-e-type=\"section\">\n\t\t\t\t\t\t<div class=\"elementor-container elementor-column-gap-default\">\n\t\t\t\t\t<div class=\"elementor-column elementor-col-50 elementor-top-column elementor-element elementor-element-20c5297\" data-id=\"20c5297\" data-element_type=\"column\" data-e-type=\"column\">\n\t\t\t<div class=\"elementor-widget-wrap elementor-element-populated\">\n\t\t\t\t\t\t<div class=\"elementor-element elementor-element-9a50614 elementor-widget elementor-widget-text-editor\" data-id=\"9a50614\" data-element_type=\"widget\" data-e-type=\"widget\" data-widget_type=\"text-editor.default\">\n\t\t\t\t\t\t\t\t\t<p><strong>G\u0142\u00f3wne cechy:<\/strong><\/p><ul><li>Elastyczna konfiguracja pr\u0105du\/mocy wyj\u015bciowej<\/li><li>Podw\u00f3jne niezale\u017cne sterowanie zasilaniem za pomoc\u0105 z\u0142\u0105czy<\/li><li>2x RCCB typu B<\/li><li>2x miernik MID wewn\u0105trz<\/li><li>Inteligentna \u0142\u0105czno\u015b\u0107 sieciowa Ethernet, Wi-Fi, Celluar<\/li><li>Uwierzytelnianie u\u017cytkownika za pomoc\u0105 RFID lub aplikacji mobilnej<\/li><li>Przyjazny dla u\u017cytkownika portal internetowy do konfiguracji \u0142adowarki<\/li><li>Obs\u0142uga dynamicznego zarz\u0105dzania obci\u0105\u017ceniem do 252 szt.<\/li><li>Wsparcie instalacji terminali POS<\/li><li>Oddzielne okno odczytu licznika MID<\/li><li>Oddychaj\u0105ce \u015bwiat\u0142o, po\u0142\u0105czenie kaskadowe do udost\u0119pniania Internetu<\/li><\/ul>\t\t\t\t\t\t\t\t<\/div>\n\t\t\t\t\t<\/div>\n\t\t<\/div>\n\t\t\t\t<div class=\"elementor-column elementor-col-50 elementor-top-column elementor-element elementor-element-7450399\" data-id=\"7450399\" data-element_type=\"column\" data-e-type=\"column\">\n\t\t\t<div class=\"elementor-widget-wrap elementor-element-populated\">\n\t\t\t\t\t\t<div class=\"elementor-element elementor-element-a02cf29 elementor-widget__width-initial elementor-widget elementor-widget-image\" data-id=\"a02cf29\" data-element_type=\"widget\" data-e-type=\"widget\" data-widget_type=\"image.default\">\n\t\t\t\t\t\t\t\t\t\t\t\t\t\t\t<img fetchpriority=\"high\" decoding=\"async\" width=\"1000\" height=\"1000\" src=\"https:\/\/www.iocharger.com\/wp-content\/uploads\/2023\/05\/iocharger-dual-ev-charger-3-1.png\" class=\"attachment-full size-full wp-image-5367\" alt=\"\" srcset=\"https:\/\/www.iocharger.com\/wp-content\/uploads\/2023\/05\/iocharger-dual-ev-charger-3-1.png 1000w, https:\/\/www.iocharger.com\/wp-content\/uploads\/2023\/05\/iocharger-dual-ev-charger-3-1-150x150.png 150w, https:\/\/www.iocharger.com\/wp-content\/uploads\/2023\/05\/iocharger-dual-ev-charger-3-1-660x660.png 660w, https:\/\/www.iocharger.com\/wp-content\/uploads\/2023\/05\/iocharger-dual-ev-charger-3-1-300x300.png 300w, https:\/\/www.iocharger.com\/wp-content\/uploads\/2023\/05\/iocharger-dual-ev-charger-3-1-768x768.png 768w, https:\/\/www.iocharger.com\/wp-content\/uploads\/2023\/05\/iocharger-dual-ev-charger-3-1-285x285.png 285w, https:\/\/www.iocharger.com\/wp-content\/uploads\/2023\/05\/iocharger-dual-ev-charger-3-1-270x270.png 270w, https:\/\/www.iocharger.com\/wp-content\/uploads\/2023\/05\/iocharger-dual-ev-charger-3-1-540x540.png 540w\" sizes=\"(max-width: 1000px) 100vw, 1000px\" \/>\t\t\t\t\t\t\t\t\t\t\t\t\t\t\t<\/div>\n\t\t\t\t\t<\/div>\n\t\t<\/div>\n\t\t\t\t\t<\/div>\n\t\t<\/section>\n\t\t\t\t<section class=\"elementor-section elementor-top-section elementor-element elementor-element-353d4e0 elementor-section-boxed elementor-section-height-default elementor-section-height-default\" data-id=\"353d4e0\" data-element_type=\"section\" data-e-type=\"section\">\n\t\t\t\t\t\t<div class=\"elementor-container elementor-column-gap-default\">\n\t\t\t\t\t<div class=\"elementor-column elementor-col-50 elementor-top-column elementor-element elementor-element-54ea811\" data-id=\"54ea811\" data-element_type=\"column\" data-e-type=\"column\">\n\t\t\t<div class=\"elementor-widget-wrap elementor-element-populated\">\n\t\t\t\t\t\t<div class=\"elementor-element elementor-element-ddbe937 elementor-widget elementor-widget-image\" data-id=\"ddbe937\" data-element_type=\"widget\" data-e-type=\"widget\" data-widget_type=\"image.default\">\n\t\t\t\t\t\t\t\t\t\t\t\t\t\t\t<img decoding=\"async\" width=\"1000\" height=\"1000\" src=\"https:\/\/www.iocharger.com\/wp-content\/uploads\/2023\/05\/22kw-ev-charger-with-pos-terminal-1.jpg\" class=\"attachment-full size-full wp-image-6384\" alt=\"\u0141adowarka ev 22kw z terminalem pos\" srcset=\"https:\/\/www.iocharger.com\/wp-content\/uploads\/2023\/05\/22kw-ev-charger-with-pos-terminal-1.jpg 1000w, https:\/\/www.iocharger.com\/wp-content\/uploads\/2023\/05\/22kw-ev-charger-with-pos-terminal-1-150x150.jpg 150w, https:\/\/www.iocharger.com\/wp-content\/uploads\/2023\/05\/22kw-ev-charger-with-pos-terminal-1-660x660.jpg 660w, https:\/\/www.iocharger.com\/wp-content\/uploads\/2023\/05\/22kw-ev-charger-with-pos-terminal-1-300x300.jpg 300w, https:\/\/www.iocharger.com\/wp-content\/uploads\/2023\/05\/22kw-ev-charger-with-pos-terminal-1-768x768.jpg 768w, https:\/\/www.iocharger.com\/wp-content\/uploads\/2023\/05\/22kw-ev-charger-with-pos-terminal-1-285x285.jpg 285w, https:\/\/www.iocharger.com\/wp-content\/uploads\/2023\/05\/22kw-ev-charger-with-pos-terminal-1-270x270.jpg 270w, https:\/\/www.iocharger.com\/wp-content\/uploads\/2023\/05\/22kw-ev-charger-with-pos-terminal-1-540x540.jpg 540w\" sizes=\"(max-width: 1000px) 100vw, 1000px\" \/>\t\t\t\t\t\t\t\t\t\t\t\t\t\t\t<\/div>\n\t\t\t\t\t<\/div>\n\t\t<\/div>\n\t\t\t\t<div class=\"elementor-column elementor-col-50 elementor-top-column elementor-element elementor-element-90eca43\" data-id=\"90eca43\" data-element_type=\"column\" data-e-type=\"column\">\n\t\t\t<div class=\"elementor-widget-wrap elementor-element-populated\">\n\t\t\t\t\t\t<div class=\"elementor-element elementor-element-13a2eab elementor-widget elementor-widget-text-editor\" data-id=\"13a2eab\" data-element_type=\"widget\" data-e-type=\"widget\" data-widget_type=\"text-editor.default\">\n\t\t\t\t\t\t\t\t\t<p><strong>Integrate POS Terminal Payment<\/strong><\/p><p>IOCAP26 has integrated our latest POS terminal payment technology to maximize the user charging experience in public, workplace, commercial parking, gas stations, etc. We provide a complete payment solution which includes:<\/p><ul><li>\u00a0Terminal POS na \u0142adowarce AC&amp;DC lub oddzielna instalacja<\/li><li>\u00a0Lokalne p\u0142atno\u015bci offline POS<\/li><li>Integracja p\u0142atno\u015bci online POS z backendem OCPP<\/li><li>Pojedynczy terminal POS obs\u0142uguj\u0105cy wiele po\u0142\u0105cze\u0144 \u0142adowarki EV<\/li><li>Nayax, terminal Payter<\/li><\/ul><p>Jest to doskona\u0142e i kompletne rozwi\u0105zanie dla Twojej firmy, zapewniaj\u0105ce \u0142atw\u0105 obs\u0142ug\u0119, monitorowanie, zarz\u0105dzanie i akceptacj\u0119 p\u0142atno\u015bci bezgot\u00f3wkowych.<\/p>\t\t\t\t\t\t\t\t<\/div>\n\t\t\t\t\t<\/div>\n\t\t<\/div>\n\t\t\t\t\t<\/div>\n\t\t<\/section>\n\t\t\t\t<section class=\"elementor-section elementor-top-section elementor-element elementor-element-68cc48d elementor-section-boxed elementor-section-height-default elementor-section-height-default\" data-id=\"68cc48d\" data-element_type=\"section\" data-e-type=\"section\">\n\t\t\t\t\t\t<div class=\"elementor-container elementor-column-gap-default\">\n\t\t\t\t\t<div class=\"elementor-column elementor-col-50 elementor-top-column elementor-element elementor-element-315ab35\" data-id=\"315ab35\" data-element_type=\"column\" data-e-type=\"column\">\n\t\t\t<div class=\"elementor-widget-wrap elementor-element-populated\">\n\t\t\t\t\t\t<div class=\"elementor-element elementor-element-a1006df elementor-widget elementor-widget-text-editor\" data-id=\"a1006df\" data-element_type=\"widget\" data-e-type=\"widget\" data-widget_type=\"text-editor.default\">\n\t\t\t\t\t\t\t\t\t<p><strong>Charge Two Cars Simultaneously<\/strong><\/p><p>Two charging connectors allow the IOCAP26 to charge 2 cars simultaneously. Independent power input design makes each Type-2 socket work separately without interfering, and each Type-2 socket can output\u00a0 maximum 22kW power at the same time for quick charging.<\/p>\t\t\t\t\t\t\t\t<\/div>\n\t\t\t\t\t<\/div>\n\t\t<\/div>\n\t\t\t\t<div class=\"elementor-column elementor-col-50 elementor-top-column elementor-element elementor-element-0621132\" data-id=\"0621132\" data-element_type=\"column\" data-e-type=\"column\">\n\t\t\t<div class=\"elementor-widget-wrap elementor-element-populated\">\n\t\t\t\t\t\t<div class=\"elementor-element elementor-element-3266632 elementor-widget elementor-widget-image\" data-id=\"3266632\" data-element_type=\"widget\" data-e-type=\"widget\" data-widget_type=\"image.default\">\n\t\t\t\t\t\t\t\t\t\t\t\t\t\t\t<img decoding=\"async\" width=\"1000\" height=\"1000\" src=\"https:\/\/www.iocharger.com\/wp-content\/uploads\/2023\/05\/ev-charger-with-pos-payment-3-1.png\" class=\"attachment-full size-full wp-image-5242\" alt=\"\" srcset=\"https:\/\/www.iocharger.com\/wp-content\/uploads\/2023\/05\/ev-charger-with-pos-payment-3-1.png 1000w, https:\/\/www.iocharger.com\/wp-content\/uploads\/2023\/05\/ev-charger-with-pos-payment-3-1-150x150.png 150w, https:\/\/www.iocharger.com\/wp-content\/uploads\/2023\/05\/ev-charger-with-pos-payment-3-1-660x660.png 660w, https:\/\/www.iocharger.com\/wp-content\/uploads\/2023\/05\/ev-charger-with-pos-payment-3-1-300x300.png 300w, https:\/\/www.iocharger.com\/wp-content\/uploads\/2023\/05\/ev-charger-with-pos-payment-3-1-768x768.png 768w, https:\/\/www.iocharger.com\/wp-content\/uploads\/2023\/05\/ev-charger-with-pos-payment-3-1-285x285.png 285w, https:\/\/www.iocharger.com\/wp-content\/uploads\/2023\/05\/ev-charger-with-pos-payment-3-1-270x270.png 270w, https:\/\/www.iocharger.com\/wp-content\/uploads\/2023\/05\/ev-charger-with-pos-payment-3-1-540x540.png 540w\" sizes=\"(max-width: 1000px) 100vw, 1000px\" \/>\t\t\t\t\t\t\t\t\t\t\t\t\t\t\t<\/div>\n\t\t\t\t\t<\/div>\n\t\t<\/div>\n\t\t\t\t\t<\/div>\n\t\t<\/section>\n\t\t\t\t<section class=\"elementor-section elementor-top-section elementor-element elementor-element-9c3d70e elementor-section-boxed elementor-section-height-default elementor-section-height-default\" data-id=\"9c3d70e\" data-element_type=\"section\" data-e-type=\"section\">\n\t\t\t\t\t\t<div class=\"elementor-container elementor-column-gap-default\">\n\t\t\t\t\t<div class=\"elementor-column elementor-col-50 elementor-top-column elementor-element elementor-element-4634541\" data-id=\"4634541\" data-element_type=\"column\" data-e-type=\"column\">\n\t\t\t<div class=\"elementor-widget-wrap elementor-element-populated\">\n\t\t\t\t\t\t<div class=\"elementor-element elementor-element-2a23fde elementor-widget elementor-widget-image\" data-id=\"2a23fde\" data-element_type=\"widget\" data-e-type=\"widget\" data-widget_type=\"image.default\">\n\t\t\t\t\t\t\t\t\t\t\t\t\t\t\t<img loading=\"lazy\" decoding=\"async\" width=\"1000\" height=\"1000\" src=\"https:\/\/www.iocharger.com\/wp-content\/uploads\/2023\/05\/ev-charger-with-pos-payment-4-1-1.png\" class=\"attachment-full size-full wp-image-5671\" alt=\"\" srcset=\"https:\/\/www.iocharger.com\/wp-content\/uploads\/2023\/05\/ev-charger-with-pos-payment-4-1-1.png 1000w, https:\/\/www.iocharger.com\/wp-content\/uploads\/2023\/05\/ev-charger-with-pos-payment-4-1-1-150x150.png 150w, https:\/\/www.iocharger.com\/wp-content\/uploads\/2023\/05\/ev-charger-with-pos-payment-4-1-1-660x660.png 660w, https:\/\/www.iocharger.com\/wp-content\/uploads\/2023\/05\/ev-charger-with-pos-payment-4-1-1-300x300.png 300w, https:\/\/www.iocharger.com\/wp-content\/uploads\/2023\/05\/ev-charger-with-pos-payment-4-1-1-768x768.png 768w, https:\/\/www.iocharger.com\/wp-content\/uploads\/2023\/05\/ev-charger-with-pos-payment-4-1-1-285x285.png 285w, https:\/\/www.iocharger.com\/wp-content\/uploads\/2023\/05\/ev-charger-with-pos-payment-4-1-1-270x270.png 270w, https:\/\/www.iocharger.com\/wp-content\/uploads\/2023\/05\/ev-charger-with-pos-payment-4-1-1-540x540.png 540w\" sizes=\"(max-width: 1000px) 100vw, 1000px\" \/>\t\t\t\t\t\t\t\t\t\t\t\t\t\t\t<\/div>\n\t\t\t\t\t<\/div>\n\t\t<\/div>\n\t\t\t\t<div class=\"elementor-column elementor-col-50 elementor-top-column elementor-element elementor-element-913c83f\" data-id=\"913c83f\" data-element_type=\"column\" data-e-type=\"column\">\n\t\t\t<div class=\"elementor-widget-wrap elementor-element-populated\">\n\t\t\t\t\t\t<div class=\"elementor-element elementor-element-66b877b elementor-widget elementor-widget-text-editor\" data-id=\"66b877b\" data-element_type=\"widget\" data-e-type=\"widget\" data-widget_type=\"text-editor.default\">\n\t\t\t\t\t\t\t\t\t<p><strong>Pe\u0142na zgodno\u015b\u0107 z OCPP<\/strong><\/p><p>Jako cz\u0142onek OCA(OCPP) i OCPI, nasze \u0142adowarki EV s\u0105 zawsze na bie\u017c\u0105co z najnowszym protoko\u0142em OCPP. OCPP 1.6J, OCPP 2.0.1 s\u0105 teraz w pe\u0142ni zgodne, dzi\u0119ki czemu nasze \u0142adowarki mog\u0105 harmonijnie wsp\u00f3\u0142pracowa\u0107 z ka\u017cd\u0105 platform\u0105 opart\u0105 na OCPP.<\/p><p><strong>Dynamiczne r\u00f3wnowa\u017cenie obci\u0105\u017cenia<\/strong><\/p><p>The load-balancing feature of IOCAP26 makes it perfect for commercial charging. It dynamically adjusts the power between the charging stations based on the power situation in real time, to make sure black out never happen because of overload.<\/p>\t\t\t\t\t\t\t\t<\/div>\n\t\t\t\t\t<\/div>\n\t\t<\/div>\n\t\t\t\t\t<\/div>\n\t\t<\/section>\n\t\t\t\t<\/div>","protected":false},"excerpt":{"rendered":"<div class=\"pro_main_text clearfix\">\n<div class=\"pro_main_text clearfix\">\n<div class=\"pro_main_text clearfix\">\n<div class=\"pro_main_text clearfix\">\n<div class=\"pro_main_text clearfix\">\n<p>IOCAP26 to doskona\u0142a \u0142adowarka do publicznego \u0142adowania na zewn\u0105trz. Ka\u017cde z\u0142\u0105cze \u0142adowania mo\u017ce generowa\u0107 maksymalnie 22 kW mocy w tym samym czasie.<\/p>\n<\/div>\n<ul class=\"clearfix\">\n<li>Napi\u0119cie wej\u015bciowe: 1-fazowe 230 V \u00b1 20%; 3-fazowe 400 V \u00b1 20%<\/li>\n<li>Wyj\u015bcie znamionowe: 1-fazowe 2 x 7kW 32A; 3-fazowe 2 x 22kW 32A<\/li>\n<li>Wewn\u0119trzny wy\u0142\u0105cznik r\u00f3\u017cnicowopr\u0105dowy: 2 x RCCB typu B<\/li>\n<li>Wy\u015bwietlacz: 7\u201d LCD<\/li>\n<li>Miernik: 2 x miernik MID<\/li>\n<li>Certyfikat: CE, PTB(Eichrecht)<\/li>\n<li>Interfejs sieciowy: Ethernet\/WiFi\/4G \u2013 inteligentne po\u0142\u0105czenie internetowe<\/li>\n<li>OCPP: Pe\u0142na obs\u0142uga OCPP 1.6J\/ OCPP 2.0.1<\/li>\n<li>Stopie\u0144 ochrony: IP55<\/li>\n<li>Wymiary transportowe: 1530 x 450 x 320 mm<\/li>\n<li>Interfejs \u0142adowania: SAE J1772 i kabel typu 2 \/ gniazdo typu 2 \/ gniazdo T2S z os\u0142on\u0105<\/li>\n<li>Typ monta\u017cu: Pod\u0142oga<\/li>\n<\/ul>\n<\/div>\n<\/div>\n<\/div>\n<\/div>","protected":false},"featured_media":8706,"template":"","meta":{"_acf_changed":false},"product_brand":[],"product_cat":[61],"product_tag":[75,76,77],"class_list":{"0":"post-2094","1":"product","2":"type-product","3":"status-publish","4":"has-post-thumbnail","6":"product_cat-commercial-ev-charger","7":"product_tag-ev-charger-with-credit-card-payment","8":"product_tag-ev-charger-with-pos-terminal","9":"product_tag-ocpp-public-ev-charger","11":"first","12":"instock","13":"shipping-taxable","14":"product-type-simple"},"acf":[],"_links":{"self":[{"href":"https:\/\/www.iocharger.com\/pl\/wp-json\/wp\/v2\/product\/2094","targetHints":{"allow":["GET"]}}],"collection":[{"href":"https:\/\/www.iocharger.com\/pl\/wp-json\/wp\/v2\/product"}],"about":[{"href":"https:\/\/www.iocharger.com\/pl\/wp-json\/wp\/v2\/types\/product"}],"version-history":[{"count":8,"href":"https:\/\/www.iocharger.com\/pl\/wp-json\/wp\/v2\/product\/2094\/revisions"}],"predecessor-version":[{"id":9973,"href":"https:\/\/www.iocharger.com\/pl\/wp-json\/wp\/v2\/product\/2094\/revisions\/9973"}],"wp:featuredmedia":[{"embeddable":true,"href":"https:\/\/www.iocharger.com\/pl\/wp-json\/wp\/v2\/media\/8706"}],"wp:attachment":[{"href":"https:\/\/www.iocharger.com\/pl\/wp-json\/wp\/v2\/media?parent=2094"}],"wp:term":[{"taxonomy":"product_brand","embeddable":true,"href":"https:\/\/www.iocharger.com\/pl\/wp-json\/wp\/v2\/product_brand?post=2094"},{"taxonomy":"product_cat","embeddable":true,"href":"https:\/\/www.iocharger.com\/pl\/wp-json\/wp\/v2\/product_cat?post=2094"},{"taxonomy":"product_tag","embeddable":true,"href":"https:\/\/www.iocharger.com\/pl\/wp-json\/wp\/v2\/product_tag?post=2094"}],"curies":[{"name":"wp","href":"https:\/\/api.w.org\/{rel}","templated":true}]}}