{"id":2069,"date":"2023-05-31T10:39:52","date_gmt":"2023-05-31T10:39:52","guid":{"rendered":"https:\/\/test2.honstyle.com\/?post_type=product&#038;p=2069"},"modified":"2025-12-24T09:22:54","modified_gmt":"2025-12-24T09:22:54","slug":"level-2-32a-fast-up-to-22kw-basic-home-ev-charging-station","status":"publish","type":"product","link":"https:\/\/www.iocharger.com\/pl\/level-2-32a-fast-up-to-22kw-basic-home-ev-charging-station\/","title":{"rendered":"Poziom 2 32A Szybkie \u0142adowanie do 22 kW Podstawowa domowa stacja \u0142adowania pojazd\u00f3w elektrycznych"},"content":{"rendered":"<div data-elementor-type=\"product-post\" data-elementor-id=\"2069\" class=\"elementor elementor-2069\" data-elementor-post-type=\"product\">\n\t\t\t\t\t\t<section class=\"elementor-section elementor-top-section elementor-element elementor-element-18df096 elementor-section-boxed elementor-section-height-default elementor-section-height-default\" data-id=\"18df096\" data-element_type=\"section\">\n\t\t\t\t\t\t<div class=\"elementor-container elementor-column-gap-default\">\n\t\t\t\t\t<div class=\"elementor-column elementor-col-100 elementor-top-column elementor-element elementor-element-7a37677\" data-id=\"7a37677\" data-element_type=\"column\">\n\t\t\t<div class=\"elementor-widget-wrap elementor-element-populated\">\n\t\t\t\t\t\t<div class=\"elementor-element elementor-element-f6ca389 elementor-widget elementor-widget-text-editor\" data-id=\"f6ca389\" data-element_type=\"widget\" data-widget_type=\"text-editor.default\">\n\t\t\t\t\t\t\t\t\t<p><strong>Simple and safe EV charger for home<\/strong><\/p><p class=\"\">The charger for you who prefer simple and safe charging. Any EV driver can recharge their car battery by simply plugging the charging connector.<\/p>\t\t\t\t\t\t\t\t<\/div>\n\t\t\t\t\t<\/div>\n\t\t<\/div>\n\t\t\t\t\t<\/div>\n\t\t<\/section>\n\t\t\t\t<section class=\"elementor-section elementor-top-section elementor-element elementor-element-e6d5448 elementor-section-boxed elementor-section-height-default elementor-section-height-default\" data-id=\"e6d5448\" data-element_type=\"section\">\n\t\t\t\t\t\t<div class=\"elementor-container elementor-column-gap-default\">\n\t\t\t\t\t<div class=\"elementor-column elementor-col-50 elementor-top-column elementor-element elementor-element-20b8790\" data-id=\"20b8790\" data-element_type=\"column\">\n\t\t\t<div class=\"elementor-widget-wrap elementor-element-populated\">\n\t\t\t\t\t\t<div class=\"elementor-element elementor-element-78ba793 elementor-widget elementor-widget-text-editor\" data-id=\"78ba793\" data-element_type=\"widget\" data-widget_type=\"text-editor.default\">\n\t\t\t\t\t\t\t\t\t<p style=\"text-align: left;\"><strong>G\u0142\u00f3wne cechy:<\/strong><\/p><ul><li>Compatible with all cars<\/li><li>1-Phase 7kW &amp; 3-Phase 22kW available<\/li><li>Dost\u0119pna wersja z gniazdem i wersja przymocowana na sta\u0142e<\/li><li>Simple \u2018Just Plug and Play\u2019 operation<\/li><li>Unikalna konstrukcja instalacji z niezale\u017cn\u0105 p\u0142yt\u0105 tyln\u0105<\/li><li>Op\u0142ywowy kszta\u0142t, prosty i elegancki wygl\u0105d<\/li><li>Zabezpieczenie przed up\u0142ywem pr\u0105du AC 30 mA i DC 6 mA Certyfikat IEC62955 i IEC61008<\/li><\/ul>\t\t\t\t\t\t\t\t<\/div>\n\t\t\t\t\t<\/div>\n\t\t<\/div>\n\t\t\t\t<div class=\"elementor-column elementor-col-50 elementor-top-column elementor-element elementor-element-6a0df9b\" data-id=\"6a0df9b\" data-element_type=\"column\">\n\t\t\t<div class=\"elementor-widget-wrap elementor-element-populated\">\n\t\t\t\t\t\t<div class=\"elementor-element elementor-element-d8ae07a elementor-widget elementor-widget-image\" data-id=\"d8ae07a\" data-element_type=\"widget\" data-widget_type=\"image.default\">\n\t\t\t\t\t\t\t\t\t\t\t\t\t\t\t<img fetchpriority=\"high\" decoding=\"async\" width=\"750\" height=\"750\" src=\"https:\/\/www.iocharger.com\/wp-content\/uploads\/2023\/05\/home-use-ev-charger-1-1-1.png\" class=\"attachment-full size-full wp-image-5460\" alt=\"\" srcset=\"https:\/\/www.iocharger.com\/wp-content\/uploads\/2023\/05\/home-use-ev-charger-1-1-1.png 750w, https:\/\/www.iocharger.com\/wp-content\/uploads\/2023\/05\/home-use-ev-charger-1-1-1-150x150.png 150w, https:\/\/www.iocharger.com\/wp-content\/uploads\/2023\/05\/home-use-ev-charger-1-1-1-660x660.png 660w, https:\/\/www.iocharger.com\/wp-content\/uploads\/2023\/05\/home-use-ev-charger-1-1-1-300x300.png 300w, https:\/\/www.iocharger.com\/wp-content\/uploads\/2023\/05\/home-use-ev-charger-1-1-1-285x285.png 285w, https:\/\/www.iocharger.com\/wp-content\/uploads\/2023\/05\/home-use-ev-charger-1-1-1-270x270.png 270w, https:\/\/www.iocharger.com\/wp-content\/uploads\/2023\/05\/home-use-ev-charger-1-1-1-540x540.png 540w\" sizes=\"(max-width: 750px) 100vw, 750px\" \/>\t\t\t\t\t\t\t\t\t\t\t\t\t\t\t<\/div>\n\t\t\t\t\t<\/div>\n\t\t<\/div>\n\t\t\t\t\t<\/div>\n\t\t<\/section>\n\t\t\t\t<section class=\"elementor-section elementor-top-section elementor-element elementor-element-6dd5e40 elementor-section-boxed elementor-section-height-default elementor-section-height-default\" data-id=\"6dd5e40\" data-element_type=\"section\">\n\t\t\t\t\t\t<div class=\"elementor-container elementor-column-gap-default\">\n\t\t\t\t\t<div class=\"elementor-column elementor-col-50 elementor-top-column elementor-element elementor-element-c924d4a\" data-id=\"c924d4a\" data-element_type=\"column\">\n\t\t\t<div class=\"elementor-widget-wrap elementor-element-populated\">\n\t\t\t\t\t\t<div class=\"elementor-element elementor-element-3322cb8 elementor-widget elementor-widget-image\" data-id=\"3322cb8\" data-element_type=\"widget\" data-widget_type=\"image.default\">\n\t\t\t\t\t\t\t\t\t\t\t\t\t\t\t<img decoding=\"async\" width=\"1000\" height=\"1000\" src=\"https:\/\/www.iocharger.com\/wp-content\/uploads\/2023\/05\/dynamic-load-balancing-1-1.gif\" class=\"attachment-full size-full wp-image-5703\" alt=\"\" \/>\t\t\t\t\t\t\t\t\t\t\t\t\t\t\t<\/div>\n\t\t\t\t\t<\/div>\n\t\t<\/div>\n\t\t\t\t<div class=\"elementor-column elementor-col-50 elementor-top-column elementor-element elementor-element-3df004c\" data-id=\"3df004c\" data-element_type=\"column\">\n\t\t\t<div class=\"elementor-widget-wrap elementor-element-populated\">\n\t\t\t\t\t\t<div class=\"elementor-element elementor-element-338c206 elementor-widget elementor-widget-text-editor\" data-id=\"338c206\" data-element_type=\"widget\" data-widget_type=\"text-editor.default\">\n\t\t\t\t\t\t\t\t\t<p><strong>Make life safer<\/strong><\/p><p>IOCAH10-N is a simple yet functional electric vehicle charger. Users don&#8217;t need to think about complicated configuration or installation and can always trust it&#8217;s reliability.<\/p><p>IOCAH10-N also supports dynamic load balancing to protect local grid network from overloading and ensure the most efficient use of the available power between EV Chargers and other home appliances. Iocharger load management hub \u201cIOCLMP\u201d is required to connect to IOCAH10-N charger by RS485 wire for the communication. CT connecting to IOCLMP would measure real-time electrical usage, thus to output the maximum current available for EV charging.<\/p>\t\t\t\t\t\t\t\t<\/div>\n\t\t\t\t\t<\/div>\n\t\t<\/div>\n\t\t\t\t\t<\/div>\n\t\t<\/section>\n\t\t\t\t<section class=\"elementor-section elementor-top-section elementor-element elementor-element-cded682 elementor-section-boxed elementor-section-height-default elementor-section-height-default\" data-id=\"cded682\" data-element_type=\"section\">\n\t\t\t\t\t\t<div class=\"elementor-container elementor-column-gap-default\">\n\t\t\t\t\t<div class=\"elementor-column elementor-col-50 elementor-top-column elementor-element elementor-element-3bdd9b8\" data-id=\"3bdd9b8\" data-element_type=\"column\">\n\t\t\t<div class=\"elementor-widget-wrap elementor-element-populated\">\n\t\t\t\t\t\t<div class=\"elementor-element elementor-element-fa80a60 elementor-widget elementor-widget-text-editor\" data-id=\"fa80a60\" data-element_type=\"widget\" data-widget_type=\"text-editor.default\">\n\t\t\t\t\t\t\t\t\t<p><strong>Make life easier<\/strong><\/p><p>Just plug in your car and we will do the rest! You can start\/stop the charging session via RFID card or charger physical button. We guarantee its safety and simplicity so that you can fully enjoy your charging experience without other measures.<\/p>\t\t\t\t\t\t\t\t<\/div>\n\t\t\t\t\t<\/div>\n\t\t<\/div>\n\t\t\t\t<div class=\"elementor-column elementor-col-50 elementor-top-column elementor-element elementor-element-69d1482\" data-id=\"69d1482\" data-element_type=\"column\">\n\t\t\t<div class=\"elementor-widget-wrap elementor-element-populated\">\n\t\t\t\t\t\t<div class=\"elementor-element elementor-element-3fb8145 elementor-widget elementor-widget-image\" data-id=\"3fb8145\" data-element_type=\"widget\" data-widget_type=\"image.default\">\n\t\t\t\t\t\t\t\t\t\t\t\t\t\t\t<img decoding=\"async\" width=\"750\" height=\"750\" src=\"https:\/\/www.iocharger.com\/wp-content\/uploads\/2023\/05\/15-7-1.png\" class=\"attachment-full size-full wp-image-5461\" alt=\"\" srcset=\"https:\/\/www.iocharger.com\/wp-content\/uploads\/2023\/05\/15-7-1.png 750w, https:\/\/www.iocharger.com\/wp-content\/uploads\/2023\/05\/15-7-1-150x150.png 150w, https:\/\/www.iocharger.com\/wp-content\/uploads\/2023\/05\/15-7-1-660x660.png 660w, https:\/\/www.iocharger.com\/wp-content\/uploads\/2023\/05\/15-7-1-300x300.png 300w, https:\/\/www.iocharger.com\/wp-content\/uploads\/2023\/05\/15-7-1-285x285.png 285w, https:\/\/www.iocharger.com\/wp-content\/uploads\/2023\/05\/15-7-1-270x270.png 270w, https:\/\/www.iocharger.com\/wp-content\/uploads\/2023\/05\/15-7-1-540x540.png 540w\" sizes=\"(max-width: 750px) 100vw, 750px\" \/>\t\t\t\t\t\t\t\t\t\t\t\t\t\t\t<\/div>\n\t\t\t\t\t<\/div>\n\t\t<\/div>\n\t\t\t\t\t<\/div>\n\t\t<\/section>\n\t\t\t\t<\/div>","protected":false},"excerpt":{"rendered":"<div class=\"pro_main_text clearfix\">\n<div class=\"pro_main_text clearfix\">\n<p>The charger for you who prefer easy and safe charging. Just plug in your car and we will do the rest!<\/p>\n<\/div>\n<ul class=\"clearfix\">\n<li>Napi\u0119cie wej\u015bciowe: 1-fazowe 230 V \u00b1 20%; 3-fazowe 400 V \u00b1 20%<\/li>\n<li>Moc wyj\u015bciowa: 1-fazowa 7 kW 32 A; 3-fazowa 22 kW 32 A<\/li>\n<li>Wewn\u0119trzny wy\u0142\u0105cznik r\u00f3\u017cnicowopr\u0105dowy: AC 30 mA i DC 6 mA Certyfikaty IEC62955 i IEC61008<\/li>\n<li>Ingress Protection:\u00a0 IP55<\/li>\n<li>Wymiary przesy\u0142ki: 500 x 383 x 198 mm; 500 x 383 x 243 mm<\/li>\n<li>Interfejs \u0142adowania: SAE J1772 i kabel typu 2 \/ gniazdo typu 2 \/ gniazdo T2S z os\u0142on\u0105<\/li>\n<li>Typ monta\u017cu: na \u015bcianie lub pod\u0142odze (podstawa dostarczana oddzielnie)<\/li>\n<\/ul>\n<\/div>","protected":false},"featured_media":5458,"template":"","meta":{"_acf_changed":false},"product_brand":[],"product_cat":[56],"product_tag":[66,67,68],"class_list":{"0":"post-2069","1":"product","2":"type-product","3":"status-publish","4":"has-post-thumbnail","6":"product_cat-home-ev-charger","7":"product_tag-7kw-residential-basic-ev-charger","8":"product_tag-level-2-22kw-home-ev-charger","9":"product_tag-wall-mounted-32a-home-ev-charger","11":"first","12":"instock","13":"shipping-taxable","14":"product-type-simple"},"acf":[],"_links":{"self":[{"href":"https:\/\/www.iocharger.com\/pl\/wp-json\/wp\/v2\/product\/2069","targetHints":{"allow":["GET"]}}],"collection":[{"href":"https:\/\/www.iocharger.com\/pl\/wp-json\/wp\/v2\/product"}],"about":[{"href":"https:\/\/www.iocharger.com\/pl\/wp-json\/wp\/v2\/types\/product"}],"version-history":[{"count":0,"href":"https:\/\/www.iocharger.com\/pl\/wp-json\/wp\/v2\/product\/2069\/revisions"}],"wp:featuredmedia":[{"embeddable":true,"href":"https:\/\/www.iocharger.com\/pl\/wp-json\/wp\/v2\/media\/5458"}],"wp:attachment":[{"href":"https:\/\/www.iocharger.com\/pl\/wp-json\/wp\/v2\/media?parent=2069"}],"wp:term":[{"taxonomy":"product_brand","embeddable":true,"href":"https:\/\/www.iocharger.com\/pl\/wp-json\/wp\/v2\/product_brand?post=2069"},{"taxonomy":"product_cat","embeddable":true,"href":"https:\/\/www.iocharger.com\/pl\/wp-json\/wp\/v2\/product_cat?post=2069"},{"taxonomy":"product_tag","embeddable":true,"href":"https:\/\/www.iocharger.com\/pl\/wp-json\/wp\/v2\/product_tag?post=2069"}],"curies":[{"name":"wp","href":"https:\/\/api.w.org\/{rel}","templated":true}]}}