{"id":2039,"date":"2023-05-31T07:40:34","date_gmt":"2023-05-31T07:40:34","guid":{"rendered":"https:\/\/test2.honstyle.com\/?post_type=product&#038;p=2039"},"modified":"2025-12-30T03:10:52","modified_gmt":"2025-12-30T03:10:52","slug":"ul-level-2-32a-40a-50a-ocpp-1-6j-ocpp-2-0-1-intelligent-ev-charger","status":"publish","type":"product","link":"https:\/\/www.iocharger.com\/pl\/ul-level-2-32a-40a-50a-ocpp-1-6j-ocpp-2-0-1-intelligent-ev-charger\/","title":{"rendered":"\u0141adowarka ISO15118 Plug&amp;Charge UL Level 2 32A 40A 50A OCPP 1.6J OCPP 2.0.1 Inteligentna \u0142adowarka do pojazd\u00f3w elektrycznych"},"content":{"rendered":"<div data-elementor-type=\"product-post\" data-elementor-id=\"2039\" class=\"elementor elementor-2039\" data-elementor-post-type=\"product\">\n\t\t\t\t\t\t<section class=\"elementor-section elementor-top-section elementor-element elementor-element-090a9ad elementor-section-boxed elementor-section-height-default elementor-section-height-default\" data-id=\"090a9ad\" data-element_type=\"section\" data-e-type=\"section\">\n\t\t\t\t\t\t<div class=\"elementor-container elementor-column-gap-default\">\n\t\t\t\t\t<div class=\"elementor-column elementor-col-100 elementor-top-column elementor-element elementor-element-dccc2fd\" data-id=\"dccc2fd\" data-element_type=\"column\" data-e-type=\"column\">\n\t\t\t<div class=\"elementor-widget-wrap elementor-element-populated\">\n\t\t\t\t\t\t<div class=\"elementor-element elementor-element-45ec355 elementor-widget elementor-widget-text-editor\" data-id=\"45ec355\" data-element_type=\"widget\" data-e-type=\"widget\" data-widget_type=\"text-editor.default\">\n\t\t\t\t\t\t\t\t\t<p>Smart and intelligent EV charger for residential and commercial<\/p><p>The smart, easy to install charger that allows you to add smart services and manage the charger remotely. SAE J1772 plug ensures compatibility with all electric vehicles toThe all features make you get excellent experience of charging.<\/p>\t\t\t\t\t\t\t\t<\/div>\n\t\t\t\t\t<\/div>\n\t\t<\/div>\n\t\t\t\t\t<\/div>\n\t\t<\/section>\n\t\t\t\t<section class=\"elementor-section elementor-top-section elementor-element elementor-element-9cf4ebf elementor-section-boxed elementor-section-height-default elementor-section-height-default\" data-id=\"9cf4ebf\" data-element_type=\"section\" data-e-type=\"section\">\n\t\t\t\t\t\t<div class=\"elementor-container elementor-column-gap-default\">\n\t\t\t\t\t<div class=\"elementor-column elementor-col-50 elementor-top-column elementor-element elementor-element-0553c3b\" data-id=\"0553c3b\" data-element_type=\"column\" data-e-type=\"column\">\n\t\t\t<div class=\"elementor-widget-wrap elementor-element-populated\">\n\t\t\t\t\t\t<div class=\"elementor-element elementor-element-19d3aef elementor-widget elementor-widget-text-editor\" data-id=\"19d3aef\" data-element_type=\"widget\" data-e-type=\"widget\" data-widget_type=\"text-editor.default\">\n\t\t\t\t\t\t\t\t\t<p><strong>G\u0142\u00f3wne cechy:<\/strong><\/p><ul><li>Kompatybilny ze wszystkimi pojazdami elektrycznymi i sieciami energetycznymi<\/li><li>Up to 32A, 40A, 50A versions available<\/li><li>Op\u0142ywowy kszta\u0142t, prosty i elegancki wygl\u0105d<\/li><li>2.8&#8221; LCD display for easy and user-friendly operation<\/li><li>Unikalna konstrukcja instalacji z niezale\u017cn\u0105 p\u0142yt\u0105 tyln\u0105<\/li><li>Inteligentne prze\u0142\u0105czanie Ethernet, kom\u00f3rkowe, WLAN<\/li><li>Elastyczna konfiguracja pr\u0105du\/mocy wyj\u015bciowej<\/li><li>Mo\u017cliwo\u015b\u0107 dostosowania \u015bwiat\u0142a oddechu do preferencji<\/li><li>Obs\u0142uga inteligentnego dynamicznego r\u00f3wnowa\u017cenia obci\u0105\u017cenia<\/li><li>Uwierzytelnianie u\u017cytkownika za pomoc\u0105 RFID lub aplikacji mobilnej<\/li><li>Wielofunkcyjny portal internetowy do uruchamiania \u0142adowarek<\/li><li>Zdalne sterowanie i monitorowanie<\/li><\/ul>\t\t\t\t\t\t\t\t<\/div>\n\t\t\t\t\t<\/div>\n\t\t<\/div>\n\t\t\t\t<div class=\"elementor-column elementor-col-50 elementor-top-column elementor-element elementor-element-9c53a80\" data-id=\"9c53a80\" data-element_type=\"column\" data-e-type=\"column\">\n\t\t\t<div class=\"elementor-widget-wrap elementor-element-populated\">\n\t\t\t\t\t\t<div class=\"elementor-element elementor-element-4a8768a elementor-widget elementor-widget-image\" data-id=\"4a8768a\" data-element_type=\"widget\" data-e-type=\"widget\" data-widget_type=\"image.default\">\n\t\t\t\t\t\t\t\t\t\t\t\t\t\t\t<img fetchpriority=\"high\" decoding=\"async\" width=\"750\" height=\"750\" src=\"https:\/\/www.iocharger.com\/wp-content\/uploads\/2023\/05\/UL-Electric-Vehicle-Charging-station-1-3.png\" class=\"attachment-full size-full wp-image-3315\" alt=\"\" srcset=\"https:\/\/www.iocharger.com\/wp-content\/uploads\/2023\/05\/UL-Electric-Vehicle-Charging-station-1-3.png 750w, https:\/\/www.iocharger.com\/wp-content\/uploads\/2023\/05\/UL-Electric-Vehicle-Charging-station-1-3-150x150.png 150w, https:\/\/www.iocharger.com\/wp-content\/uploads\/2023\/05\/UL-Electric-Vehicle-Charging-station-1-3-660x660.png 660w, https:\/\/www.iocharger.com\/wp-content\/uploads\/2023\/05\/UL-Electric-Vehicle-Charging-station-1-3-300x300.png 300w, https:\/\/www.iocharger.com\/wp-content\/uploads\/2023\/05\/UL-Electric-Vehicle-Charging-station-1-3-285x285.png 285w, https:\/\/www.iocharger.com\/wp-content\/uploads\/2023\/05\/UL-Electric-Vehicle-Charging-station-1-3-270x270.png 270w, https:\/\/www.iocharger.com\/wp-content\/uploads\/2023\/05\/UL-Electric-Vehicle-Charging-station-1-3-540x540.png 540w\" sizes=\"(max-width: 750px) 100vw, 750px\" \/>\t\t\t\t\t\t\t\t\t\t\t\t\t\t\t<\/div>\n\t\t\t\t\t<\/div>\n\t\t<\/div>\n\t\t\t\t\t<\/div>\n\t\t<\/section>\n\t\t\t\t<section class=\"elementor-section elementor-top-section elementor-element elementor-element-3a0fb11 elementor-section-boxed elementor-section-height-default elementor-section-height-default\" data-id=\"3a0fb11\" data-element_type=\"section\" data-e-type=\"section\">\n\t\t\t\t\t\t<div class=\"elementor-container elementor-column-gap-default\">\n\t\t\t\t\t<div class=\"elementor-column elementor-col-50 elementor-top-column elementor-element elementor-element-a2326a7\" data-id=\"a2326a7\" data-element_type=\"column\" data-e-type=\"column\">\n\t\t\t<div class=\"elementor-widget-wrap elementor-element-populated\">\n\t\t\t\t\t\t<div class=\"elementor-element elementor-element-6a3cb34 elementor-widget elementor-widget-image\" data-id=\"6a3cb34\" data-element_type=\"widget\" data-e-type=\"widget\" data-widget_type=\"image.default\">\n\t\t\t\t\t\t\t\t\t\t\t\t\t\t\t<img decoding=\"async\" width=\"750\" height=\"750\" src=\"https:\/\/www.iocharger.com\/wp-content\/uploads\/2023\/05\/UL-Electric-Vehicle-Charging-sta-1.png\" class=\"attachment-full size-full wp-image-5472\" alt=\"\" srcset=\"https:\/\/www.iocharger.com\/wp-content\/uploads\/2023\/05\/UL-Electric-Vehicle-Charging-sta-1.png 750w, https:\/\/www.iocharger.com\/wp-content\/uploads\/2023\/05\/UL-Electric-Vehicle-Charging-sta-1-150x150.png 150w, https:\/\/www.iocharger.com\/wp-content\/uploads\/2023\/05\/UL-Electric-Vehicle-Charging-sta-1-660x660.png 660w, https:\/\/www.iocharger.com\/wp-content\/uploads\/2023\/05\/UL-Electric-Vehicle-Charging-sta-1-300x300.png 300w, https:\/\/www.iocharger.com\/wp-content\/uploads\/2023\/05\/UL-Electric-Vehicle-Charging-sta-1-285x285.png 285w, https:\/\/www.iocharger.com\/wp-content\/uploads\/2023\/05\/UL-Electric-Vehicle-Charging-sta-1-270x270.png 270w, https:\/\/www.iocharger.com\/wp-content\/uploads\/2023\/05\/UL-Electric-Vehicle-Charging-sta-1-540x540.png 540w\" sizes=\"(max-width: 750px) 100vw, 750px\" \/>\t\t\t\t\t\t\t\t\t\t\t\t\t\t\t<\/div>\n\t\t\t\t\t<\/div>\n\t\t<\/div>\n\t\t\t\t<div class=\"elementor-column elementor-col-50 elementor-top-column elementor-element elementor-element-2811bb0\" data-id=\"2811bb0\" data-element_type=\"column\" data-e-type=\"column\">\n\t\t\t<div class=\"elementor-widget-wrap elementor-element-populated\">\n\t\t\t\t\t\t<div class=\"elementor-element elementor-element-e2643fb elementor-widget elementor-widget-text-editor\" data-id=\"e2643fb\" data-element_type=\"widget\" data-e-type=\"widget\" data-widget_type=\"text-editor.default\">\n\t\t\t\t\t\t\t\t\t<p><strong>Easy installation and Scalability\u00a0<\/strong><\/p><p>The unique installation design, making it easier than ever to install and maintain a charging infrastructure. It only requires the user to hang the charger on the backplate to complete the installation, which is convenient and fast to avoid expensive installation costs.<\/p><p>Built with scalability in mind, IOCAH10 meets your needs today and in the future. It allows you to connect and prepare several charging stations, as well as manage an unlimited number of chargers on the same operator in CCMS.<\/p>\t\t\t\t\t\t\t\t<\/div>\n\t\t\t\t\t<\/div>\n\t\t<\/div>\n\t\t\t\t\t<\/div>\n\t\t<\/section>\n\t\t\t\t<section class=\"elementor-section elementor-top-section elementor-element elementor-element-1ab5a98 elementor-section-boxed elementor-section-height-default elementor-section-height-default\" data-id=\"1ab5a98\" data-element_type=\"section\" data-e-type=\"section\">\n\t\t\t\t\t\t<div class=\"elementor-container elementor-column-gap-default\">\n\t\t\t\t\t<div class=\"elementor-column elementor-col-50 elementor-top-column elementor-element elementor-element-6f75382\" data-id=\"6f75382\" data-element_type=\"column\" data-e-type=\"column\">\n\t\t\t<div class=\"elementor-widget-wrap elementor-element-populated\">\n\t\t\t\t\t\t<div class=\"elementor-element elementor-element-dbc6c25 elementor-widget elementor-widget-text-editor\" data-id=\"dbc6c25\" data-element_type=\"widget\" data-e-type=\"widget\" data-widget_type=\"text-editor.default\">\n\t\t\t\t\t\t\t\t\t<p><strong>Obs\u0142uga dynamicznego r\u00f3wnowa\u017cenia obci\u0105\u017cenia<\/strong><\/p>\n<p>Load balancing feature of IOCAH10 makes it perfect for residential and commercial charging.<\/p>\n<p>For residential use, it ensures that user can dynamically balance all the available electricity at home, including solar energy, battery system, and the circuit would never be overloaded.<\/p>\n<p>For commercial use, it ensure that everyone who charges can utilize all the electricity available in the parking facility, and at all times get the fastest and most optimal charging speed. This technology also means that more chargers can be easily connected to the system as the need arises.<\/p>\t\t\t\t\t\t\t\t<\/div>\n\t\t\t\t\t<\/div>\n\t\t<\/div>\n\t\t\t\t<div class=\"elementor-column elementor-col-50 elementor-top-column elementor-element elementor-element-4975d46\" data-id=\"4975d46\" data-element_type=\"column\" data-e-type=\"column\">\n\t\t\t<div class=\"elementor-widget-wrap elementor-element-populated\">\n\t\t\t\t\t\t<div class=\"elementor-element elementor-element-4f4c739 elementor-widget elementor-widget-image\" data-id=\"4f4c739\" data-element_type=\"widget\" data-e-type=\"widget\" data-widget_type=\"image.default\">\n\t\t\t\t\t\t\t\t\t\t\t\t\t\t\t<img decoding=\"async\" width=\"750\" height=\"750\" src=\"https:\/\/www.iocharger.com\/wp-content\/uploads\/2018\/08\/home-ev-charger2-1.jpg\" class=\"attachment-full size-full wp-image-6064\" alt=\"\" srcset=\"https:\/\/www.iocharger.com\/wp-content\/uploads\/2018\/08\/home-ev-charger2-1.jpg 750w, https:\/\/www.iocharger.com\/wp-content\/uploads\/2018\/08\/home-ev-charger2-1-150x150.jpg 150w, https:\/\/www.iocharger.com\/wp-content\/uploads\/2018\/08\/home-ev-charger2-1-660x660.jpg 660w, https:\/\/www.iocharger.com\/wp-content\/uploads\/2018\/08\/home-ev-charger2-1-300x300.jpg 300w, https:\/\/www.iocharger.com\/wp-content\/uploads\/2018\/08\/home-ev-charger2-1-285x285.jpg 285w, https:\/\/www.iocharger.com\/wp-content\/uploads\/2018\/08\/home-ev-charger2-1-270x270.jpg 270w, https:\/\/www.iocharger.com\/wp-content\/uploads\/2018\/08\/home-ev-charger2-1-540x540.jpg 540w\" sizes=\"(max-width: 750px) 100vw, 750px\" \/>\t\t\t\t\t\t\t\t\t\t\t\t\t\t\t<\/div>\n\t\t\t\t\t<\/div>\n\t\t<\/div>\n\t\t\t\t\t<\/div>\n\t\t<\/section>\n\t\t\t\t<section class=\"elementor-section elementor-top-section elementor-element elementor-element-d5fdfd1 elementor-section-boxed elementor-section-height-default elementor-section-height-default\" data-id=\"d5fdfd1\" data-element_type=\"section\" data-e-type=\"section\">\n\t\t\t\t\t\t<div class=\"elementor-container elementor-column-gap-default\">\n\t\t\t\t\t<div class=\"elementor-column elementor-col-50 elementor-top-column elementor-element elementor-element-a18c3c9\" data-id=\"a18c3c9\" data-element_type=\"column\" data-e-type=\"column\">\n\t\t\t<div class=\"elementor-widget-wrap elementor-element-populated\">\n\t\t\t\t\t\t<div class=\"elementor-element elementor-element-37275e1 elementor-widget elementor-widget-image\" data-id=\"37275e1\" data-element_type=\"widget\" data-e-type=\"widget\" data-widget_type=\"image.default\">\n\t\t\t\t\t\t\t\t\t\t\t\t\t\t\t<img loading=\"lazy\" decoding=\"async\" width=\"750\" height=\"750\" src=\"https:\/\/www.iocharger.com\/wp-content\/uploads\/2023\/09\/15-2-1.jpg\" class=\"attachment-full size-full wp-image-4169\" alt=\"\" srcset=\"https:\/\/www.iocharger.com\/wp-content\/uploads\/2023\/09\/15-2-1.jpg 750w, https:\/\/www.iocharger.com\/wp-content\/uploads\/2023\/09\/15-2-1-150x150.jpg 150w, https:\/\/www.iocharger.com\/wp-content\/uploads\/2023\/09\/15-2-1-660x660.jpg 660w, https:\/\/www.iocharger.com\/wp-content\/uploads\/2023\/09\/15-2-1-300x300.jpg 300w, https:\/\/www.iocharger.com\/wp-content\/uploads\/2023\/09\/15-2-1-285x285.jpg 285w, https:\/\/www.iocharger.com\/wp-content\/uploads\/2023\/09\/15-2-1-270x270.jpg 270w, https:\/\/www.iocharger.com\/wp-content\/uploads\/2023\/09\/15-2-1-540x540.jpg 540w\" sizes=\"(max-width: 750px) 100vw, 750px\" \/>\t\t\t\t\t\t\t\t\t\t\t\t\t\t\t<\/div>\n\t\t\t\t\t<\/div>\n\t\t<\/div>\n\t\t\t\t<div class=\"elementor-column elementor-col-50 elementor-top-column elementor-element elementor-element-76a6ca7\" data-id=\"76a6ca7\" data-element_type=\"column\" data-e-type=\"column\">\n\t\t\t<div class=\"elementor-widget-wrap elementor-element-populated\">\n\t\t\t\t\t\t<div class=\"elementor-element elementor-element-39c75da elementor-widget elementor-widget-text-editor\" data-id=\"39c75da\" data-element_type=\"widget\" data-e-type=\"widget\" data-widget_type=\"text-editor.default\">\n\t\t\t\t\t\t\t\t\t<p><strong>OCPP compliant and reliable in all situation<\/strong><br \/>Fully OCPP 1.6J and OCPP 2.0.1 profiles compliant, which means you can easily connect it to any 3rd party OCPP CCMS for remote monitoring and management. It&#8217;s always connected to the charging management system so you can monitor and manage your charging stations, update software remotely and secure revenue etc.<\/p>\t\t\t\t\t\t\t\t<\/div>\n\t\t\t\t\t<\/div>\n\t\t<\/div>\n\t\t\t\t\t<\/div>\n\t\t<\/section>\n\t\t\t\t<\/div>","protected":false},"excerpt":{"rendered":"<div class=\"pro_main_text clearfix\">\n<p>IOCAH10 provides a high-quality and cost-effective EV charging station designed to offer full Mode 3 fast charging to any EV in US.<\/p>\n<\/div>\n<ul class=\"clearfix\">\n<li>Input Rating: Nominal 200-240V AC single-phase<\/li>\n<li>Output Rating: 7kW 32A; 9.6kW 40A; 11kW 50A<\/li>\n<li>Internal RCD: 20mA CCID<\/li>\n<li>Wy\u015bwietlacz: 2,8\u201d LCD<\/li>\n<li>Interfejs sieciowy: Ethernet\/WiFi\/4G \u2013 inteligentne po\u0142\u0105czenie internetowe<\/li>\n<li>OCPP: Pe\u0142na obs\u0142uga OCPP 1.6J\/ OCPP 2.0.1<\/li>\n<li>ISO15118 Plug &amp; Charge: Upgradable<\/li>\n<li>Stopie\u0144 ochrony: IP55<\/li>\n<li>Shipping Dimensions: 500 x 383 x 243 mm<\/li>\n<li>Charging Interface: SAE J1772 Type-1<\/li>\n<li>Typ monta\u017cu: na \u015bcianie lub pod\u0142odze (podstawa dostarczana oddzielnie)<\/li>\n<\/ul>","protected":false},"featured_media":5476,"template":"","meta":{"_acf_changed":false},"product_brand":[],"product_cat":[61],"product_tag":[63,64,65],"class_list":{"0":"post-2039","1":"product","2":"type-product","3":"status-publish","4":"has-post-thumbnail","6":"product_cat-commercial-ev-charger","7":"product_tag-32a-40a-50a-smart-charging-point","8":"product_tag-ul-level-2-fast-ev-charging-station","9":"product_tag-ul-ocpp-ev-charger","11":"first","12":"instock","13":"shipping-taxable","14":"product-type-simple"},"acf":[],"_links":{"self":[{"href":"https:\/\/www.iocharger.com\/pl\/wp-json\/wp\/v2\/product\/2039","targetHints":{"allow":["GET"]}}],"collection":[{"href":"https:\/\/www.iocharger.com\/pl\/wp-json\/wp\/v2\/product"}],"about":[{"href":"https:\/\/www.iocharger.com\/pl\/wp-json\/wp\/v2\/types\/product"}],"version-history":[{"count":0,"href":"https:\/\/www.iocharger.com\/pl\/wp-json\/wp\/v2\/product\/2039\/revisions"}],"wp:featuredmedia":[{"embeddable":true,"href":"https:\/\/www.iocharger.com\/pl\/wp-json\/wp\/v2\/media\/5476"}],"wp:attachment":[{"href":"https:\/\/www.iocharger.com\/pl\/wp-json\/wp\/v2\/media?parent=2039"}],"wp:term":[{"taxonomy":"product_brand","embeddable":true,"href":"https:\/\/www.iocharger.com\/pl\/wp-json\/wp\/v2\/product_brand?post=2039"},{"taxonomy":"product_cat","embeddable":true,"href":"https:\/\/www.iocharger.com\/pl\/wp-json\/wp\/v2\/product_cat?post=2039"},{"taxonomy":"product_tag","embeddable":true,"href":"https:\/\/www.iocharger.com\/pl\/wp-json\/wp\/v2\/product_tag?post=2039"}],"curies":[{"name":"wp","href":"https:\/\/api.w.org\/{rel}","templated":true}]}}