{"id":2028,"date":"2023-05-31T07:29:41","date_gmt":"2023-05-31T07:29:41","guid":{"rendered":"https:\/\/test2.honstyle.com\/?post_type=product&#038;p=2028"},"modified":"2026-04-13T09:16:18","modified_gmt":"2026-04-13T09:16:18","slug":"level-2-7kw-22kw-ocpp-1-6j-ocpp-2-0-1-smart-fast-home-ev-charger","status":"publish","type":"product","link":"https:\/\/www.iocharger.com\/pl\/level-2-7kw-22kw-ocpp-1-6j-ocpp-2-0-1-smart-fast-home-ev-charger\/","title":{"rendered":"ISO15118 Plug&amp;Charge Poziom 2 7 kW 22 kW OCPP 1.6J OCPP 2.0.1 Inteligentna szybka \u0142adowarka do pojazd\u00f3w elektrycznych"},"content":{"rendered":"<div data-elementor-type=\"product-post\" data-elementor-id=\"2028\" class=\"elementor elementor-2028\" data-elementor-post-type=\"product\">\n\t\t\t\t\t\t<section class=\"elementor-section elementor-top-section elementor-element elementor-element-b7ea74d elementor-section-boxed elementor-section-height-default elementor-section-height-default\" data-id=\"b7ea74d\" data-element_type=\"section\">\n\t\t\t\t\t\t<div class=\"elementor-container elementor-column-gap-default\">\n\t\t\t\t\t<div class=\"elementor-column elementor-col-100 elementor-top-column elementor-element elementor-element-7907652\" data-id=\"7907652\" data-element_type=\"column\">\n\t\t\t<div class=\"elementor-widget-wrap elementor-element-populated\">\n\t\t\t\t\t\t<div class=\"elementor-element elementor-element-a224ce1 elementor-widget elementor-widget-text-editor\" data-id=\"a224ce1\" data-element_type=\"widget\" data-widget_type=\"text-editor.default\">\n\t\t\t\t\t\t\t\t\t<p><strong>Inteligentna \u0142adowarka EV do u\u017cytku domowego<\/strong><\/p><p class=\"\">IOCAH20 to inteligentna, \u0142atwa w instalacji \u0142adowarka, kt\u00f3ra umo\u017cliwia dodawanie inteligentnych us\u0142ug i zdalne zarz\u0105dzanie \u0142adowark\u0105. W po\u0142\u0105czeniu z aplikacj\u0105 mobiln\u0105 IOC Family oferuje pe\u0142en zakres funkcji do kontrolowania stanu \u0142adowarki, u\u017cytkownik\u00f3w, harmonogram\u00f3w \u0142adowania, zu\u017cycia energii i wielu innych. Inteligentne funkcje sprawiaj\u0105, \u017ce IOCAH20 jest idealnym wyborem do \u0142adowania w domu.<\/p>\t\t\t\t\t\t\t\t<\/div>\n\t\t\t\t\t<\/div>\n\t\t<\/div>\n\t\t\t\t\t<\/div>\n\t\t<\/section>\n\t\t\t\t<section class=\"elementor-section elementor-top-section elementor-element elementor-element-dcec509 elementor-section-boxed elementor-section-height-default elementor-section-height-default\" data-id=\"dcec509\" data-element_type=\"section\">\n\t\t\t\t\t\t<div class=\"elementor-container elementor-column-gap-default\">\n\t\t\t\t\t<div class=\"elementor-column elementor-col-100 elementor-top-column elementor-element elementor-element-4aa0bfb\" data-id=\"4aa0bfb\" data-element_type=\"column\">\n\t\t\t<div class=\"elementor-widget-wrap elementor-element-populated\">\n\t\t\t\t\t\t<div data-over-color=\"\" data-over=\"overlay\" class=\"elementor-element elementor-element-9586421 elementor-widget elementor-widget-video\" data-id=\"9586421\" data-element_type=\"widget\" data-settings=\"{&quot;video_type&quot;:&quot;hosted&quot;,&quot;controls&quot;:&quot;yes&quot;}\" data-widget_type=\"video.default\">\n\t\t\t\t\t\t\t<div class=\"e-hosted-video elementor-wrapper elementor-open-inline\">\n\t\t\t\t\t<video class=\"elementor-video\" src=\"https:\/\/www.iocharger.com\/wp-content\/uploads\/2023\/05\/iocharger-smart-AC-EV-Charger-IOCAH10-1.mp4\" controls=\"\" preload=\"metadata\" controlslist=\"nodownload\"><\/video>\n\t\t\t\t<\/div>\n\t\t\t\t\t\t<\/div>\n\t\t\t\t\t<\/div>\n\t\t<\/div>\n\t\t\t\t\t<\/div>\n\t\t<\/section>\n\t\t\t\t<section class=\"elementor-section elementor-top-section elementor-element elementor-element-2598f9d elementor-section-boxed elementor-section-height-default elementor-section-height-default\" data-id=\"2598f9d\" data-element_type=\"section\">\n\t\t\t\t\t\t<div class=\"elementor-container elementor-column-gap-default\">\n\t\t\t\t\t<div class=\"elementor-column elementor-col-50 elementor-top-column elementor-element elementor-element-1f2018a\" data-id=\"1f2018a\" data-element_type=\"column\">\n\t\t\t<div class=\"elementor-widget-wrap elementor-element-populated\">\n\t\t\t\t\t\t<div class=\"elementor-element elementor-element-4e0f1e8 elementor-widget elementor-widget-text-editor\" data-id=\"4e0f1e8\" data-element_type=\"widget\" data-widget_type=\"text-editor.default\">\n\t\t\t\t\t\t\t\t\t<p><strong>G\u0142\u00f3wne cechy:<\/strong><\/p><ul><li>Kompatybilny ze wszystkimi pojazdami elektrycznymi i sieciami energetycznymi<\/li><li>Dost\u0119pna wersja z gniazdem i wersja przymocowana na sta\u0142e<\/li><li>2.8&#8221; LCD display for easy and user-friendly operation<\/li><li>Unikalna konstrukcja instalacji z niezale\u017cn\u0105 p\u0142yt\u0105 tyln\u0105<\/li><li>Elastyczna konfiguracja pr\u0105du wyj\u015bciowego \/ mocy<\/li><li>Dostosowywane \u015bwiat\u0142o oddechowe zgodnie z preferencjami<\/li><li>Obs\u0142uga inteligentnego dynamicznego r\u00f3wnowa\u017cenia obci\u0105\u017cenia<\/li><li>Uwierzytelnianie u\u017cytkownika za pomoc\u0105 RFID lub aplikacji mobilnej<\/li><li>Przyjazny dla u\u017cytkownika portal internetowy do konfiguracji \u0142adowarki<\/li><li>Zdalne sterowanie i monitorowanie<\/li><li>Op\u0142ywowy kszta\u0142t, prosty i elegancki wygl\u0105d<\/li><li>Zabezpieczenie przed up\u0142ywem pr\u0105du AC 30 mA i DC 6 mA<\/li><\/ul>\t\t\t\t\t\t\t\t<\/div>\n\t\t\t\t\t<\/div>\n\t\t<\/div>\n\t\t\t\t<div class=\"elementor-column elementor-col-50 elementor-top-column elementor-element elementor-element-5022d89\" data-id=\"5022d89\" data-element_type=\"column\">\n\t\t\t<div class=\"elementor-widget-wrap elementor-element-populated\">\n\t\t\t\t\t\t<div class=\"elementor-element elementor-element-9092be4 elementor-widget elementor-widget-image\" data-id=\"9092be4\" data-element_type=\"widget\" data-widget_type=\"image.default\">\n\t\t\t\t\t\t\t\t\t\t\t\t\t\t\t<img fetchpriority=\"high\" decoding=\"async\" width=\"750\" height=\"750\" src=\"https:\/\/www.iocharger.com\/wp-content\/uploads\/2023\/05\/ev-charger-2-3-1-1.png\" class=\"attachment-full size-full wp-image-6068\" alt=\"\" srcset=\"https:\/\/www.iocharger.com\/wp-content\/uploads\/2023\/05\/ev-charger-2-3-1-1.png 750w, https:\/\/www.iocharger.com\/wp-content\/uploads\/2023\/05\/ev-charger-2-3-1-1-150x150.png 150w, https:\/\/www.iocharger.com\/wp-content\/uploads\/2023\/05\/ev-charger-2-3-1-1-660x660.png 660w, https:\/\/www.iocharger.com\/wp-content\/uploads\/2023\/05\/ev-charger-2-3-1-1-300x300.png 300w, https:\/\/www.iocharger.com\/wp-content\/uploads\/2023\/05\/ev-charger-2-3-1-1-285x285.png 285w, https:\/\/www.iocharger.com\/wp-content\/uploads\/2023\/05\/ev-charger-2-3-1-1-270x270.png 270w, https:\/\/www.iocharger.com\/wp-content\/uploads\/2023\/05\/ev-charger-2-3-1-1-540x540.png 540w\" sizes=\"(max-width: 750px) 100vw, 750px\" \/>\t\t\t\t\t\t\t\t\t\t\t\t\t\t\t<\/div>\n\t\t\t\t\t<\/div>\n\t\t<\/div>\n\t\t\t\t\t<\/div>\n\t\t<\/section>\n\t\t\t\t<section class=\"elementor-section elementor-top-section elementor-element elementor-element-b694dda elementor-section-boxed elementor-section-height-default elementor-section-height-default\" data-id=\"b694dda\" data-element_type=\"section\">\n\t\t\t\t\t\t<div class=\"elementor-container elementor-column-gap-default\">\n\t\t\t\t\t<div class=\"elementor-column elementor-col-50 elementor-top-column elementor-element elementor-element-0ecd82e\" data-id=\"0ecd82e\" data-element_type=\"column\">\n\t\t\t<div class=\"elementor-widget-wrap elementor-element-populated\">\n\t\t\t\t\t\t<div class=\"elementor-element elementor-element-dd38482 elementor-widget elementor-widget-image\" data-id=\"dd38482\" data-element_type=\"widget\" data-widget_type=\"image.default\">\n\t\t\t\t\t\t\t\t\t\t\t\t\t\t\t<img decoding=\"async\" width=\"750\" height=\"750\" src=\"https:\/\/www.iocharger.com\/wp-content\/uploads\/2023\/05\/Home-EV-Charger-2-2-1.png\" class=\"attachment-full size-full wp-image-5467\" alt=\"\" srcset=\"https:\/\/www.iocharger.com\/wp-content\/uploads\/2023\/05\/Home-EV-Charger-2-2-1.png 750w, https:\/\/www.iocharger.com\/wp-content\/uploads\/2023\/05\/Home-EV-Charger-2-2-1-150x150.png 150w, https:\/\/www.iocharger.com\/wp-content\/uploads\/2023\/05\/Home-EV-Charger-2-2-1-660x660.png 660w, https:\/\/www.iocharger.com\/wp-content\/uploads\/2023\/05\/Home-EV-Charger-2-2-1-300x300.png 300w, https:\/\/www.iocharger.com\/wp-content\/uploads\/2023\/05\/Home-EV-Charger-2-2-1-285x285.png 285w, https:\/\/www.iocharger.com\/wp-content\/uploads\/2023\/05\/Home-EV-Charger-2-2-1-270x270.png 270w, https:\/\/www.iocharger.com\/wp-content\/uploads\/2023\/05\/Home-EV-Charger-2-2-1-540x540.png 540w\" sizes=\"(max-width: 750px) 100vw, 750px\" \/>\t\t\t\t\t\t\t\t\t\t\t\t\t\t\t<\/div>\n\t\t\t\t\t<\/div>\n\t\t<\/div>\n\t\t\t\t<div class=\"elementor-column elementor-col-50 elementor-top-column elementor-element elementor-element-5b52f7e\" data-id=\"5b52f7e\" data-element_type=\"column\">\n\t\t\t<div class=\"elementor-widget-wrap elementor-element-populated\">\n\t\t\t\t\t\t<div class=\"elementor-element elementor-element-4834d3a elementor-widget elementor-widget-text-editor\" data-id=\"4834d3a\" data-element_type=\"widget\" data-widget_type=\"text-editor.default\">\n\t\t\t\t\t\t\t\t\t<p><strong>Graficzny wy\u015bwietlacz i konfigurowalne \u015bwiat\u0142o oddechowe<\/strong><\/p><p>IOCAH20 jest wyposa\u017cony w wy\u015bwietlacz LCD o przek\u0105tnej 2,8 cala, co oznacza, \u017ce u\u017cytkownik mo\u017ce \u0142atwo sprawdzi\u0107 stan \u0142adowarki i dane dotycz\u0105ce \u0142adowania w czasie rzeczywistym. Informacje te umo\u017cliwiaj\u0105 u\u017cytkownikowi wst\u0119pn\u0105 diagnostyk\u0119 usterek oraz minimalizuj\u0105 koszty i czas konserwacji.<\/p><p>Ka\u017cdy u\u017cytkownik mo\u017ce ustawi\u0107 \u015bwiat\u0142o sygnalizuj\u0105ce stan \u0142adowarki zgodnie z w\u0142asnymi preferencjami, w tym rodzaj, szybko\u015b\u0107 migania, kolor itp. Dzi\u0119ki stylowemu, funkcjonalnemu wzornictwu IOCAH20 zapewnia u\u017cytkownikom najwy\u017csz\u0105 jako\u015b\u0107 u\u017cytkowania.<\/p>\t\t\t\t\t\t\t\t<\/div>\n\t\t\t\t\t<\/div>\n\t\t<\/div>\n\t\t\t\t\t<\/div>\n\t\t<\/section>\n\t\t\t\t<section class=\"elementor-section elementor-top-section elementor-element elementor-element-44ae0ae elementor-section-boxed elementor-section-height-default elementor-section-height-default\" data-id=\"44ae0ae\" data-element_type=\"section\">\n\t\t\t\t\t\t<div class=\"elementor-container elementor-column-gap-default\">\n\t\t\t\t\t<div class=\"elementor-column elementor-col-50 elementor-top-column elementor-element elementor-element-9217973\" data-id=\"9217973\" data-element_type=\"column\">\n\t\t\t<div class=\"elementor-widget-wrap elementor-element-populated\">\n\t\t\t\t\t\t<div class=\"elementor-element elementor-element-65ef5ff elementor-widget elementor-widget-text-editor\" data-id=\"65ef5ff\" data-element_type=\"widget\" data-widget_type=\"text-editor.default\">\n\t\t\t\t\t\t\t\t\t<p><strong>Zgodny z OCPP<\/strong><br \/>W pe\u0142ni zgodny z profilami OCPP 1.6J i OCPP 2.0, co oznacza, \u017ce mo\u017cna go \u0142atwo pod\u0142\u0105czy\u0107 do dowolnego systemu OCPP CCMS innej firmy w celu zdalnego monitorowania i zarz\u0105dzania.<\/p><p><strong>Obs\u0142uga dynamicznego r\u00f3wnowa\u017cenia obci\u0105\u017cenia<\/strong><br \/>Funkcja r\u00f3wnowa\u017cenia obci\u0105\u017cenia IOCAH20 sprawia, \u017ce urz\u0105dzenie idealnie nadaje si\u0119 do \u0142adowania w domu i w budynkach mieszkalnych. Zapewnia ono u\u017cytkownikowi mo\u017cliwo\u015b\u0107 dynamicznego r\u00f3wnowa\u017cenia ca\u0142ej dost\u0119pnej energii elektrycznej w domu, w tym energii s\u0142onecznej i energii z systemu akumulator\u00f3w, dzi\u0119ki czemu obw\u00f3d nigdy nie zostanie przeci\u0105\u017cony. Wszystkie urz\u0105dzenia mog\u0105 wtedy dzia\u0142a\u0107 normalnie, maksymalizuj\u0105c ekonomiczne zu\u017cycie energii.<\/p>\t\t\t\t\t\t\t\t<\/div>\n\t\t\t\t\t<\/div>\n\t\t<\/div>\n\t\t\t\t<div class=\"elementor-column elementor-col-50 elementor-top-column elementor-element elementor-element-31e42a2\" data-id=\"31e42a2\" data-element_type=\"column\">\n\t\t\t<div class=\"elementor-widget-wrap elementor-element-populated\">\n\t\t\t\t\t\t<div class=\"elementor-element elementor-element-e9d38df elementor-widget elementor-widget-image\" data-id=\"e9d38df\" data-element_type=\"widget\" data-widget_type=\"image.default\">\n\t\t\t\t\t\t\t\t\t\t\t\t\t\t\t<img decoding=\"async\" width=\"750\" height=\"750\" src=\"https:\/\/www.iocharger.com\/wp-content\/uploads\/2023\/05\/Dynamic-Load-Balancing-ev-charger-1.png\" class=\"attachment-full size-full wp-image-7005\" alt=\"\u0141adowarka EV z dynamicznym r\u00f3wnowa\u017ceniem obci\u0105\u017cenia\" srcset=\"https:\/\/www.iocharger.com\/wp-content\/uploads\/2023\/05\/Dynamic-Load-Balancing-ev-charger-1.png 750w, https:\/\/www.iocharger.com\/wp-content\/uploads\/2023\/05\/Dynamic-Load-Balancing-ev-charger-1-150x150.png 150w, https:\/\/www.iocharger.com\/wp-content\/uploads\/2023\/05\/Dynamic-Load-Balancing-ev-charger-1-660x660.png 660w, https:\/\/www.iocharger.com\/wp-content\/uploads\/2023\/05\/Dynamic-Load-Balancing-ev-charger-1-300x300.png 300w, https:\/\/www.iocharger.com\/wp-content\/uploads\/2023\/05\/Dynamic-Load-Balancing-ev-charger-1-285x285.png 285w, https:\/\/www.iocharger.com\/wp-content\/uploads\/2023\/05\/Dynamic-Load-Balancing-ev-charger-1-270x270.png 270w, https:\/\/www.iocharger.com\/wp-content\/uploads\/2023\/05\/Dynamic-Load-Balancing-ev-charger-1-540x540.png 540w\" sizes=\"(max-width: 750px) 100vw, 750px\" \/>\t\t\t\t\t\t\t\t\t\t\t\t\t\t\t<\/div>\n\t\t\t\t\t<\/div>\n\t\t<\/div>\n\t\t\t\t\t<\/div>\n\t\t<\/section>\n\t\t\t\t<section class=\"elementor-section elementor-top-section elementor-element elementor-element-fd82118 elementor-section-boxed elementor-section-height-default elementor-section-height-default\" data-id=\"fd82118\" data-element_type=\"section\">\n\t\t\t\t\t\t<div class=\"elementor-container elementor-column-gap-default\">\n\t\t\t\t\t<div class=\"elementor-column elementor-col-50 elementor-top-column elementor-element elementor-element-816c203\" data-id=\"816c203\" data-element_type=\"column\">\n\t\t\t<div class=\"elementor-widget-wrap elementor-element-populated\">\n\t\t\t\t\t\t<div class=\"elementor-element elementor-element-5179c5e elementor-widget elementor-widget-image\" data-id=\"5179c5e\" data-element_type=\"widget\" data-widget_type=\"image.default\">\n\t\t\t\t\t\t\t\t\t\t\t\t\t\t\t<img loading=\"lazy\" decoding=\"async\" width=\"750\" height=\"750\" src=\"https:\/\/www.iocharger.com\/wp-content\/uploads\/2023\/05\/smart-app-control-ev-charging-1.png\" class=\"attachment-full size-full wp-image-3984\" alt=\"inteligentna aplikacja do sterowania \u0142adowaniem pojazd\u00f3w elektrycznych\" srcset=\"https:\/\/www.iocharger.com\/wp-content\/uploads\/2023\/05\/smart-app-control-ev-charging-1.png 750w, https:\/\/www.iocharger.com\/wp-content\/uploads\/2023\/05\/smart-app-control-ev-charging-1-150x150.png 150w, https:\/\/www.iocharger.com\/wp-content\/uploads\/2023\/05\/smart-app-control-ev-charging-1-660x660.png 660w, https:\/\/www.iocharger.com\/wp-content\/uploads\/2023\/05\/smart-app-control-ev-charging-1-300x300.png 300w, https:\/\/www.iocharger.com\/wp-content\/uploads\/2023\/05\/smart-app-control-ev-charging-1-285x285.png 285w, https:\/\/www.iocharger.com\/wp-content\/uploads\/2023\/05\/smart-app-control-ev-charging-1-270x270.png 270w, https:\/\/www.iocharger.com\/wp-content\/uploads\/2023\/05\/smart-app-control-ev-charging-1-540x540.png 540w\" sizes=\"(max-width: 750px) 100vw, 750px\" \/>\t\t\t\t\t\t\t\t\t\t\t\t\t\t\t<\/div>\n\t\t\t\t\t<\/div>\n\t\t<\/div>\n\t\t\t\t<div class=\"elementor-column elementor-col-50 elementor-top-column elementor-element elementor-element-48ab8d2\" data-id=\"48ab8d2\" data-element_type=\"column\">\n\t\t\t<div class=\"elementor-widget-wrap elementor-element-populated\">\n\t\t\t\t\t\t<div class=\"elementor-element elementor-element-d79b927 elementor-widget elementor-widget-text-editor\" data-id=\"d79b927\" data-element_type=\"widget\" data-widget_type=\"text-editor.default\">\n\t\t\t\t\t\t\t\t\t<p><strong>Ekonomiczne \u0142adowanie<\/strong><\/p><p>Gwa\u0142towny wzrost cen energii elektrycznej spowodowa\u0142 znaczny wzrost wydatk\u00f3w gospodarstw domowych na energi\u0119 elektryczn\u0105. Najlepszym wyborem dla u\u017cytkownik\u00f3w jest korzystanie z taryfy czasowej dla \u0142adowania poza godzinami szczytu, aby zminimalizowa\u0107 koszty \u0142adowania. Nasza aplikacja mobilna IOC Family zapewnia pe\u0142n\u0105 kontrol\u0119 nad \u0142adowaniem i zu\u017cyciem energii. Aplikacja umo\u017cliwia r\u00f3wnie\u017c \u0142adowanie samochodu, gdy cena energii elektrycznej jest niska, poprzez aktywacj\u0119 trybu Eco.<\/p>\t\t\t\t\t\t\t\t<\/div>\n\t\t\t\t\t<\/div>\n\t\t<\/div>\n\t\t\t\t\t<\/div>\n\t\t<\/section>\n\t\t\t\t<\/div>","protected":false},"excerpt":{"rendered":"<p>Najinteligentniejsza \u0142adowarka z funkcj\u0105 inteligentnego \u0142adowania i przyjazn\u0105 dla u\u017cytkownika aplikacj\u0105 mobiln\u0105, kt\u00f3ra oferuje takie funkcje, jak zarz\u0105dzanie harmonogramem \u0142adowania, zarz\u0105dzanie energi\u0105, tryb Eco itp.<\/p>\n<ul class=\"clearfix\">\n<li>Napi\u0119cie wej\u015bciowe: 1-fazowe 230 V \u00b1 20%; 3-fazowe 400 V \u00b1 20%<\/li>\n<li>Moc wyj\u015bciowa: 1-fazowa 7 kW 32 A; 3-fazowa 22 kW 32 A<\/li>\n<li>Wewn\u0119trzny wy\u0142\u0105cznik r\u00f3\u017cnicowopr\u0105dowy: AC 30 mA i DC 6 mA Certyfikaty IEC62955 i IEC61008<\/li>\n<li>Wy\u015bwietlacz: 2,8\u201d LCD<\/li>\n<li>Licznik: Licznik IC lub MID (opcjonalnie)<\/li>\n<li>Interfejs sieciowy: Ethernet\/WiFi\/4G \u2013 inteligentne po\u0142\u0105czenie internetowe<\/li>\n<li>OCPP: Pe\u0142na obs\u0142uga OCPP 1.6J\/ OCPP 2.0.1<\/li>\n<li>ISO15118 Plug&amp;Charge: mo\u017cliwo\u015b\u0107 aktualizacji<\/li>\n<li>Stopie\u0144 ochrony: IP55<\/li>\n<li>Wymiary przesy\u0142ki: 500 x 383 x 198 mm; 500 x 383 x 243 mm<\/li>\n<li>Interfejs \u0142adowania: SAE J1772 i kabel typu 2 \/ gniazdo typu 2 \/ gniazdo T2S z os\u0142on\u0105<\/li>\n<li>Typ monta\u017cu: na \u015bcianie lub pod\u0142odze (podstawa dostarczana oddzielnie)<\/li>\n<\/ul>","protected":false},"featured_media":5404,"template":"","meta":{"_acf_changed":false},"product_brand":[],"product_cat":[61],"product_tag":[59,60,380,62,379],"class_list":{"0":"post-2028","1":"product","2":"type-product","3":"status-publish","4":"has-post-thumbnail","6":"product_cat-commercial-ev-charger","7":"product_tag-22kw-home-smart-ev-charger","8":"product_tag-7kw-22kw-residential-ev-charger","9":"product_tag-commercial-level-2-ev-charger","10":"product_tag-iso15118-plug-charge","11":"product_tag-ocpp-ev-charger","13":"first","14":"instock","15":"featured","16":"shipping-taxable","17":"product-type-simple"},"acf":[],"_links":{"self":[{"href":"https:\/\/www.iocharger.com\/pl\/wp-json\/wp\/v2\/product\/2028","targetHints":{"allow":["GET"]}}],"collection":[{"href":"https:\/\/www.iocharger.com\/pl\/wp-json\/wp\/v2\/product"}],"about":[{"href":"https:\/\/www.iocharger.com\/pl\/wp-json\/wp\/v2\/types\/product"}],"version-history":[{"count":1,"href":"https:\/\/www.iocharger.com\/pl\/wp-json\/wp\/v2\/product\/2028\/revisions"}],"predecessor-version":[{"id":9818,"href":"https:\/\/www.iocharger.com\/pl\/wp-json\/wp\/v2\/product\/2028\/revisions\/9818"}],"wp:featuredmedia":[{"embeddable":true,"href":"https:\/\/www.iocharger.com\/pl\/wp-json\/wp\/v2\/media\/5404"}],"wp:attachment":[{"href":"https:\/\/www.iocharger.com\/pl\/wp-json\/wp\/v2\/media?parent=2028"}],"wp:term":[{"taxonomy":"product_brand","embeddable":true,"href":"https:\/\/www.iocharger.com\/pl\/wp-json\/wp\/v2\/product_brand?post=2028"},{"taxonomy":"product_cat","embeddable":true,"href":"https:\/\/www.iocharger.com\/pl\/wp-json\/wp\/v2\/product_cat?post=2028"},{"taxonomy":"product_tag","embeddable":true,"href":"https:\/\/www.iocharger.com\/pl\/wp-json\/wp\/v2\/product_tag?post=2028"}],"curies":[{"name":"wp","href":"https:\/\/api.w.org\/{rel}","templated":true}]}}