{"id":1812,"date":"2023-05-26T02:24:39","date_gmt":"2023-05-26T02:24:39","guid":{"rendered":"https:\/\/test2.honstyle.com\/?page_id=1812"},"modified":"2023-05-26T02:24:39","modified_gmt":"2023-05-26T02:24:39","slug":"workplace","status":"publish","type":"page","link":"https:\/\/www.iocharger.com\/pl\/workplace\/","title":{"rendered":"Miejsce pracy"},"content":{"rendered":"<div data-elementor-type=\"wp-page\" data-elementor-id=\"1812\" class=\"elementor elementor-1812\" data-elementor-post-type=\"page\">\n\t\t\t\t\t\t<section class=\"elementor-section elementor-top-section elementor-element elementor-element-222d0d3 elementor-section-boxed elementor-section-height-default elementor-section-height-default\" data-id=\"222d0d3\" data-element_type=\"section\">\n\t\t\t\t\t\t<div class=\"elementor-container elementor-column-gap-default\">\n\t\t\t\t\t<div class=\"elementor-column elementor-col-100 elementor-top-column elementor-element elementor-element-675075c\" data-id=\"675075c\" data-element_type=\"column\">\n\t\t\t<div class=\"elementor-widget-wrap elementor-element-populated\">\n\t\t\t\t\t\t<div class=\"elementor-element elementor-element-c65536a elementor-widget elementor-widget-text-editor\" data-id=\"c65536a\" data-element_type=\"widget\" data-widget_type=\"text-editor.default\">\n\t\t\t\t\t\t\t\t\t<p>Wraz z szybkim rozwojem pojazd\u00f3w elektrycznych, coraz wi\u0119cej \u0142adowarek EV jest potrzebnych w miejscach pracy, na parkingach publicznych, stacjach benzynowych itp. Wi\u0105\u017ce si\u0119 to r\u00f3wnie\u017c z wysokim poziomem zapotrzebowania na energi\u0119, kt\u00f3ry mo\u017cna zmaksymalizowa\u0107 i ekonomicznie zintegrowa\u0107 z energi\u0105 s\u0142oneczn\u0105 i bateryjn\u0105.<\/p><p>\u00a0<\/p><p><strong>Pe\u0142ny zakres produkt\u00f3w<\/strong><\/p><p>Iocharger oferuje kompletne rozwi\u0105zania do \u0142adowania pojazd\u00f3w elektrycznych w miejscu pracy, takie jak \u0142adowarki, system zarz\u0105dzania \u0142adowaniem, aplikacje mobilne itp. Nasze \u0142adowarki s\u0105 kompatybilne ze wszystkimi modelami pojazd\u00f3w elektrycznych i \u0142atwe do pod\u0142\u0105czenia do platform opartych na OCPP.<\/p>\t\t\t\t\t\t\t\t<\/div>\n\t\t\t\t<div class=\"elementor-element elementor-element-92ad9ff elementor-widget elementor-widget-image\" data-id=\"92ad9ff\" data-element_type=\"widget\" data-widget_type=\"image.default\">\n\t\t\t\t\t\t\t\t\t\t\t\t\t\t\t<img fetchpriority=\"high\" decoding=\"async\" width=\"920\" height=\"518\" src=\"https:\/\/www.iocharger.com\/wp-content\/uploads\/2023\/05\/2-1.jpg\" class=\"attachment-full size-full wp-image-1865\" alt=\"\" srcset=\"https:\/\/www.iocharger.com\/wp-content\/uploads\/2023\/05\/2-1.jpg 920w, https:\/\/www.iocharger.com\/wp-content\/uploads\/2023\/05\/2-1-150x84.jpg 150w, https:\/\/www.iocharger.com\/wp-content\/uploads\/2023\/05\/2-1-660x372.jpg 660w, https:\/\/www.iocharger.com\/wp-content\/uploads\/2023\/05\/2-1-300x169.jpg 300w, https:\/\/www.iocharger.com\/wp-content\/uploads\/2023\/05\/2-1-768x432.jpg 768w, https:\/\/www.iocharger.com\/wp-content\/uploads\/2023\/05\/2-1-285x160.jpg 285w\" sizes=\"(max-width: 920px) 100vw, 920px\" \/>\t\t\t\t\t\t\t\t\t\t\t\t\t\t\t<\/div>\n\t\t\t\t<div class=\"elementor-element elementor-element-2ca9f3b elementor-widget elementor-widget-text-editor\" data-id=\"2ca9f3b\" data-element_type=\"widget\" data-widget_type=\"text-editor.default\">\n\t\t\t\t\t\t\t\t\t<p align=\"justify\"><strong>Uczy\u0144 \u0142adowanie bardziej inteligentnym i zhumanizowanym<\/strong><\/p><p>Bezpieczny system wielu serwer\u00f3w spe\u0142niaj\u0105cy r\u00f3\u017cne potrzeby<\/p><p>Zarz\u0105dzanie \u0142adowarkami i pojazdami elektrycznymi za pomoc\u0105 zaawansowanej strony internetowej<\/p><p>Zarz\u0105dzanie grupowe, oddzielne p\u0142atno\u015bci dla pojazd\u00f3w prywatnych i firmowych<\/p><p>Bogate strategie \u0142adowania i zr\u00f3\u017cnicowane rabaty<\/p><p>Niezale\u017cne plany rozliczeniowe i strategia rynkowa dla podoperatora<\/p><p>R\u00f3\u017cne poziomy VIP zapewniaj\u0105 r\u00f3\u017cne zni\u017cki, aby przyci\u0105gn\u0105\u0107 u\u017cytkownik\u00f3w i utrzyma\u0107 lojalno\u015b\u0107 klient\u00f3w.<\/p><p>\u0141atwe zdalne sterowanie i wygodna obs\u0142uga rezerwacji.<\/p><p>Dynamiczne i monitorowane zarz\u0105dzanie r\u00f3wnowa\u017ceniem obci\u0105\u017cenia\u00a0<\/p>\t\t\t\t\t\t\t\t<\/div>\n\t\t\t\t<div class=\"elementor-element elementor-element-f2fd2f1 elementor-widget elementor-widget-image\" data-id=\"f2fd2f1\" data-element_type=\"widget\" data-widget_type=\"image.default\">\n\t\t\t\t\t\t\t\t\t\t\t\t\t\t\t<img decoding=\"async\" width=\"1920\" height=\"1188\" src=\"https:\/\/www.iocharger.com\/wp-content\/uploads\/2023\/05\/3-1.jpg\" class=\"attachment-full size-full wp-image-1866\" alt=\"\" srcset=\"https:\/\/www.iocharger.com\/wp-content\/uploads\/2023\/05\/3-1.jpg 1920w, https:\/\/www.iocharger.com\/wp-content\/uploads\/2023\/05\/3-1-150x93.jpg 150w, https:\/\/www.iocharger.com\/wp-content\/uploads\/2023\/05\/3-1-660x408.jpg 660w, https:\/\/www.iocharger.com\/wp-content\/uploads\/2023\/05\/3-1-300x186.jpg 300w, https:\/\/www.iocharger.com\/wp-content\/uploads\/2023\/05\/3-1-1200x743.jpg 1200w, https:\/\/www.iocharger.com\/wp-content\/uploads\/2023\/05\/3-1-768x475.jpg 768w, https:\/\/www.iocharger.com\/wp-content\/uploads\/2023\/05\/3-1-1536x950.jpg 1536w, https:\/\/www.iocharger.com\/wp-content\/uploads\/2023\/05\/3-1-285x176.jpg 285w, https:\/\/www.iocharger.com\/wp-content\/uploads\/2023\/05\/3-1-1600x990.jpg 1600w\" sizes=\"(max-width: 1920px) 100vw, 1920px\" \/>\t\t\t\t\t\t\t\t\t\t\t\t\t\t\t<\/div>\n\t\t\t\t<div class=\"elementor-element elementor-element-cfe54c5 elementor-widget elementor-widget-text-editor\" data-id=\"cfe54c5\" data-element_type=\"widget\" data-widget_type=\"text-editor.default\">\n\t\t\t\t\t\t\t\t\t<p><strong>Umie\u015b\u0107 iocharger w miejscu pracy, aby \u0142adowa\u0107 pracownik\u00f3w<\/strong><\/p><p>Posiadanie \u0142adowarek w miejscu pracy sprawia, \u017ce pakiet \u015bwiadcze\u0144 jest bardziej atrakcyjny i mo\u017ce przyci\u0105gn\u0105\u0107 i zatrzyma\u0107 najwi\u0119ksze talenty w organizacji. \u0141adowarki EV w miejscu pracy u\u0142atwi\u0105 im dojazd do pracy i prac\u0119 w r\u00f3\u017cnych lokalizacjach. Co wi\u0119cej, stanie si\u0119 cz\u0142onkiem zr\u00f3wnowa\u017conego rozwoju, zmniejszy emisj\u0119 gaz\u00f3w cieplarnianych, uczyni zr\u00f3wnowa\u017cony rozw\u00f3j celem firmy i poprawi jej wizerunek.<\/p>\t\t\t\t\t\t\t\t<\/div>\n\t\t\t\t\t<\/div>\n\t\t<\/div>\n\t\t\t\t\t<\/div>\n\t\t<\/section>\n\t\t\t\t<\/div>","protected":false},"excerpt":{"rendered":"<p>With the rapid growth of electric vehicles,\u00a0 more and more EV chargers are needed in workplaces, public parking&#8230;<\/p>","protected":false},"author":1,"featured_media":0,"parent":0,"menu_order":0,"comment_status":"closed","ping_status":"closed","template":"","meta":{"_acf_changed":false,"footnotes":""},"class_list":["post-1812","page","type-page","status-publish","hentry"],"acf":[],"_links":{"self":[{"href":"https:\/\/www.iocharger.com\/pl\/wp-json\/wp\/v2\/pages\/1812","targetHints":{"allow":["GET"]}}],"collection":[{"href":"https:\/\/www.iocharger.com\/pl\/wp-json\/wp\/v2\/pages"}],"about":[{"href":"https:\/\/www.iocharger.com\/pl\/wp-json\/wp\/v2\/types\/page"}],"author":[{"embeddable":true,"href":"https:\/\/www.iocharger.com\/pl\/wp-json\/wp\/v2\/users\/1"}],"replies":[{"embeddable":true,"href":"https:\/\/www.iocharger.com\/pl\/wp-json\/wp\/v2\/comments?post=1812"}],"version-history":[{"count":0,"href":"https:\/\/www.iocharger.com\/pl\/wp-json\/wp\/v2\/pages\/1812\/revisions"}],"wp:attachment":[{"href":"https:\/\/www.iocharger.com\/pl\/wp-json\/wp\/v2\/media?parent=1812"}],"curies":[{"name":"wp","href":"https:\/\/api.w.org\/{rel}","templated":true}]}}