{"id":7625,"date":"2025-08-19T14:54:39","date_gmt":"2025-08-19T06:54:39","guid":{"rendered":"https:\/\/www.iocharger.com\/?post_type=product&#038;p=7625"},"modified":"2026-03-16T06:27:31","modified_gmt":"2026-03-16T06:27:31","slug":"megawatt-charging-system-satellite-dc-ev-charger","status":"publish","type":"product","link":"https:\/\/www.iocharger.com\/it\/megawatt-charging-system-satellite-dc-ev-charger\/","title":{"rendered":"Sistema di ricarica Megawatt Caricatore satellitare CC per veicoli elettrici 480 kW 960 kW Ricarica per flotte"},"content":{"rendered":"<div data-elementor-type=\"product-post\" data-elementor-id=\"7625\" class=\"elementor elementor-7625\" data-elementor-post-type=\"product\">\n\t\t\t\t\t\t<section class=\"elementor-section elementor-top-section elementor-element elementor-element-83d7d0f elementor-section-boxed elementor-section-height-default elementor-section-height-default\" data-id=\"83d7d0f\" data-element_type=\"section\">\n\t\t\t\t\t\t<div class=\"elementor-container elementor-column-gap-default\">\n\t\t\t\t\t<div class=\"elementor-column elementor-col-50 elementor-top-column elementor-element elementor-element-7285334\" data-id=\"7285334\" data-element_type=\"column\">\n\t\t\t<div class=\"elementor-widget-wrap elementor-element-populated\">\n\t\t\t\t\t\t<div class=\"elementor-element elementor-element-7deac97 elementor-widget elementor-widget-text-editor\" data-id=\"7deac97\" data-element_type=\"widget\" data-widget_type=\"text-editor.default\">\n\t\t\t\t\t\t\t\t\t<p><strong>Caratteristiche principali:<\/strong><\/p><ul><li>Da 480 kW fino a 960 kW<\/li><li>ISO15118 Plug&amp;Charge (PnC)<\/li><li>Supporto completo dei profili OCPP 1.6J e OCPP 2.0.1<\/li><li>Touch screen LCD da 7 pollici<\/li><li>Ricarica rapida con raffreddamento ad aria max. 400 A<\/li><li>Ricarica rapida con raffreddamento a liquido max. 600 A<\/li><li>Bilanciamento dinamico del carico e supporto alla strategia di determinazione dinamica dei prezzi<\/li><li>La raccolta dei dati con crittografia TLS garantisce un elevato livello di sicurezza dei dati<\/li><li>Sistema di gestione dei cavi opzionale<\/li><li>Sistema di manutenzione remota online<\/li><li>Aggiornamento firmware tramite OTA<\/li><\/ul>\t\t\t\t\t\t\t\t<\/div>\n\t\t\t\t\t<\/div>\n\t\t<\/div>\n\t\t\t\t<div class=\"elementor-column elementor-col-50 elementor-top-column elementor-element elementor-element-5e05a1e\" data-id=\"5e05a1e\" data-element_type=\"column\">\n\t\t\t<div class=\"elementor-widget-wrap elementor-element-populated\">\n\t\t\t\t\t\t<div class=\"elementor-element elementor-element-07a83f2 elementor-widget elementor-widget-image\" data-id=\"07a83f2\" data-element_type=\"widget\" data-widget_type=\"image.default\">\n\t\t\t\t\t\t\t\t\t\t\t\t\t\t\t<img fetchpriority=\"high\" decoding=\"async\" width=\"1000\" height=\"1000\" src=\"https:\/\/www.iocharger.com\/wp-content\/uploads\/2025\/08\/Satellite-EV-Charger-1.jpg\" class=\"attachment-full size-full wp-image-7770\" alt=\"Caricabatterie satellitare per veicoli elettrici\" srcset=\"https:\/\/www.iocharger.com\/wp-content\/uploads\/2025\/08\/Satellite-EV-Charger-1.jpg 1000w, https:\/\/www.iocharger.com\/wp-content\/uploads\/2025\/08\/Satellite-EV-Charger-1-150x150.jpg 150w, https:\/\/www.iocharger.com\/wp-content\/uploads\/2025\/08\/Satellite-EV-Charger-1-660x660.jpg 660w, https:\/\/www.iocharger.com\/wp-content\/uploads\/2025\/08\/Satellite-EV-Charger-1-300x300.jpg 300w, https:\/\/www.iocharger.com\/wp-content\/uploads\/2025\/08\/Satellite-EV-Charger-1-768x768.jpg 768w, https:\/\/www.iocharger.com\/wp-content\/uploads\/2025\/08\/Satellite-EV-Charger-1-285x285.jpg 285w, https:\/\/www.iocharger.com\/wp-content\/uploads\/2025\/08\/Satellite-EV-Charger-1-270x270.jpg 270w, https:\/\/www.iocharger.com\/wp-content\/uploads\/2025\/08\/Satellite-EV-Charger-1-540x540.jpg 540w\" sizes=\"(max-width: 1000px) 100vw, 1000px\" \/>\t\t\t\t\t\t\t\t\t\t\t\t\t\t\t<\/div>\n\t\t\t\t\t<\/div>\n\t\t<\/div>\n\t\t\t\t\t<\/div>\n\t\t<\/section>\n\t\t\t\t<section class=\"elementor-section elementor-top-section elementor-element elementor-element-c44a971 elementor-section-boxed elementor-section-height-default elementor-section-height-default\" data-id=\"c44a971\" data-element_type=\"section\">\n\t\t\t\t\t\t<div class=\"elementor-container elementor-column-gap-default\">\n\t\t\t\t\t<div class=\"elementor-column elementor-col-50 elementor-top-column elementor-element elementor-element-c2d86ee\" data-id=\"c2d86ee\" data-element_type=\"column\">\n\t\t\t<div class=\"elementor-widget-wrap elementor-element-populated\">\n\t\t\t\t\t\t<div class=\"elementor-element elementor-element-4bf0f15 elementor-widget elementor-widget-image\" data-id=\"4bf0f15\" data-element_type=\"widget\" data-widget_type=\"image.default\">\n\t\t\t\t\t\t\t\t\t\t\t\t\t\t\t<img decoding=\"async\" width=\"1000\" height=\"1000\" src=\"https:\/\/www.iocharger.com\/wp-content\/uploads\/2025\/08\/22-1-1.jpg\" class=\"attachment-full size-full wp-image-7771\" alt=\"Caricabatterie DC scalabile per veicoli elettrici satellitari\" srcset=\"https:\/\/www.iocharger.com\/wp-content\/uploads\/2025\/08\/22-1-1.jpg 1000w, https:\/\/www.iocharger.com\/wp-content\/uploads\/2025\/08\/22-1-1-150x150.jpg 150w, https:\/\/www.iocharger.com\/wp-content\/uploads\/2025\/08\/22-1-1-660x660.jpg 660w, https:\/\/www.iocharger.com\/wp-content\/uploads\/2025\/08\/22-1-1-300x300.jpg 300w, https:\/\/www.iocharger.com\/wp-content\/uploads\/2025\/08\/22-1-1-768x768.jpg 768w, https:\/\/www.iocharger.com\/wp-content\/uploads\/2025\/08\/22-1-1-285x285.jpg 285w, https:\/\/www.iocharger.com\/wp-content\/uploads\/2025\/08\/22-1-1-270x270.jpg 270w, https:\/\/www.iocharger.com\/wp-content\/uploads\/2025\/08\/22-1-1-540x540.jpg 540w\" sizes=\"(max-width: 1000px) 100vw, 1000px\" \/>\t\t\t\t\t\t\t\t\t\t\t\t\t\t\t<\/div>\n\t\t\t\t\t<\/div>\n\t\t<\/div>\n\t\t\t\t<div class=\"elementor-column elementor-col-50 elementor-top-column elementor-element elementor-element-b41e707\" data-id=\"b41e707\" data-element_type=\"column\">\n\t\t\t<div class=\"elementor-widget-wrap elementor-element-populated\">\n\t\t\t\t\t\t<div class=\"elementor-element elementor-element-366be1c elementor-widget elementor-widget-text-editor\" data-id=\"366be1c\" data-element_type=\"widget\" data-widget_type=\"text-editor.default\">\n\t\t\t\t\t\t\t\t\t<p><strong>Espansione dell'alimentazione scalabile e flessibile<\/strong><\/p><p>Il sistema di ricarica CC satellitare di iocharger \u00e8 progettato per garantire una scalabilit\u00e0 senza soluzione di continuit\u00e0 e una flessibilit\u00e0 a lungo termine. Si pu\u00f2 iniziare con una singola unit\u00e0 di alimentazione e ampliarla in modo incrementale aggiungendo altri moduli di alimentazione prima di aumentare il numero di unit\u00e0. Ogni unit\u00e0 di alimentazione pu\u00f2 ospitare un numero variabile di moduli e distributori, adattandosi alle mutevoli esigenze di ricarica. Riservando lo spazio e il cablaggio durante l'installazione iniziale, le espansioni future possono essere completate in modo rapido, efficiente e con il minimo disagio, garantendo che l'infrastruttura di ricarica cresca senza sforzo insieme alle vostre esigenze.<\/p>\t\t\t\t\t\t\t\t<\/div>\n\t\t\t\t\t<\/div>\n\t\t<\/div>\n\t\t\t\t\t<\/div>\n\t\t<\/section>\n\t\t\t\t<section class=\"elementor-section elementor-top-section elementor-element elementor-element-7479d51 elementor-section-boxed elementor-section-height-default elementor-section-height-default\" data-id=\"7479d51\" data-element_type=\"section\">\n\t\t\t\t\t\t<div class=\"elementor-container elementor-column-gap-default\">\n\t\t\t\t\t<div class=\"elementor-column elementor-col-50 elementor-top-column elementor-element elementor-element-01b3914\" data-id=\"01b3914\" data-element_type=\"column\">\n\t\t\t<div class=\"elementor-widget-wrap elementor-element-populated\">\n\t\t\t\t\t\t<div class=\"elementor-element elementor-element-19e9715 elementor-widget elementor-widget-text-editor\" data-id=\"19e9715\" data-element_type=\"widget\" data-widget_type=\"text-editor.default\">\n\t\t\t\t\t\t\t\t\t<p><strong>Ricarica prioritaria intelligente<\/strong><\/p><p>Ottimizza l'efficienza di ricarica con il nostro sistema avanzato di priorit\u00e0. Attiva Boost Access per una ricarica alla massima velocit\u00e0 ogni volta che ne hai bisogno. I membri VIP hanno sempre la massima priorit\u00e0, mentre gli utenti registrati beneficiano di un servizio pi\u00f9 rapido rispetto agli ospiti. Anche agli utenti che utilizzano il servizio per la prima volta viene garantita una potenza sufficiente per completare la ricarica. Durante i periodi di forte domanda, il sistema bilancia in modo intelligente la distribuzione dell'energia per garantire un funzionamento fluido e affidabile per tutti i veicoli.<\/p>\t\t\t\t\t\t\t\t<\/div>\n\t\t\t\t\t<\/div>\n\t\t<\/div>\n\t\t\t\t<div class=\"elementor-column elementor-col-50 elementor-top-column elementor-element elementor-element-46f16ee\" data-id=\"46f16ee\" data-element_type=\"column\">\n\t\t\t<div class=\"elementor-widget-wrap elementor-element-populated\">\n\t\t\t\t\t\t<div class=\"elementor-element elementor-element-c00efcf elementor-widget elementor-widget-image\" data-id=\"c00efcf\" data-element_type=\"widget\" data-widget_type=\"image.default\">\n\t\t\t\t\t\t\t\t\t\t\t\t\t\t\t<img decoding=\"async\" width=\"1000\" height=\"1000\" src=\"https:\/\/www.iocharger.com\/wp-content\/uploads\/2025\/08\/33-1.jpg\" class=\"attachment-full size-full wp-image-7651\" alt=\"Caricatore satellitare Priority Charging per veicoli elettrici\" srcset=\"https:\/\/www.iocharger.com\/wp-content\/uploads\/2025\/08\/33-1.jpg 1000w, https:\/\/www.iocharger.com\/wp-content\/uploads\/2025\/08\/33-1-150x150.jpg 150w, https:\/\/www.iocharger.com\/wp-content\/uploads\/2025\/08\/33-1-660x660.jpg 660w, https:\/\/www.iocharger.com\/wp-content\/uploads\/2025\/08\/33-1-300x300.jpg 300w, https:\/\/www.iocharger.com\/wp-content\/uploads\/2025\/08\/33-1-768x768.jpg 768w, https:\/\/www.iocharger.com\/wp-content\/uploads\/2025\/08\/33-1-285x285.jpg 285w, https:\/\/www.iocharger.com\/wp-content\/uploads\/2025\/08\/33-1-270x270.jpg 270w, https:\/\/www.iocharger.com\/wp-content\/uploads\/2025\/08\/33-1-540x540.jpg 540w\" sizes=\"(max-width: 1000px) 100vw, 1000px\" \/>\t\t\t\t\t\t\t\t\t\t\t\t\t\t\t<\/div>\n\t\t\t\t\t<\/div>\n\t\t<\/div>\n\t\t\t\t\t<\/div>\n\t\t<\/section>\n\t\t\t\t<section class=\"elementor-section elementor-top-section elementor-element elementor-element-f676a35 elementor-section-boxed elementor-section-height-default elementor-section-height-default\" data-id=\"f676a35\" data-element_type=\"section\">\n\t\t\t\t\t\t<div class=\"elementor-container elementor-column-gap-default\">\n\t\t\t\t\t<div class=\"elementor-column elementor-col-50 elementor-top-column elementor-element elementor-element-95c2c8f\" data-id=\"95c2c8f\" data-element_type=\"column\">\n\t\t\t<div class=\"elementor-widget-wrap elementor-element-populated\">\n\t\t\t\t\t\t<div class=\"elementor-element elementor-element-fefd379 elementor-widget elementor-widget-image\" data-id=\"fefd379\" data-element_type=\"widget\" data-widget_type=\"image.default\">\n\t\t\t\t\t\t\t\t\t\t\t\t\t\t\t<img loading=\"lazy\" decoding=\"async\" width=\"1000\" height=\"1000\" src=\"https:\/\/www.iocharger.com\/wp-content\/uploads\/2025\/08\/44-1-1.jpg\" class=\"attachment-full size-full wp-image-7772\" alt=\"Ricarica elettrica sicura TLS\" srcset=\"https:\/\/www.iocharger.com\/wp-content\/uploads\/2025\/08\/44-1-1.jpg 1000w, https:\/\/www.iocharger.com\/wp-content\/uploads\/2025\/08\/44-1-1-150x150.jpg 150w, https:\/\/www.iocharger.com\/wp-content\/uploads\/2025\/08\/44-1-1-660x660.jpg 660w, https:\/\/www.iocharger.com\/wp-content\/uploads\/2025\/08\/44-1-1-300x300.jpg 300w, https:\/\/www.iocharger.com\/wp-content\/uploads\/2025\/08\/44-1-1-768x768.jpg 768w, https:\/\/www.iocharger.com\/wp-content\/uploads\/2025\/08\/44-1-1-285x285.jpg 285w, https:\/\/www.iocharger.com\/wp-content\/uploads\/2025\/08\/44-1-1-270x270.jpg 270w, https:\/\/www.iocharger.com\/wp-content\/uploads\/2025\/08\/44-1-1-540x540.jpg 540w\" sizes=\"(max-width: 1000px) 100vw, 1000px\" \/>\t\t\t\t\t\t\t\t\t\t\t\t\t\t\t<\/div>\n\t\t\t\t\t<\/div>\n\t\t<\/div>\n\t\t\t\t<div class=\"elementor-column elementor-col-50 elementor-top-column elementor-element elementor-element-7c15c6e\" data-id=\"7c15c6e\" data-element_type=\"column\">\n\t\t\t<div class=\"elementor-widget-wrap elementor-element-populated\">\n\t\t\t\t\t\t<div class=\"elementor-element elementor-element-e722b97 elementor-widget elementor-widget-text-editor\" data-id=\"e722b97\" data-element_type=\"widget\" data-widget_type=\"text-editor.default\">\n\t\t\t\t\t\t\t\t\t<p><strong>Comunicazione crittografata sicura (autenticazione reciproca TLS)<\/strong><\/p><p>Il sistema utilizza una comunicazione completamente crittografata basata su TLS (Transport Layer Security), garantendo che tutti i dati trasmessi siano protetti da fughe e manomissioni. Supporta inoltre l'autenticazione reciproca, verificando entrambe le parti per garantire una connessione sicura e affidabile end-to-end.<\/p>\t\t\t\t\t\t\t\t<\/div>\n\t\t\t\t\t<\/div>\n\t\t<\/div>\n\t\t\t\t\t<\/div>\n\t\t<\/section>\n\t\t\t\t<section class=\"elementor-section elementor-top-section elementor-element elementor-element-9d6c3c7 elementor-section-boxed elementor-section-height-default elementor-section-height-default\" data-id=\"9d6c3c7\" data-element_type=\"section\">\n\t\t\t\t\t\t<div class=\"elementor-container elementor-column-gap-default\">\n\t\t\t\t\t<div class=\"elementor-column elementor-col-50 elementor-top-column elementor-element elementor-element-8c139e7\" data-id=\"8c139e7\" data-element_type=\"column\">\n\t\t\t<div class=\"elementor-widget-wrap elementor-element-populated\">\n\t\t\t\t\t\t<div class=\"elementor-element elementor-element-ca6a65b elementor-widget elementor-widget-text-editor\" data-id=\"ca6a65b\" data-element_type=\"widget\" data-widget_type=\"text-editor.default\">\n\t\t\t\t\t\t\t\t\t<p><strong>Energia intelligente e sostenibile a portata di mano<\/strong><\/p><p>Sfrutta l'energia solare e quella delle batterie per un approvvigionamento energetico pulito e affidabile. Il nostro sistema intelligente di gestione dell'energia ottimizza l'efficienza, supporta la tariffazione dinamica e immagazzina energia per i picchi di domanda. Grazie alle opzioni di espansione flessibili, tra cui ESS e moduli solari, la tua infrastruttura di ricarica pu\u00f2 adattarsi senza soluzione di continuit\u00e0 alle esigenze in continua evoluzione, garantendo il funzionamento regolare dei dispositivi e riducendo al contempo i costi e l'impatto ambientale.<\/p>\t\t\t\t\t\t\t\t<\/div>\n\t\t\t\t\t<\/div>\n\t\t<\/div>\n\t\t\t\t<div class=\"elementor-column elementor-col-50 elementor-top-column elementor-element elementor-element-742b726\" data-id=\"742b726\" data-element_type=\"column\">\n\t\t\t<div class=\"elementor-widget-wrap elementor-element-populated\">\n\t\t\t\t\t\t<div class=\"elementor-element elementor-element-ccce38e elementor-widget elementor-widget-image\" data-id=\"ccce38e\" data-element_type=\"widget\" data-widget_type=\"image.default\">\n\t\t\t\t\t\t\t\t\t\t\t\t\t\t\t<img loading=\"lazy\" decoding=\"async\" width=\"1000\" height=\"1000\" src=\"https:\/\/www.iocharger.com\/wp-content\/uploads\/2025\/08\/55-1-1.jpg\" class=\"attachment-full size-full wp-image-7773\" alt=\"Prezzo dinamico Caricatore satellitare per veicoli elettrici\" srcset=\"https:\/\/www.iocharger.com\/wp-content\/uploads\/2025\/08\/55-1-1.jpg 1000w, https:\/\/www.iocharger.com\/wp-content\/uploads\/2025\/08\/55-1-1-150x150.jpg 150w, https:\/\/www.iocharger.com\/wp-content\/uploads\/2025\/08\/55-1-1-660x660.jpg 660w, https:\/\/www.iocharger.com\/wp-content\/uploads\/2025\/08\/55-1-1-300x300.jpg 300w, https:\/\/www.iocharger.com\/wp-content\/uploads\/2025\/08\/55-1-1-768x768.jpg 768w, https:\/\/www.iocharger.com\/wp-content\/uploads\/2025\/08\/55-1-1-285x285.jpg 285w, https:\/\/www.iocharger.com\/wp-content\/uploads\/2025\/08\/55-1-1-270x270.jpg 270w, https:\/\/www.iocharger.com\/wp-content\/uploads\/2025\/08\/55-1-1-540x540.jpg 540w\" sizes=\"(max-width: 1000px) 100vw, 1000px\" \/>\t\t\t\t\t\t\t\t\t\t\t\t\t\t\t<\/div>\n\t\t\t\t\t<\/div>\n\t\t<\/div>\n\t\t\t\t\t<\/div>\n\t\t<\/section>\n\t\t\t\t<\/div>","protected":false},"excerpt":{"rendered":"<p>Il caricabatterie e il sistema di ricarica Iocharger per veicoli elettrici in corrente continua sono progettati per autobus e flotte commerciali e garantiscono una ricarica rapida e affidabile per pi\u00f9 veicoli contemporaneamente. Grazie all'espansione flessibile e alla gestione intelligente dell'energia, il deposito rimane pienamente operativo, mantenendo la flotta in movimento con tempi di inattivit\u00e0 minimi.<\/p>\n<ul>\n<li>Potenza nominale in ingresso: trifase 400 V \u00b1 15% CA<\/li>\n<li>Potenza massima di uscita CC: 480kW, 960kW<\/li>\n<li>Intervallo di tensione CC in uscita: 150-1000 V CC<\/li>\n<li>Display: 7\u2019\u2019 LCD Touch Screen<\/li>\n<li>Interfaccia di rete: Ethernet\/ connessione internet intelligente 4G<\/li>\n<li>OCPP: supporto completo dei profili OCPP 1.6J\/ OCPP 2.0.1<\/li>\n<li>ISO15118 Plug&amp;Charge: supporto<\/li>\n<li>Protezione dall'ingresso: IP55<\/li>\n<li>Numero di uscite (max.): 6<\/li>\n<li>Interfaccia di ricarica: CCS2, CCS1, CHAdeMO, GB\/T<\/li>\n<li>Tipo di montaggio: a pavimento<\/li>\n<li>Dimensione: 1029*985*1937mm (480kW), 2058*985*1937mm (960kW)<\/li>\n<\/ul>","protected":false},"featured_media":7768,"template":"","meta":{"_acf_changed":false},"product_brand":[],"product_cat":[79],"product_tag":[82,83,84],"class_list":{"0":"post-7625","1":"product","2":"type-product","3":"status-publish","4":"has-post-thumbnail","6":"product_cat-dc-fast-charger","7":"product_tag-120kw-public-fast-ev-charger","8":"product_tag-90kw-120kw-dc-fast-charger","9":"product_tag-ocpp-ev-dc-fast-charging-station","11":"first","12":"instock","13":"featured","14":"shipping-taxable","15":"product-type-simple"},"acf":[],"_links":{"self":[{"href":"https:\/\/www.iocharger.com\/it\/wp-json\/wp\/v2\/product\/7625","targetHints":{"allow":["GET"]}}],"collection":[{"href":"https:\/\/www.iocharger.com\/it\/wp-json\/wp\/v2\/product"}],"about":[{"href":"https:\/\/www.iocharger.com\/it\/wp-json\/wp\/v2\/types\/product"}],"version-history":[{"count":0,"href":"https:\/\/www.iocharger.com\/it\/wp-json\/wp\/v2\/product\/7625\/revisions"}],"wp:featuredmedia":[{"embeddable":true,"href":"https:\/\/www.iocharger.com\/it\/wp-json\/wp\/v2\/media\/7768"}],"wp:attachment":[{"href":"https:\/\/www.iocharger.com\/it\/wp-json\/wp\/v2\/media?parent=7625"}],"wp:term":[{"taxonomy":"product_brand","embeddable":true,"href":"https:\/\/www.iocharger.com\/it\/wp-json\/wp\/v2\/product_brand?post=7625"},{"taxonomy":"product_cat","embeddable":true,"href":"https:\/\/www.iocharger.com\/it\/wp-json\/wp\/v2\/product_cat?post=7625"},{"taxonomy":"product_tag","embeddable":true,"href":"https:\/\/www.iocharger.com\/it\/wp-json\/wp\/v2\/product_tag?post=7625"}],"curies":[{"name":"wp","href":"https:\/\/api.w.org\/{rel}","templated":true}]}}