{"id":7248,"date":"2025-06-04T15:18:41","date_gmt":"2025-06-04T07:18:41","guid":{"rendered":"https:\/\/www.iocharger.com\/?post_type=product&#038;p=7248"},"modified":"2026-04-09T12:45:18","modified_gmt":"2026-04-09T12:45:18","slug":"dual-ports-pedestal-ac-ev-charger-ocpp","status":"publish","type":"product","link":"https:\/\/www.iocharger.com\/it\/dual-ports-pedestal-ac-ev-charger-ocpp\/","title":{"rendered":"Caricabatterie EV a doppia porta su piedistallo OCPP1.6J e 2.0.1 conforme allo standard Plug&amp;Charge ISO15118"},"content":{"rendered":"<div data-elementor-type=\"product-post\" data-elementor-id=\"7248\" class=\"elementor elementor-7248\" data-elementor-post-type=\"product\">\n\t\t\t\t\t\t<section class=\"elementor-section elementor-top-section elementor-element elementor-element-00e90a8 elementor-section-boxed elementor-section-height-default elementor-section-height-default\" data-id=\"00e90a8\" data-element_type=\"section\">\n\t\t\t\t\t\t<div class=\"elementor-container elementor-column-gap-default\">\n\t\t\t\t\t<div class=\"elementor-column elementor-col-100 elementor-top-column elementor-element elementor-element-b7cfd57\" data-id=\"b7cfd57\" data-element_type=\"column\">\n\t\t\t<div class=\"elementor-widget-wrap elementor-element-populated\">\n\t\t\t\t\t\t<div class=\"elementor-element elementor-element-c2e8bae elementor-widget elementor-widget-text-editor\" data-id=\"c2e8bae\" data-element_type=\"widget\" data-widget_type=\"text-editor.default\">\n\t\t\t\t\t\t\t\t\t<p>IOCAP26 \u00e8 stato progettato appositamente per la ricarica commerciale. L'elevata resistenza all'acqua e alla polvere, con grado di protezione IP55 e IK10, lo rende perfetto per i luoghi di ricarica all'aperto, come stazioni di servizio, parcheggi, angoli delle strade, ecc.<\/p>\t\t\t\t\t\t\t\t<\/div>\n\t\t\t\t\t<\/div>\n\t\t<\/div>\n\t\t\t\t\t<\/div>\n\t\t<\/section>\n\t\t\t\t<section class=\"elementor-section elementor-top-section elementor-element elementor-element-1cfd539 elementor-section-boxed elementor-section-height-default elementor-section-height-default\" data-id=\"1cfd539\" data-element_type=\"section\">\n\t\t\t\t\t\t<div class=\"elementor-container elementor-column-gap-default\">\n\t\t\t\t\t<div class=\"elementor-column elementor-col-50 elementor-top-column elementor-element elementor-element-20c5297\" data-id=\"20c5297\" data-element_type=\"column\">\n\t\t\t<div class=\"elementor-widget-wrap elementor-element-populated\">\n\t\t\t\t\t\t<div class=\"elementor-element elementor-element-9a50614 elementor-widget elementor-widget-text-editor\" data-id=\"9a50614\" data-element_type=\"widget\" data-widget_type=\"text-editor.default\">\n\t\t\t\t\t\t\t\t\t<h3>Caratteristiche principali:<\/h3><ul><li>Compatibile con tutte le auto e le reti elettriche<\/li><li>2 x RCCB tipo-B<\/li><li>2 x misuratore MID<\/li><li>2 x SPD 40KA<\/li><li>Display LCD da 7\u2019\u2019, aggiornabile a touch screen<\/li><li>Connettivit\u00e0 di rete intelligente Ethernet, Wi-Fi, cellulare, Bluetooth<\/li><li>Integrazione dei pagamenti POS<\/li><li>Configurazione flessibile di corrente\/potenza in uscita<\/li><li>Supporto intelligente per il bilanciamento dinamico del carico<\/li><li>Finestra di lettura del contatore MID separata<\/li><li>Portale web di facile utilizzo per la configurazione dei caricabatterie<\/li><\/ul>\t\t\t\t\t\t\t\t<\/div>\n\t\t\t\t\t<\/div>\n\t\t<\/div>\n\t\t\t\t<div class=\"elementor-column elementor-col-50 elementor-top-column elementor-element elementor-element-7450399\" data-id=\"7450399\" data-element_type=\"column\">\n\t\t\t<div class=\"elementor-widget-wrap elementor-element-populated\">\n\t\t\t\t\t\t<div class=\"elementor-element elementor-element-a02cf29 elementor-widget__width-initial elementor-widget elementor-widget-image\" data-id=\"a02cf29\" data-element_type=\"widget\" data-widget_type=\"image.default\">\n\t\t\t\t\t\t\t\t\t\t\t\t\t\t\t<img fetchpriority=\"high\" decoding=\"async\" width=\"1000\" height=\"1000\" src=\"https:\/\/www.iocharger.com\/wp-content\/uploads\/2025\/06\/iocharger-IOCAP35-ev-charger.webp\" class=\"attachment-full size-full wp-image-9801\" alt=\"iocharger IOCAP35 ev charger\" srcset=\"https:\/\/www.iocharger.com\/wp-content\/uploads\/2025\/06\/iocharger-IOCAP35-ev-charger.webp 1000w, https:\/\/www.iocharger.com\/wp-content\/uploads\/2025\/06\/iocharger-IOCAP35-ev-charger-300x300.webp 300w, https:\/\/www.iocharger.com\/wp-content\/uploads\/2025\/06\/iocharger-IOCAP35-ev-charger-150x150.webp 150w, https:\/\/www.iocharger.com\/wp-content\/uploads\/2025\/06\/iocharger-IOCAP35-ev-charger-768x768.webp 768w, https:\/\/www.iocharger.com\/wp-content\/uploads\/2025\/06\/iocharger-IOCAP35-ev-charger-12x12.webp 12w, https:\/\/www.iocharger.com\/wp-content\/uploads\/2025\/06\/iocharger-IOCAP35-ev-charger-285x285.webp 285w, https:\/\/www.iocharger.com\/wp-content\/uploads\/2025\/06\/iocharger-IOCAP35-ev-charger-270x270.webp 270w, https:\/\/www.iocharger.com\/wp-content\/uploads\/2025\/06\/iocharger-IOCAP35-ev-charger-540x540.webp 540w, https:\/\/www.iocharger.com\/wp-content\/uploads\/2025\/06\/iocharger-IOCAP35-ev-charger-660x660.webp 660w\" sizes=\"(max-width: 1000px) 100vw, 1000px\" \/>\t\t\t\t\t\t\t\t\t\t\t\t\t\t\t<\/div>\n\t\t\t\t\t<\/div>\n\t\t<\/div>\n\t\t\t\t\t<\/div>\n\t\t<\/section>\n\t\t\t\t<section class=\"elementor-section elementor-top-section elementor-element elementor-element-353d4e0 elementor-section-boxed elementor-section-height-default elementor-section-height-default\" data-id=\"353d4e0\" data-element_type=\"section\">\n\t\t\t\t\t\t<div class=\"elementor-container elementor-column-gap-default\">\n\t\t\t\t\t<div class=\"elementor-column elementor-col-50 elementor-top-column elementor-element elementor-element-54ea811\" data-id=\"54ea811\" data-element_type=\"column\">\n\t\t\t<div class=\"elementor-widget-wrap elementor-element-populated\">\n\t\t\t\t\t\t<div class=\"elementor-element elementor-element-ddbe937 elementor-widget elementor-widget-image\" data-id=\"ddbe937\" data-element_type=\"widget\" data-widget_type=\"image.default\">\n\t\t\t\t\t\t\t\t\t\t\t\t\t\t\t<img decoding=\"async\" width=\"1000\" height=\"1000\" src=\"https:\/\/www.iocharger.com\/wp-content\/uploads\/2025\/06\/dual-ports-ev-charger-post.webp\" class=\"attachment-full size-full wp-image-9802\" alt=\"caricabatterie ev a doppia porta\" srcset=\"https:\/\/www.iocharger.com\/wp-content\/uploads\/2025\/06\/dual-ports-ev-charger-post.webp 1000w, https:\/\/www.iocharger.com\/wp-content\/uploads\/2025\/06\/dual-ports-ev-charger-post-300x300.webp 300w, https:\/\/www.iocharger.com\/wp-content\/uploads\/2025\/06\/dual-ports-ev-charger-post-150x150.webp 150w, https:\/\/www.iocharger.com\/wp-content\/uploads\/2025\/06\/dual-ports-ev-charger-post-768x768.webp 768w, https:\/\/www.iocharger.com\/wp-content\/uploads\/2025\/06\/dual-ports-ev-charger-post-12x12.webp 12w, https:\/\/www.iocharger.com\/wp-content\/uploads\/2025\/06\/dual-ports-ev-charger-post-285x285.webp 285w, https:\/\/www.iocharger.com\/wp-content\/uploads\/2025\/06\/dual-ports-ev-charger-post-270x270.webp 270w, https:\/\/www.iocharger.com\/wp-content\/uploads\/2025\/06\/dual-ports-ev-charger-post-540x540.webp 540w, https:\/\/www.iocharger.com\/wp-content\/uploads\/2025\/06\/dual-ports-ev-charger-post-660x660.webp 660w\" sizes=\"(max-width: 1000px) 100vw, 1000px\" \/>\t\t\t\t\t\t\t\t\t\t\t\t\t\t\t<\/div>\n\t\t\t\t\t<\/div>\n\t\t<\/div>\n\t\t\t\t<div class=\"elementor-column elementor-col-50 elementor-top-column elementor-element elementor-element-90eca43\" data-id=\"90eca43\" data-element_type=\"column\">\n\t\t\t<div class=\"elementor-widget-wrap elementor-element-populated\">\n\t\t\t\t\t\t<div class=\"elementor-element elementor-element-13a2eab elementor-widget elementor-widget-text-editor\" data-id=\"13a2eab\" data-element_type=\"widget\" data-widget_type=\"text-editor.default\">\n\t\t\t\t\t\t\t\t\t<h3>Alimentare due veicoli elettrici contemporaneamente<\/h3><p>IOCAP35 supporta la ricarica simultanea di due veicoli elettrici (EV), migliorando in modo significativo l'efficienza della stazione di ricarica ed elevando l'esperienza del cliente. Il suo design a doppia porta aumenta la capacit\u00e0 di servizio riducendo i tempi di attesa e massimizzando l'utilizzo delle apparecchiature, aumentando cos\u00ec il potenziale di guadagno. Nei periodi di picco della domanda, il sistema gestisce in modo intelligente la distribuzione dell'energia per bilanciare il carico, garantendo la stabilit\u00e0 della rete e ottimizzando al contempo la velocit\u00e0 di ricarica complessiva.<\/p>\t\t\t\t\t\t\t\t<\/div>\n\t\t\t\t\t<\/div>\n\t\t<\/div>\n\t\t\t\t\t<\/div>\n\t\t<\/section>\n\t\t\t\t<section class=\"elementor-section elementor-top-section elementor-element elementor-element-68cc48d elementor-section-boxed elementor-section-height-default elementor-section-height-default\" data-id=\"68cc48d\" data-element_type=\"section\">\n\t\t\t\t\t\t<div class=\"elementor-container elementor-column-gap-default\">\n\t\t\t\t\t<div class=\"elementor-column elementor-col-50 elementor-top-column elementor-element elementor-element-315ab35\" data-id=\"315ab35\" data-element_type=\"column\">\n\t\t\t<div class=\"elementor-widget-wrap elementor-element-populated\">\n\t\t\t\t\t\t<div class=\"elementor-element elementor-element-a1006df elementor-widget elementor-widget-text-editor\" data-id=\"a1006df\" data-element_type=\"widget\" data-widget_type=\"text-editor.default\">\n\t\t\t\t\t\t\t\t\t<h3>ISO15118 pronta per una ricarica EV pi\u00f9 intelligente e sicura<\/h3><p>IOCAP35 \u00e8 pienamente conforme alle norme OCPP 1.6J e 2.0.1 e alla norma ISO15118 Plug&amp;Charge, che lo rendono la scelta ideale per le applicazioni commerciali di ricarica dei veicoli elettrici. Consente una comunicazione intelligente e senza interruzioni tra il veicolo e la stazione di ricarica, supportando l'autenticazione automatica e il pagamento semplificato, il tutto mantenendo una forte sicurezza dei dati. Grazie alle funzionalit\u00e0 avanzate Vehicle-to-Grid (V2G), IOCAP35 contribuisce a una gestione pi\u00f9 intelligente della rete e a una maggiore efficienza energetica. L'elevato livello di interoperabilit\u00e0 garantisce la compatibilit\u00e0 con un'ampia gamma di veicoli elettrici, consentendo agli operatori di scalare le proprie reti di ricarica senza alcuno sforzo.<\/p>\t\t\t\t\t\t\t\t<\/div>\n\t\t\t\t\t<\/div>\n\t\t<\/div>\n\t\t\t\t<div class=\"elementor-column elementor-col-50 elementor-top-column elementor-element elementor-element-0621132\" data-id=\"0621132\" data-element_type=\"column\">\n\t\t\t<div class=\"elementor-widget-wrap elementor-element-populated\">\n\t\t\t\t\t\t<div class=\"elementor-element elementor-element-3266632 elementor-widget elementor-widget-image\" data-id=\"3266632\" data-element_type=\"widget\" data-widget_type=\"image.default\">\n\t\t\t\t\t\t\t\t\t\t\t\t\t\t\t<img decoding=\"async\" width=\"1000\" height=\"1000\" src=\"https:\/\/www.iocharger.com\/wp-content\/uploads\/2025\/06\/iso15118-public-ev-charger.webp\" class=\"attachment-full size-full wp-image-9803\" alt=\"\" srcset=\"https:\/\/www.iocharger.com\/wp-content\/uploads\/2025\/06\/iso15118-public-ev-charger.webp 1000w, https:\/\/www.iocharger.com\/wp-content\/uploads\/2025\/06\/iso15118-public-ev-charger-300x300.webp 300w, https:\/\/www.iocharger.com\/wp-content\/uploads\/2025\/06\/iso15118-public-ev-charger-150x150.webp 150w, https:\/\/www.iocharger.com\/wp-content\/uploads\/2025\/06\/iso15118-public-ev-charger-768x768.webp 768w, https:\/\/www.iocharger.com\/wp-content\/uploads\/2025\/06\/iso15118-public-ev-charger-12x12.webp 12w, https:\/\/www.iocharger.com\/wp-content\/uploads\/2025\/06\/iso15118-public-ev-charger-285x285.webp 285w, https:\/\/www.iocharger.com\/wp-content\/uploads\/2025\/06\/iso15118-public-ev-charger-270x270.webp 270w, https:\/\/www.iocharger.com\/wp-content\/uploads\/2025\/06\/iso15118-public-ev-charger-540x540.webp 540w, https:\/\/www.iocharger.com\/wp-content\/uploads\/2025\/06\/iso15118-public-ev-charger-660x660.webp 660w\" sizes=\"(max-width: 1000px) 100vw, 1000px\" \/>\t\t\t\t\t\t\t\t\t\t\t\t\t\t\t<\/div>\n\t\t\t\t\t<\/div>\n\t\t<\/div>\n\t\t\t\t\t<\/div>\n\t\t<\/section>\n\t\t\t\t<section class=\"elementor-section elementor-top-section elementor-element elementor-element-9c3d70e elementor-section-boxed elementor-section-height-default elementor-section-height-default\" data-id=\"9c3d70e\" data-element_type=\"section\">\n\t\t\t\t\t\t<div class=\"elementor-container elementor-column-gap-default\">\n\t\t\t\t\t<div class=\"elementor-column elementor-col-50 elementor-top-column elementor-element elementor-element-4634541\" data-id=\"4634541\" data-element_type=\"column\">\n\t\t\t<div class=\"elementor-widget-wrap elementor-element-populated\">\n\t\t\t\t\t\t<div class=\"elementor-element elementor-element-2a23fde elementor-widget elementor-widget-image\" data-id=\"2a23fde\" data-element_type=\"widget\" data-widget_type=\"image.default\">\n\t\t\t\t\t\t\t\t\t\t\t\t\t\t\t<img loading=\"lazy\" decoding=\"async\" width=\"1000\" height=\"1000\" src=\"https:\/\/www.iocharger.com\/wp-content\/uploads\/2025\/06\/cost-visible-ev-charger.webp\" class=\"attachment-full size-full wp-image-9804\" alt=\"cost visible ev charger\" srcset=\"https:\/\/www.iocharger.com\/wp-content\/uploads\/2025\/06\/cost-visible-ev-charger.webp 1000w, https:\/\/www.iocharger.com\/wp-content\/uploads\/2025\/06\/cost-visible-ev-charger-300x300.webp 300w, https:\/\/www.iocharger.com\/wp-content\/uploads\/2025\/06\/cost-visible-ev-charger-150x150.webp 150w, https:\/\/www.iocharger.com\/wp-content\/uploads\/2025\/06\/cost-visible-ev-charger-768x768.webp 768w, https:\/\/www.iocharger.com\/wp-content\/uploads\/2025\/06\/cost-visible-ev-charger-12x12.webp 12w, https:\/\/www.iocharger.com\/wp-content\/uploads\/2025\/06\/cost-visible-ev-charger-285x285.webp 285w, https:\/\/www.iocharger.com\/wp-content\/uploads\/2025\/06\/cost-visible-ev-charger-270x270.webp 270w, https:\/\/www.iocharger.com\/wp-content\/uploads\/2025\/06\/cost-visible-ev-charger-540x540.webp 540w, https:\/\/www.iocharger.com\/wp-content\/uploads\/2025\/06\/cost-visible-ev-charger-660x660.webp 660w\" sizes=\"(max-width: 1000px) 100vw, 1000px\" \/>\t\t\t\t\t\t\t\t\t\t\t\t\t\t\t<\/div>\n\t\t\t\t\t<\/div>\n\t\t<\/div>\n\t\t\t\t<div class=\"elementor-column elementor-col-50 elementor-top-column elementor-element elementor-element-913c83f\" data-id=\"913c83f\" data-element_type=\"column\">\n\t\t\t<div class=\"elementor-widget-wrap elementor-element-populated\">\n\t\t\t\t\t\t<div class=\"elementor-element elementor-element-66b877b elementor-widget elementor-widget-text-editor\" data-id=\"66b877b\" data-element_type=\"widget\" data-widget_type=\"text-editor.default\">\n\t\t\t\t\t\t\t\t\t<h3>Ricarica intelligente con piena visibilit\u00e0 dei costi<\/h3><p>Grazie al supporto della visualizzazione delle tariffe e dei costi, IOCAP35 offre agli utenti finali una completa trasparenza dei prezzi, aumentando la fiducia e la soddisfazione durante il processo di ricarica. La visualizzazione in tempo reale delle tariffe di ricarica, della durata della sessione, del consumo energetico e del costo totale consente ai conducenti di veicoli elettrici di prendere decisioni informate prima e durante la ricarica. Per gli operatori, questa funzione garantisce la conformit\u00e0 alle normative nei mercati che richiedono la divulgazione dei prezzi e promuove un'esperienza di ricarica pi\u00f9 professionale e facile da usare. La chiara visibilit\u00e0 dei costi non solo migliora il coinvolgimento dei clienti, ma contribuisce anche a ridurre le controversie, rendendo l'intero processo di ricarica pi\u00f9 efficiente e affidabile.<\/p>\t\t\t\t\t\t\t\t<\/div>\n\t\t\t\t\t<\/div>\n\t\t<\/div>\n\t\t\t\t\t<\/div>\n\t\t<\/section>\n\t\t\t\t<section class=\"elementor-section elementor-top-section elementor-element elementor-element-32dd9d0 elementor-section-boxed elementor-section-height-default elementor-section-height-default\" data-id=\"32dd9d0\" data-element_type=\"section\">\n\t\t\t\t\t\t<div class=\"elementor-container elementor-column-gap-default\">\n\t\t\t\t\t<div class=\"elementor-column elementor-col-50 elementor-top-column elementor-element elementor-element-a9995c5\" data-id=\"a9995c5\" data-element_type=\"column\">\n\t\t\t<div class=\"elementor-widget-wrap elementor-element-populated\">\n\t\t\t\t\t\t<div class=\"elementor-element elementor-element-af63b86 elementor-widget elementor-widget-text-editor\" data-id=\"af63b86\" data-element_type=\"widget\" data-widget_type=\"text-editor.default\">\n\t\t\t\t\t\t\t\t\t<h3>Opzioni di pagamento flessibili e sicure<\/h3><p>IOCAP35 supporta un'ampia variet\u00e0 di metodi di pagamento, offrendo un'eccezionale flessibilit\u00e0 e convenienza sia per gli operatori che per i conducenti di veicoli elettrici. Che si tratti di carte RFID, applicazioni mobili, scansione di codici QR o pagamenti con carta di credito, si integra perfettamente con piattaforme di pagamento come Nayax, Payter, PAX, Ingenico, ecc. Questa versatilit\u00e0 migliora l'esperienza dell'utente, adattandosi alle diverse preferenze e semplificando le operazioni per i fornitori di servizi di ricarica. Con transazioni rapide, sicure e intuitive, contribuisce ad attrarre una base di clienti pi\u00f9 ampia e garantisce un processo di ricarica fluido ed efficiente.<\/p>\t\t\t\t\t\t\t\t<\/div>\n\t\t\t\t\t<\/div>\n\t\t<\/div>\n\t\t\t\t<div class=\"elementor-column elementor-col-50 elementor-top-column elementor-element elementor-element-7455d4e\" data-id=\"7455d4e\" data-element_type=\"column\">\n\t\t\t<div class=\"elementor-widget-wrap elementor-element-populated\">\n\t\t\t\t\t\t<div class=\"elementor-element elementor-element-ee917e6 elementor-widget elementor-widget-image\" data-id=\"ee917e6\" data-element_type=\"widget\" data-widget_type=\"image.default\">\n\t\t\t\t\t\t\t\t\t\t\t\t\t\t\t<img loading=\"lazy\" decoding=\"async\" width=\"1000\" height=\"1000\" src=\"https:\/\/www.iocharger.com\/wp-content\/uploads\/2025\/06\/iso15118-plug-and-charge-pedestal-ev-charger.webp\" class=\"attachment-full size-full wp-image-9805\" alt=\"caricabatterie da piedistallo iso15118 plug and charge ev\" srcset=\"https:\/\/www.iocharger.com\/wp-content\/uploads\/2025\/06\/iso15118-plug-and-charge-pedestal-ev-charger.webp 1000w, https:\/\/www.iocharger.com\/wp-content\/uploads\/2025\/06\/iso15118-plug-and-charge-pedestal-ev-charger-300x300.webp 300w, https:\/\/www.iocharger.com\/wp-content\/uploads\/2025\/06\/iso15118-plug-and-charge-pedestal-ev-charger-150x150.webp 150w, https:\/\/www.iocharger.com\/wp-content\/uploads\/2025\/06\/iso15118-plug-and-charge-pedestal-ev-charger-768x768.webp 768w, https:\/\/www.iocharger.com\/wp-content\/uploads\/2025\/06\/iso15118-plug-and-charge-pedestal-ev-charger-12x12.webp 12w, https:\/\/www.iocharger.com\/wp-content\/uploads\/2025\/06\/iso15118-plug-and-charge-pedestal-ev-charger-285x285.webp 285w, https:\/\/www.iocharger.com\/wp-content\/uploads\/2025\/06\/iso15118-plug-and-charge-pedestal-ev-charger-270x270.webp 270w, https:\/\/www.iocharger.com\/wp-content\/uploads\/2025\/06\/iso15118-plug-and-charge-pedestal-ev-charger-540x540.webp 540w, https:\/\/www.iocharger.com\/wp-content\/uploads\/2025\/06\/iso15118-plug-and-charge-pedestal-ev-charger-660x660.webp 660w\" sizes=\"(max-width: 1000px) 100vw, 1000px\" \/>\t\t\t\t\t\t\t\t\t\t\t\t\t\t\t<\/div>\n\t\t\t\t\t<\/div>\n\t\t<\/div>\n\t\t\t\t\t<\/div>\n\t\t<\/section>\n\t\t\t\t<\/div>","protected":false},"excerpt":{"rendered":"<div class=\"pro_main_text clearfix\">\n<div class=\"pro_main_text clearfix\">\n<div class=\"pro_main_text clearfix\">\n<div class=\"pro_main_text clearfix\">\n<div class=\"pro_main_text clearfix\">\n<p>IOCAP35 \u00e8 un nuovo modello di caricabatterie EV da piedistallo con un nuovo design, ma sempre con prestazioni elevate e qualit\u00e0 affidabile come da nostra tradizione. Un'altra buona scelta per i parcheggi, i luoghi di lavoro e le applicazioni di ricarica per veicoli elettrici.<\/p>\n<p>Modello: IOCAP35<\/p>\n<ul>\n<li>Valutazione d'ingresso: monofase 230V\u00b120%; trifase 400V\u00b120%<\/li>\n<li>Potenza nominale: Monofase 2 x 7kW 32A; Trifase 2 x 22kW 32A<\/li>\n<li>RCD interno: 2 x RCCB di tipo B<\/li>\n<li>Display: LCD da 7\u201d o touch screen da 7\u201d opzionale<\/li>\n<li>Metri: 2 x MID metri<\/li>\n<li>Certificato: CE, PTB (Eichrecht)<\/li>\n<li>Interfaccia di rete: connessione Internet intelligente Ethernet\/WiFi\/4G<\/li>\n<li>OCPP: Supporto completo OCPP 1.6J\/ OCPP 2.0.1<\/li>\n<li>Protezione dall'ingresso: IP55<\/li>\n<li>Dimensioni di spedizione: 1320 x 350 x 200 mm<\/li>\n<li>Interfaccia di ricarica: Cavo SAE J1772 e Tipo-2\/ Presa Tipo-2\/ Presa T2S con otturatore<\/li>\n<li>Tipo di montaggio: a pavimento<\/li>\n<\/ul>\n<\/div>\n<\/div>\n<\/div>\n<\/div>\n<\/div>","protected":false},"featured_media":9794,"template":"","meta":{"_acf_changed":false},"product_brand":[],"product_cat":[61],"product_tag":[105,106,107],"class_list":{"0":"post-7248","1":"product","2":"type-product","3":"status-publish","4":"has-post-thumbnail","6":"product_cat-commercial-ev-charger","7":"product_tag-dual-ports-pedestal-ac-ev-charger","8":"product_tag-dual-ports-pedestal-ev-charger","9":"product_tag-pedestal-ac-ev-charger","11":"first","12":"instock","13":"featured","14":"shipping-taxable","15":"product-type-simple"},"acf":[],"_links":{"self":[{"href":"https:\/\/www.iocharger.com\/it\/wp-json\/wp\/v2\/product\/7248","targetHints":{"allow":["GET"]}}],"collection":[{"href":"https:\/\/www.iocharger.com\/it\/wp-json\/wp\/v2\/product"}],"about":[{"href":"https:\/\/www.iocharger.com\/it\/wp-json\/wp\/v2\/types\/product"}],"version-history":[{"count":5,"href":"https:\/\/www.iocharger.com\/it\/wp-json\/wp\/v2\/product\/7248\/revisions"}],"predecessor-version":[{"id":9808,"href":"https:\/\/www.iocharger.com\/it\/wp-json\/wp\/v2\/product\/7248\/revisions\/9808"}],"wp:featuredmedia":[{"embeddable":true,"href":"https:\/\/www.iocharger.com\/it\/wp-json\/wp\/v2\/media\/9794"}],"wp:attachment":[{"href":"https:\/\/www.iocharger.com\/it\/wp-json\/wp\/v2\/media?parent=7248"}],"wp:term":[{"taxonomy":"product_brand","embeddable":true,"href":"https:\/\/www.iocharger.com\/it\/wp-json\/wp\/v2\/product_brand?post=7248"},{"taxonomy":"product_cat","embeddable":true,"href":"https:\/\/www.iocharger.com\/it\/wp-json\/wp\/v2\/product_cat?post=7248"},{"taxonomy":"product_tag","embeddable":true,"href":"https:\/\/www.iocharger.com\/it\/wp-json\/wp\/v2\/product_tag?post=7248"}],"curies":[{"name":"wp","href":"https:\/\/api.w.org\/{rel}","templated":true}]}}