{"id":7242,"date":"2025-06-04T14:42:08","date_gmt":"2025-06-04T06:42:08","guid":{"rendered":"https:\/\/www.iocharger.com\/?post_type=product&#038;p=7242"},"modified":"2026-04-09T09:12:54","modified_gmt":"2026-04-09T09:12:54","slug":"public-dual-ac-wallbox-2x22kw","status":"publish","type":"product","link":"https:\/\/www.iocharger.com\/it\/public-dual-ac-wallbox-2x22kw\/","title":{"rendered":"Wallbox pubblica doppia CA 2x22 kW ISO15118 Plug&amp;Charge conforme OCPP1.6J e 2.0.1"},"content":{"rendered":"<div data-elementor-type=\"product-post\" data-elementor-id=\"7242\" class=\"elementor elementor-7242\" data-elementor-post-type=\"product\">\n\t\t\t\t\t\t<section class=\"elementor-section elementor-top-section elementor-element elementor-element-a293c89 elementor-section-boxed elementor-section-height-default elementor-section-height-default\" data-id=\"a293c89\" data-element_type=\"section\">\n\t\t\t\t\t\t<div class=\"elementor-container elementor-column-gap-default\">\n\t\t\t\t\t<div class=\"elementor-column elementor-col-100 elementor-top-column elementor-element elementor-element-186a873\" data-id=\"186a873\" data-element_type=\"column\">\n\t\t\t<div class=\"elementor-widget-wrap elementor-element-populated\">\n\t\t\t\t\t\t<div class=\"elementor-element elementor-element-bc78920 elementor-widget elementor-widget-text-editor\" data-id=\"bc78920\" data-element_type=\"widget\" data-widget_type=\"text-editor.default\">\n\t\t\t\t\t\t\t\t\t<p>IOCAW31 \u00e8 un wallbox pubblico a doppia porta progettato per ambienti commerciali, come parcheggi, flotte e luoghi di lavoro. Ogni connettore eroga fino a 22kW simultaneamente, il che lo rende ideale per le aree ad alto traffico dove l'efficienza \u00e8 importante. Il design compatto per il montaggio a parete riduce la complessit\u00e0 dell'installazione e i costi dell'infrastruttura. \u00c8 pienamente conforme a OCPP 1.6J e 2.0.1, consentendo la perfetta integrazione con qualsiasi piattaforma OCPP di terze parti per la gestione intelligente e il funzionamento a distanza.<\/p>\t\t\t\t\t\t\t\t<\/div>\n\t\t\t\t\t<\/div>\n\t\t<\/div>\n\t\t\t\t\t<\/div>\n\t\t<\/section>\n\t\t\t\t<section class=\"elementor-section elementor-top-section elementor-element elementor-element-942e1ab elementor-section-boxed elementor-section-height-default elementor-section-height-default\" data-id=\"942e1ab\" data-element_type=\"section\">\n\t\t\t\t\t\t<div class=\"elementor-container elementor-column-gap-default\">\n\t\t\t\t\t<div class=\"elementor-column elementor-col-50 elementor-top-column elementor-element elementor-element-c9112d8\" data-id=\"c9112d8\" data-element_type=\"column\">\n\t\t\t<div class=\"elementor-widget-wrap elementor-element-populated\">\n\t\t\t\t\t\t<div class=\"elementor-element elementor-element-d159d11 elementor-widget elementor-widget-text-editor\" data-id=\"d159d11\" data-element_type=\"widget\" data-widget_type=\"text-editor.default\">\n\t\t\t\t\t\t\t\t\t<h3><strong><b>Principale<\/b><\/strong> caratteristiche: caratteristiche<\/h3><ul><li>Compatibile con tutti i veicoli elettrici e le reti elettriche<\/li><li>Design a doppia porta<\/li><li>2 x misuratore MID<\/li><li>Configurazione flessibile della corrente di uscita e della potenza<\/li><li>Supporto intelligente per il bilanciamento dinamico del carico<\/li><li>Autenticazione dell'utente tramite RFID o App mobile<\/li><li>Portale web di facile utilizzo per la configurazione dei caricabatterie<\/li><li>Controllo e monitoraggio a distanza<\/li><li>Protezione da dispersione di corrente di tipo A e 6mA DC<\/li><\/ul>\t\t\t\t\t\t\t\t<\/div>\n\t\t\t\t\t<\/div>\n\t\t<\/div>\n\t\t\t\t<div class=\"elementor-column elementor-col-50 elementor-top-column elementor-element elementor-element-8b79c92\" data-id=\"8b79c92\" data-element_type=\"column\">\n\t\t\t<div class=\"elementor-widget-wrap elementor-element-populated\">\n\t\t\t\t\t\t<div class=\"elementor-element elementor-element-5257be1 elementor-widget elementor-widget-image\" data-id=\"5257be1\" data-element_type=\"widget\" data-widget_type=\"image.default\">\n\t\t\t\t\t\t\t\t\t\t\t\t\t\t\t<img fetchpriority=\"high\" decoding=\"async\" width=\"1000\" height=\"1000\" src=\"https:\/\/www.iocharger.com\/wp-content\/uploads\/2025\/06\/dual-ac-charger.webp\" class=\"attachment-full size-full wp-image-9782\" alt=\"dual ac charger\" srcset=\"https:\/\/www.iocharger.com\/wp-content\/uploads\/2025\/06\/dual-ac-charger.webp 1000w, https:\/\/www.iocharger.com\/wp-content\/uploads\/2025\/06\/dual-ac-charger-300x300.webp 300w, https:\/\/www.iocharger.com\/wp-content\/uploads\/2025\/06\/dual-ac-charger-150x150.webp 150w, https:\/\/www.iocharger.com\/wp-content\/uploads\/2025\/06\/dual-ac-charger-768x768.webp 768w, https:\/\/www.iocharger.com\/wp-content\/uploads\/2025\/06\/dual-ac-charger-12x12.webp 12w, https:\/\/www.iocharger.com\/wp-content\/uploads\/2025\/06\/dual-ac-charger-285x285.webp 285w, https:\/\/www.iocharger.com\/wp-content\/uploads\/2025\/06\/dual-ac-charger-270x270.webp 270w, https:\/\/www.iocharger.com\/wp-content\/uploads\/2025\/06\/dual-ac-charger-540x540.webp 540w, https:\/\/www.iocharger.com\/wp-content\/uploads\/2025\/06\/dual-ac-charger-660x660.webp 660w\" sizes=\"(max-width: 1000px) 100vw, 1000px\" \/>\t\t\t\t\t\t\t\t\t\t\t\t\t\t\t<\/div>\n\t\t\t\t\t<\/div>\n\t\t<\/div>\n\t\t\t\t\t<\/div>\n\t\t<\/section>\n\t\t\t\t<section class=\"elementor-section elementor-top-section elementor-element elementor-element-9603aec elementor-section-boxed elementor-section-height-default elementor-section-height-default\" data-id=\"9603aec\" data-element_type=\"section\">\n\t\t\t\t\t\t<div class=\"elementor-container elementor-column-gap-default\">\n\t\t\t\t\t<div class=\"elementor-column elementor-col-50 elementor-top-column elementor-element elementor-element-eee12a2\" data-id=\"eee12a2\" data-element_type=\"column\">\n\t\t\t<div class=\"elementor-widget-wrap elementor-element-populated\">\n\t\t\t\t\t\t<div class=\"elementor-element elementor-element-6a87b62 elementor-widget elementor-widget-image\" data-id=\"6a87b62\" data-element_type=\"widget\" data-widget_type=\"image.default\">\n\t\t\t\t\t\t\t\t\t\t\t\t\t\t\t<img decoding=\"async\" width=\"1000\" height=\"1000\" src=\"https:\/\/www.iocharger.com\/wp-content\/uploads\/2025\/06\/ac-wallbox-dual-ports.webp\" class=\"attachment-full size-full wp-image-9783\" alt=\"ac wallbox dual ports\" srcset=\"https:\/\/www.iocharger.com\/wp-content\/uploads\/2025\/06\/ac-wallbox-dual-ports.webp 1000w, https:\/\/www.iocharger.com\/wp-content\/uploads\/2025\/06\/ac-wallbox-dual-ports-300x300.webp 300w, https:\/\/www.iocharger.com\/wp-content\/uploads\/2025\/06\/ac-wallbox-dual-ports-150x150.webp 150w, https:\/\/www.iocharger.com\/wp-content\/uploads\/2025\/06\/ac-wallbox-dual-ports-768x768.webp 768w, https:\/\/www.iocharger.com\/wp-content\/uploads\/2025\/06\/ac-wallbox-dual-ports-12x12.webp 12w, https:\/\/www.iocharger.com\/wp-content\/uploads\/2025\/06\/ac-wallbox-dual-ports-285x285.webp 285w, https:\/\/www.iocharger.com\/wp-content\/uploads\/2025\/06\/ac-wallbox-dual-ports-270x270.webp 270w, https:\/\/www.iocharger.com\/wp-content\/uploads\/2025\/06\/ac-wallbox-dual-ports-540x540.webp 540w, https:\/\/www.iocharger.com\/wp-content\/uploads\/2025\/06\/ac-wallbox-dual-ports-660x660.webp 660w\" sizes=\"(max-width: 1000px) 100vw, 1000px\" \/>\t\t\t\t\t\t\t\t\t\t\t\t\t\t\t<\/div>\n\t\t\t\t\t<\/div>\n\t\t<\/div>\n\t\t\t\t<div class=\"elementor-column elementor-col-50 elementor-top-column elementor-element elementor-element-5b864db\" data-id=\"5b864db\" data-element_type=\"column\">\n\t\t\t<div class=\"elementor-widget-wrap elementor-element-populated\">\n\t\t\t\t\t\t<div class=\"elementor-element elementor-element-4788f4e elementor-widget elementor-widget-text-editor\" data-id=\"4788f4e\" data-element_type=\"widget\" data-widget_type=\"text-editor.default\">\n\t\t\t\t\t\t\t\t\t<h3><strong><b>Ideale per siti ad alto utilizzo<\/b><\/strong><\/h3><p class=\"\">IOCAW31 \u00e8 progettato per aree con capacit\u00e0 di rete limitata e un elevato traffico di veicoli elettrici, come depositi di flotte, condomini e luoghi di lavoro. La wallbox CA a due porte massimizza l'erogazione di energia per metro quadro, riducendo al minimo gli aggiornamenti dell'infrastruttura. Realizzata con un robusto involucro in acciaio inox 304, offre una resistenza superiore alle intemperie e una protezione antivandalo, garantendo una lunga durata e una manutenzione minima, rendendola ideale per ambienti pubblici e semipubblici.<\/p>\t\t\t\t\t\t\t\t<\/div>\n\t\t\t\t\t<\/div>\n\t\t<\/div>\n\t\t\t\t\t<\/div>\n\t\t<\/section>\n\t\t\t\t<section class=\"elementor-section elementor-top-section elementor-element elementor-element-67a4712 elementor-section-boxed elementor-section-height-default elementor-section-height-default\" data-id=\"67a4712\" data-element_type=\"section\">\n\t\t\t\t\t\t<div class=\"elementor-container elementor-column-gap-default\">\n\t\t\t\t\t<div class=\"elementor-column elementor-col-50 elementor-top-column elementor-element elementor-element-351a9a2\" data-id=\"351a9a2\" data-element_type=\"column\">\n\t\t\t<div class=\"elementor-widget-wrap elementor-element-populated\">\n\t\t\t\t\t\t<div class=\"elementor-element elementor-element-7ee3b45 elementor-widget elementor-widget-text-editor\" data-id=\"7ee3b45\" data-element_type=\"widget\" data-widget_type=\"text-editor.default\">\n\t\t\t\t\t\t\t\t\t<h3><strong>Display interattivo e fatturazione intelligente<\/strong><\/h3><p>Lo schermo LCD da 7 pollici fornisce una visualizzazione chiara e in tempo reale dello stato di carica, delle richieste di codici QR e dei dettagli principali della sessione. L'aggiornamento opzionale del touchscreen offre un'esperienza interattiva pi\u00f9 intuitiva, ideale per gli ambienti commerciali pi\u00f9 frequentati.<br \/>Grazie al supporto delle tariffe e della visualizzazione dei costi, IOCAW31 consente una gestione intelligente delle tariffe. Impostate tariffe dinamiche in base all'ora, all'utente o alla posizione, lanciate promozioni e automatizzate la fatturazione tramite OCPP o piattaforme di pagamento di terze parti. Massimizzate il tempo di attivit\u00e0, attirate un maggior numero di utenti e trasformate ogni kilowatt in entrate.<\/p>\t\t\t\t\t\t\t\t<\/div>\n\t\t\t\t\t<\/div>\n\t\t<\/div>\n\t\t\t\t<div class=\"elementor-column elementor-col-50 elementor-top-column elementor-element elementor-element-0935c28\" data-id=\"0935c28\" data-element_type=\"column\">\n\t\t\t<div class=\"elementor-widget-wrap elementor-element-populated\">\n\t\t\t\t\t\t<div class=\"elementor-element elementor-element-c396476 elementor-widget elementor-widget-image\" data-id=\"c396476\" data-element_type=\"widget\" data-widget_type=\"image.default\">\n\t\t\t\t\t\t\t\t\t\t\t\t\t\t\t<img decoding=\"async\" width=\"1000\" height=\"1000\" src=\"https:\/\/www.iocharger.com\/wp-content\/uploads\/2025\/06\/dual-ac-wallbox-touch-display.jpg\" class=\"attachment-full size-full wp-image-9784\" alt=\"dual ac wallbox touch display\" srcset=\"https:\/\/www.iocharger.com\/wp-content\/uploads\/2025\/06\/dual-ac-wallbox-touch-display.jpg 1000w, https:\/\/www.iocharger.com\/wp-content\/uploads\/2025\/06\/dual-ac-wallbox-touch-display-300x300.jpg 300w, https:\/\/www.iocharger.com\/wp-content\/uploads\/2025\/06\/dual-ac-wallbox-touch-display-150x150.jpg 150w, https:\/\/www.iocharger.com\/wp-content\/uploads\/2025\/06\/dual-ac-wallbox-touch-display-768x768.jpg 768w, https:\/\/www.iocharger.com\/wp-content\/uploads\/2025\/06\/dual-ac-wallbox-touch-display-12x12.jpg 12w, https:\/\/www.iocharger.com\/wp-content\/uploads\/2025\/06\/dual-ac-wallbox-touch-display-285x285.jpg 285w, https:\/\/www.iocharger.com\/wp-content\/uploads\/2025\/06\/dual-ac-wallbox-touch-display-270x270.jpg 270w, https:\/\/www.iocharger.com\/wp-content\/uploads\/2025\/06\/dual-ac-wallbox-touch-display-540x540.jpg 540w, https:\/\/www.iocharger.com\/wp-content\/uploads\/2025\/06\/dual-ac-wallbox-touch-display-660x660.jpg 660w\" sizes=\"(max-width: 1000px) 100vw, 1000px\" \/>\t\t\t\t\t\t\t\t\t\t\t\t\t\t\t<\/div>\n\t\t\t\t\t<\/div>\n\t\t<\/div>\n\t\t\t\t\t<\/div>\n\t\t<\/section>\n\t\t\t\t<section class=\"elementor-section elementor-top-section elementor-element elementor-element-58c5698 elementor-section-boxed elementor-section-height-default elementor-section-height-default\" data-id=\"58c5698\" data-element_type=\"section\">\n\t\t\t\t\t\t<div class=\"elementor-container elementor-column-gap-default\">\n\t\t\t\t\t<div class=\"elementor-column elementor-col-50 elementor-top-column elementor-element elementor-element-645d292\" data-id=\"645d292\" data-element_type=\"column\">\n\t\t\t<div class=\"elementor-widget-wrap elementor-element-populated\">\n\t\t\t\t\t\t<div class=\"elementor-element elementor-element-c4775bf elementor-widget elementor-widget-image\" data-id=\"c4775bf\" data-element_type=\"widget\" data-widget_type=\"image.default\">\n\t\t\t\t\t\t\t\t\t\t\t\t\t\t\t<img loading=\"lazy\" decoding=\"async\" width=\"1000\" height=\"1000\" src=\"https:\/\/www.iocharger.com\/wp-content\/uploads\/2025\/06\/dual-ac-charger-post-payment.webp\" class=\"attachment-full size-full wp-image-9785\" alt=\"\" srcset=\"https:\/\/www.iocharger.com\/wp-content\/uploads\/2025\/06\/dual-ac-charger-post-payment.webp 1000w, https:\/\/www.iocharger.com\/wp-content\/uploads\/2025\/06\/dual-ac-charger-post-payment-300x300.webp 300w, https:\/\/www.iocharger.com\/wp-content\/uploads\/2025\/06\/dual-ac-charger-post-payment-150x150.webp 150w, https:\/\/www.iocharger.com\/wp-content\/uploads\/2025\/06\/dual-ac-charger-post-payment-768x768.webp 768w, https:\/\/www.iocharger.com\/wp-content\/uploads\/2025\/06\/dual-ac-charger-post-payment-12x12.webp 12w, https:\/\/www.iocharger.com\/wp-content\/uploads\/2025\/06\/dual-ac-charger-post-payment-285x285.webp 285w, https:\/\/www.iocharger.com\/wp-content\/uploads\/2025\/06\/dual-ac-charger-post-payment-270x270.webp 270w, https:\/\/www.iocharger.com\/wp-content\/uploads\/2025\/06\/dual-ac-charger-post-payment-540x540.webp 540w, https:\/\/www.iocharger.com\/wp-content\/uploads\/2025\/06\/dual-ac-charger-post-payment-660x660.webp 660w\" sizes=\"(max-width: 1000px) 100vw, 1000px\" \/>\t\t\t\t\t\t\t\t\t\t\t\t\t\t\t<\/div>\n\t\t\t\t\t<\/div>\n\t\t<\/div>\n\t\t\t\t<div class=\"elementor-column elementor-col-50 elementor-top-column elementor-element elementor-element-49aa57d\" data-id=\"49aa57d\" data-element_type=\"column\">\n\t\t\t<div class=\"elementor-widget-wrap elementor-element-populated\">\n\t\t\t\t\t\t<div class=\"elementor-element elementor-element-4c21c78 elementor-widget elementor-widget-text-editor\" data-id=\"4c21c78\" data-element_type=\"widget\" data-widget_type=\"text-editor.default\">\n\t\t\t\t\t\t\t\t\t<h3>Opzioni di pagamento flessibili e sicure<strong><b><br \/><\/b><\/strong><\/h3><p>IOCAW31 supporta un'ampia gamma di metodi di pagamento per soddisfare le diverse preferenze degli utenti. Dai pagamenti online con carta RFID e app mobile all'integrazione con terminali POS come Nayax e Payter Apollo, garantisce che ogni sessione di ricarica sia veloce, comoda e senza problemi. Progettato per ambienti di ricarica pubblici e semipubblici, offre un'esperienza di pagamento sicura e senza interruzioni che aumenta la fiducia e la soddisfazione degli utenti.<\/p>\t\t\t\t\t\t\t\t<\/div>\n\t\t\t\t\t<\/div>\n\t\t<\/div>\n\t\t\t\t\t<\/div>\n\t\t<\/section>\n\t\t\t\t<section class=\"elementor-section elementor-top-section elementor-element elementor-element-68596d1 elementor-section-boxed elementor-section-height-default elementor-section-height-default\" data-id=\"68596d1\" data-element_type=\"section\">\n\t\t\t\t\t\t<div class=\"elementor-container elementor-column-gap-default\">\n\t\t\t\t\t<div class=\"elementor-column elementor-col-50 elementor-top-column elementor-element elementor-element-ffdab4a\" data-id=\"ffdab4a\" data-element_type=\"column\">\n\t\t\t<div class=\"elementor-widget-wrap elementor-element-populated\">\n\t\t\t\t\t\t<div class=\"elementor-element elementor-element-4e9f21b elementor-widget elementor-widget-text-editor\" data-id=\"4e9f21b\" data-element_type=\"widget\" data-widget_type=\"text-editor.default\">\n\t\t\t\t\t\t\t\t\t<h3>Compatibilit\u00e0 completa con OCPP 1.6J e 2.0.1<\/h3><p>IOCAW31 supporta i profili completi OCPP 1.6J e 2.0.1, consentendo una perfetta integrazione con qualsiasi piattaforma OCPP standard di terze parti. Consente la configurazione remota, la gestione degli utenti, la diagnostica dei guasti e il monitoraggio in tempo reale, snellendo le operazioni e semplificando la manutenzione per una maggiore efficienza.<\/p>\t\t\t\t\t\t\t\t<\/div>\n\t\t\t\t\t<\/div>\n\t\t<\/div>\n\t\t\t\t<div class=\"elementor-column elementor-col-50 elementor-top-column elementor-element elementor-element-a3a7422\" data-id=\"a3a7422\" data-element_type=\"column\">\n\t\t\t<div class=\"elementor-widget-wrap elementor-element-populated\">\n\t\t\t\t\t\t<div class=\"elementor-element elementor-element-000009d elementor-widget elementor-widget-image\" data-id=\"000009d\" data-element_type=\"widget\" data-widget_type=\"image.default\">\n\t\t\t\t\t\t\t\t\t\t\t\t\t\t\t<img loading=\"lazy\" decoding=\"async\" width=\"1000\" height=\"1000\" src=\"https:\/\/www.iocharger.com\/wp-content\/uploads\/2025\/06\/ocpp-dual-ac-wallbox-iso15118.webp\" class=\"attachment-full size-full wp-image-9786\" alt=\"ocpp dual ac wallbox iso15118\" srcset=\"https:\/\/www.iocharger.com\/wp-content\/uploads\/2025\/06\/ocpp-dual-ac-wallbox-iso15118.webp 1000w, https:\/\/www.iocharger.com\/wp-content\/uploads\/2025\/06\/ocpp-dual-ac-wallbox-iso15118-300x300.webp 300w, https:\/\/www.iocharger.com\/wp-content\/uploads\/2025\/06\/ocpp-dual-ac-wallbox-iso15118-150x150.webp 150w, https:\/\/www.iocharger.com\/wp-content\/uploads\/2025\/06\/ocpp-dual-ac-wallbox-iso15118-768x768.webp 768w, https:\/\/www.iocharger.com\/wp-content\/uploads\/2025\/06\/ocpp-dual-ac-wallbox-iso15118-12x12.webp 12w, https:\/\/www.iocharger.com\/wp-content\/uploads\/2025\/06\/ocpp-dual-ac-wallbox-iso15118-285x285.webp 285w, https:\/\/www.iocharger.com\/wp-content\/uploads\/2025\/06\/ocpp-dual-ac-wallbox-iso15118-270x270.webp 270w, https:\/\/www.iocharger.com\/wp-content\/uploads\/2025\/06\/ocpp-dual-ac-wallbox-iso15118-540x540.webp 540w, https:\/\/www.iocharger.com\/wp-content\/uploads\/2025\/06\/ocpp-dual-ac-wallbox-iso15118-660x660.webp 660w\" sizes=\"(max-width: 1000px) 100vw, 1000px\" \/>\t\t\t\t\t\t\t\t\t\t\t\t\t\t\t<\/div>\n\t\t\t\t\t<\/div>\n\t\t<\/div>\n\t\t\t\t\t<\/div>\n\t\t<\/section>\n\t\t\t\t<section class=\"elementor-section elementor-top-section elementor-element elementor-element-eecce5d elementor-section-boxed elementor-section-height-default elementor-section-height-default\" data-id=\"eecce5d\" data-element_type=\"section\">\n\t\t\t\t\t\t<div class=\"elementor-container elementor-column-gap-default\">\n\t\t\t\t\t<div class=\"elementor-column elementor-col-50 elementor-top-column elementor-element elementor-element-9801f75\" data-id=\"9801f75\" data-element_type=\"column\">\n\t\t\t<div class=\"elementor-widget-wrap elementor-element-populated\">\n\t\t\t\t\t\t<div class=\"elementor-element elementor-element-6ad4643 elementor-widget elementor-widget-image\" data-id=\"6ad4643\" data-element_type=\"widget\" data-widget_type=\"image.default\">\n\t\t\t\t\t\t\t\t\t\t\t\t\t\t\t<img loading=\"lazy\" decoding=\"async\" width=\"1000\" height=\"1000\" src=\"https:\/\/www.iocharger.com\/wp-content\/uploads\/2025\/06\/solar-dual-ac-wallbox-charger.webp\" class=\"attachment-full size-full wp-image-9787\" alt=\"solar dual ac wallbox charger\" srcset=\"https:\/\/www.iocharger.com\/wp-content\/uploads\/2025\/06\/solar-dual-ac-wallbox-charger.webp 1000w, https:\/\/www.iocharger.com\/wp-content\/uploads\/2025\/06\/solar-dual-ac-wallbox-charger-300x300.webp 300w, https:\/\/www.iocharger.com\/wp-content\/uploads\/2025\/06\/solar-dual-ac-wallbox-charger-150x150.webp 150w, https:\/\/www.iocharger.com\/wp-content\/uploads\/2025\/06\/solar-dual-ac-wallbox-charger-768x768.webp 768w, https:\/\/www.iocharger.com\/wp-content\/uploads\/2025\/06\/solar-dual-ac-wallbox-charger-12x12.webp 12w, https:\/\/www.iocharger.com\/wp-content\/uploads\/2025\/06\/solar-dual-ac-wallbox-charger-285x285.webp 285w, https:\/\/www.iocharger.com\/wp-content\/uploads\/2025\/06\/solar-dual-ac-wallbox-charger-270x270.webp 270w, https:\/\/www.iocharger.com\/wp-content\/uploads\/2025\/06\/solar-dual-ac-wallbox-charger-540x540.webp 540w, https:\/\/www.iocharger.com\/wp-content\/uploads\/2025\/06\/solar-dual-ac-wallbox-charger-660x660.webp 660w\" sizes=\"(max-width: 1000px) 100vw, 1000px\" \/>\t\t\t\t\t\t\t\t\t\t\t\t\t\t\t<\/div>\n\t\t\t\t\t<\/div>\n\t\t<\/div>\n\t\t\t\t<div class=\"elementor-column elementor-col-50 elementor-top-column elementor-element elementor-element-7d0d631\" data-id=\"7d0d631\" data-element_type=\"column\">\n\t\t\t<div class=\"elementor-widget-wrap elementor-element-populated\">\n\t\t\t\t\t\t<div class=\"elementor-element elementor-element-bb1f515 elementor-widget elementor-widget-text-editor\" data-id=\"bb1f515\" data-element_type=\"widget\" data-widget_type=\"text-editor.default\">\n\t\t\t\t\t\t\t\t\t<h3>Bilanciamento dinamico del carico per una gestione ottimale dell'energia<\/h3><p>Dotato di un avanzato bilanciamento dinamico del carico, IOCAW31 regola automaticamente la potenza di carica in base alla capacit\u00e0 della rete e alla domanda in tempo reale. Si integra inoltre con fonti di energia intelligenti, come i sistemi solari e di accumulo di energia, per evitare il sovraccarico della rete e la sovracorrente delle apparecchiature. Questo massimizza l'utilizzo dell'energia e garantisce un funzionamento affidabile ed efficiente, ideale per depositi di flotte, complessi residenziali e ambienti con pi\u00f9 punti di ricarica, offrendo una soluzione di ricarica sostenibile e intelligente.<\/p>\t\t\t\t\t\t\t\t<\/div>\n\t\t\t\t\t<\/div>\n\t\t<\/div>\n\t\t\t\t\t<\/div>\n\t\t<\/section>\n\t\t\t\t<\/div>","protected":false},"excerpt":{"rendered":"<div class=\"pro_main_text clearfix\">\n<div class=\"pro_main_text clearfix\">\n<div class=\"pro_main_text clearfix\">\n<p>Design a doppia porta, ideale per siti commerciali ad alto traffico e con spazio di installazione limitato.<\/p>\n<p>Modello: IOCAW31<\/p>\n<ul>\n<li>Valutazione d'ingresso: monofase 230V\u00b120%; trifase 400V\u00b120%<\/li>\n<li>Potenza nominale: Monofase 7kW 32A; Trifase 22kW 32A<\/li>\n<li>RCD interno: Tipo-A e 6mA DC<\/li>\n<li>Display: 7\u201d LCD o 7\u2019\u2019 Touch screen opzionale<\/li>\n<li>Misuratore: Misuratore medio<\/li>\n<li>Interfaccia di rete: Ethernet, WiFi, 4G, Bluetooth<\/li>\n<li>OCPP: Supporto completo OCPP 1.6J\/ OCPP 2.0.1<\/li>\n<li>ISO15118 Plug&amp;Charge: aggiornabile<\/li>\n<li>Protezione dall'ingresso: IP55<\/li>\n<li>Interfaccia di ricarica: Cavo SAE J1772 e Tipo-2\/ Presa Tipo-2\/ Presa T2S con otturatore<\/li>\n<li>Tipo di montaggio: Parete o pavimento (piedistallo fornito separatamente)<\/li>\n<\/ul>\n<\/div>\n<\/div>\n<\/div>","protected":false},"featured_media":9775,"template":"","meta":{"_acf_changed":false},"product_brand":[],"product_cat":[61],"product_tag":[102,103,104],"class_list":{"0":"post-7242","1":"product","2":"type-product","3":"status-publish","4":"has-post-thumbnail","6":"product_cat-commercial-ev-charger","7":"product_tag-dual-22kw-wallbox","8":"product_tag-dual-ac-wallbox-2x22kw","9":"product_tag-public-dual-ac-wallbox","11":"first","12":"instock","13":"featured","14":"shipping-taxable","15":"product-type-simple"},"acf":[],"_links":{"self":[{"href":"https:\/\/www.iocharger.com\/it\/wp-json\/wp\/v2\/product\/7242","targetHints":{"allow":["GET"]}}],"collection":[{"href":"https:\/\/www.iocharger.com\/it\/wp-json\/wp\/v2\/product"}],"about":[{"href":"https:\/\/www.iocharger.com\/it\/wp-json\/wp\/v2\/types\/product"}],"version-history":[{"count":5,"href":"https:\/\/www.iocharger.com\/it\/wp-json\/wp\/v2\/product\/7242\/revisions"}],"predecessor-version":[{"id":9793,"href":"https:\/\/www.iocharger.com\/it\/wp-json\/wp\/v2\/product\/7242\/revisions\/9793"}],"wp:featuredmedia":[{"embeddable":true,"href":"https:\/\/www.iocharger.com\/it\/wp-json\/wp\/v2\/media\/9775"}],"wp:attachment":[{"href":"https:\/\/www.iocharger.com\/it\/wp-json\/wp\/v2\/media?parent=7242"}],"wp:term":[{"taxonomy":"product_brand","embeddable":true,"href":"https:\/\/www.iocharger.com\/it\/wp-json\/wp\/v2\/product_brand?post=7242"},{"taxonomy":"product_cat","embeddable":true,"href":"https:\/\/www.iocharger.com\/it\/wp-json\/wp\/v2\/product_cat?post=7242"},{"taxonomy":"product_tag","embeddable":true,"href":"https:\/\/www.iocharger.com\/it\/wp-json\/wp\/v2\/product_tag?post=7242"}],"curies":[{"name":"wp","href":"https:\/\/api.w.org\/{rel}","templated":true}]}}