{"id":2264,"date":"2023-06-02T08:40:19","date_gmt":"2023-06-02T08:40:19","guid":{"rendered":"https:\/\/test2.honstyle.com\/?post_type=product&#038;p=2264"},"modified":"2026-04-30T07:11:50","modified_gmt":"2026-04-30T07:11:50","slug":"energy-management-system-for-residential-and-commercial","status":"publish","type":"product","link":"https:\/\/www.iocharger.com\/it\/energy-management-system-for-residential-and-commercial\/","title":{"rendered":"Sistema di gestione energetica per uso residenziale e commerciale"},"content":{"rendered":"<div data-elementor-type=\"product-post\" data-elementor-id=\"2264\" class=\"elementor elementor-2264\" data-elementor-post-type=\"product\">\n\t\t\t\t\t\t<section class=\"elementor-section elementor-top-section elementor-element elementor-element-36be56f elementor-section-boxed elementor-section-height-default elementor-section-height-default\" data-id=\"36be56f\" data-element_type=\"section\">\n\t\t\t\t\t\t<div class=\"elementor-container elementor-column-gap-default\">\n\t\t\t\t\t<div class=\"elementor-column elementor-col-100 elementor-top-column elementor-element elementor-element-c5856c7\" data-id=\"c5856c7\" data-element_type=\"column\">\n\t\t\t<div class=\"elementor-widget-wrap elementor-element-populated\">\n\t\t\t\t\t\t<div class=\"elementor-element elementor-element-476b974 elementor-widget elementor-widget-text-editor\" data-id=\"476b974\" data-element_type=\"widget\" data-widget_type=\"text-editor.default\">\n\t\t\t\t\t\t\t\t\t<p>Gestione semplice e facile accesso a tutte le informazioni.<br \/>Sono necessari pochi addetti alla manutenzione e tutti i caricabatterie possono essere monitorati in remoto senza recarsi sul posto.<\/p>\t\t\t\t\t\t\t\t<\/div>\n\t\t\t\t\t<\/div>\n\t\t<\/div>\n\t\t\t\t\t<\/div>\n\t\t<\/section>\n\t\t\t\t<section class=\"elementor-section elementor-top-section elementor-element elementor-element-5d2f968 elementor-section-boxed elementor-section-height-default elementor-section-height-default\" data-id=\"5d2f968\" data-element_type=\"section\">\n\t\t\t\t\t\t<div class=\"elementor-container elementor-column-gap-default\">\n\t\t\t\t\t<div class=\"elementor-column elementor-col-50 elementor-top-column elementor-element elementor-element-2eacc1d\" data-id=\"2eacc1d\" data-element_type=\"column\">\n\t\t\t<div class=\"elementor-widget-wrap elementor-element-populated\">\n\t\t\t\t\t\t<div class=\"elementor-element elementor-element-c87d755 elementor-widget elementor-widget-text-editor\" data-id=\"c87d755\" data-element_type=\"widget\" data-widget_type=\"text-editor.default\">\n\t\t\t\t\t\t\t\t\t<p><strong>Caratteristiche principali:<\/strong><\/p><p>Gestione dei dispositivi: Caricabatterie, gestione del gateway energetico e aggiornamento del firmware con un solo clic.<\/p><p>Monitoraggio in tempo reale: Manutenzione e diagnosi a distanza dei caricabatterie, statistiche in tempo reale dei dati di ricarica.<\/p><p>Gestione degli utenti: Gestione dei gruppi di utenti, gestione RFID, visualizzazione e gestione dei record di prenotazione.<\/p><p>Record di addebito: \u00c8 possibile interrogare tutti i record di addebito, interrogare i dati singoli e le condizioni rapide.<\/p>\t\t\t\t\t\t\t\t<\/div>\n\t\t\t\t\t<\/div>\n\t\t<\/div>\n\t\t\t\t<div class=\"elementor-column elementor-col-50 elementor-top-column elementor-element elementor-element-76fba91\" data-id=\"76fba91\" data-element_type=\"column\">\n\t\t\t<div class=\"elementor-widget-wrap elementor-element-populated\">\n\t\t\t\t\t\t<div class=\"elementor-element elementor-element-410d7c4 elementor-widget elementor-widget-image\" data-id=\"410d7c4\" data-element_type=\"widget\" data-widget_type=\"image.default\">\n\t\t\t\t\t\t\t\t\t\t\t\t\t\t\t<img fetchpriority=\"high\" decoding=\"async\" width=\"750\" height=\"750\" src=\"https:\/\/www.iocharger.com\/wp-content\/uploads\/2023\/06\/Energy-Management-System-1-2-1.png\" class=\"attachment-full size-full wp-image-4248\" alt=\"\" srcset=\"https:\/\/www.iocharger.com\/wp-content\/uploads\/2023\/06\/Energy-Management-System-1-2-1.png 750w, https:\/\/www.iocharger.com\/wp-content\/uploads\/2023\/06\/Energy-Management-System-1-2-1-150x150.png 150w, https:\/\/www.iocharger.com\/wp-content\/uploads\/2023\/06\/Energy-Management-System-1-2-1-660x660.png 660w, https:\/\/www.iocharger.com\/wp-content\/uploads\/2023\/06\/Energy-Management-System-1-2-1-300x300.png 300w, https:\/\/www.iocharger.com\/wp-content\/uploads\/2023\/06\/Energy-Management-System-1-2-1-285x285.png 285w, https:\/\/www.iocharger.com\/wp-content\/uploads\/2023\/06\/Energy-Management-System-1-2-1-270x270.png 270w, https:\/\/www.iocharger.com\/wp-content\/uploads\/2023\/06\/Energy-Management-System-1-2-1-540x540.png 540w\" sizes=\"(max-width: 750px) 100vw, 750px\" \/>\t\t\t\t\t\t\t\t\t\t\t\t\t\t\t<\/div>\n\t\t\t\t\t<\/div>\n\t\t<\/div>\n\t\t\t\t\t<\/div>\n\t\t<\/section>\n\t\t\t\t<section class=\"elementor-section elementor-top-section elementor-element elementor-element-65806cd elementor-section-boxed elementor-section-height-default elementor-section-height-default\" data-id=\"65806cd\" data-element_type=\"section\">\n\t\t\t\t\t\t<div class=\"elementor-container elementor-column-gap-default\">\n\t\t\t\t\t<div class=\"elementor-column elementor-col-50 elementor-top-column elementor-element elementor-element-d3b6d80\" data-id=\"d3b6d80\" data-element_type=\"column\">\n\t\t\t<div class=\"elementor-widget-wrap elementor-element-populated\">\n\t\t\t\t\t\t<div class=\"elementor-element elementor-element-39afa5b elementor-widget elementor-widget-image\" data-id=\"39afa5b\" data-element_type=\"widget\" data-widget_type=\"image.default\">\n\t\t\t\t\t\t\t\t\t\t\t\t\t\t\t<img decoding=\"async\" width=\"750\" height=\"750\" src=\"https:\/\/www.iocharger.com\/wp-content\/uploads\/2023\/06\/Energy-Management-System-3-2-1.png\" class=\"attachment-full size-full wp-image-4249\" alt=\"\" srcset=\"https:\/\/www.iocharger.com\/wp-content\/uploads\/2023\/06\/Energy-Management-System-3-2-1.png 750w, https:\/\/www.iocharger.com\/wp-content\/uploads\/2023\/06\/Energy-Management-System-3-2-1-150x150.png 150w, https:\/\/www.iocharger.com\/wp-content\/uploads\/2023\/06\/Energy-Management-System-3-2-1-660x660.png 660w, https:\/\/www.iocharger.com\/wp-content\/uploads\/2023\/06\/Energy-Management-System-3-2-1-300x300.png 300w, https:\/\/www.iocharger.com\/wp-content\/uploads\/2023\/06\/Energy-Management-System-3-2-1-285x285.png 285w, https:\/\/www.iocharger.com\/wp-content\/uploads\/2023\/06\/Energy-Management-System-3-2-1-270x270.png 270w, https:\/\/www.iocharger.com\/wp-content\/uploads\/2023\/06\/Energy-Management-System-3-2-1-540x540.png 540w\" sizes=\"(max-width: 750px) 100vw, 750px\" \/>\t\t\t\t\t\t\t\t\t\t\t\t\t\t\t<\/div>\n\t\t\t\t\t<\/div>\n\t\t<\/div>\n\t\t\t\t<div class=\"elementor-column elementor-col-50 elementor-top-column elementor-element elementor-element-60d90fc\" data-id=\"60d90fc\" data-element_type=\"column\">\n\t\t\t<div class=\"elementor-widget-wrap elementor-element-populated\">\n\t\t\t\t\t\t<div class=\"elementor-element elementor-element-f08cacd elementor-widget elementor-widget-text-editor\" data-id=\"f08cacd\" data-element_type=\"widget\" data-widget_type=\"text-editor.default\">\n\t\t\t\t\t\t\t\t\t<p><strong>Leggero e comodo da gestire<\/strong><\/p><p>IOCLITE \u00e8 una piattaforma di gestione commerciale comoda e veloce. \u00c8 adatta a diversi scenari applicativi, come la casa, la comunit\u00e0, il parcheggio e l'azienda. Gli operatori possono facilmente padroneggiare il funzionamento e la manutenzione senza dover investire troppi costi di apprendimento.<\/p><p>Il software pu\u00f2 anche realizzare facilmente la gestione di pi\u00f9 gruppi e il bilanciamento di pi\u00f9 carichi. Proteggere l'ambiente di alimentazione della stazione dell'operatore per renderlo pi\u00f9 affidabile e stabile.<\/p>\t\t\t\t\t\t\t\t<\/div>\n\t\t\t\t\t<\/div>\n\t\t<\/div>\n\t\t\t\t\t<\/div>\n\t\t<\/section>\n\t\t\t\t<section class=\"elementor-section elementor-top-section elementor-element elementor-element-265586c elementor-section-boxed elementor-section-height-default elementor-section-height-default\" data-id=\"265586c\" data-element_type=\"section\">\n\t\t\t\t\t\t<div class=\"elementor-container elementor-column-gap-default\">\n\t\t\t\t\t<div class=\"elementor-column elementor-col-50 elementor-top-column elementor-element elementor-element-6ccfc3d\" data-id=\"6ccfc3d\" data-element_type=\"column\">\n\t\t\t<div class=\"elementor-widget-wrap elementor-element-populated\">\n\t\t\t\t\t\t<div class=\"elementor-element elementor-element-95e3a62 elementor-widget elementor-widget-text-editor\" data-id=\"95e3a62\" data-element_type=\"widget\" data-widget_type=\"text-editor.default\">\n\t\t\t\t\t\t\t\t\t<p><strong>Risparmiare sui costi di manodopera e migliorare l'efficienza<\/strong><\/p><p>Gestione efficiente - Gestione e monitoraggio a distanza con un minimo di personale. Basta un clic per aggiornare il firmware della pila e tutte le informazioni sono sotto controllo al primo colpo. Investite meno capitale e manodopera, operate facilmente e guadagnate pi\u00f9 ricchezza.<\/p>\t\t\t\t\t\t\t\t<\/div>\n\t\t\t\t\t<\/div>\n\t\t<\/div>\n\t\t\t\t<div class=\"elementor-column elementor-col-50 elementor-top-column elementor-element elementor-element-cb107cb\" data-id=\"cb107cb\" data-element_type=\"column\">\n\t\t\t<div class=\"elementor-widget-wrap elementor-element-populated\">\n\t\t\t\t\t\t<div class=\"elementor-element elementor-element-3d14962 elementor-widget elementor-widget-image\" data-id=\"3d14962\" data-element_type=\"widget\" data-widget_type=\"image.default\">\n\t\t\t\t\t\t\t\t\t\t\t\t\t\t\t<img decoding=\"async\" width=\"750\" height=\"750\" src=\"https:\/\/www.iocharger.com\/wp-content\/uploads\/2023\/06\/Energy-Management-System-33-1.png\" class=\"attachment-full size-full wp-image-4250\" alt=\"\" srcset=\"https:\/\/www.iocharger.com\/wp-content\/uploads\/2023\/06\/Energy-Management-System-33-1.png 750w, https:\/\/www.iocharger.com\/wp-content\/uploads\/2023\/06\/Energy-Management-System-33-1-150x150.png 150w, https:\/\/www.iocharger.com\/wp-content\/uploads\/2023\/06\/Energy-Management-System-33-1-660x660.png 660w, https:\/\/www.iocharger.com\/wp-content\/uploads\/2023\/06\/Energy-Management-System-33-1-300x300.png 300w, https:\/\/www.iocharger.com\/wp-content\/uploads\/2023\/06\/Energy-Management-System-33-1-285x285.png 285w, https:\/\/www.iocharger.com\/wp-content\/uploads\/2023\/06\/Energy-Management-System-33-1-270x270.png 270w, https:\/\/www.iocharger.com\/wp-content\/uploads\/2023\/06\/Energy-Management-System-33-1-540x540.png 540w\" sizes=\"(max-width: 750px) 100vw, 750px\" \/>\t\t\t\t\t\t\t\t\t\t\t\t\t\t\t<\/div>\n\t\t\t\t\t<\/div>\n\t\t<\/div>\n\t\t\t\t\t<\/div>\n\t\t<\/section>\n\t\t\t\t<section class=\"elementor-section elementor-top-section elementor-element elementor-element-60611a2 elementor-section-boxed elementor-section-height-default elementor-section-height-default\" data-id=\"60611a2\" data-element_type=\"section\">\n\t\t\t\t\t\t<div class=\"elementor-container elementor-column-gap-default\">\n\t\t\t\t\t<div class=\"elementor-column elementor-col-50 elementor-top-column elementor-element elementor-element-7fe5951\" data-id=\"7fe5951\" data-element_type=\"column\">\n\t\t\t<div class=\"elementor-widget-wrap elementor-element-populated\">\n\t\t\t\t\t\t<div class=\"elementor-element elementor-element-d2d5b7a elementor-widget elementor-widget-image\" data-id=\"d2d5b7a\" data-element_type=\"widget\" data-widget_type=\"image.default\">\n\t\t\t\t\t\t\t\t\t\t\t\t\t\t\t<img loading=\"lazy\" decoding=\"async\" width=\"750\" height=\"750\" src=\"https:\/\/www.iocharger.com\/wp-content\/uploads\/2023\/06\/Energy-Management-System-4-1-1.png\" class=\"attachment-full size-full wp-image-4790\" alt=\"\" srcset=\"https:\/\/www.iocharger.com\/wp-content\/uploads\/2023\/06\/Energy-Management-System-4-1-1.png 750w, https:\/\/www.iocharger.com\/wp-content\/uploads\/2023\/06\/Energy-Management-System-4-1-1-150x150.png 150w, https:\/\/www.iocharger.com\/wp-content\/uploads\/2023\/06\/Energy-Management-System-4-1-1-660x660.png 660w, https:\/\/www.iocharger.com\/wp-content\/uploads\/2023\/06\/Energy-Management-System-4-1-1-300x300.png 300w, https:\/\/www.iocharger.com\/wp-content\/uploads\/2023\/06\/Energy-Management-System-4-1-1-285x285.png 285w, https:\/\/www.iocharger.com\/wp-content\/uploads\/2023\/06\/Energy-Management-System-4-1-1-270x270.png 270w, https:\/\/www.iocharger.com\/wp-content\/uploads\/2023\/06\/Energy-Management-System-4-1-1-540x540.png 540w\" sizes=\"(max-width: 750px) 100vw, 750px\" \/>\t\t\t\t\t\t\t\t\t\t\t\t\t\t\t<\/div>\n\t\t\t\t\t<\/div>\n\t\t<\/div>\n\t\t\t\t<div class=\"elementor-column elementor-col-50 elementor-top-column elementor-element elementor-element-aa6dc82\" data-id=\"aa6dc82\" data-element_type=\"column\">\n\t\t\t<div class=\"elementor-widget-wrap elementor-element-populated\">\n\t\t\t\t\t\t<div class=\"elementor-element elementor-element-37cec7c elementor-widget elementor-widget-text-editor\" data-id=\"37cec7c\" data-element_type=\"widget\" data-widget_type=\"text-editor.default\">\n\t\t\t\t\t\t\t\t\t<p><strong>Applicazione mobile IoC Family<\/strong><\/p>\n<p>Gestione della famiglia e del gruppo aziendale<\/p>\n<p>Visualizza tutti i record delle transazioni di addebito<\/p>\n<p>Avviare e interrompere la ricarica tramite la scheda RFID o l'APP<\/p>\n<p>Monitorare lo stato di carica da remoto<\/p>\n<p class=\"\">Impostare i programmi per la ricarica in qualsiasi momento<\/p>\n<p class=\"\">Eco-compatibile grazie all'integrazione di energia solare e batteria<\/p>\t\t\t\t\t\t\t\t<\/div>\n\t\t\t\t<section class=\"elementor-section elementor-inner-section elementor-element elementor-element-9c0239b elementor-section-boxed elementor-section-height-default elementor-section-height-default\" data-id=\"9c0239b\" data-element_type=\"section\">\n\t\t\t\t\t\t<div class=\"elementor-container elementor-column-gap-default\">\n\t\t\t\t\t<div class=\"elementor-column elementor-col-50 elementor-inner-column elementor-element elementor-element-a12d6de\" data-id=\"a12d6de\" data-element_type=\"column\">\n\t\t\t<div class=\"elementor-widget-wrap elementor-element-populated\">\n\t\t\t\t\t\t<div class=\"elementor-element elementor-element-78c9f28 elementor-widget elementor-widget-image\" data-id=\"78c9f28\" data-element_type=\"widget\" data-widget_type=\"image.default\">\n\t\t\t\t\t\t\t\t\t\t\t\t\t\t\t\t<a href=\"https:\/\/play.google.com\/store\/apps\/dev?id=6686573058493958206\" rel=\"nofollow noopener\" target=\"_blank\">\n\t\t\t\t\t\t\t<img loading=\"lazy\" decoding=\"async\" width=\"201\" height=\"98\" src=\"https:\/\/www.iocharger.com\/wp-content\/uploads\/2023\/05\/14-1.jpg\" class=\"attachment-full size-full wp-image-3828\" alt=\"iocharger ioc lite scaricare google\" srcset=\"https:\/\/www.iocharger.com\/wp-content\/uploads\/2023\/05\/14-1.jpg 201w, https:\/\/www.iocharger.com\/wp-content\/uploads\/2023\/05\/14-1-150x73.jpg 150w\" sizes=\"(max-width: 201px) 100vw, 201px\" \/>\t\t\t\t\t\t\t\t<\/a>\n\t\t\t\t\t\t\t\t\t\t\t\t\t\t\t<\/div>\n\t\t\t\t\t<\/div>\n\t\t<\/div>\n\t\t\t\t<div class=\"elementor-column elementor-col-50 elementor-inner-column elementor-element elementor-element-a15116f\" data-id=\"a15116f\" data-element_type=\"column\">\n\t\t\t<div class=\"elementor-widget-wrap elementor-element-populated\">\n\t\t\t\t\t\t<div class=\"elementor-element elementor-element-a08710f elementor-widget elementor-widget-image\" data-id=\"a08710f\" data-element_type=\"widget\" data-widget_type=\"image.default\">\n\t\t\t\t\t\t\t\t\t\t\t\t\t\t\t\t<a href=\"https:\/\/apps.apple.com\/us\/app\/iocharger\/id1490831585\" rel=\"nofollow noopener\" target=\"_blank\">\n\t\t\t\t\t\t\t<img loading=\"lazy\" decoding=\"async\" width=\"207\" height=\"98\" src=\"https:\/\/www.iocharger.com\/wp-content\/uploads\/2023\/05\/13-1.jpg\" class=\"attachment-full size-full wp-image-3827\" alt=\"ioc lite app download apple store\" srcset=\"https:\/\/www.iocharger.com\/wp-content\/uploads\/2023\/05\/13-1.jpg 207w, https:\/\/www.iocharger.com\/wp-content\/uploads\/2023\/05\/13-1-150x71.jpg 150w\" sizes=\"(max-width: 207px) 100vw, 207px\" \/>\t\t\t\t\t\t\t\t<\/a>\n\t\t\t\t\t\t\t\t\t\t\t\t\t\t\t<\/div>\n\t\t\t\t\t<\/div>\n\t\t<\/div>\n\t\t\t\t\t<\/div>\n\t\t<\/section>\n\t\t\t\t\t<\/div>\n\t\t<\/div>\n\t\t\t\t\t<\/div>\n\t\t<\/section>\n\t\t\t\t<\/div>","protected":false},"excerpt":{"rendered":"<div class=\"pro_main_text clearfix\">\n<div class=\"pro_main_text clearfix\">\n<div class=\"pro_main_text clearfix\">\n<div class=\"pro_main_text clearfix\">\n<div class=\"pro_main_text clearfix\">\n<div class=\"pro_main_text clearfix\">\n<div class=\"pro_main_text clearfix\">\n<div class=\"pro_main_text clearfix\">\n<div class=\"pro_main_text clearfix\">\n<p>Una piattaforma commerciale leggera che include la gestione dei piani di ricarica, la gestione dei gruppi familiari e aziendali, la gestione dell'energia.<\/p>\n<\/div>\n<ul class=\"clearfix\">\n<li>Gestione dei dispositivi: S\u00ec<\/li>\n<li>Monitoraggio in tempo reale: S\u00ec<\/li>\n<li>Gestione degli utenti: S\u00ec<\/li>\n<li>Gestione schede RFID: S\u00ec<\/li>\n<li>Gestione del bilanciamento del carico: S\u00ec<\/li>\n<li>Gestione del firmware: S\u00ec<\/li>\n<li>Record di carica: S\u00ec<\/li>\n<li>Gestione dei guasti: S\u00ec<\/li>\n<\/ul>\n<\/div>\n<\/div>\n<\/div>\n<\/div>\n<\/div>\n<\/div>\n<\/div>\n<\/div>","protected":false},"featured_media":3466,"template":"","meta":{"_acf_changed":false},"product_brand":[],"product_cat":[89],"product_tag":[92,93,94],"class_list":{"0":"post-2264","1":"product","2":"type-product","3":"status-publish","4":"has-post-thumbnail","6":"product_cat-charging-station-management-system","7":"product_tag-advanced-energy-management-solution","8":"product_tag-dynamic-load-balancing-management","9":"product_tag-residential-energy-management-system","11":"first","12":"instock","13":"shipping-taxable","14":"product-type-simple"},"acf":[],"_links":{"self":[{"href":"https:\/\/www.iocharger.com\/it\/wp-json\/wp\/v2\/product\/2264","targetHints":{"allow":["GET"]}}],"collection":[{"href":"https:\/\/www.iocharger.com\/it\/wp-json\/wp\/v2\/product"}],"about":[{"href":"https:\/\/www.iocharger.com\/it\/wp-json\/wp\/v2\/types\/product"}],"version-history":[{"count":2,"href":"https:\/\/www.iocharger.com\/it\/wp-json\/wp\/v2\/product\/2264\/revisions"}],"predecessor-version":[{"id":9942,"href":"https:\/\/www.iocharger.com\/it\/wp-json\/wp\/v2\/product\/2264\/revisions\/9942"}],"wp:featuredmedia":[{"embeddable":true,"href":"https:\/\/www.iocharger.com\/it\/wp-json\/wp\/v2\/media\/3466"}],"wp:attachment":[{"href":"https:\/\/www.iocharger.com\/it\/wp-json\/wp\/v2\/media?parent=2264"}],"wp:term":[{"taxonomy":"product_brand","embeddable":true,"href":"https:\/\/www.iocharger.com\/it\/wp-json\/wp\/v2\/product_brand?post=2264"},{"taxonomy":"product_cat","embeddable":true,"href":"https:\/\/www.iocharger.com\/it\/wp-json\/wp\/v2\/product_cat?post=2264"},{"taxonomy":"product_tag","embeddable":true,"href":"https:\/\/www.iocharger.com\/it\/wp-json\/wp\/v2\/product_tag?post=2264"}],"curies":[{"name":"wp","href":"https:\/\/api.w.org\/{rel}","templated":true}]}}