{"id":2134,"date":"2023-05-31T11:14:49","date_gmt":"2023-05-31T11:14:49","guid":{"rendered":"https:\/\/test2.honstyle.com\/?post_type=product&#038;p=2134"},"modified":"2025-11-25T07:27:07","modified_gmt":"2025-11-25T07:27:07","slug":"cloud-charging-management-system-for-charge-point-operator","status":"publish","type":"product","link":"https:\/\/www.iocharger.com\/it\/cloud-charging-management-system-for-charge-point-operator\/","title":{"rendered":"Sistema di gestione della ricarica cloud per operatori di punti di ricarica"},"content":{"rendered":"<div data-elementor-type=\"product-post\" data-elementor-id=\"2134\" class=\"elementor elementor-2134\" data-elementor-post-type=\"product\">\n\t\t\t\t\t\t<section class=\"elementor-section elementor-top-section elementor-element elementor-element-561e9a7 elementor-section-boxed elementor-section-height-default elementor-section-height-default\" data-id=\"561e9a7\" data-element_type=\"section\">\n\t\t\t\t\t\t<div class=\"elementor-container elementor-column-gap-default\">\n\t\t\t\t\t<div class=\"elementor-column elementor-col-100 elementor-top-column elementor-element elementor-element-5d110f1\" data-id=\"5d110f1\" data-element_type=\"column\">\n\t\t\t<div class=\"elementor-widget-wrap elementor-element-populated\">\n\t\t\t\t\t\t<div class=\"elementor-element elementor-element-0f42f00 elementor-widget elementor-widget-text-editor\" data-id=\"0f42f00\" data-element_type=\"widget\" data-widget_type=\"text-editor.default\">\n\t\t\t\t\t\t\t\t\t<p>Iocharger CCMS \u00e8 una piattaforma di gestione dei servizi basata su cloud che consente agli operatori di ottimizzare l'esperienza di ricarica. Gli operatori possono gestire facilmente gli accessi e monitorare da remoto le stazioni, fatturare facilmente agli utenti attraverso un unico sistema di gestione in background e generare una serie di dati preziosi sull'utilizzo delle stazioni.<\/p>\t\t\t\t\t\t\t\t<\/div>\n\t\t\t\t\t<\/div>\n\t\t<\/div>\n\t\t\t\t\t<\/div>\n\t\t<\/section>\n\t\t\t\t<section class=\"elementor-section elementor-top-section elementor-element elementor-element-9c1eb14 elementor-section-boxed elementor-section-height-default elementor-section-height-default\" data-id=\"9c1eb14\" data-element_type=\"section\">\n\t\t\t\t\t\t<div class=\"elementor-container elementor-column-gap-default\">\n\t\t\t\t\t<div class=\"elementor-column elementor-col-50 elementor-top-column elementor-element elementor-element-2b8f867\" data-id=\"2b8f867\" data-element_type=\"column\">\n\t\t\t<div class=\"elementor-widget-wrap elementor-element-populated\">\n\t\t\t\t\t\t<div class=\"elementor-element elementor-element-35a7810 elementor-widget elementor-widget-text-editor\" data-id=\"35a7810\" data-element_type=\"widget\" data-widget_type=\"text-editor.default\">\n\t\t\t\t\t\t\t\t\t<p><strong>Guadagno da un'interfaccia ricca<\/strong><\/p><p>Fornite ai proprietari delle stazioni di ricarica l'accesso ai dati in tempo reale. Consentite loro di gestire le stazioni di ricarica.<\/p><p><strong>Sistema di fatturazione flessibile<\/strong><\/p><p>Stabilite le vostre strategie di prezzo e gestite la fatturazione in abbonamento con termini flessibili.<\/p><p><strong>App mobile a marchio bianco<\/strong><\/p><p>Fornite ai vostri clienti un'esperienza eccezionale, con marchio e localizzazione, grazie alle nostre applicazioni mobili.<\/p><p><strong>Riduzione dei costi di manutenzione<\/strong><\/p><p>La ricarica intelligente e il recupero automatico dei guasti riducono i costi di manutenzione<\/p>\t\t\t\t\t\t\t\t<\/div>\n\t\t\t\t\t<\/div>\n\t\t<\/div>\n\t\t\t\t<div class=\"elementor-column elementor-col-50 elementor-top-column elementor-element elementor-element-9329191\" data-id=\"9329191\" data-element_type=\"column\">\n\t\t\t<div class=\"elementor-widget-wrap elementor-element-populated\">\n\t\t\t\t\t\t<div class=\"elementor-element elementor-element-74fc0ba elementor-widget elementor-widget-image\" data-id=\"74fc0ba\" data-element_type=\"widget\" data-widget_type=\"image.default\">\n\t\t\t\t\t\t\t\t\t\t\t\t\t\t\t<img fetchpriority=\"high\" decoding=\"async\" width=\"750\" height=\"750\" src=\"https:\/\/www.iocharger.com\/wp-content\/uploads\/2023\/05\/Commercial-Charging-Management-S-1.png\" class=\"attachment-full size-full wp-image-4259\" alt=\"\" srcset=\"https:\/\/www.iocharger.com\/wp-content\/uploads\/2023\/05\/Commercial-Charging-Management-S-1.png 750w, https:\/\/www.iocharger.com\/wp-content\/uploads\/2023\/05\/Commercial-Charging-Management-S-1-150x150.png 150w, https:\/\/www.iocharger.com\/wp-content\/uploads\/2023\/05\/Commercial-Charging-Management-S-1-660x660.png 660w, https:\/\/www.iocharger.com\/wp-content\/uploads\/2023\/05\/Commercial-Charging-Management-S-1-300x300.png 300w, https:\/\/www.iocharger.com\/wp-content\/uploads\/2023\/05\/Commercial-Charging-Management-S-1-285x285.png 285w, https:\/\/www.iocharger.com\/wp-content\/uploads\/2023\/05\/Commercial-Charging-Management-S-1-270x270.png 270w, https:\/\/www.iocharger.com\/wp-content\/uploads\/2023\/05\/Commercial-Charging-Management-S-1-540x540.png 540w\" sizes=\"(max-width: 750px) 100vw, 750px\" \/>\t\t\t\t\t\t\t\t\t\t\t\t\t\t\t<\/div>\n\t\t\t\t\t<\/div>\n\t\t<\/div>\n\t\t\t\t\t<\/div>\n\t\t<\/section>\n\t\t\t\t<section class=\"elementor-section elementor-top-section elementor-element elementor-element-d8ca1b8 elementor-section-boxed elementor-section-height-default elementor-section-height-default\" data-id=\"d8ca1b8\" data-element_type=\"section\">\n\t\t\t\t\t\t<div class=\"elementor-container elementor-column-gap-default\">\n\t\t\t\t\t<div class=\"elementor-column elementor-col-50 elementor-top-column elementor-element elementor-element-269a34a\" data-id=\"269a34a\" data-element_type=\"column\">\n\t\t\t<div class=\"elementor-widget-wrap elementor-element-populated\">\n\t\t\t\t\t\t<div class=\"elementor-element elementor-element-9693bed elementor-widget elementor-widget-image\" data-id=\"9693bed\" data-element_type=\"widget\" data-widget_type=\"image.default\">\n\t\t\t\t\t\t\t\t\t\t\t\t\t\t\t<img decoding=\"async\" width=\"750\" height=\"750\" src=\"https:\/\/www.iocharger.com\/wp-content\/uploads\/2023\/05\/Commercial-Charging-Management-S2-1.png\" class=\"attachment-full size-full wp-image-4260\" alt=\"\" srcset=\"https:\/\/www.iocharger.com\/wp-content\/uploads\/2023\/05\/Commercial-Charging-Management-S2-1.png 750w, https:\/\/www.iocharger.com\/wp-content\/uploads\/2023\/05\/Commercial-Charging-Management-S2-1-150x150.png 150w, https:\/\/www.iocharger.com\/wp-content\/uploads\/2023\/05\/Commercial-Charging-Management-S2-1-660x660.png 660w, https:\/\/www.iocharger.com\/wp-content\/uploads\/2023\/05\/Commercial-Charging-Management-S2-1-300x300.png 300w, https:\/\/www.iocharger.com\/wp-content\/uploads\/2023\/05\/Commercial-Charging-Management-S2-1-285x285.png 285w, https:\/\/www.iocharger.com\/wp-content\/uploads\/2023\/05\/Commercial-Charging-Management-S2-1-270x270.png 270w, https:\/\/www.iocharger.com\/wp-content\/uploads\/2023\/05\/Commercial-Charging-Management-S2-1-540x540.png 540w\" sizes=\"(max-width: 750px) 100vw, 750px\" \/>\t\t\t\t\t\t\t\t\t\t\t\t\t\t\t<\/div>\n\t\t\t\t\t<\/div>\n\t\t<\/div>\n\t\t\t\t<div class=\"elementor-column elementor-col-50 elementor-top-column elementor-element elementor-element-46f5ebe\" data-id=\"46f5ebe\" data-element_type=\"column\">\n\t\t\t<div class=\"elementor-widget-wrap elementor-element-populated\">\n\t\t\t\t\t\t<div class=\"elementor-element elementor-element-898090b elementor-widget elementor-widget-text-editor\" data-id=\"898090b\" data-element_type=\"widget\" data-widget_type=\"text-editor.default\">\n\t\t\t\t\t\t\t\t\t<p><strong>Un sistema di gestione perfetto e potente<\/strong><\/p><div aria-live=\"polite\"><div data-language=\"en\" data-original-language=\"zh-CN\" data-result-index=\"0\"><div><span lang=\"en\"><span data-language-for-alternatives=\"en\" data-language-to-translate-into=\"zh-CN\" data-phrase-index=\"0\" data-number-of-phrases=\"2\">Iocharger CCMS soddisfa tutte le esigenze operative, come la gestione delle postazioni di ricarica e dei caricabatterie, il monitoraggio in tempo reale, la gestione degli utenti, la gestione della manutenzione, ecc. e amplia la gestione delle risorse anche oltre le postazioni di ricarica.<\/span>\u00a0<span data-language-for-alternatives=\"en\" data-language-to-translate-into=\"zh-CN\" data-phrase-index=\"1\" data-number-of-phrases=\"2\">La funzione di condivisione della stazione di ricarica EV consente al proprietario della stazione di ricarica di collaborare con l'operatore. Il proprietario del caricabatterie pu\u00f2 impostare da solo l'orario di condivisione del caricabatterie EV e il prezzo di condivisione, e condividere con l'esterno per aumentare il reddito del proprietario del caricabatterie quando questo \u00e8 inattivo.<\/span><\/span><\/div><\/div><\/div>\t\t\t\t\t\t\t\t<\/div>\n\t\t\t\t\t<\/div>\n\t\t<\/div>\n\t\t\t\t\t<\/div>\n\t\t<\/section>\n\t\t\t\t<section class=\"elementor-section elementor-top-section elementor-element elementor-element-1f649bc elementor-section-boxed elementor-section-height-default elementor-section-height-default\" data-id=\"1f649bc\" data-element_type=\"section\">\n\t\t\t\t\t\t<div class=\"elementor-container elementor-column-gap-default\">\n\t\t\t\t\t<div class=\"elementor-column elementor-col-50 elementor-top-column elementor-element elementor-element-3466e16\" data-id=\"3466e16\" data-element_type=\"column\">\n\t\t\t<div class=\"elementor-widget-wrap elementor-element-populated\">\n\t\t\t\t\t\t<div class=\"elementor-element elementor-element-04bcba5 elementor-widget elementor-widget-text-editor\" data-id=\"04bcba5\" data-element_type=\"widget\" data-widget_type=\"text-editor.default\">\n\t\t\t\t\t\t\t\t\t<p><strong>Ricche strategie di ricarica e sconti diversificati<\/strong><\/p><p>La strategia di ricarica in tre fasi, prima e dopo la ricarica, rende le operazioni pi\u00f9 efficienti e la ricarica pi\u00f9 accurata. Con metodi di sconto diversificati, aumenta la viscosit\u00e0 dell'utente e amplia gli scenari di applicazione commerciale.<\/p>\t\t\t\t\t\t\t\t<\/div>\n\t\t\t\t\t<\/div>\n\t\t<\/div>\n\t\t\t\t<div class=\"elementor-column elementor-col-50 elementor-top-column elementor-element elementor-element-311a9c0\" data-id=\"311a9c0\" data-element_type=\"column\">\n\t\t\t<div class=\"elementor-widget-wrap elementor-element-populated\">\n\t\t\t\t\t\t<div class=\"elementor-element elementor-element-97c57c8 elementor-widget elementor-widget-image\" data-id=\"97c57c8\" data-element_type=\"widget\" data-widget_type=\"image.default\">\n\t\t\t\t\t\t\t\t\t\t\t\t\t\t\t<img decoding=\"async\" width=\"750\" height=\"750\" src=\"https:\/\/www.iocharger.com\/wp-content\/uploads\/2023\/05\/Commercial-Charging-Management-S3-1.png\" class=\"attachment-full size-full wp-image-4261\" alt=\"\" srcset=\"https:\/\/www.iocharger.com\/wp-content\/uploads\/2023\/05\/Commercial-Charging-Management-S3-1.png 750w, https:\/\/www.iocharger.com\/wp-content\/uploads\/2023\/05\/Commercial-Charging-Management-S3-1-150x150.png 150w, https:\/\/www.iocharger.com\/wp-content\/uploads\/2023\/05\/Commercial-Charging-Management-S3-1-660x660.png 660w, https:\/\/www.iocharger.com\/wp-content\/uploads\/2023\/05\/Commercial-Charging-Management-S3-1-300x300.png 300w, https:\/\/www.iocharger.com\/wp-content\/uploads\/2023\/05\/Commercial-Charging-Management-S3-1-285x285.png 285w, https:\/\/www.iocharger.com\/wp-content\/uploads\/2023\/05\/Commercial-Charging-Management-S3-1-270x270.png 270w, https:\/\/www.iocharger.com\/wp-content\/uploads\/2023\/05\/Commercial-Charging-Management-S3-1-540x540.png 540w\" sizes=\"(max-width: 750px) 100vw, 750px\" \/>\t\t\t\t\t\t\t\t\t\t\t\t\t\t\t<\/div>\n\t\t\t\t\t<\/div>\n\t\t<\/div>\n\t\t\t\t\t<\/div>\n\t\t<\/section>\n\t\t\t\t<section class=\"elementor-section elementor-top-section elementor-element elementor-element-5092952 elementor-section-boxed elementor-section-height-default elementor-section-height-default\" data-id=\"5092952\" data-element_type=\"section\">\n\t\t\t\t\t\t<div class=\"elementor-container elementor-column-gap-default\">\n\t\t\t\t\t<div class=\"elementor-column elementor-col-50 elementor-top-column elementor-element elementor-element-b2d0bb6\" data-id=\"b2d0bb6\" data-element_type=\"column\">\n\t\t\t<div class=\"elementor-widget-wrap elementor-element-populated\">\n\t\t\t\t\t\t<div class=\"elementor-element elementor-element-46a1cb4 elementor-widget elementor-widget-image\" data-id=\"46a1cb4\" data-element_type=\"widget\" data-widget_type=\"image.default\">\n\t\t\t\t\t\t\t\t\t\t\t\t\t\t\t<img loading=\"lazy\" decoding=\"async\" width=\"750\" height=\"750\" src=\"https:\/\/www.iocharger.com\/wp-content\/uploads\/2023\/05\/Commercial-Charging-Management-S4-1-1.png\" class=\"attachment-full size-full wp-image-4264\" alt=\"\" srcset=\"https:\/\/www.iocharger.com\/wp-content\/uploads\/2023\/05\/Commercial-Charging-Management-S4-1-1.png 750w, https:\/\/www.iocharger.com\/wp-content\/uploads\/2023\/05\/Commercial-Charging-Management-S4-1-1-150x150.png 150w, https:\/\/www.iocharger.com\/wp-content\/uploads\/2023\/05\/Commercial-Charging-Management-S4-1-1-660x660.png 660w, https:\/\/www.iocharger.com\/wp-content\/uploads\/2023\/05\/Commercial-Charging-Management-S4-1-1-300x300.png 300w, https:\/\/www.iocharger.com\/wp-content\/uploads\/2023\/05\/Commercial-Charging-Management-S4-1-1-285x285.png 285w, https:\/\/www.iocharger.com\/wp-content\/uploads\/2023\/05\/Commercial-Charging-Management-S4-1-1-270x270.png 270w, https:\/\/www.iocharger.com\/wp-content\/uploads\/2023\/05\/Commercial-Charging-Management-S4-1-1-540x540.png 540w\" sizes=\"(max-width: 750px) 100vw, 750px\" \/>\t\t\t\t\t\t\t\t\t\t\t\t\t\t\t<\/div>\n\t\t\t\t\t<\/div>\n\t\t<\/div>\n\t\t\t\t<div class=\"elementor-column elementor-col-50 elementor-top-column elementor-element elementor-element-dc3fec5\" data-id=\"dc3fec5\" data-element_type=\"column\">\n\t\t\t<div class=\"elementor-widget-wrap elementor-element-populated\">\n\t\t\t\t\t\t<div class=\"elementor-element elementor-element-6ae37de elementor-widget elementor-widget-text-editor\" data-id=\"6ae37de\" data-element_type=\"widget\" data-widget_type=\"text-editor.default\">\n\t\t\t\t\t\t\t\t\t<p><strong>Ricche strategie di ricarica e sconti diversificati<\/strong><\/p><p>La strategia di ricarica in tre fasi, prima e dopo la ricarica, rende le operazioni pi\u00f9 efficienti e la ricarica pi\u00f9 accurata. Con metodi di sconto diversificati, aumenta la viscosit\u00e0 dell'utente e amplia gli scenari di applicazione commerciale.<\/p>\t\t\t\t\t\t\t\t<\/div>\n\t\t\t\t\t<\/div>\n\t\t<\/div>\n\t\t\t\t\t<\/div>\n\t\t<\/section>\n\t\t\t\t<section class=\"elementor-section elementor-top-section elementor-element elementor-element-3171583 elementor-section-boxed elementor-section-height-default elementor-section-height-default\" data-id=\"3171583\" data-element_type=\"section\">\n\t\t\t\t\t\t<div class=\"elementor-container elementor-column-gap-default\">\n\t\t\t\t\t<div class=\"elementor-column elementor-col-50 elementor-top-column elementor-element elementor-element-d55a0f1\" data-id=\"d55a0f1\" data-element_type=\"column\">\n\t\t\t<div class=\"elementor-widget-wrap elementor-element-populated\">\n\t\t\t\t\t\t<div class=\"elementor-element elementor-element-02ef8dc elementor-widget elementor-widget-text-editor\" data-id=\"02ef8dc\" data-element_type=\"widget\" data-widget_type=\"text-editor.default\">\n\t\t\t\t\t\t\t\t\t<p><strong>Applicazione mobile Iocharger<\/strong><\/p><p>Visualizzare una mappa in tempo reale delle stazioni di ricarica.<\/p><p>Navigare fino alla posizione<\/p><p>Avviare e interrompere la ricarica tramite la scheda RFID o l'app.<\/p><p>Monitorare lo stato di carica da remoto<\/p><p>\u25cf Separazione del pagamento tra veicoli privati e aziendali<\/p><p>Un livello VIP pi\u00f9 alto per usufruire di maggiori servizi e sconti.<\/p><p>Visualizza lo stato degli sconti e dei buoni sconto<\/p>\t\t\t\t\t\t\t\t<\/div>\n\t\t\t\t<section class=\"elementor-section elementor-inner-section elementor-element elementor-element-6f6398b elementor-section-boxed elementor-section-height-default elementor-section-height-default\" data-id=\"6f6398b\" data-element_type=\"section\">\n\t\t\t\t\t\t<div class=\"elementor-container elementor-column-gap-default\">\n\t\t\t\t\t<div class=\"elementor-column elementor-col-50 elementor-inner-column elementor-element elementor-element-57ecc58\" data-id=\"57ecc58\" data-element_type=\"column\">\n\t\t\t<div class=\"elementor-widget-wrap elementor-element-populated\">\n\t\t\t\t\t\t<div class=\"elementor-element elementor-element-71f5a38 elementor-widget elementor-widget-image\" data-id=\"71f5a38\" data-element_type=\"widget\" data-widget_type=\"image.default\">\n\t\t\t\t\t\t\t\t\t\t\t\t\t\t\t\t<a href=\"https:\/\/play.google.com\/store\/apps\/dev?id=6686573058493958206\" rel=\"nofollow noopener\" target=\"_blank\">\n\t\t\t\t\t\t\t<img loading=\"lazy\" decoding=\"async\" width=\"201\" height=\"98\" src=\"https:\/\/www.iocharger.com\/wp-content\/uploads\/2023\/05\/14-1.jpg\" class=\"attachment-full size-full wp-image-3828\" alt=\"iocharger ioc lite scaricare google\" srcset=\"https:\/\/www.iocharger.com\/wp-content\/uploads\/2023\/05\/14-1.jpg 201w, https:\/\/www.iocharger.com\/wp-content\/uploads\/2023\/05\/14-1-150x73.jpg 150w\" sizes=\"(max-width: 201px) 100vw, 201px\" \/>\t\t\t\t\t\t\t\t<\/a>\n\t\t\t\t\t\t\t\t\t\t\t\t\t\t\t<\/div>\n\t\t\t\t\t<\/div>\n\t\t<\/div>\n\t\t\t\t<div class=\"elementor-column elementor-col-50 elementor-inner-column elementor-element elementor-element-3175979\" data-id=\"3175979\" data-element_type=\"column\">\n\t\t\t<div class=\"elementor-widget-wrap elementor-element-populated\">\n\t\t\t\t\t\t<div class=\"elementor-element elementor-element-dfa7bdf elementor-widget elementor-widget-image\" data-id=\"dfa7bdf\" data-element_type=\"widget\" data-widget_type=\"image.default\">\n\t\t\t\t\t\t\t\t\t\t\t\t\t\t\t\t<a href=\"https:\/\/apps.apple.com\/us\/app\/iocharger\/id1490831585\" rel=\"nofollow noopener\" target=\"_blank\">\n\t\t\t\t\t\t\t<img loading=\"lazy\" decoding=\"async\" width=\"207\" height=\"98\" src=\"https:\/\/www.iocharger.com\/wp-content\/uploads\/2023\/05\/13-1.jpg\" class=\"attachment-full size-full wp-image-3827\" alt=\"ioc lite app download apple store\" srcset=\"https:\/\/www.iocharger.com\/wp-content\/uploads\/2023\/05\/13-1.jpg 207w, https:\/\/www.iocharger.com\/wp-content\/uploads\/2023\/05\/13-1-150x71.jpg 150w\" sizes=\"(max-width: 207px) 100vw, 207px\" \/>\t\t\t\t\t\t\t\t<\/a>\n\t\t\t\t\t\t\t\t\t\t\t\t\t\t\t<\/div>\n\t\t\t\t\t<\/div>\n\t\t<\/div>\n\t\t\t\t\t<\/div>\n\t\t<\/section>\n\t\t\t\t\t<\/div>\n\t\t<\/div>\n\t\t\t\t<div class=\"elementor-column elementor-col-50 elementor-top-column elementor-element elementor-element-8ef8c8b\" data-id=\"8ef8c8b\" data-element_type=\"column\">\n\t\t\t<div class=\"elementor-widget-wrap elementor-element-populated\">\n\t\t\t\t\t\t<div class=\"elementor-element elementor-element-f0b786f elementor-widget elementor-widget-image\" data-id=\"f0b786f\" data-element_type=\"widget\" data-widget_type=\"image.default\">\n\t\t\t\t\t\t\t\t\t\t\t\t\t\t\t<img loading=\"lazy\" decoding=\"async\" width=\"750\" height=\"750\" src=\"https:\/\/www.iocharger.com\/wp-content\/uploads\/2023\/05\/Commercial-Charging-Management-System5-1.png\" class=\"attachment-full size-full wp-image-3365\" alt=\"\" srcset=\"https:\/\/www.iocharger.com\/wp-content\/uploads\/2023\/05\/Commercial-Charging-Management-System5-1.png 750w, https:\/\/www.iocharger.com\/wp-content\/uploads\/2023\/05\/Commercial-Charging-Management-System5-1-150x150.png 150w, https:\/\/www.iocharger.com\/wp-content\/uploads\/2023\/05\/Commercial-Charging-Management-System5-1-660x660.png 660w, https:\/\/www.iocharger.com\/wp-content\/uploads\/2023\/05\/Commercial-Charging-Management-System5-1-300x300.png 300w, https:\/\/www.iocharger.com\/wp-content\/uploads\/2023\/05\/Commercial-Charging-Management-System5-1-285x285.png 285w, https:\/\/www.iocharger.com\/wp-content\/uploads\/2023\/05\/Commercial-Charging-Management-System5-1-270x270.png 270w, https:\/\/www.iocharger.com\/wp-content\/uploads\/2023\/05\/Commercial-Charging-Management-System5-1-540x540.png 540w\" sizes=\"(max-width: 750px) 100vw, 750px\" \/>\t\t\t\t\t\t\t\t\t\t\t\t\t\t\t<\/div>\n\t\t\t\t\t<\/div>\n\t\t<\/div>\n\t\t\t\t\t<\/div>\n\t\t<\/section>\n\t\t\t\t<\/div>","protected":false},"excerpt":{"rendered":"<div class=\"pro_main_text clearfix\">\n<div class=\"pro_main_text clearfix\">\n<div class=\"pro_main_text clearfix\">\n<div class=\"pro_main_text clearfix\">\n<div class=\"pro_main_text clearfix\">\n<div class=\"pro_main_text clearfix\">\n<div class=\"pro_main_text clearfix\">\n<div class=\"pro_main_text clearfix\">\n<p class=\"\">Una potente piattaforma commerciale per la gestione delle risorse delle apparecchiature basata su OCPP 1.6J e struttura SaaS.<\/p>\n<\/div>\n<ul class=\"clearfix\">\n<li>Gestione dei dispositivi: S\u00ec<\/li>\n<li>Monitoraggio in tempo reale: S\u00ec<\/li>\n<li>Gestione degli utenti: S\u00ec<\/li>\n<li>Gestione schede RFID: S\u00ec<\/li>\n<li>Gestione del bilanciamento del carico: S\u00ec<\/li>\n<li>Gestione del firmware: S\u00ec<\/li>\n<li>Record di carica: S\u00ec<\/li>\n<li>Gestione del veicolo: S\u00ec<\/li>\n<li>Piano di lavoro: S\u00ec<\/li>\n<li>Sub-operatore: S\u00ec<\/li>\n<li>Gestione dei guasti: S\u00ec<\/li>\n<\/ul>\n<\/div>\n<\/div>\n<\/div>\n<\/div>\n<\/div>\n<\/div>\n<\/div>","protected":false},"featured_media":3470,"template":"","meta":{"_acf_changed":false},"product_brand":[],"product_cat":[89],"product_tag":[88,90,91],"class_list":{"0":"post-2134","1":"product","2":"type-product","3":"status-publish","4":"has-post-thumbnail","6":"product_cat-charging-station-management-system","7":"product_tag-charging-management-system-for-cpo","8":"product_tag-commercial-powerful-management-system","9":"product_tag-saas-cloud-charging-management","11":"first","12":"instock","13":"shipping-taxable","14":"product-type-simple"},"acf":[],"_links":{"self":[{"href":"https:\/\/www.iocharger.com\/it\/wp-json\/wp\/v2\/product\/2134","targetHints":{"allow":["GET"]}}],"collection":[{"href":"https:\/\/www.iocharger.com\/it\/wp-json\/wp\/v2\/product"}],"about":[{"href":"https:\/\/www.iocharger.com\/it\/wp-json\/wp\/v2\/types\/product"}],"version-history":[{"count":0,"href":"https:\/\/www.iocharger.com\/it\/wp-json\/wp\/v2\/product\/2134\/revisions"}],"wp:featuredmedia":[{"embeddable":true,"href":"https:\/\/www.iocharger.com\/it\/wp-json\/wp\/v2\/media\/3470"}],"wp:attachment":[{"href":"https:\/\/www.iocharger.com\/it\/wp-json\/wp\/v2\/media?parent=2134"}],"wp:term":[{"taxonomy":"product_brand","embeddable":true,"href":"https:\/\/www.iocharger.com\/it\/wp-json\/wp\/v2\/product_brand?post=2134"},{"taxonomy":"product_cat","embeddable":true,"href":"https:\/\/www.iocharger.com\/it\/wp-json\/wp\/v2\/product_cat?post=2134"},{"taxonomy":"product_tag","embeddable":true,"href":"https:\/\/www.iocharger.com\/it\/wp-json\/wp\/v2\/product_tag?post=2134"}],"curies":[{"name":"wp","href":"https:\/\/api.w.org\/{rel}","templated":true}]}}