{"id":3377,"date":"2023-07-23T15:14:12","date_gmt":"2023-07-23T15:14:12","guid":{"rendered":"https:\/\/www.iocharger.com\/?page_id=3377"},"modified":"2026-03-26T08:01:24","modified_gmt":"2026-03-26T08:01:24","slug":"blog","status":"publish","type":"page","link":"https:\/\/www.iocharger.com\/it\/blog\/","title":{"rendered":"Blog"},"content":{"rendered":"<div data-elementor-type=\"wp-page\" data-elementor-id=\"3377\" class=\"elementor elementor-3377\" data-elementor-post-type=\"page\">\n\t\t\t\t\t\t<section class=\"elementor-section elementor-top-section elementor-element elementor-element-fe3c169 elementor-section-boxed elementor-section-height-default elementor-section-height-default\" data-id=\"fe3c169\" data-element_type=\"section\">\n\t\t\t\t\t\t<div class=\"elementor-container elementor-column-gap-default\">\n\t\t\t\t\t<div class=\"elementor-column elementor-col-50 elementor-top-column elementor-element elementor-element-92bfdeb\" data-id=\"92bfdeb\" data-element_type=\"column\">\n\t\t\t<div class=\"elementor-widget-wrap elementor-element-populated\">\n\t\t\t\t\t\t<div class=\"elementor-element elementor-element-76be8a4 elementor-widget elementor-widget-text-editor\" data-id=\"76be8a4\" data-element_type=\"widget\" data-widget_type=\"text-editor.default\">\n\t\t\t\t\t\t\t\t\t<p>Categorie<\/p>\t\t\t\t\t\t\t\t<\/div>\n\t\t\t\t<div class=\"elementor-element elementor-element-3364a4a elementor-widget elementor-widget-sm-menu\" data-id=\"3364a4a\" data-element_type=\"widget\" data-widget_type=\"sm-menu.default\">\n\t\t\t\t<div class=\"elementor-widget-container\">\n\t\t\t\t\t<div id=\"elementor-header-primary\" class=\"elementor-header\">\t\t\t<button class=\"sm_menu_toggle\"><i class=\"ti ti-menu\"><\/i><\/button>\n\t\t\t<a class=\"sm_menu_toggle_close\" href=\"#\"><i class=\"ti ti-close\"><\/i><\/a>\n\t\t\t<div id=\"sm_menu\" class=\"sm_menu\">\n\t\t\t\n\t\t\t\t<nav itemtype=\"http:\/\/schema.org\/SiteNavigationElement\" itemscope=\"itemscope\" id=\"elementor-navigation\" class=\"elementor-navigation\" role=\"navigation\" aria-label=\"Menu Elementor\">\t\t\t\t\n\t\t\t\t<ul id=\"sm_nav_menu\" class=\"sm_nav_menu\"><li id=\"menu-item-8137\" class=\"menu-item menu-item-type-taxonomy menu-item-object-category menu-item-8137\"><a href=\"https:\/\/www.iocharger.com\/it\/category\/business-management\/\">Gestione aziendale<\/a><\/li>\n<li id=\"menu-item-8134\" class=\"menu-item menu-item-type-taxonomy menu-item-object-category menu-item-8134\"><a href=\"https:\/\/www.iocharger.com\/it\/category\/ev-technology\/\">Tecnologia EV<\/a><\/li>\n<li id=\"menu-item-8135\" class=\"menu-item menu-item-type-taxonomy menu-item-object-category menu-item-8135\"><a href=\"https:\/\/www.iocharger.com\/it\/category\/ev-charger\/\">Caricabatterie EV<\/a><\/li>\n<li id=\"menu-item-8136\" class=\"menu-item menu-item-type-taxonomy menu-item-object-category menu-item-8136\"><a href=\"https:\/\/www.iocharger.com\/it\/category\/ev-energy\/\">EV e energia<\/a><\/li>\n<\/ul>\t\t\t\t<\/nav>\n\n\t\t\t<\/div>\n\t\t<\/div>\n\t\t\n\n\t\t\t\t\t<\/div>\n\t\t\t\t<\/div>\n\t\t\t\t\t<\/div>\n\t\t<\/div>\n\t\t\t\t<div class=\"elementor-column elementor-col-50 elementor-top-column elementor-element elementor-element-8f1626a\" data-id=\"8f1626a\" data-element_type=\"column\">\n\t\t\t<div class=\"elementor-widget-wrap elementor-element-populated\">\n\t\t\t\t\t\t<div class=\"elementor-element elementor-element-ac5f0fc elementor-grid-2 elementor-grid-tablet-2 elementor-grid-mobile-1 elementor-posts--thumbnail-top elementor-widget elementor-widget-posts\" data-id=\"ac5f0fc\" data-element_type=\"widget\" data-settings=\"{&quot;classic_columns&quot;:&quot;2&quot;,&quot;pagination_type&quot;:&quot;numbers&quot;,&quot;classic_columns_tablet&quot;:&quot;2&quot;,&quot;classic_columns_mobile&quot;:&quot;1&quot;,&quot;classic_row_gap&quot;:{&quot;unit&quot;:&quot;px&quot;,&quot;size&quot;:35,&quot;sizes&quot;:[]},&quot;classic_row_gap_tablet&quot;:{&quot;unit&quot;:&quot;px&quot;,&quot;size&quot;:&quot;&quot;,&quot;sizes&quot;:[]},&quot;classic_row_gap_mobile&quot;:{&quot;unit&quot;:&quot;px&quot;,&quot;size&quot;:&quot;&quot;,&quot;sizes&quot;:[]}}\" data-widget_type=\"posts.classic\">\n\t\t\t\t<div class=\"elementor-widget-container\">\n\t\t\t\t\t\t\t<div class=\"elementor-posts-container elementor-posts elementor-posts--skin-classic elementor-grid\" role=\"list\">\n\t\t\t\t<article class=\"elementor-post elementor-grid-item post-9667 post type-post status-publish format-standard has-post-thumbnail hentry category-ev-technology tag-benefits-of-satellite-ev-chargers tag-compact-ev-charging-solutions tag-fleet-ev-charging tag-satellite-charging-stations tag-satellite-ev-chargers tag-space-saving-chargers\" role=\"listitem\">\n\t\t\t\t<a class=\"elementor-post__thumbnail__link\" href=\"https:\/\/www.iocharger.com\/it\/the-compact-benefits-of-satellite-ev-chargers\/\" tabindex=\"-1\" >\n\t\t\t<div class=\"elementor-post__thumbnail\"><img fetchpriority=\"high\" decoding=\"async\" width=\"750\" height=\"600\" src=\"https:\/\/www.iocharger.com\/wp-content\/uploads\/2026\/03\/Benefits-of-Satellite-EV-Chargers.webp\" class=\"attachment-full size-full wp-image-9668\" alt=\"Vantaggi dei caricatori EV satellitari\" srcset=\"https:\/\/www.iocharger.com\/wp-content\/uploads\/2026\/03\/Benefits-of-Satellite-EV-Chargers.webp 750w, https:\/\/www.iocharger.com\/wp-content\/uploads\/2026\/03\/Benefits-of-Satellite-EV-Chargers-300x240.webp 300w, https:\/\/www.iocharger.com\/wp-content\/uploads\/2026\/03\/Benefits-of-Satellite-EV-Chargers-15x12.webp 15w, https:\/\/www.iocharger.com\/wp-content\/uploads\/2026\/03\/Benefits-of-Satellite-EV-Chargers-285x228.webp 285w, https:\/\/www.iocharger.com\/wp-content\/uploads\/2026\/03\/Benefits-of-Satellite-EV-Chargers-660x528.webp 660w, https:\/\/www.iocharger.com\/wp-content\/uploads\/2026\/03\/Benefits-of-Satellite-EV-Chargers-150x120.webp 150w\" sizes=\"(max-width: 750px) 100vw, 750px\" \/><\/div>\n\t\t<\/a>\n\t\t\t\t<div class=\"elementor-post__text\">\n\t\t\t\t<h3 class=\"elementor-post__title\">\n\t\t\t<a href=\"https:\/\/www.iocharger.com\/it\/the-compact-benefits-of-satellite-ev-chargers\/\" >\n\t\t\t\tRisparmiare spazio, ricaricare di pi\u00f9: I vantaggi compatti dei caricatori EV satellitari\t\t\t<\/a>\n\t\t<\/h3>\n\t\t\t\t<div class=\"elementor-post__meta-data\">\n\t\t\t\t\t<span class=\"elementor-post-date\">\n\t\t\t24 marzo 2026\t\t<\/span>\n\t\t\t\t<\/div>\n\t\t\t\t<div class=\"elementor-post__excerpt\">\n\t\t\t<p>Con la continua espansione del mercato dei veicoli elettrici (EV) in Europa, la domanda di soluzioni di ricarica efficienti e poco ingombranti \u00e8 aumentata.<\/p>\n\t\t<\/div>\n\t\t\n\t\t<a class=\"elementor-post__read-more\" href=\"https:\/\/www.iocharger.com\/it\/the-compact-benefits-of-satellite-ev-chargers\/\" aria-label=\"Leggi tutto Save Space, Charge More: The Compact Benefits of Satellite EV Chargers\" tabindex=\"-1\" >\n\t\t\tContinua a leggere \u00bb\t\t<\/a>\n\n\t\t\t\t<\/div>\n\t\t\t\t<\/article>\n\t\t\t\t<article class=\"elementor-post elementor-grid-item post-8857 post type-post status-publish format-standard has-post-thumbnail hentry category-ev-technology category-company-news tag-ac-high-level-charging tag-ac-interoperability-test tag-charin-testival-europe tag-iso15118-2-and-iso15118-20\" role=\"listitem\">\n\t\t\t\t<a class=\"elementor-post__thumbnail__link\" href=\"https:\/\/www.iocharger.com\/it\/charin-testival-europe-2025-iocha20-ac-interoperability-test-report\/\" tabindex=\"-1\" >\n\t\t\t<div class=\"elementor-post__thumbnail\"><img decoding=\"async\" width=\"750\" height=\"600\" src=\"https:\/\/www.iocharger.com\/wp-content\/uploads\/2025\/12\/CharIN-testival-europe.jpg\" class=\"attachment-full size-full wp-image-8859\" alt=\"CharIN testival Europa\" srcset=\"https:\/\/www.iocharger.com\/wp-content\/uploads\/2025\/12\/CharIN-testival-europe.jpg 750w, https:\/\/www.iocharger.com\/wp-content\/uploads\/2025\/12\/CharIN-testival-europe-300x240.jpg 300w, https:\/\/www.iocharger.com\/wp-content\/uploads\/2025\/12\/CharIN-testival-europe-285x228.jpg 285w, https:\/\/www.iocharger.com\/wp-content\/uploads\/2025\/12\/CharIN-testival-europe-660x528.jpg 660w, https:\/\/www.iocharger.com\/wp-content\/uploads\/2025\/12\/CharIN-testival-europe-150x120.jpg 150w\" sizes=\"(max-width: 750px) 100vw, 750px\" \/><\/div>\n\t\t<\/a>\n\t\t\t\t<div class=\"elementor-post__text\">\n\t\t\t\t<h3 class=\"elementor-post__title\">\n\t\t\t<a href=\"https:\/\/www.iocharger.com\/it\/charin-testival-europe-2025-iocha20-ac-interoperability-test-report\/\" >\n\t\t\t\tCharIN Testival Europe 2025 - Rapporto di test di interoperabilit\u00e0 IOCHA20 AC\t\t\t<\/a>\n\t\t<\/h3>\n\t\t\t\t<div class=\"elementor-post__meta-data\">\n\t\t\t\t\t<span class=\"elementor-post-date\">\n\t\t\t1 dicembre 2025\t\t<\/span>\n\t\t\t\t<\/div>\n\t\t\t\t<div class=\"elementor-post__excerpt\">\n\t\t\t<p>Durante il CharIN Testival Europe 2025 tenutosi in Spagna, abbiamo condotto una serie di test di interoperabilit\u00e0 della durata di tre giorni incentrati su<\/p>\n\t\t<\/div>\n\t\t\n\t\t<a class=\"elementor-post__read-more\" href=\"https:\/\/www.iocharger.com\/it\/charin-testival-europe-2025-iocha20-ac-interoperability-test-report\/\" aria-label=\"Leggi tutto CharIN Testival Europe 2025 &#8211; IOCHA20 AC Interoperability Test Report\" tabindex=\"-1\" >\n\t\t\tContinua a leggere \u00bb\t\t<\/a>\n\n\t\t\t\t<\/div>\n\t\t\t\t<\/article>\n\t\t\t\t<article class=\"elementor-post elementor-grid-item post-8852 post type-post status-publish format-standard has-post-thumbnail hentry category-ev-energy tag-iocharger-v2g-ev-charger tag-v2g-becomes-viable-in-germany tag-v2g-germany\" role=\"listitem\">\n\t\t\t\t<a class=\"elementor-post__thumbnail__link\" href=\"https:\/\/www.iocharger.com\/it\/v2g-becomes-viable-in-germany\/\" tabindex=\"-1\" >\n\t\t\t<div class=\"elementor-post__thumbnail\"><img decoding=\"async\" width=\"750\" height=\"600\" src=\"https:\/\/www.iocharger.com\/wp-content\/uploads\/2025\/12\/V2G-Becomes-Viable-in-Germany-1.png\" class=\"attachment-full size-full wp-image-8853\" alt=\"Il V2G diventa fattibile in Germania\" srcset=\"https:\/\/www.iocharger.com\/wp-content\/uploads\/2025\/12\/V2G-Becomes-Viable-in-Germany-1.png 750w, https:\/\/www.iocharger.com\/wp-content\/uploads\/2025\/12\/V2G-Becomes-Viable-in-Germany-1-300x240.png 300w, https:\/\/www.iocharger.com\/wp-content\/uploads\/2025\/12\/V2G-Becomes-Viable-in-Germany-1-285x228.png 285w, https:\/\/www.iocharger.com\/wp-content\/uploads\/2025\/12\/V2G-Becomes-Viable-in-Germany-1-660x528.png 660w, https:\/\/www.iocharger.com\/wp-content\/uploads\/2025\/12\/V2G-Becomes-Viable-in-Germany-1-150x120.png 150w\" sizes=\"(max-width: 750px) 100vw, 750px\" \/><\/div>\n\t\t<\/a>\n\t\t\t\t<div class=\"elementor-post__text\">\n\t\t\t\t<h3 class=\"elementor-post__title\">\n\t\t\t<a href=\"https:\/\/www.iocharger.com\/it\/v2g-becomes-viable-in-germany\/\" >\n\t\t\t\tIl V2G diventa fattibile in Germania: come Iocharger alimenta la prossima ondata di energia intelligente\t\t\t<\/a>\n\t\t<\/h3>\n\t\t\t\t<div class=\"elementor-post__meta-data\">\n\t\t\t\t\t<span class=\"elementor-post-date\">\n\t\t\t27 novembre 2025\t\t<\/span>\n\t\t\t\t<\/div>\n\t\t\t\t<div class=\"elementor-post__excerpt\">\n\t\t\t<p>La Germania ha compiuto un passo decisivo verso l'adozione su larga scala della ricarica bidirezionale. Secondo un recente rapporto<\/p>\n\t\t<\/div>\n\t\t\n\t\t<a class=\"elementor-post__read-more\" href=\"https:\/\/www.iocharger.com\/it\/v2g-becomes-viable-in-germany\/\" aria-label=\"Leggi tutto V2G Becomes Viable in Germany: How Iocharger Powers the Next Wave of Smart Energy\" tabindex=\"-1\" >\n\t\t\tContinua a leggere \u00bb\t\t<\/a>\n\n\t\t\t\t<\/div>\n\t\t\t\t<\/article>\n\t\t\t\t<article class=\"elementor-post elementor-grid-item post-8684 post type-post status-publish format-standard has-post-thumbnail hentry category-ev-charger tag-dc-fast-charging-europe tag-distributed-charging-architecture tag-high-power-charging-infrastructure tag-satellite-ev-charging-system tag-split-ev-charger\" role=\"listitem\">\n\t\t\t\t<a class=\"elementor-post__thumbnail__link\" href=\"https:\/\/www.iocharger.com\/it\/all-in-one-ev-chargers-or-satellite-ev-charging\/\" tabindex=\"-1\" >\n\t\t\t<div class=\"elementor-post__thumbnail\"><img loading=\"lazy\" decoding=\"async\" width=\"700\" height=\"600\" src=\"https:\/\/www.iocharger.com\/wp-content\/uploads\/2025\/11\/All-in-One-ev-chargers-or-Satellite-ev-charging-700x600-1.webp\" class=\"attachment-full size-full wp-image-8685\" alt=\"Caricabatterie EV all-in-one o ricarica EV satellitare 700x600\" srcset=\"https:\/\/www.iocharger.com\/wp-content\/uploads\/2025\/11\/All-in-One-ev-chargers-or-Satellite-ev-charging-700x600-1.webp 700w, https:\/\/www.iocharger.com\/wp-content\/uploads\/2025\/11\/All-in-One-ev-chargers-or-Satellite-ev-charging-700x600-1-300x257.webp 300w, https:\/\/www.iocharger.com\/wp-content\/uploads\/2025\/11\/All-in-One-ev-chargers-or-Satellite-ev-charging-700x600-1-285x244.webp 285w, https:\/\/www.iocharger.com\/wp-content\/uploads\/2025\/11\/All-in-One-ev-chargers-or-Satellite-ev-charging-700x600-1-660x566.webp 660w, https:\/\/www.iocharger.com\/wp-content\/uploads\/2025\/11\/All-in-One-ev-chargers-or-Satellite-ev-charging-700x600-1-150x129.webp 150w\" sizes=\"(max-width: 700px) 100vw, 700px\" \/><\/div>\n\t\t<\/a>\n\t\t\t\t<div class=\"elementor-post__text\">\n\t\t\t\t<h3 class=\"elementor-post__title\">\n\t\t\t<a href=\"https:\/\/www.iocharger.com\/it\/all-in-one-ev-chargers-or-satellite-ev-charging\/\" >\n\t\t\t\tCaricabatterie EV all-in-one o ricarica EV satellitare?\t\t\t<\/a>\n\t\t<\/h3>\n\t\t\t\t<div class=\"elementor-post__meta-data\">\n\t\t\t\t\t<span class=\"elementor-post-date\">\n\t\t\t20 novembre 2025\t\t<\/span>\n\t\t\t\t<\/div>\n\t\t\t\t<div class=\"elementor-post__excerpt\">\n\t\t\t<p>Il mercato europeo dei veicoli elettrici sta evolvendo rapidamente. In qualit\u00e0 di operatore di punti di ricarica (CPO) o gestore di flotte, ti trovi ad affrontare<\/p>\n\t\t<\/div>\n\t\t\n\t\t<a class=\"elementor-post__read-more\" href=\"https:\/\/www.iocharger.com\/it\/all-in-one-ev-chargers-or-satellite-ev-charging\/\" aria-label=\"Leggi tutto All-in-One EV Chargers or Satellite EV Charging?\" tabindex=\"-1\" >\n\t\t\tContinua a leggere \u00bb\t\t<\/a>\n\n\t\t\t\t<\/div>\n\t\t\t\t<\/article>\n\t\t\t\t<article class=\"elementor-post elementor-grid-item post-8503 post type-post status-publish format-standard has-post-thumbnail hentry category-ev-charger tag-emergency-ev-charging tag-mobile-ev-charger tag-movable-ev-charger tag-on-demand-ev-charging tag-portable-ev-charger\" role=\"listitem\">\n\t\t\t\t<a class=\"elementor-post__thumbnail__link\" href=\"https:\/\/www.iocharger.com\/it\/emergency-ev-charging-what-to-do-when-youre-stranded\/\" tabindex=\"-1\" >\n\t\t\t<div class=\"elementor-post__thumbnail\"><img loading=\"lazy\" decoding=\"async\" width=\"750\" height=\"600\" src=\"https:\/\/www.iocharger.com\/wp-content\/uploads\/2025\/10\/Emergency-EV-Charging.webp\" class=\"attachment-full size-full wp-image-8505\" alt=\"Ricarica di emergenza per veicoli elettrici\" srcset=\"https:\/\/www.iocharger.com\/wp-content\/uploads\/2025\/10\/Emergency-EV-Charging.webp 750w, https:\/\/www.iocharger.com\/wp-content\/uploads\/2025\/10\/Emergency-EV-Charging-300x240.webp 300w, https:\/\/www.iocharger.com\/wp-content\/uploads\/2025\/10\/Emergency-EV-Charging-285x228.webp 285w, https:\/\/www.iocharger.com\/wp-content\/uploads\/2025\/10\/Emergency-EV-Charging-660x528.webp 660w, https:\/\/www.iocharger.com\/wp-content\/uploads\/2025\/10\/Emergency-EV-Charging-150x120.webp 150w\" sizes=\"(max-width: 750px) 100vw, 750px\" \/><\/div>\n\t\t<\/a>\n\t\t\t\t<div class=\"elementor-post__text\">\n\t\t\t\t<h3 class=\"elementor-post__title\">\n\t\t\t<a href=\"https:\/\/www.iocharger.com\/it\/emergency-ev-charging-what-to-do-when-youre-stranded\/\" >\n\t\t\t\tRicarica di emergenza per veicoli elettrici: Cosa fare quando si rimane a piedi\t\t\t<\/a>\n\t\t<\/h3>\n\t\t\t\t<div class=\"elementor-post__meta-data\">\n\t\t\t\t\t<span class=\"elementor-post-date\">\n\t\t\t21 ottobre 2025\t\t<\/span>\n\t\t\t\t<\/div>\n\t\t\t\t<div class=\"elementor-post__excerpt\">\n\t\t\t<p>Immaginate questa situazione. State facendo un bellissimo viaggio in auto attraverso l'Europa. Il paesaggio \u00e8 mozzafiato. Poi, una spia luminosa<\/p>\n\t\t<\/div>\n\t\t\n\t\t<a class=\"elementor-post__read-more\" href=\"https:\/\/www.iocharger.com\/it\/emergency-ev-charging-what-to-do-when-youre-stranded\/\" aria-label=\"Leggi tutto Emergency EV Charging: What to Do When You&#8217;re Stranded\" tabindex=\"-1\" >\n\t\t\tContinua a leggere \u00bb\t\t<\/a>\n\n\t\t\t\t<\/div>\n\t\t\t\t<\/article>\n\t\t\t\t<article class=\"elementor-post elementor-grid-item post-8499 post type-post status-publish format-standard has-post-thumbnail hentry category-ev-technology tag-commercial-ev-charging tag-fleet-electrification tag-megawatt-charging-system tag-satellite-ev-charger tag-truck-fast-charging\" role=\"listitem\">\n\t\t\t\t<a class=\"elementor-post__thumbnail__link\" href=\"https:\/\/www.iocharger.com\/it\/why-mcs-satellite-ev-chargers-are-key-to-europes-logistics-decarbonization\/\" tabindex=\"-1\" >\n\t\t\t<div class=\"elementor-post__thumbnail\"><img loading=\"lazy\" decoding=\"async\" width=\"750\" height=\"600\" src=\"https:\/\/www.iocharger.com\/wp-content\/uploads\/2025\/11\/MCS-Satellite-EV-Chargers.webp\" class=\"attachment-full size-full wp-image-8500\" alt=\"Caricabatterie MCS-Satellite-EV\" srcset=\"https:\/\/www.iocharger.com\/wp-content\/uploads\/2025\/11\/MCS-Satellite-EV-Chargers.webp 750w, https:\/\/www.iocharger.com\/wp-content\/uploads\/2025\/11\/MCS-Satellite-EV-Chargers-300x240.webp 300w, https:\/\/www.iocharger.com\/wp-content\/uploads\/2025\/11\/MCS-Satellite-EV-Chargers-285x228.webp 285w, https:\/\/www.iocharger.com\/wp-content\/uploads\/2025\/11\/MCS-Satellite-EV-Chargers-660x528.webp 660w, https:\/\/www.iocharger.com\/wp-content\/uploads\/2025\/11\/MCS-Satellite-EV-Chargers-150x120.webp 150w\" sizes=\"(max-width: 750px) 100vw, 750px\" \/><\/div>\n\t\t<\/a>\n\t\t\t\t<div class=\"elementor-post__text\">\n\t\t\t\t<h3 class=\"elementor-post__title\">\n\t\t\t<a href=\"https:\/\/www.iocharger.com\/it\/why-mcs-satellite-ev-chargers-are-key-to-europes-logistics-decarbonization\/\" >\n\t\t\t\tPerch\u00e9 i caricatori satellitari per veicoli elettrici MCS sono fondamentali per la decarbonizzazione della logistica in Europa\t\t\t<\/a>\n\t\t<\/h3>\n\t\t\t\t<div class=\"elementor-post__meta-data\">\n\t\t\t\t\t<span class=\"elementor-post-date\">\n\t\t\t11 settembre 2025\t\t<\/span>\n\t\t\t\t<\/div>\n\t\t\t\t<div class=\"elementor-post__excerpt\">\n\t\t\t<p>Il settore logistico europeo sta passando a un futuro elettrico. Gli operatori delle flotte devono affrontare una sfida cruciale: come alimentare<\/p>\n\t\t<\/div>\n\t\t\n\t\t<a class=\"elementor-post__read-more\" href=\"https:\/\/www.iocharger.com\/it\/why-mcs-satellite-ev-chargers-are-key-to-europes-logistics-decarbonization\/\" aria-label=\"Leggi tutto Why MCS Satellite EV Chargers are Key to Europe&#8217;s Logistics Decarbonization\" tabindex=\"-1\" >\n\t\t\tContinua a leggere \u00bb\t\t<\/a>\n\n\t\t\t\t<\/div>\n\t\t\t\t<\/article>\n\t\t\t\t<article class=\"elementor-post elementor-grid-item post-8488 post type-post status-publish format-standard has-post-thumbnail hentry category-ev-technology tag-ev-charging-power-management tag-manage-multiple-ev-chargers tag-optimize-your-sites-power-capacity tag-scalable-ev-charging-solution\" role=\"listitem\">\n\t\t\t\t<a class=\"elementor-post__thumbnail__link\" href=\"https:\/\/www.iocharger.com\/it\/ev-charging-operators-how-to-optimize-your-sites-power-capacity\/\" tabindex=\"-1\" >\n\t\t\t<div class=\"elementor-post__thumbnail\"><img loading=\"lazy\" decoding=\"async\" width=\"750\" height=\"600\" src=\"https:\/\/www.iocharger.com\/wp-content\/uploads\/2025\/11\/Optimize-Your-Sites-Power-Capacity.webp\" class=\"attachment-full size-full wp-image-8489\" alt=\"Ottimizza la potenza dei tuoi siti\" srcset=\"https:\/\/www.iocharger.com\/wp-content\/uploads\/2025\/11\/Optimize-Your-Sites-Power-Capacity.webp 750w, https:\/\/www.iocharger.com\/wp-content\/uploads\/2025\/11\/Optimize-Your-Sites-Power-Capacity-300x240.webp 300w, https:\/\/www.iocharger.com\/wp-content\/uploads\/2025\/11\/Optimize-Your-Sites-Power-Capacity-285x228.webp 285w, https:\/\/www.iocharger.com\/wp-content\/uploads\/2025\/11\/Optimize-Your-Sites-Power-Capacity-660x528.webp 660w, https:\/\/www.iocharger.com\/wp-content\/uploads\/2025\/11\/Optimize-Your-Sites-Power-Capacity-150x120.webp 150w\" sizes=\"(max-width: 750px) 100vw, 750px\" \/><\/div>\n\t\t<\/a>\n\t\t\t\t<div class=\"elementor-post__text\">\n\t\t\t\t<h3 class=\"elementor-post__title\">\n\t\t\t<a href=\"https:\/\/www.iocharger.com\/it\/ev-charging-operators-how-to-optimize-your-sites-power-capacity\/\" >\n\t\t\t\tOperatori di ricarica per veicoli elettrici: come ottimizzare la capacit\u00e0 energetica del vostro sito\t\t\t<\/a>\n\t\t<\/h3>\n\t\t\t\t<div class=\"elementor-post__meta-data\">\n\t\t\t\t\t<span class=\"elementor-post-date\">\n\t\t\t29 agosto 2025\t\t<\/span>\n\t\t\t\t<\/div>\n\t\t\t\t<div class=\"elementor-post__excerpt\">\n\t\t\t<p>Con la crescente diffusione dei veicoli elettrici (EV), sempre pi\u00f9 stazioni di ricarica si trovano ad affrontare una sfida cruciale: l'alimentazione elettrica \u00e8 sufficiente?<\/p>\n\t\t<\/div>\n\t\t\n\t\t<a class=\"elementor-post__read-more\" href=\"https:\/\/www.iocharger.com\/it\/ev-charging-operators-how-to-optimize-your-sites-power-capacity\/\" aria-label=\"Leggi tutto EV Charging Operators: How to Optimize Your Site\u2019s Power Capacity\" tabindex=\"-1\" >\n\t\t\tContinua a leggere \u00bb\t\t<\/a>\n\n\t\t\t\t<\/div>\n\t\t\t\t<\/article>\n\t\t\t\t<article class=\"elementor-post elementor-grid-item post-8481 post type-post status-publish format-standard has-post-thumbnail hentry category-ev-technology tag-dynamic-ev-charging tag-dynamic-load-balancing tag-dynamic-load-management-dlm\" role=\"listitem\">\n\t\t\t\t<a class=\"elementor-post__thumbnail__link\" href=\"https:\/\/www.iocharger.com\/it\/dynamic-ev-charging-a-win-win-revolution\/\" tabindex=\"-1\" >\n\t\t\t<div class=\"elementor-post__thumbnail\"><img loading=\"lazy\" decoding=\"async\" width=\"750\" height=\"600\" src=\"https:\/\/www.iocharger.com\/wp-content\/uploads\/2025\/11\/Dynamic-EV-Charging.webp\" class=\"attachment-full size-full wp-image-8483\" alt=\"Ricarica dinamica dei veicoli elettrici\" srcset=\"https:\/\/www.iocharger.com\/wp-content\/uploads\/2025\/11\/Dynamic-EV-Charging.webp 750w, https:\/\/www.iocharger.com\/wp-content\/uploads\/2025\/11\/Dynamic-EV-Charging-300x240.webp 300w, https:\/\/www.iocharger.com\/wp-content\/uploads\/2025\/11\/Dynamic-EV-Charging-285x228.webp 285w, https:\/\/www.iocharger.com\/wp-content\/uploads\/2025\/11\/Dynamic-EV-Charging-660x528.webp 660w, https:\/\/www.iocharger.com\/wp-content\/uploads\/2025\/11\/Dynamic-EV-Charging-150x120.webp 150w\" sizes=\"(max-width: 750px) 100vw, 750px\" \/><\/div>\n\t\t<\/a>\n\t\t\t\t<div class=\"elementor-post__text\">\n\t\t\t\t<h3 class=\"elementor-post__title\">\n\t\t\t<a href=\"https:\/\/www.iocharger.com\/it\/dynamic-ev-charging-a-win-win-revolution\/\" >\n\t\t\t\tRicarica dinamica dei veicoli elettrici: una rivoluzione vantaggiosa sia per gli operatori che per i conducenti\t\t\t<\/a>\n\t\t<\/h3>\n\t\t\t\t<div class=\"elementor-post__meta-data\">\n\t\t\t\t\t<span class=\"elementor-post-date\">\n\t\t\t20 agosto 2025\t\t<\/span>\n\t\t\t\t<\/div>\n\t\t\t\t<div class=\"elementor-post__excerpt\">\n\t\t\t<p>Con l'accelerazione della transizione globale verso i veicoli elettrici, la domanda di infrastrutture di ricarica pi\u00f9 intelligenti ed efficienti non \u00e8 mai stata cos\u00ec alta.<\/p>\n\t\t<\/div>\n\t\t\n\t\t<a class=\"elementor-post__read-more\" href=\"https:\/\/www.iocharger.com\/it\/dynamic-ev-charging-a-win-win-revolution\/\" aria-label=\"Leggi tutto Dynamic EV Charging: A Win-Win Revolution for Operators and Drivers\" tabindex=\"-1\" >\n\t\t\tContinua a leggere \u00bb\t\t<\/a>\n\n\t\t\t\t<\/div>\n\t\t\t\t<\/article>\n\t\t\t\t<\/div>\n\t\t\n\t\t\t\t<div class=\"e-load-more-anchor\" data-page=\"1\" data-max-page=\"11\" data-next-page=\"https:\/\/www.iocharger.com\/wp-json\/wp\/v2\/pages\/3377\/page\/2\/\"><\/div>\n\t\t\t\t<nav class=\"elementor-pagination\" aria-label=\"Paginazione\">\n\t\t\t<span aria-current=\"page\" class=\"page-numbers current\"><span class=\"elementor-screen-only\">Pagina<\/span>1<\/span>\n<a class=\"page-numbers\" href=\"https:\/\/www.iocharger.com\/wp-json\/wp\/v2\/pages\/3377\/page\/2\/\"><span class=\"elementor-screen-only\">Pagina<\/span>2<\/a>\n<a class=\"page-numbers\" href=\"https:\/\/www.iocharger.com\/wp-json\/wp\/v2\/pages\/3377\/page\/3\/\"><span class=\"elementor-screen-only\">Pagina<\/span>3<\/a>\n<a class=\"page-numbers\" href=\"https:\/\/www.iocharger.com\/wp-json\/wp\/v2\/pages\/3377\/page\/4\/\"><span class=\"elementor-screen-only\">Pagina<\/span>4<\/a>\n<a class=\"page-numbers\" href=\"https:\/\/www.iocharger.com\/wp-json\/wp\/v2\/pages\/3377\/page\/5\/\"><span class=\"elementor-screen-only\">Pagina<\/span>5<\/a>\t\t<\/nav>\n\t\t\t\t\t\t<\/div>\n\t\t\t\t<\/div>\n\t\t\t\t\t<\/div>\n\t\t<\/div>\n\t\t\t\t\t<\/div>\n\t\t<\/section>\n\t\t\t\t<section class=\"elementor-section elementor-top-section elementor-element elementor-element-3297353 elementor-section-boxed elementor-section-height-default elementor-section-height-default\" data-id=\"3297353\" data-element_type=\"section\">\n\t\t\t\t\t\t<div class=\"elementor-container elementor-column-gap-default\">\n\t\t\t\t\t<div class=\"elementor-column elementor-col-100 elementor-top-column elementor-element elementor-element-6710930\" data-id=\"6710930\" data-element_type=\"column\">\n\t\t\t<div class=\"elementor-widget-wrap\">\n\t\t\t\t\t\t\t<\/div>\n\t\t<\/div>\n\t\t\t\t\t<\/div>\n\t\t<\/section>\n\t\t\t\t<\/div>","protected":false},"excerpt":{"rendered":"<p>Categories &nbsp; Business Management EV Technology EV Charger EV &amp; Energy<\/p>","protected":false},"author":1,"featured_media":0,"parent":0,"menu_order":0,"comment_status":"closed","ping_status":"closed","template":"elementor_header_footer","meta":{"_acf_changed":false,"footnotes":""},"class_list":["post-3377","page","type-page","status-publish","hentry"],"acf":[],"_links":{"self":[{"href":"https:\/\/www.iocharger.com\/it\/wp-json\/wp\/v2\/pages\/3377","targetHints":{"allow":["GET"]}}],"collection":[{"href":"https:\/\/www.iocharger.com\/it\/wp-json\/wp\/v2\/pages"}],"about":[{"href":"https:\/\/www.iocharger.com\/it\/wp-json\/wp\/v2\/types\/page"}],"author":[{"embeddable":true,"href":"https:\/\/www.iocharger.com\/it\/wp-json\/wp\/v2\/users\/1"}],"replies":[{"embeddable":true,"href":"https:\/\/www.iocharger.com\/it\/wp-json\/wp\/v2\/comments?post=3377"}],"version-history":[{"count":1,"href":"https:\/\/www.iocharger.com\/it\/wp-json\/wp\/v2\/pages\/3377\/revisions"}],"predecessor-version":[{"id":9738,"href":"https:\/\/www.iocharger.com\/it\/wp-json\/wp\/v2\/pages\/3377\/revisions\/9738"}],"wp:attachment":[{"href":"https:\/\/www.iocharger.com\/it\/wp-json\/wp\/v2\/media?parent=3377"}],"curies":[{"name":"wp","href":"https:\/\/api.w.org\/{rel}","templated":true}]}}